{"id":20287,"date":"2024-03-01T16:54:46","date_gmt":"2024-03-01T15:54:46","guid":{"rendered":"https:\/\/u15jnbdpoq.preview.infomaniak.website\/produit\/25-botes-de-palomitas-1380-ml\/"},"modified":"2026-04-03T02:14:53","modified_gmt":"2026-04-03T00:14:53","slug":"25-botes-de-palomitas-1380-ml","status":"publish","type":"product","link":"https:\/\/www.csj-emballages.com\/es\/produit\/25-botes-de-palomitas-1380-ml\/","title":{"rendered":"Cono de cart\u00f3n para patatas fritas con salsera 165 x 195 mm por 50"},"content":{"rendered":"<h2>Corneta frita<\/h2>\n<div style=\"box-sizing: inherit; font-family: Roboto, sans-serif;\">\n<div style=\"box-sizing: inherit; font-family: Roboto, sans-serif;\">\n<div style=\"box-sizing: inherit; font-family: Roboto, sans-serif;\">\n<div style=\"box-sizing: inherit; font-family: Roboto, sans-serif;\">\n<div style=\"box-sizing: inherit; font-family: Roboto, sans-serif;\">\n<div style=\"box-sizing: inherit; font-family: Roboto, sans-serif;\">\n<hr>\n<h3>Descripci\u00f3n de nuestro cucurucho de cart\u00f3n frito con salsa 165 x 195 mm por 50<\/h3>\n<p><!--more--><\/p>\n<p data-start=\"232\" data-end=\"689\">Este <strong>cono de<\/strong> <strong>cart\u00f3n<\/strong> <strong>para patatas fritas<\/strong> lo tiene todo: sencillo, ingenioso y dise\u00f1ado para que servirlas sea a\u00fan m\u00e1s agradable. Con su formato <strong>de 165 x 195 mm<\/strong>, hay espacio de sobra para una buena <strong>raci\u00f3n de patatas f<\/strong>ritas, sin que rebosen ni se ablanden demasiado r\u00e1pido. Pero lo que realmente marca la diferencia es el <strong data-start=\"556\" data-end=\"594\">compartimento integrado para la salsa<\/strong>. Ya no es necesario utilizar una olla aparte ni hacer peligrosos equilibrios: todo est\u00e1 al alcance de la mano.   <\/p>\n<p data-start=\"691\" data-end=\"1093\">Gracias a su <strong>cart\u00f3n r\u00edgido<\/strong> <strong>de color kraft<\/strong>, la <strong>corneta<\/strong> se mantiene en su sitio, incluso cuando est\u00e1 llena. No se calienta entre los dedos, es c\u00f3modo de sujetar y a\u00f1ade un toque natural y moderno a su servicio. Tanto si sirve patatas fritas en un food-truck, en un mercado, en un snack-bar o en eventos, este recipiente aporta un verdadero toque profesional sin dejar de ser muy pr\u00e1ctico.  <\/p>\n<p data-start=\"1095\" data-end=\"1440\">Y el hecho de que sea desechable pero resistente permite servirlo de forma r\u00e1pida y limpia. A los clientes les encanta poder disfrutar de sus patatas fritas con una sola mano, mientras tienen la salsa directamente integrada. As\u00ed se evitan manchas, salsas derramadas y manipulaciones innecesarias. Es un peque\u00f1o detalle, pero realmente cambia la experiencia.   <\/p>\n<p data-start=\"1442\" data-end=\"1658\">Se venden <strong data-start=\"1448\" data-end=\"1465\">en paquetes de 50<\/strong> unidades y le permiten ofrecer un servicio fluido sin sobrecargar sus existencias. Ideales para proveedores de servicios m\u00f3viles, restauradores estacionales o para probar un nuevo formato sin limitaciones. <\/p>\n<p data-start=\"1660\" data-end=\"1790\">En resumen, <strong>este cono para pat<\/strong> atas fritas no es s\u00f3lo un envase: es una soluci\u00f3n inteligente, limpia y f\u00e1cil de usar para servir patatas fritas con estilo.<\/p>\n<p data-start=\"1660\" data-end=\"1790\">\n<\/div>\n<\/div>\n<p data-start=\"1660\" data-end=\"1790\"><!--more--><\/p>\n<div style=\"box-sizing: inherit; font-family: Roboto, sans-serif;\">\n<div style=\"box-sizing: inherit; font-family: Roboto, sans-serif;\">\n<p><strong>Ventajas :<\/strong><\/p>\n<ul>\n<li data-start=\"1818\" data-end=\"1861\">Pr\u00e1ctico <strong>compartimento<\/strong> integrado <strong>para salsas<\/strong>.<\/li>\n<li data-start=\"1864\" data-end=\"1909\"><strong>Cart\u00f3n kraft<\/strong> r\u00edgido, c\u00f3modo de sujetar.<\/li>\n<li data-start=\"1912\" data-end=\"1954\">Tama\u00f1o ideal para una raci\u00f3n generosa.<\/li>\n<li data-start=\"1957\" data-end=\"1985\">Dise\u00f1o natural y moderno.<\/li>\n<li data-start=\"1988\" data-end=\"2031\"><strong>Lote de 50<\/strong> perfecto para servicio regular.<\/li>\n<\/ul>\n<p>&nbsp;<\/p>\n<p><!--more--><\/p>\n<\/div>\n<h4>Informaci\u00f3n adicional :<\/h4>\n<ul>\n<li><strong>Envase<\/strong>: Paquete de 50<\/li>\n<li><strong>Dimensiones<\/strong>: 165 x 195 mm<\/li>\n<li><strong>Material<\/strong>: Cart\u00f3n<\/li>\n<\/ul>\n<div style=\"box-sizing: inherit; font-family: Roboto, sans-serif;\">\n<p>&nbsp;<\/p>\n<\/div>\n<\/div>\n<\/div>\n<\/div>\n<\/div>\n<\/div>\n<p><!--more--><\/p>\n<p>Tambi\u00e9n disponible en un tama\u00f1o m\u00e1s grande: <span style=\"color: #d12727;\"><br \/>\n  <a style=\"color: #d12727;\" href=\"https:\/\/www.csj-emballages.com\/produit\/50-cornets-en-carton-avec-emplacement-sauce-205-x-265-mm\/\">CORN2<\/a><br \/>\n<\/span><\/p>\n<p>&nbsp;<\/p>\n<p><!--more--><\/p>\n<p><a href=\"https:\/\/www.csj-emballages.com\/es\/categorie-produit\/envasado-de-alimentos\/catering-es\/cajas-bandejas-bolsas-conos\/conos-y-ollas-de-pasta-envoltura-maiz\/\">Ver el resto de nuestra gama de conos y ollas para pasta\/envolver\/ma\u00edz<\/a><\/p>\n","protected":false},"excerpt":{"rendered":"<p>Corneta frita Descripci\u00f3n de nuestro cucurucho de cart\u00f3n frito con salsa 165 x 195 mm por 50<\/p>\n","protected":false},"featured_media":256660,"template":"","meta":{"_acf_changed":false},"product_brand":[],"product_cat":[1150,1179,3878,2429,1479],"product_tag":[],"class_list":{"0":"post-20287","1":"product","2":"type-product","3":"status-publish","4":"has-post-thumbnail","6":"product_cat-envasado-de-alimentos","7":"product_cat-catering-es","8":"product_cat-cajas-bandejas-bolsas-conos","9":"product_cat-conos-y-ollas-de-pasta-envoltura-maiz","10":"product_cat-conos-para-freir","12":"first","13":"instock","14":"taxable","15":"shipping-taxable","16":"purchasable","17":"product-type-simple"},"acf":[],"yoast_head":"<!-- This site is optimized with the Yoast SEO Premium plugin v26.6 (Yoast SEO v26.6) - https:\/\/yoast.com\/wordpress\/plugins\/seo\/ -->\n<title>Cucuruchos de patatas fritas con salsa Espacios 165 x 195 mm<\/title>\n<meta name=\"description\" content=\"\u00a1Patatas fritas de cart\u00f3n con salsa! Dimensiones: \u00a1165 x 195 mm! Te ofrecemos un pack de 50 conos para tus patatas fritas, churros, etc...\" \/>\n<meta name=\"robots\" content=\"index, follow, max-snippet:-1, max-image-preview:large, max-video-preview:-1\" \/>\n<link rel=\"canonical\" href=\"https:\/\/www.csj-emballages.com\/es\/produit\/25-botes-de-palomitas-1380-ml\/\" \/>\n<meta property=\"og:locale\" content=\"es_ES\" \/>\n<meta property=\"og:type\" content=\"article\" \/>\n<meta property=\"og:title\" content=\"Cono de cart\u00f3n para patatas fritas con salsera 165 x 195 mm por 50\" \/>\n<meta property=\"og:description\" content=\"\u00a1Patatas fritas de cart\u00f3n con salsa! Dimensiones: \u00a1165 x 195 mm! Te ofrecemos un pack de 50 conos para tus patatas fritas, churros, etc...\" \/>\n<meta property=\"og:url\" content=\"https:\/\/www.csj-emballages.com\/es\/produit\/25-botes-de-palomitas-1380-ml\/\" \/>\n<meta property=\"og:site_name\" content=\"CSJ Emballages\" \/>\n<meta property=\"article:publisher\" content=\"https:\/\/www.facebook.com\/csjemballages\" \/>\n<meta property=\"article:modified_time\" content=\"2026-04-03T00:14:53+00:00\" \/>\n<meta property=\"og:image\" content=\"https:\/\/www.csj-emballages.com\/wp-content\/uploads\/2024\/03\/CORN1.webp\" \/>\n\t<meta property=\"og:image:width\" content=\"800\" \/>\n\t<meta property=\"og:image:height\" content=\"800\" \/>\n\t<meta property=\"og:image:type\" content=\"image\/webp\" \/>\n<meta name=\"twitter:card\" content=\"summary_large_image\" \/>\n<meta name=\"twitter:label1\" content=\"Tiempo de lectura\" \/>\n\t<meta name=\"twitter:data1\" content=\"2 minutos\" \/>\n<script type=\"application\/ld+json\" class=\"yoast-schema-graph\">{\"@context\":\"https:\/\/schema.org\",\"@graph\":[{\"@type\":\"WebPage\",\"@id\":\"https:\/\/www.csj-emballages.com\/es\/produit\/25-botes-de-palomitas-1380-ml\/\",\"url\":\"https:\/\/www.csj-emballages.com\/es\/produit\/25-botes-de-palomitas-1380-ml\/\",\"name\":\"Cucuruchos de patatas fritas con salsa Espacios 165 x 195 mm\",\"isPartOf\":{\"@id\":\"https:\/\/www.csj-emballages.com\/es\/#website\"},\"primaryImageOfPage\":{\"@id\":\"https:\/\/www.csj-emballages.com\/es\/produit\/25-botes-de-palomitas-1380-ml\/#primaryimage\"},\"image\":{\"@id\":\"https:\/\/www.csj-emballages.com\/es\/produit\/25-botes-de-palomitas-1380-ml\/#primaryimage\"},\"thumbnailUrl\":\"https:\/\/www.csj-emballages.com\/wp-content\/uploads\/2024\/03\/CORN1.webp\",\"datePublished\":\"2024-03-01T15:54:46+00:00\",\"dateModified\":\"2026-04-03T00:14:53+00:00\",\"description\":\"\u00a1Patatas fritas de cart\u00f3n con salsa! Dimensiones: \u00a1165 x 195 mm! Te ofrecemos un pack de 50 conos para tus patatas fritas, churros, etc...\",\"breadcrumb\":{\"@id\":\"https:\/\/www.csj-emballages.com\/es\/produit\/25-botes-de-palomitas-1380-ml\/#breadcrumb\"},\"inLanguage\":\"es\",\"potentialAction\":[{\"@type\":\"ReadAction\",\"target\":[\"https:\/\/www.csj-emballages.com\/es\/produit\/25-botes-de-palomitas-1380-ml\/\"]}]},{\"@type\":\"ImageObject\",\"inLanguage\":\"es\",\"@id\":\"https:\/\/www.csj-emballages.com\/es\/produit\/25-botes-de-palomitas-1380-ml\/#primaryimage\",\"url\":\"https:\/\/www.csj-emballages.com\/wp-content\/uploads\/2024\/03\/CORN1.webp\",\"contentUrl\":\"https:\/\/www.csj-emballages.com\/wp-content\/uploads\/2024\/03\/CORN1.webp\",\"width\":800,\"height\":800,\"caption\":\"Cornet Frite\"},{\"@type\":\"BreadcrumbList\",\"@id\":\"https:\/\/www.csj-emballages.com\/es\/produit\/25-botes-de-palomitas-1380-ml\/#breadcrumb\",\"itemListElement\":[{\"@type\":\"ListItem\",\"position\":1,\"name\":\"Accueil\",\"item\":\"https:\/\/www.csj-emballages.com\/es\/universo-del-envasado-alimentario\/\"},{\"@type\":\"ListItem\",\"position\":2,\"name\":\"Tienda\",\"item\":\"https:\/\/www.csj-emballages.com\/tienda\/\"},{\"@type\":\"ListItem\",\"position\":3,\"name\":\"Cono de cart\u00f3n para patatas fritas con salsera 165 x 195 mm por 50\"}]},{\"@type\":\"WebSite\",\"@id\":\"https:\/\/www.csj-emballages.com\/es\/#website\",\"url\":\"https:\/\/www.csj-emballages.com\/es\/\",\"name\":\"CSJ Emballages\",\"description\":\"\",\"publisher\":{\"@id\":\"https:\/\/www.csj-emballages.com\/es\/#organization\"},\"potentialAction\":[{\"@type\":\"SearchAction\",\"target\":{\"@type\":\"EntryPoint\",\"urlTemplate\":\"https:\/\/www.csj-emballages.com\/es\/?s={search_term_string}\"},\"query-input\":{\"@type\":\"PropertyValueSpecification\",\"valueRequired\":true,\"valueName\":\"search_term_string\"}}],\"inLanguage\":\"es\"},{\"@type\":\"Organization\",\"@id\":\"https:\/\/www.csj-emballages.com\/es\/#Organization\/\",\"name\":\"CSJ Emballages\",\"url\":\"https:\/\/www.csj-emballages.com\/es\/\",\"logo\":{\"@type\":\"ImageObject\",\"inLanguage\":\"es\",\"@id\":\"https:\/\/www.csj-emballages.com\/es\/#\/schema\/logo\/image\/\",\"url\":\"https:\/\/www.csj-emballages.com\/wp-content\/uploads\/2023\/10\/logo_csj.webp\",\"contentUrl\":\"https:\/\/www.csj-emballages.com\/wp-content\/uploads\/2023\/10\/logo_csj.webp\",\"width\":250,\"height\":95,\"caption\":\"CSJ Emballages\"},\"image\":{\"@id\":\"https:\/\/www.csj-emballages.com\/es\/#\/schema\/logo\/image\/\"},\"sameAs\":[\"https:\/\/www.facebook.com\/csjemballages\"],\"address\":{\"@type\":\"PostalAddress\",\"streetAddress\":\"ZI La Lechere\",\"addressLocality\":\"Patornay\",\"postalCode\":\"39130\",\"addressCountry\":\"FR\"},\"contactPoint\":[{\"@type\":\"ContactPoint\",\"contactType\":\"Service client\",\"telephone\":\"0384254272\",\"email\":\"contact@csj-emballages.com\"}]}]}<\/script>\n<!-- \/ Yoast SEO Premium plugin. -->","yoast_head_json":{"title":"Cucuruchos de patatas fritas con salsa Espacios 165 x 195 mm","description":"\u00a1Patatas fritas de cart\u00f3n con salsa! Dimensiones: \u00a1165 x 195 mm! Te ofrecemos un pack de 50 conos para tus patatas fritas, churros, etc...","robots":{"index":"index","follow":"follow","max-snippet":"max-snippet:-1","max-image-preview":"max-image-preview:large","max-video-preview":"max-video-preview:-1"},"canonical":"https:\/\/www.csj-emballages.com\/es\/produit\/25-botes-de-palomitas-1380-ml\/","og_locale":"es_ES","og_type":"article","og_title":"Cono de cart\u00f3n para patatas fritas con salsera 165 x 195 mm por 50","og_description":"\u00a1Patatas fritas de cart\u00f3n con salsa! Dimensiones: \u00a1165 x 195 mm! Te ofrecemos un pack de 50 conos para tus patatas fritas, churros, etc...","og_url":"https:\/\/www.csj-emballages.com\/es\/produit\/25-botes-de-palomitas-1380-ml\/","og_site_name":"CSJ Emballages","article_publisher":"https:\/\/www.facebook.com\/csjemballages","article_modified_time":"2026-04-03T00:14:53+00:00","og_image":[{"width":800,"height":800,"url":"https:\/\/www.csj-emballages.com\/wp-content\/uploads\/2024\/03\/CORN1.webp","type":"image\/webp"}],"twitter_card":"summary_large_image","twitter_misc":{"Tiempo de lectura":"2 minutos"},"schema":{"@context":"https:\/\/schema.org","@graph":[{"@type":"WebPage","@id":"https:\/\/www.csj-emballages.com\/es\/produit\/25-botes-de-palomitas-1380-ml\/","url":"https:\/\/www.csj-emballages.com\/es\/produit\/25-botes-de-palomitas-1380-ml\/","name":"Cucuruchos de patatas fritas con salsa Espacios 165 x 195 mm","isPartOf":{"@id":"https:\/\/www.csj-emballages.com\/es\/#website"},"primaryImageOfPage":{"@id":"https:\/\/www.csj-emballages.com\/es\/produit\/25-botes-de-palomitas-1380-ml\/#primaryimage"},"image":{"@id":"https:\/\/www.csj-emballages.com\/es\/produit\/25-botes-de-palomitas-1380-ml\/#primaryimage"},"thumbnailUrl":"https:\/\/www.csj-emballages.com\/wp-content\/uploads\/2024\/03\/CORN1.webp","datePublished":"2024-03-01T15:54:46+00:00","dateModified":"2026-04-03T00:14:53+00:00","description":"\u00a1Patatas fritas de cart\u00f3n con salsa! Dimensiones: \u00a1165 x 195 mm! Te ofrecemos un pack de 50 conos para tus patatas fritas, churros, etc...","breadcrumb":{"@id":"https:\/\/www.csj-emballages.com\/es\/produit\/25-botes-de-palomitas-1380-ml\/#breadcrumb"},"inLanguage":"es","potentialAction":[{"@type":"ReadAction","target":["https:\/\/www.csj-emballages.com\/es\/produit\/25-botes-de-palomitas-1380-ml\/"]}]},{"@type":"ImageObject","inLanguage":"es","@id":"https:\/\/www.csj-emballages.com\/es\/produit\/25-botes-de-palomitas-1380-ml\/#primaryimage","url":"https:\/\/www.csj-emballages.com\/wp-content\/uploads\/2024\/03\/CORN1.webp","contentUrl":"https:\/\/www.csj-emballages.com\/wp-content\/uploads\/2024\/03\/CORN1.webp","width":800,"height":800,"caption":"Cornet Frite"},{"@type":"BreadcrumbList","@id":"https:\/\/www.csj-emballages.com\/es\/produit\/25-botes-de-palomitas-1380-ml\/#breadcrumb","itemListElement":[{"@type":"ListItem","position":1,"name":"Accueil","item":"https:\/\/www.csj-emballages.com\/es\/universo-del-envasado-alimentario\/"},{"@type":"ListItem","position":2,"name":"Tienda","item":"https:\/\/www.csj-emballages.com\/tienda\/"},{"@type":"ListItem","position":3,"name":"Cono de cart\u00f3n para patatas fritas con salsera 165 x 195 mm por 50"}]},{"@type":"WebSite","@id":"https:\/\/www.csj-emballages.com\/es\/#website","url":"https:\/\/www.csj-emballages.com\/es\/","name":"CSJ Emballages","description":"","publisher":{"@id":"https:\/\/www.csj-emballages.com\/es\/#organization"},"potentialAction":[{"@type":"SearchAction","target":{"@type":"EntryPoint","urlTemplate":"https:\/\/www.csj-emballages.com\/es\/?s={search_term_string}"},"query-input":{"@type":"PropertyValueSpecification","valueRequired":true,"valueName":"search_term_string"}}],"inLanguage":"es"},{"@type":"Organization","@id":"https:\/\/www.csj-emballages.com\/es\/#Organization\/","name":"CSJ Emballages","url":"https:\/\/www.csj-emballages.com\/es\/","logo":{"@type":"ImageObject","inLanguage":"es","@id":"https:\/\/www.csj-emballages.com\/es\/#\/schema\/logo\/image\/","url":"https:\/\/www.csj-emballages.com\/wp-content\/uploads\/2023\/10\/logo_csj.webp","contentUrl":"https:\/\/www.csj-emballages.com\/wp-content\/uploads\/2023\/10\/logo_csj.webp","width":250,"height":95,"caption":"CSJ Emballages"},"image":{"@id":"https:\/\/www.csj-emballages.com\/es\/#\/schema\/logo\/image\/"},"sameAs":["https:\/\/www.facebook.com\/csjemballages"],"address":{"@type":"PostalAddress","streetAddress":"ZI La Lechere","addressLocality":"Patornay","postalCode":"39130","addressCountry":"FR"},"contactPoint":[{"@type":"ContactPoint","contactType":"Service client","telephone":"0384254272","email":"contact@csj-emballages.com"}]}]}},"df_price":3.16,"df_sale_price":"","df_regular_price":3.16,"df_image_link":"https:\/\/www.csj-emballages.com\/wp-content\/uploads\/2024\/03\/CORN1-300x300.webp","tiered_pricing_type":"fixed","tiered_pricing_fixed_rules":[],"tiered_pricing_percentage_rules":[],"tiered_pricing_minimum":1,"tiered_pricing_roles_data":[],"_links":{"self":[{"href":"https:\/\/www.csj-emballages.com\/es\/wp-json\/wp\/v2\/product\/20287","targetHints":{"allow":["GET"]}}],"collection":[{"href":"https:\/\/www.csj-emballages.com\/es\/wp-json\/wp\/v2\/product"}],"about":[{"href":"https:\/\/www.csj-emballages.com\/es\/wp-json\/wp\/v2\/types\/product"}],"wp:featuredmedia":[{"embeddable":true,"href":"https:\/\/www.csj-emballages.com\/es\/wp-json\/wp\/v2\/media\/256660"}],"wp:attachment":[{"href":"https:\/\/www.csj-emballages.com\/es\/wp-json\/wp\/v2\/media?parent=20287"}],"wp:term":[{"taxonomy":"product_brand","embeddable":true,"href":"https:\/\/www.csj-emballages.com\/es\/wp-json\/wp\/v2\/product_brand?post=20287"},{"taxonomy":"product_cat","embeddable":true,"href":"https:\/\/www.csj-emballages.com\/es\/wp-json\/wp\/v2\/product_cat?post=20287"},{"taxonomy":"product_tag","embeddable":true,"href":"https:\/\/www.csj-emballages.com\/es\/wp-json\/wp\/v2\/product_tag?post=20287"}],"curies":[{"name":"wp","href":"https:\/\/api.w.org\/{rel}","templated":true}]}}