{"id":20278,"date":"2024-03-01T16:54:47","date_gmt":"2024-03-01T15:54:47","guid":{"rendered":"https:\/\/u15jnbdpoq.preview.infomaniak.website\/produit\/50-tapas-para-bandejas-de-comida-de-5-compartimentos\/"},"modified":"2026-05-07T02:13:51","modified_gmt":"2026-05-07T00:13:51","slug":"50-tapas-para-bandejas-de-comida-de-5-compartimentos","status":"publish","type":"product","link":"https:\/\/www.csj-emballages.com\/es\/produit\/50-tapas-para-bandejas-de-comida-de-5-compartimentos\/","title":{"rendered":"Tapa para bandeja de comida &#8216;PL5C&#8217;, 50 uds."},"content":{"rendered":"<h2>Tapa para bandeja de comida \u00abPL5C<\/h2>\n<hr>\n<h3>Descripci\u00f3n de nuestra funda para bandeja de comida \u00abPL5C\u00bb por 50<\/h3>\n<p><!--more--><\/p>\n<p data-start=\"213\" data-end=\"706\">La <strong data-start=\"216\" data-end=\"262\">tapa para bandejas de comida &#8216;PL5C&#8217; por 50<\/strong> es imprescindible para todos los profesionales de la restauraci\u00f3n y la comida para llevar. Dise\u00f1ada para adaptarse perfectamente a las bandejas de comida compatibles, proporciona un <strong data-start=\"439\" data-end=\"463\">cierre herm\u00e9tico<\/strong> y protege eficazmente sus alimentos durante el transporte. Tanto si es usted <strong data-start=\"542\" data-end=\"554\">hostelero<\/strong> como <strong data-start=\"556\" data-end=\"572\">propietario de un restaurante<\/strong> o responsable de una cafeter\u00eda, esta tapa le garantiza una <strong data-start=\"644\" data-end=\"679\">soluci\u00f3n pr\u00e1ctica e higi\u00e9nica<\/strong> para sus men\u00fas completos.  <\/p>\n<p data-start=\"708\" data-end=\"1085\">Gracias a su dise\u00f1o resistente y transparente, esta <strong data-start=\"758\" data-end=\"781\">tapa de pl\u00e1stico<\/strong> realza sus platos a la vez que los mantiene bien protegidos. Evita derrames, conserva el calor durante m\u00e1s tiempo y garantiza una presentaci\u00f3n impecable para sus clientes. As\u00ed, cada comida se sirve en condiciones \u00f3ptimas, sin riesgo de derrames ni mezclas entre los compartimentos de la bandeja.  <\/p>\n<p data-start=\"1087\" data-end=\"1445\">Envasada en paquetes de <strong>50 unidades<\/strong>, la <strong data-start=\"1123\" data-end=\"1141\">tapa PL5C<\/strong> es una soluci\u00f3n econ\u00f3mica y eficaz para servicios de catering, comidas de empresa y eventos con gran n\u00famero de invitados. Es r\u00e1pida y f\u00e1cil de usar, lo que la convierte en una gran aliada para los equipos de cocina que buscan <strong data-start=\"1412\" data-end=\"1442\">ahorrar tiempo y ser fiables<\/strong> al mismo tiempo. <\/p>\n<p data-start=\"1447\" data-end=\"1678\">Al elegir esta tapa, est\u00e1 optando por un producto <strong data-start=\"1503\" data-end=\"1515\">pr\u00e1ctico<\/strong> y <strong data-start=\"1517\" data-end=\"1529\">seguro<\/strong>, dise\u00f1ado para el uso diario de profesionales exigentes. Con ella, sus comidas conservar\u00e1n toda su calidad, desde la preparaci\u00f3n hasta la degustaci\u00f3n. <\/p>\n<p data-start=\"1447\" data-end=\"1678\">\n<p data-start=\"1447\" data-end=\"1678\"><!--more--><\/p>\n<p data-start=\"1447\" data-end=\"1678\"><strong><span style=\"color: #ff0000;\">*Esta tapa se vende por separado de su bandeja (ver enlace m\u00e1s abajo).<\/span><\/strong><\/p>\n<p>&nbsp;<\/p>\n<p><!--more--><\/p>\n<h4>Ventajas :<\/h4>\n<ul>\n<li><strong data-start=\"1705\" data-end=\"1729\">Cierre herm\u00e9tico<\/strong>: garantiza la seguridad de los platos durante el transporte.<\/li>\n<li><strong data-start=\"1789\" data-end=\"1805\">Transparencia<\/strong>: pone de relieve sus preparativos.<\/li>\n<li><strong data-start=\"1844\" data-end=\"1858\">Resistente<\/strong>: protege sus comidas sin deformarse.<\/li>\n<li><strong data-start=\"1901\" data-end=\"1914\">Pr\u00e1ctico<\/strong>: f\u00e1cil de poner y quitar.<\/li>\n<li><strong data-start=\"1950\" data-end=\"1976\">En paquetes de 50<\/strong> unidades: ideal para uso profesional.<\/li>\n<\/ul>\n<p>&nbsp;<\/p>\n<p><!--more--><\/p>\n<h4>Informaci\u00f3n adicional :<\/h4>\n<ul>\n<li><strong>Envase<\/strong>: Paquete de 50<\/li>\n<li><strong>Dimensiones<\/strong>: 290 x 224 x 50 mm<\/li>\n<li><strong>N\u00famero de compartimentos <\/strong>: 5<\/li>\n<li><strong>Color<\/strong>: Cristal<\/li>\n<li><strong>Material<\/strong>: PET (polietileno)<\/li>\n<li><strong>Temperatura de funcionamiento<\/strong>: -40\u00b0C \/ +60\u00b0C<\/li>\n<\/ul>\n<p>&nbsp;<\/p>\n<p><!--more--><\/p>\n<p>Encuentre aqu\u00ed la bandeja compatible con esta tapa: <span style=\"color: #d12727;\"><a style=\"color: #d12727;\" href=\"https:\/\/www.csj-emballages.com\/es\/produit\/50-bandejas-de-5-compartimentos-para-llevar\/\">PL5C<\/a><\/span><\/p>\n<p>&nbsp;<\/p>\n<p><!--more--><\/p>\n<p><a href=\"https:\/\/www.csj-emballages.com\/es\/categorie-produit\/envasado-de-alimentos\/carniceria-y-charcuteria\/bandejas\/bandejas-de-comida\/bandejas-de-plastico-para-comida\/bandejas-pr290b\/\">Ver el resto de nuestra gama de bandejas de comida<\/a><\/p>\n","protected":false},"excerpt":{"rendered":"<p>Tapa para bandeja de comida \u00abPL5C Descripci\u00f3n de nuestra funda para bandeja de comida \u00abPL5C\u00bb por 50<\/p>\n","protected":false},"featured_media":241303,"template":"","meta":{"_acf_changed":false},"product_brand":[],"product_cat":[1150,1143,1288,1293,1298,6993,1179,1302,1305,1310],"product_tag":[],"class_list":{"0":"post-20278","1":"product","2":"type-product","3":"status-publish","4":"has-post-thumbnail","6":"product_cat-envasado-de-alimentos","7":"product_cat-carniceria-y-charcuteria","8":"product_cat-bandejas","9":"product_cat-bandejas-de-comida","10":"product_cat-bandejas-de-plastico-para-comida","11":"product_cat-bandejas-pr290b","12":"product_cat-catering-es","13":"product_cat-bandejas-es","14":"product_cat-bandejas-de-comida-desechables","15":"product_cat-bandejas-de-plastico-para-comida-es","17":"first","18":"instock","19":"taxable","20":"shipping-taxable","21":"purchasable","22":"product-type-simple"},"acf":[],"yoast_head":"<!-- This site is optimized with the Yoast SEO Premium plugin v26.6 (Yoast SEO v26.6) - https:\/\/yoast.com\/wordpress\/plugins\/seo\/ -->\n<title>Tapa para bandeja de comida &#039;PL5C&#039; 50 uds.<\/title>\n<meta name=\"description\" content=\"Tapa para bandejas de comida &quot;PL5C&quot;, paquete de 50: pr\u00e1ctica, resistente y transparente para proteger sus platos durante el transporte y el almacenamiento.\" \/>\n<meta name=\"robots\" content=\"index, follow, max-snippet:-1, max-image-preview:large, max-video-preview:-1\" \/>\n<link rel=\"canonical\" href=\"https:\/\/www.csj-emballages.com\/es\/produit\/50-tapas-para-bandejas-de-comida-de-5-compartimentos\/\" \/>\n<meta property=\"og:locale\" content=\"es_ES\" \/>\n<meta property=\"og:type\" content=\"article\" \/>\n<meta property=\"og:title\" content=\"Tapa para bandeja de comida &#039;PL5C&#039;, 50 uds.\" \/>\n<meta property=\"og:description\" content=\"Tapa para bandejas de comida &quot;PL5C&quot;, paquete de 50: pr\u00e1ctica, resistente y transparente para proteger sus platos durante el transporte y el almacenamiento.\" \/>\n<meta property=\"og:url\" content=\"https:\/\/www.csj-emballages.com\/es\/produit\/50-tapas-para-bandejas-de-comida-de-5-compartimentos\/\" \/>\n<meta property=\"og:site_name\" content=\"CSJ Emballages\" \/>\n<meta property=\"article:publisher\" content=\"https:\/\/www.facebook.com\/csjemballages\" \/>\n<meta property=\"article:modified_time\" content=\"2026-05-07T00:13:51+00:00\" \/>\n<meta property=\"og:image\" content=\"https:\/\/www.csj-emballages.com\/wp-content\/uploads\/2024\/03\/COPL5C.webp\" \/>\n\t<meta property=\"og:image:width\" content=\"800\" \/>\n\t<meta property=\"og:image:height\" content=\"800\" \/>\n\t<meta property=\"og:image:type\" content=\"image\/webp\" \/>\n<meta name=\"twitter:card\" content=\"summary_large_image\" \/>\n<meta name=\"twitter:label1\" content=\"Tiempo de lectura\" \/>\n\t<meta name=\"twitter:data1\" content=\"2 minutos\" \/>\n<script type=\"application\/ld+json\" class=\"yoast-schema-graph\">{\"@context\":\"https:\/\/schema.org\",\"@graph\":[{\"@type\":\"WebPage\",\"@id\":\"https:\/\/www.csj-emballages.com\/es\/produit\/50-tapas-para-bandejas-de-comida-de-5-compartimentos\/\",\"url\":\"https:\/\/www.csj-emballages.com\/es\/produit\/50-tapas-para-bandejas-de-comida-de-5-compartimentos\/\",\"name\":\"Tapa para bandeja de comida 'PL5C' 50 uds.\",\"isPartOf\":{\"@id\":\"https:\/\/www.csj-emballages.com\/es\/#website\"},\"primaryImageOfPage\":{\"@id\":\"https:\/\/www.csj-emballages.com\/es\/produit\/50-tapas-para-bandejas-de-comida-de-5-compartimentos\/#primaryimage\"},\"image\":{\"@id\":\"https:\/\/www.csj-emballages.com\/es\/produit\/50-tapas-para-bandejas-de-comida-de-5-compartimentos\/#primaryimage\"},\"thumbnailUrl\":\"https:\/\/www.csj-emballages.com\/wp-content\/uploads\/2024\/03\/COPL5C.webp\",\"datePublished\":\"2024-03-01T15:54:47+00:00\",\"dateModified\":\"2026-05-07T00:13:51+00:00\",\"description\":\"Tapa para bandejas de comida \\\"PL5C\\\", paquete de 50: pr\u00e1ctica, resistente y transparente para proteger sus platos durante el transporte y el almacenamiento.\",\"breadcrumb\":{\"@id\":\"https:\/\/www.csj-emballages.com\/es\/produit\/50-tapas-para-bandejas-de-comida-de-5-compartimentos\/#breadcrumb\"},\"inLanguage\":\"es\",\"potentialAction\":[{\"@type\":\"ReadAction\",\"target\":[\"https:\/\/www.csj-emballages.com\/es\/produit\/50-tapas-para-bandejas-de-comida-de-5-compartimentos\/\"]}]},{\"@type\":\"ImageObject\",\"inLanguage\":\"es\",\"@id\":\"https:\/\/www.csj-emballages.com\/es\/produit\/50-tapas-para-bandejas-de-comida-de-5-compartimentos\/#primaryimage\",\"url\":\"https:\/\/www.csj-emballages.com\/wp-content\/uploads\/2024\/03\/COPL5C.webp\",\"contentUrl\":\"https:\/\/www.csj-emballages.com\/wp-content\/uploads\/2024\/03\/COPL5C.webp\",\"width\":800,\"height\":800,\"caption\":\"Couvercle pour plateau repas\"},{\"@type\":\"BreadcrumbList\",\"@id\":\"https:\/\/www.csj-emballages.com\/es\/produit\/50-tapas-para-bandejas-de-comida-de-5-compartimentos\/#breadcrumb\",\"itemListElement\":[{\"@type\":\"ListItem\",\"position\":1,\"name\":\"Accueil\",\"item\":\"https:\/\/www.csj-emballages.com\/es\/universo-del-envasado-alimentario\/\"},{\"@type\":\"ListItem\",\"position\":2,\"name\":\"Tienda\",\"item\":\"https:\/\/www.csj-emballages.com\/tienda\/\"},{\"@type\":\"ListItem\",\"position\":3,\"name\":\"Tapa para bandeja de comida &lsquo;PL5C&rsquo;, 50 uds.\"}]},{\"@type\":\"WebSite\",\"@id\":\"https:\/\/www.csj-emballages.com\/es\/#website\",\"url\":\"https:\/\/www.csj-emballages.com\/es\/\",\"name\":\"CSJ Emballages\",\"description\":\"\",\"publisher\":{\"@id\":\"https:\/\/www.csj-emballages.com\/es\/#organization\"},\"potentialAction\":[{\"@type\":\"SearchAction\",\"target\":{\"@type\":\"EntryPoint\",\"urlTemplate\":\"https:\/\/www.csj-emballages.com\/es\/?s={search_term_string}\"},\"query-input\":{\"@type\":\"PropertyValueSpecification\",\"valueRequired\":true,\"valueName\":\"search_term_string\"}}],\"inLanguage\":\"es\"},{\"@type\":\"Organization\",\"@id\":\"https:\/\/www.csj-emballages.com\/es\/#Organization\/\",\"name\":\"CSJ Emballages\",\"url\":\"https:\/\/www.csj-emballages.com\/es\/\",\"logo\":{\"@type\":\"ImageObject\",\"inLanguage\":\"es\",\"@id\":\"https:\/\/www.csj-emballages.com\/es\/#\/schema\/logo\/image\/\",\"url\":\"https:\/\/www.csj-emballages.com\/wp-content\/uploads\/2023\/10\/logo_csj.webp\",\"contentUrl\":\"https:\/\/www.csj-emballages.com\/wp-content\/uploads\/2023\/10\/logo_csj.webp\",\"width\":250,\"height\":95,\"caption\":\"CSJ Emballages\"},\"image\":{\"@id\":\"https:\/\/www.csj-emballages.com\/es\/#\/schema\/logo\/image\/\"},\"sameAs\":[\"https:\/\/www.facebook.com\/csjemballages\"],\"address\":{\"@type\":\"PostalAddress\",\"streetAddress\":\"ZI La Lechere\",\"addressLocality\":\"Patornay\",\"postalCode\":\"39130\",\"addressCountry\":\"FR\"},\"contactPoint\":[{\"@type\":\"ContactPoint\",\"contactType\":\"Service client\",\"telephone\":\"0384254272\",\"email\":\"contact@csj-emballages.com\"}]}]}<\/script>\n<!-- \/ Yoast SEO Premium plugin. -->","yoast_head_json":{"title":"Tapa para bandeja de comida 'PL5C' 50 uds.","description":"Tapa para bandejas de comida \"PL5C\", paquete de 50: pr\u00e1ctica, resistente y transparente para proteger sus platos durante el transporte y el almacenamiento.","robots":{"index":"index","follow":"follow","max-snippet":"max-snippet:-1","max-image-preview":"max-image-preview:large","max-video-preview":"max-video-preview:-1"},"canonical":"https:\/\/www.csj-emballages.com\/es\/produit\/50-tapas-para-bandejas-de-comida-de-5-compartimentos\/","og_locale":"es_ES","og_type":"article","og_title":"Tapa para bandeja de comida 'PL5C', 50 uds.","og_description":"Tapa para bandejas de comida \"PL5C\", paquete de 50: pr\u00e1ctica, resistente y transparente para proteger sus platos durante el transporte y el almacenamiento.","og_url":"https:\/\/www.csj-emballages.com\/es\/produit\/50-tapas-para-bandejas-de-comida-de-5-compartimentos\/","og_site_name":"CSJ Emballages","article_publisher":"https:\/\/www.facebook.com\/csjemballages","article_modified_time":"2026-05-07T00:13:51+00:00","og_image":[{"width":800,"height":800,"url":"https:\/\/www.csj-emballages.com\/wp-content\/uploads\/2024\/03\/COPL5C.webp","type":"image\/webp"}],"twitter_card":"summary_large_image","twitter_misc":{"Tiempo de lectura":"2 minutos"},"schema":{"@context":"https:\/\/schema.org","@graph":[{"@type":"WebPage","@id":"https:\/\/www.csj-emballages.com\/es\/produit\/50-tapas-para-bandejas-de-comida-de-5-compartimentos\/","url":"https:\/\/www.csj-emballages.com\/es\/produit\/50-tapas-para-bandejas-de-comida-de-5-compartimentos\/","name":"Tapa para bandeja de comida 'PL5C' 50 uds.","isPartOf":{"@id":"https:\/\/www.csj-emballages.com\/es\/#website"},"primaryImageOfPage":{"@id":"https:\/\/www.csj-emballages.com\/es\/produit\/50-tapas-para-bandejas-de-comida-de-5-compartimentos\/#primaryimage"},"image":{"@id":"https:\/\/www.csj-emballages.com\/es\/produit\/50-tapas-para-bandejas-de-comida-de-5-compartimentos\/#primaryimage"},"thumbnailUrl":"https:\/\/www.csj-emballages.com\/wp-content\/uploads\/2024\/03\/COPL5C.webp","datePublished":"2024-03-01T15:54:47+00:00","dateModified":"2026-05-07T00:13:51+00:00","description":"Tapa para bandejas de comida \"PL5C\", paquete de 50: pr\u00e1ctica, resistente y transparente para proteger sus platos durante el transporte y el almacenamiento.","breadcrumb":{"@id":"https:\/\/www.csj-emballages.com\/es\/produit\/50-tapas-para-bandejas-de-comida-de-5-compartimentos\/#breadcrumb"},"inLanguage":"es","potentialAction":[{"@type":"ReadAction","target":["https:\/\/www.csj-emballages.com\/es\/produit\/50-tapas-para-bandejas-de-comida-de-5-compartimentos\/"]}]},{"@type":"ImageObject","inLanguage":"es","@id":"https:\/\/www.csj-emballages.com\/es\/produit\/50-tapas-para-bandejas-de-comida-de-5-compartimentos\/#primaryimage","url":"https:\/\/www.csj-emballages.com\/wp-content\/uploads\/2024\/03\/COPL5C.webp","contentUrl":"https:\/\/www.csj-emballages.com\/wp-content\/uploads\/2024\/03\/COPL5C.webp","width":800,"height":800,"caption":"Couvercle pour plateau repas"},{"@type":"BreadcrumbList","@id":"https:\/\/www.csj-emballages.com\/es\/produit\/50-tapas-para-bandejas-de-comida-de-5-compartimentos\/#breadcrumb","itemListElement":[{"@type":"ListItem","position":1,"name":"Accueil","item":"https:\/\/www.csj-emballages.com\/es\/universo-del-envasado-alimentario\/"},{"@type":"ListItem","position":2,"name":"Tienda","item":"https:\/\/www.csj-emballages.com\/tienda\/"},{"@type":"ListItem","position":3,"name":"Tapa para bandeja de comida &lsquo;PL5C&rsquo;, 50 uds."}]},{"@type":"WebSite","@id":"https:\/\/www.csj-emballages.com\/es\/#website","url":"https:\/\/www.csj-emballages.com\/es\/","name":"CSJ Emballages","description":"","publisher":{"@id":"https:\/\/www.csj-emballages.com\/es\/#organization"},"potentialAction":[{"@type":"SearchAction","target":{"@type":"EntryPoint","urlTemplate":"https:\/\/www.csj-emballages.com\/es\/?s={search_term_string}"},"query-input":{"@type":"PropertyValueSpecification","valueRequired":true,"valueName":"search_term_string"}}],"inLanguage":"es"},{"@type":"Organization","@id":"https:\/\/www.csj-emballages.com\/es\/#Organization\/","name":"CSJ Emballages","url":"https:\/\/www.csj-emballages.com\/es\/","logo":{"@type":"ImageObject","inLanguage":"es","@id":"https:\/\/www.csj-emballages.com\/es\/#\/schema\/logo\/image\/","url":"https:\/\/www.csj-emballages.com\/wp-content\/uploads\/2023\/10\/logo_csj.webp","contentUrl":"https:\/\/www.csj-emballages.com\/wp-content\/uploads\/2023\/10\/logo_csj.webp","width":250,"height":95,"caption":"CSJ Emballages"},"image":{"@id":"https:\/\/www.csj-emballages.com\/es\/#\/schema\/logo\/image\/"},"sameAs":["https:\/\/www.facebook.com\/csjemballages"],"address":{"@type":"PostalAddress","streetAddress":"ZI La Lechere","addressLocality":"Patornay","postalCode":"39130","addressCountry":"FR"},"contactPoint":[{"@type":"ContactPoint","contactType":"Service client","telephone":"0384254272","email":"contact@csj-emballages.com"}]}]}},"df_price":17.86,"df_sale_price":"","df_regular_price":17.86,"df_image_link":"https:\/\/www.csj-emballages.com\/wp-content\/uploads\/2024\/03\/COPL5C-300x300.webp","tiered_pricing_type":"fixed","tiered_pricing_fixed_rules":[],"tiered_pricing_percentage_rules":[],"tiered_pricing_minimum":1,"tiered_pricing_roles_data":[],"_links":{"self":[{"href":"https:\/\/www.csj-emballages.com\/es\/wp-json\/wp\/v2\/product\/20278","targetHints":{"allow":["GET"]}}],"collection":[{"href":"https:\/\/www.csj-emballages.com\/es\/wp-json\/wp\/v2\/product"}],"about":[{"href":"https:\/\/www.csj-emballages.com\/es\/wp-json\/wp\/v2\/types\/product"}],"wp:featuredmedia":[{"embeddable":true,"href":"https:\/\/www.csj-emballages.com\/es\/wp-json\/wp\/v2\/media\/241303"}],"wp:attachment":[{"href":"https:\/\/www.csj-emballages.com\/es\/wp-json\/wp\/v2\/media?parent=20278"}],"wp:term":[{"taxonomy":"product_brand","embeddable":true,"href":"https:\/\/www.csj-emballages.com\/es\/wp-json\/wp\/v2\/product_brand?post=20278"},{"taxonomy":"product_cat","embeddable":true,"href":"https:\/\/www.csj-emballages.com\/es\/wp-json\/wp\/v2\/product_cat?post=20278"},{"taxonomy":"product_tag","embeddable":true,"href":"https:\/\/www.csj-emballages.com\/es\/wp-json\/wp\/v2\/product_tag?post=20278"}],"curies":[{"name":"wp","href":"https:\/\/api.w.org\/{rel}","templated":true}]}}