{"id":20276,"date":"2024-03-01T16:54:45","date_gmt":"2024-03-01T15:54:45","guid":{"rendered":"https:\/\/u15jnbdpoq.preview.infomaniak.website\/produit\/25-tapas-para-bandejas-de-lujo-de-5-compartimentos-pl5cluxen-para-comida-para-llevar\/"},"modified":"2026-04-24T02:13:22","modified_gmt":"2026-04-24T00:13:22","slug":"25-tapas-para-bandejas-de-lujo-de-5-compartimentos-pl5cluxen-para-comida-para-llevar","status":"publish","type":"product","link":"https:\/\/www.csj-emballages.com\/es\/produit\/25-tapas-para-bandejas-de-lujo-de-5-compartimentos-pl5cluxen-para-comida-para-llevar\/","title":{"rendered":"Tapa para bandeja de comida \u00abPL5CLUXEN\u00bb, 25 unidades"},"content":{"rendered":"<h2>Tapa para bandeja de comida<\/h2>\n<hr>\n<h3>Descripci\u00f3n de nuestra funda para bandeja de comida \u00abPL5CLUXEN\u00bb, 25 unidades<\/h3>\n<p><!--more--><\/p>\n<p data-start=\"273\" data-end=\"606\">La <strong data-start=\"276\" data-end=\"320\">tapa para bandejas de comida \u00abPL5CLUXEN<\/strong> \u00bb est\u00e1 especialmente dise\u00f1ada para satisfacer las necesidades de los profesionales de la restauraci\u00f3n, la comida para llevar y el catering. Esta <strong>tapa de pl\u00e1stico<\/strong> transparente <strong>(OPS<\/strong> ) se adapta perfectamente a la bandeja de comida <span style=\"color: #d12727;\"><a style=\"color: #d12727;\" href=\"https:\/\/www.csj-emballages.com\/produit\/25-plateaux-repas-a-emporter-5-compartiments-luxe\/\"><strong data-start=\"537\" data-end=\"550\">PL5CLUXEN<\/strong><\/a><\/span>proporcionando un cierre herm\u00e9tico y seguro. <\/p>\n<p data-start=\"608\" data-end=\"1005\">Gracias a su <strong data-start=\"619\" data-end=\"631\">robustez<\/strong> y ajuste preciso, garantiza un excelente <strong data-start=\"687\" data-end=\"701\">sellado<\/strong> durante el transporte, por lo que sus alimentos se mantienen frescos, tanto calientes como fr\u00edos. Adem\u00e1s de proteger eficazmente sus alimentos, la <strong>tapa<\/strong> ofrece <strong data-start=\"861\" data-end=\"888\">una presentaci\u00f3n impecable<\/strong>: su transparencia resalta sus preparaciones y tranquiliza a sus clientes sobre la frescura y calidad del contenido. <\/p>\n<p data-start=\"1007\" data-end=\"1313\">Este paquete de <strong data-start=\"1017\" data-end=\"1034\">25 tapas<\/strong> est\u00e1 dise\u00f1ado para facilitar a los profesionales la organizaci\u00f3n de su trabajo, sin dejar de ser pr\u00e1ctico para los consumidores que desean preparar comidas caseras con antelaci\u00f3n. Su dise\u00f1o resistente evita deformaciones y garantiza un uso fiable, incluso en condiciones de transporte intensivo. <\/p>\n<p data-start=\"1315\" data-end=\"1611\">Tanto si es hostelero, restaurador u organizador de eventos, esta tapa es esencial para mantener la higiene, frescura y calidad de sus platos hasta que est\u00e9n listos para comer. Combinada con la bandeja de comida adecuada, podr\u00e1 ofrecer un servicio pr\u00e1ctico, limpio y atractivo. <\/p>\n<p data-start=\"1613\" data-end=\"1832\">En resumen, esta <strong data-start=\"1627\" data-end=\"1671\">tapa para \u00abPL5CLUXEN<\/strong> \u00bb no es s\u00f3lo un accesorio, sino un verdadero activo para su negocio, que combina practicidad, seguridad alimentaria y valor a\u00f1adido para sus preparaciones.<\/p>\n<p data-start=\"1613\" data-end=\"1832\">\n<p data-start=\"1613\" data-end=\"1832\">\n<p data-start=\"1704\" data-end=\"1889\"><!--more--><\/p>\n<p data-start=\"1704\" data-end=\"1889\"><strong><span style=\"color: #ff0000;\">*Esta tapa se vende por separado de su bandeja (ver enlace m\u00e1s abajo).<\/span><\/strong><\/p>\n<p data-start=\"1704\" data-end=\"1889\">\n<p data-start=\"1704\" data-end=\"1889\"><!--more--><\/p>\n<h4>Ventajas :<\/h4>\n<ul>\n<li>Sellado herm\u00e9ticamente para evitar fugas y proteger los alimentos.<\/li>\n<li>Transparencia para destacar sus preparativos.<\/li>\n<li>Resistente y robusto, apto para el transporte.<\/li>\n<li>Pr\u00e1ctico paquete de 25 piezas para uso profesional o privado.<\/li>\n<li>Compatible con la bandeja de comida PL5CLUXEN.<\/li>\n<\/ul>\n<p>&nbsp;<\/p>\n<p><!--more--><\/p>\n<h4>Informaci\u00f3n adicional :<\/h4>\n<ul>\n<li><strong>Envase<\/strong>: Paquete de 25<\/li>\n<li><strong>Dimensiones<\/strong>: 329 x 265 x 50 mm<\/li>\n<li><strong>Color<\/strong>: Cristal<\/li>\n<li><strong>Material<\/strong>: OPS (Pl\u00e1stico)<\/li>\n<li><strong>Temperatura de funcionamiento<\/strong>: -5\u00b0C \/ +80\u00b0C<\/li>\n<\/ul>\n<p>&nbsp;<\/p>\n<p><!--more--><\/p>\n<p>Encuentre aqu\u00ed la bandeja compatible con esta tapa: <span style=\"color: #d12727;\"><a style=\"color: #d12727;\" href=\"https:\/\/www.csj-emballages.com\/produit\/25-plateaux-repas-a-emporter-5-compartiments-luxe\/\">PL5CLUXEN<\/a><\/span><\/p>\n<p>&nbsp;<\/p>\n<p><!--more--><\/p>\n<p><a href=\"https:\/\/www.csj-emballages.com\/es\/categorie-produit\/envasado-de-alimentos\/carniceria-y-charcuteria\/bandejas\/bandejas-de-comida\/bandejas-de-plastico-para-comida\/bandejas-de-lujo\/\">Ver el resto de nuestra gama de bandejas \u00abLuxury<\/a><\/p>\n<p>&nbsp;<\/p>\n<h2><span style=\"text-decoration-line: underline; font-size: 16px;\">Caracter\u00edsticas de las tapas para bandejas de comida desechables<\/span><\/h2>\n<p>&nbsp;<\/p>\n<ul>\n<li>Vendido a particulares \/ profesionales<\/li>\n<li>Dimensiones: 329 x 266 x 50 (L x A x A en mm)<\/li>\n<li>Envase: paquetes de 25 tapas para bandejas de comida.<\/li>\n<li>Envasado en pel\u00edcula protectora para un mejor almacenamiento y protecci\u00f3n.<\/li>\n<li>Material: pl\u00e1stico<\/li>\n<\/ul>\n<p>&nbsp;<\/p>\n<h2>Elige fundas para bandejas de comida<\/h2>\n","protected":false},"excerpt":{"rendered":"<p>Tapa para bandeja de comida Descripci\u00f3n de nuestra funda para bandeja de comida \u00abPL5CLUXEN\u00bb, 25 unidades<\/p>\n","protected":false},"featured_media":241287,"template":"","meta":{"_acf_changed":false},"product_brand":[],"product_cat":[1150,1143,1288,1293,1298,7227,1179,1302,1305,1310],"product_tag":[],"class_list":{"0":"post-20276","1":"product","2":"type-product","3":"status-publish","4":"has-post-thumbnail","6":"product_cat-envasado-de-alimentos","7":"product_cat-carniceria-y-charcuteria","8":"product_cat-bandejas","9":"product_cat-bandejas-de-comida","10":"product_cat-bandejas-de-plastico-para-comida","11":"product_cat-bandejas-de-lujo","12":"product_cat-catering-es","13":"product_cat-bandejas-es","14":"product_cat-bandejas-de-comida-desechables","15":"product_cat-bandejas-de-plastico-para-comida-es","17":"first","18":"instock","19":"taxable","20":"shipping-taxable","21":"purchasable","22":"product-type-simple"},"acf":[],"yoast_head":"<!-- This site is optimized with the Yoast SEO Premium plugin v26.6 (Yoast SEO v26.6) - https:\/\/yoast.com\/wordpress\/plugins\/seo\/ -->\n<title>Tapa para bandeja de comida &quot;PL5CLUXEN&quot;, 25 piezas<\/title>\n<meta name=\"description\" content=\"Tapa para bandeja de comida PL5CLUXEN, paquete de 25: pr\u00e1ctica, resistente y transparente para proteger sus platos y garantizar un transporte seguro.\" \/>\n<meta name=\"robots\" content=\"index, follow, max-snippet:-1, max-image-preview:large, max-video-preview:-1\" \/>\n<link rel=\"canonical\" href=\"https:\/\/www.csj-emballages.com\/es\/produit\/25-tapas-para-bandejas-de-lujo-de-5-compartimentos-pl5cluxen-para-comida-para-llevar\/\" \/>\n<meta property=\"og:locale\" content=\"es_ES\" \/>\n<meta property=\"og:type\" content=\"article\" \/>\n<meta property=\"og:title\" content=\"Tapa para bandeja de comida &quot;PL5CLUXEN&quot;, 25 unidades\" \/>\n<meta property=\"og:description\" content=\"Tapa para bandeja de comida PL5CLUXEN, paquete de 25: pr\u00e1ctica, resistente y transparente para proteger sus platos y garantizar un transporte seguro.\" \/>\n<meta property=\"og:url\" content=\"https:\/\/www.csj-emballages.com\/es\/produit\/25-tapas-para-bandejas-de-lujo-de-5-compartimentos-pl5cluxen-para-comida-para-llevar\/\" \/>\n<meta property=\"og:site_name\" content=\"CSJ Emballages\" \/>\n<meta property=\"article:publisher\" content=\"https:\/\/www.facebook.com\/csjemballages\" \/>\n<meta property=\"article:modified_time\" content=\"2026-04-24T00:13:22+00:00\" \/>\n<meta property=\"og:image\" content=\"https:\/\/www.csj-emballages.com\/wp-content\/uploads\/2024\/03\/COPL5CLUXEN.webp\" \/>\n\t<meta property=\"og:image:width\" content=\"800\" \/>\n\t<meta property=\"og:image:height\" content=\"800\" \/>\n\t<meta property=\"og:image:type\" content=\"image\/webp\" \/>\n<meta name=\"twitter:card\" content=\"summary_large_image\" \/>\n<meta name=\"twitter:label1\" content=\"Tiempo de lectura\" \/>\n\t<meta name=\"twitter:data1\" content=\"2 minutos\" \/>\n<script type=\"application\/ld+json\" class=\"yoast-schema-graph\">{\"@context\":\"https:\/\/schema.org\",\"@graph\":[{\"@type\":\"WebPage\",\"@id\":\"https:\/\/www.csj-emballages.com\/es\/produit\/25-tapas-para-bandejas-de-lujo-de-5-compartimentos-pl5cluxen-para-comida-para-llevar\/\",\"url\":\"https:\/\/www.csj-emballages.com\/es\/produit\/25-tapas-para-bandejas-de-lujo-de-5-compartimentos-pl5cluxen-para-comida-para-llevar\/\",\"name\":\"Tapa para bandeja de comida \\\"PL5CLUXEN\\\", 25 piezas\",\"isPartOf\":{\"@id\":\"https:\/\/www.csj-emballages.com\/es\/#website\"},\"primaryImageOfPage\":{\"@id\":\"https:\/\/www.csj-emballages.com\/es\/produit\/25-tapas-para-bandejas-de-lujo-de-5-compartimentos-pl5cluxen-para-comida-para-llevar\/#primaryimage\"},\"image\":{\"@id\":\"https:\/\/www.csj-emballages.com\/es\/produit\/25-tapas-para-bandejas-de-lujo-de-5-compartimentos-pl5cluxen-para-comida-para-llevar\/#primaryimage\"},\"thumbnailUrl\":\"https:\/\/www.csj-emballages.com\/wp-content\/uploads\/2024\/03\/COPL5CLUXEN.webp\",\"datePublished\":\"2024-03-01T15:54:45+00:00\",\"dateModified\":\"2026-04-24T00:13:22+00:00\",\"description\":\"Tapa para bandeja de comida PL5CLUXEN, paquete de 25: pr\u00e1ctica, resistente y transparente para proteger sus platos y garantizar un transporte seguro.\",\"breadcrumb\":{\"@id\":\"https:\/\/www.csj-emballages.com\/es\/produit\/25-tapas-para-bandejas-de-lujo-de-5-compartimentos-pl5cluxen-para-comida-para-llevar\/#breadcrumb\"},\"inLanguage\":\"es\",\"potentialAction\":[{\"@type\":\"ReadAction\",\"target\":[\"https:\/\/www.csj-emballages.com\/es\/produit\/25-tapas-para-bandejas-de-lujo-de-5-compartimentos-pl5cluxen-para-comida-para-llevar\/\"]}]},{\"@type\":\"ImageObject\",\"inLanguage\":\"es\",\"@id\":\"https:\/\/www.csj-emballages.com\/es\/produit\/25-tapas-para-bandejas-de-lujo-de-5-compartimentos-pl5cluxen-para-comida-para-llevar\/#primaryimage\",\"url\":\"https:\/\/www.csj-emballages.com\/wp-content\/uploads\/2024\/03\/COPL5CLUXEN.webp\",\"contentUrl\":\"https:\/\/www.csj-emballages.com\/wp-content\/uploads\/2024\/03\/COPL5CLUXEN.webp\",\"width\":800,\"height\":800,\"caption\":\"Couvercle pour plateau repas\"},{\"@type\":\"BreadcrumbList\",\"@id\":\"https:\/\/www.csj-emballages.com\/es\/produit\/25-tapas-para-bandejas-de-lujo-de-5-compartimentos-pl5cluxen-para-comida-para-llevar\/#breadcrumb\",\"itemListElement\":[{\"@type\":\"ListItem\",\"position\":1,\"name\":\"Accueil\",\"item\":\"https:\/\/www.csj-emballages.com\/es\/universo-del-envasado-alimentario\/\"},{\"@type\":\"ListItem\",\"position\":2,\"name\":\"Tienda\",\"item\":\"https:\/\/www.csj-emballages.com\/tienda\/\"},{\"@type\":\"ListItem\",\"position\":3,\"name\":\"Tapa para bandeja de comida \u00ab\u00a0PL5CLUXEN\u00a0\u00bb, 25 unidades\"}]},{\"@type\":\"WebSite\",\"@id\":\"https:\/\/www.csj-emballages.com\/es\/#website\",\"url\":\"https:\/\/www.csj-emballages.com\/es\/\",\"name\":\"CSJ Emballages\",\"description\":\"\",\"publisher\":{\"@id\":\"https:\/\/www.csj-emballages.com\/es\/#organization\"},\"potentialAction\":[{\"@type\":\"SearchAction\",\"target\":{\"@type\":\"EntryPoint\",\"urlTemplate\":\"https:\/\/www.csj-emballages.com\/es\/?s={search_term_string}\"},\"query-input\":{\"@type\":\"PropertyValueSpecification\",\"valueRequired\":true,\"valueName\":\"search_term_string\"}}],\"inLanguage\":\"es\"},{\"@type\":\"Organization\",\"@id\":\"https:\/\/www.csj-emballages.com\/es\/#Organization\/\",\"name\":\"CSJ Emballages\",\"url\":\"https:\/\/www.csj-emballages.com\/es\/\",\"logo\":{\"@type\":\"ImageObject\",\"inLanguage\":\"es\",\"@id\":\"https:\/\/www.csj-emballages.com\/es\/#\/schema\/logo\/image\/\",\"url\":\"https:\/\/www.csj-emballages.com\/wp-content\/uploads\/2023\/10\/logo_csj.webp\",\"contentUrl\":\"https:\/\/www.csj-emballages.com\/wp-content\/uploads\/2023\/10\/logo_csj.webp\",\"width\":250,\"height\":95,\"caption\":\"CSJ Emballages\"},\"image\":{\"@id\":\"https:\/\/www.csj-emballages.com\/es\/#\/schema\/logo\/image\/\"},\"sameAs\":[\"https:\/\/www.facebook.com\/csjemballages\"],\"address\":{\"@type\":\"PostalAddress\",\"streetAddress\":\"ZI La Lechere\",\"addressLocality\":\"Patornay\",\"postalCode\":\"39130\",\"addressCountry\":\"FR\"},\"contactPoint\":[{\"@type\":\"ContactPoint\",\"contactType\":\"Service client\",\"telephone\":\"0384254272\",\"email\":\"contact@csj-emballages.com\"}]}]}<\/script>\n<!-- \/ Yoast SEO Premium plugin. -->","yoast_head_json":{"title":"Tapa para bandeja de comida \"PL5CLUXEN\", 25 piezas","description":"Tapa para bandeja de comida PL5CLUXEN, paquete de 25: pr\u00e1ctica, resistente y transparente para proteger sus platos y garantizar un transporte seguro.","robots":{"index":"index","follow":"follow","max-snippet":"max-snippet:-1","max-image-preview":"max-image-preview:large","max-video-preview":"max-video-preview:-1"},"canonical":"https:\/\/www.csj-emballages.com\/es\/produit\/25-tapas-para-bandejas-de-lujo-de-5-compartimentos-pl5cluxen-para-comida-para-llevar\/","og_locale":"es_ES","og_type":"article","og_title":"Tapa para bandeja de comida \"PL5CLUXEN\", 25 unidades","og_description":"Tapa para bandeja de comida PL5CLUXEN, paquete de 25: pr\u00e1ctica, resistente y transparente para proteger sus platos y garantizar un transporte seguro.","og_url":"https:\/\/www.csj-emballages.com\/es\/produit\/25-tapas-para-bandejas-de-lujo-de-5-compartimentos-pl5cluxen-para-comida-para-llevar\/","og_site_name":"CSJ Emballages","article_publisher":"https:\/\/www.facebook.com\/csjemballages","article_modified_time":"2026-04-24T00:13:22+00:00","og_image":[{"width":800,"height":800,"url":"https:\/\/www.csj-emballages.com\/wp-content\/uploads\/2024\/03\/COPL5CLUXEN.webp","type":"image\/webp"}],"twitter_card":"summary_large_image","twitter_misc":{"Tiempo de lectura":"2 minutos"},"schema":{"@context":"https:\/\/schema.org","@graph":[{"@type":"WebPage","@id":"https:\/\/www.csj-emballages.com\/es\/produit\/25-tapas-para-bandejas-de-lujo-de-5-compartimentos-pl5cluxen-para-comida-para-llevar\/","url":"https:\/\/www.csj-emballages.com\/es\/produit\/25-tapas-para-bandejas-de-lujo-de-5-compartimentos-pl5cluxen-para-comida-para-llevar\/","name":"Tapa para bandeja de comida \"PL5CLUXEN\", 25 piezas","isPartOf":{"@id":"https:\/\/www.csj-emballages.com\/es\/#website"},"primaryImageOfPage":{"@id":"https:\/\/www.csj-emballages.com\/es\/produit\/25-tapas-para-bandejas-de-lujo-de-5-compartimentos-pl5cluxen-para-comida-para-llevar\/#primaryimage"},"image":{"@id":"https:\/\/www.csj-emballages.com\/es\/produit\/25-tapas-para-bandejas-de-lujo-de-5-compartimentos-pl5cluxen-para-comida-para-llevar\/#primaryimage"},"thumbnailUrl":"https:\/\/www.csj-emballages.com\/wp-content\/uploads\/2024\/03\/COPL5CLUXEN.webp","datePublished":"2024-03-01T15:54:45+00:00","dateModified":"2026-04-24T00:13:22+00:00","description":"Tapa para bandeja de comida PL5CLUXEN, paquete de 25: pr\u00e1ctica, resistente y transparente para proteger sus platos y garantizar un transporte seguro.","breadcrumb":{"@id":"https:\/\/www.csj-emballages.com\/es\/produit\/25-tapas-para-bandejas-de-lujo-de-5-compartimentos-pl5cluxen-para-comida-para-llevar\/#breadcrumb"},"inLanguage":"es","potentialAction":[{"@type":"ReadAction","target":["https:\/\/www.csj-emballages.com\/es\/produit\/25-tapas-para-bandejas-de-lujo-de-5-compartimentos-pl5cluxen-para-comida-para-llevar\/"]}]},{"@type":"ImageObject","inLanguage":"es","@id":"https:\/\/www.csj-emballages.com\/es\/produit\/25-tapas-para-bandejas-de-lujo-de-5-compartimentos-pl5cluxen-para-comida-para-llevar\/#primaryimage","url":"https:\/\/www.csj-emballages.com\/wp-content\/uploads\/2024\/03\/COPL5CLUXEN.webp","contentUrl":"https:\/\/www.csj-emballages.com\/wp-content\/uploads\/2024\/03\/COPL5CLUXEN.webp","width":800,"height":800,"caption":"Couvercle pour plateau repas"},{"@type":"BreadcrumbList","@id":"https:\/\/www.csj-emballages.com\/es\/produit\/25-tapas-para-bandejas-de-lujo-de-5-compartimentos-pl5cluxen-para-comida-para-llevar\/#breadcrumb","itemListElement":[{"@type":"ListItem","position":1,"name":"Accueil","item":"https:\/\/www.csj-emballages.com\/es\/universo-del-envasado-alimentario\/"},{"@type":"ListItem","position":2,"name":"Tienda","item":"https:\/\/www.csj-emballages.com\/tienda\/"},{"@type":"ListItem","position":3,"name":"Tapa para bandeja de comida \u00ab\u00a0PL5CLUXEN\u00a0\u00bb, 25 unidades"}]},{"@type":"WebSite","@id":"https:\/\/www.csj-emballages.com\/es\/#website","url":"https:\/\/www.csj-emballages.com\/es\/","name":"CSJ Emballages","description":"","publisher":{"@id":"https:\/\/www.csj-emballages.com\/es\/#organization"},"potentialAction":[{"@type":"SearchAction","target":{"@type":"EntryPoint","urlTemplate":"https:\/\/www.csj-emballages.com\/es\/?s={search_term_string}"},"query-input":{"@type":"PropertyValueSpecification","valueRequired":true,"valueName":"search_term_string"}}],"inLanguage":"es"},{"@type":"Organization","@id":"https:\/\/www.csj-emballages.com\/es\/#Organization\/","name":"CSJ Emballages","url":"https:\/\/www.csj-emballages.com\/es\/","logo":{"@type":"ImageObject","inLanguage":"es","@id":"https:\/\/www.csj-emballages.com\/es\/#\/schema\/logo\/image\/","url":"https:\/\/www.csj-emballages.com\/wp-content\/uploads\/2023\/10\/logo_csj.webp","contentUrl":"https:\/\/www.csj-emballages.com\/wp-content\/uploads\/2023\/10\/logo_csj.webp","width":250,"height":95,"caption":"CSJ Emballages"},"image":{"@id":"https:\/\/www.csj-emballages.com\/es\/#\/schema\/logo\/image\/"},"sameAs":["https:\/\/www.facebook.com\/csjemballages"],"address":{"@type":"PostalAddress","streetAddress":"ZI La Lechere","addressLocality":"Patornay","postalCode":"39130","addressCountry":"FR"},"contactPoint":[{"@type":"ContactPoint","contactType":"Service client","telephone":"0384254272","email":"contact@csj-emballages.com"}]}]}},"df_price":18.42,"df_sale_price":"","df_regular_price":18.42,"df_image_link":"https:\/\/www.csj-emballages.com\/wp-content\/uploads\/2024\/03\/COPL5CLUXEN-300x300.webp","tiered_pricing_type":"fixed","tiered_pricing_fixed_rules":[],"tiered_pricing_percentage_rules":[],"tiered_pricing_minimum":1,"tiered_pricing_roles_data":[],"_links":{"self":[{"href":"https:\/\/www.csj-emballages.com\/es\/wp-json\/wp\/v2\/product\/20276","targetHints":{"allow":["GET"]}}],"collection":[{"href":"https:\/\/www.csj-emballages.com\/es\/wp-json\/wp\/v2\/product"}],"about":[{"href":"https:\/\/www.csj-emballages.com\/es\/wp-json\/wp\/v2\/types\/product"}],"wp:featuredmedia":[{"embeddable":true,"href":"https:\/\/www.csj-emballages.com\/es\/wp-json\/wp\/v2\/media\/241287"}],"wp:attachment":[{"href":"https:\/\/www.csj-emballages.com\/es\/wp-json\/wp\/v2\/media?parent=20276"}],"wp:term":[{"taxonomy":"product_brand","embeddable":true,"href":"https:\/\/www.csj-emballages.com\/es\/wp-json\/wp\/v2\/product_brand?post=20276"},{"taxonomy":"product_cat","embeddable":true,"href":"https:\/\/www.csj-emballages.com\/es\/wp-json\/wp\/v2\/product_cat?post=20276"},{"taxonomy":"product_tag","embeddable":true,"href":"https:\/\/www.csj-emballages.com\/es\/wp-json\/wp\/v2\/product_tag?post=20276"}],"curies":[{"name":"wp","href":"https:\/\/api.w.org\/{rel}","templated":true}]}}