{"id":20207,"date":"2024-03-01T16:54:50","date_gmt":"2024-03-01T15:54:50","guid":{"rendered":"https:\/\/u15jnbdpoq.preview.infomaniak.website\/produit\/50-monos-blancos-no-tejidos-plp-40-g-m%c2%b2-capucha-con-cremallera-talla-xl\/"},"modified":"2026-04-24T02:13:18","modified_gmt":"2026-04-24T00:13:18","slug":"50-monos-blancos-no-tejidos-plp-40-g-m%c2%b2-capucha-con-cremallera-talla-xl","status":"publish","type":"product","link":"https:\/\/www.csj-emballages.com\/es\/produit\/50-monos-blancos-no-tejidos-plp-40-g-m%c2%b2-capucha-con-cremallera-talla-xl\/","title":{"rendered":"Mono de protecci\u00f3n no tejido blanco con cremallera y capucha talla XL, lote de 50"},"content":{"rendered":"<h2>Mono de protecci\u00f3n<\/h2>\n<hr>\n<h3>Descubra nuestro mono de protecci\u00f3n no tejido blanco con cremallera y capucha talla XL, lote de 50<\/h3>\n<p><!--more--><\/p>\n<p data-start=\"304\" data-end=\"754\">Cuando necesita protegerse eficazmente sin renunciar a la comodidad, este <strong data-start=\"375\" data-end=\"423\">mono de protecci\u00f3n no tejido blanco<\/strong> es una soluci\u00f3n sencilla y fiable. Fabricado en <strong data-start=\"469\" data-end=\"513\">polipropileno no tejido (PLP) de 40 g\/m\u00b2<\/strong>, ofrece una barrera ligera contra <strong>la suciedad, el polvo y las salpicaduras leves<\/strong>, sin dificultar los movimientos. Desde el momento en que se lo pone, se nota que el material sigue siendo transpirable, lo que le permite trabajar durante m\u00e1s tiempo sin molestias.  <\/p>\n<p data-start=\"756\" data-end=\"1138\">Gracias a su <strong data-start=\"767\" data-end=\"801\">cierre de cremallera frontal<\/strong>, vestirse es r\u00e1pido, incluso en situaciones de emergencia o durante cambios frecuentes. La <strong data-start=\"900\" data-end=\"934\">capucha integrada y el\u00e1stica<\/strong> protege eficazmente la cabeza y se ajusta sin apretar. Adem\u00e1s, los <strong data-start=\"1002\" data-end=\"1046\">pu\u00f1os, tobillos y cintura el\u00e1sticos<\/strong> garantizan una buena sujeci\u00f3n del mono, evitando las infiltraciones no deseadas.  <\/p>\n<p data-start=\"1140\" data-end=\"1500\">Este <strong>mono de talla XL<\/strong> se adapta f\u00e1cilmente a diferentes morfolog\u00edas y es adecuado para muchos sectores: <strong>industria, limpieza, mantenimiento, agroalimentaci\u00f3n, log\u00edstica o trabajos temporales<\/strong>. Permite mantener la ropa limpia durante todo el d\u00eda, lo cual es particularmente apreciable durante las tareas sucias o repetitivas. <\/p>\n<p data-start=\"1502\" data-end=\"1814\">Vendido <strong data-start=\"1508\" data-end=\"1525\">en lotes de 50<\/strong>, este acondicionamiento es ideal para las empresas que necesitan un stock regular sin disparar su presupuesto. Pr\u00e1ctico, ligero y r\u00e1pido de poner, este <strong>mono de un solo uso<\/strong> se integra de forma natural en el d\u00eda a d\u00eda profesional y simplifica la gesti\u00f3n de los equipos de protecci\u00f3n desechables. <\/p>\n<p data-start=\"1816\" data-end=\"1942\">En resumen, es una protecci\u00f3n eficaz, f\u00e1cil de usar y pensada para ir a lo esencial, sin comprometer la comodidad.<\/p>\n<h3><\/h3>\n<p><!--more--><\/p>\n<h4>Ventajas :<\/h4>\n<ul>\n<li data-start=\"1970\" data-end=\"2021\">Material ligero de <strong>polipropileno<\/strong> <strong>no tejido<\/strong> <strong>40 g\/m\u00b2<\/strong>.<\/li>\n<li data-start=\"2024\" data-end=\"2075\">Capucha, pu\u00f1os, tobillos y cintura <strong>el\u00e1sticos<\/strong>.<\/li>\n<li data-start=\"2078\" data-end=\"2110\"><strong>Cierre de cremallera<\/strong> pr\u00e1ctico.<\/li>\n<li data-start=\"2113\" data-end=\"2141\">Buena libertad de movimiento.<\/li>\n<li data-start=\"2144\" data-end=\"2186\">Ideal para uso profesional puntual.<\/li>\n<li data-start=\"2189\" data-end=\"2218\">Paquete econ\u00f3mico de <strong>50 unidades<\/strong>.<\/li>\n<\/ul>\n<p>&nbsp;<\/p>\n<p><!--more--><\/p>\n<h4>Informaci\u00f3n adicional :<\/h4>\n<ul>\n<li><strong>Envase<\/strong>: Paquete de 50<\/li>\n<li><strong>Talla<\/strong>: XL<\/li>\n<li><strong>Longitud<\/strong>: 168 cm<\/li>\n<li><strong>Espalda<\/strong>: 98 cm<\/li>\n<li><strong>Pecho<\/strong>: 69 cm<\/li>\n<li><strong>Grosor<\/strong>: 40 g\/m\u00b2<\/li>\n<li><strong>Color<\/strong>: blanco<\/li>\n<li><strong>Material<\/strong>: Polipropileno no tejido<\/li>\n<\/ul>\n<p>&nbsp;<\/p>\n<p><!--more--><\/p>\n<p>Este mono de protecci\u00f3n est\u00e1 disponible en diferentes tallas: <span style=\"color: #d12727;\"><a style=\"color: #d12727;\" href=\"https:\/\/www.csj-emballages.com\/es\/produit\/50-monos-blancos-no-tejidos-plp-40-g-m%c2%b2-capucha-con-cremallera-talla-l\/\">L<\/a><\/span> \/ <span style=\"color: #d12727;\"><a style=\"color: #d12727;\" href=\"https:\/\/www.csj-emballages.com\/es\/produit\/50-monos-blancos-no-tejidos-plp-40-g-m%c2%b2-capucha-con-cremallera-talla-xxl\/\">XXL<\/a><\/span><\/p>\n<p>&nbsp;<\/p>\n<p><!--more--><\/p>\n<p><a href=\"\/?product_cat=combinaisons-usage-unique\">Consulte el resto de nuestra gama de monos de un solo uso<\/a><\/p>\n","protected":false},"excerpt":{"rendered":"<p>Mono de protecci\u00f3n Descubra nuestro mono de protecci\u00f3n no tejido blanco con cremallera y capucha talla XL, lote de 50<\/p>\n","protected":false},"featured_media":8313,"template":"","meta":{"_acf_changed":false},"product_brand":[],"product_cat":[1226,2325,2336],"product_tag":[],"class_list":{"0":"post-20207","1":"product","2":"type-product","3":"status-publish","4":"has-post-thumbnail","6":"product_cat-higiene-y-mantenimiento","7":"product_cat-equipamiento-individual","8":"product_cat-monos-de-un-solo-uso","10":"first","11":"instock","12":"taxable","13":"shipping-taxable","14":"purchasable","15":"product-type-simple"},"acf":[],"yoast_head":"<!-- This site is optimized with the Yoast SEO Premium plugin v26.6 (Yoast SEO v26.6) - https:\/\/yoast.com\/wordpress\/plugins\/seo\/ -->\n<title>Mono de protecci\u00f3n no tejido blanco talla XL, lote de 50<\/title>\n<meta name=\"description\" content=\"Mono de protecci\u00f3n no tejido blanco talla XL, 40 g\/m\u00b2, con capucha y cierre de cremallera. Se vende en lotes de 50, ideal para usos profesionales.\" \/>\n<meta name=\"robots\" content=\"index, follow, max-snippet:-1, max-image-preview:large, max-video-preview:-1\" \/>\n<link rel=\"canonical\" href=\"https:\/\/www.csj-emballages.com\/es\/produit\/50-monos-blancos-no-tejidos-plp-40-g-m%c2%b2-capucha-con-cremallera-talla-xl\/\" \/>\n<meta property=\"og:locale\" content=\"es_ES\" \/>\n<meta property=\"og:type\" content=\"article\" \/>\n<meta property=\"og:title\" content=\"Mono de protecci\u00f3n no tejido blanco con cremallera y capucha talla XL, lote de 50\" \/>\n<meta property=\"og:description\" content=\"Mono de protecci\u00f3n no tejido blanco talla XL, 40 g\/m\u00b2, con capucha y cierre de cremallera. Se vende en lotes de 50, ideal para usos profesionales.\" \/>\n<meta property=\"og:url\" content=\"https:\/\/www.csj-emballages.com\/es\/produit\/50-monos-blancos-no-tejidos-plp-40-g-m%c2%b2-capucha-con-cremallera-talla-xl\/\" \/>\n<meta property=\"og:site_name\" content=\"CSJ Emballages\" \/>\n<meta property=\"article:publisher\" content=\"https:\/\/www.facebook.com\/csjemballages\" \/>\n<meta property=\"article:modified_time\" content=\"2026-04-24T00:13:18+00:00\" \/>\n<meta property=\"og:image\" content=\"https:\/\/www.csj-emballages.com\/wp-content\/uploads\/2024\/03\/combinaison-usage-unique-pas-cher-discount-csj-emballages-zoom-1-jpg.webp\" \/>\n\t<meta property=\"og:image:width\" content=\"800\" \/>\n\t<meta property=\"og:image:height\" content=\"800\" \/>\n\t<meta property=\"og:image:type\" content=\"image\/jpeg\" \/>\n<meta name=\"twitter:card\" content=\"summary_large_image\" \/>\n<meta name=\"twitter:label1\" content=\"Tiempo de lectura\" \/>\n\t<meta name=\"twitter:data1\" content=\"2 minutos\" \/>\n<script type=\"application\/ld+json\" class=\"yoast-schema-graph\">{\"@context\":\"https:\/\/schema.org\",\"@graph\":[{\"@type\":\"WebPage\",\"@id\":\"https:\/\/www.csj-emballages.com\/es\/produit\/50-monos-blancos-no-tejidos-plp-40-g-m%c2%b2-capucha-con-cremallera-talla-xl\/\",\"url\":\"https:\/\/www.csj-emballages.com\/es\/produit\/50-monos-blancos-no-tejidos-plp-40-g-m%c2%b2-capucha-con-cremallera-talla-xl\/\",\"name\":\"Mono de protecci\u00f3n no tejido blanco talla XL, lote de 50\",\"isPartOf\":{\"@id\":\"https:\/\/www.csj-emballages.com\/es\/#website\"},\"primaryImageOfPage\":{\"@id\":\"https:\/\/www.csj-emballages.com\/es\/produit\/50-monos-blancos-no-tejidos-plp-40-g-m%c2%b2-capucha-con-cremallera-talla-xl\/#primaryimage\"},\"image\":{\"@id\":\"https:\/\/www.csj-emballages.com\/es\/produit\/50-monos-blancos-no-tejidos-plp-40-g-m%c2%b2-capucha-con-cremallera-talla-xl\/#primaryimage\"},\"thumbnailUrl\":\"https:\/\/www.csj-emballages.com\/wp-content\/uploads\/2024\/03\/combinaison-usage-unique-pas-cher-discount-csj-emballages-zoom-1-jpg.webp\",\"datePublished\":\"2024-03-01T15:54:50+00:00\",\"dateModified\":\"2026-04-24T00:13:18+00:00\",\"description\":\"Mono de protecci\u00f3n no tejido blanco talla XL, 40 g\/m\u00b2, con capucha y cierre de cremallera. Se vende en lotes de 50, ideal para usos profesionales.\",\"breadcrumb\":{\"@id\":\"https:\/\/www.csj-emballages.com\/es\/produit\/50-monos-blancos-no-tejidos-plp-40-g-m%c2%b2-capucha-con-cremallera-talla-xl\/#breadcrumb\"},\"inLanguage\":\"es\",\"potentialAction\":[{\"@type\":\"ReadAction\",\"target\":[\"https:\/\/www.csj-emballages.com\/es\/produit\/50-monos-blancos-no-tejidos-plp-40-g-m%c2%b2-capucha-con-cremallera-talla-xl\/\"]}]},{\"@type\":\"ImageObject\",\"inLanguage\":\"es\",\"@id\":\"https:\/\/www.csj-emballages.com\/es\/produit\/50-monos-blancos-no-tejidos-plp-40-g-m%c2%b2-capucha-con-cremallera-talla-xl\/#primaryimage\",\"url\":\"https:\/\/www.csj-emballages.com\/wp-content\/uploads\/2024\/03\/combinaison-usage-unique-pas-cher-discount-csj-emballages-zoom-1-jpg.webp\",\"contentUrl\":\"https:\/\/www.csj-emballages.com\/wp-content\/uploads\/2024\/03\/combinaison-usage-unique-pas-cher-discount-csj-emballages-zoom-1-jpg.webp\",\"width\":800,\"height\":800,\"caption\":\"Combinaison de protection\"},{\"@type\":\"BreadcrumbList\",\"@id\":\"https:\/\/www.csj-emballages.com\/es\/produit\/50-monos-blancos-no-tejidos-plp-40-g-m%c2%b2-capucha-con-cremallera-talla-xl\/#breadcrumb\",\"itemListElement\":[{\"@type\":\"ListItem\",\"position\":1,\"name\":\"Accueil\",\"item\":\"https:\/\/www.csj-emballages.com\/es\/universo-del-envasado-alimentario\/\"},{\"@type\":\"ListItem\",\"position\":2,\"name\":\"Tienda\",\"item\":\"https:\/\/www.csj-emballages.com\/tienda\/\"},{\"@type\":\"ListItem\",\"position\":3,\"name\":\"Mono de protecci\u00f3n no tejido blanco con cremallera y capucha talla XL, lote de 50\"}]},{\"@type\":\"WebSite\",\"@id\":\"https:\/\/www.csj-emballages.com\/es\/#website\",\"url\":\"https:\/\/www.csj-emballages.com\/es\/\",\"name\":\"CSJ Emballages\",\"description\":\"\",\"publisher\":{\"@id\":\"https:\/\/www.csj-emballages.com\/es\/#organization\"},\"potentialAction\":[{\"@type\":\"SearchAction\",\"target\":{\"@type\":\"EntryPoint\",\"urlTemplate\":\"https:\/\/www.csj-emballages.com\/es\/?s={search_term_string}\"},\"query-input\":{\"@type\":\"PropertyValueSpecification\",\"valueRequired\":true,\"valueName\":\"search_term_string\"}}],\"inLanguage\":\"es\"},{\"@type\":\"Organization\",\"@id\":\"https:\/\/www.csj-emballages.com\/es\/#Organization\/\",\"name\":\"CSJ Emballages\",\"url\":\"https:\/\/www.csj-emballages.com\/es\/\",\"logo\":{\"@type\":\"ImageObject\",\"inLanguage\":\"es\",\"@id\":\"https:\/\/www.csj-emballages.com\/es\/#\/schema\/logo\/image\/\",\"url\":\"https:\/\/www.csj-emballages.com\/wp-content\/uploads\/2023\/10\/logo_csj.webp\",\"contentUrl\":\"https:\/\/www.csj-emballages.com\/wp-content\/uploads\/2023\/10\/logo_csj.webp\",\"width\":250,\"height\":95,\"caption\":\"CSJ Emballages\"},\"image\":{\"@id\":\"https:\/\/www.csj-emballages.com\/es\/#\/schema\/logo\/image\/\"},\"sameAs\":[\"https:\/\/www.facebook.com\/csjemballages\"],\"address\":{\"@type\":\"PostalAddress\",\"streetAddress\":\"ZI La Lechere\",\"addressLocality\":\"Patornay\",\"postalCode\":\"39130\",\"addressCountry\":\"FR\"},\"contactPoint\":[{\"@type\":\"ContactPoint\",\"contactType\":\"Service client\",\"telephone\":\"0384254272\",\"email\":\"contact@csj-emballages.com\"}]}]}<\/script>\n<!-- \/ Yoast SEO Premium plugin. -->","yoast_head_json":{"title":"Mono de protecci\u00f3n no tejido blanco talla XL, lote de 50","description":"Mono de protecci\u00f3n no tejido blanco talla XL, 40 g\/m\u00b2, con capucha y cierre de cremallera. Se vende en lotes de 50, ideal para usos profesionales.","robots":{"index":"index","follow":"follow","max-snippet":"max-snippet:-1","max-image-preview":"max-image-preview:large","max-video-preview":"max-video-preview:-1"},"canonical":"https:\/\/www.csj-emballages.com\/es\/produit\/50-monos-blancos-no-tejidos-plp-40-g-m%c2%b2-capucha-con-cremallera-talla-xl\/","og_locale":"es_ES","og_type":"article","og_title":"Mono de protecci\u00f3n no tejido blanco con cremallera y capucha talla XL, lote de 50","og_description":"Mono de protecci\u00f3n no tejido blanco talla XL, 40 g\/m\u00b2, con capucha y cierre de cremallera. Se vende en lotes de 50, ideal para usos profesionales.","og_url":"https:\/\/www.csj-emballages.com\/es\/produit\/50-monos-blancos-no-tejidos-plp-40-g-m%c2%b2-capucha-con-cremallera-talla-xl\/","og_site_name":"CSJ Emballages","article_publisher":"https:\/\/www.facebook.com\/csjemballages","article_modified_time":"2026-04-24T00:13:18+00:00","og_image":[{"width":800,"height":800,"url":"https:\/\/www.csj-emballages.com\/wp-content\/uploads\/2024\/03\/combinaison-usage-unique-pas-cher-discount-csj-emballages-zoom-1-jpg.webp","type":"image\/jpeg"}],"twitter_card":"summary_large_image","twitter_misc":{"Tiempo de lectura":"2 minutos"},"schema":{"@context":"https:\/\/schema.org","@graph":[{"@type":"WebPage","@id":"https:\/\/www.csj-emballages.com\/es\/produit\/50-monos-blancos-no-tejidos-plp-40-g-m%c2%b2-capucha-con-cremallera-talla-xl\/","url":"https:\/\/www.csj-emballages.com\/es\/produit\/50-monos-blancos-no-tejidos-plp-40-g-m%c2%b2-capucha-con-cremallera-talla-xl\/","name":"Mono de protecci\u00f3n no tejido blanco talla XL, lote de 50","isPartOf":{"@id":"https:\/\/www.csj-emballages.com\/es\/#website"},"primaryImageOfPage":{"@id":"https:\/\/www.csj-emballages.com\/es\/produit\/50-monos-blancos-no-tejidos-plp-40-g-m%c2%b2-capucha-con-cremallera-talla-xl\/#primaryimage"},"image":{"@id":"https:\/\/www.csj-emballages.com\/es\/produit\/50-monos-blancos-no-tejidos-plp-40-g-m%c2%b2-capucha-con-cremallera-talla-xl\/#primaryimage"},"thumbnailUrl":"https:\/\/www.csj-emballages.com\/wp-content\/uploads\/2024\/03\/combinaison-usage-unique-pas-cher-discount-csj-emballages-zoom-1-jpg.webp","datePublished":"2024-03-01T15:54:50+00:00","dateModified":"2026-04-24T00:13:18+00:00","description":"Mono de protecci\u00f3n no tejido blanco talla XL, 40 g\/m\u00b2, con capucha y cierre de cremallera. Se vende en lotes de 50, ideal para usos profesionales.","breadcrumb":{"@id":"https:\/\/www.csj-emballages.com\/es\/produit\/50-monos-blancos-no-tejidos-plp-40-g-m%c2%b2-capucha-con-cremallera-talla-xl\/#breadcrumb"},"inLanguage":"es","potentialAction":[{"@type":"ReadAction","target":["https:\/\/www.csj-emballages.com\/es\/produit\/50-monos-blancos-no-tejidos-plp-40-g-m%c2%b2-capucha-con-cremallera-talla-xl\/"]}]},{"@type":"ImageObject","inLanguage":"es","@id":"https:\/\/www.csj-emballages.com\/es\/produit\/50-monos-blancos-no-tejidos-plp-40-g-m%c2%b2-capucha-con-cremallera-talla-xl\/#primaryimage","url":"https:\/\/www.csj-emballages.com\/wp-content\/uploads\/2024\/03\/combinaison-usage-unique-pas-cher-discount-csj-emballages-zoom-1-jpg.webp","contentUrl":"https:\/\/www.csj-emballages.com\/wp-content\/uploads\/2024\/03\/combinaison-usage-unique-pas-cher-discount-csj-emballages-zoom-1-jpg.webp","width":800,"height":800,"caption":"Combinaison de protection"},{"@type":"BreadcrumbList","@id":"https:\/\/www.csj-emballages.com\/es\/produit\/50-monos-blancos-no-tejidos-plp-40-g-m%c2%b2-capucha-con-cremallera-talla-xl\/#breadcrumb","itemListElement":[{"@type":"ListItem","position":1,"name":"Accueil","item":"https:\/\/www.csj-emballages.com\/es\/universo-del-envasado-alimentario\/"},{"@type":"ListItem","position":2,"name":"Tienda","item":"https:\/\/www.csj-emballages.com\/tienda\/"},{"@type":"ListItem","position":3,"name":"Mono de protecci\u00f3n no tejido blanco con cremallera y capucha talla XL, lote de 50"}]},{"@type":"WebSite","@id":"https:\/\/www.csj-emballages.com\/es\/#website","url":"https:\/\/www.csj-emballages.com\/es\/","name":"CSJ Emballages","description":"","publisher":{"@id":"https:\/\/www.csj-emballages.com\/es\/#organization"},"potentialAction":[{"@type":"SearchAction","target":{"@type":"EntryPoint","urlTemplate":"https:\/\/www.csj-emballages.com\/es\/?s={search_term_string}"},"query-input":{"@type":"PropertyValueSpecification","valueRequired":true,"valueName":"search_term_string"}}],"inLanguage":"es"},{"@type":"Organization","@id":"https:\/\/www.csj-emballages.com\/es\/#Organization\/","name":"CSJ Emballages","url":"https:\/\/www.csj-emballages.com\/es\/","logo":{"@type":"ImageObject","inLanguage":"es","@id":"https:\/\/www.csj-emballages.com\/es\/#\/schema\/logo\/image\/","url":"https:\/\/www.csj-emballages.com\/wp-content\/uploads\/2023\/10\/logo_csj.webp","contentUrl":"https:\/\/www.csj-emballages.com\/wp-content\/uploads\/2023\/10\/logo_csj.webp","width":250,"height":95,"caption":"CSJ Emballages"},"image":{"@id":"https:\/\/www.csj-emballages.com\/es\/#\/schema\/logo\/image\/"},"sameAs":["https:\/\/www.facebook.com\/csjemballages"],"address":{"@type":"PostalAddress","streetAddress":"ZI La Lechere","addressLocality":"Patornay","postalCode":"39130","addressCountry":"FR"},"contactPoint":[{"@type":"ContactPoint","contactType":"Service client","telephone":"0384254272","email":"contact@csj-emballages.com"}]}]}},"df_price":82.27,"df_sale_price":"","df_regular_price":82.27,"df_image_link":"https:\/\/www.csj-emballages.com\/wp-content\/uploads\/2024\/03\/combinaison-usage-unique-pas-cher-discount-csj-emballages-zoom-1-300x300.webp","tiered_pricing_type":"fixed","tiered_pricing_fixed_rules":[],"tiered_pricing_percentage_rules":[],"tiered_pricing_minimum":1,"tiered_pricing_roles_data":[],"_links":{"self":[{"href":"https:\/\/www.csj-emballages.com\/es\/wp-json\/wp\/v2\/product\/20207","targetHints":{"allow":["GET"]}}],"collection":[{"href":"https:\/\/www.csj-emballages.com\/es\/wp-json\/wp\/v2\/product"}],"about":[{"href":"https:\/\/www.csj-emballages.com\/es\/wp-json\/wp\/v2\/types\/product"}],"wp:featuredmedia":[{"embeddable":true,"href":"https:\/\/www.csj-emballages.com\/es\/wp-json\/wp\/v2\/media\/8313"}],"wp:attachment":[{"href":"https:\/\/www.csj-emballages.com\/es\/wp-json\/wp\/v2\/media?parent=20207"}],"wp:term":[{"taxonomy":"product_brand","embeddable":true,"href":"https:\/\/www.csj-emballages.com\/es\/wp-json\/wp\/v2\/product_brand?post=20207"},{"taxonomy":"product_cat","embeddable":true,"href":"https:\/\/www.csj-emballages.com\/es\/wp-json\/wp\/v2\/product_cat?post=20207"},{"taxonomy":"product_tag","embeddable":true,"href":"https:\/\/www.csj-emballages.com\/es\/wp-json\/wp\/v2\/product_tag?post=20207"}],"curies":[{"name":"wp","href":"https:\/\/api.w.org\/{rel}","templated":true}]}}