{"id":20082,"date":"2024-03-01T16:55:56","date_gmt":"2024-03-01T15:55:56","guid":{"rendered":"https:\/\/u15jnbdpoq.preview.infomaniak.website\/produit\/50-cajitas-de-carton-de-colores-delicieux-18-x-8-cm\/"},"modified":"2026-04-03T09:06:09","modified_gmt":"2026-04-03T07:06:09","slug":"50-cajitas-de-carton-de-colores-delicieux-18-x-8-cm","status":"publish","type":"product","link":"https:\/\/www.csj-emballages.com\/es\/produit\/50-cajitas-de-carton-de-colores-delicieux-18-x-8-cm\/","title":{"rendered":"Deliciosa caja de pasteler\u00eda de cart\u00f3n de color 18 x 8 cm, paquete de 50"},"content":{"rendered":"<h2 class=\"p1\">Caja para pasteles<\/h2>\n<hr>\n<h3>Descripci\u00f3n de nuestra Deliciosa caja de cart\u00f3n de color 18 x 8 cm, paquete de 50<\/h3>\n<p><!--more--><\/p>\n<p>Descubre las cajas para reposter\u00eda D\u00e9licieux 18&#215;8 cm, la forma perfecta de realzar tus creaciones gourmet. Con unas medidas de 18 x 8 cm, estas latas combinan elegancia y practicidad para una presentaci\u00f3n impecable de tus pasteles. <\/p>\n<p>Fabricadas en cart\u00f3n resistente, protegen a la perfecci\u00f3n sus delicatessen al tiempo que a\u00f1aden un toque de color a sus expositores. Disponibles en varios colores y tama\u00f1os, son un reclamo instant\u00e1neo y un verdadero punto de atracci\u00f3n. Tambi\u00e9n son ideales para los pasteleros que buscan causar impresi\u00f3n con una presentaci\u00f3n pulcra y colorida. Ya sea para una ocasi\u00f3n especial o para un pedido diario, estas cajas a\u00f1aden un toque de sofisticaci\u00f3n a cada pastelito.   <\/p>\n<p>&nbsp;<\/p>\n<p><!--more--><\/p>\n<p>Ofrece a tus clientes una experiencia \u00fanica con estas cajas para pasteler\u00eda D\u00e9licieux de 18&#215;8 cm, que combinan estilo, practicidad y respeto por el planeta.<\/p>\n<p>&nbsp;<\/p>\n<p><!--more--><\/p>\n<p><strong>Sus ventajas:<\/strong><\/p>\n<ul>\n<li><strong>Dise\u00f1o<\/strong>: Dise\u00f1o atractivo y colorido para presumir de tus creaciones pasteleras.<\/li>\n<li><strong>Pr\u00e1ctico<\/strong>: F\u00e1cil de montar, ahorra un tiempo precioso.<\/li>\n<li><strong>Respetuoso<\/strong> con el medio ambiente: Totalmente reciclable, respetuoso con el medio ambiente.<\/li>\n<li><strong>Vers\u00e1tiles<\/strong>: Perfecto para todas las ocasiones: bodas, cumplea\u00f1os y otros eventos especiales<\/li>\n<\/ul>\n<p>&nbsp;<\/p>\n<p><!--more--><\/p>\n<p>Haz clic aqu\u00ed para ver los distintos tama\u00f1os disponibles para este producto: <span style=\"color: #d12727;\"><a style=\"color: #d12727;\" href=\"https:\/\/www.csj-emballages.com\/es\/produit\/50-cajitas-de-carton-de-colores-delicieux-16-x-8-cm\/\">16 x 8 cm<\/a><\/span> \/ <span style=\"color: #d12727;\"><a style=\"color: #d12727;\" href=\"https:\/\/www.csj-emballages.com\/es\/produit\/50-cajitas-de-carton-de-colores-delicieux-20-x-8-cm\/\">20 x 8 cm<\/a><\/span> \/ <span style=\"color: #d12727;\"><a style=\"color: #d12727;\" href=\"https:\/\/www.csj-emballages.com\/produit\/50-boites-patissieres-carton-colorees-delicieux-28-x-8-cm\/\">29 x 8 cm <\/a><\/span> \/ <span style=\"color: #d12727;\"><a style=\"color: #d12727;\" href=\"https:\/\/www.csj-emballages.com\/es\/produit\/50-cajitas-de-carton-de-colores-delicieux-32-x-8-cm\/\">32 x 8 cm<\/a><\/span><\/p>\n<p>&nbsp;<\/p>\n<p><!--more--><\/p>\n<p><a href=\"\/?product_cat=boites-patissieres-colorees-delicieuses\">Ver el resto de nuestra gama de cajas de pasteler\u00eda Sensation \/ D\u00e9licieuse<\/a><\/p>\n<p>&nbsp;<\/p>\n<h2><\/h2>\n","protected":false},"excerpt":{"rendered":"<p>Caja para pasteles Descripci\u00f3n de nuestra Deliciosa caja de cart\u00f3n de color 18 x 8 cm, paquete de 50<\/p>\n","protected":false},"featured_media":242436,"template":"","meta":{"_acf_changed":false},"product_brand":[],"product_cat":[1150,1145,3868,1259,1266,9269,1270],"product_tag":[],"class_list":{"0":"post-20082","1":"product","2":"type-product","3":"status-publish","4":"has-post-thumbnail","6":"product_cat-envasado-de-alimentos","7":"product_cat-panaderia-y-pasteleria","8":"product_cat-cajas-y-estuches","9":"product_cat-cajas-para-pasteles","10":"product_cat-cajas-de-pasteles-de-colores","11":"product_cat-cajas-de-pasteles-de-colores-leccion","12":"product_cat-descuentos","14":"first","15":"instock","16":"sale","17":"taxable","18":"shipping-taxable","19":"purchasable","20":"product-type-simple"},"acf":[],"yoast_head":"<!-- This site is optimized with the Yoast SEO Premium plugin v26.6 (Yoast SEO v26.6) - https:\/\/yoast.com\/wordpress\/plugins\/seo\/ -->\n<title>Cajas para pasteles deliciosos 18x8 cm \/ CSJ Emballages<\/title>\n<meta name=\"description\" content=\"Descubre ahora nuestra gama D\u00e9licieux con nuestras cajas para pasteler\u00eda D\u00e9licieux de 18x8 cm, \u00a1ideales para panader\u00edas y pasteler\u00edas!\" \/>\n<meta name=\"robots\" content=\"index, follow, max-snippet:-1, max-image-preview:large, max-video-preview:-1\" \/>\n<link rel=\"canonical\" href=\"https:\/\/www.csj-emballages.com\/es\/produit\/50-cajitas-de-carton-de-colores-delicieux-18-x-8-cm\/\" \/>\n<meta property=\"og:locale\" content=\"es_ES\" \/>\n<meta property=\"og:type\" content=\"article\" \/>\n<meta property=\"og:title\" content=\"Deliciosa caja de pasteler\u00eda de cart\u00f3n de color 18 x 8 cm, paquete de 50\" \/>\n<meta property=\"og:description\" content=\"Descubre ahora nuestra gama D\u00e9licieux con nuestras cajas para pasteler\u00eda D\u00e9licieux de 18x8 cm, \u00a1ideales para panader\u00edas y pasteler\u00edas!\" \/>\n<meta property=\"og:url\" content=\"https:\/\/www.csj-emballages.com\/es\/produit\/50-cajitas-de-carton-de-colores-delicieux-18-x-8-cm\/\" \/>\n<meta property=\"og:site_name\" content=\"CSJ Emballages\" \/>\n<meta property=\"article:publisher\" content=\"https:\/\/www.facebook.com\/csjemballages\" \/>\n<meta property=\"article:modified_time\" content=\"2026-04-03T07:06:09+00:00\" \/>\n<meta property=\"og:image\" content=\"https:\/\/www.csj-emballages.com\/wp-content\/uploads\/2024\/03\/EVAN.webp\" \/>\n\t<meta property=\"og:image:width\" content=\"800\" \/>\n\t<meta property=\"og:image:height\" content=\"800\" \/>\n\t<meta property=\"og:image:type\" content=\"image\/webp\" \/>\n<meta name=\"twitter:card\" content=\"summary_large_image\" \/>\n<meta name=\"twitter:label1\" content=\"Tiempo de lectura\" \/>\n\t<meta name=\"twitter:data1\" content=\"1 minuto\" \/>\n<script type=\"application\/ld+json\" class=\"yoast-schema-graph\">{\"@context\":\"https:\/\/schema.org\",\"@graph\":[{\"@type\":\"WebPage\",\"@id\":\"https:\/\/www.csj-emballages.com\/es\/produit\/50-cajitas-de-carton-de-colores-delicieux-18-x-8-cm\/\",\"url\":\"https:\/\/www.csj-emballages.com\/es\/produit\/50-cajitas-de-carton-de-colores-delicieux-18-x-8-cm\/\",\"name\":\"Cajas para pasteles deliciosos 18x8 cm \/ CSJ Emballages\",\"isPartOf\":{\"@id\":\"https:\/\/www.csj-emballages.com\/es\/#website\"},\"primaryImageOfPage\":{\"@id\":\"https:\/\/www.csj-emballages.com\/es\/produit\/50-cajitas-de-carton-de-colores-delicieux-18-x-8-cm\/#primaryimage\"},\"image\":{\"@id\":\"https:\/\/www.csj-emballages.com\/es\/produit\/50-cajitas-de-carton-de-colores-delicieux-18-x-8-cm\/#primaryimage\"},\"thumbnailUrl\":\"https:\/\/www.csj-emballages.com\/wp-content\/uploads\/2024\/03\/EVAN.webp\",\"datePublished\":\"2024-03-01T15:55:56+00:00\",\"dateModified\":\"2026-04-03T07:06:09+00:00\",\"description\":\"Descubre ahora nuestra gama D\u00e9licieux con nuestras cajas para pasteler\u00eda D\u00e9licieux de 18x8 cm, \u00a1ideales para panader\u00edas y pasteler\u00edas!\",\"breadcrumb\":{\"@id\":\"https:\/\/www.csj-emballages.com\/es\/produit\/50-cajitas-de-carton-de-colores-delicieux-18-x-8-cm\/#breadcrumb\"},\"inLanguage\":\"es\",\"potentialAction\":[{\"@type\":\"ReadAction\",\"target\":[\"https:\/\/www.csj-emballages.com\/es\/produit\/50-cajitas-de-carton-de-colores-delicieux-18-x-8-cm\/\"]}]},{\"@type\":\"ImageObject\",\"inLanguage\":\"es\",\"@id\":\"https:\/\/www.csj-emballages.com\/es\/produit\/50-cajitas-de-carton-de-colores-delicieux-18-x-8-cm\/#primaryimage\",\"url\":\"https:\/\/www.csj-emballages.com\/wp-content\/uploads\/2024\/03\/EVAN.webp\",\"contentUrl\":\"https:\/\/www.csj-emballages.com\/wp-content\/uploads\/2024\/03\/EVAN.webp\",\"width\":800,\"height\":800,\"caption\":\"Boite p\u00e2tissi\u00e8re\"},{\"@type\":\"BreadcrumbList\",\"@id\":\"https:\/\/www.csj-emballages.com\/es\/produit\/50-cajitas-de-carton-de-colores-delicieux-18-x-8-cm\/#breadcrumb\",\"itemListElement\":[{\"@type\":\"ListItem\",\"position\":1,\"name\":\"Accueil\",\"item\":\"https:\/\/www.csj-emballages.com\/es\/universo-del-envasado-alimentario\/\"},{\"@type\":\"ListItem\",\"position\":2,\"name\":\"Tienda\",\"item\":\"https:\/\/www.csj-emballages.com\/tienda\/\"},{\"@type\":\"ListItem\",\"position\":3,\"name\":\"Deliciosa caja de pasteler\u00eda de cart\u00f3n de color 18 x 8 cm, paquete de 50\"}]},{\"@type\":\"WebSite\",\"@id\":\"https:\/\/www.csj-emballages.com\/es\/#website\",\"url\":\"https:\/\/www.csj-emballages.com\/es\/\",\"name\":\"CSJ Emballages\",\"description\":\"\",\"publisher\":{\"@id\":\"https:\/\/www.csj-emballages.com\/es\/#organization\"},\"potentialAction\":[{\"@type\":\"SearchAction\",\"target\":{\"@type\":\"EntryPoint\",\"urlTemplate\":\"https:\/\/www.csj-emballages.com\/es\/?s={search_term_string}\"},\"query-input\":{\"@type\":\"PropertyValueSpecification\",\"valueRequired\":true,\"valueName\":\"search_term_string\"}}],\"inLanguage\":\"es\"},{\"@type\":\"Organization\",\"@id\":\"https:\/\/www.csj-emballages.com\/es\/#Organization\/\",\"name\":\"CSJ Emballages\",\"url\":\"https:\/\/www.csj-emballages.com\/es\/\",\"logo\":{\"@type\":\"ImageObject\",\"inLanguage\":\"es\",\"@id\":\"https:\/\/www.csj-emballages.com\/es\/#\/schema\/logo\/image\/\",\"url\":\"https:\/\/www.csj-emballages.com\/wp-content\/uploads\/2023\/10\/logo_csj.webp\",\"contentUrl\":\"https:\/\/www.csj-emballages.com\/wp-content\/uploads\/2023\/10\/logo_csj.webp\",\"width\":250,\"height\":95,\"caption\":\"CSJ Emballages\"},\"image\":{\"@id\":\"https:\/\/www.csj-emballages.com\/es\/#\/schema\/logo\/image\/\"},\"sameAs\":[\"https:\/\/www.facebook.com\/csjemballages\"],\"address\":{\"@type\":\"PostalAddress\",\"streetAddress\":\"ZI La Lechere\",\"addressLocality\":\"Patornay\",\"postalCode\":\"39130\",\"addressCountry\":\"FR\"},\"contactPoint\":[{\"@type\":\"ContactPoint\",\"contactType\":\"Service client\",\"telephone\":\"0384254272\",\"email\":\"contact@csj-emballages.com\"}]}]}<\/script>\n<!-- \/ Yoast SEO Premium plugin. -->","yoast_head_json":{"title":"Cajas para pasteles deliciosos 18x8 cm \/ CSJ Emballages","description":"Descubre ahora nuestra gama D\u00e9licieux con nuestras cajas para pasteler\u00eda D\u00e9licieux de 18x8 cm, \u00a1ideales para panader\u00edas y pasteler\u00edas!","robots":{"index":"index","follow":"follow","max-snippet":"max-snippet:-1","max-image-preview":"max-image-preview:large","max-video-preview":"max-video-preview:-1"},"canonical":"https:\/\/www.csj-emballages.com\/es\/produit\/50-cajitas-de-carton-de-colores-delicieux-18-x-8-cm\/","og_locale":"es_ES","og_type":"article","og_title":"Deliciosa caja de pasteler\u00eda de cart\u00f3n de color 18 x 8 cm, paquete de 50","og_description":"Descubre ahora nuestra gama D\u00e9licieux con nuestras cajas para pasteler\u00eda D\u00e9licieux de 18x8 cm, \u00a1ideales para panader\u00edas y pasteler\u00edas!","og_url":"https:\/\/www.csj-emballages.com\/es\/produit\/50-cajitas-de-carton-de-colores-delicieux-18-x-8-cm\/","og_site_name":"CSJ Emballages","article_publisher":"https:\/\/www.facebook.com\/csjemballages","article_modified_time":"2026-04-03T07:06:09+00:00","og_image":[{"width":800,"height":800,"url":"https:\/\/www.csj-emballages.com\/wp-content\/uploads\/2024\/03\/EVAN.webp","type":"image\/webp"}],"twitter_card":"summary_large_image","twitter_misc":{"Tiempo de lectura":"1 minuto"},"schema":{"@context":"https:\/\/schema.org","@graph":[{"@type":"WebPage","@id":"https:\/\/www.csj-emballages.com\/es\/produit\/50-cajitas-de-carton-de-colores-delicieux-18-x-8-cm\/","url":"https:\/\/www.csj-emballages.com\/es\/produit\/50-cajitas-de-carton-de-colores-delicieux-18-x-8-cm\/","name":"Cajas para pasteles deliciosos 18x8 cm \/ CSJ Emballages","isPartOf":{"@id":"https:\/\/www.csj-emballages.com\/es\/#website"},"primaryImageOfPage":{"@id":"https:\/\/www.csj-emballages.com\/es\/produit\/50-cajitas-de-carton-de-colores-delicieux-18-x-8-cm\/#primaryimage"},"image":{"@id":"https:\/\/www.csj-emballages.com\/es\/produit\/50-cajitas-de-carton-de-colores-delicieux-18-x-8-cm\/#primaryimage"},"thumbnailUrl":"https:\/\/www.csj-emballages.com\/wp-content\/uploads\/2024\/03\/EVAN.webp","datePublished":"2024-03-01T15:55:56+00:00","dateModified":"2026-04-03T07:06:09+00:00","description":"Descubre ahora nuestra gama D\u00e9licieux con nuestras cajas para pasteler\u00eda D\u00e9licieux de 18x8 cm, \u00a1ideales para panader\u00edas y pasteler\u00edas!","breadcrumb":{"@id":"https:\/\/www.csj-emballages.com\/es\/produit\/50-cajitas-de-carton-de-colores-delicieux-18-x-8-cm\/#breadcrumb"},"inLanguage":"es","potentialAction":[{"@type":"ReadAction","target":["https:\/\/www.csj-emballages.com\/es\/produit\/50-cajitas-de-carton-de-colores-delicieux-18-x-8-cm\/"]}]},{"@type":"ImageObject","inLanguage":"es","@id":"https:\/\/www.csj-emballages.com\/es\/produit\/50-cajitas-de-carton-de-colores-delicieux-18-x-8-cm\/#primaryimage","url":"https:\/\/www.csj-emballages.com\/wp-content\/uploads\/2024\/03\/EVAN.webp","contentUrl":"https:\/\/www.csj-emballages.com\/wp-content\/uploads\/2024\/03\/EVAN.webp","width":800,"height":800,"caption":"Boite p\u00e2tissi\u00e8re"},{"@type":"BreadcrumbList","@id":"https:\/\/www.csj-emballages.com\/es\/produit\/50-cajitas-de-carton-de-colores-delicieux-18-x-8-cm\/#breadcrumb","itemListElement":[{"@type":"ListItem","position":1,"name":"Accueil","item":"https:\/\/www.csj-emballages.com\/es\/universo-del-envasado-alimentario\/"},{"@type":"ListItem","position":2,"name":"Tienda","item":"https:\/\/www.csj-emballages.com\/tienda\/"},{"@type":"ListItem","position":3,"name":"Deliciosa caja de pasteler\u00eda de cart\u00f3n de color 18 x 8 cm, paquete de 50"}]},{"@type":"WebSite","@id":"https:\/\/www.csj-emballages.com\/es\/#website","url":"https:\/\/www.csj-emballages.com\/es\/","name":"CSJ Emballages","description":"","publisher":{"@id":"https:\/\/www.csj-emballages.com\/es\/#organization"},"potentialAction":[{"@type":"SearchAction","target":{"@type":"EntryPoint","urlTemplate":"https:\/\/www.csj-emballages.com\/es\/?s={search_term_string}"},"query-input":{"@type":"PropertyValueSpecification","valueRequired":true,"valueName":"search_term_string"}}],"inLanguage":"es"},{"@type":"Organization","@id":"https:\/\/www.csj-emballages.com\/es\/#Organization\/","name":"CSJ Emballages","url":"https:\/\/www.csj-emballages.com\/es\/","logo":{"@type":"ImageObject","inLanguage":"es","@id":"https:\/\/www.csj-emballages.com\/es\/#\/schema\/logo\/image\/","url":"https:\/\/www.csj-emballages.com\/wp-content\/uploads\/2023\/10\/logo_csj.webp","contentUrl":"https:\/\/www.csj-emballages.com\/wp-content\/uploads\/2023\/10\/logo_csj.webp","width":250,"height":95,"caption":"CSJ Emballages"},"image":{"@id":"https:\/\/www.csj-emballages.com\/es\/#\/schema\/logo\/image\/"},"sameAs":["https:\/\/www.facebook.com\/csjemballages"],"address":{"@type":"PostalAddress","streetAddress":"ZI La Lechere","addressLocality":"Patornay","postalCode":"39130","addressCountry":"FR"},"contactPoint":[{"@type":"ContactPoint","contactType":"Service client","telephone":"0384254272","email":"contact@csj-emballages.com"}]}]}},"df_price":13.2,"df_sale_price":13.2,"df_regular_price":16.88,"df_image_link":"https:\/\/www.csj-emballages.com\/wp-content\/uploads\/2024\/03\/EVAN-300x300.webp","tiered_pricing_type":"fixed","tiered_pricing_fixed_rules":[],"tiered_pricing_percentage_rules":[],"tiered_pricing_minimum":1,"tiered_pricing_roles_data":[],"_links":{"self":[{"href":"https:\/\/www.csj-emballages.com\/es\/wp-json\/wp\/v2\/product\/20082","targetHints":{"allow":["GET"]}}],"collection":[{"href":"https:\/\/www.csj-emballages.com\/es\/wp-json\/wp\/v2\/product"}],"about":[{"href":"https:\/\/www.csj-emballages.com\/es\/wp-json\/wp\/v2\/types\/product"}],"wp:featuredmedia":[{"embeddable":true,"href":"https:\/\/www.csj-emballages.com\/es\/wp-json\/wp\/v2\/media\/242436"}],"wp:attachment":[{"href":"https:\/\/www.csj-emballages.com\/es\/wp-json\/wp\/v2\/media?parent=20082"}],"wp:term":[{"taxonomy":"product_brand","embeddable":true,"href":"https:\/\/www.csj-emballages.com\/es\/wp-json\/wp\/v2\/product_brand?post=20082"},{"taxonomy":"product_cat","embeddable":true,"href":"https:\/\/www.csj-emballages.com\/es\/wp-json\/wp\/v2\/product_cat?post=20082"},{"taxonomy":"product_tag","embeddable":true,"href":"https:\/\/www.csj-emballages.com\/es\/wp-json\/wp\/v2\/product_tag?post=20082"}],"curies":[{"name":"wp","href":"https:\/\/api.w.org\/{rel}","templated":true}]}}