{"id":20066,"date":"2024-03-01T16:55:59","date_gmt":"2024-03-01T15:55:59","guid":{"rendered":"https:\/\/u15jnbdpoq.preview.infomaniak.website\/produit\/10-rollos-para-terminal-de-pago-tpe-57-x-40-12-mm\/"},"modified":"2026-04-15T17:00:27","modified_gmt":"2026-04-15T15:00:27","slug":"10-rollos-para-terminal-de-pago-tpe-57-x-40-12-mm","status":"publish","type":"product","link":"https:\/\/www.csj-emballages.com\/es\/produit\/10-rollos-para-terminal-de-pago-tpe-57-x-40-12-mm\/","title":{"rendered":"Rollo TPV para terminal de pago 57 x 40 + 12 mm, paquete de 10"},"content":{"rendered":"<h4>Rollo de TPE<\/h4>\n<hr>\n<h3>Descripci\u00f3n de nuestro rollo TPV para terminal de pago 57 x 40 + 12 mm, paquete de 10<\/h3>\n<p><!--more--><\/p>\n<p data-start=\"274\" data-end=\"611\">Cuando los pagos se suceden, es mejor poder contar con un consumible fiable. Este <strong data-start=\"365\" data-end=\"396\">rollo TPV de 57 x 40 + 12 mm<\/strong> se ha dise\u00f1ado para seguir el ritmo del d\u00eda a d\u00eda, sin sorpresas desagradables. Se instala f\u00e1cilmente en la mayor\u00eda de los <strong>terminales de pago<\/strong> y garantiza una <strong>impresi\u00f3n n\u00edtida<\/strong>, <strong>legible y regular<\/strong> en cada transacci\u00f3n.  <\/p>\n<p data-start=\"613\" data-end=\"922\">Gracias a su <strong>papel t\u00e9rmico<\/strong> de calidad, los <strong>tickets salen r\u00e1pidamente<\/strong>, sin manchas ni zonas borrosas. La informaci\u00f3n permanece bien visible, lo que evita las reimpresiones innecesarias y ahorra tiempo al cobrar. Es una gran ventaja, sobre todo en las horas punta, donde cada segundo cuenta.  <\/p>\n<p data-start=\"924\" data-end=\"1265\">De hecho, su <strong>formato est\u00e1ndar<\/strong> permite una compatibilidad extendida con <strong>muchos modelos de TPV<\/strong> utilizados en el comercio, la restauraci\u00f3n o en los mercados. Del mismo modo, el <strong>mandril de 12 mm<\/strong> asegura una buena sujeci\u00f3n del rollo en el aparato, lo que limita los bloqueos y los cortes en pleno cobro. Trabaja con m\u00e1s tranquilidad, sin interrupciones.  <\/p>\n<p data-start=\"1267\" data-end=\"1577\">Vendido <strong data-start=\"1273\" data-end=\"1290\">en lote de 10<\/strong>, este <strong>rollo TPV<\/strong> es ideal para anticipar las necesidades sin sobrecargar el espacio de almacenamiento. Siempre tiene a mano algo para reemplazar r\u00e1pidamente un rollo vac\u00edo y continuar su actividad sin estr\u00e9s. Adem\u00e1s, es una soluci\u00f3n sencilla, eficaz y perfectamente adaptada a un uso profesional regular.  <\/p>\n<p data-start=\"1579\" data-end=\"1759\">En resumen, este <strong>rollo TPV<\/strong> es un indispensable discreto pero esencial. Acompa\u00f1a cada pago con fiabilidad y le permite concentrarse en lo esencial: sus clientes. <\/p>\n<p data-start=\"1579\" data-end=\"1759\">\n<p data-start=\"1302\" data-end=\"1517\"><!--more--><\/p>\n<h4><strong>Ventajas :<\/strong><\/h4>\n<ul>\n<li data-start=\"1787\" data-end=\"1829\"><strong>Impresi\u00f3n t\u00e9rmica<\/strong> clara y regular.<\/li>\n<li data-start=\"1832\" data-end=\"1887\"><strong>Compatible<\/strong> con la mayor\u00eda <strong>de los terminales de pago<\/strong>.<\/li>\n<li data-start=\"1890\" data-end=\"1927\">Instalaci\u00f3n r\u00e1pida y sin bloqueos.<\/li>\n<li data-start=\"1930\" data-end=\"1967\"><strong>Mandril s\u00f3lido<\/strong> para una buena sujeci\u00f3n.<\/li>\n<li data-start=\"1970\" data-end=\"2008\"><strong>Lote de 10<\/strong> pr\u00e1ctico para el d\u00eda a d\u00eda.<\/li>\n<\/ul>\n<p>&nbsp;<\/p>\n<p><!--more--><\/p>\n<p><strong>Informaci\u00f3n adicional :  <\/strong><\/p>\n<ul>\n<li><strong>Envase<\/strong>: Paquete de 10<\/li>\n<li><strong>Dimensiones<\/strong>: 57 x 40 + 12 mm<\/li>\n<li><strong>Material<\/strong>: Papel t\u00e9rmico<\/li>\n<li><strong>Color<\/strong>: blanco<\/li>\n<\/ul>\n<p>&nbsp;<\/p>\n<p><!--more--><\/p>\n<p>Encuentre aqu\u00ed el tama\u00f1o superior disponible para este rollo TPV: <span style=\"color: #d12727;\"><a style=\"color: #d12727;\" href=\"https:\/\/www.csj-emballages.com\/es\/produit\/5-rollos-para-terminal-de-pago-tpe-57-x-60-12-mm\/\">BTH5760<\/a><\/span><\/p>\n<p>&nbsp;<\/p>\n<p><!--more--><\/p>\n<p><a href=\"https:\/\/www.csj-emballages.com\/es\/categorie-produit\/envasado-de-alimentos\/tienda-y-almacen\/rodillos\/rollos-de-caja-y-tarjetas-bancarias\/\">Consulte el resto de nuestra gama de rollos de cajas registradoras y tarjetas bancarias<\/a><\/p>\n","protected":false},"excerpt":{"rendered":"<p>Rollo de TPE Descripci\u00f3n de nuestro rollo TPV para terminal de pago 57 x 40 + 12 mm, paquete de 10<\/p>\n","protected":false},"featured_media":260606,"template":"","meta":{"_acf_changed":false},"product_brand":[],"product_cat":[1488,2309],"product_tag":[],"class_list":{"0":"post-20066","1":"product","2":"type-product","3":"status-publish","4":"has-post-thumbnail","6":"product_cat-tienda-y-almacen","7":"product_cat-rollos-de-caja-y-tarjetas-bancarias","9":"first","10":"instock","11":"taxable","12":"shipping-taxable","13":"purchasable","14":"product-type-simple"},"acf":[],"yoast_head":"<!-- This site is optimized with the Yoast SEO Premium plugin v26.6 (Yoast SEO v26.6) - https:\/\/yoast.com\/wordpress\/plugins\/seo\/ -->\n<title>Rollo TPV para terminal de pago 57 x 40 + 12 mm, paquete de 10<\/title>\n<meta name=\"description\" content=\"Rollo TPV de 57 x 40 + 12 mm, se vende en paquetes de 10. Papel t\u00e9rmico fiable, impresi\u00f3n n\u00edtida y compatible con la mayor\u00eda de los terminales de pago.\" \/>\n<meta name=\"robots\" content=\"index, follow, max-snippet:-1, max-image-preview:large, max-video-preview:-1\" \/>\n<link rel=\"canonical\" href=\"https:\/\/www.csj-emballages.com\/es\/produit\/10-rollos-para-terminal-de-pago-tpe-57-x-40-12-mm\/\" \/>\n<meta property=\"og:locale\" content=\"es_ES\" \/>\n<meta property=\"og:type\" content=\"article\" \/>\n<meta property=\"og:title\" content=\"Rollo TPV para terminal de pago 57 x 40 + 12 mm, paquete de 10\" \/>\n<meta property=\"og:description\" content=\"Rollo TPV de 57 x 40 + 12 mm, se vende en paquetes de 10. Papel t\u00e9rmico fiable, impresi\u00f3n n\u00edtida y compatible con la mayor\u00eda de los terminales de pago.\" \/>\n<meta property=\"og:url\" content=\"https:\/\/www.csj-emballages.com\/es\/produit\/10-rollos-para-terminal-de-pago-tpe-57-x-40-12-mm\/\" \/>\n<meta property=\"og:site_name\" content=\"CSJ Emballages\" \/>\n<meta property=\"article:publisher\" content=\"https:\/\/www.facebook.com\/csjemballages\" \/>\n<meta property=\"article:modified_time\" content=\"2026-04-15T15:00:27+00:00\" \/>\n<meta property=\"og:image\" content=\"https:\/\/www.csj-emballages.com\/wp-content\/uploads\/2024\/03\/BTH5740AL.webp\" \/>\n\t<meta property=\"og:image:width\" content=\"800\" \/>\n\t<meta property=\"og:image:height\" content=\"800\" \/>\n\t<meta property=\"og:image:type\" content=\"image\/webp\" \/>\n<meta name=\"twitter:card\" content=\"summary_large_image\" \/>\n<meta name=\"twitter:label1\" content=\"Tiempo de lectura\" \/>\n\t<meta name=\"twitter:data1\" content=\"2 minutos\" \/>\n<script type=\"application\/ld+json\" class=\"yoast-schema-graph\">{\"@context\":\"https:\/\/schema.org\",\"@graph\":[{\"@type\":\"WebPage\",\"@id\":\"https:\/\/www.csj-emballages.com\/es\/produit\/10-rollos-para-terminal-de-pago-tpe-57-x-40-12-mm\/\",\"url\":\"https:\/\/www.csj-emballages.com\/es\/produit\/10-rollos-para-terminal-de-pago-tpe-57-x-40-12-mm\/\",\"name\":\"Rollo TPV para terminal de pago 57 x 40 + 12 mm, paquete de 10\",\"isPartOf\":{\"@id\":\"https:\/\/www.csj-emballages.com\/es\/#website\"},\"primaryImageOfPage\":{\"@id\":\"https:\/\/www.csj-emballages.com\/es\/produit\/10-rollos-para-terminal-de-pago-tpe-57-x-40-12-mm\/#primaryimage\"},\"image\":{\"@id\":\"https:\/\/www.csj-emballages.com\/es\/produit\/10-rollos-para-terminal-de-pago-tpe-57-x-40-12-mm\/#primaryimage\"},\"thumbnailUrl\":\"https:\/\/www.csj-emballages.com\/wp-content\/uploads\/2024\/03\/BTH5740AL.webp\",\"datePublished\":\"2024-03-01T15:55:59+00:00\",\"dateModified\":\"2026-04-15T15:00:27+00:00\",\"description\":\"Rollo TPV de 57 x 40 + 12 mm, se vende en paquetes de 10. Papel t\u00e9rmico fiable, impresi\u00f3n n\u00edtida y compatible con la mayor\u00eda de los terminales de pago.\",\"breadcrumb\":{\"@id\":\"https:\/\/www.csj-emballages.com\/es\/produit\/10-rollos-para-terminal-de-pago-tpe-57-x-40-12-mm\/#breadcrumb\"},\"inLanguage\":\"es\",\"potentialAction\":[{\"@type\":\"ReadAction\",\"target\":[\"https:\/\/www.csj-emballages.com\/es\/produit\/10-rollos-para-terminal-de-pago-tpe-57-x-40-12-mm\/\"]}]},{\"@type\":\"ImageObject\",\"inLanguage\":\"es\",\"@id\":\"https:\/\/www.csj-emballages.com\/es\/produit\/10-rollos-para-terminal-de-pago-tpe-57-x-40-12-mm\/#primaryimage\",\"url\":\"https:\/\/www.csj-emballages.com\/wp-content\/uploads\/2024\/03\/BTH5740AL.webp\",\"contentUrl\":\"https:\/\/www.csj-emballages.com\/wp-content\/uploads\/2024\/03\/BTH5740AL.webp\",\"width\":800,\"height\":800,\"caption\":\"Rouleau TPE\"},{\"@type\":\"BreadcrumbList\",\"@id\":\"https:\/\/www.csj-emballages.com\/es\/produit\/10-rollos-para-terminal-de-pago-tpe-57-x-40-12-mm\/#breadcrumb\",\"itemListElement\":[{\"@type\":\"ListItem\",\"position\":1,\"name\":\"Accueil\",\"item\":\"https:\/\/www.csj-emballages.com\/es\/universo-del-envasado-alimentario\/\"},{\"@type\":\"ListItem\",\"position\":2,\"name\":\"Tienda\",\"item\":\"https:\/\/www.csj-emballages.com\/tienda\/\"},{\"@type\":\"ListItem\",\"position\":3,\"name\":\"Rollo TPV para terminal de pago 57 x 40 + 12 mm, paquete de 10\"}]},{\"@type\":\"WebSite\",\"@id\":\"https:\/\/www.csj-emballages.com\/es\/#website\",\"url\":\"https:\/\/www.csj-emballages.com\/es\/\",\"name\":\"CSJ Emballages\",\"description\":\"\",\"publisher\":{\"@id\":\"https:\/\/www.csj-emballages.com\/es\/#organization\"},\"potentialAction\":[{\"@type\":\"SearchAction\",\"target\":{\"@type\":\"EntryPoint\",\"urlTemplate\":\"https:\/\/www.csj-emballages.com\/es\/?s={search_term_string}\"},\"query-input\":{\"@type\":\"PropertyValueSpecification\",\"valueRequired\":true,\"valueName\":\"search_term_string\"}}],\"inLanguage\":\"es\"},{\"@type\":\"Organization\",\"@id\":\"https:\/\/www.csj-emballages.com\/es\/#Organization\/\",\"name\":\"CSJ Emballages\",\"url\":\"https:\/\/www.csj-emballages.com\/es\/\",\"logo\":{\"@type\":\"ImageObject\",\"inLanguage\":\"es\",\"@id\":\"https:\/\/www.csj-emballages.com\/es\/#\/schema\/logo\/image\/\",\"url\":\"https:\/\/www.csj-emballages.com\/wp-content\/uploads\/2023\/10\/logo_csj.webp\",\"contentUrl\":\"https:\/\/www.csj-emballages.com\/wp-content\/uploads\/2023\/10\/logo_csj.webp\",\"width\":250,\"height\":95,\"caption\":\"CSJ Emballages\"},\"image\":{\"@id\":\"https:\/\/www.csj-emballages.com\/es\/#\/schema\/logo\/image\/\"},\"sameAs\":[\"https:\/\/www.facebook.com\/csjemballages\"],\"address\":{\"@type\":\"PostalAddress\",\"streetAddress\":\"ZI La Lechere\",\"addressLocality\":\"Patornay\",\"postalCode\":\"39130\",\"addressCountry\":\"FR\"},\"contactPoint\":[{\"@type\":\"ContactPoint\",\"contactType\":\"Service client\",\"telephone\":\"0384254272\",\"email\":\"contact@csj-emballages.com\"}]}]}<\/script>\n<!-- \/ Yoast SEO Premium plugin. -->","yoast_head_json":{"title":"Rollo TPV para terminal de pago 57 x 40 + 12 mm, paquete de 10","description":"Rollo TPV de 57 x 40 + 12 mm, se vende en paquetes de 10. Papel t\u00e9rmico fiable, impresi\u00f3n n\u00edtida y compatible con la mayor\u00eda de los terminales de pago.","robots":{"index":"index","follow":"follow","max-snippet":"max-snippet:-1","max-image-preview":"max-image-preview:large","max-video-preview":"max-video-preview:-1"},"canonical":"https:\/\/www.csj-emballages.com\/es\/produit\/10-rollos-para-terminal-de-pago-tpe-57-x-40-12-mm\/","og_locale":"es_ES","og_type":"article","og_title":"Rollo TPV para terminal de pago 57 x 40 + 12 mm, paquete de 10","og_description":"Rollo TPV de 57 x 40 + 12 mm, se vende en paquetes de 10. Papel t\u00e9rmico fiable, impresi\u00f3n n\u00edtida y compatible con la mayor\u00eda de los terminales de pago.","og_url":"https:\/\/www.csj-emballages.com\/es\/produit\/10-rollos-para-terminal-de-pago-tpe-57-x-40-12-mm\/","og_site_name":"CSJ Emballages","article_publisher":"https:\/\/www.facebook.com\/csjemballages","article_modified_time":"2026-04-15T15:00:27+00:00","og_image":[{"width":800,"height":800,"url":"https:\/\/www.csj-emballages.com\/wp-content\/uploads\/2024\/03\/BTH5740AL.webp","type":"image\/webp"}],"twitter_card":"summary_large_image","twitter_misc":{"Tiempo de lectura":"2 minutos"},"schema":{"@context":"https:\/\/schema.org","@graph":[{"@type":"WebPage","@id":"https:\/\/www.csj-emballages.com\/es\/produit\/10-rollos-para-terminal-de-pago-tpe-57-x-40-12-mm\/","url":"https:\/\/www.csj-emballages.com\/es\/produit\/10-rollos-para-terminal-de-pago-tpe-57-x-40-12-mm\/","name":"Rollo TPV para terminal de pago 57 x 40 + 12 mm, paquete de 10","isPartOf":{"@id":"https:\/\/www.csj-emballages.com\/es\/#website"},"primaryImageOfPage":{"@id":"https:\/\/www.csj-emballages.com\/es\/produit\/10-rollos-para-terminal-de-pago-tpe-57-x-40-12-mm\/#primaryimage"},"image":{"@id":"https:\/\/www.csj-emballages.com\/es\/produit\/10-rollos-para-terminal-de-pago-tpe-57-x-40-12-mm\/#primaryimage"},"thumbnailUrl":"https:\/\/www.csj-emballages.com\/wp-content\/uploads\/2024\/03\/BTH5740AL.webp","datePublished":"2024-03-01T15:55:59+00:00","dateModified":"2026-04-15T15:00:27+00:00","description":"Rollo TPV de 57 x 40 + 12 mm, se vende en paquetes de 10. Papel t\u00e9rmico fiable, impresi\u00f3n n\u00edtida y compatible con la mayor\u00eda de los terminales de pago.","breadcrumb":{"@id":"https:\/\/www.csj-emballages.com\/es\/produit\/10-rollos-para-terminal-de-pago-tpe-57-x-40-12-mm\/#breadcrumb"},"inLanguage":"es","potentialAction":[{"@type":"ReadAction","target":["https:\/\/www.csj-emballages.com\/es\/produit\/10-rollos-para-terminal-de-pago-tpe-57-x-40-12-mm\/"]}]},{"@type":"ImageObject","inLanguage":"es","@id":"https:\/\/www.csj-emballages.com\/es\/produit\/10-rollos-para-terminal-de-pago-tpe-57-x-40-12-mm\/#primaryimage","url":"https:\/\/www.csj-emballages.com\/wp-content\/uploads\/2024\/03\/BTH5740AL.webp","contentUrl":"https:\/\/www.csj-emballages.com\/wp-content\/uploads\/2024\/03\/BTH5740AL.webp","width":800,"height":800,"caption":"Rouleau TPE"},{"@type":"BreadcrumbList","@id":"https:\/\/www.csj-emballages.com\/es\/produit\/10-rollos-para-terminal-de-pago-tpe-57-x-40-12-mm\/#breadcrumb","itemListElement":[{"@type":"ListItem","position":1,"name":"Accueil","item":"https:\/\/www.csj-emballages.com\/es\/universo-del-envasado-alimentario\/"},{"@type":"ListItem","position":2,"name":"Tienda","item":"https:\/\/www.csj-emballages.com\/tienda\/"},{"@type":"ListItem","position":3,"name":"Rollo TPV para terminal de pago 57 x 40 + 12 mm, paquete de 10"}]},{"@type":"WebSite","@id":"https:\/\/www.csj-emballages.com\/es\/#website","url":"https:\/\/www.csj-emballages.com\/es\/","name":"CSJ Emballages","description":"","publisher":{"@id":"https:\/\/www.csj-emballages.com\/es\/#organization"},"potentialAction":[{"@type":"SearchAction","target":{"@type":"EntryPoint","urlTemplate":"https:\/\/www.csj-emballages.com\/es\/?s={search_term_string}"},"query-input":{"@type":"PropertyValueSpecification","valueRequired":true,"valueName":"search_term_string"}}],"inLanguage":"es"},{"@type":"Organization","@id":"https:\/\/www.csj-emballages.com\/es\/#Organization\/","name":"CSJ Emballages","url":"https:\/\/www.csj-emballages.com\/es\/","logo":{"@type":"ImageObject","inLanguage":"es","@id":"https:\/\/www.csj-emballages.com\/es\/#\/schema\/logo\/image\/","url":"https:\/\/www.csj-emballages.com\/wp-content\/uploads\/2023\/10\/logo_csj.webp","contentUrl":"https:\/\/www.csj-emballages.com\/wp-content\/uploads\/2023\/10\/logo_csj.webp","width":250,"height":95,"caption":"CSJ Emballages"},"image":{"@id":"https:\/\/www.csj-emballages.com\/es\/#\/schema\/logo\/image\/"},"sameAs":["https:\/\/www.facebook.com\/csjemballages"],"address":{"@type":"PostalAddress","streetAddress":"ZI La Lechere","addressLocality":"Patornay","postalCode":"39130","addressCountry":"FR"},"contactPoint":[{"@type":"ContactPoint","contactType":"Service client","telephone":"0384254272","email":"contact@csj-emballages.com"}]}]}},"df_price":3.38,"df_sale_price":"","df_regular_price":3.38,"df_image_link":"https:\/\/www.csj-emballages.com\/wp-content\/uploads\/2024\/03\/BTH5740AL-300x300.webp","tiered_pricing_type":"fixed","tiered_pricing_fixed_rules":[],"tiered_pricing_percentage_rules":[],"tiered_pricing_minimum":1,"tiered_pricing_roles_data":[],"_links":{"self":[{"href":"https:\/\/www.csj-emballages.com\/es\/wp-json\/wp\/v2\/product\/20066","targetHints":{"allow":["GET"]}}],"collection":[{"href":"https:\/\/www.csj-emballages.com\/es\/wp-json\/wp\/v2\/product"}],"about":[{"href":"https:\/\/www.csj-emballages.com\/es\/wp-json\/wp\/v2\/types\/product"}],"wp:featuredmedia":[{"embeddable":true,"href":"https:\/\/www.csj-emballages.com\/es\/wp-json\/wp\/v2\/media\/260606"}],"wp:attachment":[{"href":"https:\/\/www.csj-emballages.com\/es\/wp-json\/wp\/v2\/media?parent=20066"}],"wp:term":[{"taxonomy":"product_brand","embeddable":true,"href":"https:\/\/www.csj-emballages.com\/es\/wp-json\/wp\/v2\/product_brand?post=20066"},{"taxonomy":"product_cat","embeddable":true,"href":"https:\/\/www.csj-emballages.com\/es\/wp-json\/wp\/v2\/product_cat?post=20066"},{"taxonomy":"product_tag","embeddable":true,"href":"https:\/\/www.csj-emballages.com\/es\/wp-json\/wp\/v2\/product_tag?post=20066"}],"curies":[{"name":"wp","href":"https:\/\/api.w.org\/{rel}","templated":true}]}}