{"id":19983,"date":"2024-03-01T16:56:02","date_gmt":"2024-03-01T15:56:02","guid":{"rendered":"https:\/\/u15jnbdpoq.preview.infomaniak.website\/produit\/25-cajas-rectangulares-kraft-para-catering-345-x-258-x-6-cm\/"},"modified":"2026-04-29T02:12:08","modified_gmt":"2026-04-29T00:12:08","slug":"25-cajas-rectangulares-kraft-para-catering-345-x-258-x-6-cm","status":"publish","type":"product","link":"https:\/\/www.csj-emballages.com\/es\/produit\/25-cajas-rectangulares-kraft-para-catering-345-x-258-x-6-cm\/","title":{"rendered":"Caja rectangular de cart\u00f3n para catering 34,5 x 25,8 x 6 cm, paquete de 25"},"content":{"rendered":"<h2>Caja de catering<\/h2>\n<hr>\n<h3>Descripci\u00f3n de nuestra caja rectangular de cart\u00f3n para catering 34,5 x 25,8 x 6 cm, paquete de 25<\/h3>\n<p><!--more--><\/p>\n<p data-start=\"83\" data-end=\"434\">Esta <strong data-start=\"117\" data-end=\"159\">caja rectangular de cart\u00f3n para catering<\/strong> es la soluci\u00f3n ideal para embalar y transportar sus preparaciones culinarias. Dise\u00f1ada para satisfacer las necesidades de empresas de catering, restaurantes y particulares, ofrece una alternativa ecol\u00f3gica y est\u00e9tica a los envases de pl\u00e1stico tradicionales. <\/p>\n<p data-start=\"436\" data-end=\"759\">Con sus generosas dimensiones de<strong data-start=\"445\" data-end=\"491\"> 34,5 x 25,8 x 6 cm<\/strong>, puede contener una gran variedad de platos: buffets fr\u00edos, preparaciones calientes, boller\u00eda, embutidos y platos preparados. Su dise\u00f1o sobrio y elegante realza sus platos a la vez que garantiza una f\u00e1cil manipulaci\u00f3n y un transporte seguro. <\/p>\n<p data-start=\"761\" data-end=\"990\">Fabricada en <strong data-start=\"774\" data-end=\"796\">cart\u00f3n<\/strong>, esta resistente <strong>caja<\/strong> mantiene sus alimentos frescos y de la m\u00e1xima calidad. Apilable y ligera, optimiza el almacenamiento y facilita la organizaci\u00f3n en la cocina o en eventos. <\/p>\n<p data-start=\"108\" data-end=\"487\"><!--more--><\/p>\n<h4>Sus ventajas:<\/h4>\n<ul>\n<li data-start=\"1014\" data-end=\"1114\"><strong data-start=\"1016\" data-end=\"1036\">Material robusto<\/strong>: fabricado en cart\u00f3n grueso, garantiza una buena resistencia a los golpes y a la humedad.<\/li>\n<li data-start=\"1115\" data-end=\"1206\"><strong data-start=\"1117\" data-end=\"1131\">Ecol\u00f3gico<\/strong>: Una alternativa sostenible y reciclable que reduce el impacto medioambiental.<\/li>\n<li data-start=\"1207\" data-end=\"1295\"><strong data-start=\"1209\" data-end=\"1228\">Gran capacidad<\/strong>: Formato adecuado para platos grandes o surtidos variados.<\/li>\n<li data-start=\"1296\" data-end=\"1392\"><strong data-start=\"1298\" data-end=\"1313\">Vers\u00e1til<\/strong>: Ideal para catering, comida para llevar, buffets y eventos.<\/li>\n<li data-start=\"1393\" data-end=\"1471\"><strong data-start=\"1395\" data-end=\"1421\">Facilidad de uso<\/strong>: f\u00e1cil de apilar, almacenar y manejar.<\/li>\n<li data-start=\"1472\" data-end=\"1558\"><strong data-start=\"1474\" data-end=\"1498\">Presentaci\u00f3n cuidada<\/strong>: dise\u00f1o sencillo y elegante para realzar sus creaciones.<\/li>\n<\/ul>\n<p>&nbsp;<\/p>\n<p><!--more--><\/p>\n<h4>Informaci\u00f3n adicional :<\/h4>\n<ul>\n<li><strong>Envase<\/strong>: Paquete de 25<\/li>\n<li><strong>Dimensiones<\/strong>: 34,5 x 25,8 x 6 cm<\/li>\n<li><strong>Material<\/strong>: Cart\u00f3n<\/li>\n<li><strong>Color<\/strong>: Marr\u00f3n<\/li>\n<li><strong>Tipo de tapa<\/strong>: Bisagra<\/li>\n<\/ul>\n<p>&nbsp;<\/p>\n<p><!--more--><\/p>\n<p>Encuentre aqu\u00ed las bandejas de catering compatibles con esta caja de catering : <span style=\"color: #d12727;\"><a style=\"color: #d12727;\" href=\"https:\/\/www.csj-emballages.com\/es\/produit\/25-bandejas-de-catering-doradas-25-x-34-cm\/\">PLTOR2534<\/a><\/span><\/p>\n<p>&nbsp;<\/p>\n<p><!--more--><\/p>\n<p><a href=\"https:\/\/www.csj-emballages.com\/es\/categorie-produit\/envasado-de-alimentos\/carniceria-y-charcuteria\/bandejas-latas-y-tarros\/cajas-almuerzos-para-catering\/\">Ver el resto de nuestra gama de cajas para catering<\/a><\/p>\n","protected":false},"excerpt":{"rendered":"<p>Caja de catering Descripci\u00f3n de nuestra caja rectangular de cart\u00f3n para catering 34,5 x 25,8 x 6 cm, paquete de 25<\/p>\n","protected":false},"featured_media":10145,"template":"","meta":{"_acf_changed":false},"product_brand":[],"product_cat":[1150,1143,1142,1145,3868,1259,3120],"product_tag":[],"class_list":{"0":"post-19983","1":"product","2":"type-product","3":"status-publish","4":"has-post-thumbnail","6":"product_cat-envasado-de-alimentos","7":"product_cat-carniceria-y-charcuteria","8":"product_cat-cajas-almuerzos-para-catering","9":"product_cat-panaderia-y-pasteleria","10":"product_cat-cajas-y-estuches","11":"product_cat-cajas-para-pasteles","12":"product_cat-latas-de-postre","14":"first","15":"instock","16":"taxable","17":"shipping-taxable","18":"purchasable","19":"product-type-simple"},"acf":[],"yoast_head":"<!-- This site is optimized with the Yoast SEO Premium plugin v26.6 (Yoast SEO v26.6) - https:\/\/yoast.com\/wordpress\/plugins\/seo\/ -->\n<title>Caja rectangular de cart\u00f3n para catering 34,5 x 25,8 x 6 cm, 25 unidades<\/title>\n<meta name=\"description\" content=\"Caja rectangular de cart\u00f3n para catering de 34 x 25 x 6 cm. Ideal para hosteleros y restauradores, garantiza un transporte seguro y una presentaci\u00f3n cuidada.\" \/>\n<meta name=\"robots\" content=\"index, follow, max-snippet:-1, max-image-preview:large, max-video-preview:-1\" \/>\n<link rel=\"canonical\" href=\"https:\/\/www.csj-emballages.com\/es\/produit\/25-cajas-rectangulares-kraft-para-catering-345-x-258-x-6-cm\/\" \/>\n<meta property=\"og:locale\" content=\"es_ES\" \/>\n<meta property=\"og:type\" content=\"article\" \/>\n<meta property=\"og:title\" content=\"Caja rectangular de cart\u00f3n para catering 34,5 x 25,8 x 6 cm, paquete de 25\" \/>\n<meta property=\"og:description\" content=\"Caja rectangular de cart\u00f3n para catering de 34 x 25 x 6 cm. Ideal para hosteleros y restauradores, garantiza un transporte seguro y una presentaci\u00f3n cuidada.\" \/>\n<meta property=\"og:url\" content=\"https:\/\/www.csj-emballages.com\/es\/produit\/25-cajas-rectangulares-kraft-para-catering-345-x-258-x-6-cm\/\" \/>\n<meta property=\"og:site_name\" content=\"CSJ Emballages\" \/>\n<meta property=\"article:publisher\" content=\"https:\/\/www.facebook.com\/csjemballages\" \/>\n<meta property=\"article:modified_time\" content=\"2026-04-29T00:12:08+00:00\" \/>\n<meta property=\"og:image\" content=\"https:\/\/www.csj-emballages.com\/wp-content\/uploads\/2024\/03\/boite-traiteur-lunch-carton-rectangle-verrine-plateau-kraft-qualite-apero-bu-jpg.webp\" \/>\n\t<meta property=\"og:image:width\" content=\"800\" \/>\n\t<meta property=\"og:image:height\" content=\"800\" \/>\n\t<meta property=\"og:image:type\" content=\"image\/jpeg\" \/>\n<meta name=\"twitter:card\" content=\"summary_large_image\" \/>\n<meta name=\"twitter:label1\" content=\"Tiempo de lectura\" \/>\n\t<meta name=\"twitter:data1\" content=\"1 minuto\" \/>\n<script type=\"application\/ld+json\" class=\"yoast-schema-graph\">{\"@context\":\"https:\/\/schema.org\",\"@graph\":[{\"@type\":\"WebPage\",\"@id\":\"https:\/\/www.csj-emballages.com\/es\/produit\/25-cajas-rectangulares-kraft-para-catering-345-x-258-x-6-cm\/\",\"url\":\"https:\/\/www.csj-emballages.com\/es\/produit\/25-cajas-rectangulares-kraft-para-catering-345-x-258-x-6-cm\/\",\"name\":\"Caja rectangular de cart\u00f3n para catering 34,5 x 25,8 x 6 cm, 25 unidades\",\"isPartOf\":{\"@id\":\"https:\/\/www.csj-emballages.com\/es\/#website\"},\"primaryImageOfPage\":{\"@id\":\"https:\/\/www.csj-emballages.com\/es\/produit\/25-cajas-rectangulares-kraft-para-catering-345-x-258-x-6-cm\/#primaryimage\"},\"image\":{\"@id\":\"https:\/\/www.csj-emballages.com\/es\/produit\/25-cajas-rectangulares-kraft-para-catering-345-x-258-x-6-cm\/#primaryimage\"},\"thumbnailUrl\":\"https:\/\/www.csj-emballages.com\/wp-content\/uploads\/2024\/03\/boite-traiteur-lunch-carton-rectangle-verrine-plateau-kraft-qualite-apero-bu-jpg.webp\",\"datePublished\":\"2024-03-01T15:56:02+00:00\",\"dateModified\":\"2026-04-29T00:12:08+00:00\",\"description\":\"Caja rectangular de cart\u00f3n para catering de 34 x 25 x 6 cm. Ideal para hosteleros y restauradores, garantiza un transporte seguro y una presentaci\u00f3n cuidada.\",\"breadcrumb\":{\"@id\":\"https:\/\/www.csj-emballages.com\/es\/produit\/25-cajas-rectangulares-kraft-para-catering-345-x-258-x-6-cm\/#breadcrumb\"},\"inLanguage\":\"es\",\"potentialAction\":[{\"@type\":\"ReadAction\",\"target\":[\"https:\/\/www.csj-emballages.com\/es\/produit\/25-cajas-rectangulares-kraft-para-catering-345-x-258-x-6-cm\/\"]}]},{\"@type\":\"ImageObject\",\"inLanguage\":\"es\",\"@id\":\"https:\/\/www.csj-emballages.com\/es\/produit\/25-cajas-rectangulares-kraft-para-catering-345-x-258-x-6-cm\/#primaryimage\",\"url\":\"https:\/\/www.csj-emballages.com\/wp-content\/uploads\/2024\/03\/boite-traiteur-lunch-carton-rectangle-verrine-plateau-kraft-qualite-apero-bu-jpg.webp\",\"contentUrl\":\"https:\/\/www.csj-emballages.com\/wp-content\/uploads\/2024\/03\/boite-traiteur-lunch-carton-rectangle-verrine-plateau-kraft-qualite-apero-bu-jpg.webp\",\"width\":800,\"height\":800,\"caption\":\"boite traiteur\"},{\"@type\":\"BreadcrumbList\",\"@id\":\"https:\/\/www.csj-emballages.com\/es\/produit\/25-cajas-rectangulares-kraft-para-catering-345-x-258-x-6-cm\/#breadcrumb\",\"itemListElement\":[{\"@type\":\"ListItem\",\"position\":1,\"name\":\"Accueil\",\"item\":\"https:\/\/www.csj-emballages.com\/es\/universo-del-envasado-alimentario\/\"},{\"@type\":\"ListItem\",\"position\":2,\"name\":\"Tienda\",\"item\":\"https:\/\/www.csj-emballages.com\/tienda\/\"},{\"@type\":\"ListItem\",\"position\":3,\"name\":\"Caja rectangular de cart\u00f3n para catering 34,5 x 25,8 x 6 cm, paquete de 25\"}]},{\"@type\":\"WebSite\",\"@id\":\"https:\/\/www.csj-emballages.com\/es\/#website\",\"url\":\"https:\/\/www.csj-emballages.com\/es\/\",\"name\":\"CSJ Emballages\",\"description\":\"\",\"publisher\":{\"@id\":\"https:\/\/www.csj-emballages.com\/es\/#organization\"},\"potentialAction\":[{\"@type\":\"SearchAction\",\"target\":{\"@type\":\"EntryPoint\",\"urlTemplate\":\"https:\/\/www.csj-emballages.com\/es\/?s={search_term_string}\"},\"query-input\":{\"@type\":\"PropertyValueSpecification\",\"valueRequired\":true,\"valueName\":\"search_term_string\"}}],\"inLanguage\":\"es\"},{\"@type\":\"Organization\",\"@id\":\"https:\/\/www.csj-emballages.com\/es\/#Organization\/\",\"name\":\"CSJ Emballages\",\"url\":\"https:\/\/www.csj-emballages.com\/es\/\",\"logo\":{\"@type\":\"ImageObject\",\"inLanguage\":\"es\",\"@id\":\"https:\/\/www.csj-emballages.com\/es\/#\/schema\/logo\/image\/\",\"url\":\"https:\/\/www.csj-emballages.com\/wp-content\/uploads\/2023\/10\/logo_csj.webp\",\"contentUrl\":\"https:\/\/www.csj-emballages.com\/wp-content\/uploads\/2023\/10\/logo_csj.webp\",\"width\":250,\"height\":95,\"caption\":\"CSJ Emballages\"},\"image\":{\"@id\":\"https:\/\/www.csj-emballages.com\/es\/#\/schema\/logo\/image\/\"},\"sameAs\":[\"https:\/\/www.facebook.com\/csjemballages\"],\"address\":{\"@type\":\"PostalAddress\",\"streetAddress\":\"ZI La Lechere\",\"addressLocality\":\"Patornay\",\"postalCode\":\"39130\",\"addressCountry\":\"FR\"},\"contactPoint\":[{\"@type\":\"ContactPoint\",\"contactType\":\"Service client\",\"telephone\":\"0384254272\",\"email\":\"contact@csj-emballages.com\"}]}]}<\/script>\n<!-- \/ Yoast SEO Premium plugin. -->","yoast_head_json":{"title":"Caja rectangular de cart\u00f3n para catering 34,5 x 25,8 x 6 cm, 25 unidades","description":"Caja rectangular de cart\u00f3n para catering de 34 x 25 x 6 cm. Ideal para hosteleros y restauradores, garantiza un transporte seguro y una presentaci\u00f3n cuidada.","robots":{"index":"index","follow":"follow","max-snippet":"max-snippet:-1","max-image-preview":"max-image-preview:large","max-video-preview":"max-video-preview:-1"},"canonical":"https:\/\/www.csj-emballages.com\/es\/produit\/25-cajas-rectangulares-kraft-para-catering-345-x-258-x-6-cm\/","og_locale":"es_ES","og_type":"article","og_title":"Caja rectangular de cart\u00f3n para catering 34,5 x 25,8 x 6 cm, paquete de 25","og_description":"Caja rectangular de cart\u00f3n para catering de 34 x 25 x 6 cm. Ideal para hosteleros y restauradores, garantiza un transporte seguro y una presentaci\u00f3n cuidada.","og_url":"https:\/\/www.csj-emballages.com\/es\/produit\/25-cajas-rectangulares-kraft-para-catering-345-x-258-x-6-cm\/","og_site_name":"CSJ Emballages","article_publisher":"https:\/\/www.facebook.com\/csjemballages","article_modified_time":"2026-04-29T00:12:08+00:00","og_image":[{"width":800,"height":800,"url":"https:\/\/www.csj-emballages.com\/wp-content\/uploads\/2024\/03\/boite-traiteur-lunch-carton-rectangle-verrine-plateau-kraft-qualite-apero-bu-jpg.webp","type":"image\/jpeg"}],"twitter_card":"summary_large_image","twitter_misc":{"Tiempo de lectura":"1 minuto"},"schema":{"@context":"https:\/\/schema.org","@graph":[{"@type":"WebPage","@id":"https:\/\/www.csj-emballages.com\/es\/produit\/25-cajas-rectangulares-kraft-para-catering-345-x-258-x-6-cm\/","url":"https:\/\/www.csj-emballages.com\/es\/produit\/25-cajas-rectangulares-kraft-para-catering-345-x-258-x-6-cm\/","name":"Caja rectangular de cart\u00f3n para catering 34,5 x 25,8 x 6 cm, 25 unidades","isPartOf":{"@id":"https:\/\/www.csj-emballages.com\/es\/#website"},"primaryImageOfPage":{"@id":"https:\/\/www.csj-emballages.com\/es\/produit\/25-cajas-rectangulares-kraft-para-catering-345-x-258-x-6-cm\/#primaryimage"},"image":{"@id":"https:\/\/www.csj-emballages.com\/es\/produit\/25-cajas-rectangulares-kraft-para-catering-345-x-258-x-6-cm\/#primaryimage"},"thumbnailUrl":"https:\/\/www.csj-emballages.com\/wp-content\/uploads\/2024\/03\/boite-traiteur-lunch-carton-rectangle-verrine-plateau-kraft-qualite-apero-bu-jpg.webp","datePublished":"2024-03-01T15:56:02+00:00","dateModified":"2026-04-29T00:12:08+00:00","description":"Caja rectangular de cart\u00f3n para catering de 34 x 25 x 6 cm. Ideal para hosteleros y restauradores, garantiza un transporte seguro y una presentaci\u00f3n cuidada.","breadcrumb":{"@id":"https:\/\/www.csj-emballages.com\/es\/produit\/25-cajas-rectangulares-kraft-para-catering-345-x-258-x-6-cm\/#breadcrumb"},"inLanguage":"es","potentialAction":[{"@type":"ReadAction","target":["https:\/\/www.csj-emballages.com\/es\/produit\/25-cajas-rectangulares-kraft-para-catering-345-x-258-x-6-cm\/"]}]},{"@type":"ImageObject","inLanguage":"es","@id":"https:\/\/www.csj-emballages.com\/es\/produit\/25-cajas-rectangulares-kraft-para-catering-345-x-258-x-6-cm\/#primaryimage","url":"https:\/\/www.csj-emballages.com\/wp-content\/uploads\/2024\/03\/boite-traiteur-lunch-carton-rectangle-verrine-plateau-kraft-qualite-apero-bu-jpg.webp","contentUrl":"https:\/\/www.csj-emballages.com\/wp-content\/uploads\/2024\/03\/boite-traiteur-lunch-carton-rectangle-verrine-plateau-kraft-qualite-apero-bu-jpg.webp","width":800,"height":800,"caption":"boite traiteur"},{"@type":"BreadcrumbList","@id":"https:\/\/www.csj-emballages.com\/es\/produit\/25-cajas-rectangulares-kraft-para-catering-345-x-258-x-6-cm\/#breadcrumb","itemListElement":[{"@type":"ListItem","position":1,"name":"Accueil","item":"https:\/\/www.csj-emballages.com\/es\/universo-del-envasado-alimentario\/"},{"@type":"ListItem","position":2,"name":"Tienda","item":"https:\/\/www.csj-emballages.com\/tienda\/"},{"@type":"ListItem","position":3,"name":"Caja rectangular de cart\u00f3n para catering 34,5 x 25,8 x 6 cm, paquete de 25"}]},{"@type":"WebSite","@id":"https:\/\/www.csj-emballages.com\/es\/#website","url":"https:\/\/www.csj-emballages.com\/es\/","name":"CSJ Emballages","description":"","publisher":{"@id":"https:\/\/www.csj-emballages.com\/es\/#organization"},"potentialAction":[{"@type":"SearchAction","target":{"@type":"EntryPoint","urlTemplate":"https:\/\/www.csj-emballages.com\/es\/?s={search_term_string}"},"query-input":{"@type":"PropertyValueSpecification","valueRequired":true,"valueName":"search_term_string"}}],"inLanguage":"es"},{"@type":"Organization","@id":"https:\/\/www.csj-emballages.com\/es\/#Organization\/","name":"CSJ Emballages","url":"https:\/\/www.csj-emballages.com\/es\/","logo":{"@type":"ImageObject","inLanguage":"es","@id":"https:\/\/www.csj-emballages.com\/es\/#\/schema\/logo\/image\/","url":"https:\/\/www.csj-emballages.com\/wp-content\/uploads\/2023\/10\/logo_csj.webp","contentUrl":"https:\/\/www.csj-emballages.com\/wp-content\/uploads\/2023\/10\/logo_csj.webp","width":250,"height":95,"caption":"CSJ Emballages"},"image":{"@id":"https:\/\/www.csj-emballages.com\/es\/#\/schema\/logo\/image\/"},"sameAs":["https:\/\/www.facebook.com\/csjemballages"],"address":{"@type":"PostalAddress","streetAddress":"ZI La Lechere","addressLocality":"Patornay","postalCode":"39130","addressCountry":"FR"},"contactPoint":[{"@type":"ContactPoint","contactType":"Service client","telephone":"0384254272","email":"contact@csj-emballages.com"}]}]}},"df_price":14.66,"df_sale_price":"","df_regular_price":14.66,"df_image_link":"https:\/\/www.csj-emballages.com\/wp-content\/uploads\/2024\/03\/boite-traiteur-lunch-carton-rectangle-verrine-plateau-kraft-qualite-apero-bu-300x300.webp","tiered_pricing_type":"fixed","tiered_pricing_fixed_rules":[],"tiered_pricing_percentage_rules":[],"tiered_pricing_minimum":1,"tiered_pricing_roles_data":[],"_links":{"self":[{"href":"https:\/\/www.csj-emballages.com\/es\/wp-json\/wp\/v2\/product\/19983","targetHints":{"allow":["GET"]}}],"collection":[{"href":"https:\/\/www.csj-emballages.com\/es\/wp-json\/wp\/v2\/product"}],"about":[{"href":"https:\/\/www.csj-emballages.com\/es\/wp-json\/wp\/v2\/types\/product"}],"wp:featuredmedia":[{"embeddable":true,"href":"https:\/\/www.csj-emballages.com\/es\/wp-json\/wp\/v2\/media\/10145"}],"wp:attachment":[{"href":"https:\/\/www.csj-emballages.com\/es\/wp-json\/wp\/v2\/media?parent=19983"}],"wp:term":[{"taxonomy":"product_brand","embeddable":true,"href":"https:\/\/www.csj-emballages.com\/es\/wp-json\/wp\/v2\/product_brand?post=19983"},{"taxonomy":"product_cat","embeddable":true,"href":"https:\/\/www.csj-emballages.com\/es\/wp-json\/wp\/v2\/product_cat?post=19983"},{"taxonomy":"product_tag","embeddable":true,"href":"https:\/\/www.csj-emballages.com\/es\/wp-json\/wp\/v2\/product_tag?post=19983"}],"curies":[{"name":"wp","href":"https:\/\/api.w.org\/{rel}","templated":true}]}}