{"id":19981,"date":"2024-03-01T16:56:03","date_gmt":"2024-03-01T15:56:03","guid":{"rendered":"https:\/\/u15jnbdpoq.preview.infomaniak.website\/produit\/60-cajas-para-ensalada-de-carton-kraft-con-ventana-160-x-160-x-50-mm\/"},"modified":"2026-04-04T02:11:20","modified_gmt":"2026-04-04T00:11:20","slug":"60-cajas-para-ensalada-de-carton-kraft-con-ventana-160-x-160-x-50-mm","status":"publish","type":"product","link":"https:\/\/www.csj-emballages.com\/es\/produit\/60-cajas-para-ensalada-de-carton-kraft-con-ventana-160-x-160-x-50-mm\/","title":{"rendered":"Ensaladera con ventana 160 x 160 x 50 mm por 60"},"content":{"rendered":"<h2>Caja de cart\u00f3n<\/h2>\n<div style=\"text-align: left;\">\n<hr>\n<h3 style=\"text-align: left;\">Descubra nuestra ensaladera con ventana 160 x 160 x 50 mm por 60<\/h3>\n<p><!--more--><\/p>\n<div style=\"text-align: left;\">\n<p data-start=\"267\" data-end=\"734\">\u00bfQuiere presentar sus ensaladas con estilo y protegerlas bien? Esta <strong data-start=\"368\" data-end=\"425\">caja de cart\u00f3n para ensaladas con ventana de 160 x 160 x 50 mm<\/strong>, que se vende en paquetes de <strong>60<\/strong> unidades, est\u00e1 dise\u00f1ada para exhibir sus preparaciones al tiempo que facilita la organizaci\u00f3n de su d\u00eda a d\u00eda. Nada m\u00e1s abrirla, se dar\u00e1 cuenta de su formato perfectamente equilibrado: lo suficientemente grande para contener una buena raci\u00f3n de ensalada, pero lo bastante compacta para transportarla f\u00e1cilmente.  <\/p>\n<p data-start=\"736\" data-end=\"1099\">Su caracter\u00edstica especial es, por supuesto, su <strong data-start=\"779\" data-end=\"803\">ventana transparente<\/strong>. Gracias a ella, sus clientes podr\u00e1n comprobar inmediatamente la frescura y calidad de sus ingredientes. Inmediatamente dan ganas de comprar, sobre todo en el caso de la comida para llevar, donde el aspecto visual desempe\u00f1a un papel fundamental. Es una aut\u00e9ntica ventaja para sus estanter\u00edas, escaparates o servicio de reparto.<\/p>\n<p data-start=\"1101\" data-end=\"1435\">Esta <strong data-start=\"368\" data-end=\"425\">caja para ensaladas<\/strong> tambi\u00e9n est\u00e1 hecha de <strong data-start=\"1139\" data-end=\"1159\">cart\u00f3n<\/strong>, lo que significa que conserva la estructura de sus ensaladas sin aplastarlas ni ablandarlas. Tambi\u00e9n maneja muy bien las salsas ligeras y los productos ligeramente h\u00famedos gracias a su interior tratado. Para que sus platos sigan siendo apetitosos hasta el momento de comerlos.<\/p>\n<p data-start=\"1437\" data-end=\"1834\">Pero eso no es todo. Gracias a su cierre r\u00e1pido y sencillo, ahorrar\u00e1 tiempo a la hora de llenar las bandejas, especialmente en per\u00edodos de mucho trabajo. Su dise\u00f1o <strong>natural<\/strong> y <strong>depurado<\/strong> a\u00f1ade un toque moderno y responsable, que demuestra que ha elegido un envase de cart\u00f3n en lugar del pl\u00e1stico tradicional. Sus clientes apreciar\u00e1n este gesto, as\u00ed como la calidad general de su presentaci\u00f3n.   <\/p>\n<p data-start=\"1836\" data-end=\"2037\">En resumen, este <strong data-start=\"368\" data-end=\"425\">envase para ensaladas<\/strong> es <strong data-start=\"1872\" data-end=\"1885\">pr\u00e1ctico<\/strong>, <strong data-start=\"1887\" data-end=\"1901\">atractivo<\/strong> y <strong data-start=\"1905\" data-end=\"1916\">de gran calidad<\/strong>, lo que lo convierte en una soluci\u00f3n profesional ideal para restaurantes, comedores, empresas de catering, bares de aperitivos o de ensaladas.<\/p>\n<\/div>\n<div style=\"text-align: left;\">\n<p data-start=\"1836\" data-end=\"2037\"><!--more--><\/p>\n<\/div>\n<h4>Ventajas :<\/h4>\n<ul>\n<li data-start=\"2065\" data-end=\"2110\"><strong>Ventana transparente<\/strong> para realzar la ensalada<\/li>\n<li data-start=\"2113\" data-end=\"2172\">Cart\u00f3n resistente, ideal para ingredientes frescos y h\u00famedos<\/li>\n<li data-start=\"2175\" data-end=\"2221\">Cierre r\u00e1pido y pr\u00e1ctico para servir<\/li>\n<li data-start=\"2224\" data-end=\"2265\">Tama\u00f1o perfecto para porciones generosas<\/li>\n<li data-start=\"2268\" data-end=\"2313\">Natural, moderno y m\u00e1s responsable<\/li>\n<li data-start=\"2316\" data-end=\"2369\">Ideal para escaparates, entregas y comida para llevar<\/li>\n<li data-start=\"2372\" data-end=\"2401\">Envase econ\u00f3mico de <strong>60 unidades<\/strong>.<\/li>\n<\/ul>\n<p>&nbsp;<\/p>\n<p><!--more--><\/p>\n<h4>Informaci\u00f3n adicional :<\/h4>\n<ul>\n<li><strong>Envase<\/strong>: Paquete de 60<\/li>\n<li><strong>Dimensiones<\/strong>: 160 x 160 x 50 mm<\/li>\n<li><strong>Material<\/strong>: Cart\u00f3n \/ PS<\/li>\n<li><strong>Color<\/strong>: Marr\u00f3n<\/li>\n<\/ul>\n<p>&nbsp;<\/p>\n<\/div>\n<p><!--more--><\/p>\n<div style=\"text-align: left;\">\n<p>Esta lata de ensalada est\u00e1 disponible en diferentes tama\u00f1os: <span style=\"color: #d12727;\"><a style=\"color: #d12727;\" href=\"https:\/\/www.csj-emballages.com\/es\/produit\/25-cajas-para-ensalada-de-carton-kraft-con-ventana-95-x-95-x-40-mm\/\">100 x 100 x 40 mm<\/a><\/span> \/ <span style=\"color: #d12727;\"><a style=\"color: #d12727;\" href=\"https:\/\/www.csj-emballages.com\/es\/produit\/50-cajas-para-ensalada-en-carton-kraft-con-ventana-140-x-140-x-50-mm\/\">125 x 125 x 50 mm<\/a> <\/span>\/ <span style=\"color: #d12727;\"><a style=\"color: #d12727;\" href=\"https:\/\/www.csj-emballages.com\/es\/produit\/40-cajas-para-ensalada-de-carton-kraft-con-ventana-190-x-190-x-50-mm\/\">190 x 190 x 50 mm<\/a><\/span><\/p>\n<\/div>\n<p>&nbsp;<\/p>\n<p><!--more--><\/p>\n<div style=\"text-align: left;\">\n<div style=\"text-align: left;\">\n<div style=\"text-align: left;\">\n<div style=\"text-align: left;\">\n<p><a href=\"https:\/\/www.csj-emballages.com\/es\/categorie-produit\/envasado-de-alimentos\/catering-es\/cajas-bandejas-bolsas-conos\/bandejas-cajas-de-carton\/fiambreras\/\"><span style=\"text-decoration: underline;\">Ver el resto de nuestra gama de fiambreras<\/span><\/a><\/p>\n<\/div>\n<\/div>\n<\/div>\n<\/div>\n","protected":false},"excerpt":{"rendered":"<p>Caja de cart\u00f3n Descubra nuestra ensaladera con ventana 160 x 160 x 50 mm por 60<\/p>\n","protected":false},"featured_media":7613,"template":"","meta":{"_acf_changed":false},"product_brand":[],"product_cat":[1150,1179,3878,1478,2796,2263],"product_tag":[],"class_list":{"0":"post-19981","1":"product","2":"type-product","3":"status-publish","4":"has-post-thumbnail","6":"product_cat-envasado-de-alimentos","7":"product_cat-catering-es","8":"product_cat-cajas-bandejas-bolsas-conos","9":"product_cat-bandejas-cajas-de-carton","10":"product_cat-fiambreras","11":"product_cat-jardineras-es","13":"first","14":"instock","15":"taxable","16":"shipping-taxable","17":"purchasable","18":"product-type-simple"},"acf":[],"yoast_head":"<!-- This site is optimized with the Yoast SEO Premium plugin v26.6 (Yoast SEO v26.6) - https:\/\/yoast.com\/wordpress\/plugins\/seo\/ -->\n<title>Caja para ensaladas 16 cm Cart\u00f3n con ventana<\/title>\n<meta name=\"description\" content=\"Descubra nuestra Caja de cart\u00f3n, ideal para la presentaci\u00f3n ecol\u00f3gica de sus productos. Visibilidad \u00f3ptima y respeto del medio ambiente.\" \/>\n<meta name=\"robots\" content=\"index, follow, max-snippet:-1, max-image-preview:large, max-video-preview:-1\" \/>\n<link rel=\"canonical\" href=\"https:\/\/www.csj-emballages.com\/es\/produit\/60-cajas-para-ensalada-de-carton-kraft-con-ventana-160-x-160-x-50-mm\/\" \/>\n<meta property=\"og:locale\" content=\"es_ES\" \/>\n<meta property=\"og:type\" content=\"article\" \/>\n<meta property=\"og:title\" content=\"Ensaladera con ventana 160 x 160 x 50 mm por 60\" \/>\n<meta property=\"og:description\" content=\"Descubra nuestra Caja de cart\u00f3n, ideal para la presentaci\u00f3n ecol\u00f3gica de sus productos. Visibilidad \u00f3ptima y respeto del medio ambiente.\" \/>\n<meta property=\"og:url\" content=\"https:\/\/www.csj-emballages.com\/es\/produit\/60-cajas-para-ensalada-de-carton-kraft-con-ventana-160-x-160-x-50-mm\/\" \/>\n<meta property=\"og:site_name\" content=\"CSJ Emballages\" \/>\n<meta property=\"article:publisher\" content=\"https:\/\/www.facebook.com\/csjemballages\" \/>\n<meta property=\"article:modified_time\" content=\"2026-04-04T00:11:20+00:00\" \/>\n<meta property=\"og:image\" content=\"https:\/\/www.csj-emballages.com\/wp-content\/uploads\/2024\/03\/boite-salade-fenetre-double-kraft-carton-carton-resistant-pas-cher-discount--jpg.webp\" \/>\n\t<meta property=\"og:image:width\" content=\"600\" \/>\n\t<meta property=\"og:image:height\" content=\"600\" \/>\n\t<meta property=\"og:image:type\" content=\"image\/jpeg\" \/>\n<meta name=\"twitter:card\" content=\"summary_large_image\" \/>\n<meta name=\"twitter:label1\" content=\"Tiempo de lectura\" \/>\n\t<meta name=\"twitter:data1\" content=\"2 minutos\" \/>\n<script type=\"application\/ld+json\" class=\"yoast-schema-graph\">{\"@context\":\"https:\/\/schema.org\",\"@graph\":[{\"@type\":\"WebPage\",\"@id\":\"https:\/\/www.csj-emballages.com\/es\/produit\/60-cajas-para-ensalada-de-carton-kraft-con-ventana-160-x-160-x-50-mm\/\",\"url\":\"https:\/\/www.csj-emballages.com\/es\/produit\/60-cajas-para-ensalada-de-carton-kraft-con-ventana-160-x-160-x-50-mm\/\",\"name\":\"Caja para ensaladas 16 cm Cart\u00f3n con ventana\",\"isPartOf\":{\"@id\":\"https:\/\/www.csj-emballages.com\/es\/#website\"},\"primaryImageOfPage\":{\"@id\":\"https:\/\/www.csj-emballages.com\/es\/produit\/60-cajas-para-ensalada-de-carton-kraft-con-ventana-160-x-160-x-50-mm\/#primaryimage\"},\"image\":{\"@id\":\"https:\/\/www.csj-emballages.com\/es\/produit\/60-cajas-para-ensalada-de-carton-kraft-con-ventana-160-x-160-x-50-mm\/#primaryimage\"},\"thumbnailUrl\":\"https:\/\/www.csj-emballages.com\/wp-content\/uploads\/2024\/03\/boite-salade-fenetre-double-kraft-carton-carton-resistant-pas-cher-discount--jpg.webp\",\"datePublished\":\"2024-03-01T15:56:03+00:00\",\"dateModified\":\"2026-04-04T00:11:20+00:00\",\"description\":\"Descubra nuestra Caja de cart\u00f3n, ideal para la presentaci\u00f3n ecol\u00f3gica de sus productos. Visibilidad \u00f3ptima y respeto del medio ambiente.\",\"breadcrumb\":{\"@id\":\"https:\/\/www.csj-emballages.com\/es\/produit\/60-cajas-para-ensalada-de-carton-kraft-con-ventana-160-x-160-x-50-mm\/#breadcrumb\"},\"inLanguage\":\"es\",\"potentialAction\":[{\"@type\":\"ReadAction\",\"target\":[\"https:\/\/www.csj-emballages.com\/es\/produit\/60-cajas-para-ensalada-de-carton-kraft-con-ventana-160-x-160-x-50-mm\/\"]}]},{\"@type\":\"ImageObject\",\"inLanguage\":\"es\",\"@id\":\"https:\/\/www.csj-emballages.com\/es\/produit\/60-cajas-para-ensalada-de-carton-kraft-con-ventana-160-x-160-x-50-mm\/#primaryimage\",\"url\":\"https:\/\/www.csj-emballages.com\/wp-content\/uploads\/2024\/03\/boite-salade-fenetre-double-kraft-carton-carton-resistant-pas-cher-discount--jpg.webp\",\"contentUrl\":\"https:\/\/www.csj-emballages.com\/wp-content\/uploads\/2024\/03\/boite-salade-fenetre-double-kraft-carton-carton-resistant-pas-cher-discount--jpg.webp\",\"width\":600,\"height\":600,\"caption\":\"Boite carton\"},{\"@type\":\"BreadcrumbList\",\"@id\":\"https:\/\/www.csj-emballages.com\/es\/produit\/60-cajas-para-ensalada-de-carton-kraft-con-ventana-160-x-160-x-50-mm\/#breadcrumb\",\"itemListElement\":[{\"@type\":\"ListItem\",\"position\":1,\"name\":\"Accueil\",\"item\":\"https:\/\/www.csj-emballages.com\/es\/universo-del-envasado-alimentario\/\"},{\"@type\":\"ListItem\",\"position\":2,\"name\":\"Tienda\",\"item\":\"https:\/\/www.csj-emballages.com\/tienda\/\"},{\"@type\":\"ListItem\",\"position\":3,\"name\":\"Ensaladera con ventana 160 x 160 x 50 mm por 60\"}]},{\"@type\":\"WebSite\",\"@id\":\"https:\/\/www.csj-emballages.com\/es\/#website\",\"url\":\"https:\/\/www.csj-emballages.com\/es\/\",\"name\":\"CSJ Emballages\",\"description\":\"\",\"publisher\":{\"@id\":\"https:\/\/www.csj-emballages.com\/es\/#organization\"},\"potentialAction\":[{\"@type\":\"SearchAction\",\"target\":{\"@type\":\"EntryPoint\",\"urlTemplate\":\"https:\/\/www.csj-emballages.com\/es\/?s={search_term_string}\"},\"query-input\":{\"@type\":\"PropertyValueSpecification\",\"valueRequired\":true,\"valueName\":\"search_term_string\"}}],\"inLanguage\":\"es\"},{\"@type\":\"Organization\",\"@id\":\"https:\/\/www.csj-emballages.com\/es\/#Organization\/\",\"name\":\"CSJ Emballages\",\"url\":\"https:\/\/www.csj-emballages.com\/es\/\",\"logo\":{\"@type\":\"ImageObject\",\"inLanguage\":\"es\",\"@id\":\"https:\/\/www.csj-emballages.com\/es\/#\/schema\/logo\/image\/\",\"url\":\"https:\/\/www.csj-emballages.com\/wp-content\/uploads\/2023\/10\/logo_csj.webp\",\"contentUrl\":\"https:\/\/www.csj-emballages.com\/wp-content\/uploads\/2023\/10\/logo_csj.webp\",\"width\":250,\"height\":95,\"caption\":\"CSJ Emballages\"},\"image\":{\"@id\":\"https:\/\/www.csj-emballages.com\/es\/#\/schema\/logo\/image\/\"},\"sameAs\":[\"https:\/\/www.facebook.com\/csjemballages\"],\"address\":{\"@type\":\"PostalAddress\",\"streetAddress\":\"ZI La Lechere\",\"addressLocality\":\"Patornay\",\"postalCode\":\"39130\",\"addressCountry\":\"FR\"},\"contactPoint\":[{\"@type\":\"ContactPoint\",\"contactType\":\"Service client\",\"telephone\":\"0384254272\",\"email\":\"contact@csj-emballages.com\"}]}]}<\/script>\n<!-- \/ Yoast SEO Premium plugin. -->","yoast_head_json":{"title":"Caja para ensaladas 16 cm Cart\u00f3n con ventana","description":"Descubra nuestra Caja de cart\u00f3n, ideal para la presentaci\u00f3n ecol\u00f3gica de sus productos. Visibilidad \u00f3ptima y respeto del medio ambiente.","robots":{"index":"index","follow":"follow","max-snippet":"max-snippet:-1","max-image-preview":"max-image-preview:large","max-video-preview":"max-video-preview:-1"},"canonical":"https:\/\/www.csj-emballages.com\/es\/produit\/60-cajas-para-ensalada-de-carton-kraft-con-ventana-160-x-160-x-50-mm\/","og_locale":"es_ES","og_type":"article","og_title":"Ensaladera con ventana 160 x 160 x 50 mm por 60","og_description":"Descubra nuestra Caja de cart\u00f3n, ideal para la presentaci\u00f3n ecol\u00f3gica de sus productos. Visibilidad \u00f3ptima y respeto del medio ambiente.","og_url":"https:\/\/www.csj-emballages.com\/es\/produit\/60-cajas-para-ensalada-de-carton-kraft-con-ventana-160-x-160-x-50-mm\/","og_site_name":"CSJ Emballages","article_publisher":"https:\/\/www.facebook.com\/csjemballages","article_modified_time":"2026-04-04T00:11:20+00:00","og_image":[{"width":600,"height":600,"url":"https:\/\/www.csj-emballages.com\/wp-content\/uploads\/2024\/03\/boite-salade-fenetre-double-kraft-carton-carton-resistant-pas-cher-discount--jpg.webp","type":"image\/jpeg"}],"twitter_card":"summary_large_image","twitter_misc":{"Tiempo de lectura":"2 minutos"},"schema":{"@context":"https:\/\/schema.org","@graph":[{"@type":"WebPage","@id":"https:\/\/www.csj-emballages.com\/es\/produit\/60-cajas-para-ensalada-de-carton-kraft-con-ventana-160-x-160-x-50-mm\/","url":"https:\/\/www.csj-emballages.com\/es\/produit\/60-cajas-para-ensalada-de-carton-kraft-con-ventana-160-x-160-x-50-mm\/","name":"Caja para ensaladas 16 cm Cart\u00f3n con ventana","isPartOf":{"@id":"https:\/\/www.csj-emballages.com\/es\/#website"},"primaryImageOfPage":{"@id":"https:\/\/www.csj-emballages.com\/es\/produit\/60-cajas-para-ensalada-de-carton-kraft-con-ventana-160-x-160-x-50-mm\/#primaryimage"},"image":{"@id":"https:\/\/www.csj-emballages.com\/es\/produit\/60-cajas-para-ensalada-de-carton-kraft-con-ventana-160-x-160-x-50-mm\/#primaryimage"},"thumbnailUrl":"https:\/\/www.csj-emballages.com\/wp-content\/uploads\/2024\/03\/boite-salade-fenetre-double-kraft-carton-carton-resistant-pas-cher-discount--jpg.webp","datePublished":"2024-03-01T15:56:03+00:00","dateModified":"2026-04-04T00:11:20+00:00","description":"Descubra nuestra Caja de cart\u00f3n, ideal para la presentaci\u00f3n ecol\u00f3gica de sus productos. Visibilidad \u00f3ptima y respeto del medio ambiente.","breadcrumb":{"@id":"https:\/\/www.csj-emballages.com\/es\/produit\/60-cajas-para-ensalada-de-carton-kraft-con-ventana-160-x-160-x-50-mm\/#breadcrumb"},"inLanguage":"es","potentialAction":[{"@type":"ReadAction","target":["https:\/\/www.csj-emballages.com\/es\/produit\/60-cajas-para-ensalada-de-carton-kraft-con-ventana-160-x-160-x-50-mm\/"]}]},{"@type":"ImageObject","inLanguage":"es","@id":"https:\/\/www.csj-emballages.com\/es\/produit\/60-cajas-para-ensalada-de-carton-kraft-con-ventana-160-x-160-x-50-mm\/#primaryimage","url":"https:\/\/www.csj-emballages.com\/wp-content\/uploads\/2024\/03\/boite-salade-fenetre-double-kraft-carton-carton-resistant-pas-cher-discount--jpg.webp","contentUrl":"https:\/\/www.csj-emballages.com\/wp-content\/uploads\/2024\/03\/boite-salade-fenetre-double-kraft-carton-carton-resistant-pas-cher-discount--jpg.webp","width":600,"height":600,"caption":"Boite carton"},{"@type":"BreadcrumbList","@id":"https:\/\/www.csj-emballages.com\/es\/produit\/60-cajas-para-ensalada-de-carton-kraft-con-ventana-160-x-160-x-50-mm\/#breadcrumb","itemListElement":[{"@type":"ListItem","position":1,"name":"Accueil","item":"https:\/\/www.csj-emballages.com\/es\/universo-del-envasado-alimentario\/"},{"@type":"ListItem","position":2,"name":"Tienda","item":"https:\/\/www.csj-emballages.com\/tienda\/"},{"@type":"ListItem","position":3,"name":"Ensaladera con ventana 160 x 160 x 50 mm por 60"}]},{"@type":"WebSite","@id":"https:\/\/www.csj-emballages.com\/es\/#website","url":"https:\/\/www.csj-emballages.com\/es\/","name":"CSJ Emballages","description":"","publisher":{"@id":"https:\/\/www.csj-emballages.com\/es\/#organization"},"potentialAction":[{"@type":"SearchAction","target":{"@type":"EntryPoint","urlTemplate":"https:\/\/www.csj-emballages.com\/es\/?s={search_term_string}"},"query-input":{"@type":"PropertyValueSpecification","valueRequired":true,"valueName":"search_term_string"}}],"inLanguage":"es"},{"@type":"Organization","@id":"https:\/\/www.csj-emballages.com\/es\/#Organization\/","name":"CSJ Emballages","url":"https:\/\/www.csj-emballages.com\/es\/","logo":{"@type":"ImageObject","inLanguage":"es","@id":"https:\/\/www.csj-emballages.com\/es\/#\/schema\/logo\/image\/","url":"https:\/\/www.csj-emballages.com\/wp-content\/uploads\/2023\/10\/logo_csj.webp","contentUrl":"https:\/\/www.csj-emballages.com\/wp-content\/uploads\/2023\/10\/logo_csj.webp","width":250,"height":95,"caption":"CSJ Emballages"},"image":{"@id":"https:\/\/www.csj-emballages.com\/es\/#\/schema\/logo\/image\/"},"sameAs":["https:\/\/www.facebook.com\/csjemballages"],"address":{"@type":"PostalAddress","streetAddress":"ZI La Lechere","addressLocality":"Patornay","postalCode":"39130","addressCountry":"FR"},"contactPoint":[{"@type":"ContactPoint","contactType":"Service client","telephone":"0384254272","email":"contact@csj-emballages.com"}]}]}},"df_price":20.4,"df_sale_price":"","df_regular_price":20.4,"df_image_link":"https:\/\/www.csj-emballages.com\/wp-content\/uploads\/2024\/03\/boite-salade-fenetre-double-kraft-carton-carton-resistant-pas-cher-discount--300x300.webp","tiered_pricing_type":"fixed","tiered_pricing_fixed_rules":[],"tiered_pricing_percentage_rules":[],"tiered_pricing_minimum":1,"tiered_pricing_roles_data":[],"_links":{"self":[{"href":"https:\/\/www.csj-emballages.com\/es\/wp-json\/wp\/v2\/product\/19981","targetHints":{"allow":["GET"]}}],"collection":[{"href":"https:\/\/www.csj-emballages.com\/es\/wp-json\/wp\/v2\/product"}],"about":[{"href":"https:\/\/www.csj-emballages.com\/es\/wp-json\/wp\/v2\/types\/product"}],"wp:featuredmedia":[{"embeddable":true,"href":"https:\/\/www.csj-emballages.com\/es\/wp-json\/wp\/v2\/media\/7613"}],"wp:attachment":[{"href":"https:\/\/www.csj-emballages.com\/es\/wp-json\/wp\/v2\/media?parent=19981"}],"wp:term":[{"taxonomy":"product_brand","embeddable":true,"href":"https:\/\/www.csj-emballages.com\/es\/wp-json\/wp\/v2\/product_brand?post=19981"},{"taxonomy":"product_cat","embeddable":true,"href":"https:\/\/www.csj-emballages.com\/es\/wp-json\/wp\/v2\/product_cat?post=19981"},{"taxonomy":"product_tag","embeddable":true,"href":"https:\/\/www.csj-emballages.com\/es\/wp-json\/wp\/v2\/product_tag?post=19981"}],"curies":[{"name":"wp","href":"https:\/\/api.w.org\/{rel}","templated":true}]}}