{"id":19955,"date":"2024-03-01T16:56:02","date_gmt":"2024-03-01T15:56:02","guid":{"rendered":"https:\/\/u15jnbdpoq.preview.infomaniak.website\/produit\/base-bola-escobillero\/"},"modified":"2026-04-28T02:12:26","modified_gmt":"2026-04-28T00:12:26","slug":"base-bola-escobillero","status":"publish","type":"product","link":"https:\/\/www.csj-emballages.com\/es\/produit\/base-bola-escobillero\/","title":{"rendered":"Base + bola escobillero"},"content":{"rendered":"<h2>Base + bola escobillero<\/h2>\n<hr>\n<h3>Descubra nuestra base + escobilla de v\u00e1ter con bola<\/h3>\n<p><!--more--><\/p>\n<p data-start=\"197\" data-end=\"569\">Simple, discreta y eficaz, esta <strong data-start=\"229\" data-end=\"259\">base con escobilla de v\u00e1ter con bola<\/strong> hace exactamente lo que se espera de ella, sin exagerar. Su dise\u00f1o blanco y depurado se integra f\u00e1cilmente en todo tipo de sanitarios, ya sea en casa, en un restaurante, una oficina o locales profesionales. Se adapta a cualquier lugar y permanece visualmente limpia, incluso en espacios muy frecuentados.  <\/p>\n<p data-start=\"571\" data-end=\"902\">La <strong>escobilla con forma de bola<\/strong> permite una limpieza m\u00e1s precisa. Gracias a esta forma redondeada, llega f\u00e1cilmente a las zonas dif\u00edciles, especialmente debajo de los <strong>bordes de la taza<\/strong>. El mango largo asegura un buen agarre y evita cualquier contacto innecesario, lo que hace que el uso sea m\u00e1s c\u00f3modo e higi\u00e9nico a diario.  <\/p>\n<p data-start=\"904\" data-end=\"1178\">Por su parte, la <strong>base mantiene la escobilla bien recta<\/strong> y <strong>estable<\/strong>. Recoge el exceso de agua despu\u00e9s de su uso, lo que ayuda a mantener el suelo limpio y seco. El conjunto es ligero, f\u00e1cil de desplazar e igual de f\u00e1cil de limpiar. Un aclarado r\u00e1pido es suficiente para mantener un aspecto impecable.   <\/p>\n<p data-start=\"1180\" data-end=\"1476\">Este modelo es particularmente apreciado por su practicidad. No requiere ninguna instalaci\u00f3n, se coloca directamente en el suelo y puede ser reemplazado o desplazado en cuesti\u00f3n de segundos. Es una soluci\u00f3n ideal para los establecimientos que buscan material funcional, econ\u00f3mico y sin complicaciones.  <\/p>\n<p data-start=\"1478\" data-end=\"1664\">En resumen, esta <strong>base con escobilla de v\u00e1ter<\/strong> va a lo esencial. Asegura una higiene correcta, permanece discreta visualmente y se adapta perfectamente a los usos intensivos como a los sanitarios privados. <\/p>\n<p data-start=\"1478\" data-end=\"1664\">\n<p data-start=\"1478\" data-end=\"1664\"><!--more--><\/p>\n<h4 data-start=\"1478\" data-end=\"1664\">Ventajas :<\/h4>\n<ul>\n<li data-start=\"1692\" data-end=\"1737\"><strong>Forma de bola<\/strong> para una limpieza m\u00e1s eficaz.<\/li>\n<li data-start=\"1740\" data-end=\"1772\">Dise\u00f1o simple y adaptable.<\/li>\n<li data-start=\"1775\" data-end=\"1812\">Base estable y f\u00e1cil de mantener.<\/li>\n<li data-start=\"1815\" data-end=\"1836\">Buen agarre.<\/li>\n<li data-start=\"1839\" data-end=\"1889\">Adaptado a particulares como a profesionales.<\/li>\n<\/ul>\n<p>&nbsp;<\/p>\n<p><!--more--><\/p>\n<h4>Informaci\u00f3n adicional :<\/h4>\n<ul>\n<li><strong>Embalaje<\/strong>: Por unidad<\/li>\n<li><strong>Dimensiones<\/strong>: 37 cm<\/li>\n<li><strong>Material<\/strong>: Polipropileno<\/li>\n<li><strong>Color<\/strong>: blanco<\/li>\n<\/ul>\n<p>&nbsp;<\/p>\n<p><!--more--><\/p>\n<p><a href=\"https:\/\/www.csj-emballages.com\/es\/categorie-produit\/higiene-y-mantenimiento\/cepillos-y-escobas\/\">Consulte el resto de nuestra gama de escobillas y fregonas<\/a><\/p>\n","protected":false},"excerpt":{"rendered":"<p>Base + bola escobillero Descubra nuestra base + escobilla de v\u00e1ter con bola<\/p>\n","protected":false},"featured_media":7525,"template":"","meta":{"_acf_changed":false},"product_brand":[],"product_cat":[1226,1420,2258],"product_tag":[],"class_list":{"0":"post-19955","1":"product","2":"type-product","3":"status-publish","4":"has-post-thumbnail","6":"product_cat-higiene-y-mantenimiento","7":"product_cat-cepillos-y-escobas","8":"product_cat-escobilla","10":"first","11":"instock","12":"taxable","13":"shipping-taxable","14":"purchasable","15":"product-type-simple"},"acf":[],"yoast_head":"<!-- This site is optimized with the Yoast SEO Premium plugin v26.6 (Yoast SEO v26.6) - https:\/\/yoast.com\/wordpress\/plugins\/seo\/ -->\n<title>Base + Escobilla de v\u00e1ter<\/title>\n<meta name=\"description\" content=\"Base con escobilla de v\u00e1ter con bola blanca, pr\u00e1ctica y discreta. Limpieza eficaz, mantenimiento f\u00e1cil y soluci\u00f3n ideal para sanitarios privados o profesionales.\" \/>\n<meta name=\"robots\" content=\"index, follow, max-snippet:-1, max-image-preview:large, max-video-preview:-1\" \/>\n<link rel=\"canonical\" href=\"https:\/\/www.csj-emballages.com\/es\/produit\/base-bola-escobillero\/\" \/>\n<meta property=\"og:locale\" content=\"es_ES\" \/>\n<meta property=\"og:type\" content=\"article\" \/>\n<meta property=\"og:title\" content=\"Base + bola escobillero\" \/>\n<meta property=\"og:description\" content=\"Base con escobilla de v\u00e1ter con bola blanca, pr\u00e1ctica y discreta. Limpieza eficaz, mantenimiento f\u00e1cil y soluci\u00f3n ideal para sanitarios privados o profesionales.\" \/>\n<meta property=\"og:url\" content=\"https:\/\/www.csj-emballages.com\/es\/produit\/base-bola-escobillero\/\" \/>\n<meta property=\"og:site_name\" content=\"CSJ Emballages\" \/>\n<meta property=\"article:publisher\" content=\"https:\/\/www.facebook.com\/csjemballages\" \/>\n<meta property=\"article:modified_time\" content=\"2026-04-28T00:12:26+00:00\" \/>\n<meta property=\"og:image\" content=\"https:\/\/www.csj-emballages.com\/wp-content\/uploads\/2024\/03\/brosse-wc-socle-blanc-plastique-qualite-resistant-pas-cher-discount-grossist-jpg.webp\" \/>\n\t<meta property=\"og:image:width\" content=\"600\" \/>\n\t<meta property=\"og:image:height\" content=\"600\" \/>\n\t<meta property=\"og:image:type\" content=\"image\/jpeg\" \/>\n<meta name=\"twitter:card\" content=\"summary_large_image\" \/>\n<meta name=\"twitter:label1\" content=\"Tiempo de lectura\" \/>\n\t<meta name=\"twitter:data1\" content=\"2 minutos\" \/>\n<script type=\"application\/ld+json\" class=\"yoast-schema-graph\">{\"@context\":\"https:\/\/schema.org\",\"@graph\":[{\"@type\":\"WebPage\",\"@id\":\"https:\/\/www.csj-emballages.com\/es\/produit\/base-bola-escobillero\/\",\"url\":\"https:\/\/www.csj-emballages.com\/es\/produit\/base-bola-escobillero\/\",\"name\":\"Base + Escobilla de v\u00e1ter\",\"isPartOf\":{\"@id\":\"https:\/\/www.csj-emballages.com\/es\/#website\"},\"primaryImageOfPage\":{\"@id\":\"https:\/\/www.csj-emballages.com\/es\/produit\/base-bola-escobillero\/#primaryimage\"},\"image\":{\"@id\":\"https:\/\/www.csj-emballages.com\/es\/produit\/base-bola-escobillero\/#primaryimage\"},\"thumbnailUrl\":\"https:\/\/www.csj-emballages.com\/wp-content\/uploads\/2024\/03\/brosse-wc-socle-blanc-plastique-qualite-resistant-pas-cher-discount-grossist-jpg.webp\",\"datePublished\":\"2024-03-01T15:56:02+00:00\",\"dateModified\":\"2026-04-28T00:12:26+00:00\",\"description\":\"Base con escobilla de v\u00e1ter con bola blanca, pr\u00e1ctica y discreta. Limpieza eficaz, mantenimiento f\u00e1cil y soluci\u00f3n ideal para sanitarios privados o profesionales.\",\"breadcrumb\":{\"@id\":\"https:\/\/www.csj-emballages.com\/es\/produit\/base-bola-escobillero\/#breadcrumb\"},\"inLanguage\":\"es\",\"potentialAction\":[{\"@type\":\"ReadAction\",\"target\":[\"https:\/\/www.csj-emballages.com\/es\/produit\/base-bola-escobillero\/\"]}]},{\"@type\":\"ImageObject\",\"inLanguage\":\"es\",\"@id\":\"https:\/\/www.csj-emballages.com\/es\/produit\/base-bola-escobillero\/#primaryimage\",\"url\":\"https:\/\/www.csj-emballages.com\/wp-content\/uploads\/2024\/03\/brosse-wc-socle-blanc-plastique-qualite-resistant-pas-cher-discount-grossist-jpg.webp\",\"contentUrl\":\"https:\/\/www.csj-emballages.com\/wp-content\/uploads\/2024\/03\/brosse-wc-socle-blanc-plastique-qualite-resistant-pas-cher-discount-grossist-jpg.webp\",\"width\":600,\"height\":600},{\"@type\":\"BreadcrumbList\",\"@id\":\"https:\/\/www.csj-emballages.com\/es\/produit\/base-bola-escobillero\/#breadcrumb\",\"itemListElement\":[{\"@type\":\"ListItem\",\"position\":1,\"name\":\"Accueil\",\"item\":\"https:\/\/www.csj-emballages.com\/es\/universo-del-envasado-alimentario\/\"},{\"@type\":\"ListItem\",\"position\":2,\"name\":\"Tienda\",\"item\":\"https:\/\/www.csj-emballages.com\/tienda\/\"},{\"@type\":\"ListItem\",\"position\":3,\"name\":\"Base + bola escobillero\"}]},{\"@type\":\"WebSite\",\"@id\":\"https:\/\/www.csj-emballages.com\/es\/#website\",\"url\":\"https:\/\/www.csj-emballages.com\/es\/\",\"name\":\"CSJ Emballages\",\"description\":\"\",\"publisher\":{\"@id\":\"https:\/\/www.csj-emballages.com\/es\/#organization\"},\"potentialAction\":[{\"@type\":\"SearchAction\",\"target\":{\"@type\":\"EntryPoint\",\"urlTemplate\":\"https:\/\/www.csj-emballages.com\/es\/?s={search_term_string}\"},\"query-input\":{\"@type\":\"PropertyValueSpecification\",\"valueRequired\":true,\"valueName\":\"search_term_string\"}}],\"inLanguage\":\"es\"},{\"@type\":\"Organization\",\"@id\":\"https:\/\/www.csj-emballages.com\/es\/#Organization\/\",\"name\":\"CSJ Emballages\",\"url\":\"https:\/\/www.csj-emballages.com\/es\/\",\"logo\":{\"@type\":\"ImageObject\",\"inLanguage\":\"es\",\"@id\":\"https:\/\/www.csj-emballages.com\/es\/#\/schema\/logo\/image\/\",\"url\":\"https:\/\/www.csj-emballages.com\/wp-content\/uploads\/2023\/10\/logo_csj.webp\",\"contentUrl\":\"https:\/\/www.csj-emballages.com\/wp-content\/uploads\/2023\/10\/logo_csj.webp\",\"width\":250,\"height\":95,\"caption\":\"CSJ Emballages\"},\"image\":{\"@id\":\"https:\/\/www.csj-emballages.com\/es\/#\/schema\/logo\/image\/\"},\"sameAs\":[\"https:\/\/www.facebook.com\/csjemballages\"],\"address\":{\"@type\":\"PostalAddress\",\"streetAddress\":\"ZI La Lechere\",\"addressLocality\":\"Patornay\",\"postalCode\":\"39130\",\"addressCountry\":\"FR\"},\"contactPoint\":[{\"@type\":\"ContactPoint\",\"contactType\":\"Service client\",\"telephone\":\"0384254272\",\"email\":\"contact@csj-emballages.com\"}]}]}<\/script>\n<!-- \/ Yoast SEO Premium plugin. -->","yoast_head_json":{"title":"Base + Escobilla de v\u00e1ter","description":"Base con escobilla de v\u00e1ter con bola blanca, pr\u00e1ctica y discreta. Limpieza eficaz, mantenimiento f\u00e1cil y soluci\u00f3n ideal para sanitarios privados o profesionales.","robots":{"index":"index","follow":"follow","max-snippet":"max-snippet:-1","max-image-preview":"max-image-preview:large","max-video-preview":"max-video-preview:-1"},"canonical":"https:\/\/www.csj-emballages.com\/es\/produit\/base-bola-escobillero\/","og_locale":"es_ES","og_type":"article","og_title":"Base + bola escobillero","og_description":"Base con escobilla de v\u00e1ter con bola blanca, pr\u00e1ctica y discreta. Limpieza eficaz, mantenimiento f\u00e1cil y soluci\u00f3n ideal para sanitarios privados o profesionales.","og_url":"https:\/\/www.csj-emballages.com\/es\/produit\/base-bola-escobillero\/","og_site_name":"CSJ Emballages","article_publisher":"https:\/\/www.facebook.com\/csjemballages","article_modified_time":"2026-04-28T00:12:26+00:00","og_image":[{"width":600,"height":600,"url":"https:\/\/www.csj-emballages.com\/wp-content\/uploads\/2024\/03\/brosse-wc-socle-blanc-plastique-qualite-resistant-pas-cher-discount-grossist-jpg.webp","type":"image\/jpeg"}],"twitter_card":"summary_large_image","twitter_misc":{"Tiempo de lectura":"2 minutos"},"schema":{"@context":"https:\/\/schema.org","@graph":[{"@type":"WebPage","@id":"https:\/\/www.csj-emballages.com\/es\/produit\/base-bola-escobillero\/","url":"https:\/\/www.csj-emballages.com\/es\/produit\/base-bola-escobillero\/","name":"Base + Escobilla de v\u00e1ter","isPartOf":{"@id":"https:\/\/www.csj-emballages.com\/es\/#website"},"primaryImageOfPage":{"@id":"https:\/\/www.csj-emballages.com\/es\/produit\/base-bola-escobillero\/#primaryimage"},"image":{"@id":"https:\/\/www.csj-emballages.com\/es\/produit\/base-bola-escobillero\/#primaryimage"},"thumbnailUrl":"https:\/\/www.csj-emballages.com\/wp-content\/uploads\/2024\/03\/brosse-wc-socle-blanc-plastique-qualite-resistant-pas-cher-discount-grossist-jpg.webp","datePublished":"2024-03-01T15:56:02+00:00","dateModified":"2026-04-28T00:12:26+00:00","description":"Base con escobilla de v\u00e1ter con bola blanca, pr\u00e1ctica y discreta. Limpieza eficaz, mantenimiento f\u00e1cil y soluci\u00f3n ideal para sanitarios privados o profesionales.","breadcrumb":{"@id":"https:\/\/www.csj-emballages.com\/es\/produit\/base-bola-escobillero\/#breadcrumb"},"inLanguage":"es","potentialAction":[{"@type":"ReadAction","target":["https:\/\/www.csj-emballages.com\/es\/produit\/base-bola-escobillero\/"]}]},{"@type":"ImageObject","inLanguage":"es","@id":"https:\/\/www.csj-emballages.com\/es\/produit\/base-bola-escobillero\/#primaryimage","url":"https:\/\/www.csj-emballages.com\/wp-content\/uploads\/2024\/03\/brosse-wc-socle-blanc-plastique-qualite-resistant-pas-cher-discount-grossist-jpg.webp","contentUrl":"https:\/\/www.csj-emballages.com\/wp-content\/uploads\/2024\/03\/brosse-wc-socle-blanc-plastique-qualite-resistant-pas-cher-discount-grossist-jpg.webp","width":600,"height":600},{"@type":"BreadcrumbList","@id":"https:\/\/www.csj-emballages.com\/es\/produit\/base-bola-escobillero\/#breadcrumb","itemListElement":[{"@type":"ListItem","position":1,"name":"Accueil","item":"https:\/\/www.csj-emballages.com\/es\/universo-del-envasado-alimentario\/"},{"@type":"ListItem","position":2,"name":"Tienda","item":"https:\/\/www.csj-emballages.com\/tienda\/"},{"@type":"ListItem","position":3,"name":"Base + bola escobillero"}]},{"@type":"WebSite","@id":"https:\/\/www.csj-emballages.com\/es\/#website","url":"https:\/\/www.csj-emballages.com\/es\/","name":"CSJ Emballages","description":"","publisher":{"@id":"https:\/\/www.csj-emballages.com\/es\/#organization"},"potentialAction":[{"@type":"SearchAction","target":{"@type":"EntryPoint","urlTemplate":"https:\/\/www.csj-emballages.com\/es\/?s={search_term_string}"},"query-input":{"@type":"PropertyValueSpecification","valueRequired":true,"valueName":"search_term_string"}}],"inLanguage":"es"},{"@type":"Organization","@id":"https:\/\/www.csj-emballages.com\/es\/#Organization\/","name":"CSJ Emballages","url":"https:\/\/www.csj-emballages.com\/es\/","logo":{"@type":"ImageObject","inLanguage":"es","@id":"https:\/\/www.csj-emballages.com\/es\/#\/schema\/logo\/image\/","url":"https:\/\/www.csj-emballages.com\/wp-content\/uploads\/2023\/10\/logo_csj.webp","contentUrl":"https:\/\/www.csj-emballages.com\/wp-content\/uploads\/2023\/10\/logo_csj.webp","width":250,"height":95,"caption":"CSJ Emballages"},"image":{"@id":"https:\/\/www.csj-emballages.com\/es\/#\/schema\/logo\/image\/"},"sameAs":["https:\/\/www.facebook.com\/csjemballages"],"address":{"@type":"PostalAddress","streetAddress":"ZI La Lechere","addressLocality":"Patornay","postalCode":"39130","addressCountry":"FR"},"contactPoint":[{"@type":"ContactPoint","contactType":"Service client","telephone":"0384254272","email":"contact@csj-emballages.com"}]}]}},"df_price":1.88,"df_sale_price":"","df_regular_price":1.88,"df_image_link":"https:\/\/www.csj-emballages.com\/wp-content\/uploads\/2024\/03\/brosse-wc-socle-blanc-plastique-qualite-resistant-pas-cher-discount-grossist-300x300.webp","tiered_pricing_type":"fixed","tiered_pricing_fixed_rules":[],"tiered_pricing_percentage_rules":[],"tiered_pricing_minimum":1,"tiered_pricing_roles_data":[],"_links":{"self":[{"href":"https:\/\/www.csj-emballages.com\/es\/wp-json\/wp\/v2\/product\/19955","targetHints":{"allow":["GET"]}}],"collection":[{"href":"https:\/\/www.csj-emballages.com\/es\/wp-json\/wp\/v2\/product"}],"about":[{"href":"https:\/\/www.csj-emballages.com\/es\/wp-json\/wp\/v2\/types\/product"}],"wp:featuredmedia":[{"embeddable":true,"href":"https:\/\/www.csj-emballages.com\/es\/wp-json\/wp\/v2\/media\/7525"}],"wp:attachment":[{"href":"https:\/\/www.csj-emballages.com\/es\/wp-json\/wp\/v2\/media?parent=19955"}],"wp:term":[{"taxonomy":"product_brand","embeddable":true,"href":"https:\/\/www.csj-emballages.com\/es\/wp-json\/wp\/v2\/product_brand?post=19955"},{"taxonomy":"product_cat","embeddable":true,"href":"https:\/\/www.csj-emballages.com\/es\/wp-json\/wp\/v2\/product_cat?post=19955"},{"taxonomy":"product_tag","embeddable":true,"href":"https:\/\/www.csj-emballages.com\/es\/wp-json\/wp\/v2\/product_tag?post=19955"}],"curies":[{"name":"wp","href":"https:\/\/api.w.org\/{rel}","templated":true}]}}