{"id":19953,"date":"2024-03-01T16:56:04","date_gmt":"2024-03-01T15:56:04","guid":{"rendered":"https:\/\/u15jnbdpoq.preview.infomaniak.website\/produit\/250-porciones-de-tarta-de-carton\/"},"modified":"2026-04-18T02:12:35","modified_gmt":"2026-04-18T00:12:35","slug":"250-porciones-de-tarta-de-carton","status":"publish","type":"product","link":"https:\/\/www.csj-emballages.com\/es\/produit\/250-porciones-de-tarta-de-carton\/","title":{"rendered":"Soporte de cart\u00f3n para porci\u00f3n individual de 170 x 190 x 20 mm, paquete de 250 unidades"},"content":{"rendered":"<h2>Soporte de cart\u00f3n<\/h2>\n<hr>\n<h3>Descripci\u00f3n de nuestro soporte de cart\u00f3n para porci\u00f3n individual de 170 x 190 x 20 mm, paquete de 250 unidades<\/h3>\n<p><!--more--><\/p>\n<p data-start=\"235\" data-end=\"651\">Servir una porci\u00f3n para llevar puede parecer sencillo, pero un buen soporte lo cambia todo. Este <strong data-start=\"323\" data-end=\"382\">soporte de cart\u00f3n para porci\u00f3n individual de 170 x 190 x 20 mm<\/strong> se ha dise\u00f1ado para que el servicio sea m\u00e1s limpio, pr\u00e1ctico y, sobre todo, c\u00f3modo, tanto para usted como para sus clientes. Su forma ligeramente <strong>elevada en los lados<\/strong> mantiene la porci\u00f3n en su sitio y evita que se deslice o se deforme durante el transporte.  <\/p>\n<p data-start=\"653\" data-end=\"970\">Ya sea para una <strong>porci\u00f3n de pizza, tarta, quiche o incluso pastel<\/strong>, este <strong>soporte<\/strong> ofrece una base estable y agradable de manipular. Gracias a su cart\u00f3n r\u00edgido, soporta f\u00e1cilmente preparaciones calientes o fr\u00edas sin doblarse. As\u00ed, ganar\u00e1 en tranquilidad durante el servicio, incluso en periodos de gran afluencia.  <\/p>\n<p data-start=\"972\" data-end=\"1309\">Del mismo modo, su formato <strong>individual<\/strong> es perfecto para la <strong>venta para llevar<\/strong>, los snacks, las panader\u00edas o las pizzer\u00edas que quieren ir r\u00e1pido sin descuidar la presentaci\u00f3n. El cliente puede sujetar su porci\u00f3n f\u00e1cilmente, comer sin mancharse y disfrutar plenamente de su producto. Es un peque\u00f1o detalle, pero mejora claramente la experiencia.  <\/p>\n<p data-start=\"1311\" data-end=\"1564\">Vendido <strong data-start=\"1317\" data-end=\"1335\">en lote de 250<\/strong>, este soporte le permite gestionar su stock eficazmente y tener siempre la cantidad adecuada a mano. Sencillo, discreto y eficaz, se integra de forma natural en su organizaci\u00f3n diaria sin a\u00f1adir complicaciones. <\/p>\n<p data-start=\"1566\" data-end=\"1718\">En resumen, este <strong>soporte de cart\u00f3n para porci\u00f3n individual<\/strong> es una soluci\u00f3n pr\u00e1ctica para servir porciones individuales de forma limpia, r\u00e1pida y sin comprometer la presentaci\u00f3n.<\/p>\n<p data-start=\"1566\" data-end=\"1718\"><!--more--><\/p>\n<h4 data-start=\"1566\" data-end=\"1718\">Ventajas :<\/h4>\n<ul>\n<li data-start=\"1746\" data-end=\"1795\">Sujeci\u00f3n eficaz de la <strong>porci\u00f3n gracias a los bordes<\/strong>.<\/li>\n<li data-start=\"1798\" data-end=\"1824\"><strong>Cart\u00f3n r\u00edgido<\/strong> y fiable.<\/li>\n<li data-start=\"1827\" data-end=\"1866\">Adaptado a productos calientes y fr\u00edos.<\/li>\n<li data-start=\"1869\" data-end=\"1907\">F\u00e1cil de sujetar para el cliente.<\/li>\n<li data-start=\"1910\" data-end=\"1939\">Lote econ\u00f3mico de <strong>250 unidades<\/strong>.<\/li>\n<\/ul>\n<p>&nbsp;<\/p>\n<p><!--more--><\/p>\n<h4>Informaci\u00f3n adicional :<\/h4>\n<ul>\n<li><strong>Envase<\/strong>: Paquete de 250 tri\u00e1ngulos estriados<\/li>\n<li><strong>Material<\/strong>: Cart\u00f3n<\/li>\n<li><strong>Dimensiones<\/strong>: 170 x 190 x 20 mm (sin bordes)<\/li>\n<li>Bordes de plegado de 20 mm en cada lado<\/li>\n<li><strong>Color<\/strong>: blanco<\/li>\n<\/ul>\n<p>&nbsp;<\/p>\n<p><!--more--><\/p>\n<p><a href=\"\/?product_cat=supports-triangulaires\">Ver el resto de nuestra gama de soportes triangulares<\/a><\/p>\n","protected":false},"excerpt":{"rendered":"<p>Soporte de cart\u00f3n Descripci\u00f3n de nuestro soporte de cart\u00f3n para porci\u00f3n individual de 170 x 190 x 20 mm, paquete de 250 unidades<\/p>\n","protected":false},"featured_media":209240,"template":"","meta":{"_acf_changed":false},"product_brand":[],"product_cat":[1150,1145,1911,2249,1179,3881,2529],"product_tag":[],"class_list":{"0":"post-19953","1":"product","2":"type-product","3":"status-publish","4":"has-post-thumbnail","6":"product_cat-envasado-de-alimentos","7":"product_cat-panaderia-y-pasteleria","8":"product_cat-soportes-de-base-para-tartas","9":"product_cat-cuadrados-estriados","10":"product_cat-catering-es","11":"product_cat-admite","12":"product_cat-corchetes","14":"first","15":"instock","16":"taxable","17":"shipping-taxable","18":"purchasable","19":"product-type-simple"},"acf":[],"yoast_head":"<!-- This site is optimized with the Yoast SEO Premium plugin v26.6 (Yoast SEO v26.6) - https:\/\/yoast.com\/wordpress\/plugins\/seo\/ -->\n<title>Portapastel Triangular de Cart\u00f3n - 170 x 190 x 40 mm<\/title>\n<meta name=\"description\" content=\"Soporte de cart\u00f3n triangular para porciones de tarta \u2013 lote de 250 unidades. S\u00f3lidos, pr\u00e1cticos y reciclables, realzan sus postres a la vez que facilitan su transporte\" \/>\n<meta name=\"robots\" content=\"index, follow, max-snippet:-1, max-image-preview:large, max-video-preview:-1\" \/>\n<link rel=\"canonical\" href=\"https:\/\/www.csj-emballages.com\/es\/produit\/250-porciones-de-tarta-de-carton\/\" \/>\n<meta property=\"og:locale\" content=\"es_ES\" \/>\n<meta property=\"og:type\" content=\"article\" \/>\n<meta property=\"og:title\" content=\"Soporte de cart\u00f3n para porci\u00f3n individual de 170 x 190 x 20 mm, paquete de 250 unidades\" \/>\n<meta property=\"og:description\" content=\"Soporte de cart\u00f3n triangular para porciones de tarta \u2013 lote de 250 unidades. S\u00f3lidos, pr\u00e1cticos y reciclables, realzan sus postres a la vez que facilitan su transporte\" \/>\n<meta property=\"og:url\" content=\"https:\/\/www.csj-emballages.com\/es\/produit\/250-porciones-de-tarta-de-carton\/\" \/>\n<meta property=\"og:site_name\" content=\"CSJ Emballages\" \/>\n<meta property=\"article:publisher\" content=\"https:\/\/www.facebook.com\/csjemballages\" \/>\n<meta property=\"article:modified_time\" content=\"2026-04-18T00:12:35+00:00\" \/>\n<meta property=\"og:image\" content=\"https:\/\/www.csj-emballages.com\/wp-content\/uploads\/2024\/03\/PART-PIZZA-2.webp\" \/>\n\t<meta property=\"og:image:width\" content=\"802\" \/>\n\t<meta property=\"og:image:height\" content=\"802\" \/>\n\t<meta property=\"og:image:type\" content=\"image\/webp\" \/>\n<meta name=\"twitter:card\" content=\"summary_large_image\" \/>\n<meta name=\"twitter:label1\" content=\"Tiempo de lectura\" \/>\n\t<meta name=\"twitter:data1\" content=\"2 minutos\" \/>\n<script type=\"application\/ld+json\" class=\"yoast-schema-graph\">{\"@context\":\"https:\/\/schema.org\",\"@graph\":[{\"@type\":\"WebPage\",\"@id\":\"https:\/\/www.csj-emballages.com\/es\/produit\/250-porciones-de-tarta-de-carton\/\",\"url\":\"https:\/\/www.csj-emballages.com\/es\/produit\/250-porciones-de-tarta-de-carton\/\",\"name\":\"Portapastel Triangular de Cart\u00f3n - 170 x 190 x 40 mm\",\"isPartOf\":{\"@id\":\"https:\/\/www.csj-emballages.com\/es\/#website\"},\"primaryImageOfPage\":{\"@id\":\"https:\/\/www.csj-emballages.com\/es\/produit\/250-porciones-de-tarta-de-carton\/#primaryimage\"},\"image\":{\"@id\":\"https:\/\/www.csj-emballages.com\/es\/produit\/250-porciones-de-tarta-de-carton\/#primaryimage\"},\"thumbnailUrl\":\"https:\/\/www.csj-emballages.com\/wp-content\/uploads\/2024\/03\/PART-PIZZA-2.webp\",\"datePublished\":\"2024-03-01T15:56:04+00:00\",\"dateModified\":\"2026-04-18T00:12:35+00:00\",\"description\":\"Soporte de cart\u00f3n triangular para porciones de tarta \u2013 lote de 250 unidades. S\u00f3lidos, pr\u00e1cticos y reciclables, realzan sus postres a la vez que facilitan su transporte\",\"breadcrumb\":{\"@id\":\"https:\/\/www.csj-emballages.com\/es\/produit\/250-porciones-de-tarta-de-carton\/#breadcrumb\"},\"inLanguage\":\"es\",\"potentialAction\":[{\"@type\":\"ReadAction\",\"target\":[\"https:\/\/www.csj-emballages.com\/es\/produit\/250-porciones-de-tarta-de-carton\/\"]}]},{\"@type\":\"ImageObject\",\"inLanguage\":\"es\",\"@id\":\"https:\/\/www.csj-emballages.com\/es\/produit\/250-porciones-de-tarta-de-carton\/#primaryimage\",\"url\":\"https:\/\/www.csj-emballages.com\/wp-content\/uploads\/2024\/03\/PART-PIZZA-2.webp\",\"contentUrl\":\"https:\/\/www.csj-emballages.com\/wp-content\/uploads\/2024\/03\/PART-PIZZA-2.webp\",\"width\":802,\"height\":802,\"caption\":\"Support carton\"},{\"@type\":\"BreadcrumbList\",\"@id\":\"https:\/\/www.csj-emballages.com\/es\/produit\/250-porciones-de-tarta-de-carton\/#breadcrumb\",\"itemListElement\":[{\"@type\":\"ListItem\",\"position\":1,\"name\":\"Accueil\",\"item\":\"https:\/\/www.csj-emballages.com\/es\/universo-del-envasado-alimentario\/\"},{\"@type\":\"ListItem\",\"position\":2,\"name\":\"Tienda\",\"item\":\"https:\/\/www.csj-emballages.com\/tienda\/\"},{\"@type\":\"ListItem\",\"position\":3,\"name\":\"Soporte de cart\u00f3n para porci\u00f3n individual de 170 x 190 x 20 mm, paquete de 250 unidades\"}]},{\"@type\":\"WebSite\",\"@id\":\"https:\/\/www.csj-emballages.com\/es\/#website\",\"url\":\"https:\/\/www.csj-emballages.com\/es\/\",\"name\":\"CSJ Emballages\",\"description\":\"\",\"publisher\":{\"@id\":\"https:\/\/www.csj-emballages.com\/es\/#organization\"},\"potentialAction\":[{\"@type\":\"SearchAction\",\"target\":{\"@type\":\"EntryPoint\",\"urlTemplate\":\"https:\/\/www.csj-emballages.com\/es\/?s={search_term_string}\"},\"query-input\":{\"@type\":\"PropertyValueSpecification\",\"valueRequired\":true,\"valueName\":\"search_term_string\"}}],\"inLanguage\":\"es\"},{\"@type\":\"Organization\",\"@id\":\"https:\/\/www.csj-emballages.com\/es\/#Organization\/\",\"name\":\"CSJ Emballages\",\"url\":\"https:\/\/www.csj-emballages.com\/es\/\",\"logo\":{\"@type\":\"ImageObject\",\"inLanguage\":\"es\",\"@id\":\"https:\/\/www.csj-emballages.com\/es\/#\/schema\/logo\/image\/\",\"url\":\"https:\/\/www.csj-emballages.com\/wp-content\/uploads\/2023\/10\/logo_csj.webp\",\"contentUrl\":\"https:\/\/www.csj-emballages.com\/wp-content\/uploads\/2023\/10\/logo_csj.webp\",\"width\":250,\"height\":95,\"caption\":\"CSJ Emballages\"},\"image\":{\"@id\":\"https:\/\/www.csj-emballages.com\/es\/#\/schema\/logo\/image\/\"},\"sameAs\":[\"https:\/\/www.facebook.com\/csjemballages\"],\"address\":{\"@type\":\"PostalAddress\",\"streetAddress\":\"ZI La Lechere\",\"addressLocality\":\"Patornay\",\"postalCode\":\"39130\",\"addressCountry\":\"FR\"},\"contactPoint\":[{\"@type\":\"ContactPoint\",\"contactType\":\"Service client\",\"telephone\":\"0384254272\",\"email\":\"contact@csj-emballages.com\"}]}]}<\/script>\n<!-- \/ Yoast SEO Premium plugin. -->","yoast_head_json":{"title":"Portapastel Triangular de Cart\u00f3n - 170 x 190 x 40 mm","description":"Soporte de cart\u00f3n triangular para porciones de tarta \u2013 lote de 250 unidades. S\u00f3lidos, pr\u00e1cticos y reciclables, realzan sus postres a la vez que facilitan su transporte","robots":{"index":"index","follow":"follow","max-snippet":"max-snippet:-1","max-image-preview":"max-image-preview:large","max-video-preview":"max-video-preview:-1"},"canonical":"https:\/\/www.csj-emballages.com\/es\/produit\/250-porciones-de-tarta-de-carton\/","og_locale":"es_ES","og_type":"article","og_title":"Soporte de cart\u00f3n para porci\u00f3n individual de 170 x 190 x 20 mm, paquete de 250 unidades","og_description":"Soporte de cart\u00f3n triangular para porciones de tarta \u2013 lote de 250 unidades. S\u00f3lidos, pr\u00e1cticos y reciclables, realzan sus postres a la vez que facilitan su transporte","og_url":"https:\/\/www.csj-emballages.com\/es\/produit\/250-porciones-de-tarta-de-carton\/","og_site_name":"CSJ Emballages","article_publisher":"https:\/\/www.facebook.com\/csjemballages","article_modified_time":"2026-04-18T00:12:35+00:00","og_image":[{"width":802,"height":802,"url":"https:\/\/www.csj-emballages.com\/wp-content\/uploads\/2024\/03\/PART-PIZZA-2.webp","type":"image\/webp"}],"twitter_card":"summary_large_image","twitter_misc":{"Tiempo de lectura":"2 minutos"},"schema":{"@context":"https:\/\/schema.org","@graph":[{"@type":"WebPage","@id":"https:\/\/www.csj-emballages.com\/es\/produit\/250-porciones-de-tarta-de-carton\/","url":"https:\/\/www.csj-emballages.com\/es\/produit\/250-porciones-de-tarta-de-carton\/","name":"Portapastel Triangular de Cart\u00f3n - 170 x 190 x 40 mm","isPartOf":{"@id":"https:\/\/www.csj-emballages.com\/es\/#website"},"primaryImageOfPage":{"@id":"https:\/\/www.csj-emballages.com\/es\/produit\/250-porciones-de-tarta-de-carton\/#primaryimage"},"image":{"@id":"https:\/\/www.csj-emballages.com\/es\/produit\/250-porciones-de-tarta-de-carton\/#primaryimage"},"thumbnailUrl":"https:\/\/www.csj-emballages.com\/wp-content\/uploads\/2024\/03\/PART-PIZZA-2.webp","datePublished":"2024-03-01T15:56:04+00:00","dateModified":"2026-04-18T00:12:35+00:00","description":"Soporte de cart\u00f3n triangular para porciones de tarta \u2013 lote de 250 unidades. S\u00f3lidos, pr\u00e1cticos y reciclables, realzan sus postres a la vez que facilitan su transporte","breadcrumb":{"@id":"https:\/\/www.csj-emballages.com\/es\/produit\/250-porciones-de-tarta-de-carton\/#breadcrumb"},"inLanguage":"es","potentialAction":[{"@type":"ReadAction","target":["https:\/\/www.csj-emballages.com\/es\/produit\/250-porciones-de-tarta-de-carton\/"]}]},{"@type":"ImageObject","inLanguage":"es","@id":"https:\/\/www.csj-emballages.com\/es\/produit\/250-porciones-de-tarta-de-carton\/#primaryimage","url":"https:\/\/www.csj-emballages.com\/wp-content\/uploads\/2024\/03\/PART-PIZZA-2.webp","contentUrl":"https:\/\/www.csj-emballages.com\/wp-content\/uploads\/2024\/03\/PART-PIZZA-2.webp","width":802,"height":802,"caption":"Support carton"},{"@type":"BreadcrumbList","@id":"https:\/\/www.csj-emballages.com\/es\/produit\/250-porciones-de-tarta-de-carton\/#breadcrumb","itemListElement":[{"@type":"ListItem","position":1,"name":"Accueil","item":"https:\/\/www.csj-emballages.com\/es\/universo-del-envasado-alimentario\/"},{"@type":"ListItem","position":2,"name":"Tienda","item":"https:\/\/www.csj-emballages.com\/tienda\/"},{"@type":"ListItem","position":3,"name":"Soporte de cart\u00f3n para porci\u00f3n individual de 170 x 190 x 20 mm, paquete de 250 unidades"}]},{"@type":"WebSite","@id":"https:\/\/www.csj-emballages.com\/es\/#website","url":"https:\/\/www.csj-emballages.com\/es\/","name":"CSJ Emballages","description":"","publisher":{"@id":"https:\/\/www.csj-emballages.com\/es\/#organization"},"potentialAction":[{"@type":"SearchAction","target":{"@type":"EntryPoint","urlTemplate":"https:\/\/www.csj-emballages.com\/es\/?s={search_term_string}"},"query-input":{"@type":"PropertyValueSpecification","valueRequired":true,"valueName":"search_term_string"}}],"inLanguage":"es"},{"@type":"Organization","@id":"https:\/\/www.csj-emballages.com\/es\/#Organization\/","name":"CSJ Emballages","url":"https:\/\/www.csj-emballages.com\/es\/","logo":{"@type":"ImageObject","inLanguage":"es","@id":"https:\/\/www.csj-emballages.com\/es\/#\/schema\/logo\/image\/","url":"https:\/\/www.csj-emballages.com\/wp-content\/uploads\/2023\/10\/logo_csj.webp","contentUrl":"https:\/\/www.csj-emballages.com\/wp-content\/uploads\/2023\/10\/logo_csj.webp","width":250,"height":95,"caption":"CSJ Emballages"},"image":{"@id":"https:\/\/www.csj-emballages.com\/es\/#\/schema\/logo\/image\/"},"sameAs":["https:\/\/www.facebook.com\/csjemballages"],"address":{"@type":"PostalAddress","streetAddress":"ZI La Lechere","addressLocality":"Patornay","postalCode":"39130","addressCountry":"FR"},"contactPoint":[{"@type":"ContactPoint","contactType":"Service client","telephone":"0384254272","email":"contact@csj-emballages.com"}]}]}},"df_price":13.18,"df_sale_price":"","df_regular_price":13.18,"df_image_link":"https:\/\/www.csj-emballages.com\/wp-content\/uploads\/2024\/03\/PART-PIZZA-2-300x300.webp","tiered_pricing_type":"fixed","tiered_pricing_fixed_rules":[],"tiered_pricing_percentage_rules":[],"tiered_pricing_minimum":1,"tiered_pricing_roles_data":[],"_links":{"self":[{"href":"https:\/\/www.csj-emballages.com\/es\/wp-json\/wp\/v2\/product\/19953","targetHints":{"allow":["GET"]}}],"collection":[{"href":"https:\/\/www.csj-emballages.com\/es\/wp-json\/wp\/v2\/product"}],"about":[{"href":"https:\/\/www.csj-emballages.com\/es\/wp-json\/wp\/v2\/types\/product"}],"wp:featuredmedia":[{"embeddable":true,"href":"https:\/\/www.csj-emballages.com\/es\/wp-json\/wp\/v2\/media\/209240"}],"wp:attachment":[{"href":"https:\/\/www.csj-emballages.com\/es\/wp-json\/wp\/v2\/media?parent=19953"}],"wp:term":[{"taxonomy":"product_brand","embeddable":true,"href":"https:\/\/www.csj-emballages.com\/es\/wp-json\/wp\/v2\/product_brand?post=19953"},{"taxonomy":"product_cat","embeddable":true,"href":"https:\/\/www.csj-emballages.com\/es\/wp-json\/wp\/v2\/product_cat?post=19953"},{"taxonomy":"product_tag","embeddable":true,"href":"https:\/\/www.csj-emballages.com\/es\/wp-json\/wp\/v2\/product_tag?post=19953"}],"curies":[{"name":"wp","href":"https:\/\/api.w.org\/{rel}","templated":true}]}}