{"id":19952,"date":"2024-03-01T16:56:05","date_gmt":"2024-03-01T15:56:05","guid":{"rendered":"https:\/\/u15jnbdpoq.preview.infomaniak.website\/produit\/25-jardineras-de-carton-verde-200-x-140-x-200-mm-n2\/"},"modified":"2026-04-14T02:12:45","modified_gmt":"2026-04-14T00:12:45","slug":"25-jardineras-de-carton-verde-200-x-140-x-200-mm-n2","status":"publish","type":"product","link":"https:\/\/www.csj-emballages.com\/es\/produit\/25-jardineras-de-carton-verde-200-x-140-x-200-mm-n2\/","title":{"rendered":"Caja para gallinas de cart\u00f3n verde con ventana 200 x 140 x 200 mm N\u00b02 por 25"},"content":{"rendered":"<h2 class=\"p1\">Caja para pollos<\/h2>\n<hr>\n<h3>Descripci\u00f3n de nuestra caja para gallinas de cart\u00f3n verde con ventana 200 x 140 x 200 mm N\u00b02 por 25<\/h3>\n<p><!--more--><\/p>\n<p>La <strong data-start=\"31\" data-end=\"103\">caja para gallinas de cart\u00f3n verde con ventana (200 x 140 x 200 mm<\/strong> <strong data-start=\"31\" data-end=\"103\">&#8211; N.\u00ba 2)<\/strong> es ideal para el transporte seguro de su <strong>gallina de chocolate<\/strong>. Dise\u00f1ada en cart\u00f3n resistente, asegura una excelente sujeci\u00f3n y una protecci\u00f3n \u00f3ptima durante el transporte. Gracias a su <strong data-start=\"310\" data-end=\"334\" data-is-only-node=\"\">ventana transparente<\/strong>, ofrece una visibilidad inmediata del contenido, valorando as\u00ed su producto ante los clientes. Vendida en lotes de <strong>25<\/strong>, es perfectamente adecuada para las necesidades de las <b>panader\u00edas-pasteler\u00edas<\/b>.<\/p>\n<p>&nbsp;<\/p>\n<p><!--more--><\/p>\n<p><strong>Sus ventajas:<\/strong><\/p>\n<div>\n<ul>\n<li data-start=\"589\" data-end=\"679\"><strong data-start=\"591\" data-end=\"611\">Cart\u00f3n resistente<\/strong>: Proporciona una protecci\u00f3n \u00f3ptima para el transporte de gallinas de Pascua.<\/li>\n<li data-start=\"680\" data-end=\"765\"><strong data-start=\"682\" data-end=\"706\">Ventana transparente<\/strong>: Resalta el producto y facilita su identificaci\u00f3n.<\/li>\n<li data-start=\"766\" data-end=\"850\"><strong data-start=\"768\" data-end=\"807\">Tama\u00f1o pr\u00e1ctico (200 x 140 x 200 mm)<\/strong>: ideal para los peque\u00f1os pollos de chocolate.<\/li>\n<li data-start=\"851\" data-end=\"903\"><strong data-start=\"853\" data-end=\"867\">Ecol\u00f3gico<\/strong>: Fabricado con cart\u00f3n reciclable.<\/li>\n<\/ul>\n<\/div>\n<p>&nbsp;<\/p>\n<p><!--more--><\/p>\n<h4>Informaci\u00f3n adicional :<\/h4>\n<ul>\n<li><strong>Envase<\/strong>: Paquete de 25<\/li>\n<li><strong>Dimensiones<\/strong>: 200 x 140 x 200 mm<\/li>\n<li><strong>Forma<\/strong>: Gallina<\/li>\n<li><strong>Material<\/strong>: Cart\u00f3n<\/li>\n<li><strong>Color<\/strong>: verde<\/li>\n<\/ul>\n<p>&nbsp;<\/p>\n<p><!--more--><\/p>\n<p><a href=\"\/?product_cat=boites-paques-1\">Ver el resto de nuestra gama de cajas de Pascua<\/a><\/p>\n","protected":false},"excerpt":{"rendered":"<p>Caja para pollos Descripci\u00f3n de nuestra caja para gallinas de cart\u00f3n verde con ventana 200 x 140 x 200 mm N\u00b02 por 25<\/p>\n","protected":false},"featured_media":225055,"template":"","meta":{"_acf_changed":false},"product_brand":[],"product_cat":[1150,1145,1147,2093,1270],"product_tag":[],"class_list":{"0":"post-19952","1":"product","2":"type-product","3":"status-publish","4":"has-post-thumbnail","6":"product_cat-envasado-de-alimentos","7":"product_cat-panaderia-y-pasteleria","8":"product_cat-jardineras","9":"product_cat-cajas-de-pascua","10":"product_cat-descuentos","12":"first","13":"instock","14":"sale","15":"taxable","16":"shipping-taxable","17":"purchasable","18":"product-type-simple"},"acf":[],"yoast_head":"<!-- This site is optimized with the Yoast SEO Premium plugin v26.6 (Yoast SEO v26.6) - https:\/\/yoast.com\/wordpress\/plugins\/seo\/ -->\n<title>Caja de cart\u00f3n verde para gallinas con ventana 200 x 140 x 200 mm, 25 por caja<\/title>\n<meta name=\"description\" content=\"Caja de cart\u00f3n verde para pollos con ventana. Pr\u00e1ctico, duradero y reciclable, ideal para el transporte seguro de sus pollos de chocolate\" \/>\n<meta name=\"robots\" content=\"index, follow, max-snippet:-1, max-image-preview:large, max-video-preview:-1\" \/>\n<link rel=\"canonical\" href=\"https:\/\/www.csj-emballages.com\/es\/produit\/25-jardineras-de-carton-verde-200-x-140-x-200-mm-n2\/\" \/>\n<meta property=\"og:locale\" content=\"es_ES\" \/>\n<meta property=\"og:type\" content=\"article\" \/>\n<meta property=\"og:title\" content=\"Caja para gallinas de cart\u00f3n verde con ventana 200 x 140 x 200 mm N\u00b02 por 25\" \/>\n<meta property=\"og:description\" content=\"Caja de cart\u00f3n verde para pollos con ventana. Pr\u00e1ctico, duradero y reciclable, ideal para el transporte seguro de sus pollos de chocolate\" \/>\n<meta property=\"og:url\" content=\"https:\/\/www.csj-emballages.com\/es\/produit\/25-jardineras-de-carton-verde-200-x-140-x-200-mm-n2\/\" \/>\n<meta property=\"og:site_name\" content=\"CSJ Emballages\" \/>\n<meta property=\"article:publisher\" content=\"https:\/\/www.facebook.com\/csjemballages\" \/>\n<meta property=\"article:modified_time\" content=\"2026-04-14T00:12:45+00:00\" \/>\n<meta property=\"og:image\" content=\"https:\/\/www.csj-emballages.com\/wp-content\/uploads\/2024\/03\/Boite-poule-verte-20-x-14-x-20.webp\" \/>\n\t<meta property=\"og:image:width\" content=\"800\" \/>\n\t<meta property=\"og:image:height\" content=\"800\" \/>\n\t<meta property=\"og:image:type\" content=\"image\/webp\" \/>\n<meta name=\"twitter:card\" content=\"summary_large_image\" \/>\n<meta name=\"twitter:label1\" content=\"Tiempo de lectura\" \/>\n\t<meta name=\"twitter:data1\" content=\"1 minuto\" \/>\n<script type=\"application\/ld+json\" class=\"yoast-schema-graph\">{\"@context\":\"https:\/\/schema.org\",\"@graph\":[{\"@type\":\"WebPage\",\"@id\":\"https:\/\/www.csj-emballages.com\/es\/produit\/25-jardineras-de-carton-verde-200-x-140-x-200-mm-n2\/\",\"url\":\"https:\/\/www.csj-emballages.com\/es\/produit\/25-jardineras-de-carton-verde-200-x-140-x-200-mm-n2\/\",\"name\":\"Caja de cart\u00f3n verde para gallinas con ventana 200 x 140 x 200 mm, 25 por caja\",\"isPartOf\":{\"@id\":\"https:\/\/www.csj-emballages.com\/es\/#website\"},\"primaryImageOfPage\":{\"@id\":\"https:\/\/www.csj-emballages.com\/es\/produit\/25-jardineras-de-carton-verde-200-x-140-x-200-mm-n2\/#primaryimage\"},\"image\":{\"@id\":\"https:\/\/www.csj-emballages.com\/es\/produit\/25-jardineras-de-carton-verde-200-x-140-x-200-mm-n2\/#primaryimage\"},\"thumbnailUrl\":\"https:\/\/www.csj-emballages.com\/wp-content\/uploads\/2024\/03\/Boite-poule-verte-20-x-14-x-20.webp\",\"datePublished\":\"2024-03-01T15:56:05+00:00\",\"dateModified\":\"2026-04-14T00:12:45+00:00\",\"description\":\"Caja de cart\u00f3n verde para pollos con ventana. Pr\u00e1ctico, duradero y reciclable, ideal para el transporte seguro de sus pollos de chocolate\",\"breadcrumb\":{\"@id\":\"https:\/\/www.csj-emballages.com\/es\/produit\/25-jardineras-de-carton-verde-200-x-140-x-200-mm-n2\/#breadcrumb\"},\"inLanguage\":\"es\",\"potentialAction\":[{\"@type\":\"ReadAction\",\"target\":[\"https:\/\/www.csj-emballages.com\/es\/produit\/25-jardineras-de-carton-verde-200-x-140-x-200-mm-n2\/\"]}]},{\"@type\":\"ImageObject\",\"inLanguage\":\"es\",\"@id\":\"https:\/\/www.csj-emballages.com\/es\/produit\/25-jardineras-de-carton-verde-200-x-140-x-200-mm-n2\/#primaryimage\",\"url\":\"https:\/\/www.csj-emballages.com\/wp-content\/uploads\/2024\/03\/Boite-poule-verte-20-x-14-x-20.webp\",\"contentUrl\":\"https:\/\/www.csj-emballages.com\/wp-content\/uploads\/2024\/03\/Boite-poule-verte-20-x-14-x-20.webp\",\"width\":800,\"height\":800,\"caption\":\"Boite \u00e0 poule\"},{\"@type\":\"BreadcrumbList\",\"@id\":\"https:\/\/www.csj-emballages.com\/es\/produit\/25-jardineras-de-carton-verde-200-x-140-x-200-mm-n2\/#breadcrumb\",\"itemListElement\":[{\"@type\":\"ListItem\",\"position\":1,\"name\":\"Accueil\",\"item\":\"https:\/\/www.csj-emballages.com\/es\/universo-del-envasado-alimentario\/\"},{\"@type\":\"ListItem\",\"position\":2,\"name\":\"Tienda\",\"item\":\"https:\/\/www.csj-emballages.com\/tienda\/\"},{\"@type\":\"ListItem\",\"position\":3,\"name\":\"Caja para gallinas de cart\u00f3n verde con ventana 200 x 140 x 200 mm N\u00b02 por 25\"}]},{\"@type\":\"WebSite\",\"@id\":\"https:\/\/www.csj-emballages.com\/es\/#website\",\"url\":\"https:\/\/www.csj-emballages.com\/es\/\",\"name\":\"CSJ Emballages\",\"description\":\"\",\"publisher\":{\"@id\":\"https:\/\/www.csj-emballages.com\/es\/#organization\"},\"potentialAction\":[{\"@type\":\"SearchAction\",\"target\":{\"@type\":\"EntryPoint\",\"urlTemplate\":\"https:\/\/www.csj-emballages.com\/es\/?s={search_term_string}\"},\"query-input\":{\"@type\":\"PropertyValueSpecification\",\"valueRequired\":true,\"valueName\":\"search_term_string\"}}],\"inLanguage\":\"es\"},{\"@type\":\"Organization\",\"@id\":\"https:\/\/www.csj-emballages.com\/es\/#Organization\/\",\"name\":\"CSJ Emballages\",\"url\":\"https:\/\/www.csj-emballages.com\/es\/\",\"logo\":{\"@type\":\"ImageObject\",\"inLanguage\":\"es\",\"@id\":\"https:\/\/www.csj-emballages.com\/es\/#\/schema\/logo\/image\/\",\"url\":\"https:\/\/www.csj-emballages.com\/wp-content\/uploads\/2023\/10\/logo_csj.webp\",\"contentUrl\":\"https:\/\/www.csj-emballages.com\/wp-content\/uploads\/2023\/10\/logo_csj.webp\",\"width\":250,\"height\":95,\"caption\":\"CSJ Emballages\"},\"image\":{\"@id\":\"https:\/\/www.csj-emballages.com\/es\/#\/schema\/logo\/image\/\"},\"sameAs\":[\"https:\/\/www.facebook.com\/csjemballages\"],\"address\":{\"@type\":\"PostalAddress\",\"streetAddress\":\"ZI La Lechere\",\"addressLocality\":\"Patornay\",\"postalCode\":\"39130\",\"addressCountry\":\"FR\"},\"contactPoint\":[{\"@type\":\"ContactPoint\",\"contactType\":\"Service client\",\"telephone\":\"0384254272\",\"email\":\"contact@csj-emballages.com\"}]}]}<\/script>\n<!-- \/ Yoast SEO Premium plugin. -->","yoast_head_json":{"title":"Caja de cart\u00f3n verde para gallinas con ventana 200 x 140 x 200 mm, 25 por caja","description":"Caja de cart\u00f3n verde para pollos con ventana. Pr\u00e1ctico, duradero y reciclable, ideal para el transporte seguro de sus pollos de chocolate","robots":{"index":"index","follow":"follow","max-snippet":"max-snippet:-1","max-image-preview":"max-image-preview:large","max-video-preview":"max-video-preview:-1"},"canonical":"https:\/\/www.csj-emballages.com\/es\/produit\/25-jardineras-de-carton-verde-200-x-140-x-200-mm-n2\/","og_locale":"es_ES","og_type":"article","og_title":"Caja para gallinas de cart\u00f3n verde con ventana 200 x 140 x 200 mm N\u00b02 por 25","og_description":"Caja de cart\u00f3n verde para pollos con ventana. Pr\u00e1ctico, duradero y reciclable, ideal para el transporte seguro de sus pollos de chocolate","og_url":"https:\/\/www.csj-emballages.com\/es\/produit\/25-jardineras-de-carton-verde-200-x-140-x-200-mm-n2\/","og_site_name":"CSJ Emballages","article_publisher":"https:\/\/www.facebook.com\/csjemballages","article_modified_time":"2026-04-14T00:12:45+00:00","og_image":[{"width":800,"height":800,"url":"https:\/\/www.csj-emballages.com\/wp-content\/uploads\/2024\/03\/Boite-poule-verte-20-x-14-x-20.webp","type":"image\/webp"}],"twitter_card":"summary_large_image","twitter_misc":{"Tiempo de lectura":"1 minuto"},"schema":{"@context":"https:\/\/schema.org","@graph":[{"@type":"WebPage","@id":"https:\/\/www.csj-emballages.com\/es\/produit\/25-jardineras-de-carton-verde-200-x-140-x-200-mm-n2\/","url":"https:\/\/www.csj-emballages.com\/es\/produit\/25-jardineras-de-carton-verde-200-x-140-x-200-mm-n2\/","name":"Caja de cart\u00f3n verde para gallinas con ventana 200 x 140 x 200 mm, 25 por caja","isPartOf":{"@id":"https:\/\/www.csj-emballages.com\/es\/#website"},"primaryImageOfPage":{"@id":"https:\/\/www.csj-emballages.com\/es\/produit\/25-jardineras-de-carton-verde-200-x-140-x-200-mm-n2\/#primaryimage"},"image":{"@id":"https:\/\/www.csj-emballages.com\/es\/produit\/25-jardineras-de-carton-verde-200-x-140-x-200-mm-n2\/#primaryimage"},"thumbnailUrl":"https:\/\/www.csj-emballages.com\/wp-content\/uploads\/2024\/03\/Boite-poule-verte-20-x-14-x-20.webp","datePublished":"2024-03-01T15:56:05+00:00","dateModified":"2026-04-14T00:12:45+00:00","description":"Caja de cart\u00f3n verde para pollos con ventana. Pr\u00e1ctico, duradero y reciclable, ideal para el transporte seguro de sus pollos de chocolate","breadcrumb":{"@id":"https:\/\/www.csj-emballages.com\/es\/produit\/25-jardineras-de-carton-verde-200-x-140-x-200-mm-n2\/#breadcrumb"},"inLanguage":"es","potentialAction":[{"@type":"ReadAction","target":["https:\/\/www.csj-emballages.com\/es\/produit\/25-jardineras-de-carton-verde-200-x-140-x-200-mm-n2\/"]}]},{"@type":"ImageObject","inLanguage":"es","@id":"https:\/\/www.csj-emballages.com\/es\/produit\/25-jardineras-de-carton-verde-200-x-140-x-200-mm-n2\/#primaryimage","url":"https:\/\/www.csj-emballages.com\/wp-content\/uploads\/2024\/03\/Boite-poule-verte-20-x-14-x-20.webp","contentUrl":"https:\/\/www.csj-emballages.com\/wp-content\/uploads\/2024\/03\/Boite-poule-verte-20-x-14-x-20.webp","width":800,"height":800,"caption":"Boite \u00e0 poule"},{"@type":"BreadcrumbList","@id":"https:\/\/www.csj-emballages.com\/es\/produit\/25-jardineras-de-carton-verde-200-x-140-x-200-mm-n2\/#breadcrumb","itemListElement":[{"@type":"ListItem","position":1,"name":"Accueil","item":"https:\/\/www.csj-emballages.com\/es\/universo-del-envasado-alimentario\/"},{"@type":"ListItem","position":2,"name":"Tienda","item":"https:\/\/www.csj-emballages.com\/tienda\/"},{"@type":"ListItem","position":3,"name":"Caja para gallinas de cart\u00f3n verde con ventana 200 x 140 x 200 mm N\u00b02 por 25"}]},{"@type":"WebSite","@id":"https:\/\/www.csj-emballages.com\/es\/#website","url":"https:\/\/www.csj-emballages.com\/es\/","name":"CSJ Emballages","description":"","publisher":{"@id":"https:\/\/www.csj-emballages.com\/es\/#organization"},"potentialAction":[{"@type":"SearchAction","target":{"@type":"EntryPoint","urlTemplate":"https:\/\/www.csj-emballages.com\/es\/?s={search_term_string}"},"query-input":{"@type":"PropertyValueSpecification","valueRequired":true,"valueName":"search_term_string"}}],"inLanguage":"es"},{"@type":"Organization","@id":"https:\/\/www.csj-emballages.com\/es\/#Organization\/","name":"CSJ Emballages","url":"https:\/\/www.csj-emballages.com\/es\/","logo":{"@type":"ImageObject","inLanguage":"es","@id":"https:\/\/www.csj-emballages.com\/es\/#\/schema\/logo\/image\/","url":"https:\/\/www.csj-emballages.com\/wp-content\/uploads\/2023\/10\/logo_csj.webp","contentUrl":"https:\/\/www.csj-emballages.com\/wp-content\/uploads\/2023\/10\/logo_csj.webp","width":250,"height":95,"caption":"CSJ Emballages"},"image":{"@id":"https:\/\/www.csj-emballages.com\/es\/#\/schema\/logo\/image\/"},"sameAs":["https:\/\/www.facebook.com\/csjemballages"],"address":{"@type":"PostalAddress","streetAddress":"ZI La Lechere","addressLocality":"Patornay","postalCode":"39130","addressCountry":"FR"},"contactPoint":[{"@type":"ContactPoint","contactType":"Service client","telephone":"0384254272","email":"contact@csj-emballages.com"}]}]}},"df_price":34.21,"df_sale_price":34.21,"df_regular_price":40.25,"df_image_link":"https:\/\/www.csj-emballages.com\/wp-content\/uploads\/2024\/03\/Boite-poule-verte-20-x-14-x-20-300x300.webp","tiered_pricing_type":"fixed","tiered_pricing_fixed_rules":[],"tiered_pricing_percentage_rules":[],"tiered_pricing_minimum":1,"tiered_pricing_roles_data":[],"_links":{"self":[{"href":"https:\/\/www.csj-emballages.com\/es\/wp-json\/wp\/v2\/product\/19952","targetHints":{"allow":["GET"]}}],"collection":[{"href":"https:\/\/www.csj-emballages.com\/es\/wp-json\/wp\/v2\/product"}],"about":[{"href":"https:\/\/www.csj-emballages.com\/es\/wp-json\/wp\/v2\/types\/product"}],"wp:featuredmedia":[{"embeddable":true,"href":"https:\/\/www.csj-emballages.com\/es\/wp-json\/wp\/v2\/media\/225055"}],"wp:attachment":[{"href":"https:\/\/www.csj-emballages.com\/es\/wp-json\/wp\/v2\/media?parent=19952"}],"wp:term":[{"taxonomy":"product_brand","embeddable":true,"href":"https:\/\/www.csj-emballages.com\/es\/wp-json\/wp\/v2\/product_brand?post=19952"},{"taxonomy":"product_cat","embeddable":true,"href":"https:\/\/www.csj-emballages.com\/es\/wp-json\/wp\/v2\/product_cat?post=19952"},{"taxonomy":"product_tag","embeddable":true,"href":"https:\/\/www.csj-emballages.com\/es\/wp-json\/wp\/v2\/product_tag?post=19952"}],"curies":[{"name":"wp","href":"https:\/\/api.w.org\/{rel}","templated":true}]}}