{"id":19926,"date":"2024-03-01T16:56:04","date_gmt":"2024-03-01T15:56:04","guid":{"rendered":"https:\/\/u15jnbdpoq.preview.infomaniak.website\/produit\/650-bandejas-eps-270-x-135-x-25-mm\/"},"modified":"2026-04-23T02:11:26","modified_gmt":"2026-04-23T00:11:26","slug":"650-bandejas-eps-270-x-135-x-25-mm","status":"publish","type":"product","link":"https:\/\/www.csj-emballages.com\/es\/produit\/650-bandejas-eps-270-x-135-x-25-mm\/","title":{"rendered":"Bandeja de poliestireno EPS 270 x 135 x 25 mm, 650 unidades"},"content":{"rendered":"<h2 style=\"font-family: Roboto, sans-serif\">Bandeja de poliestireno<\/h2>\n<hr>\n<h3 style=\"font-family: Roboto, sans-serif\"><span style=\"font-weight: bold\">Descubra nuestra bandeja de poliestireno de 270 x 135 x 25 mm por 650<\/span><\/h3>\n<p><!--more--><\/p>\n<p>Las <strong>bandejas<\/strong> absorbentes, fabricadas \u00edntegramente con poliestireno expandido (EPS), presentan un dise\u00f1o innovador. Gracias a unas finas perforaciones, los l\u00edquidos se absorben directamente dentro de la bandeja, donde quedan retenidos dentro de la estructura del material. Este sistema elimina la necesidad de almohadillas absorbentes, lo que simplifica el envasado al tiempo que aumenta la eficacia.  <\/p>\n<p>Ideales para envasar alimentos frescos con un periodo de conservaci\u00f3n corto, estas <strong>bandejas<\/strong> combinan ligereza y estabilidad, respondiendo perfectamente a las exigencias de los profesionales.<\/p>\n<p><!--more--><\/p>\n<h4>Dimensiones generosas 270 x 135 x 25 mm<\/h4>\n<p>Con unas dimensiones <strong>de 270 x 135 x 25 mm<\/strong>, son ideales para envasar productos alimenticios. Este pack de <strong>650 bandejas<\/strong> tambi\u00e9n ofrece una soluci\u00f3n econ\u00f3mica y duradera para sus preparaciones. <\/p>\n<p>&nbsp;<\/p>\n<p><!--more--><\/p>\n<h4 style=\"margin: 0pt;font-family: Roboto, sans-serif\">Sus ventajas:<\/h4>\n<ul>\n<li><strong>Absorci\u00f3n eficaz de l\u00edquidos<\/strong>: las perforaciones de la estructura permiten absorber y atrapar los l\u00edquidos, eliminando la necesidad de utilizar papel secante.<\/li>\n<li><strong>Ligeras y resistentes<\/strong>: el poliestireno expandido hace que las bandejas sean muy ligeras sin comprometer su resistencia.<\/li>\n<li>Cumplimiento <strong>de las normas alimentarias<\/strong>: estas bandejas son ideales para envasar alimentos frescos, cumpliendo las normas sanitarias.<\/li>\n<li><strong>Respetuoso con el medio ambiente<\/strong>: el poliestireno expandido utilizado es reciclable, lo que reduce el impacto medioambiental.<\/li>\n<\/ul>\n<p>&nbsp;<\/p>\n<p style=\"margin: 0pt;font-family: Roboto, sans-serif\"><!--more--><\/p>\n<h4>Informaci\u00f3n adicional :<\/h4>\n<ul>\n<li><strong>Embalaje<\/strong>: Caja de 650<\/li>\n<li><strong>Dimensiones<\/strong>: 270 x 135 x 25 (L x A x A en mm)<\/li>\n<li><strong>Material<\/strong>: EPS (poliestireno expandido)<\/li>\n<li><strong>Color<\/strong>: blanco<\/li>\n<\/ul>\n<p>&nbsp;<\/p>\n<p><!--more--><\/p>\n<p><a href=\"https:\/\/www.csj-emballages.com\/es\/categorie-produit\/envasado-de-alimentos\/carniceria-y-charcuteria\/bandejas-latas-y-tarros\/bandejas-latas-tarros-de-comida\/bandeja-eps\/\">Ver el resto de nuestra gama de bandejas de EPS<\/a><\/p>\n","protected":false},"excerpt":{"rendered":"<p>Bandeja de poliestireno Descubra nuestra bandeja de poliestireno de 270 x 135 x 25 mm por 650<\/p>\n","protected":false},"featured_media":214653,"template":"","meta":{"_acf_changed":false},"product_brand":[],"product_cat":[1150,1143,2296,1491,6087],"product_tag":[],"class_list":{"0":"post-19926","1":"product","2":"type-product","3":"status-publish","4":"has-post-thumbnail","6":"product_cat-envasado-de-alimentos","7":"product_cat-carniceria-y-charcuteria","8":"product_cat-bandejas-latas-y-tarros","9":"product_cat-bandejas-latas-tarros-de-comida","10":"product_cat-bandeja-eps","12":"first","13":"outofstock","14":"taxable","15":"shipping-taxable","16":"purchasable","17":"product-type-simple"},"acf":[],"yoast_head":"<!-- This site is optimized with the Yoast SEO Premium plugin v26.6 (Yoast SEO v26.6) - https:\/\/yoast.com\/wordpress\/plugins\/seo\/ -->\n<title>Bandeja de poliestireno - 270 x 135 x 25 mm<\/title>\n<meta name=\"description\" content=\"Bandejas de poliestireno absorbente fabricadas con poliestireno expandido (EPS), ligeras, resistentes e ideales para envasar alimentos frescos.\" \/>\n<meta name=\"robots\" content=\"index, follow, max-snippet:-1, max-image-preview:large, max-video-preview:-1\" \/>\n<link rel=\"canonical\" href=\"https:\/\/www.csj-emballages.com\/es\/produit\/650-bandejas-eps-270-x-135-x-25-mm\/\" \/>\n<meta property=\"og:locale\" content=\"es_ES\" \/>\n<meta property=\"og:type\" content=\"article\" \/>\n<meta property=\"og:title\" content=\"Bandeja de poliestireno EPS 270 x 135 x 25 mm, 650 unidades\" \/>\n<meta property=\"og:description\" content=\"Bandejas de poliestireno absorbente fabricadas con poliestireno expandido (EPS), ligeras, resistentes e ideales para envasar alimentos frescos.\" \/>\n<meta property=\"og:url\" content=\"https:\/\/www.csj-emballages.com\/es\/produit\/650-bandejas-eps-270-x-135-x-25-mm\/\" \/>\n<meta property=\"og:site_name\" content=\"CSJ Emballages\" \/>\n<meta property=\"article:publisher\" content=\"https:\/\/www.facebook.com\/csjemballages\" \/>\n<meta property=\"article:modified_time\" content=\"2026-04-23T00:11:26+00:00\" \/>\n<meta property=\"og:image\" content=\"https:\/\/www.csj-emballages.com\/wp-content\/uploads\/2024\/03\/barquette-PSE.webp\" \/>\n\t<meta property=\"og:image:width\" content=\"800\" \/>\n\t<meta property=\"og:image:height\" content=\"799\" \/>\n\t<meta property=\"og:image:type\" content=\"image\/webp\" \/>\n<meta name=\"twitter:card\" content=\"summary_large_image\" \/>\n<meta name=\"twitter:label1\" content=\"Tiempo de lectura\" \/>\n\t<meta name=\"twitter:data1\" content=\"1 minuto\" \/>\n<script type=\"application\/ld+json\" class=\"yoast-schema-graph\">{\"@context\":\"https:\/\/schema.org\",\"@graph\":[{\"@type\":\"WebPage\",\"@id\":\"https:\/\/www.csj-emballages.com\/es\/produit\/650-bandejas-eps-270-x-135-x-25-mm\/\",\"url\":\"https:\/\/www.csj-emballages.com\/es\/produit\/650-bandejas-eps-270-x-135-x-25-mm\/\",\"name\":\"Bandeja de poliestireno - 270 x 135 x 25 mm\",\"isPartOf\":{\"@id\":\"https:\/\/www.csj-emballages.com\/es\/#website\"},\"primaryImageOfPage\":{\"@id\":\"https:\/\/www.csj-emballages.com\/es\/produit\/650-bandejas-eps-270-x-135-x-25-mm\/#primaryimage\"},\"image\":{\"@id\":\"https:\/\/www.csj-emballages.com\/es\/produit\/650-bandejas-eps-270-x-135-x-25-mm\/#primaryimage\"},\"thumbnailUrl\":\"https:\/\/www.csj-emballages.com\/wp-content\/uploads\/2024\/03\/barquette-PSE.webp\",\"datePublished\":\"2024-03-01T15:56:04+00:00\",\"dateModified\":\"2026-04-23T00:11:26+00:00\",\"description\":\"Bandejas de poliestireno absorbente fabricadas con poliestireno expandido (EPS), ligeras, resistentes e ideales para envasar alimentos frescos.\",\"breadcrumb\":{\"@id\":\"https:\/\/www.csj-emballages.com\/es\/produit\/650-bandejas-eps-270-x-135-x-25-mm\/#breadcrumb\"},\"inLanguage\":\"es\",\"potentialAction\":[{\"@type\":\"ReadAction\",\"target\":[\"https:\/\/www.csj-emballages.com\/es\/produit\/650-bandejas-eps-270-x-135-x-25-mm\/\"]}]},{\"@type\":\"ImageObject\",\"inLanguage\":\"es\",\"@id\":\"https:\/\/www.csj-emballages.com\/es\/produit\/650-bandejas-eps-270-x-135-x-25-mm\/#primaryimage\",\"url\":\"https:\/\/www.csj-emballages.com\/wp-content\/uploads\/2024\/03\/barquette-PSE.webp\",\"contentUrl\":\"https:\/\/www.csj-emballages.com\/wp-content\/uploads\/2024\/03\/barquette-PSE.webp\",\"width\":800,\"height\":799,\"caption\":\"barquette polystyr\u00e8ne\"},{\"@type\":\"BreadcrumbList\",\"@id\":\"https:\/\/www.csj-emballages.com\/es\/produit\/650-bandejas-eps-270-x-135-x-25-mm\/#breadcrumb\",\"itemListElement\":[{\"@type\":\"ListItem\",\"position\":1,\"name\":\"Accueil\",\"item\":\"https:\/\/www.csj-emballages.com\/es\/universo-del-envasado-alimentario\/\"},{\"@type\":\"ListItem\",\"position\":2,\"name\":\"Tienda\",\"item\":\"https:\/\/www.csj-emballages.com\/tienda\/\"},{\"@type\":\"ListItem\",\"position\":3,\"name\":\"Bandeja de poliestireno EPS 270 x 135 x 25 mm, 650 unidades\"}]},{\"@type\":\"WebSite\",\"@id\":\"https:\/\/www.csj-emballages.com\/es\/#website\",\"url\":\"https:\/\/www.csj-emballages.com\/es\/\",\"name\":\"CSJ Emballages\",\"description\":\"\",\"publisher\":{\"@id\":\"https:\/\/www.csj-emballages.com\/es\/#organization\"},\"potentialAction\":[{\"@type\":\"SearchAction\",\"target\":{\"@type\":\"EntryPoint\",\"urlTemplate\":\"https:\/\/www.csj-emballages.com\/es\/?s={search_term_string}\"},\"query-input\":{\"@type\":\"PropertyValueSpecification\",\"valueRequired\":true,\"valueName\":\"search_term_string\"}}],\"inLanguage\":\"es\"},{\"@type\":\"Organization\",\"@id\":\"https:\/\/www.csj-emballages.com\/es\/#Organization\/\",\"name\":\"CSJ Emballages\",\"url\":\"https:\/\/www.csj-emballages.com\/es\/\",\"logo\":{\"@type\":\"ImageObject\",\"inLanguage\":\"es\",\"@id\":\"https:\/\/www.csj-emballages.com\/es\/#\/schema\/logo\/image\/\",\"url\":\"https:\/\/www.csj-emballages.com\/wp-content\/uploads\/2023\/10\/logo_csj.webp\",\"contentUrl\":\"https:\/\/www.csj-emballages.com\/wp-content\/uploads\/2023\/10\/logo_csj.webp\",\"width\":250,\"height\":95,\"caption\":\"CSJ Emballages\"},\"image\":{\"@id\":\"https:\/\/www.csj-emballages.com\/es\/#\/schema\/logo\/image\/\"},\"sameAs\":[\"https:\/\/www.facebook.com\/csjemballages\"],\"address\":{\"@type\":\"PostalAddress\",\"streetAddress\":\"ZI La Lechere\",\"addressLocality\":\"Patornay\",\"postalCode\":\"39130\",\"addressCountry\":\"FR\"},\"contactPoint\":[{\"@type\":\"ContactPoint\",\"contactType\":\"Service client\",\"telephone\":\"0384254272\",\"email\":\"contact@csj-emballages.com\"}]}]}<\/script>\n<!-- \/ Yoast SEO Premium plugin. -->","yoast_head_json":{"title":"Bandeja de poliestireno - 270 x 135 x 25 mm","description":"Bandejas de poliestireno absorbente fabricadas con poliestireno expandido (EPS), ligeras, resistentes e ideales para envasar alimentos frescos.","robots":{"index":"index","follow":"follow","max-snippet":"max-snippet:-1","max-image-preview":"max-image-preview:large","max-video-preview":"max-video-preview:-1"},"canonical":"https:\/\/www.csj-emballages.com\/es\/produit\/650-bandejas-eps-270-x-135-x-25-mm\/","og_locale":"es_ES","og_type":"article","og_title":"Bandeja de poliestireno EPS 270 x 135 x 25 mm, 650 unidades","og_description":"Bandejas de poliestireno absorbente fabricadas con poliestireno expandido (EPS), ligeras, resistentes e ideales para envasar alimentos frescos.","og_url":"https:\/\/www.csj-emballages.com\/es\/produit\/650-bandejas-eps-270-x-135-x-25-mm\/","og_site_name":"CSJ Emballages","article_publisher":"https:\/\/www.facebook.com\/csjemballages","article_modified_time":"2026-04-23T00:11:26+00:00","og_image":[{"width":800,"height":799,"url":"https:\/\/www.csj-emballages.com\/wp-content\/uploads\/2024\/03\/barquette-PSE.webp","type":"image\/webp"}],"twitter_card":"summary_large_image","twitter_misc":{"Tiempo de lectura":"1 minuto"},"schema":{"@context":"https:\/\/schema.org","@graph":[{"@type":"WebPage","@id":"https:\/\/www.csj-emballages.com\/es\/produit\/650-bandejas-eps-270-x-135-x-25-mm\/","url":"https:\/\/www.csj-emballages.com\/es\/produit\/650-bandejas-eps-270-x-135-x-25-mm\/","name":"Bandeja de poliestireno - 270 x 135 x 25 mm","isPartOf":{"@id":"https:\/\/www.csj-emballages.com\/es\/#website"},"primaryImageOfPage":{"@id":"https:\/\/www.csj-emballages.com\/es\/produit\/650-bandejas-eps-270-x-135-x-25-mm\/#primaryimage"},"image":{"@id":"https:\/\/www.csj-emballages.com\/es\/produit\/650-bandejas-eps-270-x-135-x-25-mm\/#primaryimage"},"thumbnailUrl":"https:\/\/www.csj-emballages.com\/wp-content\/uploads\/2024\/03\/barquette-PSE.webp","datePublished":"2024-03-01T15:56:04+00:00","dateModified":"2026-04-23T00:11:26+00:00","description":"Bandejas de poliestireno absorbente fabricadas con poliestireno expandido (EPS), ligeras, resistentes e ideales para envasar alimentos frescos.","breadcrumb":{"@id":"https:\/\/www.csj-emballages.com\/es\/produit\/650-bandejas-eps-270-x-135-x-25-mm\/#breadcrumb"},"inLanguage":"es","potentialAction":[{"@type":"ReadAction","target":["https:\/\/www.csj-emballages.com\/es\/produit\/650-bandejas-eps-270-x-135-x-25-mm\/"]}]},{"@type":"ImageObject","inLanguage":"es","@id":"https:\/\/www.csj-emballages.com\/es\/produit\/650-bandejas-eps-270-x-135-x-25-mm\/#primaryimage","url":"https:\/\/www.csj-emballages.com\/wp-content\/uploads\/2024\/03\/barquette-PSE.webp","contentUrl":"https:\/\/www.csj-emballages.com\/wp-content\/uploads\/2024\/03\/barquette-PSE.webp","width":800,"height":799,"caption":"barquette polystyr\u00e8ne"},{"@type":"BreadcrumbList","@id":"https:\/\/www.csj-emballages.com\/es\/produit\/650-bandejas-eps-270-x-135-x-25-mm\/#breadcrumb","itemListElement":[{"@type":"ListItem","position":1,"name":"Accueil","item":"https:\/\/www.csj-emballages.com\/es\/universo-del-envasado-alimentario\/"},{"@type":"ListItem","position":2,"name":"Tienda","item":"https:\/\/www.csj-emballages.com\/tienda\/"},{"@type":"ListItem","position":3,"name":"Bandeja de poliestireno EPS 270 x 135 x 25 mm, 650 unidades"}]},{"@type":"WebSite","@id":"https:\/\/www.csj-emballages.com\/es\/#website","url":"https:\/\/www.csj-emballages.com\/es\/","name":"CSJ Emballages","description":"","publisher":{"@id":"https:\/\/www.csj-emballages.com\/es\/#organization"},"potentialAction":[{"@type":"SearchAction","target":{"@type":"EntryPoint","urlTemplate":"https:\/\/www.csj-emballages.com\/es\/?s={search_term_string}"},"query-input":{"@type":"PropertyValueSpecification","valueRequired":true,"valueName":"search_term_string"}}],"inLanguage":"es"},{"@type":"Organization","@id":"https:\/\/www.csj-emballages.com\/es\/#Organization\/","name":"CSJ Emballages","url":"https:\/\/www.csj-emballages.com\/es\/","logo":{"@type":"ImageObject","inLanguage":"es","@id":"https:\/\/www.csj-emballages.com\/es\/#\/schema\/logo\/image\/","url":"https:\/\/www.csj-emballages.com\/wp-content\/uploads\/2023\/10\/logo_csj.webp","contentUrl":"https:\/\/www.csj-emballages.com\/wp-content\/uploads\/2023\/10\/logo_csj.webp","width":250,"height":95,"caption":"CSJ Emballages"},"image":{"@id":"https:\/\/www.csj-emballages.com\/es\/#\/schema\/logo\/image\/"},"sameAs":["https:\/\/www.facebook.com\/csjemballages"],"address":{"@type":"PostalAddress","streetAddress":"ZI La Lechere","addressLocality":"Patornay","postalCode":"39130","addressCountry":"FR"},"contactPoint":[{"@type":"ContactPoint","contactType":"Service client","telephone":"0384254272","email":"contact@csj-emballages.com"}]}]}},"df_price":69.7,"df_sale_price":"","df_regular_price":69.7,"df_image_link":"https:\/\/www.csj-emballages.com\/wp-content\/uploads\/2024\/03\/barquette-PSE-300x300.webp","tiered_pricing_type":"fixed","tiered_pricing_fixed_rules":[],"tiered_pricing_percentage_rules":[],"tiered_pricing_minimum":1,"tiered_pricing_roles_data":[],"_links":{"self":[{"href":"https:\/\/www.csj-emballages.com\/es\/wp-json\/wp\/v2\/product\/19926","targetHints":{"allow":["GET"]}}],"collection":[{"href":"https:\/\/www.csj-emballages.com\/es\/wp-json\/wp\/v2\/product"}],"about":[{"href":"https:\/\/www.csj-emballages.com\/es\/wp-json\/wp\/v2\/types\/product"}],"wp:featuredmedia":[{"embeddable":true,"href":"https:\/\/www.csj-emballages.com\/es\/wp-json\/wp\/v2\/media\/214653"}],"wp:attachment":[{"href":"https:\/\/www.csj-emballages.com\/es\/wp-json\/wp\/v2\/media?parent=19926"}],"wp:term":[{"taxonomy":"product_brand","embeddable":true,"href":"https:\/\/www.csj-emballages.com\/es\/wp-json\/wp\/v2\/product_brand?post=19926"},{"taxonomy":"product_cat","embeddable":true,"href":"https:\/\/www.csj-emballages.com\/es\/wp-json\/wp\/v2\/product_cat?post=19926"},{"taxonomy":"product_tag","embeddable":true,"href":"https:\/\/www.csj-emballages.com\/es\/wp-json\/wp\/v2\/product_tag?post=19926"}],"curies":[{"name":"wp","href":"https:\/\/api.w.org\/{rel}","templated":true}]}}