{"id":19909,"date":"2024-03-01T16:56:05","date_gmt":"2024-03-01T15:56:05","guid":{"rendered":"https:\/\/u15jnbdpoq.preview.infomaniak.website\/produit\/1-lata-de-pastas-de-frutas-375-g\/"},"modified":"2026-03-12T16:15:28","modified_gmt":"2026-03-12T15:15:28","slug":"1-lata-de-pastas-de-frutas-375-g","status":"publish","type":"product","link":"https:\/\/www.csj-emballages.com\/es\/produit\/1-lata-de-pastas-de-frutas-375-g\/","title":{"rendered":"Pastas de frutas 375g"},"content":{"rendered":"<h2>Caja de gelatinas de frutas<\/h2>\n<hr>\n<h3>Descripci\u00f3n de nuestra mermelada de frutas Caja de 375 g<\/h3>\n<p><!--more--><\/p>\n<p data-start=\"78\" data-end=\"486\">Ofrezca a sus dulces una presentaci\u00f3n cuidada y elegante con nuestra <strong data-start=\"151\" data-end=\"182\">lata de gelatina de fruta de 375 g<\/strong>. Especialmente dise\u00f1ada para mostrar sus creaciones caseras, esta <strong data-start=\"289\" data-end=\"310\">lata<\/strong> combina practicidad y est\u00e9tica. Con un tama\u00f1o ideal para unos 375 g de <strong>gelatina de<\/strong> fruta, es un formato generoso y atractivo para sus clientes.  <\/p>\n<p data-start=\"78\" data-end=\"486\">Esta <strong>caja<\/strong> contiene una placa de cart\u00f3n en su interior para una mejor presentaci\u00f3n.<\/p>\n<p data-start=\"488\" data-end=\"848\">Fabricada en <strong data-start=\"512\" data-end=\"543\">pl\u00e1stico r\u00edgido de alta calidad<\/strong>, la caja ofrece una excelente protecci\u00f3n contra la humedad, los golpes y el polvo. Su dise\u00f1o sobrio y refinado ofrece un aspecto profesional, perfecto para una boutique, tienda de delicatessen o incluso para eventos como celebraciones de fin de a\u00f1o, bodas o regalos de empresa. <\/p>\n<p data-start=\"850\" data-end=\"1218\">Esta <strong data-start=\"856\" data-end=\"876\">caja para pasta de fruta<\/strong> tambi\u00e9n est\u00e1 dise\u00f1ada para simplificar el embalaje: se monta r\u00e1pidamente, su tapa cierra con seguridad y su tama\u00f1o compacto facilita su almacenamiento y transporte. Puede personalizarla a\u00f1adiendo una cinta, una etiqueta o su logotipo, para reforzar su imagen de marca y atraer a\u00fan m\u00e1s a sus clientes. <\/p>\n<p data-start=\"1220\" data-end=\"1503\">Tanto si es un pastelero artesano, un chocolatero o un particular que desea ofrecer sus propias creaciones, esta <strong data-start=\"1337\" data-end=\"1367\">caja para gelatina de frutas<\/strong> es una soluci\u00f3n fiable y atractiva. Combina higiene, robustez y elegancia para sacar el m\u00e1ximo partido a sus delicias. <\/p>\n<p data-start=\"1220\" data-end=\"1503\">\n<p data-start=\"1423\" data-end=\"1694\"><!--more--><\/p>\n<h4 data-start=\"1423\" data-end=\"1694\">Ventajas :<\/h4>\n<ul>\n<li data-start=\"1423\" data-end=\"1694\">Tama\u00f1o ideal para <strong>375 g de pastas de frutas.<\/strong><\/li>\n<li data-start=\"1423\" data-end=\"1694\"><strong data-start=\"1579\" data-end=\"1596\">Pl\u00e1stico resistente<\/strong> para proteger sus productos.<\/li>\n<li data-start=\"1423\" data-end=\"1694\">Un dise\u00f1o sobrio y elegante para cualquier ocasi\u00f3n.<\/li>\n<li data-start=\"1423\" data-end=\"1694\">Ideal para <strong data-start=\"1745\" data-end=\"1765\">personalizar<\/strong> (cinta, etiqueta).<\/li>\n<li data-start=\"1423\" data-end=\"1694\">Realce sus creaciones artesanales o sus regalos gourmet.<\/li>\n<\/ul>\n<p>&nbsp;<\/p>\n<p><!--more--><\/p>\n<h4>Informaci\u00f3n adicional :<\/h4>\n<ul style=\"box-sizing: inherit; font-family: Roboto, sans-serif;\">\n<li><strong>Embalaje<\/strong>: Por unidad<\/li>\n<li><span style=\"font-weight: bold;\">Dimensiones<\/span>: 200 x 100 x 15 (L x A x A en mm)<\/li>\n<li><strong>Material<\/strong>: pl\u00e1stico PVC<\/li>\n<li><strong>Color<\/strong>: Cristalino<\/li>\n<\/ul>\n<p>&nbsp;<\/p>\n<p><!--more--><\/p>\n<p>Tambi\u00e9n disponible en 250 g: <span style=\"color: #d12727;\"><a style=\"color: #d12727;\" href=\"https:\/\/www.csj-emballages.com\/es\/produit\/1-lata-de-pastas-de-frutas-250-g\/\">BPF1<\/a><\/span><\/p>\n<p>&nbsp;<\/p>\n<p><!--more--><\/p>\n<p><a href=\"https:\/\/www.csj-emballages.com\/es\/produit\/1-lata-de-pastas-de-frutas-250-g\/\">Ver el resto de nuestra gama de latas de gelatina de frutas<\/a><\/p>\n","protected":false},"excerpt":{"rendered":"<p>Caja de gelatinas de frutas Descripci\u00f3n de nuestra mermelada de frutas Caja de 375 g<\/p>\n","protected":false},"featured_media":242047,"template":"","meta":{"_acf_changed":false},"product_brand":[],"product_cat":[1150,1145,1710,2248],"product_tag":[],"class_list":{"0":"post-19909","1":"product","2":"type-product","3":"status-publish","4":"has-post-thumbnail","6":"product_cat-envasado-de-alimentos","7":"product_cat-panaderia-y-pasteleria","8":"product_cat-cajas-estuches-para-macarrones","9":"product_cat-latas-de-gelatina-de-frutas","11":"first","12":"outofstock","13":"taxable","14":"shipping-taxable","15":"purchasable","16":"product-type-simple"},"acf":[],"yoast_head":"<!-- This site is optimized with the Yoast SEO Premium plugin v26.6 (Yoast SEO v26.6) - https:\/\/yoast.com\/wordpress\/plugins\/seo\/ -->\n<title>Lata de Pasta de Frutas 375g<\/title>\n<meta name=\"description\" content=\"Elegante caja de pl\u00e1stico PVC para 375 g de gelatinas de frutas. Resistente, pr\u00e1ctica y personalizable, ideal para exhibir sus delicias caseras.\" \/>\n<meta name=\"robots\" content=\"index, follow, max-snippet:-1, max-image-preview:large, max-video-preview:-1\" \/>\n<link rel=\"canonical\" href=\"https:\/\/www.csj-emballages.com\/es\/produit\/1-lata-de-pastas-de-frutas-375-g\/\" \/>\n<meta property=\"og:locale\" content=\"es_ES\" \/>\n<meta property=\"og:type\" content=\"article\" \/>\n<meta property=\"og:title\" content=\"Pastas de frutas 375g\" \/>\n<meta property=\"og:description\" content=\"Elegante caja de pl\u00e1stico PVC para 375 g de gelatinas de frutas. Resistente, pr\u00e1ctica y personalizable, ideal para exhibir sus delicias caseras.\" \/>\n<meta property=\"og:url\" content=\"https:\/\/www.csj-emballages.com\/es\/produit\/1-lata-de-pastas-de-frutas-375-g\/\" \/>\n<meta property=\"og:site_name\" content=\"CSJ Emballages\" \/>\n<meta property=\"article:publisher\" content=\"https:\/\/www.facebook.com\/csjemballages\" \/>\n<meta property=\"article:modified_time\" content=\"2026-03-12T15:15:28+00:00\" \/>\n<meta property=\"og:image\" content=\"https:\/\/www.csj-emballages.com\/wp-content\/uploads\/2024\/03\/BPF2.webp\" \/>\n\t<meta property=\"og:image:width\" content=\"800\" \/>\n\t<meta property=\"og:image:height\" content=\"800\" \/>\n\t<meta property=\"og:image:type\" content=\"image\/webp\" \/>\n<meta name=\"twitter:card\" content=\"summary_large_image\" \/>\n<meta name=\"twitter:label1\" content=\"Tiempo de lectura\" \/>\n\t<meta name=\"twitter:data1\" content=\"1 minuto\" \/>\n<script type=\"application\/ld+json\" class=\"yoast-schema-graph\">{\"@context\":\"https:\/\/schema.org\",\"@graph\":[{\"@type\":\"WebPage\",\"@id\":\"https:\/\/www.csj-emballages.com\/es\/produit\/1-lata-de-pastas-de-frutas-375-g\/\",\"url\":\"https:\/\/www.csj-emballages.com\/es\/produit\/1-lata-de-pastas-de-frutas-375-g\/\",\"name\":\"Lata de Pasta de Frutas 375g\",\"isPartOf\":{\"@id\":\"https:\/\/www.csj-emballages.com\/es\/#website\"},\"primaryImageOfPage\":{\"@id\":\"https:\/\/www.csj-emballages.com\/es\/produit\/1-lata-de-pastas-de-frutas-375-g\/#primaryimage\"},\"image\":{\"@id\":\"https:\/\/www.csj-emballages.com\/es\/produit\/1-lata-de-pastas-de-frutas-375-g\/#primaryimage\"},\"thumbnailUrl\":\"https:\/\/www.csj-emballages.com\/wp-content\/uploads\/2024\/03\/BPF2.webp\",\"datePublished\":\"2024-03-01T15:56:05+00:00\",\"dateModified\":\"2026-03-12T15:15:28+00:00\",\"description\":\"Elegante caja de pl\u00e1stico PVC para 375 g de gelatinas de frutas. Resistente, pr\u00e1ctica y personalizable, ideal para exhibir sus delicias caseras.\",\"breadcrumb\":{\"@id\":\"https:\/\/www.csj-emballages.com\/es\/produit\/1-lata-de-pastas-de-frutas-375-g\/#breadcrumb\"},\"inLanguage\":\"es\",\"potentialAction\":[{\"@type\":\"ReadAction\",\"target\":[\"https:\/\/www.csj-emballages.com\/es\/produit\/1-lata-de-pastas-de-frutas-375-g\/\"]}]},{\"@type\":\"ImageObject\",\"inLanguage\":\"es\",\"@id\":\"https:\/\/www.csj-emballages.com\/es\/produit\/1-lata-de-pastas-de-frutas-375-g\/#primaryimage\",\"url\":\"https:\/\/www.csj-emballages.com\/wp-content\/uploads\/2024\/03\/BPF2.webp\",\"contentUrl\":\"https:\/\/www.csj-emballages.com\/wp-content\/uploads\/2024\/03\/BPF2.webp\",\"width\":800,\"height\":800,\"caption\":\"Boite p\u00e2tes de fruits\"},{\"@type\":\"BreadcrumbList\",\"@id\":\"https:\/\/www.csj-emballages.com\/es\/produit\/1-lata-de-pastas-de-frutas-375-g\/#breadcrumb\",\"itemListElement\":[{\"@type\":\"ListItem\",\"position\":1,\"name\":\"Accueil\",\"item\":\"https:\/\/www.csj-emballages.com\/es\/universo-del-envasado-alimentario\/\"},{\"@type\":\"ListItem\",\"position\":2,\"name\":\"Tienda\",\"item\":\"https:\/\/www.csj-emballages.com\/tienda\/\"},{\"@type\":\"ListItem\",\"position\":3,\"name\":\"Pastas de frutas 375g\"}]},{\"@type\":\"WebSite\",\"@id\":\"https:\/\/www.csj-emballages.com\/es\/#website\",\"url\":\"https:\/\/www.csj-emballages.com\/es\/\",\"name\":\"CSJ Emballages\",\"description\":\"\",\"publisher\":{\"@id\":\"https:\/\/www.csj-emballages.com\/es\/#organization\"},\"potentialAction\":[{\"@type\":\"SearchAction\",\"target\":{\"@type\":\"EntryPoint\",\"urlTemplate\":\"https:\/\/www.csj-emballages.com\/es\/?s={search_term_string}\"},\"query-input\":{\"@type\":\"PropertyValueSpecification\",\"valueRequired\":true,\"valueName\":\"search_term_string\"}}],\"inLanguage\":\"es\"},{\"@type\":\"Organization\",\"@id\":\"https:\/\/www.csj-emballages.com\/es\/#Organization\/\",\"name\":\"CSJ Emballages\",\"url\":\"https:\/\/www.csj-emballages.com\/es\/\",\"logo\":{\"@type\":\"ImageObject\",\"inLanguage\":\"es\",\"@id\":\"https:\/\/www.csj-emballages.com\/es\/#\/schema\/logo\/image\/\",\"url\":\"https:\/\/www.csj-emballages.com\/wp-content\/uploads\/2023\/10\/logo_csj.webp\",\"contentUrl\":\"https:\/\/www.csj-emballages.com\/wp-content\/uploads\/2023\/10\/logo_csj.webp\",\"width\":250,\"height\":95,\"caption\":\"CSJ Emballages\"},\"image\":{\"@id\":\"https:\/\/www.csj-emballages.com\/es\/#\/schema\/logo\/image\/\"},\"sameAs\":[\"https:\/\/www.facebook.com\/csjemballages\"],\"address\":{\"@type\":\"PostalAddress\",\"streetAddress\":\"ZI La Lechere\",\"addressLocality\":\"Patornay\",\"postalCode\":\"39130\",\"addressCountry\":\"FR\"},\"contactPoint\":[{\"@type\":\"ContactPoint\",\"contactType\":\"Service client\",\"telephone\":\"0384254272\",\"email\":\"contact@csj-emballages.com\"}]}]}<\/script>\n<!-- \/ Yoast SEO Premium plugin. -->","yoast_head_json":{"title":"Lata de Pasta de Frutas 375g","description":"Elegante caja de pl\u00e1stico PVC para 375 g de gelatinas de frutas. Resistente, pr\u00e1ctica y personalizable, ideal para exhibir sus delicias caseras.","robots":{"index":"index","follow":"follow","max-snippet":"max-snippet:-1","max-image-preview":"max-image-preview:large","max-video-preview":"max-video-preview:-1"},"canonical":"https:\/\/www.csj-emballages.com\/es\/produit\/1-lata-de-pastas-de-frutas-375-g\/","og_locale":"es_ES","og_type":"article","og_title":"Pastas de frutas 375g","og_description":"Elegante caja de pl\u00e1stico PVC para 375 g de gelatinas de frutas. Resistente, pr\u00e1ctica y personalizable, ideal para exhibir sus delicias caseras.","og_url":"https:\/\/www.csj-emballages.com\/es\/produit\/1-lata-de-pastas-de-frutas-375-g\/","og_site_name":"CSJ Emballages","article_publisher":"https:\/\/www.facebook.com\/csjemballages","article_modified_time":"2026-03-12T15:15:28+00:00","og_image":[{"width":800,"height":800,"url":"https:\/\/www.csj-emballages.com\/wp-content\/uploads\/2024\/03\/BPF2.webp","type":"image\/webp"}],"twitter_card":"summary_large_image","twitter_misc":{"Tiempo de lectura":"1 minuto"},"schema":{"@context":"https:\/\/schema.org","@graph":[{"@type":"WebPage","@id":"https:\/\/www.csj-emballages.com\/es\/produit\/1-lata-de-pastas-de-frutas-375-g\/","url":"https:\/\/www.csj-emballages.com\/es\/produit\/1-lata-de-pastas-de-frutas-375-g\/","name":"Lata de Pasta de Frutas 375g","isPartOf":{"@id":"https:\/\/www.csj-emballages.com\/es\/#website"},"primaryImageOfPage":{"@id":"https:\/\/www.csj-emballages.com\/es\/produit\/1-lata-de-pastas-de-frutas-375-g\/#primaryimage"},"image":{"@id":"https:\/\/www.csj-emballages.com\/es\/produit\/1-lata-de-pastas-de-frutas-375-g\/#primaryimage"},"thumbnailUrl":"https:\/\/www.csj-emballages.com\/wp-content\/uploads\/2024\/03\/BPF2.webp","datePublished":"2024-03-01T15:56:05+00:00","dateModified":"2026-03-12T15:15:28+00:00","description":"Elegante caja de pl\u00e1stico PVC para 375 g de gelatinas de frutas. Resistente, pr\u00e1ctica y personalizable, ideal para exhibir sus delicias caseras.","breadcrumb":{"@id":"https:\/\/www.csj-emballages.com\/es\/produit\/1-lata-de-pastas-de-frutas-375-g\/#breadcrumb"},"inLanguage":"es","potentialAction":[{"@type":"ReadAction","target":["https:\/\/www.csj-emballages.com\/es\/produit\/1-lata-de-pastas-de-frutas-375-g\/"]}]},{"@type":"ImageObject","inLanguage":"es","@id":"https:\/\/www.csj-emballages.com\/es\/produit\/1-lata-de-pastas-de-frutas-375-g\/#primaryimage","url":"https:\/\/www.csj-emballages.com\/wp-content\/uploads\/2024\/03\/BPF2.webp","contentUrl":"https:\/\/www.csj-emballages.com\/wp-content\/uploads\/2024\/03\/BPF2.webp","width":800,"height":800,"caption":"Boite p\u00e2tes de fruits"},{"@type":"BreadcrumbList","@id":"https:\/\/www.csj-emballages.com\/es\/produit\/1-lata-de-pastas-de-frutas-375-g\/#breadcrumb","itemListElement":[{"@type":"ListItem","position":1,"name":"Accueil","item":"https:\/\/www.csj-emballages.com\/es\/universo-del-envasado-alimentario\/"},{"@type":"ListItem","position":2,"name":"Tienda","item":"https:\/\/www.csj-emballages.com\/tienda\/"},{"@type":"ListItem","position":3,"name":"Pastas de frutas 375g"}]},{"@type":"WebSite","@id":"https:\/\/www.csj-emballages.com\/es\/#website","url":"https:\/\/www.csj-emballages.com\/es\/","name":"CSJ Emballages","description":"","publisher":{"@id":"https:\/\/www.csj-emballages.com\/es\/#organization"},"potentialAction":[{"@type":"SearchAction","target":{"@type":"EntryPoint","urlTemplate":"https:\/\/www.csj-emballages.com\/es\/?s={search_term_string}"},"query-input":{"@type":"PropertyValueSpecification","valueRequired":true,"valueName":"search_term_string"}}],"inLanguage":"es"},{"@type":"Organization","@id":"https:\/\/www.csj-emballages.com\/es\/#Organization\/","name":"CSJ Emballages","url":"https:\/\/www.csj-emballages.com\/es\/","logo":{"@type":"ImageObject","inLanguage":"es","@id":"https:\/\/www.csj-emballages.com\/es\/#\/schema\/logo\/image\/","url":"https:\/\/www.csj-emballages.com\/wp-content\/uploads\/2023\/10\/logo_csj.webp","contentUrl":"https:\/\/www.csj-emballages.com\/wp-content\/uploads\/2023\/10\/logo_csj.webp","width":250,"height":95,"caption":"CSJ Emballages"},"image":{"@id":"https:\/\/www.csj-emballages.com\/es\/#\/schema\/logo\/image\/"},"sameAs":["https:\/\/www.facebook.com\/csjemballages"],"address":{"@type":"PostalAddress","streetAddress":"ZI La Lechere","addressLocality":"Patornay","postalCode":"39130","addressCountry":"FR"},"contactPoint":[{"@type":"ContactPoint","contactType":"Service client","telephone":"0384254272","email":"contact@csj-emballages.com"}]}]}},"df_price":3.43,"df_sale_price":"","df_regular_price":3.43,"df_image_link":"https:\/\/www.csj-emballages.com\/wp-content\/uploads\/2024\/03\/BPF2-300x300.webp","tiered_pricing_type":"fixed","tiered_pricing_fixed_rules":[],"tiered_pricing_percentage_rules":[],"tiered_pricing_minimum":1,"tiered_pricing_roles_data":[],"_links":{"self":[{"href":"https:\/\/www.csj-emballages.com\/es\/wp-json\/wp\/v2\/product\/19909","targetHints":{"allow":["GET"]}}],"collection":[{"href":"https:\/\/www.csj-emballages.com\/es\/wp-json\/wp\/v2\/product"}],"about":[{"href":"https:\/\/www.csj-emballages.com\/es\/wp-json\/wp\/v2\/types\/product"}],"wp:featuredmedia":[{"embeddable":true,"href":"https:\/\/www.csj-emballages.com\/es\/wp-json\/wp\/v2\/media\/242047"}],"wp:attachment":[{"href":"https:\/\/www.csj-emballages.com\/es\/wp-json\/wp\/v2\/media?parent=19909"}],"wp:term":[{"taxonomy":"product_brand","embeddable":true,"href":"https:\/\/www.csj-emballages.com\/es\/wp-json\/wp\/v2\/product_brand?post=19909"},{"taxonomy":"product_cat","embeddable":true,"href":"https:\/\/www.csj-emballages.com\/es\/wp-json\/wp\/v2\/product_cat?post=19909"},{"taxonomy":"product_tag","embeddable":true,"href":"https:\/\/www.csj-emballages.com\/es\/wp-json\/wp\/v2\/product_tag?post=19909"}],"curies":[{"name":"wp","href":"https:\/\/api.w.org\/{rel}","templated":true}]}}