{"id":19907,"date":"2024-03-01T16:56:04","date_gmt":"2024-03-01T15:56:04","guid":{"rendered":"https:\/\/u15jnbdpoq.preview.infomaniak.website\/produit\/250-soportes-de-carton-para-quiche-170-x-120-x-20\/"},"modified":"2026-04-15T02:11:26","modified_gmt":"2026-04-15T00:11:26","slug":"250-soportes-de-carton-para-quiche-170-x-120-x-20","status":"publish","type":"product","link":"https:\/\/www.csj-emballages.com\/es\/produit\/250-soportes-de-carton-para-quiche-170-x-120-x-20\/","title":{"rendered":"Soporte de cart\u00f3n para porci\u00f3n individual de 170 x 120 x 10, paquete de 250"},"content":{"rendered":"<h2>Soporte de cart\u00f3n<\/h2>\n<hr>\n<h3>Descripci\u00f3n de nuestro soporte de cart\u00f3n para porci\u00f3n individual de 170 x 120 x 10, paquete de 250<\/h3>\n<p><!--more--><\/p>\n<p data-start=\"328\" data-end=\"730\">Cuando se trata de servir una <strong>porci\u00f3n individual<\/strong> de forma limpia y sin complicaciones, este <strong>soporte de cart\u00f3n<\/strong> marca claramente la diferencia. Pensado para <strong>porciones de pizza<\/strong>, <strong>quiche<\/strong>, <strong>tarta<\/strong> o incluso <strong>pastel<\/strong>, permite un agarre f\u00e1cil a la vez que garantiza una presentaci\u00f3n limpia y cuidada. Gracias a su formato de <strong data-start=\"634\" data-end=\"655\">170 x 120 x 10 mm<\/strong>, la porci\u00f3n permanece bien sujeta, sin resbalar ni romperse al servir.  <\/p>\n<p data-start=\"732\" data-end=\"1130\">Su forma ligeramente elevada en la parte posterior aporta una gran comodidad de uso. Ayuda a mantener el alimento en su sitio, sobre todo durante la venta para llevar o el servicio r\u00e1pido. As\u00ed, el cliente puede comer m\u00e1s f\u00e1cilmente, sin mancharse, lo que mejora claramente la experiencia. Adem\u00e1s, el <strong>cart\u00f3n r\u00edgido<\/strong> ofrece una buena sujeci\u00f3n, incluso para preparaciones calientes o ligeramente grasientas.   <\/p>\n<p data-start=\"1132\" data-end=\"1407\">Otro punto fuerte: este <strong>soporte<\/strong> est\u00e1 listo para usar. Sin montajes complicados, sin p\u00e9rdida de tiempo. Lo coge, sirve y listo. Esta ganancia de rapidez es especialmente apreciable en snacks, pizzer\u00edas, panader\u00edas o durante eventos con mucho flujo de gente.   <\/p>\n<p data-start=\"1409\" data-end=\"1742\">Se vende <strong data-start=\"1415\" data-end=\"1433\">en lotes de 250<\/strong>, este soporte de cart\u00f3n es ideal para los profesionales que desean un stock fiable y constante sin multiplicar los reabastecimientos. Se integra f\u00e1cilmente en la organizaci\u00f3n diaria y se adapta a muchos usos. Sencillo, eficaz y discreto, destaca el producto servido, sin desviar la atenci\u00f3n.  <\/p>\n<p data-start=\"1744\" data-end=\"1906\">En resumen, es una soluci\u00f3n pr\u00e1ctica y bien pensada para servir porciones individuales con limpieza y eficacia, a la vez que facilita el trabajo entre bastidores.<\/p>\n<p data-start=\"1744\" data-end=\"1906\">\n<p data-start=\"1744\" data-end=\"1906\"><!--more--><\/p>\n<h4 data-start=\"1744\" data-end=\"1906\">Ventajas :<\/h4>\n<ul>\n<li data-start=\"1934\" data-end=\"1974\">Formato adaptado a las <strong>porciones individuales<\/strong>.<\/li>\n<li data-start=\"2022\" data-end=\"2051\">Cart\u00f3n fuerte y r\u00edgido.<\/li>\n<li data-start=\"2054\" data-end=\"2092\">Uso inmediato, sin montaje.<\/li>\n<li data-start=\"2095\" data-end=\"2126\">Paquete econ\u00f3mico de <strong>250<\/strong> unidades.<\/li>\n<li data-start=\"2129\" data-end=\"2175\">Ideal para la venta para llevar y el <strong>snacking<\/strong>.<\/li>\n<\/ul>\n<p>&nbsp;<\/p>\n<p><!--more--><\/p>\n<h4>Informaci\u00f3n adicional :<\/h4>\n<ul>\n<li><strong>Envase<\/strong>: Paquete de 250<\/li>\n<li><strong>Material<\/strong>: Cart\u00f3n<\/li>\n<li><strong>Dimensiones<\/strong>: 170 x 120 x 20 mm (sin bordes)<\/li>\n<li>Bordes de plegado de 20 mm en cada lado<\/li>\n<li><strong>Color<\/strong>: blanco<\/li>\n<\/ul>\n<p>&nbsp;<\/p>\n<p><!--more--><\/p>\n<p><a href=\"\/?product_cat=supports-triangulaires\">Ver el resto de nuestra gama de soportes triangulares<\/a><\/p>\n","protected":false},"excerpt":{"rendered":"<p>Soporte de cart\u00f3n Descripci\u00f3n de nuestro soporte de cart\u00f3n para porci\u00f3n individual de 170 x 120 x 10, paquete de 250<\/p>\n","protected":false},"featured_media":209223,"template":"","meta":{"_acf_changed":false},"product_brand":[],"product_cat":[1150,1145,1911,2249,1179,3881,2529],"product_tag":[],"class_list":{"0":"post-19907","1":"product","2":"type-product","3":"status-publish","4":"has-post-thumbnail","6":"product_cat-envasado-de-alimentos","7":"product_cat-panaderia-y-pasteleria","8":"product_cat-soportes-de-base-para-tartas","9":"product_cat-cuadrados-estriados","10":"product_cat-catering-es","11":"product_cat-admite","12":"product_cat-corchetes","14":"first","15":"instock","16":"taxable","17":"shipping-taxable","18":"purchasable","19":"product-type-simple"},"acf":[],"yoast_head":"<!-- This site is optimized with the Yoast SEO Premium plugin v26.6 (Yoast SEO v26.6) - https:\/\/yoast.com\/wordpress\/plugins\/seo\/ -->\n<title>Soporte de cart\u00f3n para porci\u00f3n individual de 170 x 120 x 10, paquete de 250<\/title>\n<meta name=\"description\" content=\"Soporte de cart\u00f3n para porci\u00f3n individual de 170 x 120 x 10 mm, se vende en paquetes de 250. Pr\u00e1ctico, estable e ideal para servir pizzas, quiches y tartas para llevar.\" \/>\n<meta name=\"robots\" content=\"index, follow, max-snippet:-1, max-image-preview:large, max-video-preview:-1\" \/>\n<link rel=\"canonical\" href=\"https:\/\/www.csj-emballages.com\/es\/produit\/250-soportes-de-carton-para-quiche-170-x-120-x-20\/\" \/>\n<meta property=\"og:locale\" content=\"es_ES\" \/>\n<meta property=\"og:type\" content=\"article\" \/>\n<meta property=\"og:title\" content=\"Soporte de cart\u00f3n para porci\u00f3n individual de 170 x 120 x 10, paquete de 250\" \/>\n<meta property=\"og:description\" content=\"Soporte de cart\u00f3n para porci\u00f3n individual de 170 x 120 x 10 mm, se vende en paquetes de 250. Pr\u00e1ctico, estable e ideal para servir pizzas, quiches y tartas para llevar.\" \/>\n<meta property=\"og:url\" content=\"https:\/\/www.csj-emballages.com\/es\/produit\/250-soportes-de-carton-para-quiche-170-x-120-x-20\/\" \/>\n<meta property=\"og:site_name\" content=\"CSJ Emballages\" \/>\n<meta property=\"article:publisher\" content=\"https:\/\/www.facebook.com\/csjemballages\" \/>\n<meta property=\"article:modified_time\" content=\"2026-04-15T00:11:26+00:00\" \/>\n<meta property=\"og:image\" content=\"https:\/\/www.csj-emballages.com\/wp-content\/uploads\/2024\/03\/PART-QUICHE.webp\" \/>\n\t<meta property=\"og:image:width\" content=\"798\" \/>\n\t<meta property=\"og:image:height\" content=\"798\" \/>\n\t<meta property=\"og:image:type\" content=\"image\/webp\" \/>\n<meta name=\"twitter:card\" content=\"summary_large_image\" \/>\n<meta name=\"twitter:label1\" content=\"Tiempo de lectura\" \/>\n\t<meta name=\"twitter:data1\" content=\"2 minutos\" \/>\n<script type=\"application\/ld+json\" class=\"yoast-schema-graph\">{\"@context\":\"https:\/\/schema.org\",\"@graph\":[{\"@type\":\"WebPage\",\"@id\":\"https:\/\/www.csj-emballages.com\/es\/produit\/250-soportes-de-carton-para-quiche-170-x-120-x-20\/\",\"url\":\"https:\/\/www.csj-emballages.com\/es\/produit\/250-soportes-de-carton-para-quiche-170-x-120-x-20\/\",\"name\":\"Soporte de cart\u00f3n para porci\u00f3n individual de 170 x 120 x 10, paquete de 250\",\"isPartOf\":{\"@id\":\"https:\/\/www.csj-emballages.com\/es\/#website\"},\"primaryImageOfPage\":{\"@id\":\"https:\/\/www.csj-emballages.com\/es\/produit\/250-soportes-de-carton-para-quiche-170-x-120-x-20\/#primaryimage\"},\"image\":{\"@id\":\"https:\/\/www.csj-emballages.com\/es\/produit\/250-soportes-de-carton-para-quiche-170-x-120-x-20\/#primaryimage\"},\"thumbnailUrl\":\"https:\/\/www.csj-emballages.com\/wp-content\/uploads\/2024\/03\/PART-QUICHE.webp\",\"datePublished\":\"2024-03-01T15:56:04+00:00\",\"dateModified\":\"2026-04-15T00:11:26+00:00\",\"description\":\"Soporte de cart\u00f3n para porci\u00f3n individual de 170 x 120 x 10 mm, se vende en paquetes de 250. Pr\u00e1ctico, estable e ideal para servir pizzas, quiches y tartas para llevar.\",\"breadcrumb\":{\"@id\":\"https:\/\/www.csj-emballages.com\/es\/produit\/250-soportes-de-carton-para-quiche-170-x-120-x-20\/#breadcrumb\"},\"inLanguage\":\"es\",\"potentialAction\":[{\"@type\":\"ReadAction\",\"target\":[\"https:\/\/www.csj-emballages.com\/es\/produit\/250-soportes-de-carton-para-quiche-170-x-120-x-20\/\"]}]},{\"@type\":\"ImageObject\",\"inLanguage\":\"es\",\"@id\":\"https:\/\/www.csj-emballages.com\/es\/produit\/250-soportes-de-carton-para-quiche-170-x-120-x-20\/#primaryimage\",\"url\":\"https:\/\/www.csj-emballages.com\/wp-content\/uploads\/2024\/03\/PART-QUICHE.webp\",\"contentUrl\":\"https:\/\/www.csj-emballages.com\/wp-content\/uploads\/2024\/03\/PART-QUICHE.webp\",\"width\":798,\"height\":798,\"caption\":\"Support carton\"},{\"@type\":\"BreadcrumbList\",\"@id\":\"https:\/\/www.csj-emballages.com\/es\/produit\/250-soportes-de-carton-para-quiche-170-x-120-x-20\/#breadcrumb\",\"itemListElement\":[{\"@type\":\"ListItem\",\"position\":1,\"name\":\"Accueil\",\"item\":\"https:\/\/www.csj-emballages.com\/es\/universo-del-envasado-alimentario\/\"},{\"@type\":\"ListItem\",\"position\":2,\"name\":\"Tienda\",\"item\":\"https:\/\/www.csj-emballages.com\/tienda\/\"},{\"@type\":\"ListItem\",\"position\":3,\"name\":\"Soporte de cart\u00f3n para porci\u00f3n individual de 170 x 120 x 10, paquete de 250\"}]},{\"@type\":\"WebSite\",\"@id\":\"https:\/\/www.csj-emballages.com\/es\/#website\",\"url\":\"https:\/\/www.csj-emballages.com\/es\/\",\"name\":\"CSJ Emballages\",\"description\":\"\",\"publisher\":{\"@id\":\"https:\/\/www.csj-emballages.com\/es\/#organization\"},\"potentialAction\":[{\"@type\":\"SearchAction\",\"target\":{\"@type\":\"EntryPoint\",\"urlTemplate\":\"https:\/\/www.csj-emballages.com\/es\/?s={search_term_string}\"},\"query-input\":{\"@type\":\"PropertyValueSpecification\",\"valueRequired\":true,\"valueName\":\"search_term_string\"}}],\"inLanguage\":\"es\"},{\"@type\":\"Organization\",\"@id\":\"https:\/\/www.csj-emballages.com\/es\/#Organization\/\",\"name\":\"CSJ Emballages\",\"url\":\"https:\/\/www.csj-emballages.com\/es\/\",\"logo\":{\"@type\":\"ImageObject\",\"inLanguage\":\"es\",\"@id\":\"https:\/\/www.csj-emballages.com\/es\/#\/schema\/logo\/image\/\",\"url\":\"https:\/\/www.csj-emballages.com\/wp-content\/uploads\/2023\/10\/logo_csj.webp\",\"contentUrl\":\"https:\/\/www.csj-emballages.com\/wp-content\/uploads\/2023\/10\/logo_csj.webp\",\"width\":250,\"height\":95,\"caption\":\"CSJ Emballages\"},\"image\":{\"@id\":\"https:\/\/www.csj-emballages.com\/es\/#\/schema\/logo\/image\/\"},\"sameAs\":[\"https:\/\/www.facebook.com\/csjemballages\"],\"address\":{\"@type\":\"PostalAddress\",\"streetAddress\":\"ZI La Lechere\",\"addressLocality\":\"Patornay\",\"postalCode\":\"39130\",\"addressCountry\":\"FR\"},\"contactPoint\":[{\"@type\":\"ContactPoint\",\"contactType\":\"Service client\",\"telephone\":\"0384254272\",\"email\":\"contact@csj-emballages.com\"}]}]}<\/script>\n<!-- \/ Yoast SEO Premium plugin. -->","yoast_head_json":{"title":"Soporte de cart\u00f3n para porci\u00f3n individual de 170 x 120 x 10, paquete de 250","description":"Soporte de cart\u00f3n para porci\u00f3n individual de 170 x 120 x 10 mm, se vende en paquetes de 250. Pr\u00e1ctico, estable e ideal para servir pizzas, quiches y tartas para llevar.","robots":{"index":"index","follow":"follow","max-snippet":"max-snippet:-1","max-image-preview":"max-image-preview:large","max-video-preview":"max-video-preview:-1"},"canonical":"https:\/\/www.csj-emballages.com\/es\/produit\/250-soportes-de-carton-para-quiche-170-x-120-x-20\/","og_locale":"es_ES","og_type":"article","og_title":"Soporte de cart\u00f3n para porci\u00f3n individual de 170 x 120 x 10, paquete de 250","og_description":"Soporte de cart\u00f3n para porci\u00f3n individual de 170 x 120 x 10 mm, se vende en paquetes de 250. Pr\u00e1ctico, estable e ideal para servir pizzas, quiches y tartas para llevar.","og_url":"https:\/\/www.csj-emballages.com\/es\/produit\/250-soportes-de-carton-para-quiche-170-x-120-x-20\/","og_site_name":"CSJ Emballages","article_publisher":"https:\/\/www.facebook.com\/csjemballages","article_modified_time":"2026-04-15T00:11:26+00:00","og_image":[{"width":798,"height":798,"url":"https:\/\/www.csj-emballages.com\/wp-content\/uploads\/2024\/03\/PART-QUICHE.webp","type":"image\/webp"}],"twitter_card":"summary_large_image","twitter_misc":{"Tiempo de lectura":"2 minutos"},"schema":{"@context":"https:\/\/schema.org","@graph":[{"@type":"WebPage","@id":"https:\/\/www.csj-emballages.com\/es\/produit\/250-soportes-de-carton-para-quiche-170-x-120-x-20\/","url":"https:\/\/www.csj-emballages.com\/es\/produit\/250-soportes-de-carton-para-quiche-170-x-120-x-20\/","name":"Soporte de cart\u00f3n para porci\u00f3n individual de 170 x 120 x 10, paquete de 250","isPartOf":{"@id":"https:\/\/www.csj-emballages.com\/es\/#website"},"primaryImageOfPage":{"@id":"https:\/\/www.csj-emballages.com\/es\/produit\/250-soportes-de-carton-para-quiche-170-x-120-x-20\/#primaryimage"},"image":{"@id":"https:\/\/www.csj-emballages.com\/es\/produit\/250-soportes-de-carton-para-quiche-170-x-120-x-20\/#primaryimage"},"thumbnailUrl":"https:\/\/www.csj-emballages.com\/wp-content\/uploads\/2024\/03\/PART-QUICHE.webp","datePublished":"2024-03-01T15:56:04+00:00","dateModified":"2026-04-15T00:11:26+00:00","description":"Soporte de cart\u00f3n para porci\u00f3n individual de 170 x 120 x 10 mm, se vende en paquetes de 250. Pr\u00e1ctico, estable e ideal para servir pizzas, quiches y tartas para llevar.","breadcrumb":{"@id":"https:\/\/www.csj-emballages.com\/es\/produit\/250-soportes-de-carton-para-quiche-170-x-120-x-20\/#breadcrumb"},"inLanguage":"es","potentialAction":[{"@type":"ReadAction","target":["https:\/\/www.csj-emballages.com\/es\/produit\/250-soportes-de-carton-para-quiche-170-x-120-x-20\/"]}]},{"@type":"ImageObject","inLanguage":"es","@id":"https:\/\/www.csj-emballages.com\/es\/produit\/250-soportes-de-carton-para-quiche-170-x-120-x-20\/#primaryimage","url":"https:\/\/www.csj-emballages.com\/wp-content\/uploads\/2024\/03\/PART-QUICHE.webp","contentUrl":"https:\/\/www.csj-emballages.com\/wp-content\/uploads\/2024\/03\/PART-QUICHE.webp","width":798,"height":798,"caption":"Support carton"},{"@type":"BreadcrumbList","@id":"https:\/\/www.csj-emballages.com\/es\/produit\/250-soportes-de-carton-para-quiche-170-x-120-x-20\/#breadcrumb","itemListElement":[{"@type":"ListItem","position":1,"name":"Accueil","item":"https:\/\/www.csj-emballages.com\/es\/universo-del-envasado-alimentario\/"},{"@type":"ListItem","position":2,"name":"Tienda","item":"https:\/\/www.csj-emballages.com\/tienda\/"},{"@type":"ListItem","position":3,"name":"Soporte de cart\u00f3n para porci\u00f3n individual de 170 x 120 x 10, paquete de 250"}]},{"@type":"WebSite","@id":"https:\/\/www.csj-emballages.com\/es\/#website","url":"https:\/\/www.csj-emballages.com\/es\/","name":"CSJ Emballages","description":"","publisher":{"@id":"https:\/\/www.csj-emballages.com\/es\/#organization"},"potentialAction":[{"@type":"SearchAction","target":{"@type":"EntryPoint","urlTemplate":"https:\/\/www.csj-emballages.com\/es\/?s={search_term_string}"},"query-input":{"@type":"PropertyValueSpecification","valueRequired":true,"valueName":"search_term_string"}}],"inLanguage":"es"},{"@type":"Organization","@id":"https:\/\/www.csj-emballages.com\/es\/#Organization\/","name":"CSJ Emballages","url":"https:\/\/www.csj-emballages.com\/es\/","logo":{"@type":"ImageObject","inLanguage":"es","@id":"https:\/\/www.csj-emballages.com\/es\/#\/schema\/logo\/image\/","url":"https:\/\/www.csj-emballages.com\/wp-content\/uploads\/2023\/10\/logo_csj.webp","contentUrl":"https:\/\/www.csj-emballages.com\/wp-content\/uploads\/2023\/10\/logo_csj.webp","width":250,"height":95,"caption":"CSJ Emballages"},"image":{"@id":"https:\/\/www.csj-emballages.com\/es\/#\/schema\/logo\/image\/"},"sameAs":["https:\/\/www.facebook.com\/csjemballages"],"address":{"@type":"PostalAddress","streetAddress":"ZI La Lechere","addressLocality":"Patornay","postalCode":"39130","addressCountry":"FR"},"contactPoint":[{"@type":"ContactPoint","contactType":"Service client","telephone":"0384254272","email":"contact@csj-emballages.com"}]}]}},"df_price":12.17,"df_sale_price":"","df_regular_price":12.17,"df_image_link":"https:\/\/www.csj-emballages.com\/wp-content\/uploads\/2024\/03\/PART-QUICHE-300x300.webp","tiered_pricing_type":"fixed","tiered_pricing_fixed_rules":[],"tiered_pricing_percentage_rules":[],"tiered_pricing_minimum":1,"tiered_pricing_roles_data":[],"_links":{"self":[{"href":"https:\/\/www.csj-emballages.com\/es\/wp-json\/wp\/v2\/product\/19907","targetHints":{"allow":["GET"]}}],"collection":[{"href":"https:\/\/www.csj-emballages.com\/es\/wp-json\/wp\/v2\/product"}],"about":[{"href":"https:\/\/www.csj-emballages.com\/es\/wp-json\/wp\/v2\/types\/product"}],"wp:featuredmedia":[{"embeddable":true,"href":"https:\/\/www.csj-emballages.com\/es\/wp-json\/wp\/v2\/media\/209223"}],"wp:attachment":[{"href":"https:\/\/www.csj-emballages.com\/es\/wp-json\/wp\/v2\/media?parent=19907"}],"wp:term":[{"taxonomy":"product_brand","embeddable":true,"href":"https:\/\/www.csj-emballages.com\/es\/wp-json\/wp\/v2\/product_brand?post=19907"},{"taxonomy":"product_cat","embeddable":true,"href":"https:\/\/www.csj-emballages.com\/es\/wp-json\/wp\/v2\/product_cat?post=19907"},{"taxonomy":"product_tag","embeddable":true,"href":"https:\/\/www.csj-emballages.com\/es\/wp-json\/wp\/v2\/product_tag?post=19907"}],"curies":[{"name":"wp","href":"https:\/\/api.w.org\/{rel}","templated":true}]}}