{"id":19895,"date":"2024-03-01T16:56:08","date_gmt":"2024-03-01T15:56:08","guid":{"rendered":"https:\/\/u15jnbdpoq.preview.infomaniak.website\/produit\/150-botellas-de-plastico-pet-translucido-con-tapon-de-50-cl\/"},"modified":"2026-04-07T02:10:40","modified_gmt":"2026-04-07T00:10:40","slug":"150-botellas-de-plastico-pet-translucido-con-tapon-de-50-cl","status":"publish","type":"product","link":"https:\/\/www.csj-emballages.com\/es\/produit\/150-botellas-de-plastico-pet-translucido-con-tapon-de-50-cl\/","title":{"rendered":"Botella de pl\u00e1stico PET transl\u00facido con tap\u00f3n naranja 50 cl 150 unidades"},"content":{"rendered":"<h2 style=\"font-family: Roboto, sans-serif;\">Botella de pl\u00e1stico<\/h2>\n<hr>\n<h3 style=\"font-family: Roboto, sans-serif;\"><span style=\"font-weight: bold;\">Descubra nuestra botella de pl\u00e1stico PET transl\u00facido con tap\u00f3n naranja 50 cl de 150<\/span><\/h3>\n<p><!--more--><\/p>\n<p><strong>Botella de pl\u00e1stico<\/strong> <strong>PET transl\u00facido con tap\u00f3n naranja<\/strong>: la elecci\u00f3n ideal para sus necesidades de envasado de bebidas. Esta <strong>botella de 50 cl<\/strong> destaca por su pr\u00e1ctico dise\u00f1o y su formato compacto. Adecuada para bebidas, ofrece una soluci\u00f3n funcional para sus productos. En primer lugar, esta <strong>botella de pl\u00e1stico<\/strong> est\u00e1 fabricada en <strong>PET<\/strong>, un material conocido por su resistencia y ligereza. Adem\u00e1s, su transparencia resalta sus l\u00edquidos, ya sea agua, zumo u otras bebidas. Tambi\u00e9n facilita la visi\u00f3n del producto a los consumidores.     <\/p>\n<p>En segundo lugar, esta <strong>botella de 50 cl<\/strong> est\u00e1 provista de un tap\u00f3n <strong>que cumple las recientes normas europeas<\/strong>. Este tap\u00f3n seguro permanece unido a la botella despu\u00e9s de abrirla. As\u00ed se evita la p\u00e9rdida accidental y se simplifica la manipulaci\u00f3n para sus clientes. Este detalle mejora la experiencia del usuario y cumple los requisitos de sostenibilidad.   <\/p>\n<h3><\/h3>\n<p><!--more--><\/p>\n<h4><strong>La botella de pl\u00e1stico: el envase perfecto para todas sus bebidas<\/strong><\/h4>\n<p>La <strong>botella de pl\u00e1stico<\/strong><strong> de 50 cl<\/strong> tambi\u00e9n es ideal para los productores de bebidas que buscan un formato pr\u00e1ctico y econ\u00f3mico. Su tama\u00f1o compacto es perfecto para porciones individuales, comidas sobre la marcha o degustaciones. Envasada en lotes de <strong>150<\/strong> unidades, optimiza sus costes de almacenamiento y transporte.  <\/p>\n<p>Adem\u00e1s, la <strong>botella de pl\u00e1stico<\/strong> <strong>PET<\/strong> <strong>transl\u00facido<\/strong> es adecuada para diversos sectores, como la industria alimentaria, los restaurantes de comida r\u00e1pida y los eventos. Su tap\u00f3n garantiza una higiene \u00f3ptima y aumenta la seguridad del usuario. Este formato vers\u00e1til puede utilizarse para una amplia gama de aplicaciones, lo que aumenta su valor a\u00f1adido.  <\/p>\n<p>En resumen, optar por esta <strong>botella de pl\u00e1stico<\/strong> <strong>PET transl\u00facido <\/strong>con<strong> tap\u00f3n naranja<\/strong> significa elegir una soluci\u00f3n fiable y econ\u00f3mica. Su capacidad<strong> de 50 cl<\/strong> la hace ideal para una amplia gama de ocasiones. Con un envase de <strong>150 unidades<\/strong>, obtendr\u00e1 una excelente relaci\u00f3n calidad-precio. Elija hoy un envase moderno, pr\u00e1ctico y duradero.   <\/p>\n<p>&nbsp;<\/p>\n<p><!--more--><\/p>\n<p style=\"margin: 0pt; font-family: Roboto, sans-serif;\">Este producto est\u00e1 disponible en varios tama\u00f1os: <span style=\"color: #d12727;\"><a style=\"color: #d12727;\" href=\"https:\/\/www.csj-emballages.com\/es\/produit\/270-botellas-de-plastico-pet-translucido-con-tapon-de-25-cl\/\">25 cl<\/a><\/span> \/ <span style=\"color: #d12727;\"><a style=\"color: #d12727;\" href=\"https:\/\/www.csj-emballages.com\/es\/produit\/240-botellas-de-plastico-pet-translucido-con-tapon-de-33-cl\/\">33 cl<\/a><\/span> \/ <span style=\"color: #d12727;\"><a style=\"color: #d12727;\" href=\"https:\/\/www.csj-emballages.com\/produit\/74-bouteilles-plastiques-translucides-pet-avec-bouchon-100-cl\/\">100 cl<\/a><\/span><\/p>\n<p>&nbsp;<\/p>\n<p><!--more--><\/p>\n<h4 style=\"margin: 0pt; font-family: Roboto, sans-serif;\">Sus ventajas:<\/h4>\n<ul>\n<li><strong>Material resistente<\/strong>: Fabricada en <strong>PET<\/strong>, esta <strong>botella de pl\u00e1stico<\/strong> es ligera y robusta, y ofrece una buena protecci\u00f3n para sus productos.<\/li>\n<li><strong>Reciclable<\/strong>: el PET es un material reciclable, lo que contribuye a un enfoque respetuoso con el medio ambiente.<\/li>\n<li><strong>Formato ideal<\/strong>: Con una capacidad de <strong>50 cl<\/strong>, se adapta perfectamente a las porciones individuales y a las necesidades de los consumidores en movimiento.<\/li>\n<li><strong>Versatilidad<\/strong>: Este formato es adecuado para una amplia gama de productos, incluidos zumos y otros alimentos l\u00edquidos.<\/li>\n<\/ul>\n<p>&nbsp;<\/p>\n<p style=\"margin: 0pt; font-family: Roboto, sans-serif;\"><!--more--><\/p>\n<h4>Informaci\u00f3n adicional :<\/h4>\n<ul>\n<li><strong>Envase<\/strong>: Caja de 150 botellas<\/li>\n<li><strong>Dimensiones<\/strong>: 35 x 180 (\u00d8 x h en mm)<\/li>\n<li><strong>Volumen<\/strong>: 50 cl<\/li>\n<li><strong>Material<\/strong>: pl\u00e1stico PET<\/li>\n<\/ul>\n<h2><\/h2>\n<p><!--more--><\/p>\n<p><a href=\"https:\/\/www.csj-emballages.com\/es\/categorie-produit\/envasado-de-alimentos\/catering-es\/tazas-vasos-cubos-botellas\/botellas-de-plastico\/\">Ver el resto de nuestra gama de botellas de pl\u00e1stico<\/a><\/p>\n","protected":false},"excerpt":{"rendered":"<p>Botella de pl\u00e1stico Descubra nuestra botella de pl\u00e1stico PET transl\u00facido con tap\u00f3n naranja 50 cl de 150<\/p>\n","protected":false},"featured_media":198085,"template":"","meta":{"_acf_changed":false},"product_brand":[],"product_cat":[1150,1143,1179,1986],"product_tag":[],"class_list":{"0":"post-19895","1":"product","2":"type-product","3":"status-publish","4":"has-post-thumbnail","6":"product_cat-envasado-de-alimentos","7":"product_cat-carniceria-y-charcuteria","8":"product_cat-catering-es","9":"product_cat-botellas-de-plastico","10":"product_shipping_class-no-permitido-en-reles","12":"first","13":"instock","14":"taxable","15":"shipping-taxable","16":"purchasable","17":"product-type-simple"},"acf":[],"yoast_head":"<!-- This site is optimized with the Yoast SEO Premium plugin v26.6 (Yoast SEO v26.6) - https:\/\/yoast.com\/wordpress\/plugins\/seo\/ -->\n<title>Botella de pl\u00e1stico transl\u00facido - 50 cl<\/title>\n<meta name=\"description\" content=\"Descubra nuestra botella de pl\u00e1stico PET de 50 cl. Tama\u00f1o: 180 x 35 mm Elige una caja de 150 botellas de pl\u00e1stico con tap\u00f3n de corcho.\" \/>\n<meta name=\"robots\" content=\"index, follow, max-snippet:-1, max-image-preview:large, max-video-preview:-1\" \/>\n<link rel=\"canonical\" href=\"https:\/\/www.csj-emballages.com\/es\/produit\/150-botellas-de-plastico-pet-translucido-con-tapon-de-50-cl\/\" \/>\n<meta property=\"og:locale\" content=\"es_ES\" \/>\n<meta property=\"og:type\" content=\"article\" \/>\n<meta property=\"og:title\" content=\"Botella de pl\u00e1stico PET transl\u00facido con tap\u00f3n naranja 50 cl 150 unidades\" \/>\n<meta property=\"og:description\" content=\"Descubra nuestra botella de pl\u00e1stico PET de 50 cl. Tama\u00f1o: 180 x 35 mm Elige una caja de 150 botellas de pl\u00e1stico con tap\u00f3n de corcho.\" \/>\n<meta property=\"og:url\" content=\"https:\/\/www.csj-emballages.com\/es\/produit\/150-botellas-de-plastico-pet-translucido-con-tapon-de-50-cl\/\" \/>\n<meta property=\"og:site_name\" content=\"CSJ Emballages\" \/>\n<meta property=\"article:publisher\" content=\"https:\/\/www.facebook.com\/csjemballages\" \/>\n<meta property=\"article:modified_time\" content=\"2026-04-07T00:10:40+00:00\" \/>\n<meta property=\"og:image\" content=\"https:\/\/www.csj-emballages.com\/wp-content\/uploads\/2024\/03\/BOUT50-1.webp\" \/>\n\t<meta property=\"og:image:width\" content=\"800\" \/>\n\t<meta property=\"og:image:height\" content=\"800\" \/>\n\t<meta property=\"og:image:type\" content=\"image\/webp\" \/>\n<meta name=\"twitter:card\" content=\"summary_large_image\" \/>\n<meta name=\"twitter:label1\" content=\"Tiempo de lectura\" \/>\n\t<meta name=\"twitter:data1\" content=\"2 minutos\" \/>\n<script type=\"application\/ld+json\" class=\"yoast-schema-graph\">{\"@context\":\"https:\/\/schema.org\",\"@graph\":[{\"@type\":\"WebPage\",\"@id\":\"https:\/\/www.csj-emballages.com\/es\/produit\/150-botellas-de-plastico-pet-translucido-con-tapon-de-50-cl\/\",\"url\":\"https:\/\/www.csj-emballages.com\/es\/produit\/150-botellas-de-plastico-pet-translucido-con-tapon-de-50-cl\/\",\"name\":\"Botella de pl\u00e1stico transl\u00facido - 50 cl\",\"isPartOf\":{\"@id\":\"https:\/\/www.csj-emballages.com\/es\/#website\"},\"primaryImageOfPage\":{\"@id\":\"https:\/\/www.csj-emballages.com\/es\/produit\/150-botellas-de-plastico-pet-translucido-con-tapon-de-50-cl\/#primaryimage\"},\"image\":{\"@id\":\"https:\/\/www.csj-emballages.com\/es\/produit\/150-botellas-de-plastico-pet-translucido-con-tapon-de-50-cl\/#primaryimage\"},\"thumbnailUrl\":\"https:\/\/www.csj-emballages.com\/wp-content\/uploads\/2024\/03\/BOUT50-1.webp\",\"datePublished\":\"2024-03-01T15:56:08+00:00\",\"dateModified\":\"2026-04-07T00:10:40+00:00\",\"description\":\"Descubra nuestra botella de pl\u00e1stico PET de 50 cl. Tama\u00f1o: 180 x 35 mm Elige una caja de 150 botellas de pl\u00e1stico con tap\u00f3n de corcho.\",\"breadcrumb\":{\"@id\":\"https:\/\/www.csj-emballages.com\/es\/produit\/150-botellas-de-plastico-pet-translucido-con-tapon-de-50-cl\/#breadcrumb\"},\"inLanguage\":\"es\",\"potentialAction\":[{\"@type\":\"ReadAction\",\"target\":[\"https:\/\/www.csj-emballages.com\/es\/produit\/150-botellas-de-plastico-pet-translucido-con-tapon-de-50-cl\/\"]}]},{\"@type\":\"ImageObject\",\"inLanguage\":\"es\",\"@id\":\"https:\/\/www.csj-emballages.com\/es\/produit\/150-botellas-de-plastico-pet-translucido-con-tapon-de-50-cl\/#primaryimage\",\"url\":\"https:\/\/www.csj-emballages.com\/wp-content\/uploads\/2024\/03\/BOUT50-1.webp\",\"contentUrl\":\"https:\/\/www.csj-emballages.com\/wp-content\/uploads\/2024\/03\/BOUT50-1.webp\",\"width\":800,\"height\":800,\"caption\":\"Bouteille en plastique\"},{\"@type\":\"BreadcrumbList\",\"@id\":\"https:\/\/www.csj-emballages.com\/es\/produit\/150-botellas-de-plastico-pet-translucido-con-tapon-de-50-cl\/#breadcrumb\",\"itemListElement\":[{\"@type\":\"ListItem\",\"position\":1,\"name\":\"Accueil\",\"item\":\"https:\/\/www.csj-emballages.com\/es\/universo-del-envasado-alimentario\/\"},{\"@type\":\"ListItem\",\"position\":2,\"name\":\"Tienda\",\"item\":\"https:\/\/www.csj-emballages.com\/tienda\/\"},{\"@type\":\"ListItem\",\"position\":3,\"name\":\"Botella de pl\u00e1stico PET transl\u00facido con tap\u00f3n naranja 50 cl 150 unidades\"}]},{\"@type\":\"WebSite\",\"@id\":\"https:\/\/www.csj-emballages.com\/es\/#website\",\"url\":\"https:\/\/www.csj-emballages.com\/es\/\",\"name\":\"CSJ Emballages\",\"description\":\"\",\"publisher\":{\"@id\":\"https:\/\/www.csj-emballages.com\/es\/#organization\"},\"potentialAction\":[{\"@type\":\"SearchAction\",\"target\":{\"@type\":\"EntryPoint\",\"urlTemplate\":\"https:\/\/www.csj-emballages.com\/es\/?s={search_term_string}\"},\"query-input\":{\"@type\":\"PropertyValueSpecification\",\"valueRequired\":true,\"valueName\":\"search_term_string\"}}],\"inLanguage\":\"es\"},{\"@type\":\"Organization\",\"@id\":\"https:\/\/www.csj-emballages.com\/es\/#Organization\/\",\"name\":\"CSJ Emballages\",\"url\":\"https:\/\/www.csj-emballages.com\/es\/\",\"logo\":{\"@type\":\"ImageObject\",\"inLanguage\":\"es\",\"@id\":\"https:\/\/www.csj-emballages.com\/es\/#\/schema\/logo\/image\/\",\"url\":\"https:\/\/www.csj-emballages.com\/wp-content\/uploads\/2023\/10\/logo_csj.webp\",\"contentUrl\":\"https:\/\/www.csj-emballages.com\/wp-content\/uploads\/2023\/10\/logo_csj.webp\",\"width\":250,\"height\":95,\"caption\":\"CSJ Emballages\"},\"image\":{\"@id\":\"https:\/\/www.csj-emballages.com\/es\/#\/schema\/logo\/image\/\"},\"sameAs\":[\"https:\/\/www.facebook.com\/csjemballages\"],\"address\":{\"@type\":\"PostalAddress\",\"streetAddress\":\"ZI La Lechere\",\"addressLocality\":\"Patornay\",\"postalCode\":\"39130\",\"addressCountry\":\"FR\"},\"contactPoint\":[{\"@type\":\"ContactPoint\",\"contactType\":\"Service client\",\"telephone\":\"0384254272\",\"email\":\"contact@csj-emballages.com\"}]}]}<\/script>\n<!-- \/ Yoast SEO Premium plugin. -->","yoast_head_json":{"title":"Botella de pl\u00e1stico transl\u00facido - 50 cl","description":"Descubra nuestra botella de pl\u00e1stico PET de 50 cl. Tama\u00f1o: 180 x 35 mm Elige una caja de 150 botellas de pl\u00e1stico con tap\u00f3n de corcho.","robots":{"index":"index","follow":"follow","max-snippet":"max-snippet:-1","max-image-preview":"max-image-preview:large","max-video-preview":"max-video-preview:-1"},"canonical":"https:\/\/www.csj-emballages.com\/es\/produit\/150-botellas-de-plastico-pet-translucido-con-tapon-de-50-cl\/","og_locale":"es_ES","og_type":"article","og_title":"Botella de pl\u00e1stico PET transl\u00facido con tap\u00f3n naranja 50 cl 150 unidades","og_description":"Descubra nuestra botella de pl\u00e1stico PET de 50 cl. Tama\u00f1o: 180 x 35 mm Elige una caja de 150 botellas de pl\u00e1stico con tap\u00f3n de corcho.","og_url":"https:\/\/www.csj-emballages.com\/es\/produit\/150-botellas-de-plastico-pet-translucido-con-tapon-de-50-cl\/","og_site_name":"CSJ Emballages","article_publisher":"https:\/\/www.facebook.com\/csjemballages","article_modified_time":"2026-04-07T00:10:40+00:00","og_image":[{"width":800,"height":800,"url":"https:\/\/www.csj-emballages.com\/wp-content\/uploads\/2024\/03\/BOUT50-1.webp","type":"image\/webp"}],"twitter_card":"summary_large_image","twitter_misc":{"Tiempo de lectura":"2 minutos"},"schema":{"@context":"https:\/\/schema.org","@graph":[{"@type":"WebPage","@id":"https:\/\/www.csj-emballages.com\/es\/produit\/150-botellas-de-plastico-pet-translucido-con-tapon-de-50-cl\/","url":"https:\/\/www.csj-emballages.com\/es\/produit\/150-botellas-de-plastico-pet-translucido-con-tapon-de-50-cl\/","name":"Botella de pl\u00e1stico transl\u00facido - 50 cl","isPartOf":{"@id":"https:\/\/www.csj-emballages.com\/es\/#website"},"primaryImageOfPage":{"@id":"https:\/\/www.csj-emballages.com\/es\/produit\/150-botellas-de-plastico-pet-translucido-con-tapon-de-50-cl\/#primaryimage"},"image":{"@id":"https:\/\/www.csj-emballages.com\/es\/produit\/150-botellas-de-plastico-pet-translucido-con-tapon-de-50-cl\/#primaryimage"},"thumbnailUrl":"https:\/\/www.csj-emballages.com\/wp-content\/uploads\/2024\/03\/BOUT50-1.webp","datePublished":"2024-03-01T15:56:08+00:00","dateModified":"2026-04-07T00:10:40+00:00","description":"Descubra nuestra botella de pl\u00e1stico PET de 50 cl. Tama\u00f1o: 180 x 35 mm Elige una caja de 150 botellas de pl\u00e1stico con tap\u00f3n de corcho.","breadcrumb":{"@id":"https:\/\/www.csj-emballages.com\/es\/produit\/150-botellas-de-plastico-pet-translucido-con-tapon-de-50-cl\/#breadcrumb"},"inLanguage":"es","potentialAction":[{"@type":"ReadAction","target":["https:\/\/www.csj-emballages.com\/es\/produit\/150-botellas-de-plastico-pet-translucido-con-tapon-de-50-cl\/"]}]},{"@type":"ImageObject","inLanguage":"es","@id":"https:\/\/www.csj-emballages.com\/es\/produit\/150-botellas-de-plastico-pet-translucido-con-tapon-de-50-cl\/#primaryimage","url":"https:\/\/www.csj-emballages.com\/wp-content\/uploads\/2024\/03\/BOUT50-1.webp","contentUrl":"https:\/\/www.csj-emballages.com\/wp-content\/uploads\/2024\/03\/BOUT50-1.webp","width":800,"height":800,"caption":"Bouteille en plastique"},{"@type":"BreadcrumbList","@id":"https:\/\/www.csj-emballages.com\/es\/produit\/150-botellas-de-plastico-pet-translucido-con-tapon-de-50-cl\/#breadcrumb","itemListElement":[{"@type":"ListItem","position":1,"name":"Accueil","item":"https:\/\/www.csj-emballages.com\/es\/universo-del-envasado-alimentario\/"},{"@type":"ListItem","position":2,"name":"Tienda","item":"https:\/\/www.csj-emballages.com\/tienda\/"},{"@type":"ListItem","position":3,"name":"Botella de pl\u00e1stico PET transl\u00facido con tap\u00f3n naranja 50 cl 150 unidades"}]},{"@type":"WebSite","@id":"https:\/\/www.csj-emballages.com\/es\/#website","url":"https:\/\/www.csj-emballages.com\/es\/","name":"CSJ Emballages","description":"","publisher":{"@id":"https:\/\/www.csj-emballages.com\/es\/#organization"},"potentialAction":[{"@type":"SearchAction","target":{"@type":"EntryPoint","urlTemplate":"https:\/\/www.csj-emballages.com\/es\/?s={search_term_string}"},"query-input":{"@type":"PropertyValueSpecification","valueRequired":true,"valueName":"search_term_string"}}],"inLanguage":"es"},{"@type":"Organization","@id":"https:\/\/www.csj-emballages.com\/es\/#Organization\/","name":"CSJ Emballages","url":"https:\/\/www.csj-emballages.com\/es\/","logo":{"@type":"ImageObject","inLanguage":"es","@id":"https:\/\/www.csj-emballages.com\/es\/#\/schema\/logo\/image\/","url":"https:\/\/www.csj-emballages.com\/wp-content\/uploads\/2023\/10\/logo_csj.webp","contentUrl":"https:\/\/www.csj-emballages.com\/wp-content\/uploads\/2023\/10\/logo_csj.webp","width":250,"height":95,"caption":"CSJ Emballages"},"image":{"@id":"https:\/\/www.csj-emballages.com\/es\/#\/schema\/logo\/image\/"},"sameAs":["https:\/\/www.facebook.com\/csjemballages"],"address":{"@type":"PostalAddress","streetAddress":"ZI La Lechere","addressLocality":"Patornay","postalCode":"39130","addressCountry":"FR"},"contactPoint":[{"@type":"ContactPoint","contactType":"Service client","telephone":"0384254272","email":"contact@csj-emballages.com"}]}]}},"df_price":49.82,"df_sale_price":"","df_regular_price":49.82,"df_image_link":"https:\/\/www.csj-emballages.com\/wp-content\/uploads\/2024\/03\/BOUT50-1-300x300.webp","tiered_pricing_type":"fixed","tiered_pricing_fixed_rules":[],"tiered_pricing_percentage_rules":[],"tiered_pricing_minimum":1,"tiered_pricing_roles_data":[],"_links":{"self":[{"href":"https:\/\/www.csj-emballages.com\/es\/wp-json\/wp\/v2\/product\/19895","targetHints":{"allow":["GET"]}}],"collection":[{"href":"https:\/\/www.csj-emballages.com\/es\/wp-json\/wp\/v2\/product"}],"about":[{"href":"https:\/\/www.csj-emballages.com\/es\/wp-json\/wp\/v2\/types\/product"}],"wp:featuredmedia":[{"embeddable":true,"href":"https:\/\/www.csj-emballages.com\/es\/wp-json\/wp\/v2\/media\/198085"}],"wp:attachment":[{"href":"https:\/\/www.csj-emballages.com\/es\/wp-json\/wp\/v2\/media?parent=19895"}],"wp:term":[{"taxonomy":"product_brand","embeddable":true,"href":"https:\/\/www.csj-emballages.com\/es\/wp-json\/wp\/v2\/product_brand?post=19895"},{"taxonomy":"product_cat","embeddable":true,"href":"https:\/\/www.csj-emballages.com\/es\/wp-json\/wp\/v2\/product_cat?post=19895"},{"taxonomy":"product_tag","embeddable":true,"href":"https:\/\/www.csj-emballages.com\/es\/wp-json\/wp\/v2\/product_tag?post=19895"}],"curies":[{"name":"wp","href":"https:\/\/api.w.org\/{rel}","templated":true}]}}