{"id":19893,"date":"2024-03-01T16:56:06","date_gmt":"2024-03-01T15:56:06","guid":{"rendered":"https:\/\/u15jnbdpoq.preview.infomaniak.website\/produit\/maquina-manual-para-sellar-bandejas-de-250-a-2000-gramos-de-peso\/"},"modified":"2026-03-12T16:15:14","modified_gmt":"2026-03-12T15:15:14","slug":"maquina-manual-para-sellar-bandejas-de-250-a-2000-gramos-de-peso","status":"publish","type":"product","link":"https:\/\/www.csj-emballages.com\/es\/produit\/maquina-manual-para-sellar-bandejas-de-250-a-2000-gramos-de-peso\/","title":{"rendered":"Termoselladora manual para bandejas precintables"},"content":{"rendered":"<h2>Termoselladora manual<\/h2>\n<hr>\n<h3>Descripci\u00f3n de nuestra termoselladora manual para bandejas precintables<\/h3>\n<p><!--more--><\/p>\n<p>Esta <strong>termoselladora manual<\/strong> es la herramienta indispensable para los <strong>profesionales de la restauraci\u00f3n<\/strong>, los <strong>restauradores<\/strong> e incluso los <strong>particulares<\/strong>. Dise\u00f1ada para <strong>sellar<\/strong> herm\u00e9ticamente sus <strong>bandejas<\/strong>, garantiza <strong>una protecci\u00f3n \u00f3ptima de<\/strong> los alimentos. <\/p>\n<p>Corte y sellado simult\u00e1neos de film de matriz ajustable de peque\u00f1o y gran formato, cambio de herramienta r\u00e1pido y sencillo. Base de acero inoxidable pulido para uso alimentario Tapa de policarbonato. Corte y sellado simult\u00e1neos de la pel\u00edcula Cambio r\u00e1pido y sencillo de las herramientas Placa de sellado de aluminio recubierta de tefl\u00f3n (antiadherente y f\u00e1cil de limpiar) Control electr\u00f3nico de la temperatura.  <\/p>\n<p>&nbsp;<\/p>\n<p><!--more--><\/p>\n<h4>Ventajas:<\/h4>\n<ul>\n<li><strong>Sellado r\u00e1pido y eficaz<\/strong>: sella sus bandejas en segundos gracias a un sencillo mecanismo manual de alto rendimiento.<\/li>\n<li><strong>Versatilidad<\/strong>: Compatible con una amplia gama de bandejas precintables para platos calientes o fr\u00edos.<\/li>\n<li><strong>Seguridad alimentaria<\/strong>: Proporciona un cierre herm\u00e9tico, ideal para evitar fugas y contaminaciones y prolongar la conservaci\u00f3n de los alimentos.<\/li>\n<li><strong>Compacto y robusto<\/strong>: tama\u00f1o reducido para ocupar el m\u00ednimo espacio, con una estructura duradera para un uso regular.<\/li>\n<li><strong>Econ\u00f3mico<\/strong>: no requiere conexi\u00f3n el\u00e9ctrica, ideal para peque\u00f1os vol\u00famenes o eventos puntuales<\/li>\n<\/ul>\n<h4><\/h4>\n<p><!--more--><\/p>\n<h4>Informaci\u00f3n adicional :<\/h4>\n<ul>\n<li><strong>Capacidad de sellado<\/strong>: 195 x 150 mm<\/li>\n<li><strong>Dimensiones m\u00e1ximas de la bandeja<\/strong>: 195 x 150 x 100 mm<\/li>\n<li><strong>Ancho m\u00e1ximo de la bobina<\/strong>: 160 mm<\/li>\n<li><strong>Di\u00e1metro m\u00e1ximo de la bobina<\/strong>: 200 mm<\/li>\n<li><strong>Alimentaci\u00f3n<\/strong>: 230 V (monof\u00e1sica) + tierra Potencia: 450 vatios<\/li>\n<li><strong>Peso<\/strong>: 8 kg<\/li>\n<li><strong>Dimensiones de la m\u00e1quina<\/strong>: 225 x 540 x 440 (L x A x A en mm)<\/li>\n<\/ul>\n<p>&nbsp;<\/p>\n<p><!--more--><\/p>\n<p>Encuentre aqu\u00ed nuestro <strong>rollo de pel\u00edcula precintable<\/strong> compatible con este producto: <span style=\"color: #d12727;\"><a style=\"color: #d12727;\" href=\"https:\/\/www.csj-emballages.com\/es\/produit\/film-precintable-40%c2%b5-15-cm-x-500-m-pp\/\">FL15<\/a><\/span><\/p>\n<p>&nbsp;<\/p>\n<p><!--more--><\/p>\n<p><a href=\"https:\/\/www.csj-emballages.com\/es\/categorie-produit\/envasado-de-alimentos\/carniceria-y-charcuteria\/bandejas-latas-y-tarros\/bandejas-latas-tarros-de-comida\/alphacel-bandejas-precintables\/maquinas-precintadoras\/\">Ver el resto de nuestra gama de termoselladoras<\/a><\/p>\n","protected":false},"excerpt":{"rendered":"<p>Termoselladora manual Descripci\u00f3n de nuestra termoselladora manual para bandejas precintables<\/p>\n","protected":false},"featured_media":220561,"template":"","meta":{"_acf_changed":false},"product_brand":[],"product_cat":[1143,1491,2246,2247],"product_tag":[],"class_list":{"0":"post-19893","1":"product","2":"type-product","3":"status-publish","4":"has-post-thumbnail","6":"product_cat-carniceria-y-charcuteria","7":"product_cat-bandejas-latas-tarros-de-comida","8":"product_cat-alphacel-bandejas-precintables","9":"product_cat-maquinas-precintadoras","11":"first","12":"instock","13":"taxable","14":"shipping-taxable","15":"purchasable","16":"product-type-simple"},"acf":[],"yoast_head":"<!-- This site is optimized with the Yoast SEO Premium plugin v26.6 (Yoast SEO v26.6) - https:\/\/yoast.com\/wordpress\/plugins\/seo\/ -->\n<title>Termoselladora manual para bandejas precintables<\/title>\n<meta name=\"description\" content=\"Termoselladora manual para bandejas sellables: sellado r\u00e1pido, almacenamiento y transporte seguros. Ideal para empresas de catering y restaurantes.\" \/>\n<meta name=\"robots\" content=\"index, follow, max-snippet:-1, max-image-preview:large, max-video-preview:-1\" \/>\n<link rel=\"canonical\" href=\"https:\/\/www.csj-emballages.com\/es\/produit\/maquina-manual-para-sellar-bandejas-de-250-a-2000-gramos-de-peso\/\" \/>\n<meta property=\"og:locale\" content=\"es_ES\" \/>\n<meta property=\"og:type\" content=\"article\" \/>\n<meta property=\"og:title\" content=\"Termoselladora manual para bandejas precintables\" \/>\n<meta property=\"og:description\" content=\"Termoselladora manual para bandejas sellables: sellado r\u00e1pido, almacenamiento y transporte seguros. Ideal para empresas de catering y restaurantes.\" \/>\n<meta property=\"og:url\" content=\"https:\/\/www.csj-emballages.com\/es\/produit\/maquina-manual-para-sellar-bandejas-de-250-a-2000-gramos-de-peso\/\" \/>\n<meta property=\"og:site_name\" content=\"CSJ Emballages\" \/>\n<meta property=\"article:publisher\" content=\"https:\/\/www.facebook.com\/csjemballages\" \/>\n<meta property=\"article:modified_time\" content=\"2026-03-12T15:15:14+00:00\" \/>\n<meta property=\"og:image\" content=\"https:\/\/www.csj-emballages.com\/wp-content\/uploads\/2024\/03\/Thermoscelleuse.webp\" \/>\n\t<meta property=\"og:image:width\" content=\"800\" \/>\n\t<meta property=\"og:image:height\" content=\"800\" \/>\n\t<meta property=\"og:image:type\" content=\"image\/webp\" \/>\n<meta name=\"twitter:card\" content=\"summary_large_image\" \/>\n<meta name=\"twitter:label1\" content=\"Tiempo de lectura\" \/>\n\t<meta name=\"twitter:data1\" content=\"1 minuto\" \/>\n<script type=\"application\/ld+json\" class=\"yoast-schema-graph\">{\"@context\":\"https:\/\/schema.org\",\"@graph\":[{\"@type\":\"WebPage\",\"@id\":\"https:\/\/www.csj-emballages.com\/es\/produit\/maquina-manual-para-sellar-bandejas-de-250-a-2000-gramos-de-peso\/\",\"url\":\"https:\/\/www.csj-emballages.com\/es\/produit\/maquina-manual-para-sellar-bandejas-de-250-a-2000-gramos-de-peso\/\",\"name\":\"Termoselladora manual para bandejas precintables\",\"isPartOf\":{\"@id\":\"https:\/\/www.csj-emballages.com\/es\/#website\"},\"primaryImageOfPage\":{\"@id\":\"https:\/\/www.csj-emballages.com\/es\/produit\/maquina-manual-para-sellar-bandejas-de-250-a-2000-gramos-de-peso\/#primaryimage\"},\"image\":{\"@id\":\"https:\/\/www.csj-emballages.com\/es\/produit\/maquina-manual-para-sellar-bandejas-de-250-a-2000-gramos-de-peso\/#primaryimage\"},\"thumbnailUrl\":\"https:\/\/www.csj-emballages.com\/wp-content\/uploads\/2024\/03\/Thermoscelleuse.webp\",\"datePublished\":\"2024-03-01T15:56:06+00:00\",\"dateModified\":\"2026-03-12T15:15:14+00:00\",\"description\":\"Termoselladora manual para bandejas sellables: sellado r\u00e1pido, almacenamiento y transporte seguros. Ideal para empresas de catering y restaurantes.\",\"breadcrumb\":{\"@id\":\"https:\/\/www.csj-emballages.com\/es\/produit\/maquina-manual-para-sellar-bandejas-de-250-a-2000-gramos-de-peso\/#breadcrumb\"},\"inLanguage\":\"es\",\"potentialAction\":[{\"@type\":\"ReadAction\",\"target\":[\"https:\/\/www.csj-emballages.com\/es\/produit\/maquina-manual-para-sellar-bandejas-de-250-a-2000-gramos-de-peso\/\"]}]},{\"@type\":\"ImageObject\",\"inLanguage\":\"es\",\"@id\":\"https:\/\/www.csj-emballages.com\/es\/produit\/maquina-manual-para-sellar-bandejas-de-250-a-2000-gramos-de-peso\/#primaryimage\",\"url\":\"https:\/\/www.csj-emballages.com\/wp-content\/uploads\/2024\/03\/Thermoscelleuse.webp\",\"contentUrl\":\"https:\/\/www.csj-emballages.com\/wp-content\/uploads\/2024\/03\/Thermoscelleuse.webp\",\"width\":800,\"height\":800,\"caption\":\"Thermoscelleuse\"},{\"@type\":\"BreadcrumbList\",\"@id\":\"https:\/\/www.csj-emballages.com\/es\/produit\/maquina-manual-para-sellar-bandejas-de-250-a-2000-gramos-de-peso\/#breadcrumb\",\"itemListElement\":[{\"@type\":\"ListItem\",\"position\":1,\"name\":\"Accueil\",\"item\":\"https:\/\/www.csj-emballages.com\/es\/universo-del-envasado-alimentario\/\"},{\"@type\":\"ListItem\",\"position\":2,\"name\":\"Tienda\",\"item\":\"https:\/\/www.csj-emballages.com\/tienda\/\"},{\"@type\":\"ListItem\",\"position\":3,\"name\":\"Termoselladora manual para bandejas precintables\"}]},{\"@type\":\"WebSite\",\"@id\":\"https:\/\/www.csj-emballages.com\/es\/#website\",\"url\":\"https:\/\/www.csj-emballages.com\/es\/\",\"name\":\"CSJ Emballages\",\"description\":\"\",\"publisher\":{\"@id\":\"https:\/\/www.csj-emballages.com\/es\/#organization\"},\"potentialAction\":[{\"@type\":\"SearchAction\",\"target\":{\"@type\":\"EntryPoint\",\"urlTemplate\":\"https:\/\/www.csj-emballages.com\/es\/?s={search_term_string}\"},\"query-input\":{\"@type\":\"PropertyValueSpecification\",\"valueRequired\":true,\"valueName\":\"search_term_string\"}}],\"inLanguage\":\"es\"},{\"@type\":\"Organization\",\"@id\":\"https:\/\/www.csj-emballages.com\/es\/#Organization\/\",\"name\":\"CSJ Emballages\",\"url\":\"https:\/\/www.csj-emballages.com\/es\/\",\"logo\":{\"@type\":\"ImageObject\",\"inLanguage\":\"es\",\"@id\":\"https:\/\/www.csj-emballages.com\/es\/#\/schema\/logo\/image\/\",\"url\":\"https:\/\/www.csj-emballages.com\/wp-content\/uploads\/2023\/10\/logo_csj.webp\",\"contentUrl\":\"https:\/\/www.csj-emballages.com\/wp-content\/uploads\/2023\/10\/logo_csj.webp\",\"width\":250,\"height\":95,\"caption\":\"CSJ Emballages\"},\"image\":{\"@id\":\"https:\/\/www.csj-emballages.com\/es\/#\/schema\/logo\/image\/\"},\"sameAs\":[\"https:\/\/www.facebook.com\/csjemballages\"],\"address\":{\"@type\":\"PostalAddress\",\"streetAddress\":\"ZI La Lechere\",\"addressLocality\":\"Patornay\",\"postalCode\":\"39130\",\"addressCountry\":\"FR\"},\"contactPoint\":[{\"@type\":\"ContactPoint\",\"contactType\":\"Service client\",\"telephone\":\"0384254272\",\"email\":\"contact@csj-emballages.com\"}]}]}<\/script>\n<!-- \/ Yoast SEO Premium plugin. -->","yoast_head_json":{"title":"Termoselladora manual para bandejas precintables","description":"Termoselladora manual para bandejas sellables: sellado r\u00e1pido, almacenamiento y transporte seguros. Ideal para empresas de catering y restaurantes.","robots":{"index":"index","follow":"follow","max-snippet":"max-snippet:-1","max-image-preview":"max-image-preview:large","max-video-preview":"max-video-preview:-1"},"canonical":"https:\/\/www.csj-emballages.com\/es\/produit\/maquina-manual-para-sellar-bandejas-de-250-a-2000-gramos-de-peso\/","og_locale":"es_ES","og_type":"article","og_title":"Termoselladora manual para bandejas precintables","og_description":"Termoselladora manual para bandejas sellables: sellado r\u00e1pido, almacenamiento y transporte seguros. Ideal para empresas de catering y restaurantes.","og_url":"https:\/\/www.csj-emballages.com\/es\/produit\/maquina-manual-para-sellar-bandejas-de-250-a-2000-gramos-de-peso\/","og_site_name":"CSJ Emballages","article_publisher":"https:\/\/www.facebook.com\/csjemballages","article_modified_time":"2026-03-12T15:15:14+00:00","og_image":[{"width":800,"height":800,"url":"https:\/\/www.csj-emballages.com\/wp-content\/uploads\/2024\/03\/Thermoscelleuse.webp","type":"image\/webp"}],"twitter_card":"summary_large_image","twitter_misc":{"Tiempo de lectura":"1 minuto"},"schema":{"@context":"https:\/\/schema.org","@graph":[{"@type":"WebPage","@id":"https:\/\/www.csj-emballages.com\/es\/produit\/maquina-manual-para-sellar-bandejas-de-250-a-2000-gramos-de-peso\/","url":"https:\/\/www.csj-emballages.com\/es\/produit\/maquina-manual-para-sellar-bandejas-de-250-a-2000-gramos-de-peso\/","name":"Termoselladora manual para bandejas precintables","isPartOf":{"@id":"https:\/\/www.csj-emballages.com\/es\/#website"},"primaryImageOfPage":{"@id":"https:\/\/www.csj-emballages.com\/es\/produit\/maquina-manual-para-sellar-bandejas-de-250-a-2000-gramos-de-peso\/#primaryimage"},"image":{"@id":"https:\/\/www.csj-emballages.com\/es\/produit\/maquina-manual-para-sellar-bandejas-de-250-a-2000-gramos-de-peso\/#primaryimage"},"thumbnailUrl":"https:\/\/www.csj-emballages.com\/wp-content\/uploads\/2024\/03\/Thermoscelleuse.webp","datePublished":"2024-03-01T15:56:06+00:00","dateModified":"2026-03-12T15:15:14+00:00","description":"Termoselladora manual para bandejas sellables: sellado r\u00e1pido, almacenamiento y transporte seguros. Ideal para empresas de catering y restaurantes.","breadcrumb":{"@id":"https:\/\/www.csj-emballages.com\/es\/produit\/maquina-manual-para-sellar-bandejas-de-250-a-2000-gramos-de-peso\/#breadcrumb"},"inLanguage":"es","potentialAction":[{"@type":"ReadAction","target":["https:\/\/www.csj-emballages.com\/es\/produit\/maquina-manual-para-sellar-bandejas-de-250-a-2000-gramos-de-peso\/"]}]},{"@type":"ImageObject","inLanguage":"es","@id":"https:\/\/www.csj-emballages.com\/es\/produit\/maquina-manual-para-sellar-bandejas-de-250-a-2000-gramos-de-peso\/#primaryimage","url":"https:\/\/www.csj-emballages.com\/wp-content\/uploads\/2024\/03\/Thermoscelleuse.webp","contentUrl":"https:\/\/www.csj-emballages.com\/wp-content\/uploads\/2024\/03\/Thermoscelleuse.webp","width":800,"height":800,"caption":"Thermoscelleuse"},{"@type":"BreadcrumbList","@id":"https:\/\/www.csj-emballages.com\/es\/produit\/maquina-manual-para-sellar-bandejas-de-250-a-2000-gramos-de-peso\/#breadcrumb","itemListElement":[{"@type":"ListItem","position":1,"name":"Accueil","item":"https:\/\/www.csj-emballages.com\/es\/universo-del-envasado-alimentario\/"},{"@type":"ListItem","position":2,"name":"Tienda","item":"https:\/\/www.csj-emballages.com\/tienda\/"},{"@type":"ListItem","position":3,"name":"Termoselladora manual para bandejas precintables"}]},{"@type":"WebSite","@id":"https:\/\/www.csj-emballages.com\/es\/#website","url":"https:\/\/www.csj-emballages.com\/es\/","name":"CSJ Emballages","description":"","publisher":{"@id":"https:\/\/www.csj-emballages.com\/es\/#organization"},"potentialAction":[{"@type":"SearchAction","target":{"@type":"EntryPoint","urlTemplate":"https:\/\/www.csj-emballages.com\/es\/?s={search_term_string}"},"query-input":{"@type":"PropertyValueSpecification","valueRequired":true,"valueName":"search_term_string"}}],"inLanguage":"es"},{"@type":"Organization","@id":"https:\/\/www.csj-emballages.com\/es\/#Organization\/","name":"CSJ Emballages","url":"https:\/\/www.csj-emballages.com\/es\/","logo":{"@type":"ImageObject","inLanguage":"es","@id":"https:\/\/www.csj-emballages.com\/es\/#\/schema\/logo\/image\/","url":"https:\/\/www.csj-emballages.com\/wp-content\/uploads\/2023\/10\/logo_csj.webp","contentUrl":"https:\/\/www.csj-emballages.com\/wp-content\/uploads\/2023\/10\/logo_csj.webp","width":250,"height":95,"caption":"CSJ Emballages"},"image":{"@id":"https:\/\/www.csj-emballages.com\/es\/#\/schema\/logo\/image\/"},"sameAs":["https:\/\/www.facebook.com\/csjemballages"],"address":{"@type":"PostalAddress","streetAddress":"ZI La Lechere","addressLocality":"Patornay","postalCode":"39130","addressCountry":"FR"},"contactPoint":[{"@type":"ContactPoint","contactType":"Service client","telephone":"0384254272","email":"contact@csj-emballages.com"}]}]}},"df_price":946.68,"df_sale_price":"","df_regular_price":946.68,"df_image_link":"https:\/\/www.csj-emballages.com\/wp-content\/uploads\/2024\/03\/Thermoscelleuse-300x300.webp","tiered_pricing_type":"fixed","tiered_pricing_fixed_rules":[],"tiered_pricing_percentage_rules":[],"tiered_pricing_minimum":1,"tiered_pricing_roles_data":[],"_links":{"self":[{"href":"https:\/\/www.csj-emballages.com\/es\/wp-json\/wp\/v2\/product\/19893","targetHints":{"allow":["GET"]}}],"collection":[{"href":"https:\/\/www.csj-emballages.com\/es\/wp-json\/wp\/v2\/product"}],"about":[{"href":"https:\/\/www.csj-emballages.com\/es\/wp-json\/wp\/v2\/types\/product"}],"wp:featuredmedia":[{"embeddable":true,"href":"https:\/\/www.csj-emballages.com\/es\/wp-json\/wp\/v2\/media\/220561"}],"wp:attachment":[{"href":"https:\/\/www.csj-emballages.com\/es\/wp-json\/wp\/v2\/media?parent=19893"}],"wp:term":[{"taxonomy":"product_brand","embeddable":true,"href":"https:\/\/www.csj-emballages.com\/es\/wp-json\/wp\/v2\/product_brand?post=19893"},{"taxonomy":"product_cat","embeddable":true,"href":"https:\/\/www.csj-emballages.com\/es\/wp-json\/wp\/v2\/product_cat?post=19893"},{"taxonomy":"product_tag","embeddable":true,"href":"https:\/\/www.csj-emballages.com\/es\/wp-json\/wp\/v2\/product_tag?post=19893"}],"curies":[{"name":"wp","href":"https:\/\/api.w.org\/{rel}","templated":true}]}}