{"id":19854,"date":"2024-03-01T16:56:07","date_gmt":"2024-03-01T15:56:07","guid":{"rendered":"https:\/\/u15jnbdpoq.preview.infomaniak.website\/produit\/100-cajas-de-pizza-33-x-33-x-4-cm\/"},"modified":"2026-04-30T02:11:23","modified_gmt":"2026-04-30T00:11:23","slug":"100-cajas-de-pizza-33-x-33-x-4-cm","status":"publish","type":"product","link":"https:\/\/www.csj-emballages.com\/es\/produit\/100-cajas-de-pizza-33-x-33-x-4-cm\/","title":{"rendered":"Caja de pizza 33 x 33 x 4 cm por 100"},"content":{"rendered":"<h2>Caja de pizza<\/h2>\n<hr>\n<h3>Descripci\u00f3n de nuestra caja para pizza 31 x 31 x 4 cm por 100<\/h3>\n<p><!--more--><\/p>\n<p data-start=\"254\" data-end=\"699\">Si desea ofrecer una experiencia m\u00e1s refinada desde el primer contacto con su cliente, esta <strong>caja de pizza<\/strong> decorada <strong data-start=\"377\" data-end=\"395\">de 33 x 33 x 4 cm<\/strong> se convertir\u00e1 r\u00e1pidamente en un art\u00edculo imprescindible. Nada m\u00e1s verla, su dise\u00f1o de colores c\u00e1lidos resalta el esp\u00edritu italiano e inmediatamente dan ganas de disfrutar de lo que hay dentro. Esta presentaci\u00f3n din\u00e1mica a\u00f1ade un verdadero plus al pedido, especialmente para los establecimientos a los que les gusta cuidar su imagen.  <\/p>\n<p data-start=\"701\" data-end=\"1062\">Gracias a su estructura <strong>r\u00edgida de cart\u00f3n<\/strong>, la <strong>caja<\/strong> soporta f\u00e1cilmente el peso de una pizza bien cubierta sin derrumbarse. Conserva el calor el tiempo suficiente para que los clientes disfruten de un plato que sigue siendo agradable de comer cuando se abre. Y como se monta en unos sencillos pasos, puede actuar con rapidez incluso cuando los pedidos est\u00e1n a reventar.  <\/p>\n<p data-start=\"1064\" data-end=\"1351\">Al elegir un <strong data-start=\"1082\" data-end=\"1096\">lote de 100<\/strong>, siempre ir\u00e1 por delante. Ya no tendr\u00e1 que comprobar las existencias cada dos d\u00edas: podr\u00e1 estar tranquilo y preparado para veladas ajetreadas, entregas imprevistas o eventos en los que las pizzas salen a una velocidad de v\u00e9rtigo. <\/p>\n<p data-start=\"1353\" data-end=\"1693\">Adem\u00e1s, su <strong>decoraci\u00f3n<\/strong> aporta un <strong>toque aut\u00e9ntico<\/strong> y evita el aspecto excesivamente neutro de las cajas cl\u00e1sicas. Tanto si trabaja en una pizzer\u00eda, un restaurante familiar, un cami\u00f3n de pizzas o un servicio de reparto, este modelo se adapta perfectamente a sus necesidades. Ayuda a mejorar la experiencia del cliente, desde el mostrador hasta la mesa.  <\/p>\n<p data-start=\"1695\" data-end=\"1952\">Est\u00e1 claro que esta <strong>caja para pizza<\/strong> no sirve s\u00f3lo para transportar una pizza: forma parte del ambiente que creas en torno a tus platos. F\u00e1cil de usar, agradable a la vista y fiable todos los d\u00edas, est\u00e1 ah\u00ed para usted sin complicar nunca su servicio. <\/p>\n<p><!--more--><\/p>\n<h4><strong>Ventajas :<\/strong><\/h4>\n<ul>\n<li data-start=\"1980\" data-end=\"2012\">Decoraci\u00f3n c\u00e1lida y atractiva.<\/li>\n<li data-start=\"2015\" data-end=\"2052\">Buena sujeci\u00f3n para pizzas generosas.<\/li>\n<li data-start=\"2055\" data-end=\"2076\">Montaje expr\u00e9s.<\/li>\n<li data-start=\"2079\" data-end=\"2119\">C\u00f3modo stock gracias al paquete de <strong>100<\/strong> unidades.<\/li>\n<li data-start=\"2122\" data-end=\"2162\">Ideal para todo tipo de establecimientos.<\/li>\n<\/ul>\n<p>&nbsp;<\/p>\n<p><!--more--><\/p>\n<h4>Informaci\u00f3n adicional :<\/h4>\n<ul>\n<li><strong>Embalaje<\/strong>: Paquete de 100<\/li>\n<li><strong>Dimensiones<\/strong>: 31 x 31 x 4 cm<\/li>\n<li><strong>Material<\/strong>: Cart\u00f3n<\/li>\n<\/ul>\n<p>&nbsp;<\/p>\n<p><!--more--><\/p>\n<p>Encuentra nuestro tr\u00edpode para pizza aqu\u00ed: <span style=\"color: #d12727;\"><a style=\"color: #d12727;\" href=\"https:\/\/www.csj-emballages.com\/pt-pt\/produit\/200-tripes-de-plastico-para-pizza-37-mm\/\">PP<\/a><\/span><\/p>\n<p>&nbsp;<\/p>\n<p><!--more--><\/p>\n<p>Esta caja para pizza est\u00e1 disponible en diferentes tama\u00f1os: <span style=\"color: #d12727;\"><a style=\"color: #d12727;\" href=\"https:\/\/www.csj-emballages.com\/es\/produit\/100-cajas-de-pizza-26-x-26-x-4-cm\/\">26 x 26 x 4 cm<\/a> <\/span>\/ <span style=\"color: #d12727;\"><a style=\"color: #d12727;\" href=\"https:\/\/www.csj-emballages.com\/pt-pt\/produit\/100-caixas-de-pizza-29-x-29-x-4-cm-2\/\">29 x 29 x 4 cm<\/a><\/span> \/ <span style=\"color: #d12727;\"><a style=\"color: #d12727;\" href=\"https:\/\/www.csj-emballages.com\/produit\/100-boites-a-pizza-31-x-31-x-4-cm\/\">31 x 31 x 4 cm<\/a><\/span> \/ <span style=\"color: #d12727;\"><a style=\"color: #d12727;\" href=\"https:\/\/www.csj-emballages.com\/produit\/100-boites-a-pizza-40-x-40-x-4-cm\/\">40 x 40 x 4 cm<\/a><\/span><\/p>\n<p>&nbsp;<\/p>\n<p><!--more--><\/p>\n<p><a href=\"https:\/\/www.csj-emballages.com\/es\/categorie-produit\/envasado-de-alimentos\/catering-es\/cajas-bandejas-bolsas-conos\/cajas-de-pizza\/\">Ver el resto de nuestra gama de cajas para pizza<\/a><\/p>\n","protected":false},"excerpt":{"rendered":"<p>Caja de pizza Descripci\u00f3n de nuestra caja para pizza 31 x 31 x 4 cm por 100<\/p>\n","protected":false},"featured_media":12789,"template":"","meta":{"_acf_changed":false},"product_brand":[],"product_cat":[1150,1179,2233],"product_tag":[],"class_list":{"0":"post-19854","1":"product","2":"type-product","3":"status-publish","4":"has-post-thumbnail","6":"product_cat-envasado-de-alimentos","7":"product_cat-catering-es","8":"product_cat-cajas-de-pizza","9":"product_shipping_class-no-permitido-en-reles","11":"first","12":"instock","13":"taxable","14":"shipping-taxable","15":"purchasable","16":"product-type-simple"},"acf":[],"yoast_head":"<!-- This site is optimized with the Yoast SEO Premium plugin v26.6 (Yoast SEO v26.6) - https:\/\/yoast.com\/wordpress\/plugins\/seo\/ -->\n<title>Caja de pizza 33 x 33 x 4 cm por 100<\/title>\n<meta name=\"description\" content=\"Caja para pizza de 31 x 31 x 4 cm por 100. Robusta, pr\u00e1ctica y dise\u00f1ada para mantener la pizza caliente y crujiente. Ideal para pizzer\u00edas y comida para llevar.\" \/>\n<meta name=\"robots\" content=\"index, follow, max-snippet:-1, max-image-preview:large, max-video-preview:-1\" \/>\n<link rel=\"canonical\" href=\"https:\/\/www.csj-emballages.com\/es\/produit\/100-cajas-de-pizza-33-x-33-x-4-cm\/\" \/>\n<meta property=\"og:locale\" content=\"es_ES\" \/>\n<meta property=\"og:type\" content=\"article\" \/>\n<meta property=\"og:title\" content=\"Caja de pizza 33 x 33 x 4 cm por 100\" \/>\n<meta property=\"og:description\" content=\"Caja para pizza de 31 x 31 x 4 cm por 100. Robusta, pr\u00e1ctica y dise\u00f1ada para mantener la pizza caliente y crujiente. Ideal para pizzer\u00edas y comida para llevar.\" \/>\n<meta property=\"og:url\" content=\"https:\/\/www.csj-emballages.com\/es\/produit\/100-cajas-de-pizza-33-x-33-x-4-cm\/\" \/>\n<meta property=\"og:site_name\" content=\"CSJ Emballages\" \/>\n<meta property=\"article:publisher\" content=\"https:\/\/www.facebook.com\/csjemballages\" \/>\n<meta property=\"article:modified_time\" content=\"2026-04-30T00:11:23+00:00\" \/>\n<meta property=\"og:image\" content=\"https:\/\/www.csj-emballages.com\/wp-content\/uploads\/2024\/03\/boite-pizza-carre-carton-qualite-pas-cher-discount-csj-emballages-big-jpg.webp\" \/>\n\t<meta property=\"og:image:width\" content=\"300\" \/>\n\t<meta property=\"og:image:height\" content=\"300\" \/>\n\t<meta property=\"og:image:type\" content=\"image\/jpeg\" \/>\n<meta name=\"twitter:card\" content=\"summary_large_image\" \/>\n<meta name=\"twitter:label1\" content=\"Tiempo de lectura\" \/>\n\t<meta name=\"twitter:data1\" content=\"2 minutos\" \/>\n<script type=\"application\/ld+json\" class=\"yoast-schema-graph\">{\"@context\":\"https:\/\/schema.org\",\"@graph\":[{\"@type\":\"WebPage\",\"@id\":\"https:\/\/www.csj-emballages.com\/es\/produit\/100-cajas-de-pizza-33-x-33-x-4-cm\/\",\"url\":\"https:\/\/www.csj-emballages.com\/es\/produit\/100-cajas-de-pizza-33-x-33-x-4-cm\/\",\"name\":\"Caja de pizza 33 x 33 x 4 cm por 100\",\"isPartOf\":{\"@id\":\"https:\/\/www.csj-emballages.com\/es\/#website\"},\"primaryImageOfPage\":{\"@id\":\"https:\/\/www.csj-emballages.com\/es\/produit\/100-cajas-de-pizza-33-x-33-x-4-cm\/#primaryimage\"},\"image\":{\"@id\":\"https:\/\/www.csj-emballages.com\/es\/produit\/100-cajas-de-pizza-33-x-33-x-4-cm\/#primaryimage\"},\"thumbnailUrl\":\"https:\/\/www.csj-emballages.com\/wp-content\/uploads\/2024\/03\/boite-pizza-carre-carton-qualite-pas-cher-discount-csj-emballages-big-jpg.webp\",\"datePublished\":\"2024-03-01T15:56:07+00:00\",\"dateModified\":\"2026-04-30T00:11:23+00:00\",\"description\":\"Caja para pizza de 31 x 31 x 4 cm por 100. Robusta, pr\u00e1ctica y dise\u00f1ada para mantener la pizza caliente y crujiente. Ideal para pizzer\u00edas y comida para llevar.\",\"breadcrumb\":{\"@id\":\"https:\/\/www.csj-emballages.com\/es\/produit\/100-cajas-de-pizza-33-x-33-x-4-cm\/#breadcrumb\"},\"inLanguage\":\"es\",\"potentialAction\":[{\"@type\":\"ReadAction\",\"target\":[\"https:\/\/www.csj-emballages.com\/es\/produit\/100-cajas-de-pizza-33-x-33-x-4-cm\/\"]}]},{\"@type\":\"ImageObject\",\"inLanguage\":\"es\",\"@id\":\"https:\/\/www.csj-emballages.com\/es\/produit\/100-cajas-de-pizza-33-x-33-x-4-cm\/#primaryimage\",\"url\":\"https:\/\/www.csj-emballages.com\/wp-content\/uploads\/2024\/03\/boite-pizza-carre-carton-qualite-pas-cher-discount-csj-emballages-big-jpg.webp\",\"contentUrl\":\"https:\/\/www.csj-emballages.com\/wp-content\/uploads\/2024\/03\/boite-pizza-carre-carton-qualite-pas-cher-discount-csj-emballages-big-jpg.webp\",\"width\":300,\"height\":300,\"caption\":\"Boite \u00e0 pizza\"},{\"@type\":\"BreadcrumbList\",\"@id\":\"https:\/\/www.csj-emballages.com\/es\/produit\/100-cajas-de-pizza-33-x-33-x-4-cm\/#breadcrumb\",\"itemListElement\":[{\"@type\":\"ListItem\",\"position\":1,\"name\":\"Accueil\",\"item\":\"https:\/\/www.csj-emballages.com\/es\/universo-del-envasado-alimentario\/\"},{\"@type\":\"ListItem\",\"position\":2,\"name\":\"Tienda\",\"item\":\"https:\/\/www.csj-emballages.com\/tienda\/\"},{\"@type\":\"ListItem\",\"position\":3,\"name\":\"Caja de pizza 33 x 33 x 4 cm por 100\"}]},{\"@type\":\"WebSite\",\"@id\":\"https:\/\/www.csj-emballages.com\/es\/#website\",\"url\":\"https:\/\/www.csj-emballages.com\/es\/\",\"name\":\"CSJ Emballages\",\"description\":\"\",\"publisher\":{\"@id\":\"https:\/\/www.csj-emballages.com\/es\/#organization\"},\"potentialAction\":[{\"@type\":\"SearchAction\",\"target\":{\"@type\":\"EntryPoint\",\"urlTemplate\":\"https:\/\/www.csj-emballages.com\/es\/?s={search_term_string}\"},\"query-input\":{\"@type\":\"PropertyValueSpecification\",\"valueRequired\":true,\"valueName\":\"search_term_string\"}}],\"inLanguage\":\"es\"},{\"@type\":\"Organization\",\"@id\":\"https:\/\/www.csj-emballages.com\/es\/#Organization\/\",\"name\":\"CSJ Emballages\",\"url\":\"https:\/\/www.csj-emballages.com\/es\/\",\"logo\":{\"@type\":\"ImageObject\",\"inLanguage\":\"es\",\"@id\":\"https:\/\/www.csj-emballages.com\/es\/#\/schema\/logo\/image\/\",\"url\":\"https:\/\/www.csj-emballages.com\/wp-content\/uploads\/2023\/10\/logo_csj.webp\",\"contentUrl\":\"https:\/\/www.csj-emballages.com\/wp-content\/uploads\/2023\/10\/logo_csj.webp\",\"width\":250,\"height\":95,\"caption\":\"CSJ Emballages\"},\"image\":{\"@id\":\"https:\/\/www.csj-emballages.com\/es\/#\/schema\/logo\/image\/\"},\"sameAs\":[\"https:\/\/www.facebook.com\/csjemballages\"],\"address\":{\"@type\":\"PostalAddress\",\"streetAddress\":\"ZI La Lechere\",\"addressLocality\":\"Patornay\",\"postalCode\":\"39130\",\"addressCountry\":\"FR\"},\"contactPoint\":[{\"@type\":\"ContactPoint\",\"contactType\":\"Service client\",\"telephone\":\"0384254272\",\"email\":\"contact@csj-emballages.com\"}]}]}<\/script>\n<!-- \/ Yoast SEO Premium plugin. -->","yoast_head_json":{"title":"Caja de pizza 33 x 33 x 4 cm por 100","description":"Caja para pizza de 31 x 31 x 4 cm por 100. Robusta, pr\u00e1ctica y dise\u00f1ada para mantener la pizza caliente y crujiente. Ideal para pizzer\u00edas y comida para llevar.","robots":{"index":"index","follow":"follow","max-snippet":"max-snippet:-1","max-image-preview":"max-image-preview:large","max-video-preview":"max-video-preview:-1"},"canonical":"https:\/\/www.csj-emballages.com\/es\/produit\/100-cajas-de-pizza-33-x-33-x-4-cm\/","og_locale":"es_ES","og_type":"article","og_title":"Caja de pizza 33 x 33 x 4 cm por 100","og_description":"Caja para pizza de 31 x 31 x 4 cm por 100. Robusta, pr\u00e1ctica y dise\u00f1ada para mantener la pizza caliente y crujiente. Ideal para pizzer\u00edas y comida para llevar.","og_url":"https:\/\/www.csj-emballages.com\/es\/produit\/100-cajas-de-pizza-33-x-33-x-4-cm\/","og_site_name":"CSJ Emballages","article_publisher":"https:\/\/www.facebook.com\/csjemballages","article_modified_time":"2026-04-30T00:11:23+00:00","og_image":[{"width":300,"height":300,"url":"https:\/\/www.csj-emballages.com\/wp-content\/uploads\/2024\/03\/boite-pizza-carre-carton-qualite-pas-cher-discount-csj-emballages-big-jpg.webp","type":"image\/jpeg"}],"twitter_card":"summary_large_image","twitter_misc":{"Tiempo de lectura":"2 minutos"},"schema":{"@context":"https:\/\/schema.org","@graph":[{"@type":"WebPage","@id":"https:\/\/www.csj-emballages.com\/es\/produit\/100-cajas-de-pizza-33-x-33-x-4-cm\/","url":"https:\/\/www.csj-emballages.com\/es\/produit\/100-cajas-de-pizza-33-x-33-x-4-cm\/","name":"Caja de pizza 33 x 33 x 4 cm por 100","isPartOf":{"@id":"https:\/\/www.csj-emballages.com\/es\/#website"},"primaryImageOfPage":{"@id":"https:\/\/www.csj-emballages.com\/es\/produit\/100-cajas-de-pizza-33-x-33-x-4-cm\/#primaryimage"},"image":{"@id":"https:\/\/www.csj-emballages.com\/es\/produit\/100-cajas-de-pizza-33-x-33-x-4-cm\/#primaryimage"},"thumbnailUrl":"https:\/\/www.csj-emballages.com\/wp-content\/uploads\/2024\/03\/boite-pizza-carre-carton-qualite-pas-cher-discount-csj-emballages-big-jpg.webp","datePublished":"2024-03-01T15:56:07+00:00","dateModified":"2026-04-30T00:11:23+00:00","description":"Caja para pizza de 31 x 31 x 4 cm por 100. Robusta, pr\u00e1ctica y dise\u00f1ada para mantener la pizza caliente y crujiente. Ideal para pizzer\u00edas y comida para llevar.","breadcrumb":{"@id":"https:\/\/www.csj-emballages.com\/es\/produit\/100-cajas-de-pizza-33-x-33-x-4-cm\/#breadcrumb"},"inLanguage":"es","potentialAction":[{"@type":"ReadAction","target":["https:\/\/www.csj-emballages.com\/es\/produit\/100-cajas-de-pizza-33-x-33-x-4-cm\/"]}]},{"@type":"ImageObject","inLanguage":"es","@id":"https:\/\/www.csj-emballages.com\/es\/produit\/100-cajas-de-pizza-33-x-33-x-4-cm\/#primaryimage","url":"https:\/\/www.csj-emballages.com\/wp-content\/uploads\/2024\/03\/boite-pizza-carre-carton-qualite-pas-cher-discount-csj-emballages-big-jpg.webp","contentUrl":"https:\/\/www.csj-emballages.com\/wp-content\/uploads\/2024\/03\/boite-pizza-carre-carton-qualite-pas-cher-discount-csj-emballages-big-jpg.webp","width":300,"height":300,"caption":"Boite \u00e0 pizza"},{"@type":"BreadcrumbList","@id":"https:\/\/www.csj-emballages.com\/es\/produit\/100-cajas-de-pizza-33-x-33-x-4-cm\/#breadcrumb","itemListElement":[{"@type":"ListItem","position":1,"name":"Accueil","item":"https:\/\/www.csj-emballages.com\/es\/universo-del-envasado-alimentario\/"},{"@type":"ListItem","position":2,"name":"Tienda","item":"https:\/\/www.csj-emballages.com\/tienda\/"},{"@type":"ListItem","position":3,"name":"Caja de pizza 33 x 33 x 4 cm por 100"}]},{"@type":"WebSite","@id":"https:\/\/www.csj-emballages.com\/es\/#website","url":"https:\/\/www.csj-emballages.com\/es\/","name":"CSJ Emballages","description":"","publisher":{"@id":"https:\/\/www.csj-emballages.com\/es\/#organization"},"potentialAction":[{"@type":"SearchAction","target":{"@type":"EntryPoint","urlTemplate":"https:\/\/www.csj-emballages.com\/es\/?s={search_term_string}"},"query-input":{"@type":"PropertyValueSpecification","valueRequired":true,"valueName":"search_term_string"}}],"inLanguage":"es"},{"@type":"Organization","@id":"https:\/\/www.csj-emballages.com\/es\/#Organization\/","name":"CSJ Emballages","url":"https:\/\/www.csj-emballages.com\/es\/","logo":{"@type":"ImageObject","inLanguage":"es","@id":"https:\/\/www.csj-emballages.com\/es\/#\/schema\/logo\/image\/","url":"https:\/\/www.csj-emballages.com\/wp-content\/uploads\/2023\/10\/logo_csj.webp","contentUrl":"https:\/\/www.csj-emballages.com\/wp-content\/uploads\/2023\/10\/logo_csj.webp","width":250,"height":95,"caption":"CSJ Emballages"},"image":{"@id":"https:\/\/www.csj-emballages.com\/es\/#\/schema\/logo\/image\/"},"sameAs":["https:\/\/www.facebook.com\/csjemballages"],"address":{"@type":"PostalAddress","streetAddress":"ZI La Lechere","addressLocality":"Patornay","postalCode":"39130","addressCountry":"FR"},"contactPoint":[{"@type":"ContactPoint","contactType":"Service client","telephone":"0384254272","email":"contact@csj-emballages.com"}]}]}},"df_price":31.66,"df_sale_price":"","df_regular_price":31.66,"df_image_link":"https:\/\/www.csj-emballages.com\/wp-content\/uploads\/2024\/03\/boite-pizza-carre-carton-qualite-pas-cher-discount-csj-emballages-big-jpg.webp","tiered_pricing_type":"fixed","tiered_pricing_fixed_rules":[],"tiered_pricing_percentage_rules":[],"tiered_pricing_minimum":1,"tiered_pricing_roles_data":[],"_links":{"self":[{"href":"https:\/\/www.csj-emballages.com\/es\/wp-json\/wp\/v2\/product\/19854","targetHints":{"allow":["GET"]}}],"collection":[{"href":"https:\/\/www.csj-emballages.com\/es\/wp-json\/wp\/v2\/product"}],"about":[{"href":"https:\/\/www.csj-emballages.com\/es\/wp-json\/wp\/v2\/types\/product"}],"wp:featuredmedia":[{"embeddable":true,"href":"https:\/\/www.csj-emballages.com\/es\/wp-json\/wp\/v2\/media\/12789"}],"wp:attachment":[{"href":"https:\/\/www.csj-emballages.com\/es\/wp-json\/wp\/v2\/media?parent=19854"}],"wp:term":[{"taxonomy":"product_brand","embeddable":true,"href":"https:\/\/www.csj-emballages.com\/es\/wp-json\/wp\/v2\/product_brand?post=19854"},{"taxonomy":"product_cat","embeddable":true,"href":"https:\/\/www.csj-emballages.com\/es\/wp-json\/wp\/v2\/product_cat?post=19854"},{"taxonomy":"product_tag","embeddable":true,"href":"https:\/\/www.csj-emballages.com\/es\/wp-json\/wp\/v2\/product_tag?post=19854"}],"curies":[{"name":"wp","href":"https:\/\/api.w.org\/{rel}","templated":true}]}}