{"id":19846,"date":"2024-03-01T16:56:09","date_gmt":"2024-03-01T15:56:09","guid":{"rendered":"https:\/\/u15jnbdpoq.preview.infomaniak.website\/produit\/50-cuencos-biodegradables-compostables-350-ml\/"},"modified":"2026-04-09T02:12:08","modified_gmt":"2026-04-09T00:12:08","slug":"50-cuencos-biodegradables-compostables-350-ml","status":"publish","type":"product","link":"https:\/\/www.csj-emballages.com\/es\/produit\/50-cuencos-biodegradables-compostables-350-ml\/","title":{"rendered":"Bol biodegradable compostable blanco de 350 ml, 50 unidades"},"content":{"rendered":"<h2>Bol biodegradable com<\/h2>\n<hr>\n<h3>Descripci\u00f3n de nuestro bol biodegradable compostable blanco de 350 ml, 50 unidades<\/h3>\n<p><!--more--><\/p>\n<p data-start=\"273\" data-end=\"686\">Este <strong>bol biodegradable blanco<\/strong> de <strong data-start=\"300\" data-end=\"310\">350 ml<\/strong> ha sido concebido para quienes desean servir platos de forma sencilla, limpia y con una verdadera <strong>coherencia ecol\u00f3gica<\/strong>. Su <strong>dise\u00f1o sobrio<\/strong> se adapta a todos los estilos de restauraci\u00f3n, ya sea para servicio en el local, venta para llevar o un evento puntual. Desde el primer momento, se nota que est\u00e1 hecho para uso profesional: estable, ligero y agradable de usar.  <\/p>\n<p data-start=\"688\" data-end=\"1082\">Gracias a su <strong>capacidad de 350 ml<\/strong>, es perfecto para <strong>ensaladas, platos calientes, sopas, poke bowls, postres o acompa\u00f1amientos<\/strong>. <strong>Mantiene bien su forma<\/strong>, incluso con preparaciones calientes o ligeramente h\u00famedas, lo que permite servir sin estr\u00e9s ni sorpresas desagradables. Asimismo, su <strong>acabado blanco<\/strong> realza naturalmente los alimentos, lo que da un resultado limpio y apetitoso.  <\/p>\n<p data-start=\"1084\" data-end=\"1419\">Pero este <strong>bol blanco<\/strong> no se limita al aspecto pr\u00e1ctico. Tambi\u00e9n responde a las expectativas actuales en materia de medio ambiente. Fabricado a partir de <strong>materiales biodegradables y compostables<\/strong>, se inscribe en un enfoque m\u00e1s responsable, sin complicar el d\u00eda a d\u00eda. Puede seguir sirviendo r\u00e1pidamente, a la vez que toma una decisi\u00f3n m\u00e1s respetuosa.   <\/p>\n<p data-start=\"1421\" data-end=\"1682\">Se vende <strong data-start=\"1427\" data-end=\"1444\">en lotes de 50<\/strong>, lo que permite gestionar su stock f\u00e1cilmente, sin sobrecargar el espacio de almacenamiento. Es un formato ideal para restauradores, empresas de catering, food trucks u organizadores de eventos que buscan una soluci\u00f3n fiable, est\u00e9tica y comprometida. <\/p>\n<p data-start=\"1684\" data-end=\"1820\">En resumen, este <strong>bol biodegradable blanco<\/strong> es una apuesta segura: f\u00e1cil de usar, agradable de presentar y acorde con las nuevas expectativas de los consumidores.<\/p>\n<p data-start=\"1684\" data-end=\"1820\">\n<p><!--more--><\/p>\n<h4><strong>Ventajas :<\/strong><\/h4>\n<ul>\n<li data-start=\"1848\" data-end=\"1878\">Capacidad ideal de <strong>350 ml<\/strong>.<\/li>\n<li data-start=\"1881\" data-end=\"1919\">Adecuado para platos fr\u00edos y calientes.<\/li>\n<li data-start=\"1922\" data-end=\"1957\"><strong>Dise\u00f1o blanco sobrio<\/strong> y vers\u00e1til.<\/li>\n<li data-start=\"1960\" data-end=\"1991\"><strong>Biodegradable<\/strong> y compostable.<\/li>\n<li data-start=\"1994\" data-end=\"2022\">Pr\u00e1ctico paquete de<strong> 50<\/strong>.<\/li>\n<\/ul>\n<p>&nbsp;<\/p>\n<p><!--more--><\/p>\n<h4><strong>Informaci\u00f3n adicional :  <\/strong><\/h4>\n<ul>\n<li><strong>Envase<\/strong>: Paquete de 50<\/li>\n<li><strong>Di\u00e1metro inferior<\/strong>: 90 mm<\/li>\n<li><strong>Di\u00e1metro superior<\/strong>: 120 mm<\/li>\n<li><b>Altura<\/b>: 45 mm<\/li>\n<li><strong>Material<\/strong>: Pulpa de ca\u00f1a de az\u00facar \/ bagazo<\/li>\n<li><strong>Color<\/strong>: blanco<\/li>\n<\/ul>\n<p>&nbsp;<\/p>\n<p><!--more--><\/p>\n<p><a href=\"https:\/\/www.csj-emballages.com\/es\/categorie-produit\/envasado-de-alimentos\/gama-ecologica\/\">Consulte el resto de nuestra gama ecol\u00f3gica<\/a><\/p>\n","protected":false},"excerpt":{"rendered":"<p>Bol biodegradable com Descripci\u00f3n de nuestro bol biodegradable compostable blanco de 350 ml, 50 unidades<\/p>\n","protected":false},"featured_media":260640,"template":"","meta":{"_acf_changed":false},"product_brand":[],"product_cat":[1150,1179,1163,7612],"product_tag":[],"class_list":{"0":"post-19846","1":"product","2":"type-product","3":"status-publish","4":"has-post-thumbnail","6":"product_cat-envasado-de-alimentos","7":"product_cat-catering-es","8":"product_cat-gama-ecologica","9":"product_cat-cuencos-organicos","11":"first","12":"instock","13":"taxable","14":"shipping-taxable","15":"purchasable","16":"product-type-simple"},"acf":[],"yoast_head":"<!-- This site is optimized with the Yoast SEO Premium plugin v26.6 (Yoast SEO v26.6) - https:\/\/yoast.com\/wordpress\/plugins\/seo\/ -->\n<title>Bol Biodegradable Compostable blanco de 350 ml, 50 unidades<\/title>\n<meta name=\"description\" content=\"Bol biodegradable compostable blanco de 350 ml, se vende en paquetes de 50. Ideal para platos fr\u00edos o calientes, dise\u00f1o sobrio y soluci\u00f3n responsable para la restauraci\u00f3n.\" \/>\n<meta name=\"robots\" content=\"index, follow, max-snippet:-1, max-image-preview:large, max-video-preview:-1\" \/>\n<link rel=\"canonical\" href=\"https:\/\/www.csj-emballages.com\/es\/produit\/50-cuencos-biodegradables-compostables-350-ml\/\" \/>\n<meta property=\"og:locale\" content=\"es_ES\" \/>\n<meta property=\"og:type\" content=\"article\" \/>\n<meta property=\"og:title\" content=\"Bol biodegradable compostable blanco de 350 ml, 50 unidades\" \/>\n<meta property=\"og:description\" content=\"Bol biodegradable compostable blanco de 350 ml, se vende en paquetes de 50. Ideal para platos fr\u00edos o calientes, dise\u00f1o sobrio y soluci\u00f3n responsable para la restauraci\u00f3n.\" \/>\n<meta property=\"og:url\" content=\"https:\/\/www.csj-emballages.com\/es\/produit\/50-cuencos-biodegradables-compostables-350-ml\/\" \/>\n<meta property=\"og:site_name\" content=\"CSJ Emballages\" \/>\n<meta property=\"article:publisher\" content=\"https:\/\/www.facebook.com\/csjemballages\" \/>\n<meta property=\"article:modified_time\" content=\"2026-04-09T00:12:08+00:00\" \/>\n<meta property=\"og:image\" content=\"https:\/\/www.csj-emballages.com\/wp-content\/uploads\/2024\/03\/BOL350BIO.webp\" \/>\n\t<meta property=\"og:image:width\" content=\"800\" \/>\n\t<meta property=\"og:image:height\" content=\"800\" \/>\n\t<meta property=\"og:image:type\" content=\"image\/webp\" \/>\n<meta name=\"twitter:card\" content=\"summary_large_image\" \/>\n<meta name=\"twitter:label1\" content=\"Tiempo de lectura\" \/>\n\t<meta name=\"twitter:data1\" content=\"2 minutos\" \/>\n<script type=\"application\/ld+json\" class=\"yoast-schema-graph\">{\"@context\":\"https:\/\/schema.org\",\"@graph\":[{\"@type\":\"WebPage\",\"@id\":\"https:\/\/www.csj-emballages.com\/es\/produit\/50-cuencos-biodegradables-compostables-350-ml\/\",\"url\":\"https:\/\/www.csj-emballages.com\/es\/produit\/50-cuencos-biodegradables-compostables-350-ml\/\",\"name\":\"Bol Biodegradable Compostable blanco de 350 ml, 50 unidades\",\"isPartOf\":{\"@id\":\"https:\/\/www.csj-emballages.com\/es\/#website\"},\"primaryImageOfPage\":{\"@id\":\"https:\/\/www.csj-emballages.com\/es\/produit\/50-cuencos-biodegradables-compostables-350-ml\/#primaryimage\"},\"image\":{\"@id\":\"https:\/\/www.csj-emballages.com\/es\/produit\/50-cuencos-biodegradables-compostables-350-ml\/#primaryimage\"},\"thumbnailUrl\":\"https:\/\/www.csj-emballages.com\/wp-content\/uploads\/2024\/03\/BOL350BIO.webp\",\"datePublished\":\"2024-03-01T15:56:09+00:00\",\"dateModified\":\"2026-04-09T00:12:08+00:00\",\"description\":\"Bol biodegradable compostable blanco de 350 ml, se vende en paquetes de 50. Ideal para platos fr\u00edos o calientes, dise\u00f1o sobrio y soluci\u00f3n responsable para la restauraci\u00f3n.\",\"breadcrumb\":{\"@id\":\"https:\/\/www.csj-emballages.com\/es\/produit\/50-cuencos-biodegradables-compostables-350-ml\/#breadcrumb\"},\"inLanguage\":\"es\",\"potentialAction\":[{\"@type\":\"ReadAction\",\"target\":[\"https:\/\/www.csj-emballages.com\/es\/produit\/50-cuencos-biodegradables-compostables-350-ml\/\"]}]},{\"@type\":\"ImageObject\",\"inLanguage\":\"es\",\"@id\":\"https:\/\/www.csj-emballages.com\/es\/produit\/50-cuencos-biodegradables-compostables-350-ml\/#primaryimage\",\"url\":\"https:\/\/www.csj-emballages.com\/wp-content\/uploads\/2024\/03\/BOL350BIO.webp\",\"contentUrl\":\"https:\/\/www.csj-emballages.com\/wp-content\/uploads\/2024\/03\/BOL350BIO.webp\",\"width\":800,\"height\":800,\"caption\":\"Bol biod\u00e9gradable\"},{\"@type\":\"BreadcrumbList\",\"@id\":\"https:\/\/www.csj-emballages.com\/es\/produit\/50-cuencos-biodegradables-compostables-350-ml\/#breadcrumb\",\"itemListElement\":[{\"@type\":\"ListItem\",\"position\":1,\"name\":\"Accueil\",\"item\":\"https:\/\/www.csj-emballages.com\/es\/universo-del-envasado-alimentario\/\"},{\"@type\":\"ListItem\",\"position\":2,\"name\":\"Tienda\",\"item\":\"https:\/\/www.csj-emballages.com\/tienda\/\"},{\"@type\":\"ListItem\",\"position\":3,\"name\":\"Bol biodegradable compostable blanco de 350 ml, 50 unidades\"}]},{\"@type\":\"WebSite\",\"@id\":\"https:\/\/www.csj-emballages.com\/es\/#website\",\"url\":\"https:\/\/www.csj-emballages.com\/es\/\",\"name\":\"CSJ Emballages\",\"description\":\"\",\"publisher\":{\"@id\":\"https:\/\/www.csj-emballages.com\/es\/#organization\"},\"potentialAction\":[{\"@type\":\"SearchAction\",\"target\":{\"@type\":\"EntryPoint\",\"urlTemplate\":\"https:\/\/www.csj-emballages.com\/es\/?s={search_term_string}\"},\"query-input\":{\"@type\":\"PropertyValueSpecification\",\"valueRequired\":true,\"valueName\":\"search_term_string\"}}],\"inLanguage\":\"es\"},{\"@type\":\"Organization\",\"@id\":\"https:\/\/www.csj-emballages.com\/es\/#Organization\/\",\"name\":\"CSJ Emballages\",\"url\":\"https:\/\/www.csj-emballages.com\/es\/\",\"logo\":{\"@type\":\"ImageObject\",\"inLanguage\":\"es\",\"@id\":\"https:\/\/www.csj-emballages.com\/es\/#\/schema\/logo\/image\/\",\"url\":\"https:\/\/www.csj-emballages.com\/wp-content\/uploads\/2023\/10\/logo_csj.webp\",\"contentUrl\":\"https:\/\/www.csj-emballages.com\/wp-content\/uploads\/2023\/10\/logo_csj.webp\",\"width\":250,\"height\":95,\"caption\":\"CSJ Emballages\"},\"image\":{\"@id\":\"https:\/\/www.csj-emballages.com\/es\/#\/schema\/logo\/image\/\"},\"sameAs\":[\"https:\/\/www.facebook.com\/csjemballages\"],\"address\":{\"@type\":\"PostalAddress\",\"streetAddress\":\"ZI La Lechere\",\"addressLocality\":\"Patornay\",\"postalCode\":\"39130\",\"addressCountry\":\"FR\"},\"contactPoint\":[{\"@type\":\"ContactPoint\",\"contactType\":\"Service client\",\"telephone\":\"0384254272\",\"email\":\"contact@csj-emballages.com\"}]}]}<\/script>\n<!-- \/ Yoast SEO Premium plugin. -->","yoast_head_json":{"title":"Bol Biodegradable Compostable blanco de 350 ml, 50 unidades","description":"Bol biodegradable compostable blanco de 350 ml, se vende en paquetes de 50. Ideal para platos fr\u00edos o calientes, dise\u00f1o sobrio y soluci\u00f3n responsable para la restauraci\u00f3n.","robots":{"index":"index","follow":"follow","max-snippet":"max-snippet:-1","max-image-preview":"max-image-preview:large","max-video-preview":"max-video-preview:-1"},"canonical":"https:\/\/www.csj-emballages.com\/es\/produit\/50-cuencos-biodegradables-compostables-350-ml\/","og_locale":"es_ES","og_type":"article","og_title":"Bol biodegradable compostable blanco de 350 ml, 50 unidades","og_description":"Bol biodegradable compostable blanco de 350 ml, se vende en paquetes de 50. Ideal para platos fr\u00edos o calientes, dise\u00f1o sobrio y soluci\u00f3n responsable para la restauraci\u00f3n.","og_url":"https:\/\/www.csj-emballages.com\/es\/produit\/50-cuencos-biodegradables-compostables-350-ml\/","og_site_name":"CSJ Emballages","article_publisher":"https:\/\/www.facebook.com\/csjemballages","article_modified_time":"2026-04-09T00:12:08+00:00","og_image":[{"width":800,"height":800,"url":"https:\/\/www.csj-emballages.com\/wp-content\/uploads\/2024\/03\/BOL350BIO.webp","type":"image\/webp"}],"twitter_card":"summary_large_image","twitter_misc":{"Tiempo de lectura":"2 minutos"},"schema":{"@context":"https:\/\/schema.org","@graph":[{"@type":"WebPage","@id":"https:\/\/www.csj-emballages.com\/es\/produit\/50-cuencos-biodegradables-compostables-350-ml\/","url":"https:\/\/www.csj-emballages.com\/es\/produit\/50-cuencos-biodegradables-compostables-350-ml\/","name":"Bol Biodegradable Compostable blanco de 350 ml, 50 unidades","isPartOf":{"@id":"https:\/\/www.csj-emballages.com\/es\/#website"},"primaryImageOfPage":{"@id":"https:\/\/www.csj-emballages.com\/es\/produit\/50-cuencos-biodegradables-compostables-350-ml\/#primaryimage"},"image":{"@id":"https:\/\/www.csj-emballages.com\/es\/produit\/50-cuencos-biodegradables-compostables-350-ml\/#primaryimage"},"thumbnailUrl":"https:\/\/www.csj-emballages.com\/wp-content\/uploads\/2024\/03\/BOL350BIO.webp","datePublished":"2024-03-01T15:56:09+00:00","dateModified":"2026-04-09T00:12:08+00:00","description":"Bol biodegradable compostable blanco de 350 ml, se vende en paquetes de 50. Ideal para platos fr\u00edos o calientes, dise\u00f1o sobrio y soluci\u00f3n responsable para la restauraci\u00f3n.","breadcrumb":{"@id":"https:\/\/www.csj-emballages.com\/es\/produit\/50-cuencos-biodegradables-compostables-350-ml\/#breadcrumb"},"inLanguage":"es","potentialAction":[{"@type":"ReadAction","target":["https:\/\/www.csj-emballages.com\/es\/produit\/50-cuencos-biodegradables-compostables-350-ml\/"]}]},{"@type":"ImageObject","inLanguage":"es","@id":"https:\/\/www.csj-emballages.com\/es\/produit\/50-cuencos-biodegradables-compostables-350-ml\/#primaryimage","url":"https:\/\/www.csj-emballages.com\/wp-content\/uploads\/2024\/03\/BOL350BIO.webp","contentUrl":"https:\/\/www.csj-emballages.com\/wp-content\/uploads\/2024\/03\/BOL350BIO.webp","width":800,"height":800,"caption":"Bol biod\u00e9gradable"},{"@type":"BreadcrumbList","@id":"https:\/\/www.csj-emballages.com\/es\/produit\/50-cuencos-biodegradables-compostables-350-ml\/#breadcrumb","itemListElement":[{"@type":"ListItem","position":1,"name":"Accueil","item":"https:\/\/www.csj-emballages.com\/es\/universo-del-envasado-alimentario\/"},{"@type":"ListItem","position":2,"name":"Tienda","item":"https:\/\/www.csj-emballages.com\/tienda\/"},{"@type":"ListItem","position":3,"name":"Bol biodegradable compostable blanco de 350 ml, 50 unidades"}]},{"@type":"WebSite","@id":"https:\/\/www.csj-emballages.com\/es\/#website","url":"https:\/\/www.csj-emballages.com\/es\/","name":"CSJ Emballages","description":"","publisher":{"@id":"https:\/\/www.csj-emballages.com\/es\/#organization"},"potentialAction":[{"@type":"SearchAction","target":{"@type":"EntryPoint","urlTemplate":"https:\/\/www.csj-emballages.com\/es\/?s={search_term_string}"},"query-input":{"@type":"PropertyValueSpecification","valueRequired":true,"valueName":"search_term_string"}}],"inLanguage":"es"},{"@type":"Organization","@id":"https:\/\/www.csj-emballages.com\/es\/#Organization\/","name":"CSJ Emballages","url":"https:\/\/www.csj-emballages.com\/es\/","logo":{"@type":"ImageObject","inLanguage":"es","@id":"https:\/\/www.csj-emballages.com\/es\/#\/schema\/logo\/image\/","url":"https:\/\/www.csj-emballages.com\/wp-content\/uploads\/2023\/10\/logo_csj.webp","contentUrl":"https:\/\/www.csj-emballages.com\/wp-content\/uploads\/2023\/10\/logo_csj.webp","width":250,"height":95,"caption":"CSJ Emballages"},"image":{"@id":"https:\/\/www.csj-emballages.com\/es\/#\/schema\/logo\/image\/"},"sameAs":["https:\/\/www.facebook.com\/csjemballages"],"address":{"@type":"PostalAddress","streetAddress":"ZI La Lechere","addressLocality":"Patornay","postalCode":"39130","addressCountry":"FR"},"contactPoint":[{"@type":"ContactPoint","contactType":"Service client","telephone":"0384254272","email":"contact@csj-emballages.com"}]}]}},"df_price":3.26,"df_sale_price":"","df_regular_price":3.26,"df_image_link":"https:\/\/www.csj-emballages.com\/wp-content\/uploads\/2024\/03\/BOL350BIO-300x300.webp","tiered_pricing_type":"fixed","tiered_pricing_fixed_rules":[],"tiered_pricing_percentage_rules":[],"tiered_pricing_minimum":1,"tiered_pricing_roles_data":[],"_links":{"self":[{"href":"https:\/\/www.csj-emballages.com\/es\/wp-json\/wp\/v2\/product\/19846","targetHints":{"allow":["GET"]}}],"collection":[{"href":"https:\/\/www.csj-emballages.com\/es\/wp-json\/wp\/v2\/product"}],"about":[{"href":"https:\/\/www.csj-emballages.com\/es\/wp-json\/wp\/v2\/types\/product"}],"wp:featuredmedia":[{"embeddable":true,"href":"https:\/\/www.csj-emballages.com\/es\/wp-json\/wp\/v2\/media\/260640"}],"wp:attachment":[{"href":"https:\/\/www.csj-emballages.com\/es\/wp-json\/wp\/v2\/media?parent=19846"}],"wp:term":[{"taxonomy":"product_brand","embeddable":true,"href":"https:\/\/www.csj-emballages.com\/es\/wp-json\/wp\/v2\/product_brand?post=19846"},{"taxonomy":"product_cat","embeddable":true,"href":"https:\/\/www.csj-emballages.com\/es\/wp-json\/wp\/v2\/product_cat?post=19846"},{"taxonomy":"product_tag","embeddable":true,"href":"https:\/\/www.csj-emballages.com\/es\/wp-json\/wp\/v2\/product_tag?post=19846"}],"curies":[{"name":"wp","href":"https:\/\/api.w.org\/{rel}","templated":true}]}}