{"id":19822,"date":"2024-03-01T16:56:09","date_gmt":"2024-03-01T15:56:09","guid":{"rendered":"https:\/\/u15jnbdpoq.preview.infomaniak.website\/produit\/100-cuencos-de-plastico-desechables-blancos-400-ml-uso-en-caliente\/"},"modified":"2026-04-21T02:11:24","modified_gmt":"2026-04-21T00:11:24","slug":"100-cuencos-de-plastico-desechables-blancos-400-ml-uso-en-caliente","status":"publish","type":"product","link":"https:\/\/www.csj-emballages.com\/es\/produit\/100-cuencos-de-plastico-desechables-blancos-400-ml-uso-en-caliente\/","title":{"rendered":"Bol de pl\u00e1stico reutilizable blanco 400 ml por 100"},"content":{"rendered":"<h2>Bol de pl\u00e1stico<\/h2>\n<hr>\n<h3>Descripci\u00f3n de nuestro bol de pl\u00e1stico reutilizable blanco 400 ml por 100<\/h3>\n<p><!--more--><\/p>\n<p data-start=\"302\" data-end=\"660\">Sencillo, pr\u00e1ctico y eficaz: este <strong data-start=\"336\" data-end=\"382\">bol de pl\u00e1stico blanco reutilizable de 400 ml<\/strong> es sin duda uno de esos art\u00edculos esenciales que facilitan enormemente el servicio diario. Con un tama\u00f1o que no es ni demasiado grande ni demasiado peque\u00f1o, es perfecto para multitud de usos. Ensaladas, postres, guarniciones, salsas o raciones individuales, todo tiene cabida en \u00e9l.  <\/p>\n<p data-start=\"662\" data-end=\"1024\">Su <strong>dise\u00f1o sobrio<\/strong> y <strong>blanco<\/strong> permite una presentaci\u00f3n limpia y ordenada, sin robar protagonismo al contenido. Ya sea para un servicio r\u00e1pido, un evento, un buf\u00e9 o un uso en hosteler\u00eda, este <strong>bol<\/strong> encajar\u00e1 en cualquier sitio. Su forma ligeramente acanalada garantiza un buen agarre, por lo que no resbalar\u00e1 al servir.  <\/p>\n<p data-start=\"1026\" data-end=\"1396\">Fabricado en <strong>pl\u00e1stico reutilizable<\/strong>, resiste bien la manipulaci\u00f3n repetida. Puedes apilarla sin dificultad, transportarla f\u00e1cilmente y optimizar tu espacio de almacenamiento.  Es un aut\u00e9ntico ahorro de tiempo y organizaci\u00f3n, especialmente para grandes vol\u00famenes. Y con un <strong data-start=\"1313\" data-end=\"1327\">lote de 100<\/strong>, estar\u00e1 preparado para gestionar grandes servicios sin quedarse sin vajilla. <\/p>\n<p data-start=\"1398\" data-end=\"1688\">Adem\u00e1s, el <strong>bol<\/strong> es f\u00e1cil de limpiar y resiste un uso intensivo. Por tanto, es una alternativa interesante a los recipientes desechables, sin dejar de ser sencillo de usar. Su formato <strong>de 400 ml<\/strong> permite controlar las porciones, lo que resulta ideal para una gesti\u00f3n m\u00e1s precisa de los costes.  <\/p>\n<p data-start=\"1690\" data-end=\"1906\">En resumen, este <strong>bol de pl\u00e1stico reutilizable<\/strong> cumple todos los requisitos: vers\u00e1til, robusto y discreto. Es perfecto para todas sus actividades, desde el servicio in situ hasta eventos especiales. <\/p>\n<p><!--more--><\/p>\n<p><strong><span style=\"color: #ff0000;\">*Este bol es apto para microondas<\/span><\/strong><\/p>\n<p>&nbsp;<\/p>\n<p><!--more--><\/p>\n<h4>Ventajas :<\/h4>\n<ul>\n<li data-start=\"1934\" data-end=\"1966\">Pr\u00e1ctica capacidad de <strong>400 ml<\/strong>.<\/li>\n<li data-start=\"1969\" data-end=\"2007\">Dise\u00f1o sobrio y profesional en blanco.<\/li>\n<li data-start=\"2010\" data-end=\"2048\">Pl\u00e1stico resistente y <strong>reutilizable<\/strong>.<\/li>\n<li data-start=\"2051\" data-end=\"2087\">Apilable para facilitar su almacenamiento.<\/li>\n<li data-start=\"2090\" data-end=\"2131\">Paquete de <strong>100<\/strong> ideal para profesionales.<\/li>\n<\/ul>\n<p>&nbsp;<\/p>\n<p><!--more--><\/p>\n<h4>Informaci\u00f3n adicional :<\/h4>\n<ul>\n<li><strong>Embalaje<\/strong>: Paquete de 100<\/li>\n<li><strong>Color<\/strong>: blanco<\/li>\n<li><strong>Material<\/strong>: PP (polipropileno)<\/li>\n<li><strong>Volumen<\/strong>: 400 ml<\/li>\n<li><strong>Temperatura de funcionamiento<\/strong>: -20\u00b0C \/ + 130\u00b0C<\/li>\n<\/ul>\n<p>&nbsp;<\/p>\n<p><!--more--><\/p>\n<p>Encuentre aqu\u00ed la tapa compatible con este bol: <span style=\"color: #d12727;\"><a style=\"color: #d12727;\" href=\"https:\/\/www.csj-emballages.com\/es\/produit\/100-tapas-de-plastico-translucido-bol400\/\">COUVBOL400<\/a><\/span><\/p>\n<p>&nbsp;<\/p>\n<p><!--more--><\/p>\n<p>Este producto est\u00e1 disponible en varios colores y tama\u00f1os: <span style=\"color: #d12727;\"><a style=\"color: #d12727;\" href=\"https:\/\/www.csj-emballages.com\/es\/produit\/100-cuencos-de-plastico-pp-desechables-blancos-350-ml\/\">350 ml Blanco<\/a><\/span> \/ <span style=\"color: #d12727;\"><a style=\"color: #d12727;\" href=\"https:\/\/www.csj-emballages.com\/produit\/100-bols-jetables-noirs-plastique-utilisation-chaud-400-ml\/\">400 ml Negro<\/a><\/span> \/ <span style=\"color: #d12727;\"><a style=\"color: #d12727;\" href=\"https:\/\/www.csj-emballages.com\/produit\/100-bols-jetables-blanc-en-plastique-ps-500-ml\/\">500 ml Blanco<\/a><\/span><\/p>\n<p>&nbsp;<\/p>\n<p><!--more--><\/p>\n<p><a href=\"https:\/\/www.csj-emballages.com\/es\/categorie-produit\/envasado-de-alimentos\/catering-es\/ollas-cuencos-portavasos\/cuencos-desechables\/\">Ver el resto de nuestra gama de cuencos reutilizables  <\/a><\/p>\n<p>&nbsp;<\/p>\n","protected":false},"excerpt":{"rendered":"<p>Bol de pl\u00e1stico Descripci\u00f3n de nuestro bol de pl\u00e1stico reutilizable blanco 400 ml por 100<\/p>\n","protected":false},"featured_media":203584,"template":"","meta":{"_acf_changed":false},"product_brand":[],"product_cat":[1150,1179,2225],"product_tag":[],"class_list":{"0":"post-19822","1":"product","2":"type-product","3":"status-publish","4":"has-post-thumbnail","6":"product_cat-envasado-de-alimentos","7":"product_cat-catering-es","8":"product_cat-cuencos-desechables","10":"first","11":"instock","12":"taxable","13":"shipping-taxable","14":"purchasable","15":"product-type-simple"},"acf":[],"yoast_head":"<!-- This site is optimized with the Yoast SEO Premium plugin v26.6 (Yoast SEO v26.6) - https:\/\/yoast.com\/wordpress\/plugins\/seo\/ -->\n<title>Bol de pl\u00e1stico reutilizable blanco 400 ml por 100<\/title>\n<meta name=\"description\" content=\"Bol de pl\u00e1stico blanco reutilizable de 400 ml vendido por 100. Pr\u00e1ctico, robusto y vers\u00e1til, ideal para ensaladas, postres y porciones individuales.\" \/>\n<meta name=\"robots\" content=\"index, follow, max-snippet:-1, max-image-preview:large, max-video-preview:-1\" \/>\n<link rel=\"canonical\" href=\"https:\/\/www.csj-emballages.com\/es\/produit\/100-cuencos-de-plastico-desechables-blancos-400-ml-uso-en-caliente\/\" \/>\n<meta property=\"og:locale\" content=\"es_ES\" \/>\n<meta property=\"og:type\" content=\"article\" \/>\n<meta property=\"og:title\" content=\"Bol de pl\u00e1stico reutilizable blanco 400 ml por 100\" \/>\n<meta property=\"og:description\" content=\"Bol de pl\u00e1stico blanco reutilizable de 400 ml vendido por 100. Pr\u00e1ctico, robusto y vers\u00e1til, ideal para ensaladas, postres y porciones individuales.\" \/>\n<meta property=\"og:url\" content=\"https:\/\/www.csj-emballages.com\/es\/produit\/100-cuencos-de-plastico-desechables-blancos-400-ml-uso-en-caliente\/\" \/>\n<meta property=\"og:site_name\" content=\"CSJ Emballages\" \/>\n<meta property=\"article:publisher\" content=\"https:\/\/www.facebook.com\/csjemballages\" \/>\n<meta property=\"article:modified_time\" content=\"2026-04-21T00:11:24+00:00\" \/>\n<meta property=\"og:image\" content=\"https:\/\/www.csj-emballages.com\/wp-content\/uploads\/2024\/03\/BOL-350-PP-1.webp\" \/>\n\t<meta property=\"og:image:width\" content=\"801\" \/>\n\t<meta property=\"og:image:height\" content=\"801\" \/>\n\t<meta property=\"og:image:type\" content=\"image\/webp\" \/>\n<meta name=\"twitter:card\" content=\"summary_large_image\" \/>\n<meta name=\"twitter:label1\" content=\"Tiempo de lectura\" \/>\n\t<meta name=\"twitter:data1\" content=\"2 minutos\" \/>\n<script type=\"application\/ld+json\" class=\"yoast-schema-graph\">{\"@context\":\"https:\/\/schema.org\",\"@graph\":[{\"@type\":\"WebPage\",\"@id\":\"https:\/\/www.csj-emballages.com\/es\/produit\/100-cuencos-de-plastico-desechables-blancos-400-ml-uso-en-caliente\/\",\"url\":\"https:\/\/www.csj-emballages.com\/es\/produit\/100-cuencos-de-plastico-desechables-blancos-400-ml-uso-en-caliente\/\",\"name\":\"Bol de pl\u00e1stico reutilizable blanco 400 ml por 100\",\"isPartOf\":{\"@id\":\"https:\/\/www.csj-emballages.com\/es\/#website\"},\"primaryImageOfPage\":{\"@id\":\"https:\/\/www.csj-emballages.com\/es\/produit\/100-cuencos-de-plastico-desechables-blancos-400-ml-uso-en-caliente\/#primaryimage\"},\"image\":{\"@id\":\"https:\/\/www.csj-emballages.com\/es\/produit\/100-cuencos-de-plastico-desechables-blancos-400-ml-uso-en-caliente\/#primaryimage\"},\"thumbnailUrl\":\"https:\/\/www.csj-emballages.com\/wp-content\/uploads\/2024\/03\/BOL-350-PP-1.webp\",\"datePublished\":\"2024-03-01T15:56:09+00:00\",\"dateModified\":\"2026-04-21T00:11:24+00:00\",\"description\":\"Bol de pl\u00e1stico blanco reutilizable de 400 ml vendido por 100. Pr\u00e1ctico, robusto y vers\u00e1til, ideal para ensaladas, postres y porciones individuales.\",\"breadcrumb\":{\"@id\":\"https:\/\/www.csj-emballages.com\/es\/produit\/100-cuencos-de-plastico-desechables-blancos-400-ml-uso-en-caliente\/#breadcrumb\"},\"inLanguage\":\"es\",\"potentialAction\":[{\"@type\":\"ReadAction\",\"target\":[\"https:\/\/www.csj-emballages.com\/es\/produit\/100-cuencos-de-plastico-desechables-blancos-400-ml-uso-en-caliente\/\"]}]},{\"@type\":\"ImageObject\",\"inLanguage\":\"es\",\"@id\":\"https:\/\/www.csj-emballages.com\/es\/produit\/100-cuencos-de-plastico-desechables-blancos-400-ml-uso-en-caliente\/#primaryimage\",\"url\":\"https:\/\/www.csj-emballages.com\/wp-content\/uploads\/2024\/03\/BOL-350-PP-1.webp\",\"contentUrl\":\"https:\/\/www.csj-emballages.com\/wp-content\/uploads\/2024\/03\/BOL-350-PP-1.webp\",\"width\":801,\"height\":801,\"caption\":\"bol plastique\"},{\"@type\":\"BreadcrumbList\",\"@id\":\"https:\/\/www.csj-emballages.com\/es\/produit\/100-cuencos-de-plastico-desechables-blancos-400-ml-uso-en-caliente\/#breadcrumb\",\"itemListElement\":[{\"@type\":\"ListItem\",\"position\":1,\"name\":\"Accueil\",\"item\":\"https:\/\/www.csj-emballages.com\/es\/universo-del-envasado-alimentario\/\"},{\"@type\":\"ListItem\",\"position\":2,\"name\":\"Tienda\",\"item\":\"https:\/\/www.csj-emballages.com\/tienda\/\"},{\"@type\":\"ListItem\",\"position\":3,\"name\":\"Bol de pl\u00e1stico reutilizable blanco 400 ml por 100\"}]},{\"@type\":\"WebSite\",\"@id\":\"https:\/\/www.csj-emballages.com\/es\/#website\",\"url\":\"https:\/\/www.csj-emballages.com\/es\/\",\"name\":\"CSJ Emballages\",\"description\":\"\",\"publisher\":{\"@id\":\"https:\/\/www.csj-emballages.com\/es\/#organization\"},\"potentialAction\":[{\"@type\":\"SearchAction\",\"target\":{\"@type\":\"EntryPoint\",\"urlTemplate\":\"https:\/\/www.csj-emballages.com\/es\/?s={search_term_string}\"},\"query-input\":{\"@type\":\"PropertyValueSpecification\",\"valueRequired\":true,\"valueName\":\"search_term_string\"}}],\"inLanguage\":\"es\"},{\"@type\":\"Organization\",\"@id\":\"https:\/\/www.csj-emballages.com\/es\/#Organization\/\",\"name\":\"CSJ Emballages\",\"url\":\"https:\/\/www.csj-emballages.com\/es\/\",\"logo\":{\"@type\":\"ImageObject\",\"inLanguage\":\"es\",\"@id\":\"https:\/\/www.csj-emballages.com\/es\/#\/schema\/logo\/image\/\",\"url\":\"https:\/\/www.csj-emballages.com\/wp-content\/uploads\/2023\/10\/logo_csj.webp\",\"contentUrl\":\"https:\/\/www.csj-emballages.com\/wp-content\/uploads\/2023\/10\/logo_csj.webp\",\"width\":250,\"height\":95,\"caption\":\"CSJ Emballages\"},\"image\":{\"@id\":\"https:\/\/www.csj-emballages.com\/es\/#\/schema\/logo\/image\/\"},\"sameAs\":[\"https:\/\/www.facebook.com\/csjemballages\"],\"address\":{\"@type\":\"PostalAddress\",\"streetAddress\":\"ZI La Lechere\",\"addressLocality\":\"Patornay\",\"postalCode\":\"39130\",\"addressCountry\":\"FR\"},\"contactPoint\":[{\"@type\":\"ContactPoint\",\"contactType\":\"Service client\",\"telephone\":\"0384254272\",\"email\":\"contact@csj-emballages.com\"}]}]}<\/script>\n<!-- \/ Yoast SEO Premium plugin. -->","yoast_head_json":{"title":"Bol de pl\u00e1stico reutilizable blanco 400 ml por 100","description":"Bol de pl\u00e1stico blanco reutilizable de 400 ml vendido por 100. Pr\u00e1ctico, robusto y vers\u00e1til, ideal para ensaladas, postres y porciones individuales.","robots":{"index":"index","follow":"follow","max-snippet":"max-snippet:-1","max-image-preview":"max-image-preview:large","max-video-preview":"max-video-preview:-1"},"canonical":"https:\/\/www.csj-emballages.com\/es\/produit\/100-cuencos-de-plastico-desechables-blancos-400-ml-uso-en-caliente\/","og_locale":"es_ES","og_type":"article","og_title":"Bol de pl\u00e1stico reutilizable blanco 400 ml por 100","og_description":"Bol de pl\u00e1stico blanco reutilizable de 400 ml vendido por 100. Pr\u00e1ctico, robusto y vers\u00e1til, ideal para ensaladas, postres y porciones individuales.","og_url":"https:\/\/www.csj-emballages.com\/es\/produit\/100-cuencos-de-plastico-desechables-blancos-400-ml-uso-en-caliente\/","og_site_name":"CSJ Emballages","article_publisher":"https:\/\/www.facebook.com\/csjemballages","article_modified_time":"2026-04-21T00:11:24+00:00","og_image":[{"width":801,"height":801,"url":"https:\/\/www.csj-emballages.com\/wp-content\/uploads\/2024\/03\/BOL-350-PP-1.webp","type":"image\/webp"}],"twitter_card":"summary_large_image","twitter_misc":{"Tiempo de lectura":"2 minutos"},"schema":{"@context":"https:\/\/schema.org","@graph":[{"@type":"WebPage","@id":"https:\/\/www.csj-emballages.com\/es\/produit\/100-cuencos-de-plastico-desechables-blancos-400-ml-uso-en-caliente\/","url":"https:\/\/www.csj-emballages.com\/es\/produit\/100-cuencos-de-plastico-desechables-blancos-400-ml-uso-en-caliente\/","name":"Bol de pl\u00e1stico reutilizable blanco 400 ml por 100","isPartOf":{"@id":"https:\/\/www.csj-emballages.com\/es\/#website"},"primaryImageOfPage":{"@id":"https:\/\/www.csj-emballages.com\/es\/produit\/100-cuencos-de-plastico-desechables-blancos-400-ml-uso-en-caliente\/#primaryimage"},"image":{"@id":"https:\/\/www.csj-emballages.com\/es\/produit\/100-cuencos-de-plastico-desechables-blancos-400-ml-uso-en-caliente\/#primaryimage"},"thumbnailUrl":"https:\/\/www.csj-emballages.com\/wp-content\/uploads\/2024\/03\/BOL-350-PP-1.webp","datePublished":"2024-03-01T15:56:09+00:00","dateModified":"2026-04-21T00:11:24+00:00","description":"Bol de pl\u00e1stico blanco reutilizable de 400 ml vendido por 100. Pr\u00e1ctico, robusto y vers\u00e1til, ideal para ensaladas, postres y porciones individuales.","breadcrumb":{"@id":"https:\/\/www.csj-emballages.com\/es\/produit\/100-cuencos-de-plastico-desechables-blancos-400-ml-uso-en-caliente\/#breadcrumb"},"inLanguage":"es","potentialAction":[{"@type":"ReadAction","target":["https:\/\/www.csj-emballages.com\/es\/produit\/100-cuencos-de-plastico-desechables-blancos-400-ml-uso-en-caliente\/"]}]},{"@type":"ImageObject","inLanguage":"es","@id":"https:\/\/www.csj-emballages.com\/es\/produit\/100-cuencos-de-plastico-desechables-blancos-400-ml-uso-en-caliente\/#primaryimage","url":"https:\/\/www.csj-emballages.com\/wp-content\/uploads\/2024\/03\/BOL-350-PP-1.webp","contentUrl":"https:\/\/www.csj-emballages.com\/wp-content\/uploads\/2024\/03\/BOL-350-PP-1.webp","width":801,"height":801,"caption":"bol plastique"},{"@type":"BreadcrumbList","@id":"https:\/\/www.csj-emballages.com\/es\/produit\/100-cuencos-de-plastico-desechables-blancos-400-ml-uso-en-caliente\/#breadcrumb","itemListElement":[{"@type":"ListItem","position":1,"name":"Accueil","item":"https:\/\/www.csj-emballages.com\/es\/universo-del-envasado-alimentario\/"},{"@type":"ListItem","position":2,"name":"Tienda","item":"https:\/\/www.csj-emballages.com\/tienda\/"},{"@type":"ListItem","position":3,"name":"Bol de pl\u00e1stico reutilizable blanco 400 ml por 100"}]},{"@type":"WebSite","@id":"https:\/\/www.csj-emballages.com\/es\/#website","url":"https:\/\/www.csj-emballages.com\/es\/","name":"CSJ Emballages","description":"","publisher":{"@id":"https:\/\/www.csj-emballages.com\/es\/#organization"},"potentialAction":[{"@type":"SearchAction","target":{"@type":"EntryPoint","urlTemplate":"https:\/\/www.csj-emballages.com\/es\/?s={search_term_string}"},"query-input":{"@type":"PropertyValueSpecification","valueRequired":true,"valueName":"search_term_string"}}],"inLanguage":"es"},{"@type":"Organization","@id":"https:\/\/www.csj-emballages.com\/es\/#Organization\/","name":"CSJ Emballages","url":"https:\/\/www.csj-emballages.com\/es\/","logo":{"@type":"ImageObject","inLanguage":"es","@id":"https:\/\/www.csj-emballages.com\/es\/#\/schema\/logo\/image\/","url":"https:\/\/www.csj-emballages.com\/wp-content\/uploads\/2023\/10\/logo_csj.webp","contentUrl":"https:\/\/www.csj-emballages.com\/wp-content\/uploads\/2023\/10\/logo_csj.webp","width":250,"height":95,"caption":"CSJ Emballages"},"image":{"@id":"https:\/\/www.csj-emballages.com\/es\/#\/schema\/logo\/image\/"},"sameAs":["https:\/\/www.facebook.com\/csjemballages"],"address":{"@type":"PostalAddress","streetAddress":"ZI La Lechere","addressLocality":"Patornay","postalCode":"39130","addressCountry":"FR"},"contactPoint":[{"@type":"ContactPoint","contactType":"Service client","telephone":"0384254272","email":"contact@csj-emballages.com"}]}]}},"df_price":15.62,"df_sale_price":"","df_regular_price":15.62,"df_image_link":"https:\/\/www.csj-emballages.com\/wp-content\/uploads\/2024\/03\/BOL-350-PP-1-300x300.webp","tiered_pricing_type":"fixed","tiered_pricing_fixed_rules":[],"tiered_pricing_percentage_rules":[],"tiered_pricing_minimum":1,"tiered_pricing_roles_data":[],"_links":{"self":[{"href":"https:\/\/www.csj-emballages.com\/es\/wp-json\/wp\/v2\/product\/19822","targetHints":{"allow":["GET"]}}],"collection":[{"href":"https:\/\/www.csj-emballages.com\/es\/wp-json\/wp\/v2\/product"}],"about":[{"href":"https:\/\/www.csj-emballages.com\/es\/wp-json\/wp\/v2\/types\/product"}],"wp:featuredmedia":[{"embeddable":true,"href":"https:\/\/www.csj-emballages.com\/es\/wp-json\/wp\/v2\/media\/203584"}],"wp:attachment":[{"href":"https:\/\/www.csj-emballages.com\/es\/wp-json\/wp\/v2\/media?parent=19822"}],"wp:term":[{"taxonomy":"product_brand","embeddable":true,"href":"https:\/\/www.csj-emballages.com\/es\/wp-json\/wp\/v2\/product_brand?post=19822"},{"taxonomy":"product_cat","embeddable":true,"href":"https:\/\/www.csj-emballages.com\/es\/wp-json\/wp\/v2\/product_cat?post=19822"},{"taxonomy":"product_tag","embeddable":true,"href":"https:\/\/www.csj-emballages.com\/es\/wp-json\/wp\/v2\/product_tag?post=19822"}],"curies":[{"name":"wp","href":"https:\/\/api.w.org\/{rel}","templated":true}]}}