{"id":19780,"date":"2024-03-01T16:57:10","date_gmt":"2024-03-01T15:57:10","guid":{"rendered":"https:\/\/u15jnbdpoq.preview.infomaniak.website\/produit\/carrete-rojo-bolduc-joyeux-fetes-225m-x-10mm\/"},"modified":"2026-03-12T16:13:18","modified_gmt":"2026-03-12T15:13:18","slug":"carrete-rojo-bolduc-joyeux-fetes-225m-x-10mm","status":"publish","type":"product","link":"https:\/\/www.csj-emballages.com\/es\/produit\/carrete-rojo-bolduc-joyeux-fetes-225m-x-10mm\/","title":{"rendered":"Carrete rojo bolduc \u00abjoyeux f\u00eates\u00bb 225m x 10mm"},"content":{"rendered":"<h2><strong style=\"font-family: Roboto, sans-serif\">Carrete bolduc \u00abFelices Fiestas<\/strong><\/h2>\n<div style=\"font-family: Roboto, sans-serif\">\n<div style=\"font-family: Roboto, sans-serif\">\n<div style=\"font-family: Roboto, sans-serif\">\n<div style=\"text-align: center\">\n<div style=\"font-family: Roboto, sans-serif\">\n<div style=\"font-family: Roboto, sans-serif\">\n<div style=\"font-family: Roboto, sans-serif\">\n<div style=\"font-family: Roboto, sans-serif\">\n<div style=\"font-family: Roboto, sans-serif\">\n<div style=\"font-family: Roboto, sans-serif;text-align: left\">\n<hr>\n<h3 style=\"text-align: left\">Descripci\u00f3n del carrete bolduc  <!--more--><\/h3>\n<p>A\u00f1ada un toque festivo a sus decoraciones con el <strong>rollo de bolduc<\/strong> <strong>\u00abFelices Fiestas\u00bb<\/strong>. Esta colorida cinta es perfecta para adornar sus paquetes de regalo. En un abrir y cerrar de ojos, estar\u00e1s creando una presentaci\u00f3n deslumbrante que har\u00e1 las delicias de tus seres queridos.  <\/p>\n<p>Fabricado en polipropileno, este <strong>bolduc<\/strong> es resistente y flexible a la vez. As\u00ed que puede utilizarla para hacer elegantes lazos o guirnaldas. Gracias a su brillo, esta cinta atrae todas las miradas. Sus regalos no pasar\u00e1n desapercibidos.   <\/p>\n<p>Adem\u00e1s, el <strong>carrete<\/strong> mide 225 metros, lo que le da una gran libertad de uso. Ya sea para Navidad o para una fiesta de fin de a\u00f1o, este <strong>bolduc<\/strong> es adecuado para todas las ocasiones. Los colores vivos y los motivos festivos a\u00f1aden un ambiente alegre a sus celebraciones.  <\/p>\n<p>Adem\u00e1s, es f\u00e1cil de cortar y manejar. No hay que preocuparse por los enredos. Esto te ahorra tiempo y te permite ser creativo al mismo tiempo. Tambi\u00e9n puedes combinarlo con otros elementos decorativos. Por ejemplo, etiquetas personalizadas o adornos de papel.    <\/p>\n<p>No pierda esta oportunidad de aportar un poco de magia a sus fiestas. Pida ya el <strong>rollo de bolduc \u00abFelices Fiestas\u00bb<\/strong>. Haga brillar sus momentos especiales con esta cinta excepcional. \u00a1Sus decoraciones ser\u00e1n a\u00fan m\u00e1s memorables!   <\/p>\n<p>&nbsp;<\/p>\n<\/div>\n<\/div>\n<\/div>\n<\/div>\n<\/div>\n<\/div>\n<\/div>\n<\/div>\n<\/div>\n<\/div>\n<p><!--more--><\/p>\n<p style=\"text-align: left\"><strong>Las ventajas de nuestro carrete bolduc :<\/strong><\/p>\n<ul style=\"text-align: left\">\n<li><strong>Est\u00e9tica festiva<\/strong>: Con sus vivos colores y alegres dibujos, esta cinta a\u00f1ade un toque festivo instant\u00e1neo a todos tus envases.<\/li>\n<li><strong>Pr\u00e1ctica longitud<\/strong>: Con 225 metros de cinta, tienes m\u00e1s que suficiente para adornar muchos regalos y decoraciones sin tener que comprar nuevas con frecuencia.<\/li>\n<li><strong>Atractivo visual<\/strong>: Su llamativo brillo hace que cada regalo sea \u00fanico y memorable, perfecto para impresionar a tus seres queridos.<\/li>\n<\/ul>\n<div class=\"elementor elementor-2384 elementor-location-archive product\" data-elementor-type=\"product-archive\" data-elementor-id=\"2384\" data-elementor-post-type=\"elementor_library\">\n<div class=\"elementor-element elementor-element-c44cccd nt-archive-products e-flex e-con-boxed e-con e-parent e-lazyloaded\" data-id=\"c44cccd\" data-element_type=\"container\">\n<div class=\"e-con-inner\">\n<div class=\"elementor-element elementor-element-f35cc29 e-con-full e-flex e-con e-child\" data-id=\"f35cc29\" data-element_type=\"container\">\n<div class=\"elementor-element elementor-element-8781411 elementor-widget elementor-widget-woocommerce-archive-description\" data-id=\"8781411\" data-element_type=\"widget\" data-widget_type=\"woocommerce-archive-description.default\">\n<div class=\"elementor-widget-container\">\n<div class=\"term-description\"><\/div>\n<\/div>\n<\/div>\n<\/div>\n<\/div>\n<\/div>\n<\/div>\n<div class=\"elementor elementor-175 elementor-location-footer\" data-elementor-type=\"footer\" data-elementor-id=\"175\" data-elementor-post-type=\"elementor_library\">\n<div class=\"elementor-element elementor-element-d413b54 e-flex e-con-boxed e-con e-parent e-lazyloaded\" data-id=\"d413b54\" data-element_type=\"container\">\n<div class=\"e-con-inner\">\n<div class=\"elementor-element elementor-element-9493a3c elementor-widget elementor-widget-shortcode\" data-id=\"9493a3c\" data-element_type=\"widget\" data-widget_type=\"shortcode.default\">\n<div class=\"elementor-widget-container\"><\/div>\n<\/div>\n<\/div>\n<\/div>\n<\/div>\n<p><!--more--><\/p>\n<h4>Art\u00edculos relacionados:<\/h4>\n<p><span style=\"color: #d12727\"><a style=\"color: #d12727\" href=\"https:\/\/www.csj-emballages.com\/es\/produit\/alicates-bolduc\/\">Alicates Bolduc<\/a><\/span><\/p>\n<p><span style=\"color: #d12727\"><a style=\"color: #d12727\" href=\"https:\/\/www.csj-emballages.com\/es\/produit\/500-etiquetas-doradas-felices-fiestas\/\">Etiqueta \u00abFelices Fiestas<\/a><\/span><\/p>\n<p>&nbsp;<\/p>\n<p style=\"text-align: left\"><!--more--><\/p>\n<p><a href=\"https:\/\/www.csj-emballages.com\/es\/categorie-produit\/envasado-de-alimentos\/panaderia-y-pasteleria\/accesorios-y-equipamiento\/accesorios-decorativos\/carretes-bolduc\/carretes-bolduc-felices-fiestas\/\">Ver el resto de nuestra gama de carretes bolduc \u00abFelices Fiestas<\/a><\/p>\n","protected":false},"excerpt":{"rendered":"<p>Carrete bolduc \u00abFelices Fiestas Descripci\u00f3n del carrete bolduc<\/p>\n","protected":false},"featured_media":14665,"template":"","meta":{"_acf_changed":false},"product_brand":[],"product_cat":[1150,1145,1791,2202,1488,1799,2127,2209],"product_tag":[],"class_list":{"0":"post-19780","1":"product","2":"type-product","3":"status-publish","4":"has-post-thumbnail","6":"product_cat-envasado-de-alimentos","7":"product_cat-panaderia-y-pasteleria","8":"product_cat-accesorios-decorativos","9":"product_cat-carretes-bolduc-felices-fiestas","10":"product_cat-tienda-y-almacen","11":"product_cat-accesorios-decorativos-es","12":"product_cat-carretes-bolduc-es","13":"product_cat-carretes-bolduc-felices-fiestas-es","15":"first","16":"instock","17":"taxable","18":"shipping-taxable","19":"purchasable","20":"product-type-simple"},"acf":[],"yoast_head":"<!-- This site is optimized with the Yoast SEO Premium plugin v26.6 (Yoast SEO v26.6) - https:\/\/yoast.com\/wordpress\/plugins\/seo\/ -->\n<title>Bolduc carrete felices fiestas - rojo 225m x 10mm<\/title>\n<meta name=\"description\" content=\"\u00a1Compre nuestro rollo de bolduc &quot;Felices Fiestas&quot; ! Dimensiones: 225 m x 10 mm Elige una bobina bolduc roja &quot;joyeux f\u00eates\" \/>\n<meta name=\"robots\" content=\"index, follow, max-snippet:-1, max-image-preview:large, max-video-preview:-1\" \/>\n<link rel=\"canonical\" href=\"https:\/\/www.csj-emballages.com\/es\/produit\/carrete-rojo-bolduc-joyeux-fetes-225m-x-10mm\/\" \/>\n<meta property=\"og:locale\" content=\"es_ES\" \/>\n<meta property=\"og:type\" content=\"article\" \/>\n<meta property=\"og:title\" content=\"Carrete rojo bolduc &quot;joyeux f\u00eates&quot; 225m x 10mm\" \/>\n<meta property=\"og:description\" content=\"\u00a1Compre nuestro rollo de bolduc &quot;Felices Fiestas&quot; ! Dimensiones: 225 m x 10 mm Elige una bobina bolduc roja &quot;joyeux f\u00eates\" \/>\n<meta property=\"og:url\" content=\"https:\/\/www.csj-emballages.com\/es\/produit\/carrete-rojo-bolduc-joyeux-fetes-225m-x-10mm\/\" \/>\n<meta property=\"og:site_name\" content=\"CSJ Emballages\" \/>\n<meta property=\"article:publisher\" content=\"https:\/\/www.facebook.com\/csjemballages\" \/>\n<meta property=\"article:modified_time\" content=\"2026-03-12T15:13:18+00:00\" \/>\n<meta property=\"og:image\" content=\"https:\/\/www.csj-emballages.com\/wp-content\/uploads\/2024\/03\/Capture-decran-2024-04-04-a-10.16.01-e1712218653509.png\" \/>\n\t<meta property=\"og:image:width\" content=\"300\" \/>\n\t<meta property=\"og:image:height\" content=\"300\" \/>\n\t<meta property=\"og:image:type\" content=\"image\/png\" \/>\n<meta name=\"twitter:card\" content=\"summary_large_image\" \/>\n<meta name=\"twitter:label1\" content=\"Tiempo de lectura\" \/>\n\t<meta name=\"twitter:data1\" content=\"2 minutos\" \/>\n<script type=\"application\/ld+json\" class=\"yoast-schema-graph\">{\"@context\":\"https:\/\/schema.org\",\"@graph\":[{\"@type\":\"WebPage\",\"@id\":\"https:\/\/www.csj-emballages.com\/es\/produit\/carrete-rojo-bolduc-joyeux-fetes-225m-x-10mm\/\",\"url\":\"https:\/\/www.csj-emballages.com\/es\/produit\/carrete-rojo-bolduc-joyeux-fetes-225m-x-10mm\/\",\"name\":\"Bolduc carrete felices fiestas - rojo 225m x 10mm\",\"isPartOf\":{\"@id\":\"https:\/\/www.csj-emballages.com\/es\/#website\"},\"primaryImageOfPage\":{\"@id\":\"https:\/\/www.csj-emballages.com\/es\/produit\/carrete-rojo-bolduc-joyeux-fetes-225m-x-10mm\/#primaryimage\"},\"image\":{\"@id\":\"https:\/\/www.csj-emballages.com\/es\/produit\/carrete-rojo-bolduc-joyeux-fetes-225m-x-10mm\/#primaryimage\"},\"thumbnailUrl\":\"https:\/\/www.csj-emballages.com\/wp-content\/uploads\/2024\/03\/Capture-decran-2024-04-04-a-10.16.01-e1712218653509.png\",\"datePublished\":\"2024-03-01T15:57:10+00:00\",\"dateModified\":\"2026-03-12T15:13:18+00:00\",\"description\":\"\u00a1Compre nuestro rollo de bolduc \\\"Felices Fiestas\\\" ! Dimensiones: 225 m x 10 mm Elige una bobina bolduc roja \\\"joyeux f\u00eates\",\"breadcrumb\":{\"@id\":\"https:\/\/www.csj-emballages.com\/es\/produit\/carrete-rojo-bolduc-joyeux-fetes-225m-x-10mm\/#breadcrumb\"},\"inLanguage\":\"es\",\"potentialAction\":[{\"@type\":\"ReadAction\",\"target\":[\"https:\/\/www.csj-emballages.com\/es\/produit\/carrete-rojo-bolduc-joyeux-fetes-225m-x-10mm\/\"]}]},{\"@type\":\"ImageObject\",\"inLanguage\":\"es\",\"@id\":\"https:\/\/www.csj-emballages.com\/es\/produit\/carrete-rojo-bolduc-joyeux-fetes-225m-x-10mm\/#primaryimage\",\"url\":\"https:\/\/www.csj-emballages.com\/wp-content\/uploads\/2024\/03\/Capture-decran-2024-04-04-a-10.16.01-e1712218653509.png\",\"contentUrl\":\"https:\/\/www.csj-emballages.com\/wp-content\/uploads\/2024\/03\/Capture-decran-2024-04-04-a-10.16.01-e1712218653509.png\",\"width\":300,\"height\":300,\"caption\":\"bobine bolduc joyeuses f\u00eates\"},{\"@type\":\"BreadcrumbList\",\"@id\":\"https:\/\/www.csj-emballages.com\/es\/produit\/carrete-rojo-bolduc-joyeux-fetes-225m-x-10mm\/#breadcrumb\",\"itemListElement\":[{\"@type\":\"ListItem\",\"position\":1,\"name\":\"Accueil\",\"item\":\"https:\/\/www.csj-emballages.com\/es\/universo-del-envasado-alimentario\/\"},{\"@type\":\"ListItem\",\"position\":2,\"name\":\"Tienda\",\"item\":\"https:\/\/www.csj-emballages.com\/tienda\/\"},{\"@type\":\"ListItem\",\"position\":3,\"name\":\"Carrete rojo bolduc \u00ab\u00a0joyeux f\u00eates\u00a0\u00bb 225m x 10mm\"}]},{\"@type\":\"WebSite\",\"@id\":\"https:\/\/www.csj-emballages.com\/es\/#website\",\"url\":\"https:\/\/www.csj-emballages.com\/es\/\",\"name\":\"CSJ Emballages\",\"description\":\"\",\"publisher\":{\"@id\":\"https:\/\/www.csj-emballages.com\/es\/#organization\"},\"potentialAction\":[{\"@type\":\"SearchAction\",\"target\":{\"@type\":\"EntryPoint\",\"urlTemplate\":\"https:\/\/www.csj-emballages.com\/es\/?s={search_term_string}\"},\"query-input\":{\"@type\":\"PropertyValueSpecification\",\"valueRequired\":true,\"valueName\":\"search_term_string\"}}],\"inLanguage\":\"es\"},{\"@type\":\"Organization\",\"@id\":\"https:\/\/www.csj-emballages.com\/es\/#Organization\/\",\"name\":\"CSJ Emballages\",\"url\":\"https:\/\/www.csj-emballages.com\/es\/\",\"logo\":{\"@type\":\"ImageObject\",\"inLanguage\":\"es\",\"@id\":\"https:\/\/www.csj-emballages.com\/es\/#\/schema\/logo\/image\/\",\"url\":\"https:\/\/www.csj-emballages.com\/wp-content\/uploads\/2023\/10\/logo_csj.webp\",\"contentUrl\":\"https:\/\/www.csj-emballages.com\/wp-content\/uploads\/2023\/10\/logo_csj.webp\",\"width\":250,\"height\":95,\"caption\":\"CSJ Emballages\"},\"image\":{\"@id\":\"https:\/\/www.csj-emballages.com\/es\/#\/schema\/logo\/image\/\"},\"sameAs\":[\"https:\/\/www.facebook.com\/csjemballages\"],\"address\":{\"@type\":\"PostalAddress\",\"streetAddress\":\"ZI La Lechere\",\"addressLocality\":\"Patornay\",\"postalCode\":\"39130\",\"addressCountry\":\"FR\"},\"contactPoint\":[{\"@type\":\"ContactPoint\",\"contactType\":\"Service client\",\"telephone\":\"0384254272\",\"email\":\"contact@csj-emballages.com\"}]}]}<\/script>\n<!-- \/ Yoast SEO Premium plugin. -->","yoast_head_json":{"title":"Bolduc carrete felices fiestas - rojo 225m x 10mm","description":"\u00a1Compre nuestro rollo de bolduc \"Felices Fiestas\" ! Dimensiones: 225 m x 10 mm Elige una bobina bolduc roja \"joyeux f\u00eates","robots":{"index":"index","follow":"follow","max-snippet":"max-snippet:-1","max-image-preview":"max-image-preview:large","max-video-preview":"max-video-preview:-1"},"canonical":"https:\/\/www.csj-emballages.com\/es\/produit\/carrete-rojo-bolduc-joyeux-fetes-225m-x-10mm\/","og_locale":"es_ES","og_type":"article","og_title":"Carrete rojo bolduc \"joyeux f\u00eates\" 225m x 10mm","og_description":"\u00a1Compre nuestro rollo de bolduc \"Felices Fiestas\" ! Dimensiones: 225 m x 10 mm Elige una bobina bolduc roja \"joyeux f\u00eates","og_url":"https:\/\/www.csj-emballages.com\/es\/produit\/carrete-rojo-bolduc-joyeux-fetes-225m-x-10mm\/","og_site_name":"CSJ Emballages","article_publisher":"https:\/\/www.facebook.com\/csjemballages","article_modified_time":"2026-03-12T15:13:18+00:00","og_image":[{"width":300,"height":300,"url":"https:\/\/www.csj-emballages.com\/wp-content\/uploads\/2024\/03\/Capture-decran-2024-04-04-a-10.16.01-e1712218653509.png","type":"image\/png"}],"twitter_card":"summary_large_image","twitter_misc":{"Tiempo de lectura":"2 minutos"},"schema":{"@context":"https:\/\/schema.org","@graph":[{"@type":"WebPage","@id":"https:\/\/www.csj-emballages.com\/es\/produit\/carrete-rojo-bolduc-joyeux-fetes-225m-x-10mm\/","url":"https:\/\/www.csj-emballages.com\/es\/produit\/carrete-rojo-bolduc-joyeux-fetes-225m-x-10mm\/","name":"Bolduc carrete felices fiestas - rojo 225m x 10mm","isPartOf":{"@id":"https:\/\/www.csj-emballages.com\/es\/#website"},"primaryImageOfPage":{"@id":"https:\/\/www.csj-emballages.com\/es\/produit\/carrete-rojo-bolduc-joyeux-fetes-225m-x-10mm\/#primaryimage"},"image":{"@id":"https:\/\/www.csj-emballages.com\/es\/produit\/carrete-rojo-bolduc-joyeux-fetes-225m-x-10mm\/#primaryimage"},"thumbnailUrl":"https:\/\/www.csj-emballages.com\/wp-content\/uploads\/2024\/03\/Capture-decran-2024-04-04-a-10.16.01-e1712218653509.png","datePublished":"2024-03-01T15:57:10+00:00","dateModified":"2026-03-12T15:13:18+00:00","description":"\u00a1Compre nuestro rollo de bolduc \"Felices Fiestas\" ! Dimensiones: 225 m x 10 mm Elige una bobina bolduc roja \"joyeux f\u00eates","breadcrumb":{"@id":"https:\/\/www.csj-emballages.com\/es\/produit\/carrete-rojo-bolduc-joyeux-fetes-225m-x-10mm\/#breadcrumb"},"inLanguage":"es","potentialAction":[{"@type":"ReadAction","target":["https:\/\/www.csj-emballages.com\/es\/produit\/carrete-rojo-bolduc-joyeux-fetes-225m-x-10mm\/"]}]},{"@type":"ImageObject","inLanguage":"es","@id":"https:\/\/www.csj-emballages.com\/es\/produit\/carrete-rojo-bolduc-joyeux-fetes-225m-x-10mm\/#primaryimage","url":"https:\/\/www.csj-emballages.com\/wp-content\/uploads\/2024\/03\/Capture-decran-2024-04-04-a-10.16.01-e1712218653509.png","contentUrl":"https:\/\/www.csj-emballages.com\/wp-content\/uploads\/2024\/03\/Capture-decran-2024-04-04-a-10.16.01-e1712218653509.png","width":300,"height":300,"caption":"bobine bolduc joyeuses f\u00eates"},{"@type":"BreadcrumbList","@id":"https:\/\/www.csj-emballages.com\/es\/produit\/carrete-rojo-bolduc-joyeux-fetes-225m-x-10mm\/#breadcrumb","itemListElement":[{"@type":"ListItem","position":1,"name":"Accueil","item":"https:\/\/www.csj-emballages.com\/es\/universo-del-envasado-alimentario\/"},{"@type":"ListItem","position":2,"name":"Tienda","item":"https:\/\/www.csj-emballages.com\/tienda\/"},{"@type":"ListItem","position":3,"name":"Carrete rojo bolduc \u00ab\u00a0joyeux f\u00eates\u00a0\u00bb 225m x 10mm"}]},{"@type":"WebSite","@id":"https:\/\/www.csj-emballages.com\/es\/#website","url":"https:\/\/www.csj-emballages.com\/es\/","name":"CSJ Emballages","description":"","publisher":{"@id":"https:\/\/www.csj-emballages.com\/es\/#organization"},"potentialAction":[{"@type":"SearchAction","target":{"@type":"EntryPoint","urlTemplate":"https:\/\/www.csj-emballages.com\/es\/?s={search_term_string}"},"query-input":{"@type":"PropertyValueSpecification","valueRequired":true,"valueName":"search_term_string"}}],"inLanguage":"es"},{"@type":"Organization","@id":"https:\/\/www.csj-emballages.com\/es\/#Organization\/","name":"CSJ Emballages","url":"https:\/\/www.csj-emballages.com\/es\/","logo":{"@type":"ImageObject","inLanguage":"es","@id":"https:\/\/www.csj-emballages.com\/es\/#\/schema\/logo\/image\/","url":"https:\/\/www.csj-emballages.com\/wp-content\/uploads\/2023\/10\/logo_csj.webp","contentUrl":"https:\/\/www.csj-emballages.com\/wp-content\/uploads\/2023\/10\/logo_csj.webp","width":250,"height":95,"caption":"CSJ Emballages"},"image":{"@id":"https:\/\/www.csj-emballages.com\/es\/#\/schema\/logo\/image\/"},"sameAs":["https:\/\/www.facebook.com\/csjemballages"],"address":{"@type":"PostalAddress","streetAddress":"ZI La Lechere","addressLocality":"Patornay","postalCode":"39130","addressCountry":"FR"},"contactPoint":[{"@type":"ContactPoint","contactType":"Service client","telephone":"0384254272","email":"contact@csj-emballages.com"}]}]}},"df_price":8.47,"df_sale_price":"","df_regular_price":8.47,"df_image_link":"https:\/\/www.csj-emballages.com\/wp-content\/uploads\/2024\/03\/Capture-decran-2024-04-04-a-10.16.01-300x300.png","tiered_pricing_type":"fixed","tiered_pricing_fixed_rules":[],"tiered_pricing_percentage_rules":[],"tiered_pricing_minimum":1,"tiered_pricing_roles_data":[],"_links":{"self":[{"href":"https:\/\/www.csj-emballages.com\/es\/wp-json\/wp\/v2\/product\/19780","targetHints":{"allow":["GET"]}}],"collection":[{"href":"https:\/\/www.csj-emballages.com\/es\/wp-json\/wp\/v2\/product"}],"about":[{"href":"https:\/\/www.csj-emballages.com\/es\/wp-json\/wp\/v2\/types\/product"}],"wp:featuredmedia":[{"embeddable":true,"href":"https:\/\/www.csj-emballages.com\/es\/wp-json\/wp\/v2\/media\/14665"}],"wp:attachment":[{"href":"https:\/\/www.csj-emballages.com\/es\/wp-json\/wp\/v2\/media?parent=19780"}],"wp:term":[{"taxonomy":"product_brand","embeddable":true,"href":"https:\/\/www.csj-emballages.com\/es\/wp-json\/wp\/v2\/product_brand?post=19780"},{"taxonomy":"product_cat","embeddable":true,"href":"https:\/\/www.csj-emballages.com\/es\/wp-json\/wp\/v2\/product_cat?post=19780"},{"taxonomy":"product_tag","embeddable":true,"href":"https:\/\/www.csj-emballages.com\/es\/wp-json\/wp\/v2\/product_tag?post=19780"}],"curies":[{"name":"wp","href":"https:\/\/api.w.org\/{rel}","templated":true}]}}