{"id":19763,"date":"2024-03-01T16:56:16","date_gmt":"2024-03-01T15:56:16","guid":{"rendered":"https:\/\/u15jnbdpoq.preview.infomaniak.website\/produit\/bobina-bolduc-oro-miroir-de-100-m-x-7-mm\/"},"modified":"2026-03-12T16:13:40","modified_gmt":"2026-03-12T15:13:40","slug":"bobina-bolduc-oro-miroir-de-100-m-x-7-mm","status":"publish","type":"product","link":"https:\/\/www.csj-emballages.com\/es\/produit\/bobina-bolduc-oro-miroir-de-100-m-x-7-mm\/","title":{"rendered":"Bobina bolduc oro \u00abMiroir\u00bb de 100 m x 7 mm"},"content":{"rendered":"<div class=\"flex flex-grow flex-col max-w-full\">\n<div class=\"min-h-[20px] text-message flex flex-col items-start whitespace-pre-wrap break-words [.text-message+&amp;]:mt-5 juice:w-full juice:items-end overflow-x-auto gap-2\" dir=\"auto\" data-message-author-role=\"assistant\" data-message-id=\"2034782e-88f9-44ef-b4dc-07dd7bf0115f\">\n<div class=\"flex w-full flex-col gap-1 juice:empty:hidden juice:first:pt-[3px]\">\n<div class=\"markdown prose w-full break-words dark:prose-invert light\">\n<div style=\"box-sizing: inherit; font-family: Roboto, sans-serif;\">\n<div style=\"box-sizing: inherit; font-family: Roboto, sans-serif;\">\n<div style=\"box-sizing: inherit; font-family: Roboto, sans-serif;\">\n<div style=\"box-sizing: inherit; font-family: Roboto, sans-serif;\">\n<div style=\"box-sizing: inherit; font-family: Roboto, sans-serif;\">\n<div style=\"box-sizing: inherit; font-family: Roboto, sans-serif;\">\n<h2><strong style=\"font-family: Roboto, sans-serif;\">Carrete Bolduc<br \/>\n<\/strong><\/h2>\n<div style=\"box-sizing: inherit; font-family: Roboto, sans-serif;\">\n<div style=\"box-sizing: inherit; font-family: Roboto, sans-serif;\">\n<div style=\"box-sizing: inherit; font-family: Roboto, sans-serif;\">\n<div style=\"text-align: center;\">\n<div style=\"box-sizing: inherit; font-family: Roboto, sans-serif;\">\n<div style=\"box-sizing: inherit; font-family: Roboto, sans-serif;\">\n<div style=\"box-sizing: inherit; font-family: Roboto, sans-serif;\">\n<div style=\"box-sizing: inherit; font-family: Roboto, sans-serif;\">\n<div style=\"box-sizing: inherit; font-family: Roboto, sans-serif;\">\n<div style=\"box-sizing: inherit; font-family: Roboto, sans-serif; text-align: left;\">\n<hr>\n<h3 style=\"text-align: left;\">Descripci\u00f3n de la bobina bolduc de oro \u00abMiroir\u00bb de 100 m x 7 mm<!--more--><\/h3>\n<p>A\u00f1ada un toque de elegancia a su envoltorio con nuestro <strong>rollo de bolduc oro espejo<\/strong>. Esta cinta brillante es el accesorio perfecto para realzar sus envoltorios de regalo, creando un efecto visual instant\u00e1neo. F\u00e1cil de usar, le permite atar o decorar sus creaciones en un gesto r\u00e1pido y sencillo.  <\/p>\n<p>Con sus <strong>100 metros de longitud<\/strong>, ofrece una gran flexibilidad para diferentes tipos de proyectos, desde peque\u00f1os envases hasta grandes cajas. Su <strong>cautivador efecto espejo<\/strong> refleja la luz, a\u00f1adiendo una dimensi\u00f3n deslumbrante a sus envases. Gracias a su <strong>anchura de 7 mm<\/strong>, este <strong>bolduc<\/strong> <strong>oro<\/strong> es ideal para crear refinados lazos y voluminosos mo\u00f1os, realzando el aspecto de sus regalos.  <\/p>\n<p>Perfecto para ocasiones especiales como cumplea\u00f1os, bodas o celebraciones de fin de a\u00f1o, este <strong>bolduc<\/strong> se puede incorporar f\u00e1cilmente a todo tipo de decoraciones. Adem\u00e1s, se enrolla perfectamente y no se rompe con facilidad, lo que garantiza siempre un resultado impecable. <\/p>\n<p>Vers\u00e1til y resistente, puede utilizarse tanto para fines profesionales como personales. Y gracias a su larga duraci\u00f3n, garantiza una presentaci\u00f3n cuidada hasta el \u00faltimo cent\u00edmetro. D\u00e9 a sus regalos y embalajes un <strong>toque de lujo<\/strong> sin esfuerzo. La transici\u00f3n perfecta hacia una presentaci\u00f3n pulcra, esta cinta da a sus creaciones un acabado impecable.   <\/p>\n<p>&nbsp;<\/p>\n<\/div>\n<\/div>\n<\/div>\n<\/div>\n<\/div>\n<\/div>\n<\/div>\n<\/div>\n<\/div>\n<\/div>\n<\/div>\n<\/div>\n<\/div>\n<\/div>\n<\/div>\n<\/div>\n<\/div>\n<\/div>\n<\/div>\n<\/div>\n<div class=\"flex flex-grow flex-col max-w-full\">\n<div class=\"min-h-[20px] text-message flex flex-col items-start whitespace-pre-wrap break-words [.text-message+&amp;]:mt-5 juice:w-full juice:items-end overflow-x-auto gap-2\" dir=\"auto\" data-message-author-role=\"assistant\" data-message-id=\"2034782e-88f9-44ef-b4dc-07dd7bf0115f\">\n<div class=\"flex w-full flex-col gap-1 juice:empty:hidden juice:first:pt-[3px]\">\n<div class=\"markdown prose w-full break-words dark:prose-invert light\">\n<div style=\"box-sizing: inherit; font-family: Roboto, sans-serif;\">\n<div style=\"box-sizing: inherit; font-family: Roboto, sans-serif;\">\n<div style=\"box-sizing: inherit; font-family: Roboto, sans-serif;\">\n<div style=\"box-sizing: inherit; font-family: Roboto, sans-serif;\">\n<div style=\"box-sizing: inherit; font-family: Roboto, sans-serif;\">\n<div style=\"box-sizing: inherit; font-family: Roboto, sans-serif;\">\n<p><!--more--><\/p>\n<h4 style=\"text-align: left;\"><strong>Ventajas de nuestra bobina de bolduc oro \u00abEspejo\u00bb de 100m x 7mm :<\/strong><\/h4>\n<ul style=\"text-align: left;\">\n<li><strong>Elegante efecto espejo<\/strong>: A\u00f1ade un brillo resplandeciente a sus envases.<\/li>\n<li><strong>Gran longitud<\/strong>: 100 metros disponibles para un uso prolongado.<\/li>\n<li><strong>Resistente<\/strong>: No se desgarra f\u00e1cilmente, incluso con un uso intensivo.<\/li>\n<li><strong>Vers\u00e1til<\/strong>: ideal para regalos, decoraci\u00f3n y eventos especiales.<\/li>\n<li><strong>Ancho perfecto<\/strong>: 7 mm para crear rizos elegantes o mo\u00f1os voluminosos.<\/li>\n<\/ul>\n<\/div>\n<\/div>\n<\/div>\n<\/div>\n<\/div>\n<\/div>\n<\/div>\n<\/div>\n<\/div>\n<\/div>\n<p>&nbsp;<\/p>\n<p style=\"text-align: left;\"><!--more--><\/p>\n<p><a href=\"https:\/\/www.csj-emballages.com\/es\/categorie-produit\/envasado-de-alimentos\/panaderia-y-pasteleria\/accesorios-y-equipamiento\/accesorios-decorativos\/carretes-bolduc\/bobinas-bolduc-espejo\/\">Ver el resto de nuestra gama de bobinas bolduc &#8216;Mirror<\/a><\/p>\n","protected":false},"excerpt":{"rendered":"<p>Carrete Bolduc Descripci\u00f3n de la bobina bolduc de oro \u00abMiroir\u00bb de 100 m x 7 mm<\/p>\n","protected":false},"featured_media":14561,"template":"","meta":{"_acf_changed":false},"product_brand":[],"product_cat":[1150,1145,1791,2119,1488,1799,2127,2132],"product_tag":[],"class_list":{"0":"post-19763","1":"product","2":"type-product","3":"status-publish","4":"has-post-thumbnail","6":"product_cat-envasado-de-alimentos","7":"product_cat-panaderia-y-pasteleria","8":"product_cat-accesorios-decorativos","9":"product_cat-bobinas-bolduc-espejo","10":"product_cat-tienda-y-almacen","11":"product_cat-accesorios-decorativos-es","12":"product_cat-carretes-bolduc-es","13":"product_cat-bobinas-bolduc-espejo-es","15":"first","16":"instock","17":"taxable","18":"shipping-taxable","19":"purchasable","20":"product-type-simple"},"acf":[],"yoast_head":"<!-- This site is optimized with the Yoast SEO Premium plugin v26.6 (Yoast SEO v26.6) - https:\/\/yoast.com\/wordpress\/plugins\/seo\/ -->\n<title>Bobina Bolduc de oro - &quot;Miroir&quot; 100m x 7mm<\/title>\n<meta name=\"description\" content=\"A\u00f1ada un toque de elegancia a su embalaje con la bobina Bolduc dorada &quot;Espejo&quot; de 100 m x 7 mm. \u00a1Brillo y resistencia para un acabado pulido!\" \/>\n<meta name=\"robots\" content=\"index, follow, max-snippet:-1, max-image-preview:large, max-video-preview:-1\" \/>\n<link rel=\"canonical\" href=\"https:\/\/www.csj-emballages.com\/es\/produit\/bobina-bolduc-oro-miroir-de-100-m-x-7-mm\/\" \/>\n<meta property=\"og:locale\" content=\"es_ES\" \/>\n<meta property=\"og:type\" content=\"article\" \/>\n<meta property=\"og:title\" content=\"Bobina bolduc oro &quot;Miroir&quot; de 100 m x 7 mm\" \/>\n<meta property=\"og:description\" content=\"A\u00f1ada un toque de elegancia a su embalaje con la bobina Bolduc dorada &quot;Espejo&quot; de 100 m x 7 mm. \u00a1Brillo y resistencia para un acabado pulido!\" \/>\n<meta property=\"og:url\" content=\"https:\/\/www.csj-emballages.com\/es\/produit\/bobina-bolduc-oro-miroir-de-100-m-x-7-mm\/\" \/>\n<meta property=\"og:site_name\" content=\"CSJ Emballages\" \/>\n<meta property=\"article:publisher\" content=\"https:\/\/www.facebook.com\/csjemballages\" \/>\n<meta property=\"article:modified_time\" content=\"2026-03-12T15:13:40+00:00\" \/>\n<meta property=\"og:image\" content=\"https:\/\/www.csj-emballages.com\/wp-content\/uploads\/2024\/03\/Capture-decran-2024-04-03-a-16.55.09-e1712156130660.png\" \/>\n\t<meta property=\"og:image:width\" content=\"300\" \/>\n\t<meta property=\"og:image:height\" content=\"300\" \/>\n\t<meta property=\"og:image:type\" content=\"image\/png\" \/>\n<meta name=\"twitter:card\" content=\"summary_large_image\" \/>\n<meta name=\"twitter:label1\" content=\"Tiempo de lectura\" \/>\n\t<meta name=\"twitter:data1\" content=\"2 minutos\" \/>\n<script type=\"application\/ld+json\" class=\"yoast-schema-graph\">{\"@context\":\"https:\/\/schema.org\",\"@graph\":[{\"@type\":\"WebPage\",\"@id\":\"https:\/\/www.csj-emballages.com\/es\/produit\/bobina-bolduc-oro-miroir-de-100-m-x-7-mm\/\",\"url\":\"https:\/\/www.csj-emballages.com\/es\/produit\/bobina-bolduc-oro-miroir-de-100-m-x-7-mm\/\",\"name\":\"Bobina Bolduc de oro - \\\"Miroir\\\" 100m x 7mm\",\"isPartOf\":{\"@id\":\"https:\/\/www.csj-emballages.com\/es\/#website\"},\"primaryImageOfPage\":{\"@id\":\"https:\/\/www.csj-emballages.com\/es\/produit\/bobina-bolduc-oro-miroir-de-100-m-x-7-mm\/#primaryimage\"},\"image\":{\"@id\":\"https:\/\/www.csj-emballages.com\/es\/produit\/bobina-bolduc-oro-miroir-de-100-m-x-7-mm\/#primaryimage\"},\"thumbnailUrl\":\"https:\/\/www.csj-emballages.com\/wp-content\/uploads\/2024\/03\/Capture-decran-2024-04-03-a-16.55.09-e1712156130660.png\",\"datePublished\":\"2024-03-01T15:56:16+00:00\",\"dateModified\":\"2026-03-12T15:13:40+00:00\",\"description\":\"A\u00f1ada un toque de elegancia a su embalaje con la bobina Bolduc dorada \\\"Espejo\\\" de 100 m x 7 mm. \u00a1Brillo y resistencia para un acabado pulido!\",\"breadcrumb\":{\"@id\":\"https:\/\/www.csj-emballages.com\/es\/produit\/bobina-bolduc-oro-miroir-de-100-m-x-7-mm\/#breadcrumb\"},\"inLanguage\":\"es\",\"potentialAction\":[{\"@type\":\"ReadAction\",\"target\":[\"https:\/\/www.csj-emballages.com\/es\/produit\/bobina-bolduc-oro-miroir-de-100-m-x-7-mm\/\"]}]},{\"@type\":\"ImageObject\",\"inLanguage\":\"es\",\"@id\":\"https:\/\/www.csj-emballages.com\/es\/produit\/bobina-bolduc-oro-miroir-de-100-m-x-7-mm\/#primaryimage\",\"url\":\"https:\/\/www.csj-emballages.com\/wp-content\/uploads\/2024\/03\/Capture-decran-2024-04-03-a-16.55.09-e1712156130660.png\",\"contentUrl\":\"https:\/\/www.csj-emballages.com\/wp-content\/uploads\/2024\/03\/Capture-decran-2024-04-03-a-16.55.09-e1712156130660.png\",\"width\":300,\"height\":300,\"caption\":\"bobine bolduc or\"},{\"@type\":\"BreadcrumbList\",\"@id\":\"https:\/\/www.csj-emballages.com\/es\/produit\/bobina-bolduc-oro-miroir-de-100-m-x-7-mm\/#breadcrumb\",\"itemListElement\":[{\"@type\":\"ListItem\",\"position\":1,\"name\":\"Accueil\",\"item\":\"https:\/\/www.csj-emballages.com\/es\/universo-del-envasado-alimentario\/\"},{\"@type\":\"ListItem\",\"position\":2,\"name\":\"Tienda\",\"item\":\"https:\/\/www.csj-emballages.com\/tienda\/\"},{\"@type\":\"ListItem\",\"position\":3,\"name\":\"Bobina bolduc oro \u00ab\u00a0Miroir\u00a0\u00bb de 100 m x 7 mm\"}]},{\"@type\":\"WebSite\",\"@id\":\"https:\/\/www.csj-emballages.com\/es\/#website\",\"url\":\"https:\/\/www.csj-emballages.com\/es\/\",\"name\":\"CSJ Emballages\",\"description\":\"\",\"publisher\":{\"@id\":\"https:\/\/www.csj-emballages.com\/es\/#organization\"},\"potentialAction\":[{\"@type\":\"SearchAction\",\"target\":{\"@type\":\"EntryPoint\",\"urlTemplate\":\"https:\/\/www.csj-emballages.com\/es\/?s={search_term_string}\"},\"query-input\":{\"@type\":\"PropertyValueSpecification\",\"valueRequired\":true,\"valueName\":\"search_term_string\"}}],\"inLanguage\":\"es\"},{\"@type\":\"Organization\",\"@id\":\"https:\/\/www.csj-emballages.com\/es\/#Organization\/\",\"name\":\"CSJ Emballages\",\"url\":\"https:\/\/www.csj-emballages.com\/es\/\",\"logo\":{\"@type\":\"ImageObject\",\"inLanguage\":\"es\",\"@id\":\"https:\/\/www.csj-emballages.com\/es\/#\/schema\/logo\/image\/\",\"url\":\"https:\/\/www.csj-emballages.com\/wp-content\/uploads\/2023\/10\/logo_csj.webp\",\"contentUrl\":\"https:\/\/www.csj-emballages.com\/wp-content\/uploads\/2023\/10\/logo_csj.webp\",\"width\":250,\"height\":95,\"caption\":\"CSJ Emballages\"},\"image\":{\"@id\":\"https:\/\/www.csj-emballages.com\/es\/#\/schema\/logo\/image\/\"},\"sameAs\":[\"https:\/\/www.facebook.com\/csjemballages\"],\"address\":{\"@type\":\"PostalAddress\",\"streetAddress\":\"ZI La Lechere\",\"addressLocality\":\"Patornay\",\"postalCode\":\"39130\",\"addressCountry\":\"FR\"},\"contactPoint\":[{\"@type\":\"ContactPoint\",\"contactType\":\"Service client\",\"telephone\":\"0384254272\",\"email\":\"contact@csj-emballages.com\"}]}]}<\/script>\n<!-- \/ Yoast SEO Premium plugin. -->","yoast_head_json":{"title":"Bobina Bolduc de oro - \"Miroir\" 100m x 7mm","description":"A\u00f1ada un toque de elegancia a su embalaje con la bobina Bolduc dorada \"Espejo\" de 100 m x 7 mm. \u00a1Brillo y resistencia para un acabado pulido!","robots":{"index":"index","follow":"follow","max-snippet":"max-snippet:-1","max-image-preview":"max-image-preview:large","max-video-preview":"max-video-preview:-1"},"canonical":"https:\/\/www.csj-emballages.com\/es\/produit\/bobina-bolduc-oro-miroir-de-100-m-x-7-mm\/","og_locale":"es_ES","og_type":"article","og_title":"Bobina bolduc oro \"Miroir\" de 100 m x 7 mm","og_description":"A\u00f1ada un toque de elegancia a su embalaje con la bobina Bolduc dorada \"Espejo\" de 100 m x 7 mm. \u00a1Brillo y resistencia para un acabado pulido!","og_url":"https:\/\/www.csj-emballages.com\/es\/produit\/bobina-bolduc-oro-miroir-de-100-m-x-7-mm\/","og_site_name":"CSJ Emballages","article_publisher":"https:\/\/www.facebook.com\/csjemballages","article_modified_time":"2026-03-12T15:13:40+00:00","og_image":[{"width":300,"height":300,"url":"https:\/\/www.csj-emballages.com\/wp-content\/uploads\/2024\/03\/Capture-decran-2024-04-03-a-16.55.09-e1712156130660.png","type":"image\/png"}],"twitter_card":"summary_large_image","twitter_misc":{"Tiempo de lectura":"2 minutos"},"schema":{"@context":"https:\/\/schema.org","@graph":[{"@type":"WebPage","@id":"https:\/\/www.csj-emballages.com\/es\/produit\/bobina-bolduc-oro-miroir-de-100-m-x-7-mm\/","url":"https:\/\/www.csj-emballages.com\/es\/produit\/bobina-bolduc-oro-miroir-de-100-m-x-7-mm\/","name":"Bobina Bolduc de oro - \"Miroir\" 100m x 7mm","isPartOf":{"@id":"https:\/\/www.csj-emballages.com\/es\/#website"},"primaryImageOfPage":{"@id":"https:\/\/www.csj-emballages.com\/es\/produit\/bobina-bolduc-oro-miroir-de-100-m-x-7-mm\/#primaryimage"},"image":{"@id":"https:\/\/www.csj-emballages.com\/es\/produit\/bobina-bolduc-oro-miroir-de-100-m-x-7-mm\/#primaryimage"},"thumbnailUrl":"https:\/\/www.csj-emballages.com\/wp-content\/uploads\/2024\/03\/Capture-decran-2024-04-03-a-16.55.09-e1712156130660.png","datePublished":"2024-03-01T15:56:16+00:00","dateModified":"2026-03-12T15:13:40+00:00","description":"A\u00f1ada un toque de elegancia a su embalaje con la bobina Bolduc dorada \"Espejo\" de 100 m x 7 mm. \u00a1Brillo y resistencia para un acabado pulido!","breadcrumb":{"@id":"https:\/\/www.csj-emballages.com\/es\/produit\/bobina-bolduc-oro-miroir-de-100-m-x-7-mm\/#breadcrumb"},"inLanguage":"es","potentialAction":[{"@type":"ReadAction","target":["https:\/\/www.csj-emballages.com\/es\/produit\/bobina-bolduc-oro-miroir-de-100-m-x-7-mm\/"]}]},{"@type":"ImageObject","inLanguage":"es","@id":"https:\/\/www.csj-emballages.com\/es\/produit\/bobina-bolduc-oro-miroir-de-100-m-x-7-mm\/#primaryimage","url":"https:\/\/www.csj-emballages.com\/wp-content\/uploads\/2024\/03\/Capture-decran-2024-04-03-a-16.55.09-e1712156130660.png","contentUrl":"https:\/\/www.csj-emballages.com\/wp-content\/uploads\/2024\/03\/Capture-decran-2024-04-03-a-16.55.09-e1712156130660.png","width":300,"height":300,"caption":"bobine bolduc or"},{"@type":"BreadcrumbList","@id":"https:\/\/www.csj-emballages.com\/es\/produit\/bobina-bolduc-oro-miroir-de-100-m-x-7-mm\/#breadcrumb","itemListElement":[{"@type":"ListItem","position":1,"name":"Accueil","item":"https:\/\/www.csj-emballages.com\/es\/universo-del-envasado-alimentario\/"},{"@type":"ListItem","position":2,"name":"Tienda","item":"https:\/\/www.csj-emballages.com\/tienda\/"},{"@type":"ListItem","position":3,"name":"Bobina bolduc oro \u00ab\u00a0Miroir\u00a0\u00bb de 100 m x 7 mm"}]},{"@type":"WebSite","@id":"https:\/\/www.csj-emballages.com\/es\/#website","url":"https:\/\/www.csj-emballages.com\/es\/","name":"CSJ Emballages","description":"","publisher":{"@id":"https:\/\/www.csj-emballages.com\/es\/#organization"},"potentialAction":[{"@type":"SearchAction","target":{"@type":"EntryPoint","urlTemplate":"https:\/\/www.csj-emballages.com\/es\/?s={search_term_string}"},"query-input":{"@type":"PropertyValueSpecification","valueRequired":true,"valueName":"search_term_string"}}],"inLanguage":"es"},{"@type":"Organization","@id":"https:\/\/www.csj-emballages.com\/es\/#Organization\/","name":"CSJ Emballages","url":"https:\/\/www.csj-emballages.com\/es\/","logo":{"@type":"ImageObject","inLanguage":"es","@id":"https:\/\/www.csj-emballages.com\/es\/#\/schema\/logo\/image\/","url":"https:\/\/www.csj-emballages.com\/wp-content\/uploads\/2023\/10\/logo_csj.webp","contentUrl":"https:\/\/www.csj-emballages.com\/wp-content\/uploads\/2023\/10\/logo_csj.webp","width":250,"height":95,"caption":"CSJ Emballages"},"image":{"@id":"https:\/\/www.csj-emballages.com\/es\/#\/schema\/logo\/image\/"},"sameAs":["https:\/\/www.facebook.com\/csjemballages"],"address":{"@type":"PostalAddress","streetAddress":"ZI La Lechere","addressLocality":"Patornay","postalCode":"39130","addressCountry":"FR"},"contactPoint":[{"@type":"ContactPoint","contactType":"Service client","telephone":"0384254272","email":"contact@csj-emballages.com"}]}]}},"df_price":3.88,"df_sale_price":"","df_regular_price":3.88,"df_image_link":"https:\/\/www.csj-emballages.com\/wp-content\/uploads\/2024\/03\/Capture-decran-2024-04-03-a-16.55.09-300x300.png","tiered_pricing_type":"fixed","tiered_pricing_fixed_rules":[],"tiered_pricing_percentage_rules":[],"tiered_pricing_minimum":1,"tiered_pricing_roles_data":[],"_links":{"self":[{"href":"https:\/\/www.csj-emballages.com\/es\/wp-json\/wp\/v2\/product\/19763","targetHints":{"allow":["GET"]}}],"collection":[{"href":"https:\/\/www.csj-emballages.com\/es\/wp-json\/wp\/v2\/product"}],"about":[{"href":"https:\/\/www.csj-emballages.com\/es\/wp-json\/wp\/v2\/types\/product"}],"wp:featuredmedia":[{"embeddable":true,"href":"https:\/\/www.csj-emballages.com\/es\/wp-json\/wp\/v2\/media\/14561"}],"wp:attachment":[{"href":"https:\/\/www.csj-emballages.com\/es\/wp-json\/wp\/v2\/media?parent=19763"}],"wp:term":[{"taxonomy":"product_brand","embeddable":true,"href":"https:\/\/www.csj-emballages.com\/es\/wp-json\/wp\/v2\/product_brand?post=19763"},{"taxonomy":"product_cat","embeddable":true,"href":"https:\/\/www.csj-emballages.com\/es\/wp-json\/wp\/v2\/product_cat?post=19763"},{"taxonomy":"product_tag","embeddable":true,"href":"https:\/\/www.csj-emballages.com\/es\/wp-json\/wp\/v2\/product_tag?post=19763"}],"curies":[{"name":"wp","href":"https:\/\/api.w.org\/{rel}","templated":true}]}}