{"id":19761,"date":"2024-03-01T16:56:16","date_gmt":"2024-03-01T15:56:16","guid":{"rendered":"https:\/\/u15jnbdpoq.preview.infomaniak.website\/produit\/bobina-bolduc-o-lido-100m-x-10mm\/"},"modified":"2026-03-12T16:13:30","modified_gmt":"2026-03-12T15:13:30","slug":"bobina-bolduc-o-lido-100m-x-10mm","status":"publish","type":"product","link":"https:\/\/www.csj-emballages.com\/es\/produit\/bobina-bolduc-o-lido-100m-x-10mm\/","title":{"rendered":"Bolduc oro brillante \u00ablido\u00bb 100m x 10mm"},"content":{"rendered":"<h2>Bolduc oro<\/h2>\n<hr>\n<h3>Descripci\u00f3n de nuestro bolduc \u00ablido\u00bb oro brillante 100m x 10mm<\/h3>\n<p><!--more--><\/p>\n<p data-start=\"0\" data-end=\"463\">A\u00f1ada un toque de elegancia a todos sus envoltorios con <strong data-start=\"98\" data-end=\"145\">la cinta dorada brillante \u00abLido\u00bb de 100 m x 10 mm<\/strong>. Esta <strong>cinta dorada<\/strong> brillante es el aliado perfecto para realzar sus creaciones, ya sea para envolver regalos, decorar fiestas o realizar presentaciones profesionales. Su <strong data-start=\"328\" data-end=\"356\">intenso color dorado<\/strong> capta la luz y atrae las miradas al instante, a\u00f1adiendo un toque de elegancia a cada dise\u00f1o.  <\/p>\n<p data-start=\"465\" data-end=\"854\">Con una <strong data-start=\"474\" data-end=\"494\">anchura de 10 mm<\/strong> y <strong data-start=\"502\" data-end=\"533\">una generosa longitud de 100 m<\/strong>, esta <strong>cinta de purpurina dorada<\/strong> le ofrece una gran libertad de uso. Podr\u00e1 envolver muchos paquetes sin preocuparse de quedarse sin material. Adem\u00e1s, su textura suave y resistente facilita su manipulaci\u00f3n: se puede atar, anudar o rizar con un simple movimiento, garantizando acabados impecables en un abrir y cerrar de ojos.  <\/p>\n<p data-start=\"856\" data-end=\"1182\">Ideal para <strong data-start=\"871\" data-end=\"886\">minoristas<\/strong>, <strong data-start=\"892\" data-end=\"905\">empresas de catering<\/strong> u <strong data-start=\"913\" data-end=\"939\">organizadores de eventos<\/strong>, el <strong>bolduc \u00abLido\u00bb dorado<\/strong> brillante es adecuado para todas las ocasiones. Ya sea para una boda, Navidad, aniversario o inauguraci\u00f3n, ofrece un acabado profesional que realza sus productos y muestra su experiencia. <\/p>\n<p data-start=\"1184\" data-end=\"1559\">Adem\u00e1s, esta <strong>cinta<\/strong> decorativa <strong>dorada<\/strong> brillante combina f\u00e1cilmente con otros colores: comb\u00ednala con blanco, negro o morado para conseguir un contraste moderno y elegante. Puede utilizarla para cerrar bolsas, envolver cajas o hacer adornos colgantes. Su <strong data-start=\"1453\" data-end=\"1473\">brillo met\u00e1lico<\/strong> refleja la luz para un efecto glamuroso garantizado, sin dejar de ser sobrio y refinado.  <\/p>\n<p data-start=\"1561\" data-end=\"1790\">Al elegir <strong>el bolduc dorado brillante \u00abLido<\/strong>\u00ab, estar\u00e1 optando por un producto pr\u00e1ctico, duradero y elegante. Es imprescindible para un envase llamativo que har\u00e1 brillar sus creaciones. <\/p>\n<p>&nbsp;<\/p>\n<p><!--more--><\/p>\n<h4><strong>Ventajas :<\/strong><\/h4>\n<ul>\n<li>Un llamativo <strong data-start=\"2020\" data-end=\"2037\">brillo dorado<\/strong> para iluminar sus creaciones.<\/li>\n<li><strong data-start=\"2089\" data-end=\"2117\">Longitud de 100 m<\/strong> para una amplia gama de embalajes.<\/li>\n<li><strong data-start=\"2150\" data-end=\"2179\">Pr\u00e1ctico ancho de 10 mm<\/strong>, f\u00e1cil de atar o rizar.<\/li>\n<li>Textura <strong data-start=\"2218\" data-end=\"2242\">suave y resistente<\/strong>, f\u00e1cil de manejar.<\/li>\n<li>Ideal para <strong data-start=\"2278\" data-end=\"2344\">envolver regalos, eventos y decoraciones profesionales.<\/strong><\/li>\n<\/ul>\n<p>&nbsp;<\/p>\n<p><!--more--><\/p>\n<h4>Informaci\u00f3n adicional :<\/h4>\n<ul>\n<li><strong>Embalaje<\/strong>: Por unidad<\/li>\n<li><strong>Dimensiones<\/strong>: 100 m x 10 mm<\/li>\n<li><strong>Color<\/strong>: Dorado \/ Brillante<\/li>\n<\/ul>\n<p>&nbsp;<\/p>\n<p><!--more--><\/p>\n<p>Este producto est\u00e1 disponible en varios colores: <span style=\"color: #d12727;\"><a style=\"color: #d12727;\" href=\"https:\/\/www.csj-emballages.com\/es\/produit\/bolduc-carrete-violeta-lido-100m-x-10mm\/\">Morado<\/a><\/span> \/ <span style=\"color: #d12727;\"><a style=\"color: #d12727;\" href=\"https:\/\/www.csj-emballages.com\/es\/produit\/bolduc-carrete-negro-lido-100m-x-10mm\/\">Negro<\/a><\/span> \/ <span style=\"color: #d12727;\"><a style=\"color: #d12727;\" href=\"https:\/\/www.csj-emballages.com\/es\/produit\/bobina-bolduc-plata-lido-100m-x-10mm\/\">Plata<\/a><\/span><\/p>\n<p>&nbsp;<\/p>\n<p><!--more--><\/p>\n<p><a href=\"\/?product_cat=bobines-bolduc-lido-bopulangerie-patisserie\">Ver el resto de nuestra gama de bolducs \u00abLido<\/a><\/p>\n","protected":false},"excerpt":{"rendered":"<p>Bolduc oro Descripci\u00f3n de nuestro bolduc \u00ablido\u00bb oro brillante 100m x 10mm<\/p>\n","protected":false},"featured_media":244011,"template":"","meta":{"_acf_changed":false},"product_brand":[],"product_cat":[1150,1145,1791,2217,1488,1799,2127,2218],"product_tag":[],"class_list":{"0":"post-19761","1":"product","2":"type-product","3":"status-publish","4":"has-post-thumbnail","6":"product_cat-envasado-de-alimentos","7":"product_cat-panaderia-y-pasteleria","8":"product_cat-accesorios-decorativos","9":"product_cat-carretes-bolduc-lido","10":"product_cat-tienda-y-almacen","11":"product_cat-accesorios-decorativos-es","12":"product_cat-carretes-bolduc-es","13":"product_cat-carretes-bolduc-lido-es","15":"first","16":"instock","17":"taxable","18":"shipping-taxable","19":"purchasable","20":"product-type-simple"},"acf":[],"yoast_head":"<!-- This site is optimized with the Yoast SEO Premium plugin v26.6 (Yoast SEO v26.6) - https:\/\/yoast.com\/wordpress\/plugins\/seo\/ -->\n<title>Bolduc Oro Brillante &quot;lido&quot; 100m x 10mm<\/title>\n<meta name=\"description\" content=\"Realce sus envases con el bolduc &quot;Lido&quot; oro brillante 100 m x 10 mm: una cinta brillante, flexible y elegante para todas sus decoraciones.\" \/>\n<meta name=\"robots\" content=\"index, follow, max-snippet:-1, max-image-preview:large, max-video-preview:-1\" \/>\n<link rel=\"canonical\" href=\"https:\/\/www.csj-emballages.com\/es\/produit\/bobina-bolduc-o-lido-100m-x-10mm\/\" \/>\n<meta property=\"og:locale\" content=\"es_ES\" \/>\n<meta property=\"og:type\" content=\"article\" \/>\n<meta property=\"og:title\" content=\"Bolduc oro brillante &quot;lido&quot; 100m x 10mm\" \/>\n<meta property=\"og:description\" content=\"Realce sus envases con el bolduc &quot;Lido&quot; oro brillante 100 m x 10 mm: una cinta brillante, flexible y elegante para todas sus decoraciones.\" \/>\n<meta property=\"og:url\" content=\"https:\/\/www.csj-emballages.com\/es\/produit\/bobina-bolduc-o-lido-100m-x-10mm\/\" \/>\n<meta property=\"og:site_name\" content=\"CSJ Emballages\" \/>\n<meta property=\"article:publisher\" content=\"https:\/\/www.facebook.com\/csjemballages\" \/>\n<meta property=\"article:modified_time\" content=\"2026-03-12T15:13:30+00:00\" \/>\n<meta property=\"og:image\" content=\"https:\/\/www.csj-emballages.com\/wp-content\/uploads\/2024\/03\/BOBLIDO602.webp\" \/>\n\t<meta property=\"og:image:width\" content=\"800\" \/>\n\t<meta property=\"og:image:height\" content=\"800\" \/>\n\t<meta property=\"og:image:type\" content=\"image\/webp\" \/>\n<meta name=\"twitter:card\" content=\"summary_large_image\" \/>\n<meta name=\"twitter:label1\" content=\"Tiempo de lectura\" \/>\n\t<meta name=\"twitter:data1\" content=\"2 minutos\" \/>\n<script type=\"application\/ld+json\" class=\"yoast-schema-graph\">{\"@context\":\"https:\/\/schema.org\",\"@graph\":[{\"@type\":\"WebPage\",\"@id\":\"https:\/\/www.csj-emballages.com\/es\/produit\/bobina-bolduc-o-lido-100m-x-10mm\/\",\"url\":\"https:\/\/www.csj-emballages.com\/es\/produit\/bobina-bolduc-o-lido-100m-x-10mm\/\",\"name\":\"Bolduc Oro Brillante \\\"lido\\\" 100m x 10mm\",\"isPartOf\":{\"@id\":\"https:\/\/www.csj-emballages.com\/es\/#website\"},\"primaryImageOfPage\":{\"@id\":\"https:\/\/www.csj-emballages.com\/es\/produit\/bobina-bolduc-o-lido-100m-x-10mm\/#primaryimage\"},\"image\":{\"@id\":\"https:\/\/www.csj-emballages.com\/es\/produit\/bobina-bolduc-o-lido-100m-x-10mm\/#primaryimage\"},\"thumbnailUrl\":\"https:\/\/www.csj-emballages.com\/wp-content\/uploads\/2024\/03\/BOBLIDO602.webp\",\"datePublished\":\"2024-03-01T15:56:16+00:00\",\"dateModified\":\"2026-03-12T15:13:30+00:00\",\"description\":\"Realce sus envases con el bolduc \\\"Lido\\\" oro brillante 100 m x 10 mm: una cinta brillante, flexible y elegante para todas sus decoraciones.\",\"breadcrumb\":{\"@id\":\"https:\/\/www.csj-emballages.com\/es\/produit\/bobina-bolduc-o-lido-100m-x-10mm\/#breadcrumb\"},\"inLanguage\":\"es\",\"potentialAction\":[{\"@type\":\"ReadAction\",\"target\":[\"https:\/\/www.csj-emballages.com\/es\/produit\/bobina-bolduc-o-lido-100m-x-10mm\/\"]}]},{\"@type\":\"ImageObject\",\"inLanguage\":\"es\",\"@id\":\"https:\/\/www.csj-emballages.com\/es\/produit\/bobina-bolduc-o-lido-100m-x-10mm\/#primaryimage\",\"url\":\"https:\/\/www.csj-emballages.com\/wp-content\/uploads\/2024\/03\/BOBLIDO602.webp\",\"contentUrl\":\"https:\/\/www.csj-emballages.com\/wp-content\/uploads\/2024\/03\/BOBLIDO602.webp\",\"width\":800,\"height\":800,\"caption\":\"Bolduc or\"},{\"@type\":\"BreadcrumbList\",\"@id\":\"https:\/\/www.csj-emballages.com\/es\/produit\/bobina-bolduc-o-lido-100m-x-10mm\/#breadcrumb\",\"itemListElement\":[{\"@type\":\"ListItem\",\"position\":1,\"name\":\"Accueil\",\"item\":\"https:\/\/www.csj-emballages.com\/es\/universo-del-envasado-alimentario\/\"},{\"@type\":\"ListItem\",\"position\":2,\"name\":\"Tienda\",\"item\":\"https:\/\/www.csj-emballages.com\/tienda\/\"},{\"@type\":\"ListItem\",\"position\":3,\"name\":\"Bolduc oro brillante \u00ab\u00a0lido\u00a0\u00bb 100m x 10mm\"}]},{\"@type\":\"WebSite\",\"@id\":\"https:\/\/www.csj-emballages.com\/es\/#website\",\"url\":\"https:\/\/www.csj-emballages.com\/es\/\",\"name\":\"CSJ Emballages\",\"description\":\"\",\"publisher\":{\"@id\":\"https:\/\/www.csj-emballages.com\/es\/#organization\"},\"potentialAction\":[{\"@type\":\"SearchAction\",\"target\":{\"@type\":\"EntryPoint\",\"urlTemplate\":\"https:\/\/www.csj-emballages.com\/es\/?s={search_term_string}\"},\"query-input\":{\"@type\":\"PropertyValueSpecification\",\"valueRequired\":true,\"valueName\":\"search_term_string\"}}],\"inLanguage\":\"es\"},{\"@type\":\"Organization\",\"@id\":\"https:\/\/www.csj-emballages.com\/es\/#Organization\/\",\"name\":\"CSJ Emballages\",\"url\":\"https:\/\/www.csj-emballages.com\/es\/\",\"logo\":{\"@type\":\"ImageObject\",\"inLanguage\":\"es\",\"@id\":\"https:\/\/www.csj-emballages.com\/es\/#\/schema\/logo\/image\/\",\"url\":\"https:\/\/www.csj-emballages.com\/wp-content\/uploads\/2023\/10\/logo_csj.webp\",\"contentUrl\":\"https:\/\/www.csj-emballages.com\/wp-content\/uploads\/2023\/10\/logo_csj.webp\",\"width\":250,\"height\":95,\"caption\":\"CSJ Emballages\"},\"image\":{\"@id\":\"https:\/\/www.csj-emballages.com\/es\/#\/schema\/logo\/image\/\"},\"sameAs\":[\"https:\/\/www.facebook.com\/csjemballages\"],\"address\":{\"@type\":\"PostalAddress\",\"streetAddress\":\"ZI La Lechere\",\"addressLocality\":\"Patornay\",\"postalCode\":\"39130\",\"addressCountry\":\"FR\"},\"contactPoint\":[{\"@type\":\"ContactPoint\",\"contactType\":\"Service client\",\"telephone\":\"0384254272\",\"email\":\"contact@csj-emballages.com\"}]}]}<\/script>\n<!-- \/ Yoast SEO Premium plugin. -->","yoast_head_json":{"title":"Bolduc Oro Brillante \"lido\" 100m x 10mm","description":"Realce sus envases con el bolduc \"Lido\" oro brillante 100 m x 10 mm: una cinta brillante, flexible y elegante para todas sus decoraciones.","robots":{"index":"index","follow":"follow","max-snippet":"max-snippet:-1","max-image-preview":"max-image-preview:large","max-video-preview":"max-video-preview:-1"},"canonical":"https:\/\/www.csj-emballages.com\/es\/produit\/bobina-bolduc-o-lido-100m-x-10mm\/","og_locale":"es_ES","og_type":"article","og_title":"Bolduc oro brillante \"lido\" 100m x 10mm","og_description":"Realce sus envases con el bolduc \"Lido\" oro brillante 100 m x 10 mm: una cinta brillante, flexible y elegante para todas sus decoraciones.","og_url":"https:\/\/www.csj-emballages.com\/es\/produit\/bobina-bolduc-o-lido-100m-x-10mm\/","og_site_name":"CSJ Emballages","article_publisher":"https:\/\/www.facebook.com\/csjemballages","article_modified_time":"2026-03-12T15:13:30+00:00","og_image":[{"width":800,"height":800,"url":"https:\/\/www.csj-emballages.com\/wp-content\/uploads\/2024\/03\/BOBLIDO602.webp","type":"image\/webp"}],"twitter_card":"summary_large_image","twitter_misc":{"Tiempo de lectura":"2 minutos"},"schema":{"@context":"https:\/\/schema.org","@graph":[{"@type":"WebPage","@id":"https:\/\/www.csj-emballages.com\/es\/produit\/bobina-bolduc-o-lido-100m-x-10mm\/","url":"https:\/\/www.csj-emballages.com\/es\/produit\/bobina-bolduc-o-lido-100m-x-10mm\/","name":"Bolduc Oro Brillante \"lido\" 100m x 10mm","isPartOf":{"@id":"https:\/\/www.csj-emballages.com\/es\/#website"},"primaryImageOfPage":{"@id":"https:\/\/www.csj-emballages.com\/es\/produit\/bobina-bolduc-o-lido-100m-x-10mm\/#primaryimage"},"image":{"@id":"https:\/\/www.csj-emballages.com\/es\/produit\/bobina-bolduc-o-lido-100m-x-10mm\/#primaryimage"},"thumbnailUrl":"https:\/\/www.csj-emballages.com\/wp-content\/uploads\/2024\/03\/BOBLIDO602.webp","datePublished":"2024-03-01T15:56:16+00:00","dateModified":"2026-03-12T15:13:30+00:00","description":"Realce sus envases con el bolduc \"Lido\" oro brillante 100 m x 10 mm: una cinta brillante, flexible y elegante para todas sus decoraciones.","breadcrumb":{"@id":"https:\/\/www.csj-emballages.com\/es\/produit\/bobina-bolduc-o-lido-100m-x-10mm\/#breadcrumb"},"inLanguage":"es","potentialAction":[{"@type":"ReadAction","target":["https:\/\/www.csj-emballages.com\/es\/produit\/bobina-bolduc-o-lido-100m-x-10mm\/"]}]},{"@type":"ImageObject","inLanguage":"es","@id":"https:\/\/www.csj-emballages.com\/es\/produit\/bobina-bolduc-o-lido-100m-x-10mm\/#primaryimage","url":"https:\/\/www.csj-emballages.com\/wp-content\/uploads\/2024\/03\/BOBLIDO602.webp","contentUrl":"https:\/\/www.csj-emballages.com\/wp-content\/uploads\/2024\/03\/BOBLIDO602.webp","width":800,"height":800,"caption":"Bolduc or"},{"@type":"BreadcrumbList","@id":"https:\/\/www.csj-emballages.com\/es\/produit\/bobina-bolduc-o-lido-100m-x-10mm\/#breadcrumb","itemListElement":[{"@type":"ListItem","position":1,"name":"Accueil","item":"https:\/\/www.csj-emballages.com\/es\/universo-del-envasado-alimentario\/"},{"@type":"ListItem","position":2,"name":"Tienda","item":"https:\/\/www.csj-emballages.com\/tienda\/"},{"@type":"ListItem","position":3,"name":"Bolduc oro brillante \u00ab\u00a0lido\u00a0\u00bb 100m x 10mm"}]},{"@type":"WebSite","@id":"https:\/\/www.csj-emballages.com\/es\/#website","url":"https:\/\/www.csj-emballages.com\/es\/","name":"CSJ Emballages","description":"","publisher":{"@id":"https:\/\/www.csj-emballages.com\/es\/#organization"},"potentialAction":[{"@type":"SearchAction","target":{"@type":"EntryPoint","urlTemplate":"https:\/\/www.csj-emballages.com\/es\/?s={search_term_string}"},"query-input":{"@type":"PropertyValueSpecification","valueRequired":true,"valueName":"search_term_string"}}],"inLanguage":"es"},{"@type":"Organization","@id":"https:\/\/www.csj-emballages.com\/es\/#Organization\/","name":"CSJ Emballages","url":"https:\/\/www.csj-emballages.com\/es\/","logo":{"@type":"ImageObject","inLanguage":"es","@id":"https:\/\/www.csj-emballages.com\/es\/#\/schema\/logo\/image\/","url":"https:\/\/www.csj-emballages.com\/wp-content\/uploads\/2023\/10\/logo_csj.webp","contentUrl":"https:\/\/www.csj-emballages.com\/wp-content\/uploads\/2023\/10\/logo_csj.webp","width":250,"height":95,"caption":"CSJ Emballages"},"image":{"@id":"https:\/\/www.csj-emballages.com\/es\/#\/schema\/logo\/image\/"},"sameAs":["https:\/\/www.facebook.com\/csjemballages"],"address":{"@type":"PostalAddress","streetAddress":"ZI La Lechere","addressLocality":"Patornay","postalCode":"39130","addressCountry":"FR"},"contactPoint":[{"@type":"ContactPoint","contactType":"Service client","telephone":"0384254272","email":"contact@csj-emballages.com"}]}]}},"df_price":7.58,"df_sale_price":"","df_regular_price":7.58,"df_image_link":"https:\/\/www.csj-emballages.com\/wp-content\/uploads\/2024\/03\/BOBLIDO602-300x300.webp","tiered_pricing_type":"fixed","tiered_pricing_fixed_rules":[],"tiered_pricing_percentage_rules":[],"tiered_pricing_minimum":1,"tiered_pricing_roles_data":[],"_links":{"self":[{"href":"https:\/\/www.csj-emballages.com\/es\/wp-json\/wp\/v2\/product\/19761","targetHints":{"allow":["GET"]}}],"collection":[{"href":"https:\/\/www.csj-emballages.com\/es\/wp-json\/wp\/v2\/product"}],"about":[{"href":"https:\/\/www.csj-emballages.com\/es\/wp-json\/wp\/v2\/types\/product"}],"wp:featuredmedia":[{"embeddable":true,"href":"https:\/\/www.csj-emballages.com\/es\/wp-json\/wp\/v2\/media\/244011"}],"wp:attachment":[{"href":"https:\/\/www.csj-emballages.com\/es\/wp-json\/wp\/v2\/media?parent=19761"}],"wp:term":[{"taxonomy":"product_brand","embeddable":true,"href":"https:\/\/www.csj-emballages.com\/es\/wp-json\/wp\/v2\/product_brand?post=19761"},{"taxonomy":"product_cat","embeddable":true,"href":"https:\/\/www.csj-emballages.com\/es\/wp-json\/wp\/v2\/product_cat?post=19761"},{"taxonomy":"product_tag","embeddable":true,"href":"https:\/\/www.csj-emballages.com\/es\/wp-json\/wp\/v2\/product_tag?post=19761"}],"curies":[{"name":"wp","href":"https:\/\/api.w.org\/{rel}","templated":true}]}}