{"id":19742,"date":"2024-03-01T16:56:16","date_gmt":"2024-03-01T15:56:16","guid":{"rendered":"https:\/\/u15jnbdpoq.preview.infomaniak.website\/produit\/bobina-bolduc-de-250-m-x-10-mm-de-matline-chocolate-rosa\/"},"modified":"2026-03-12T16:13:33","modified_gmt":"2026-03-12T15:13:33","slug":"bobina-bolduc-de-250-m-x-10-mm-de-matline-chocolate-rosa","status":"publish","type":"product","link":"https:\/\/www.csj-emballages.com\/es\/produit\/bobina-bolduc-de-250-m-x-10-mm-de-matline-chocolate-rosa\/","title":{"rendered":"Bobina bolduc de 250 m x 10 mm de matline chocolate\/rosa"},"content":{"rendered":"<div style=\"text-align: center;\">\n<div style=\"text-align: left;\">\n<div class=\"flex flex-grow flex-col max-w-full\">\n<div class=\"min-h-[20px] text-message flex flex-col items-start whitespace-pre-wrap break-words [.text-message+&amp;]:mt-5 juice:w-full juice:items-end overflow-x-auto gap-2\" dir=\"auto\" data-message-author-role=\"assistant\" data-message-id=\"2034782e-88f9-44ef-b4dc-07dd7bf0115f\">\n<div class=\"flex w-full flex-col gap-1 juice:empty:hidden juice:first:pt-[3px]\">\n<div class=\"markdown prose w-full break-words dark:prose-invert light\">\n<div style=\"box-sizing: inherit; font-family: Roboto, sans-serif;\">\n<div style=\"box-sizing: inherit; font-family: Roboto, sans-serif;\">\n<div style=\"box-sizing: inherit; font-family: Roboto, sans-serif;\">\n<div style=\"box-sizing: inherit; font-family: Roboto, sans-serif;\">\n<div style=\"box-sizing: inherit; font-family: Roboto, sans-serif;\">\n<div style=\"box-sizing: inherit; font-family: Roboto, sans-serif;\">\n<h2><strong style=\"font-family: Roboto, sans-serif;\">Bobina de cinta bolduc  <\/strong><\/h2>\n<div style=\"box-sizing: inherit; font-family: Roboto, sans-serif;\">\n<div style=\"box-sizing: inherit; font-family: Roboto, sans-serif;\">\n<div style=\"box-sizing: inherit; font-family: Roboto, sans-serif;\">\n<div style=\"text-align: center;\">\n<div style=\"box-sizing: inherit; font-family: Roboto, sans-serif;\">\n<div style=\"box-sizing: inherit; font-family: Roboto, sans-serif;\">\n<div style=\"box-sizing: inherit; font-family: Roboto, sans-serif;\">\n<div style=\"box-sizing: inherit; font-family: Roboto, sans-serif;\">\n<div style=\"box-sizing: inherit; font-family: Roboto, sans-serif;\">\n<div style=\"box-sizing: inherit; font-family: Roboto, sans-serif; text-align: left;\">\n<hr>\n<h3 style=\"text-align: left;\">Descripci\u00f3n de la bobina \u00abmatline\u00bb 250m x 10mm chocolate \/ rosa bolduc<!--more--><\/h3>\n<p data-start=\"260\" data-end=\"602\">La <strong>bobina de cinta bolduc chocolate\/rosa \u00abMatline\u00bb 250 metros x 10 mm<\/strong> es el accesorio indispensable para realzar sus envoltorios de regalo y presentaciones comerciales. En primer lugar, con su elegante combinaci\u00f3n de <strong>tonos chocolate y rosa<\/strong> y su <strong>acabado mate<\/strong>, aporta un toque refinado y moderno a todos sus paquetes, composiciones florales y embalajes festivos. <\/p>\n<p data-start=\"604\" data-end=\"888\">En efecto, su <strong>anchura de 10 mm<\/strong> ofrece un buen equilibrio visual, ideal para realizar lazos voluminosos o acabados cuidados. Del mismo modo, el acabado mate aporta una elegancia discreta y contempor\u00e1nea, perfectamente adaptada a <strong>tiendas, florister\u00edas, pasteler\u00edas, comercios minoristas o eventos especiales<\/strong>. <\/p>\n<p data-start=\"890\" data-end=\"1201\">Flexible y f\u00e1cil de manejar, la <strong>cinta bolduc \u00abMatline\u00bb<\/strong> permite crear r\u00e1pidamente lazos decorativos. Adem\u00e1s, su <strong>generosa longitud de 250<\/strong> <strong>metros<\/strong> garantiza un uso duradero y econ\u00f3mico, adaptado a las necesidades de los profesionales y a los usos intensivos en periodos festivos. <\/p>\n<p data-start=\"1203\" data-end=\"1481\">En resumen, esta <strong>bobina<\/strong> es ideal para envoltorios de <strong>regalo, cestas gourmet, cajas de pasteler\u00eda, composiciones florales o decoraciones para eventos<\/strong>. <strong>La combinaci\u00f3n chocolate y rosa<\/strong> permite jugar con los contrastes manteniendo una armon\u00eda elegante y de tendencia.<\/p>\n<p data-start=\"1203\" data-end=\"1481\">\n<\/div>\n<\/div>\n<\/div>\n<\/div>\n<\/div>\n<\/div>\n<\/div>\n<\/div>\n<\/div>\n<\/div>\n<\/div>\n<\/div>\n<\/div>\n<\/div>\n<\/div>\n<\/div>\n<\/div>\n<\/div>\n<\/div>\n<\/div>\n<div class=\"flex flex-grow flex-col max-w-full\">\n<div class=\"min-h-[20px] text-message flex flex-col items-start whitespace-pre-wrap break-words [.text-message+&amp;]:mt-5 juice:w-full juice:items-end overflow-x-auto gap-2\" dir=\"auto\" data-message-author-role=\"assistant\" data-message-id=\"2034782e-88f9-44ef-b4dc-07dd7bf0115f\">\n<div class=\"flex w-full flex-col gap-1 juice:empty:hidden juice:first:pt-[3px]\">\n<div class=\"markdown prose w-full break-words dark:prose-invert light\">\n<div style=\"box-sizing: inherit; font-family: Roboto, sans-serif;\">\n<div style=\"box-sizing: inherit; font-family: Roboto, sans-serif;\">\n<div style=\"box-sizing: inherit; font-family: Roboto, sans-serif;\">\n<div style=\"box-sizing: inherit; font-family: Roboto, sans-serif;\">\n<div style=\"box-sizing: inherit; font-family: Roboto, sans-serif;\">\n<div style=\"box-sizing: inherit; font-family: Roboto, sans-serif;\">\n<p><!--more--><\/p>\n<h4 style=\"text-align: left;\"><strong>Ventajas :<\/strong><\/h4>\n<ul>\n<li data-start=\"1519\" data-end=\"1569\">Elegante combinaci\u00f3n de <strong>colores chocolate\/rosa<\/strong>.<\/li>\n<li data-start=\"1572\" data-end=\"1607\">Acabado mate moderno y refinado.<\/li>\n<li data-start=\"1610\" data-end=\"1656\"><strong>Anchura 10 mm<\/strong> ideal para lazos y acabados.<\/li>\n<li data-start=\"1659\" data-end=\"1707\"><strong>Longitud 250 m<\/strong> para un uso econ\u00f3mico.<\/li>\n<li data-start=\"1710\" data-end=\"1740\">Flexible y f\u00e1cil de manipular.<\/li>\n<li data-start=\"1743\" data-end=\"1790\">Ideal para envoltorios de regalo y composiciones.<\/li>\n<li data-start=\"1793\" data-end=\"1845\">Adecuado para profesionales y periodos festivos.<\/li>\n<\/ul>\n<p>&nbsp;<\/p>\n<p><!--more--><\/p>\n<\/div>\n<\/div>\n<h4>Informaci\u00f3n adicional :<\/h4>\n<ul>\n<li><strong>Embalaje<\/strong>: Por unidad<\/li>\n<li><strong>Dimensiones<\/strong>: 250 m x 10 mm<\/li>\n<li><strong>Color<\/strong>: Chocolate\/Rosa<\/li>\n<\/ul>\n<\/div>\n<\/div>\n<\/div>\n<\/div>\n<\/div>\n<\/div>\n<\/div>\n<\/div>\n<p>&nbsp;<\/p>\n<p style=\"text-align: left;\"><!--more--><\/p>\n<p><a href=\"https:\/\/www.csj-emballages.com\/es\/categorie-produit\/envasado-de-alimentos\/panaderia-y-pasteleria\/accesorios-y-equipamiento\/accesorios-decorativos\/carretes-bolduc\/\">Ver el resto de nuestra gama de carretes bolduc<\/a><\/p>\n<\/div>\n<\/div>\n","protected":false},"excerpt":{"rendered":"<p>Bobina de cinta bolduc Descripci\u00f3n de la bobina \u00abmatline\u00bb 250m x 10mm chocolate \/ rosa bolduc<\/p>\n","protected":false},"featured_media":264246,"template":"","meta":{"_acf_changed":false},"product_brand":[],"product_cat":[1150,1145,1791,1810,2201,1488,1799,2127,2208],"product_tag":[],"class_list":{"0":"post-19742","1":"product","2":"type-product","3":"status-publish","4":"has-post-thumbnail","6":"product_cat-envasado-de-alimentos","7":"product_cat-panaderia-y-pasteleria","8":"product_cat-accesorios-decorativos","9":"product_cat-carretes-bolduc","10":"product_cat-bobinas-bolduc-matline","11":"product_cat-tienda-y-almacen","12":"product_cat-accesorios-decorativos-es","13":"product_cat-carretes-bolduc-es","14":"product_cat-bobinas-bolduc-matline-es","16":"first","17":"instock","18":"taxable","19":"shipping-taxable","20":"purchasable","21":"product-type-simple"},"acf":[],"yoast_head":"<!-- This site is optimized with the Yoast SEO Premium plugin v26.6 (Yoast SEO v26.6) - https:\/\/yoast.com\/wordpress\/plugins\/seo\/ -->\n<title>Bobina de cinta bolduc chocolate\/rosa \u00abMatline\u00bb 250 m x 10 mm<\/title>\n<meta name=\"description\" content=\"Bobina de cinta bolduc chocolate\/rosa Matline 250 m x 10 mm. Acabado mate elegante, ideal para envoltorios de regalo y decoraciones profesionales.\" \/>\n<meta name=\"robots\" content=\"index, follow, max-snippet:-1, max-image-preview:large, max-video-preview:-1\" \/>\n<link rel=\"canonical\" href=\"https:\/\/www.csj-emballages.com\/es\/produit\/bobina-bolduc-de-250-m-x-10-mm-de-matline-chocolate-rosa\/\" \/>\n<meta property=\"og:locale\" content=\"es_ES\" \/>\n<meta property=\"og:type\" content=\"article\" \/>\n<meta property=\"og:title\" content=\"Bobina bolduc de 250 m x 10 mm de matline chocolate\/rosa\" \/>\n<meta property=\"og:description\" content=\"Bobina de cinta bolduc chocolate\/rosa Matline 250 m x 10 mm. Acabado mate elegante, ideal para envoltorios de regalo y decoraciones profesionales.\" \/>\n<meta property=\"og:url\" content=\"https:\/\/www.csj-emballages.com\/es\/produit\/bobina-bolduc-de-250-m-x-10-mm-de-matline-chocolate-rosa\/\" \/>\n<meta property=\"og:site_name\" content=\"CSJ Emballages\" \/>\n<meta property=\"article:publisher\" content=\"https:\/\/www.facebook.com\/csjemballages\" \/>\n<meta property=\"article:modified_time\" content=\"2026-03-12T15:13:33+00:00\" \/>\n<meta property=\"og:image\" content=\"https:\/\/www.csj-emballages.com\/wp-content\/uploads\/2024\/03\/BOBMATB46.webp\" \/>\n\t<meta property=\"og:image:width\" content=\"800\" \/>\n\t<meta property=\"og:image:height\" content=\"800\" \/>\n\t<meta property=\"og:image:type\" content=\"image\/webp\" \/>\n<meta name=\"twitter:card\" content=\"summary_large_image\" \/>\n<meta name=\"twitter:label1\" content=\"Tiempo de lectura\" \/>\n\t<meta name=\"twitter:data1\" content=\"1 minuto\" \/>\n<script type=\"application\/ld+json\" class=\"yoast-schema-graph\">{\"@context\":\"https:\/\/schema.org\",\"@graph\":[{\"@type\":\"WebPage\",\"@id\":\"https:\/\/www.csj-emballages.com\/es\/produit\/bobina-bolduc-de-250-m-x-10-mm-de-matline-chocolate-rosa\/\",\"url\":\"https:\/\/www.csj-emballages.com\/es\/produit\/bobina-bolduc-de-250-m-x-10-mm-de-matline-chocolate-rosa\/\",\"name\":\"Bobina de cinta bolduc chocolate\/rosa \u00abMatline\u00bb 250 m x 10 mm\",\"isPartOf\":{\"@id\":\"https:\/\/www.csj-emballages.com\/es\/#website\"},\"primaryImageOfPage\":{\"@id\":\"https:\/\/www.csj-emballages.com\/es\/produit\/bobina-bolduc-de-250-m-x-10-mm-de-matline-chocolate-rosa\/#primaryimage\"},\"image\":{\"@id\":\"https:\/\/www.csj-emballages.com\/es\/produit\/bobina-bolduc-de-250-m-x-10-mm-de-matline-chocolate-rosa\/#primaryimage\"},\"thumbnailUrl\":\"https:\/\/www.csj-emballages.com\/wp-content\/uploads\/2024\/03\/BOBMATB46.webp\",\"datePublished\":\"2024-03-01T15:56:16+00:00\",\"dateModified\":\"2026-03-12T15:13:33+00:00\",\"description\":\"Bobina de cinta bolduc chocolate\/rosa Matline 250 m x 10 mm. Acabado mate elegante, ideal para envoltorios de regalo y decoraciones profesionales.\",\"breadcrumb\":{\"@id\":\"https:\/\/www.csj-emballages.com\/es\/produit\/bobina-bolduc-de-250-m-x-10-mm-de-matline-chocolate-rosa\/#breadcrumb\"},\"inLanguage\":\"es\",\"potentialAction\":[{\"@type\":\"ReadAction\",\"target\":[\"https:\/\/www.csj-emballages.com\/es\/produit\/bobina-bolduc-de-250-m-x-10-mm-de-matline-chocolate-rosa\/\"]}]},{\"@type\":\"ImageObject\",\"inLanguage\":\"es\",\"@id\":\"https:\/\/www.csj-emballages.com\/es\/produit\/bobina-bolduc-de-250-m-x-10-mm-de-matline-chocolate-rosa\/#primaryimage\",\"url\":\"https:\/\/www.csj-emballages.com\/wp-content\/uploads\/2024\/03\/BOBMATB46.webp\",\"contentUrl\":\"https:\/\/www.csj-emballages.com\/wp-content\/uploads\/2024\/03\/BOBMATB46.webp\",\"width\":800,\"height\":800,\"caption\":\"Bobine bolduc\"},{\"@type\":\"BreadcrumbList\",\"@id\":\"https:\/\/www.csj-emballages.com\/es\/produit\/bobina-bolduc-de-250-m-x-10-mm-de-matline-chocolate-rosa\/#breadcrumb\",\"itemListElement\":[{\"@type\":\"ListItem\",\"position\":1,\"name\":\"Accueil\",\"item\":\"https:\/\/www.csj-emballages.com\/es\/universo-del-envasado-alimentario\/\"},{\"@type\":\"ListItem\",\"position\":2,\"name\":\"Tienda\",\"item\":\"https:\/\/www.csj-emballages.com\/tienda\/\"},{\"@type\":\"ListItem\",\"position\":3,\"name\":\"Bobina bolduc de 250 m x 10 mm de matline chocolate\/rosa\"}]},{\"@type\":\"WebSite\",\"@id\":\"https:\/\/www.csj-emballages.com\/es\/#website\",\"url\":\"https:\/\/www.csj-emballages.com\/es\/\",\"name\":\"CSJ Emballages\",\"description\":\"\",\"publisher\":{\"@id\":\"https:\/\/www.csj-emballages.com\/es\/#organization\"},\"potentialAction\":[{\"@type\":\"SearchAction\",\"target\":{\"@type\":\"EntryPoint\",\"urlTemplate\":\"https:\/\/www.csj-emballages.com\/es\/?s={search_term_string}\"},\"query-input\":{\"@type\":\"PropertyValueSpecification\",\"valueRequired\":true,\"valueName\":\"search_term_string\"}}],\"inLanguage\":\"es\"},{\"@type\":\"Organization\",\"@id\":\"https:\/\/www.csj-emballages.com\/es\/#Organization\/\",\"name\":\"CSJ Emballages\",\"url\":\"https:\/\/www.csj-emballages.com\/es\/\",\"logo\":{\"@type\":\"ImageObject\",\"inLanguage\":\"es\",\"@id\":\"https:\/\/www.csj-emballages.com\/es\/#\/schema\/logo\/image\/\",\"url\":\"https:\/\/www.csj-emballages.com\/wp-content\/uploads\/2023\/10\/logo_csj.webp\",\"contentUrl\":\"https:\/\/www.csj-emballages.com\/wp-content\/uploads\/2023\/10\/logo_csj.webp\",\"width\":250,\"height\":95,\"caption\":\"CSJ Emballages\"},\"image\":{\"@id\":\"https:\/\/www.csj-emballages.com\/es\/#\/schema\/logo\/image\/\"},\"sameAs\":[\"https:\/\/www.facebook.com\/csjemballages\"],\"address\":{\"@type\":\"PostalAddress\",\"streetAddress\":\"ZI La Lechere\",\"addressLocality\":\"Patornay\",\"postalCode\":\"39130\",\"addressCountry\":\"FR\"},\"contactPoint\":[{\"@type\":\"ContactPoint\",\"contactType\":\"Service client\",\"telephone\":\"0384254272\",\"email\":\"contact@csj-emballages.com\"}]}]}<\/script>\n<!-- \/ Yoast SEO Premium plugin. -->","yoast_head_json":{"title":"Bobina de cinta bolduc chocolate\/rosa \u00abMatline\u00bb 250 m x 10 mm","description":"Bobina de cinta bolduc chocolate\/rosa Matline 250 m x 10 mm. Acabado mate elegante, ideal para envoltorios de regalo y decoraciones profesionales.","robots":{"index":"index","follow":"follow","max-snippet":"max-snippet:-1","max-image-preview":"max-image-preview:large","max-video-preview":"max-video-preview:-1"},"canonical":"https:\/\/www.csj-emballages.com\/es\/produit\/bobina-bolduc-de-250-m-x-10-mm-de-matline-chocolate-rosa\/","og_locale":"es_ES","og_type":"article","og_title":"Bobina bolduc de 250 m x 10 mm de matline chocolate\/rosa","og_description":"Bobina de cinta bolduc chocolate\/rosa Matline 250 m x 10 mm. Acabado mate elegante, ideal para envoltorios de regalo y decoraciones profesionales.","og_url":"https:\/\/www.csj-emballages.com\/es\/produit\/bobina-bolduc-de-250-m-x-10-mm-de-matline-chocolate-rosa\/","og_site_name":"CSJ Emballages","article_publisher":"https:\/\/www.facebook.com\/csjemballages","article_modified_time":"2026-03-12T15:13:33+00:00","og_image":[{"width":800,"height":800,"url":"https:\/\/www.csj-emballages.com\/wp-content\/uploads\/2024\/03\/BOBMATB46.webp","type":"image\/webp"}],"twitter_card":"summary_large_image","twitter_misc":{"Tiempo de lectura":"1 minuto"},"schema":{"@context":"https:\/\/schema.org","@graph":[{"@type":"WebPage","@id":"https:\/\/www.csj-emballages.com\/es\/produit\/bobina-bolduc-de-250-m-x-10-mm-de-matline-chocolate-rosa\/","url":"https:\/\/www.csj-emballages.com\/es\/produit\/bobina-bolduc-de-250-m-x-10-mm-de-matline-chocolate-rosa\/","name":"Bobina de cinta bolduc chocolate\/rosa \u00abMatline\u00bb 250 m x 10 mm","isPartOf":{"@id":"https:\/\/www.csj-emballages.com\/es\/#website"},"primaryImageOfPage":{"@id":"https:\/\/www.csj-emballages.com\/es\/produit\/bobina-bolduc-de-250-m-x-10-mm-de-matline-chocolate-rosa\/#primaryimage"},"image":{"@id":"https:\/\/www.csj-emballages.com\/es\/produit\/bobina-bolduc-de-250-m-x-10-mm-de-matline-chocolate-rosa\/#primaryimage"},"thumbnailUrl":"https:\/\/www.csj-emballages.com\/wp-content\/uploads\/2024\/03\/BOBMATB46.webp","datePublished":"2024-03-01T15:56:16+00:00","dateModified":"2026-03-12T15:13:33+00:00","description":"Bobina de cinta bolduc chocolate\/rosa Matline 250 m x 10 mm. Acabado mate elegante, ideal para envoltorios de regalo y decoraciones profesionales.","breadcrumb":{"@id":"https:\/\/www.csj-emballages.com\/es\/produit\/bobina-bolduc-de-250-m-x-10-mm-de-matline-chocolate-rosa\/#breadcrumb"},"inLanguage":"es","potentialAction":[{"@type":"ReadAction","target":["https:\/\/www.csj-emballages.com\/es\/produit\/bobina-bolduc-de-250-m-x-10-mm-de-matline-chocolate-rosa\/"]}]},{"@type":"ImageObject","inLanguage":"es","@id":"https:\/\/www.csj-emballages.com\/es\/produit\/bobina-bolduc-de-250-m-x-10-mm-de-matline-chocolate-rosa\/#primaryimage","url":"https:\/\/www.csj-emballages.com\/wp-content\/uploads\/2024\/03\/BOBMATB46.webp","contentUrl":"https:\/\/www.csj-emballages.com\/wp-content\/uploads\/2024\/03\/BOBMATB46.webp","width":800,"height":800,"caption":"Bobine bolduc"},{"@type":"BreadcrumbList","@id":"https:\/\/www.csj-emballages.com\/es\/produit\/bobina-bolduc-de-250-m-x-10-mm-de-matline-chocolate-rosa\/#breadcrumb","itemListElement":[{"@type":"ListItem","position":1,"name":"Accueil","item":"https:\/\/www.csj-emballages.com\/es\/universo-del-envasado-alimentario\/"},{"@type":"ListItem","position":2,"name":"Tienda","item":"https:\/\/www.csj-emballages.com\/tienda\/"},{"@type":"ListItem","position":3,"name":"Bobina bolduc de 250 m x 10 mm de matline chocolate\/rosa"}]},{"@type":"WebSite","@id":"https:\/\/www.csj-emballages.com\/es\/#website","url":"https:\/\/www.csj-emballages.com\/es\/","name":"CSJ Emballages","description":"","publisher":{"@id":"https:\/\/www.csj-emballages.com\/es\/#organization"},"potentialAction":[{"@type":"SearchAction","target":{"@type":"EntryPoint","urlTemplate":"https:\/\/www.csj-emballages.com\/es\/?s={search_term_string}"},"query-input":{"@type":"PropertyValueSpecification","valueRequired":true,"valueName":"search_term_string"}}],"inLanguage":"es"},{"@type":"Organization","@id":"https:\/\/www.csj-emballages.com\/es\/#Organization\/","name":"CSJ Emballages","url":"https:\/\/www.csj-emballages.com\/es\/","logo":{"@type":"ImageObject","inLanguage":"es","@id":"https:\/\/www.csj-emballages.com\/es\/#\/schema\/logo\/image\/","url":"https:\/\/www.csj-emballages.com\/wp-content\/uploads\/2023\/10\/logo_csj.webp","contentUrl":"https:\/\/www.csj-emballages.com\/wp-content\/uploads\/2023\/10\/logo_csj.webp","width":250,"height":95,"caption":"CSJ Emballages"},"image":{"@id":"https:\/\/www.csj-emballages.com\/es\/#\/schema\/logo\/image\/"},"sameAs":["https:\/\/www.facebook.com\/csjemballages"],"address":{"@type":"PostalAddress","streetAddress":"ZI La Lechere","addressLocality":"Patornay","postalCode":"39130","addressCountry":"FR"},"contactPoint":[{"@type":"ContactPoint","contactType":"Service client","telephone":"0384254272","email":"contact@csj-emballages.com"}]}]}},"df_price":7.28,"df_sale_price":"","df_regular_price":7.28,"df_image_link":"https:\/\/www.csj-emballages.com\/wp-content\/uploads\/2024\/03\/BOBMATB46-300x300.webp","tiered_pricing_type":"fixed","tiered_pricing_fixed_rules":[],"tiered_pricing_percentage_rules":[],"tiered_pricing_minimum":1,"tiered_pricing_roles_data":[],"_links":{"self":[{"href":"https:\/\/www.csj-emballages.com\/es\/wp-json\/wp\/v2\/product\/19742","targetHints":{"allow":["GET"]}}],"collection":[{"href":"https:\/\/www.csj-emballages.com\/es\/wp-json\/wp\/v2\/product"}],"about":[{"href":"https:\/\/www.csj-emballages.com\/es\/wp-json\/wp\/v2\/types\/product"}],"wp:featuredmedia":[{"embeddable":true,"href":"https:\/\/www.csj-emballages.com\/es\/wp-json\/wp\/v2\/media\/264246"}],"wp:attachment":[{"href":"https:\/\/www.csj-emballages.com\/es\/wp-json\/wp\/v2\/media?parent=19742"}],"wp:term":[{"taxonomy":"product_brand","embeddable":true,"href":"https:\/\/www.csj-emballages.com\/es\/wp-json\/wp\/v2\/product_brand?post=19742"},{"taxonomy":"product_cat","embeddable":true,"href":"https:\/\/www.csj-emballages.com\/es\/wp-json\/wp\/v2\/product_cat?post=19742"},{"taxonomy":"product_tag","embeddable":true,"href":"https:\/\/www.csj-emballages.com\/es\/wp-json\/wp\/v2\/product_tag?post=19742"}],"curies":[{"name":"wp","href":"https:\/\/api.w.org\/{rel}","templated":true}]}}