{"id":19735,"date":"2024-03-01T16:57:12","date_gmt":"2024-03-01T15:57:12","guid":{"rendered":"https:\/\/u15jnbdpoq.preview.infomaniak.website\/produit\/50-bandejas-de-aluminio-desechables-con-tapas-separadas-precintables-2100ml\/"},"modified":"2026-04-16T02:11:17","modified_gmt":"2026-04-16T00:11:17","slug":"50-bandejas-de-aluminio-desechables-con-tapas-separadas-precintables-2100ml","status":"publish","type":"product","link":"https:\/\/www.csj-emballages.com\/es\/produit\/50-bandejas-de-aluminio-desechables-con-tapas-separadas-precintables-2100ml\/","title":{"rendered":"Bandeja de aluminio de 2100 ml con tapa separada, paquete de 50"},"content":{"rendered":"<h2>Bandeja de aluminio<\/h2>\n<hr>\n<h3>Descripci\u00f3n de nuestra bandeja de aluminio con tapa separada, precintable, 2100 ml, paquete de 50<\/h3>\n<p><!--more--><\/p>\n<p data-start=\"83\" data-end=\"457\">Ideal para empresas de catering, restaurantes y particulares, esta <strong>bandeja de aluminio<\/strong> <strong>de 2100<\/strong> ml ofrece una soluci\u00f3n pr\u00e1ctica y eficaz para envasar y almacenar sus platos. La <strong>tapa independiente<\/strong> le permite cerrar la bandeja despu\u00e9s de abrirla, ofreciendo flexibilidad de uso. Dise\u00f1ada tanto para platos fr\u00edos como calientes, esta <strong>bandeja<\/strong> soporta altas temperaturas y puede utilizarse en el microondas, el horno y el frigor\u00edfico, as\u00ed como para transportar y almacenar comidas. Su material de <strong>aluminio<\/strong> garantiza una excelente distribuci\u00f3n del calor para una cocci\u00f3n uniforme.   <\/p>\n<p data-start=\"854\" data-end=\"1171\">Esta soluci\u00f3n de envasado es ideal para <strong data-start=\"901\" data-end=\"987\">comidas para llevar, ventas para llevar, eventos y servicios de reparto<\/strong>. Gracias a su robustez y a su capacidad para mantener la temperatura de los alimentos, cumple los requisitos de los profesionales a la vez que resulta f\u00e1cil de usar para los consumidores. <\/p>\n<p>&nbsp;<\/p>\n<p><!--more--><\/p>\n<p><strong>Ventajas :<\/strong><\/p>\n<ul>\n<li data-start=\"1197\" data-end=\"1285\">Borde sellable para un cierre seguro y sin fugas.<\/li>\n<li data-start=\"1286\" data-end=\"1369\">Tapa separada para una protecci\u00f3n reforzada despu\u00e9s de la apertura.<\/li>\n<li data-start=\"1370\" data-end=\"1464\">Apta para platos calientes y fr\u00edos, compatible con la cocci\u00f3n en horno.<\/li>\n<li data-start=\"1465\" data-end=\"1555\">Material r\u00edgido y resistente, ideal para comida para llevar.<\/li>\n<li data-start=\"1556\" data-end=\"1649\">Estas bandejas de aluminio protegen los alimentos de la humedad y de los contaminantes exteriores.<\/li>\n<\/ul>\n<p>&nbsp;<\/p>\n<p><!--more--><\/p>\n<h4>Informaci\u00f3n adicional :<\/h4>\n<ul>\n<li><strong>Envase<\/strong>: Paquete de 50<\/li>\n<li><strong>Dimensiones<\/strong>: 315 x 215 x 42 mm<\/li>\n<li><strong>Volumen<\/strong>: 2100 ml<\/li>\n<li><strong>Material<\/strong>: Aluminio<\/li>\n<li><b>Temperatura de funcionamiento <\/b>: -40\u00b0C \/ +350\u00b0C<\/li>\n<\/ul>\n<p>&nbsp;<\/p>\n<p><!--more--><\/p>\n<p>Encuentre aqu\u00ed la tapa compatible con esta bandeja: <span style=\"color: #d12727;\"><a style=\"color: #d12727;\" href=\"https:\/\/www.csj-emballages.com\/produit\/50-couvercles-pour-barquettes-operculable-bo2200\/\">CO2200<\/a><\/span><\/p>\n<p>&nbsp;<\/p>\n<p><!--more--><\/p>\n<p>Este producto est\u00e1 disponible en varios tama\u00f1os: <span style=\"color: #d12727;\"><a style=\"color: #d12727;\" href=\"https:\/\/www.csj-emballages.com\/produit\/100-barquettes-jetables-aluminium-couvercles-separes-operculable-685ml\/\">685 ml<\/a> <span style=\"color: #000000;\">\/<\/span> <a style=\"color: #d12727;\" href=\"https:\/\/www.csj-emballages.com\/es\/produit\/100-bandejas-de-aluminio-desechables-con-tapas-separadas-900-ml\/\">900 ml<\/a> <span style=\"color: #000000;\">\/<\/span> <a style=\"color: #d12727;\" href=\"https:\/\/www.csj-emballages.com\/es\/produit\/100-bandejas-de-aluminio-desechables-con-tapa-separada-1100ml\/\">1070 ml<\/a> <span style=\"color: #000000;\">\/<\/span> <a style=\"color: #d12727;\" href=\"https:\/\/www.csj-emballages.com\/es\/produit\/100-bandejas-de-aluminio-desechables-con-tapa-separada-1170ml\/\">1170 ml<\/a><\/span><\/p>\n<p>&nbsp;<\/p>\n<p><!--more--><\/p>\n<p><a href=\"https:\/\/www.csj-emballages.com\/es\/categorie-produit\/envasado-de-alimentos\/carniceria-y-charcuteria\/bandejas-latas-y-tarros\/bandejas-platos-moldes-bandejas-de-comida-tazas-ramequines-pasteles-de-carne-de-aluminio\/bandejas-precintables\/\">Ver el resto de nuestra gama de bandejas con tapa de aluminio<\/a><\/p>\n","protected":false},"excerpt":{"rendered":"<p>Bandeja de aluminio Descripci\u00f3n de nuestra bandeja de aluminio con tapa separada, precintable, 2100 ml, paquete de 50<\/p>\n","protected":false},"featured_media":227948,"template":"","meta":{"_acf_changed":false},"product_brand":[],"product_cat":[1150,1143,2006,2179],"product_tag":[],"class_list":{"0":"post-19735","1":"product","2":"type-product","3":"status-publish","4":"has-post-thumbnail","6":"product_cat-envasado-de-alimentos","7":"product_cat-carniceria-y-charcuteria","8":"product_cat-bandejas-platos-moldes-bandejas-de-comida-tazas-ramequines-pasteles-de-carne-de-aluminio","9":"product_cat-bandejas-precintables","11":"first","12":"instock","13":"taxable","14":"shipping-taxable","15":"purchasable","16":"product-type-simple"},"acf":[],"yoast_head":"<!-- This site is optimized with the Yoast SEO Premium plugin v26.6 (Yoast SEO v26.6) - https:\/\/yoast.com\/wordpress\/plugins\/seo\/ -->\n<title>Bandeja de aluminio de 2100 ml con tapa separada, precintable<\/title>\n<meta name=\"description\" content=\"Bandeja de aluminio de 2100 ml con tapa separada, termosellable para un cierre herm\u00e9tico. Ideal para empresas de catering y restaurantes. Paquete de 50 unidades.\" \/>\n<meta name=\"robots\" content=\"index, follow, max-snippet:-1, max-image-preview:large, max-video-preview:-1\" \/>\n<link rel=\"canonical\" href=\"https:\/\/www.csj-emballages.com\/es\/produit\/50-bandejas-de-aluminio-desechables-con-tapas-separadas-precintables-2100ml\/\" \/>\n<meta property=\"og:locale\" content=\"es_ES\" \/>\n<meta property=\"og:type\" content=\"article\" \/>\n<meta property=\"og:title\" content=\"Bandeja de aluminio de 2100 ml con tapa separada, paquete de 50\" \/>\n<meta property=\"og:description\" content=\"Bandeja de aluminio de 2100 ml con tapa separada, termosellable para un cierre herm\u00e9tico. Ideal para empresas de catering y restaurantes. Paquete de 50 unidades.\" \/>\n<meta property=\"og:url\" content=\"https:\/\/www.csj-emballages.com\/es\/produit\/50-bandejas-de-aluminio-desechables-con-tapas-separadas-precintables-2100ml\/\" \/>\n<meta property=\"og:site_name\" content=\"CSJ Emballages\" \/>\n<meta property=\"article:publisher\" content=\"https:\/\/www.facebook.com\/csjemballages\" \/>\n<meta property=\"article:modified_time\" content=\"2026-04-16T00:11:17+00:00\" \/>\n<meta property=\"og:image\" content=\"https:\/\/www.csj-emballages.com\/wp-content\/uploads\/2024\/03\/BO-2200.webp\" \/>\n\t<meta property=\"og:image:width\" content=\"1268\" \/>\n\t<meta property=\"og:image:height\" content=\"1268\" \/>\n\t<meta property=\"og:image:type\" content=\"image\/webp\" \/>\n<meta name=\"twitter:card\" content=\"summary_large_image\" \/>\n<meta name=\"twitter:label1\" content=\"Tiempo de lectura\" \/>\n\t<meta name=\"twitter:data1\" content=\"1 minuto\" \/>\n<script type=\"application\/ld+json\" class=\"yoast-schema-graph\">{\"@context\":\"https:\/\/schema.org\",\"@graph\":[{\"@type\":\"WebPage\",\"@id\":\"https:\/\/www.csj-emballages.com\/es\/produit\/50-bandejas-de-aluminio-desechables-con-tapas-separadas-precintables-2100ml\/\",\"url\":\"https:\/\/www.csj-emballages.com\/es\/produit\/50-bandejas-de-aluminio-desechables-con-tapas-separadas-precintables-2100ml\/\",\"name\":\"Bandeja de aluminio de 2100 ml con tapa separada, precintable\",\"isPartOf\":{\"@id\":\"https:\/\/www.csj-emballages.com\/es\/#website\"},\"primaryImageOfPage\":{\"@id\":\"https:\/\/www.csj-emballages.com\/es\/produit\/50-bandejas-de-aluminio-desechables-con-tapas-separadas-precintables-2100ml\/#primaryimage\"},\"image\":{\"@id\":\"https:\/\/www.csj-emballages.com\/es\/produit\/50-bandejas-de-aluminio-desechables-con-tapas-separadas-precintables-2100ml\/#primaryimage\"},\"thumbnailUrl\":\"https:\/\/www.csj-emballages.com\/wp-content\/uploads\/2024\/03\/BO-2200.webp\",\"datePublished\":\"2024-03-01T15:57:12+00:00\",\"dateModified\":\"2026-04-16T00:11:17+00:00\",\"description\":\"Bandeja de aluminio de 2100 ml con tapa separada, termosellable para un cierre herm\u00e9tico. Ideal para empresas de catering y restaurantes. Paquete de 50 unidades.\",\"breadcrumb\":{\"@id\":\"https:\/\/www.csj-emballages.com\/es\/produit\/50-bandejas-de-aluminio-desechables-con-tapas-separadas-precintables-2100ml\/#breadcrumb\"},\"inLanguage\":\"es\",\"potentialAction\":[{\"@type\":\"ReadAction\",\"target\":[\"https:\/\/www.csj-emballages.com\/es\/produit\/50-bandejas-de-aluminio-desechables-con-tapas-separadas-precintables-2100ml\/\"]}]},{\"@type\":\"ImageObject\",\"inLanguage\":\"es\",\"@id\":\"https:\/\/www.csj-emballages.com\/es\/produit\/50-bandejas-de-aluminio-desechables-con-tapas-separadas-precintables-2100ml\/#primaryimage\",\"url\":\"https:\/\/www.csj-emballages.com\/wp-content\/uploads\/2024\/03\/BO-2200.webp\",\"contentUrl\":\"https:\/\/www.csj-emballages.com\/wp-content\/uploads\/2024\/03\/BO-2200.webp\",\"width\":1268,\"height\":1268,\"caption\":\"Barquette aluminium\"},{\"@type\":\"BreadcrumbList\",\"@id\":\"https:\/\/www.csj-emballages.com\/es\/produit\/50-bandejas-de-aluminio-desechables-con-tapas-separadas-precintables-2100ml\/#breadcrumb\",\"itemListElement\":[{\"@type\":\"ListItem\",\"position\":1,\"name\":\"Accueil\",\"item\":\"https:\/\/www.csj-emballages.com\/es\/universo-del-envasado-alimentario\/\"},{\"@type\":\"ListItem\",\"position\":2,\"name\":\"Tienda\",\"item\":\"https:\/\/www.csj-emballages.com\/tienda\/\"},{\"@type\":\"ListItem\",\"position\":3,\"name\":\"Bandeja de aluminio de 2100 ml con tapa separada, paquete de 50\"}]},{\"@type\":\"WebSite\",\"@id\":\"https:\/\/www.csj-emballages.com\/es\/#website\",\"url\":\"https:\/\/www.csj-emballages.com\/es\/\",\"name\":\"CSJ Emballages\",\"description\":\"\",\"publisher\":{\"@id\":\"https:\/\/www.csj-emballages.com\/es\/#organization\"},\"potentialAction\":[{\"@type\":\"SearchAction\",\"target\":{\"@type\":\"EntryPoint\",\"urlTemplate\":\"https:\/\/www.csj-emballages.com\/es\/?s={search_term_string}\"},\"query-input\":{\"@type\":\"PropertyValueSpecification\",\"valueRequired\":true,\"valueName\":\"search_term_string\"}}],\"inLanguage\":\"es\"},{\"@type\":\"Organization\",\"@id\":\"https:\/\/www.csj-emballages.com\/es\/#Organization\/\",\"name\":\"CSJ Emballages\",\"url\":\"https:\/\/www.csj-emballages.com\/es\/\",\"logo\":{\"@type\":\"ImageObject\",\"inLanguage\":\"es\",\"@id\":\"https:\/\/www.csj-emballages.com\/es\/#\/schema\/logo\/image\/\",\"url\":\"https:\/\/www.csj-emballages.com\/wp-content\/uploads\/2023\/10\/logo_csj.webp\",\"contentUrl\":\"https:\/\/www.csj-emballages.com\/wp-content\/uploads\/2023\/10\/logo_csj.webp\",\"width\":250,\"height\":95,\"caption\":\"CSJ Emballages\"},\"image\":{\"@id\":\"https:\/\/www.csj-emballages.com\/es\/#\/schema\/logo\/image\/\"},\"sameAs\":[\"https:\/\/www.facebook.com\/csjemballages\"],\"address\":{\"@type\":\"PostalAddress\",\"streetAddress\":\"ZI La Lechere\",\"addressLocality\":\"Patornay\",\"postalCode\":\"39130\",\"addressCountry\":\"FR\"},\"contactPoint\":[{\"@type\":\"ContactPoint\",\"contactType\":\"Service client\",\"telephone\":\"0384254272\",\"email\":\"contact@csj-emballages.com\"}]}]}<\/script>\n<!-- \/ Yoast SEO Premium plugin. -->","yoast_head_json":{"title":"Bandeja de aluminio de 2100 ml con tapa separada, precintable","description":"Bandeja de aluminio de 2100 ml con tapa separada, termosellable para un cierre herm\u00e9tico. Ideal para empresas de catering y restaurantes. Paquete de 50 unidades.","robots":{"index":"index","follow":"follow","max-snippet":"max-snippet:-1","max-image-preview":"max-image-preview:large","max-video-preview":"max-video-preview:-1"},"canonical":"https:\/\/www.csj-emballages.com\/es\/produit\/50-bandejas-de-aluminio-desechables-con-tapas-separadas-precintables-2100ml\/","og_locale":"es_ES","og_type":"article","og_title":"Bandeja de aluminio de 2100 ml con tapa separada, paquete de 50","og_description":"Bandeja de aluminio de 2100 ml con tapa separada, termosellable para un cierre herm\u00e9tico. Ideal para empresas de catering y restaurantes. Paquete de 50 unidades.","og_url":"https:\/\/www.csj-emballages.com\/es\/produit\/50-bandejas-de-aluminio-desechables-con-tapas-separadas-precintables-2100ml\/","og_site_name":"CSJ Emballages","article_publisher":"https:\/\/www.facebook.com\/csjemballages","article_modified_time":"2026-04-16T00:11:17+00:00","og_image":[{"width":1268,"height":1268,"url":"https:\/\/www.csj-emballages.com\/wp-content\/uploads\/2024\/03\/BO-2200.webp","type":"image\/webp"}],"twitter_card":"summary_large_image","twitter_misc":{"Tiempo de lectura":"1 minuto"},"schema":{"@context":"https:\/\/schema.org","@graph":[{"@type":"WebPage","@id":"https:\/\/www.csj-emballages.com\/es\/produit\/50-bandejas-de-aluminio-desechables-con-tapas-separadas-precintables-2100ml\/","url":"https:\/\/www.csj-emballages.com\/es\/produit\/50-bandejas-de-aluminio-desechables-con-tapas-separadas-precintables-2100ml\/","name":"Bandeja de aluminio de 2100 ml con tapa separada, precintable","isPartOf":{"@id":"https:\/\/www.csj-emballages.com\/es\/#website"},"primaryImageOfPage":{"@id":"https:\/\/www.csj-emballages.com\/es\/produit\/50-bandejas-de-aluminio-desechables-con-tapas-separadas-precintables-2100ml\/#primaryimage"},"image":{"@id":"https:\/\/www.csj-emballages.com\/es\/produit\/50-bandejas-de-aluminio-desechables-con-tapas-separadas-precintables-2100ml\/#primaryimage"},"thumbnailUrl":"https:\/\/www.csj-emballages.com\/wp-content\/uploads\/2024\/03\/BO-2200.webp","datePublished":"2024-03-01T15:57:12+00:00","dateModified":"2026-04-16T00:11:17+00:00","description":"Bandeja de aluminio de 2100 ml con tapa separada, termosellable para un cierre herm\u00e9tico. Ideal para empresas de catering y restaurantes. Paquete de 50 unidades.","breadcrumb":{"@id":"https:\/\/www.csj-emballages.com\/es\/produit\/50-bandejas-de-aluminio-desechables-con-tapas-separadas-precintables-2100ml\/#breadcrumb"},"inLanguage":"es","potentialAction":[{"@type":"ReadAction","target":["https:\/\/www.csj-emballages.com\/es\/produit\/50-bandejas-de-aluminio-desechables-con-tapas-separadas-precintables-2100ml\/"]}]},{"@type":"ImageObject","inLanguage":"es","@id":"https:\/\/www.csj-emballages.com\/es\/produit\/50-bandejas-de-aluminio-desechables-con-tapas-separadas-precintables-2100ml\/#primaryimage","url":"https:\/\/www.csj-emballages.com\/wp-content\/uploads\/2024\/03\/BO-2200.webp","contentUrl":"https:\/\/www.csj-emballages.com\/wp-content\/uploads\/2024\/03\/BO-2200.webp","width":1268,"height":1268,"caption":"Barquette aluminium"},{"@type":"BreadcrumbList","@id":"https:\/\/www.csj-emballages.com\/es\/produit\/50-bandejas-de-aluminio-desechables-con-tapas-separadas-precintables-2100ml\/#breadcrumb","itemListElement":[{"@type":"ListItem","position":1,"name":"Accueil","item":"https:\/\/www.csj-emballages.com\/es\/universo-del-envasado-alimentario\/"},{"@type":"ListItem","position":2,"name":"Tienda","item":"https:\/\/www.csj-emballages.com\/tienda\/"},{"@type":"ListItem","position":3,"name":"Bandeja de aluminio de 2100 ml con tapa separada, paquete de 50"}]},{"@type":"WebSite","@id":"https:\/\/www.csj-emballages.com\/es\/#website","url":"https:\/\/www.csj-emballages.com\/es\/","name":"CSJ Emballages","description":"","publisher":{"@id":"https:\/\/www.csj-emballages.com\/es\/#organization"},"potentialAction":[{"@type":"SearchAction","target":{"@type":"EntryPoint","urlTemplate":"https:\/\/www.csj-emballages.com\/es\/?s={search_term_string}"},"query-input":{"@type":"PropertyValueSpecification","valueRequired":true,"valueName":"search_term_string"}}],"inLanguage":"es"},{"@type":"Organization","@id":"https:\/\/www.csj-emballages.com\/es\/#Organization\/","name":"CSJ Emballages","url":"https:\/\/www.csj-emballages.com\/es\/","logo":{"@type":"ImageObject","inLanguage":"es","@id":"https:\/\/www.csj-emballages.com\/es\/#\/schema\/logo\/image\/","url":"https:\/\/www.csj-emballages.com\/wp-content\/uploads\/2023\/10\/logo_csj.webp","contentUrl":"https:\/\/www.csj-emballages.com\/wp-content\/uploads\/2023\/10\/logo_csj.webp","width":250,"height":95,"caption":"CSJ Emballages"},"image":{"@id":"https:\/\/www.csj-emballages.com\/es\/#\/schema\/logo\/image\/"},"sameAs":["https:\/\/www.facebook.com\/csjemballages"],"address":{"@type":"PostalAddress","streetAddress":"ZI La Lechere","addressLocality":"Patornay","postalCode":"39130","addressCountry":"FR"},"contactPoint":[{"@type":"ContactPoint","contactType":"Service client","telephone":"0384254272","email":"contact@csj-emballages.com"}]}]}},"df_price":24.37,"df_sale_price":"","df_regular_price":24.37,"df_image_link":"https:\/\/www.csj-emballages.com\/wp-content\/uploads\/2024\/03\/BO-2200-300x300.webp","tiered_pricing_type":"fixed","tiered_pricing_fixed_rules":[],"tiered_pricing_percentage_rules":[],"tiered_pricing_minimum":1,"tiered_pricing_roles_data":[],"_links":{"self":[{"href":"https:\/\/www.csj-emballages.com\/es\/wp-json\/wp\/v2\/product\/19735","targetHints":{"allow":["GET"]}}],"collection":[{"href":"https:\/\/www.csj-emballages.com\/es\/wp-json\/wp\/v2\/product"}],"about":[{"href":"https:\/\/www.csj-emballages.com\/es\/wp-json\/wp\/v2\/types\/product"}],"wp:featuredmedia":[{"embeddable":true,"href":"https:\/\/www.csj-emballages.com\/es\/wp-json\/wp\/v2\/media\/227948"}],"wp:attachment":[{"href":"https:\/\/www.csj-emballages.com\/es\/wp-json\/wp\/v2\/media?parent=19735"}],"wp:term":[{"taxonomy":"product_brand","embeddable":true,"href":"https:\/\/www.csj-emballages.com\/es\/wp-json\/wp\/v2\/product_brand?post=19735"},{"taxonomy":"product_cat","embeddable":true,"href":"https:\/\/www.csj-emballages.com\/es\/wp-json\/wp\/v2\/product_cat?post=19735"},{"taxonomy":"product_tag","embeddable":true,"href":"https:\/\/www.csj-emballages.com\/es\/wp-json\/wp\/v2\/product_tag?post=19735"}],"curies":[{"name":"wp","href":"https:\/\/api.w.org\/{rel}","templated":true}]}}