{"id":19728,"date":"2024-03-01T16:57:10","date_gmt":"2024-03-01T15:57:10","guid":{"rendered":"https:\/\/u15jnbdpoq.preview.infomaniak.website\/produit\/bobina-bolduc-plata-haley-225m-x-10mm\/"},"modified":"2026-03-12T16:13:14","modified_gmt":"2026-03-12T15:13:14","slug":"bobina-bolduc-plata-haley-225m-x-10mm","status":"publish","type":"product","link":"https:\/\/www.csj-emballages.com\/es\/produit\/bobina-bolduc-plata-haley-225m-x-10mm\/","title":{"rendered":"Bobina bolduc plata \u00abHaley\u00bb 225m x 10mm"},"content":{"rendered":"<div class=\"flex flex-grow flex-col max-w-full\">\n<div class=\"min-h-[20px] text-message flex flex-col items-start whitespace-pre-wrap break-words [.text-message+&amp;]:mt-5 juice:w-full juice:items-end overflow-x-auto gap-2\" dir=\"auto\" data-message-author-role=\"assistant\" data-message-id=\"2034782e-88f9-44ef-b4dc-07dd7bf0115f\">\n<div class=\"flex w-full flex-col gap-1 juice:empty:hidden juice:first:pt-[3px]\">\n<div class=\"markdown prose w-full break-words dark:prose-invert light\">\n<div style=\"box-sizing: inherit; font-family: Roboto, sans-serif;\">\n<div style=\"box-sizing: inherit; font-family: Roboto, sans-serif;\">\n<div style=\"box-sizing: inherit; font-family: Roboto, sans-serif;\">\n<div style=\"box-sizing: inherit; font-family: Roboto, sans-serif;\">\n<div style=\"box-sizing: inherit; font-family: Roboto, sans-serif;\">\n<div style=\"box-sizing: inherit; font-family: Roboto, sans-serif;\">\n<h2><strong style=\"font-family: Roboto, sans-serif;\">Carrete Bolduc<br \/>\n<\/strong><\/h2>\n<div style=\"box-sizing: inherit; font-family: Roboto, sans-serif;\">\n<div style=\"box-sizing: inherit; font-family: Roboto, sans-serif;\">\n<div style=\"box-sizing: inherit; font-family: Roboto, sans-serif;\">\n<div style=\"text-align: center;\">\n<div style=\"box-sizing: inherit; font-family: Roboto, sans-serif;\">\n<div style=\"box-sizing: inherit; font-family: Roboto, sans-serif;\">\n<div style=\"box-sizing: inherit; font-family: Roboto, sans-serif;\">\n<div style=\"box-sizing: inherit; font-family: Roboto, sans-serif;\">\n<div style=\"box-sizing: inherit; font-family: Roboto, sans-serif;\">\n<div style=\"box-sizing: inherit; font-family: Roboto, sans-serif; text-align: left;\">\n<hr>\n<h3 style=\"text-align: left;\">Descripci\u00f3n de la bobina bolduc de plata \u00abHaley\u00bb 225m x 10mm<!--more--><\/h3>\n<p>El <strong>carrete de bolduc plata \u00abHaley<\/strong> \u00bb es un accesorio esencial para todas sus decoraciones y envoltorios de regalos. Con una longitud de 225 metros y una anchura de 10 mm, es ideal para crear cintas de bonito acabado. F\u00e1cil de manejar, envuelve perfectamente los regalos y da un toque elegante a sus presentaciones. Gracias a su intenso color <strong>plateado<\/strong>, aporta un toque vivo y refinado perfecto para una gran variedad de ocasiones. Ya sea para fiestas, eventos especiales o envases comerciales, llama la atenci\u00f3n por su brillo y delicadeza. Con esta <strong>bobina<\/strong>, las posibilidades creativas son infinitas.     <\/p>\n<p>Vers\u00e1til, puede utilizarse para atar globos o decorar ramos. Adem\u00e1s, el material resistente de este <strong>bolduc<\/strong> hace que sea f\u00e1cil de usar y duradero. La transici\u00f3n perfecta entre sencillez y elegancia, embellece cada detalle de sus creaciones. Pr\u00e1ctico y econ\u00f3mico, puede utilizarlo para adornar un gran n\u00famero de regalos sin preocuparse de que se agote r\u00e1pidamente. Elija este <strong>bolduc de plata \u00abHaley<\/strong> \u00bb para un envoltorio profesional y atractivo. Su generosa longitud y su textura ligera hacen de esta <strong>bobina<\/strong> un elemento imprescindible para cualquier paquete. Es f\u00e1cil de cortar a la longitud deseada. Por \u00faltimo, siempre tiene un bonito acabado que seguro impresionar\u00e1 a sus amigos y familiares o clientes.       <\/p>\n<\/div>\n<\/div>\n<\/div>\n<\/div>\n<\/div>\n<\/div>\n<\/div>\n<\/div>\n<\/div>\n<\/div>\n<\/div>\n<\/div>\n<\/div>\n<\/div>\n<\/div>\n<\/div>\n<\/div>\n<\/div>\n<\/div>\n<\/div>\n<p>&nbsp;<\/p>\n<div class=\"flex flex-grow flex-col max-w-full\">\n<div class=\"min-h-[20px] text-message flex flex-col items-start whitespace-pre-wrap break-words [.text-message+&amp;]:mt-5 juice:w-full juice:items-end overflow-x-auto gap-2\" dir=\"auto\" data-message-author-role=\"assistant\" data-message-id=\"2034782e-88f9-44ef-b4dc-07dd7bf0115f\">\n<div class=\"flex w-full flex-col gap-1 juice:empty:hidden juice:first:pt-[3px]\">\n<div class=\"markdown prose w-full break-words dark:prose-invert light\">\n<div style=\"box-sizing: inherit; font-family: Roboto, sans-serif;\">\n<div style=\"box-sizing: inherit; font-family: Roboto, sans-serif;\">\n<div style=\"box-sizing: inherit; font-family: Roboto, sans-serif;\">\n<div style=\"box-sizing: inherit; font-family: Roboto, sans-serif;\">\n<div style=\"box-sizing: inherit; font-family: Roboto, sans-serif;\">\n<div style=\"box-sizing: inherit; font-family: Roboto, sans-serif;\">\n<p><!--more--><\/p>\n<h4 style=\"text-align: left;\"><strong>Ventajas de nuestra bobina de bolduc plata \u00abHaley\u00bb 225m x 10mm :<\/strong><\/h4>\n<ul style=\"text-align: left;\">\n<li><strong>Gran longitud<\/strong>: 225 metros de bolduc, ideal para muchos proyectos sin tener que recargar a menudo.<\/li>\n<li><strong>Pr\u00e1ctica anchura<\/strong>: 10 mm, perfecta para crear lazos decorativos o corbatas elegantes.<\/li>\n<li><strong>Color vibrante<\/strong>: el <strong>plateado<\/strong> intenso a\u00f1ade un toque elegante y sofisticado a sus envases.<\/li>\n<li><strong>Resistencia<\/strong>: El material s\u00f3lido garantiza la durabilidad y evita desgarros durante el uso.<\/li>\n<\/ul>\n<\/div>\n<\/div>\n<\/div>\n<\/div>\n<\/div>\n<\/div>\n<\/div>\n<\/div>\n<\/div>\n<\/div>\n<p>&nbsp;<\/p>\n<p><!--more--><\/p>\n<p>Producto disponible en varios colores: <span style=\"color: #d12727;\"><a style=\"color: #d12727;\" href=\"https:\/\/www.csj-emballages.com\/produit\/bobine-bolduc-rouge-haley-225m-x-10mm\/\"><span style=\"color: #d12727;\">Rojo<\/span><\/a><\/span> \/ <span style=\"color: #d12727;\"><a style=\"color: #d12727;\" href=\"https:\/\/www.csj-emballages.com\/produit\/bobine-bolduc-bleu-haley-225m-x-10mm\/\">Azul<\/a><\/span> \/ <span style=\"color: #d12727;\"><a style=\"color: #d12727;\" href=\"https:\/\/www.csj-emballages.com\/es\/produit\/carrete-bolduc-verde-haley-225m-x-10mm\/\">Verde<\/a><\/span><\/p>\n<p>&nbsp;<\/p>\n<p style=\"text-align: left;\"><!--more--><\/p>\n<p><a href=\"https:\/\/www.csj-emballages.com\/es\/categorie-produit\/envasado-de-alimentos\/panaderia-y-pasteleria\/accesorios-y-equipamiento\/accesorios-decorativos\/carretes-bolduc\/carretes-bolduc-haley\/\">Ver el resto de nuestra gama de carretes bolduc &#8216;Haley<\/a><\/p>\n","protected":false},"excerpt":{"rendered":"<p>Carrete Bolduc Descripci\u00f3n de la bobina bolduc de plata \u00abHaley\u00bb 225m x 10mm<\/p>\n","protected":false},"featured_media":14677,"template":"","meta":{"_acf_changed":false},"product_brand":[],"product_cat":[1150,1145,1791,2178,1488,1799,2127,2186],"product_tag":[],"class_list":{"0":"post-19728","1":"product","2":"type-product","3":"status-publish","4":"has-post-thumbnail","6":"product_cat-envasado-de-alimentos","7":"product_cat-panaderia-y-pasteleria","8":"product_cat-accesorios-decorativos","9":"product_cat-carretes-bolduc-haley","10":"product_cat-tienda-y-almacen","11":"product_cat-accesorios-decorativos-es","12":"product_cat-carretes-bolduc-es","13":"product_cat-carretes-bolduc-haley-es","15":"first","16":"instock","17":"taxable","18":"shipping-taxable","19":"purchasable","20":"product-type-simple"},"acf":[],"yoast_head":"<!-- This site is optimized with the Yoast SEO Premium plugin v26.6 (Yoast SEO v26.6) - https:\/\/yoast.com\/wordpress\/plugins\/seo\/ -->\n<title>Bobina bolduc plata - &#039;Haley&#039; 225mx10mm<\/title>\n<meta name=\"description\" content=\"Bobina de bolduc plata &quot;Haley&quot; de 225 m x 10 mm, ideal para realzar tu envoltorio de regalo con un toque elegante y resistente.\" \/>\n<meta name=\"robots\" content=\"index, follow, max-snippet:-1, max-image-preview:large, max-video-preview:-1\" \/>\n<link rel=\"canonical\" href=\"https:\/\/www.csj-emballages.com\/es\/produit\/bobina-bolduc-plata-haley-225m-x-10mm\/\" \/>\n<meta property=\"og:locale\" content=\"es_ES\" \/>\n<meta property=\"og:type\" content=\"article\" \/>\n<meta property=\"og:title\" content=\"Bobina bolduc plata &quot;Haley&quot; 225m x 10mm\" \/>\n<meta property=\"og:description\" content=\"Bobina de bolduc plata &quot;Haley&quot; de 225 m x 10 mm, ideal para realzar tu envoltorio de regalo con un toque elegante y resistente.\" \/>\n<meta property=\"og:url\" content=\"https:\/\/www.csj-emballages.com\/es\/produit\/bobina-bolduc-plata-haley-225m-x-10mm\/\" \/>\n<meta property=\"og:site_name\" content=\"CSJ Emballages\" \/>\n<meta property=\"article:publisher\" content=\"https:\/\/www.facebook.com\/csjemballages\" \/>\n<meta property=\"article:modified_time\" content=\"2026-03-12T15:13:14+00:00\" \/>\n<meta property=\"og:image\" content=\"https:\/\/www.csj-emballages.com\/wp-content\/uploads\/2024\/03\/Capture-decran-2024-04-04-a-10.43.19-e1712220283281.png\" \/>\n\t<meta property=\"og:image:width\" content=\"300\" \/>\n\t<meta property=\"og:image:height\" content=\"300\" \/>\n\t<meta property=\"og:image:type\" content=\"image\/png\" \/>\n<meta name=\"twitter:card\" content=\"summary_large_image\" \/>\n<meta name=\"twitter:label1\" content=\"Tiempo de lectura\" \/>\n\t<meta name=\"twitter:data1\" content=\"2 minutos\" \/>\n<script type=\"application\/ld+json\" class=\"yoast-schema-graph\">{\"@context\":\"https:\/\/schema.org\",\"@graph\":[{\"@type\":\"WebPage\",\"@id\":\"https:\/\/www.csj-emballages.com\/es\/produit\/bobina-bolduc-plata-haley-225m-x-10mm\/\",\"url\":\"https:\/\/www.csj-emballages.com\/es\/produit\/bobina-bolduc-plata-haley-225m-x-10mm\/\",\"name\":\"Bobina bolduc plata - 'Haley' 225mx10mm\",\"isPartOf\":{\"@id\":\"https:\/\/www.csj-emballages.com\/es\/#website\"},\"primaryImageOfPage\":{\"@id\":\"https:\/\/www.csj-emballages.com\/es\/produit\/bobina-bolduc-plata-haley-225m-x-10mm\/#primaryimage\"},\"image\":{\"@id\":\"https:\/\/www.csj-emballages.com\/es\/produit\/bobina-bolduc-plata-haley-225m-x-10mm\/#primaryimage\"},\"thumbnailUrl\":\"https:\/\/www.csj-emballages.com\/wp-content\/uploads\/2024\/03\/Capture-decran-2024-04-04-a-10.43.19-e1712220283281.png\",\"datePublished\":\"2024-03-01T15:57:10+00:00\",\"dateModified\":\"2026-03-12T15:13:14+00:00\",\"description\":\"Bobina de bolduc plata \\\"Haley\\\" de 225 m x 10 mm, ideal para realzar tu envoltorio de regalo con un toque elegante y resistente.\",\"breadcrumb\":{\"@id\":\"https:\/\/www.csj-emballages.com\/es\/produit\/bobina-bolduc-plata-haley-225m-x-10mm\/#breadcrumb\"},\"inLanguage\":\"es\",\"potentialAction\":[{\"@type\":\"ReadAction\",\"target\":[\"https:\/\/www.csj-emballages.com\/es\/produit\/bobina-bolduc-plata-haley-225m-x-10mm\/\"]}]},{\"@type\":\"ImageObject\",\"inLanguage\":\"es\",\"@id\":\"https:\/\/www.csj-emballages.com\/es\/produit\/bobina-bolduc-plata-haley-225m-x-10mm\/#primaryimage\",\"url\":\"https:\/\/www.csj-emballages.com\/wp-content\/uploads\/2024\/03\/Capture-decran-2024-04-04-a-10.43.19-e1712220283281.png\",\"contentUrl\":\"https:\/\/www.csj-emballages.com\/wp-content\/uploads\/2024\/03\/Capture-decran-2024-04-04-a-10.43.19-e1712220283281.png\",\"width\":300,\"height\":300,\"caption\":\"Bobines bolduc argent \\\"Haley\\\"\"},{\"@type\":\"BreadcrumbList\",\"@id\":\"https:\/\/www.csj-emballages.com\/es\/produit\/bobina-bolduc-plata-haley-225m-x-10mm\/#breadcrumb\",\"itemListElement\":[{\"@type\":\"ListItem\",\"position\":1,\"name\":\"Accueil\",\"item\":\"https:\/\/www.csj-emballages.com\/es\/universo-del-envasado-alimentario\/\"},{\"@type\":\"ListItem\",\"position\":2,\"name\":\"Tienda\",\"item\":\"https:\/\/www.csj-emballages.com\/tienda\/\"},{\"@type\":\"ListItem\",\"position\":3,\"name\":\"Bobina bolduc plata \u00ab\u00a0Haley\u00a0\u00bb 225m x 10mm\"}]},{\"@type\":\"WebSite\",\"@id\":\"https:\/\/www.csj-emballages.com\/es\/#website\",\"url\":\"https:\/\/www.csj-emballages.com\/es\/\",\"name\":\"CSJ Emballages\",\"description\":\"\",\"publisher\":{\"@id\":\"https:\/\/www.csj-emballages.com\/es\/#organization\"},\"potentialAction\":[{\"@type\":\"SearchAction\",\"target\":{\"@type\":\"EntryPoint\",\"urlTemplate\":\"https:\/\/www.csj-emballages.com\/es\/?s={search_term_string}\"},\"query-input\":{\"@type\":\"PropertyValueSpecification\",\"valueRequired\":true,\"valueName\":\"search_term_string\"}}],\"inLanguage\":\"es\"},{\"@type\":\"Organization\",\"@id\":\"https:\/\/www.csj-emballages.com\/es\/#Organization\/\",\"name\":\"CSJ Emballages\",\"url\":\"https:\/\/www.csj-emballages.com\/es\/\",\"logo\":{\"@type\":\"ImageObject\",\"inLanguage\":\"es\",\"@id\":\"https:\/\/www.csj-emballages.com\/es\/#\/schema\/logo\/image\/\",\"url\":\"https:\/\/www.csj-emballages.com\/wp-content\/uploads\/2023\/10\/logo_csj.webp\",\"contentUrl\":\"https:\/\/www.csj-emballages.com\/wp-content\/uploads\/2023\/10\/logo_csj.webp\",\"width\":250,\"height\":95,\"caption\":\"CSJ Emballages\"},\"image\":{\"@id\":\"https:\/\/www.csj-emballages.com\/es\/#\/schema\/logo\/image\/\"},\"sameAs\":[\"https:\/\/www.facebook.com\/csjemballages\"],\"address\":{\"@type\":\"PostalAddress\",\"streetAddress\":\"ZI La Lechere\",\"addressLocality\":\"Patornay\",\"postalCode\":\"39130\",\"addressCountry\":\"FR\"},\"contactPoint\":[{\"@type\":\"ContactPoint\",\"contactType\":\"Service client\",\"telephone\":\"0384254272\",\"email\":\"contact@csj-emballages.com\"}]}]}<\/script>\n<!-- \/ Yoast SEO Premium plugin. -->","yoast_head_json":{"title":"Bobina bolduc plata - 'Haley' 225mx10mm","description":"Bobina de bolduc plata \"Haley\" de 225 m x 10 mm, ideal para realzar tu envoltorio de regalo con un toque elegante y resistente.","robots":{"index":"index","follow":"follow","max-snippet":"max-snippet:-1","max-image-preview":"max-image-preview:large","max-video-preview":"max-video-preview:-1"},"canonical":"https:\/\/www.csj-emballages.com\/es\/produit\/bobina-bolduc-plata-haley-225m-x-10mm\/","og_locale":"es_ES","og_type":"article","og_title":"Bobina bolduc plata \"Haley\" 225m x 10mm","og_description":"Bobina de bolduc plata \"Haley\" de 225 m x 10 mm, ideal para realzar tu envoltorio de regalo con un toque elegante y resistente.","og_url":"https:\/\/www.csj-emballages.com\/es\/produit\/bobina-bolduc-plata-haley-225m-x-10mm\/","og_site_name":"CSJ Emballages","article_publisher":"https:\/\/www.facebook.com\/csjemballages","article_modified_time":"2026-03-12T15:13:14+00:00","og_image":[{"width":300,"height":300,"url":"https:\/\/www.csj-emballages.com\/wp-content\/uploads\/2024\/03\/Capture-decran-2024-04-04-a-10.43.19-e1712220283281.png","type":"image\/png"}],"twitter_card":"summary_large_image","twitter_misc":{"Tiempo de lectura":"2 minutos"},"schema":{"@context":"https:\/\/schema.org","@graph":[{"@type":"WebPage","@id":"https:\/\/www.csj-emballages.com\/es\/produit\/bobina-bolduc-plata-haley-225m-x-10mm\/","url":"https:\/\/www.csj-emballages.com\/es\/produit\/bobina-bolduc-plata-haley-225m-x-10mm\/","name":"Bobina bolduc plata - 'Haley' 225mx10mm","isPartOf":{"@id":"https:\/\/www.csj-emballages.com\/es\/#website"},"primaryImageOfPage":{"@id":"https:\/\/www.csj-emballages.com\/es\/produit\/bobina-bolduc-plata-haley-225m-x-10mm\/#primaryimage"},"image":{"@id":"https:\/\/www.csj-emballages.com\/es\/produit\/bobina-bolduc-plata-haley-225m-x-10mm\/#primaryimage"},"thumbnailUrl":"https:\/\/www.csj-emballages.com\/wp-content\/uploads\/2024\/03\/Capture-decran-2024-04-04-a-10.43.19-e1712220283281.png","datePublished":"2024-03-01T15:57:10+00:00","dateModified":"2026-03-12T15:13:14+00:00","description":"Bobina de bolduc plata \"Haley\" de 225 m x 10 mm, ideal para realzar tu envoltorio de regalo con un toque elegante y resistente.","breadcrumb":{"@id":"https:\/\/www.csj-emballages.com\/es\/produit\/bobina-bolduc-plata-haley-225m-x-10mm\/#breadcrumb"},"inLanguage":"es","potentialAction":[{"@type":"ReadAction","target":["https:\/\/www.csj-emballages.com\/es\/produit\/bobina-bolduc-plata-haley-225m-x-10mm\/"]}]},{"@type":"ImageObject","inLanguage":"es","@id":"https:\/\/www.csj-emballages.com\/es\/produit\/bobina-bolduc-plata-haley-225m-x-10mm\/#primaryimage","url":"https:\/\/www.csj-emballages.com\/wp-content\/uploads\/2024\/03\/Capture-decran-2024-04-04-a-10.43.19-e1712220283281.png","contentUrl":"https:\/\/www.csj-emballages.com\/wp-content\/uploads\/2024\/03\/Capture-decran-2024-04-04-a-10.43.19-e1712220283281.png","width":300,"height":300,"caption":"Bobines bolduc argent \"Haley\""},{"@type":"BreadcrumbList","@id":"https:\/\/www.csj-emballages.com\/es\/produit\/bobina-bolduc-plata-haley-225m-x-10mm\/#breadcrumb","itemListElement":[{"@type":"ListItem","position":1,"name":"Accueil","item":"https:\/\/www.csj-emballages.com\/es\/universo-del-envasado-alimentario\/"},{"@type":"ListItem","position":2,"name":"Tienda","item":"https:\/\/www.csj-emballages.com\/tienda\/"},{"@type":"ListItem","position":3,"name":"Bobina bolduc plata \u00ab\u00a0Haley\u00a0\u00bb 225m x 10mm"}]},{"@type":"WebSite","@id":"https:\/\/www.csj-emballages.com\/es\/#website","url":"https:\/\/www.csj-emballages.com\/es\/","name":"CSJ Emballages","description":"","publisher":{"@id":"https:\/\/www.csj-emballages.com\/es\/#organization"},"potentialAction":[{"@type":"SearchAction","target":{"@type":"EntryPoint","urlTemplate":"https:\/\/www.csj-emballages.com\/es\/?s={search_term_string}"},"query-input":{"@type":"PropertyValueSpecification","valueRequired":true,"valueName":"search_term_string"}}],"inLanguage":"es"},{"@type":"Organization","@id":"https:\/\/www.csj-emballages.com\/es\/#Organization\/","name":"CSJ Emballages","url":"https:\/\/www.csj-emballages.com\/es\/","logo":{"@type":"ImageObject","inLanguage":"es","@id":"https:\/\/www.csj-emballages.com\/es\/#\/schema\/logo\/image\/","url":"https:\/\/www.csj-emballages.com\/wp-content\/uploads\/2023\/10\/logo_csj.webp","contentUrl":"https:\/\/www.csj-emballages.com\/wp-content\/uploads\/2023\/10\/logo_csj.webp","width":250,"height":95,"caption":"CSJ Emballages"},"image":{"@id":"https:\/\/www.csj-emballages.com\/es\/#\/schema\/logo\/image\/"},"sameAs":["https:\/\/www.facebook.com\/csjemballages"],"address":{"@type":"PostalAddress","streetAddress":"ZI La Lechere","addressLocality":"Patornay","postalCode":"39130","addressCountry":"FR"},"contactPoint":[{"@type":"ContactPoint","contactType":"Service client","telephone":"0384254272","email":"contact@csj-emballages.com"}]}]}},"df_price":7.38,"df_sale_price":"","df_regular_price":7.38,"df_image_link":"https:\/\/www.csj-emballages.com\/wp-content\/uploads\/2024\/03\/Capture-decran-2024-04-04-a-10.43.19-300x300.png","tiered_pricing_type":"fixed","tiered_pricing_fixed_rules":[],"tiered_pricing_percentage_rules":[],"tiered_pricing_minimum":1,"tiered_pricing_roles_data":[],"_links":{"self":[{"href":"https:\/\/www.csj-emballages.com\/es\/wp-json\/wp\/v2\/product\/19728","targetHints":{"allow":["GET"]}}],"collection":[{"href":"https:\/\/www.csj-emballages.com\/es\/wp-json\/wp\/v2\/product"}],"about":[{"href":"https:\/\/www.csj-emballages.com\/es\/wp-json\/wp\/v2\/types\/product"}],"wp:featuredmedia":[{"embeddable":true,"href":"https:\/\/www.csj-emballages.com\/es\/wp-json\/wp\/v2\/media\/14677"}],"wp:attachment":[{"href":"https:\/\/www.csj-emballages.com\/es\/wp-json\/wp\/v2\/media?parent=19728"}],"wp:term":[{"taxonomy":"product_brand","embeddable":true,"href":"https:\/\/www.csj-emballages.com\/es\/wp-json\/wp\/v2\/product_brand?post=19728"},{"taxonomy":"product_cat","embeddable":true,"href":"https:\/\/www.csj-emballages.com\/es\/wp-json\/wp\/v2\/product_cat?post=19728"},{"taxonomy":"product_tag","embeddable":true,"href":"https:\/\/www.csj-emballages.com\/es\/wp-json\/wp\/v2\/product_tag?post=19728"}],"curies":[{"name":"wp","href":"https:\/\/api.w.org\/{rel}","templated":true}]}}