{"id":19707,"date":"2024-03-01T16:57:11","date_gmt":"2024-03-01T15:57:11","guid":{"rendered":"https:\/\/u15jnbdpoq.preview.infomaniak.website\/produit\/bobina-bolduc-azalea-violeta-duo-listel-100m-x-125mm\/"},"modified":"2026-02-04T02:11:21","modified_gmt":"2026-02-04T01:11:21","slug":"bobina-bolduc-azalea-violeta-duo-listel-100m-x-125mm","status":"publish","type":"product","link":"https:\/\/www.csj-emballages.com\/es\/produit\/bobina-bolduc-azalea-violeta-duo-listel-100m-x-125mm\/","title":{"rendered":"Bolduc rosa \/ morado \u00abDuo Listel\u00bb 100m x 12,5mm"},"content":{"rendered":"<h2>Bolduc rosa \/ morado<\/h2>\n<hr>\n<h3>Descripci\u00f3n de nuestro bolduc \u00abDuo Listel\u00bb rosa \/ morado 100m x 12,5mm<\/h3>\n<p><!--more--><\/p>\n<p data-start=\"100\" data-end=\"580\">A\u00f1ada un toque de chispeante elegancia a sus envases con <strong data-start=\"170\" data-end=\"221\">el bolduc \u00abDuo Listel\u00bb rosa\/morado, 100 m x 12,5 mm<\/strong>. Esta <strong data-start=\"226\" data-end=\"245\">cinta decorativa<\/strong> cautiva por su sutil juego de <strong data-start=\"275\" data-end=\"308\">dos colores complementarios<\/strong>, que combinan un <strong data-start=\"320\" data-end=\"333\">rosa caramelo<\/strong> y un <strong data-start=\"340\" data-end=\"358\">morado intenso<\/strong> que llaman inmediatamente la atenci\u00f3n. Ideal para <strong data-start=\"408\" data-end=\"443\">realzar sus envoltorios de regalo<\/strong>, es perfecta para todas las ocasiones: cumplea\u00f1os, bodas, celebraciones de fin de a\u00f1o o presentaciones de productos de alta gama.  <\/p>\n<p data-start=\"582\" data-end=\"1104\">Este <strong>bolducho rosa y morado<\/strong> a\u00f1ade un refinado brillo que capta la luz y crea un efecto \u00abwow\u00bb en cada paquete. Su <strong data-start=\"724\" data-end=\"746\">anchura de 12,5 mm<\/strong> ofrece el equilibrio perfecto entre finura y visibilidad, mientras que su <strong data-start=\"817\" data-end=\"848\">generosa longitud de 100 m<\/strong> permite crear un gran n\u00famero de paquetes sin preocuparse por quedarse sin <strong>cinta<\/strong>. Del mismo modo, su material flexible pero resistente facilita la creaci\u00f3n de <strong data-start=\"999\" data-end=\"1017\">elegantes lazos<\/strong>, bucles originales o giros decorativos, al tiempo que garantiza una buena sujeci\u00f3n.  <\/p>\n<p data-start=\"1106\" data-end=\"1493\">Al optar por esta <strong data-start=\"1124\" data-end=\"1149\">cinta bicolor bolduc<\/strong>, no s\u00f3lo ahorrar\u00e1 tiempo, sino tambi\u00e9n estilo: una sola <strong>cinta<\/strong> es todo lo que necesita para a\u00f1adir relieve y un acabado profesional a sus presentaciones. Tanto si es <strong data-start=\"1315\" data-end=\"1329\">tendero<\/strong>, pastelero, florista o simplemente un aficionado, esta <strong>cinta rosa y morada<\/strong> se convertir\u00e1 r\u00e1pidamente en imprescindible. <\/p>\n<p data-start=\"1495\" data-end=\"1793\">En resumen, el <strong data-start=\"1509\" data-end=\"1544\">bolduc \u00abDuo Listel\u00bb rosa\/morado<\/strong> es mucho m\u00e1s que una cinta: es un <strong data-start=\"1589\" data-end=\"1616\">detalle chic y de moda<\/strong>. D\u00e9 rienda suelta a su creatividad y confiera a cada paquete ese peque\u00f1o toque que marca la diferencia. <\/p>\n<p data-start=\"1495\" data-end=\"1793\">\n<p><!--more--><\/p>\n<h4><strong>Ventajas :<\/strong><\/h4>\n<ul>\n<li><strong data-start=\"2018\" data-end=\"2036\">Doble<\/strong> rosa y morado para un efecto visual \u00fanico.<\/li>\n<li><strong data-start=\"2085\" data-end=\"2107\">Un acabado brillante<\/strong> que capta la luz y atrae las miradas.<\/li>\n<li><strong data-start=\"2150\" data-end=\"2171\">100 m de longitud<\/strong> para una amplia gama de envases.<\/li>\n<li><strong data-start=\"2205\" data-end=\"2224\">12,5 mm de ancho<\/strong>, ideal para lazos y adornos diversos.<\/li>\n<li>Material <strong data-start=\"2279\" data-end=\"2303\">flexible y resistente<\/strong>, f\u00e1cil de manejar.<\/li>\n<\/ul>\n<p>&nbsp;<\/p>\n<p><!--more--><\/p>\n<h4>Informaci\u00f3n adicional :<\/h4>\n<ul>\n<li><strong>Embalaje<\/strong>: Por unidad<\/li>\n<li><strong>Dimensiones<\/strong>: 100 m x 12,5 mm<\/li>\n<li><strong>Color<\/strong>: rosa \/ violeta<\/li>\n<li><strong>Material<\/strong>: Polipropileno<\/li>\n<\/ul>\n<p>&nbsp;<\/p>\n<p>&nbsp;<\/p>\n<p><!--more--><\/p>\n<p><a href=\"\/?product_cat=bobines-bolduc-duo-listel\">Ver el resto de nuestra gama de bolducs \u00abDuo Listel<\/a><\/p>\n","protected":false},"excerpt":{"rendered":"<p>Bolduc rosa \/ morado Descripci\u00f3n de nuestro bolduc \u00abDuo Listel\u00bb rosa \/ morado 100m x 12,5mm<\/p>\n","protected":false},"featured_media":244023,"template":"","meta":{"_acf_changed":false},"product_brand":[],"product_cat":[1150,1145,1791,1810,2189,1488,1799,2127,2191],"product_tag":[],"class_list":{"0":"post-19707","1":"product","2":"type-product","3":"status-publish","4":"has-post-thumbnail","6":"product_cat-envasado-de-alimentos","7":"product_cat-panaderia-y-pasteleria","8":"product_cat-accesorios-decorativos","9":"product_cat-carretes-bolduc","10":"product_cat-bobinas-bolduc-duo-listel","11":"product_cat-tienda-y-almacen","12":"product_cat-accesorios-decorativos-es","13":"product_cat-carretes-bolduc-es","14":"product_cat-bobinas-bolduc-duo-listel-es","16":"first","17":"outofstock","18":"taxable","19":"shipping-taxable","20":"purchasable","21":"product-type-simple"},"acf":[],"yoast_head":"<!-- This site is optimized with the Yoast SEO Premium plugin v26.6 (Yoast SEO v26.6) - https:\/\/yoast.com\/wordpress\/plugins\/seo\/ -->\n<title>Bolduc rosa \/ morado &quot;Duo Listel&quot; 100m x 12,5mm<\/title>\n<meta name=\"description\" content=\"Duo Listel&quot; rosa\/morado bolduc 100 m x 12,5 mm: cinta de lentejuelas bicolor ideal para envolver regalos con elegancia y brillo.\" \/>\n<meta name=\"robots\" content=\"index, follow, max-snippet:-1, max-image-preview:large, max-video-preview:-1\" \/>\n<link rel=\"canonical\" href=\"https:\/\/www.csj-emballages.com\/es\/produit\/bobina-bolduc-azalea-violeta-duo-listel-100m-x-125mm\/\" \/>\n<meta property=\"og:locale\" content=\"es_ES\" \/>\n<meta property=\"og:type\" content=\"article\" \/>\n<meta property=\"og:title\" content=\"Bolduc rosa \/ morado &quot;Duo Listel&quot; 100m x 12,5mm\" \/>\n<meta property=\"og:description\" content=\"Duo Listel&quot; rosa\/morado bolduc 100 m x 12,5 mm: cinta de lentejuelas bicolor ideal para envolver regalos con elegancia y brillo.\" \/>\n<meta property=\"og:url\" content=\"https:\/\/www.csj-emballages.com\/es\/produit\/bobina-bolduc-azalea-violeta-duo-listel-100m-x-125mm\/\" \/>\n<meta property=\"og:site_name\" content=\"CSJ Emballages\" \/>\n<meta property=\"article:publisher\" content=\"https:\/\/www.facebook.com\/csjemballages\" \/>\n<meta property=\"article:modified_time\" content=\"2026-02-04T01:11:21+00:00\" \/>\n<meta property=\"og:image\" content=\"https:\/\/www.csj-emballages.com\/wp-content\/uploads\/2024\/03\/BOBDUOLISTELD10.webp\" \/>\n\t<meta property=\"og:image:width\" content=\"800\" \/>\n\t<meta property=\"og:image:height\" content=\"800\" \/>\n\t<meta property=\"og:image:type\" content=\"image\/webp\" \/>\n<meta name=\"twitter:card\" content=\"summary_large_image\" \/>\n<meta name=\"twitter:label1\" content=\"Tiempo de lectura\" \/>\n\t<meta name=\"twitter:data1\" content=\"2 minutos\" \/>\n<script type=\"application\/ld+json\" class=\"yoast-schema-graph\">{\"@context\":\"https:\/\/schema.org\",\"@graph\":[{\"@type\":\"WebPage\",\"@id\":\"https:\/\/www.csj-emballages.com\/es\/produit\/bobina-bolduc-azalea-violeta-duo-listel-100m-x-125mm\/\",\"url\":\"https:\/\/www.csj-emballages.com\/es\/produit\/bobina-bolduc-azalea-violeta-duo-listel-100m-x-125mm\/\",\"name\":\"Bolduc rosa \/ morado \\\"Duo Listel\\\" 100m x 12,5mm\",\"isPartOf\":{\"@id\":\"https:\/\/www.csj-emballages.com\/es\/#website\"},\"primaryImageOfPage\":{\"@id\":\"https:\/\/www.csj-emballages.com\/es\/produit\/bobina-bolduc-azalea-violeta-duo-listel-100m-x-125mm\/#primaryimage\"},\"image\":{\"@id\":\"https:\/\/www.csj-emballages.com\/es\/produit\/bobina-bolduc-azalea-violeta-duo-listel-100m-x-125mm\/#primaryimage\"},\"thumbnailUrl\":\"https:\/\/www.csj-emballages.com\/wp-content\/uploads\/2024\/03\/BOBDUOLISTELD10.webp\",\"datePublished\":\"2024-03-01T15:57:11+00:00\",\"dateModified\":\"2026-02-04T01:11:21+00:00\",\"description\":\"Duo Listel\\\" rosa\/morado bolduc 100 m x 12,5 mm: cinta de lentejuelas bicolor ideal para envolver regalos con elegancia y brillo.\",\"breadcrumb\":{\"@id\":\"https:\/\/www.csj-emballages.com\/es\/produit\/bobina-bolduc-azalea-violeta-duo-listel-100m-x-125mm\/#breadcrumb\"},\"inLanguage\":\"es\",\"potentialAction\":[{\"@type\":\"ReadAction\",\"target\":[\"https:\/\/www.csj-emballages.com\/es\/produit\/bobina-bolduc-azalea-violeta-duo-listel-100m-x-125mm\/\"]}]},{\"@type\":\"ImageObject\",\"inLanguage\":\"es\",\"@id\":\"https:\/\/www.csj-emballages.com\/es\/produit\/bobina-bolduc-azalea-violeta-duo-listel-100m-x-125mm\/#primaryimage\",\"url\":\"https:\/\/www.csj-emballages.com\/wp-content\/uploads\/2024\/03\/BOBDUOLISTELD10.webp\",\"contentUrl\":\"https:\/\/www.csj-emballages.com\/wp-content\/uploads\/2024\/03\/BOBDUOLISTELD10.webp\",\"width\":800,\"height\":800,\"caption\":\"Bolduc rose\"},{\"@type\":\"BreadcrumbList\",\"@id\":\"https:\/\/www.csj-emballages.com\/es\/produit\/bobina-bolduc-azalea-violeta-duo-listel-100m-x-125mm\/#breadcrumb\",\"itemListElement\":[{\"@type\":\"ListItem\",\"position\":1,\"name\":\"Accueil\",\"item\":\"https:\/\/www.csj-emballages.com\/es\/universo-del-envasado-alimentario\/\"},{\"@type\":\"ListItem\",\"position\":2,\"name\":\"Tienda\",\"item\":\"https:\/\/www.csj-emballages.com\/tienda\/\"},{\"@type\":\"ListItem\",\"position\":3,\"name\":\"Bolduc rosa \/ morado \u00ab\u00a0Duo Listel\u00a0\u00bb 100m x 12,5mm\"}]},{\"@type\":\"WebSite\",\"@id\":\"https:\/\/www.csj-emballages.com\/es\/#website\",\"url\":\"https:\/\/www.csj-emballages.com\/es\/\",\"name\":\"CSJ Emballages\",\"description\":\"\",\"publisher\":{\"@id\":\"https:\/\/www.csj-emballages.com\/es\/#organization\"},\"potentialAction\":[{\"@type\":\"SearchAction\",\"target\":{\"@type\":\"EntryPoint\",\"urlTemplate\":\"https:\/\/www.csj-emballages.com\/es\/?s={search_term_string}\"},\"query-input\":{\"@type\":\"PropertyValueSpecification\",\"valueRequired\":true,\"valueName\":\"search_term_string\"}}],\"inLanguage\":\"es\"},{\"@type\":\"Organization\",\"@id\":\"https:\/\/www.csj-emballages.com\/es\/#Organization\/\",\"name\":\"CSJ Emballages\",\"url\":\"https:\/\/www.csj-emballages.com\/es\/\",\"logo\":{\"@type\":\"ImageObject\",\"inLanguage\":\"es\",\"@id\":\"https:\/\/www.csj-emballages.com\/es\/#\/schema\/logo\/image\/\",\"url\":\"https:\/\/www.csj-emballages.com\/wp-content\/uploads\/2023\/10\/logo_csj.webp\",\"contentUrl\":\"https:\/\/www.csj-emballages.com\/wp-content\/uploads\/2023\/10\/logo_csj.webp\",\"width\":250,\"height\":95,\"caption\":\"CSJ Emballages\"},\"image\":{\"@id\":\"https:\/\/www.csj-emballages.com\/es\/#\/schema\/logo\/image\/\"},\"sameAs\":[\"https:\/\/www.facebook.com\/csjemballages\"],\"address\":{\"@type\":\"PostalAddress\",\"streetAddress\":\"ZI La Lechere\",\"addressLocality\":\"Patornay\",\"postalCode\":\"39130\",\"addressCountry\":\"FR\"},\"contactPoint\":[{\"@type\":\"ContactPoint\",\"contactType\":\"Service client\",\"telephone\":\"0384254272\",\"email\":\"contact@csj-emballages.com\"}]}]}<\/script>\n<!-- \/ Yoast SEO Premium plugin. -->","yoast_head_json":{"title":"Bolduc rosa \/ morado \"Duo Listel\" 100m x 12,5mm","description":"Duo Listel\" rosa\/morado bolduc 100 m x 12,5 mm: cinta de lentejuelas bicolor ideal para envolver regalos con elegancia y brillo.","robots":{"index":"index","follow":"follow","max-snippet":"max-snippet:-1","max-image-preview":"max-image-preview:large","max-video-preview":"max-video-preview:-1"},"canonical":"https:\/\/www.csj-emballages.com\/es\/produit\/bobina-bolduc-azalea-violeta-duo-listel-100m-x-125mm\/","og_locale":"es_ES","og_type":"article","og_title":"Bolduc rosa \/ morado \"Duo Listel\" 100m x 12,5mm","og_description":"Duo Listel\" rosa\/morado bolduc 100 m x 12,5 mm: cinta de lentejuelas bicolor ideal para envolver regalos con elegancia y brillo.","og_url":"https:\/\/www.csj-emballages.com\/es\/produit\/bobina-bolduc-azalea-violeta-duo-listel-100m-x-125mm\/","og_site_name":"CSJ Emballages","article_publisher":"https:\/\/www.facebook.com\/csjemballages","article_modified_time":"2026-02-04T01:11:21+00:00","og_image":[{"width":800,"height":800,"url":"https:\/\/www.csj-emballages.com\/wp-content\/uploads\/2024\/03\/BOBDUOLISTELD10.webp","type":"image\/webp"}],"twitter_card":"summary_large_image","twitter_misc":{"Tiempo de lectura":"2 minutos"},"schema":{"@context":"https:\/\/schema.org","@graph":[{"@type":"WebPage","@id":"https:\/\/www.csj-emballages.com\/es\/produit\/bobina-bolduc-azalea-violeta-duo-listel-100m-x-125mm\/","url":"https:\/\/www.csj-emballages.com\/es\/produit\/bobina-bolduc-azalea-violeta-duo-listel-100m-x-125mm\/","name":"Bolduc rosa \/ morado \"Duo Listel\" 100m x 12,5mm","isPartOf":{"@id":"https:\/\/www.csj-emballages.com\/es\/#website"},"primaryImageOfPage":{"@id":"https:\/\/www.csj-emballages.com\/es\/produit\/bobina-bolduc-azalea-violeta-duo-listel-100m-x-125mm\/#primaryimage"},"image":{"@id":"https:\/\/www.csj-emballages.com\/es\/produit\/bobina-bolduc-azalea-violeta-duo-listel-100m-x-125mm\/#primaryimage"},"thumbnailUrl":"https:\/\/www.csj-emballages.com\/wp-content\/uploads\/2024\/03\/BOBDUOLISTELD10.webp","datePublished":"2024-03-01T15:57:11+00:00","dateModified":"2026-02-04T01:11:21+00:00","description":"Duo Listel\" rosa\/morado bolduc 100 m x 12,5 mm: cinta de lentejuelas bicolor ideal para envolver regalos con elegancia y brillo.","breadcrumb":{"@id":"https:\/\/www.csj-emballages.com\/es\/produit\/bobina-bolduc-azalea-violeta-duo-listel-100m-x-125mm\/#breadcrumb"},"inLanguage":"es","potentialAction":[{"@type":"ReadAction","target":["https:\/\/www.csj-emballages.com\/es\/produit\/bobina-bolduc-azalea-violeta-duo-listel-100m-x-125mm\/"]}]},{"@type":"ImageObject","inLanguage":"es","@id":"https:\/\/www.csj-emballages.com\/es\/produit\/bobina-bolduc-azalea-violeta-duo-listel-100m-x-125mm\/#primaryimage","url":"https:\/\/www.csj-emballages.com\/wp-content\/uploads\/2024\/03\/BOBDUOLISTELD10.webp","contentUrl":"https:\/\/www.csj-emballages.com\/wp-content\/uploads\/2024\/03\/BOBDUOLISTELD10.webp","width":800,"height":800,"caption":"Bolduc rose"},{"@type":"BreadcrumbList","@id":"https:\/\/www.csj-emballages.com\/es\/produit\/bobina-bolduc-azalea-violeta-duo-listel-100m-x-125mm\/#breadcrumb","itemListElement":[{"@type":"ListItem","position":1,"name":"Accueil","item":"https:\/\/www.csj-emballages.com\/es\/universo-del-envasado-alimentario\/"},{"@type":"ListItem","position":2,"name":"Tienda","item":"https:\/\/www.csj-emballages.com\/tienda\/"},{"@type":"ListItem","position":3,"name":"Bolduc rosa \/ morado \u00ab\u00a0Duo Listel\u00a0\u00bb 100m x 12,5mm"}]},{"@type":"WebSite","@id":"https:\/\/www.csj-emballages.com\/es\/#website","url":"https:\/\/www.csj-emballages.com\/es\/","name":"CSJ Emballages","description":"","publisher":{"@id":"https:\/\/www.csj-emballages.com\/es\/#organization"},"potentialAction":[{"@type":"SearchAction","target":{"@type":"EntryPoint","urlTemplate":"https:\/\/www.csj-emballages.com\/es\/?s={search_term_string}"},"query-input":{"@type":"PropertyValueSpecification","valueRequired":true,"valueName":"search_term_string"}}],"inLanguage":"es"},{"@type":"Organization","@id":"https:\/\/www.csj-emballages.com\/es\/#Organization\/","name":"CSJ Emballages","url":"https:\/\/www.csj-emballages.com\/es\/","logo":{"@type":"ImageObject","inLanguage":"es","@id":"https:\/\/www.csj-emballages.com\/es\/#\/schema\/logo\/image\/","url":"https:\/\/www.csj-emballages.com\/wp-content\/uploads\/2023\/10\/logo_csj.webp","contentUrl":"https:\/\/www.csj-emballages.com\/wp-content\/uploads\/2023\/10\/logo_csj.webp","width":250,"height":95,"caption":"CSJ Emballages"},"image":{"@id":"https:\/\/www.csj-emballages.com\/es\/#\/schema\/logo\/image\/"},"sameAs":["https:\/\/www.facebook.com\/csjemballages"],"address":{"@type":"PostalAddress","streetAddress":"ZI La Lechere","addressLocality":"Patornay","postalCode":"39130","addressCountry":"FR"},"contactPoint":[{"@type":"ContactPoint","contactType":"Service client","telephone":"0384254272","email":"contact@csj-emballages.com"}]}]}},"df_price":5.89,"df_sale_price":"","df_regular_price":5.89,"df_image_link":"https:\/\/www.csj-emballages.com\/wp-content\/uploads\/2024\/03\/BOBDUOLISTELD10-300x300.webp","tiered_pricing_type":"fixed","tiered_pricing_fixed_rules":[],"tiered_pricing_percentage_rules":[],"tiered_pricing_minimum":1,"tiered_pricing_roles_data":[],"_links":{"self":[{"href":"https:\/\/www.csj-emballages.com\/es\/wp-json\/wp\/v2\/product\/19707","targetHints":{"allow":["GET"]}}],"collection":[{"href":"https:\/\/www.csj-emballages.com\/es\/wp-json\/wp\/v2\/product"}],"about":[{"href":"https:\/\/www.csj-emballages.com\/es\/wp-json\/wp\/v2\/types\/product"}],"wp:featuredmedia":[{"embeddable":true,"href":"https:\/\/www.csj-emballages.com\/es\/wp-json\/wp\/v2\/media\/244023"}],"wp:attachment":[{"href":"https:\/\/www.csj-emballages.com\/es\/wp-json\/wp\/v2\/media?parent=19707"}],"wp:term":[{"taxonomy":"product_brand","embeddable":true,"href":"https:\/\/www.csj-emballages.com\/es\/wp-json\/wp\/v2\/product_brand?post=19707"},{"taxonomy":"product_cat","embeddable":true,"href":"https:\/\/www.csj-emballages.com\/es\/wp-json\/wp\/v2\/product_cat?post=19707"},{"taxonomy":"product_tag","embeddable":true,"href":"https:\/\/www.csj-emballages.com\/es\/wp-json\/wp\/v2\/product_tag?post=19707"}],"curies":[{"name":"wp","href":"https:\/\/api.w.org\/{rel}","templated":true}]}}