{"id":19701,"date":"2024-03-01T16:57:10","date_gmt":"2024-03-01T15:57:10","guid":{"rendered":"https:\/\/u15jnbdpoq.preview.infomaniak.website\/produit\/bobina-de-bolduc-rojo-hendrix-225-m-x-10-mm\/"},"modified":"2025-11-22T02:12:24","modified_gmt":"2025-11-22T01:12:24","slug":"bobina-de-bolduc-rojo-hendrix-225-m-x-10-mm","status":"publish","type":"product","link":"https:\/\/www.csj-emballages.com\/es\/produit\/bobina-de-bolduc-rojo-hendrix-225-m-x-10-mm\/","title":{"rendered":"Bobina de bolduc rojo \u00abHendrix\u00bb 225 m x 10 mm"},"content":{"rendered":"<div class=\"flex flex-grow flex-col max-w-full\">\n<div class=\"min-h-[20px] text-message flex flex-col items-start whitespace-pre-wrap break-words [.text-message+&amp;]:mt-5 juice:w-full juice:items-end overflow-x-auto gap-2\" dir=\"auto\" data-message-author-role=\"assistant\" data-message-id=\"2034782e-88f9-44ef-b4dc-07dd7bf0115f\">\n<div class=\"flex w-full flex-col gap-1 juice:empty:hidden juice:first:pt-[3px]\">\n<div class=\"markdown prose w-full break-words dark:prose-invert light\">\n<div style=\"box-sizing: inherit; font-family: Roboto, sans-serif;\">\n<div style=\"box-sizing: inherit; font-family: Roboto, sans-serif;\">\n<div style=\"box-sizing: inherit; font-family: Roboto, sans-serif;\">\n<div style=\"box-sizing: inherit; font-family: Roboto, sans-serif;\">\n<div style=\"box-sizing: inherit; font-family: Roboto, sans-serif;\">\n<div style=\"box-sizing: inherit; font-family: Roboto, sans-serif;\">\n<h2><strong style=\"font-family: Roboto, sans-serif;\">Carrete Bolduc<br \/>\n<\/strong><\/h2>\n<div style=\"box-sizing: inherit; font-family: Roboto, sans-serif;\">\n<div style=\"box-sizing: inherit; font-family: Roboto, sans-serif;\">\n<div style=\"box-sizing: inherit; font-family: Roboto, sans-serif;\">\n<div style=\"text-align: center;\">\n<div style=\"box-sizing: inherit; font-family: Roboto, sans-serif;\">\n<div style=\"box-sizing: inherit; font-family: Roboto, sans-serif;\">\n<div style=\"box-sizing: inherit; font-family: Roboto, sans-serif;\">\n<div style=\"box-sizing: inherit; font-family: Roboto, sans-serif;\">\n<div style=\"box-sizing: inherit; font-family: Roboto, sans-serif;\">\n<div style=\"box-sizing: inherit; font-family: Roboto, sans-serif; text-align: left;\">\n<hr>\n<h3 style=\"text-align: left;\">Descripci\u00f3n de la bobina de bolduc rojo \u00abHendrix\u00bb 225m x 10mm<!--more--><\/h3>\n<p>A\u00f1ada un toque de elegancia a sus envases con la <strong>bobina de bolduc rojo \u00abHendrix<\/strong>\u00ab. Con 225 metros de longitud, esta cinta es extremadamente vers\u00e1til. Tendr\u00e1 longitud suficiente para adornar una amplia gama de regalos. Su anchura de 10 mm la convierte en la elecci\u00f3n ideal para un acabado impecable. El color <strong>rojo brillante<\/strong> atrae todas las miradas. Ya sea para un cumplea\u00f1os, una boda o cualquier otra celebraci\u00f3n, este <strong>bolduc<\/strong> es perfecto.     <\/p>\n<p>Adem\u00e1s, es muy f\u00e1cil de manejar. Puedes atarlo, retorcerlo o cortarlo a tu gusto. As\u00ed podr\u00e1 crear lazos elegantes y sofisticados. Su resistencia garantiza una sujeci\u00f3n \u00f3ptima, esencial para sus envoltorios. Puede estar seguro de que sus regalos permanecer\u00e1n en su sitio. Adem\u00e1s, <strong>el bolduc rojo \u00abHendrix<\/strong> \u00bb est\u00e1 dise\u00f1ado para adaptarse a todo tipo de envoltorios. Tanto si se trata de un regalo peque\u00f1o como grande, esta cinta se adaptar\u00e1 a la perfecci\u00f3n.      <\/p>\n<p>Su acabado brillante a\u00f1ade un toque de lujo a sus creaciones. No necesitar\u00e1 a\u00f1adir muchos elementos adicionales. De hecho, este <strong>bolduc<\/strong> hace que su envoltorio brille por s\u00ed solo. Y con su generosa longitud, nunca tendr\u00e1 que preocuparse por quedarse sin cinta. Por \u00faltimo, elija calidad y est\u00e9tica para sus creaciones. \u00a1Haga su pedido ahora y a\u00f1ada un toque festivo a sus envases!     <\/p>\n<p>&nbsp;<\/p>\n<\/div>\n<\/div>\n<\/div>\n<\/div>\n<\/div>\n<\/div>\n<\/div>\n<\/div>\n<\/div>\n<\/div>\n<\/div>\n<\/div>\n<\/div>\n<\/div>\n<\/div>\n<\/div>\n<\/div>\n<\/div>\n<\/div>\n<\/div>\n<div class=\"flex flex-grow flex-col max-w-full\">\n<div class=\"min-h-[20px] text-message flex flex-col items-start whitespace-pre-wrap break-words [.text-message+&amp;]:mt-5 juice:w-full juice:items-end overflow-x-auto gap-2\" dir=\"auto\" data-message-author-role=\"assistant\" data-message-id=\"2034782e-88f9-44ef-b4dc-07dd7bf0115f\">\n<div class=\"flex w-full flex-col gap-1 juice:empty:hidden juice:first:pt-[3px]\">\n<div class=\"markdown prose w-full break-words dark:prose-invert light\">\n<div style=\"box-sizing: inherit; font-family: Roboto, sans-serif;\">\n<div style=\"box-sizing: inherit; font-family: Roboto, sans-serif;\">\n<div style=\"box-sizing: inherit; font-family: Roboto, sans-serif;\">\n<div style=\"box-sizing: inherit; font-family: Roboto, sans-serif;\">\n<div style=\"box-sizing: inherit; font-family: Roboto, sans-serif;\">\n<div style=\"box-sizing: inherit; font-family: Roboto, sans-serif;\">\n<p><!--more--><\/p>\n<h4 style=\"text-align: left;\"><strong>Ventajas de nuestra bobina de bolduc rojo \u00abHendrix\u00bb de 225 m x 10 mm :<\/strong><\/h4>\n<ul style=\"text-align: left;\">\n<li><strong>Gran longitud<\/strong>: 225 metros de bolduc, ideal para muchos proyectos sin tener que recargar a menudo.<\/li>\n<li><strong>Pr\u00e1ctica anchura<\/strong>: 10 mm, perfecta para crear lazos decorativos o corbatas elegantes.<\/li>\n<li><strong>Color vibrante<\/strong>: el<b> rojo<\/b> intenso a\u00f1ade un toque elegante y sofisticado a sus envases.<\/li>\n<li><strong>Resistencia<\/strong>: El material s\u00f3lido garantiza la durabilidad y evita desgarros durante el uso.<\/li>\n<\/ul>\n<\/div>\n<\/div>\n<\/div>\n<\/div>\n<\/div>\n<\/div>\n<\/div>\n<\/div>\n<\/div>\n<\/div>\n<p>&nbsp;<\/p>\n<p><!--more--><\/p>\n<p>Disponible en varios colores: <span style=\"color: #d12727;\"><a style=\"color: #d12727;\" href=\"https:\/\/www.csj-emballages.com\/es\/produit\/bobina-de-bolduc-plata-hendrix-225m-x-10mm\/\"><span style=\"color: #d12727;\">Plata<\/span><\/a><\/span> \/ <span style=\"color: #d12727;\"><a style=\"color: #d12727;\" href=\"https:\/\/www.csj-emballages.com\/produit\/bobine-bolduc-bleu-hendrix-225m-x-10mm\/\">Azul<\/a><\/span> \/ <span style=\"color: #d12727;\"><a style=\"color: #d12727;\" href=\"https:\/\/www.csj-emballages.com\/es\/produit\/bobina-bolduc-hendrix-azul-claro-225m-x-10mm\/\">Azul claro<\/a><\/span><\/p>\n<p>&nbsp;<\/p>\n<p style=\"text-align: left;\"><!--more--><\/p>\n<p><a href=\"https:\/\/www.csj-emballages.com\/es\/categorie-produit\/envasado-de-alimentos\/panaderia-y-pasteleria\/accesorios-y-equipamiento\/accesorios-decorativos\/carretes-bolduc\/carretes-bolduc-de-hendrix\/\">Ver el resto de nuestra gama de carretes bolduc &#8216;Hendrix<\/a><\/p>\n","protected":false},"excerpt":{"rendered":"<p>Carrete Bolduc Descripci\u00f3n de la bobina de bolduc rojo \u00abHendrix\u00bb 225m x 10mm<\/p>\n","protected":false},"featured_media":14697,"template":"","meta":{"_acf_changed":false},"product_brand":[],"product_cat":[1150,1145,1791,2182,1488,1799,2127,2188],"product_tag":[],"class_list":{"0":"post-19701","1":"product","2":"type-product","3":"status-publish","4":"has-post-thumbnail","6":"product_cat-envasado-de-alimentos","7":"product_cat-panaderia-y-pasteleria","8":"product_cat-accesorios-decorativos","9":"product_cat-carretes-bolduc-de-hendrix","10":"product_cat-tienda-y-almacen","11":"product_cat-accesorios-decorativos-es","12":"product_cat-carretes-bolduc-es","13":"product_cat-carretes-bolduc-de-hendrix-es","15":"first","16":"outofstock","17":"taxable","18":"shipping-taxable","19":"purchasable","20":"product-type-simple"},"acf":[],"yoast_head":"<!-- This site is optimized with the Yoast SEO Premium plugin v26.6 (Yoast SEO v26.6) - https:\/\/yoast.com\/wordpress\/plugins\/seo\/ -->\n<title>Bobina de bolduc rojo - &quot;Hendrix&quot; 225m x 10mm<\/title>\n<meta name=\"description\" content=\"Bobina de bolduc rojo &quot;Hendrix&quot; de 225 m x 10 mm, ideal para realzar el embalaje de sus regalos con un toque elegante y resistente.\" \/>\n<meta name=\"robots\" content=\"index, follow, max-snippet:-1, max-image-preview:large, max-video-preview:-1\" \/>\n<link rel=\"canonical\" href=\"https:\/\/www.csj-emballages.com\/es\/produit\/bobina-de-bolduc-rojo-hendrix-225-m-x-10-mm\/\" \/>\n<meta property=\"og:locale\" content=\"es_ES\" \/>\n<meta property=\"og:type\" content=\"article\" \/>\n<meta property=\"og:title\" content=\"Bobina de bolduc rojo &quot;Hendrix&quot; 225 m x 10 mm\" \/>\n<meta property=\"og:description\" content=\"Bobina de bolduc rojo &quot;Hendrix&quot; de 225 m x 10 mm, ideal para realzar el embalaje de sus regalos con un toque elegante y resistente.\" \/>\n<meta property=\"og:url\" content=\"https:\/\/www.csj-emballages.com\/es\/produit\/bobina-de-bolduc-rojo-hendrix-225-m-x-10-mm\/\" \/>\n<meta property=\"og:site_name\" content=\"CSJ Emballages\" \/>\n<meta property=\"article:publisher\" content=\"https:\/\/www.facebook.com\/csjemballages\" \/>\n<meta property=\"article:modified_time\" content=\"2025-11-22T01:12:24+00:00\" \/>\n<meta property=\"og:image\" content=\"https:\/\/www.csj-emballages.com\/wp-content\/uploads\/2024\/03\/Capture-decran-2024-04-04-a-10.54.23-2-e1712221204213.png\" \/>\n\t<meta property=\"og:image:width\" content=\"300\" \/>\n\t<meta property=\"og:image:height\" content=\"300\" \/>\n\t<meta property=\"og:image:type\" content=\"image\/png\" \/>\n<meta name=\"twitter:card\" content=\"summary_large_image\" \/>\n<meta name=\"twitter:label1\" content=\"Tiempo de lectura\" \/>\n\t<meta name=\"twitter:data1\" content=\"2 minutos\" \/>\n<script type=\"application\/ld+json\" class=\"yoast-schema-graph\">{\"@context\":\"https:\/\/schema.org\",\"@graph\":[{\"@type\":\"WebPage\",\"@id\":\"https:\/\/www.csj-emballages.com\/es\/produit\/bobina-de-bolduc-rojo-hendrix-225-m-x-10-mm\/\",\"url\":\"https:\/\/www.csj-emballages.com\/es\/produit\/bobina-de-bolduc-rojo-hendrix-225-m-x-10-mm\/\",\"name\":\"Bobina de bolduc rojo - \\\"Hendrix\\\" 225m x 10mm\",\"isPartOf\":{\"@id\":\"https:\/\/www.csj-emballages.com\/es\/#website\"},\"primaryImageOfPage\":{\"@id\":\"https:\/\/www.csj-emballages.com\/es\/produit\/bobina-de-bolduc-rojo-hendrix-225-m-x-10-mm\/#primaryimage\"},\"image\":{\"@id\":\"https:\/\/www.csj-emballages.com\/es\/produit\/bobina-de-bolduc-rojo-hendrix-225-m-x-10-mm\/#primaryimage\"},\"thumbnailUrl\":\"https:\/\/www.csj-emballages.com\/wp-content\/uploads\/2024\/03\/Capture-decran-2024-04-04-a-10.54.23-2-e1712221204213.png\",\"datePublished\":\"2024-03-01T15:57:10+00:00\",\"dateModified\":\"2025-11-22T01:12:24+00:00\",\"description\":\"Bobina de bolduc rojo \\\"Hendrix\\\" de 225 m x 10 mm, ideal para realzar el embalaje de sus regalos con un toque elegante y resistente.\",\"breadcrumb\":{\"@id\":\"https:\/\/www.csj-emballages.com\/es\/produit\/bobina-de-bolduc-rojo-hendrix-225-m-x-10-mm\/#breadcrumb\"},\"inLanguage\":\"es\",\"potentialAction\":[{\"@type\":\"ReadAction\",\"target\":[\"https:\/\/www.csj-emballages.com\/es\/produit\/bobina-de-bolduc-rojo-hendrix-225-m-x-10-mm\/\"]}]},{\"@type\":\"ImageObject\",\"inLanguage\":\"es\",\"@id\":\"https:\/\/www.csj-emballages.com\/es\/produit\/bobina-de-bolduc-rojo-hendrix-225-m-x-10-mm\/#primaryimage\",\"url\":\"https:\/\/www.csj-emballages.com\/wp-content\/uploads\/2024\/03\/Capture-decran-2024-04-04-a-10.54.23-2-e1712221204213.png\",\"contentUrl\":\"https:\/\/www.csj-emballages.com\/wp-content\/uploads\/2024\/03\/Capture-decran-2024-04-04-a-10.54.23-2-e1712221204213.png\",\"width\":300,\"height\":300,\"caption\":\"Bobine bolduc rouge\"},{\"@type\":\"BreadcrumbList\",\"@id\":\"https:\/\/www.csj-emballages.com\/es\/produit\/bobina-de-bolduc-rojo-hendrix-225-m-x-10-mm\/#breadcrumb\",\"itemListElement\":[{\"@type\":\"ListItem\",\"position\":1,\"name\":\"Accueil\",\"item\":\"https:\/\/www.csj-emballages.com\/es\/universo-del-envasado-alimentario\/\"},{\"@type\":\"ListItem\",\"position\":2,\"name\":\"Tienda\",\"item\":\"https:\/\/www.csj-emballages.com\/tienda\/\"},{\"@type\":\"ListItem\",\"position\":3,\"name\":\"Bobina de bolduc rojo \u00ab\u00a0Hendrix\u00a0\u00bb 225 m x 10 mm\"}]},{\"@type\":\"WebSite\",\"@id\":\"https:\/\/www.csj-emballages.com\/es\/#website\",\"url\":\"https:\/\/www.csj-emballages.com\/es\/\",\"name\":\"CSJ Emballages\",\"description\":\"\",\"publisher\":{\"@id\":\"https:\/\/www.csj-emballages.com\/es\/#organization\"},\"potentialAction\":[{\"@type\":\"SearchAction\",\"target\":{\"@type\":\"EntryPoint\",\"urlTemplate\":\"https:\/\/www.csj-emballages.com\/es\/?s={search_term_string}\"},\"query-input\":{\"@type\":\"PropertyValueSpecification\",\"valueRequired\":true,\"valueName\":\"search_term_string\"}}],\"inLanguage\":\"es\"},{\"@type\":\"Organization\",\"@id\":\"https:\/\/www.csj-emballages.com\/es\/#Organization\/\",\"name\":\"CSJ Emballages\",\"url\":\"https:\/\/www.csj-emballages.com\/es\/\",\"logo\":{\"@type\":\"ImageObject\",\"inLanguage\":\"es\",\"@id\":\"https:\/\/www.csj-emballages.com\/es\/#\/schema\/logo\/image\/\",\"url\":\"https:\/\/www.csj-emballages.com\/wp-content\/uploads\/2023\/10\/logo_csj.webp\",\"contentUrl\":\"https:\/\/www.csj-emballages.com\/wp-content\/uploads\/2023\/10\/logo_csj.webp\",\"width\":250,\"height\":95,\"caption\":\"CSJ Emballages\"},\"image\":{\"@id\":\"https:\/\/www.csj-emballages.com\/es\/#\/schema\/logo\/image\/\"},\"sameAs\":[\"https:\/\/www.facebook.com\/csjemballages\"],\"address\":{\"@type\":\"PostalAddress\",\"streetAddress\":\"ZI La Lechere\",\"addressLocality\":\"Patornay\",\"postalCode\":\"39130\",\"addressCountry\":\"FR\"},\"contactPoint\":[{\"@type\":\"ContactPoint\",\"contactType\":\"Service client\",\"telephone\":\"0384254272\",\"email\":\"contact@csj-emballages.com\"}]}]}<\/script>\n<!-- \/ Yoast SEO Premium plugin. -->","yoast_head_json":{"title":"Bobina de bolduc rojo - \"Hendrix\" 225m x 10mm","description":"Bobina de bolduc rojo \"Hendrix\" de 225 m x 10 mm, ideal para realzar el embalaje de sus regalos con un toque elegante y resistente.","robots":{"index":"index","follow":"follow","max-snippet":"max-snippet:-1","max-image-preview":"max-image-preview:large","max-video-preview":"max-video-preview:-1"},"canonical":"https:\/\/www.csj-emballages.com\/es\/produit\/bobina-de-bolduc-rojo-hendrix-225-m-x-10-mm\/","og_locale":"es_ES","og_type":"article","og_title":"Bobina de bolduc rojo \"Hendrix\" 225 m x 10 mm","og_description":"Bobina de bolduc rojo \"Hendrix\" de 225 m x 10 mm, ideal para realzar el embalaje de sus regalos con un toque elegante y resistente.","og_url":"https:\/\/www.csj-emballages.com\/es\/produit\/bobina-de-bolduc-rojo-hendrix-225-m-x-10-mm\/","og_site_name":"CSJ Emballages","article_publisher":"https:\/\/www.facebook.com\/csjemballages","article_modified_time":"2025-11-22T01:12:24+00:00","og_image":[{"width":300,"height":300,"url":"https:\/\/www.csj-emballages.com\/wp-content\/uploads\/2024\/03\/Capture-decran-2024-04-04-a-10.54.23-2-e1712221204213.png","type":"image\/png"}],"twitter_card":"summary_large_image","twitter_misc":{"Tiempo de lectura":"2 minutos"},"schema":{"@context":"https:\/\/schema.org","@graph":[{"@type":"WebPage","@id":"https:\/\/www.csj-emballages.com\/es\/produit\/bobina-de-bolduc-rojo-hendrix-225-m-x-10-mm\/","url":"https:\/\/www.csj-emballages.com\/es\/produit\/bobina-de-bolduc-rojo-hendrix-225-m-x-10-mm\/","name":"Bobina de bolduc rojo - \"Hendrix\" 225m x 10mm","isPartOf":{"@id":"https:\/\/www.csj-emballages.com\/es\/#website"},"primaryImageOfPage":{"@id":"https:\/\/www.csj-emballages.com\/es\/produit\/bobina-de-bolduc-rojo-hendrix-225-m-x-10-mm\/#primaryimage"},"image":{"@id":"https:\/\/www.csj-emballages.com\/es\/produit\/bobina-de-bolduc-rojo-hendrix-225-m-x-10-mm\/#primaryimage"},"thumbnailUrl":"https:\/\/www.csj-emballages.com\/wp-content\/uploads\/2024\/03\/Capture-decran-2024-04-04-a-10.54.23-2-e1712221204213.png","datePublished":"2024-03-01T15:57:10+00:00","dateModified":"2025-11-22T01:12:24+00:00","description":"Bobina de bolduc rojo \"Hendrix\" de 225 m x 10 mm, ideal para realzar el embalaje de sus regalos con un toque elegante y resistente.","breadcrumb":{"@id":"https:\/\/www.csj-emballages.com\/es\/produit\/bobina-de-bolduc-rojo-hendrix-225-m-x-10-mm\/#breadcrumb"},"inLanguage":"es","potentialAction":[{"@type":"ReadAction","target":["https:\/\/www.csj-emballages.com\/es\/produit\/bobina-de-bolduc-rojo-hendrix-225-m-x-10-mm\/"]}]},{"@type":"ImageObject","inLanguage":"es","@id":"https:\/\/www.csj-emballages.com\/es\/produit\/bobina-de-bolduc-rojo-hendrix-225-m-x-10-mm\/#primaryimage","url":"https:\/\/www.csj-emballages.com\/wp-content\/uploads\/2024\/03\/Capture-decran-2024-04-04-a-10.54.23-2-e1712221204213.png","contentUrl":"https:\/\/www.csj-emballages.com\/wp-content\/uploads\/2024\/03\/Capture-decran-2024-04-04-a-10.54.23-2-e1712221204213.png","width":300,"height":300,"caption":"Bobine bolduc rouge"},{"@type":"BreadcrumbList","@id":"https:\/\/www.csj-emballages.com\/es\/produit\/bobina-de-bolduc-rojo-hendrix-225-m-x-10-mm\/#breadcrumb","itemListElement":[{"@type":"ListItem","position":1,"name":"Accueil","item":"https:\/\/www.csj-emballages.com\/es\/universo-del-envasado-alimentario\/"},{"@type":"ListItem","position":2,"name":"Tienda","item":"https:\/\/www.csj-emballages.com\/tienda\/"},{"@type":"ListItem","position":3,"name":"Bobina de bolduc rojo \u00ab\u00a0Hendrix\u00a0\u00bb 225 m x 10 mm"}]},{"@type":"WebSite","@id":"https:\/\/www.csj-emballages.com\/es\/#website","url":"https:\/\/www.csj-emballages.com\/es\/","name":"CSJ Emballages","description":"","publisher":{"@id":"https:\/\/www.csj-emballages.com\/es\/#organization"},"potentialAction":[{"@type":"SearchAction","target":{"@type":"EntryPoint","urlTemplate":"https:\/\/www.csj-emballages.com\/es\/?s={search_term_string}"},"query-input":{"@type":"PropertyValueSpecification","valueRequired":true,"valueName":"search_term_string"}}],"inLanguage":"es"},{"@type":"Organization","@id":"https:\/\/www.csj-emballages.com\/es\/#Organization\/","name":"CSJ Emballages","url":"https:\/\/www.csj-emballages.com\/es\/","logo":{"@type":"ImageObject","inLanguage":"es","@id":"https:\/\/www.csj-emballages.com\/es\/#\/schema\/logo\/image\/","url":"https:\/\/www.csj-emballages.com\/wp-content\/uploads\/2023\/10\/logo_csj.webp","contentUrl":"https:\/\/www.csj-emballages.com\/wp-content\/uploads\/2023\/10\/logo_csj.webp","width":250,"height":95,"caption":"CSJ Emballages"},"image":{"@id":"https:\/\/www.csj-emballages.com\/es\/#\/schema\/logo\/image\/"},"sameAs":["https:\/\/www.facebook.com\/csjemballages"],"address":{"@type":"PostalAddress","streetAddress":"ZI La Lechere","addressLocality":"Patornay","postalCode":"39130","addressCountry":"FR"},"contactPoint":[{"@type":"ContactPoint","contactType":"Service client","telephone":"0384254272","email":"contact@csj-emballages.com"}]}]}},"df_price":7.38,"df_sale_price":"","df_regular_price":7.38,"df_image_link":"https:\/\/www.csj-emballages.com\/wp-content\/uploads\/2024\/03\/Capture-decran-2024-04-04-a-10.54.23-2-300x300.png","tiered_pricing_type":"fixed","tiered_pricing_fixed_rules":[],"tiered_pricing_percentage_rules":[],"tiered_pricing_minimum":1,"tiered_pricing_roles_data":[],"_links":{"self":[{"href":"https:\/\/www.csj-emballages.com\/es\/wp-json\/wp\/v2\/product\/19701","targetHints":{"allow":["GET"]}}],"collection":[{"href":"https:\/\/www.csj-emballages.com\/es\/wp-json\/wp\/v2\/product"}],"about":[{"href":"https:\/\/www.csj-emballages.com\/es\/wp-json\/wp\/v2\/types\/product"}],"wp:featuredmedia":[{"embeddable":true,"href":"https:\/\/www.csj-emballages.com\/es\/wp-json\/wp\/v2\/media\/14697"}],"wp:attachment":[{"href":"https:\/\/www.csj-emballages.com\/es\/wp-json\/wp\/v2\/media?parent=19701"}],"wp:term":[{"taxonomy":"product_brand","embeddable":true,"href":"https:\/\/www.csj-emballages.com\/es\/wp-json\/wp\/v2\/product_brand?post=19701"},{"taxonomy":"product_cat","embeddable":true,"href":"https:\/\/www.csj-emballages.com\/es\/wp-json\/wp\/v2\/product_cat?post=19701"},{"taxonomy":"product_tag","embeddable":true,"href":"https:\/\/www.csj-emballages.com\/es\/wp-json\/wp\/v2\/product_tag?post=19701"}],"curies":[{"name":"wp","href":"https:\/\/api.w.org\/{rel}","templated":true}]}}