{"id":19683,"date":"2024-03-01T16:57:13","date_gmt":"2024-03-01T15:57:13","guid":{"rendered":"https:\/\/u15jnbdpoq.preview.infomaniak.website\/produit\/caja-de-carton-naranja-para-25-macarrones\/"},"modified":"2026-03-18T02:10:59","modified_gmt":"2026-03-18T01:10:59","slug":"caja-de-carton-naranja-para-25-macarrones","status":"publish","type":"product","link":"https:\/\/www.csj-emballages.com\/es\/produit\/caja-de-carton-naranja-para-25-macarrones\/","title":{"rendered":"Caja de macarrones de naranja por 25 macarrones, paquete de 50"},"content":{"rendered":"<h2>Caja de macarrones<\/h2>\n<hr>\n<h3>Descripci\u00f3n de nuestra caja de macarrones de naranja para 25 macarrones<\/h3>\n<p><!--more--><\/p>\n<p data-start=\"79\" data-end=\"480\">Descubra nuestra <strong data-start=\"95\" data-end=\"143\">caja de macarrones naranja para 25 macarrones<\/strong>, el envase indispensable para sus creaciones dulces. Elegante y robusta, esta <strong>caja con ventana<\/strong> ha sido especialmente dise\u00f1ada para pasteleros, chocolateros y restauradores que desean combinar est\u00e9tica y practicidad. Su <strong data-start=\"361\" data-end=\"378\">color naranja<\/strong> a\u00f1ade un toque de refinamiento y resalta el brillo y los matices de color de sus macarrones. Fabricado en <strong data-start=\"495\" data-end=\"535\">cart\u00f3n r\u00edgido alimentario<\/strong>, garantiza una excelente protecci\u00f3n durante el transporte y el almacenamiento. Sus macarrones permanecer\u00e1n intactos, protegidos de la humedad y de los golpes externos. Su cuidado dise\u00f1o da cabida a <strong data-start=\"738\" data-end=\"753\">25 macarons<\/strong> perfectamente alineados para una presentaci\u00f3n impecable en eventos, ventas en tienda o como regalos gourmet.     <\/p>\n<p data-start=\"878\" data-end=\"1091\">F\u00e1cil de manejar, esta <strong data-start=\"904\" data-end=\"923\">caja de cart\u00f3n<\/strong> tambi\u00e9n es respetuosa con el medio ambiente, ya que puede reciclarse tras su uso. Combina las exigencias de los profesionales con un enfoque responsable. <\/p>\n<p data-start=\"1093\" data-end=\"1421\">Ideal para fiestas, bodas, cumplea\u00f1os o para una simple degustaci\u00f3n refinada, la <strong data-start=\"1184\" data-end=\"1232\">caja de macarrones de cart\u00f3n naranja para 25 macarrones<\/strong> se convierte r\u00e1pidamente en un elemento esencial de su gama de envases. Refleja el cuidado que pone en sus creaciones artesanales y tranquiliza a sus clientes sobre la calidad de sus productos. <\/p>\n<p data-start=\"1423\" data-end=\"1694\">Optar por esta <strong>caja para macarrones<\/strong> significa elegir una presentaci\u00f3n sobria y chic, garantizando al mismo tiempo la seguridad y frescura de sus dulces. Le permite ofrecer una experiencia gustativa completa, en la que el envase se convierte en la prolongaci\u00f3n natural de su saber hacer. <\/p>\n<p data-start=\"1423\" data-end=\"1694\"><!--more--><\/p>\n<h4 data-start=\"1423\" data-end=\"1694\">Ventajas :<\/h4>\n<ul>\n<li data-start=\"1423\" data-end=\"1694\">Elegante acabado <strong>naranja<\/strong> para realzar sus macarrones.<\/li>\n<li data-start=\"1423\" data-end=\"1694\">Ideal para <strong data-start=\"1998\" data-end=\"2013\">25 macarrones.<\/strong><\/li>\n<li data-start=\"1423\" data-end=\"1694\"><strong data-start=\"2018\" data-end=\"2035\">Cart\u00f3n resistente<\/strong> y apto para uso alimentario.<\/li>\n<li data-start=\"1423\" data-end=\"1694\">Envases <strong data-start=\"2141\" data-end=\"2155\">reciclables<\/strong> y respetuosos con el medio ambiente.<\/li>\n<li data-start=\"1423\" data-end=\"1694\">Presentaci\u00f3n profesional para tiendas, eventos o regalos.<\/li>\n<\/ul>\n<p>&nbsp;<\/p>\n<p><!--more--><\/p>\n<h4>Informaci\u00f3n adicional :<\/h4>\n<ul style=\"box-sizing: inherit; font-family: Roboto, sans-serif;\">\n<li><strong>Embalaje<\/strong>: Vendido individualmente<\/li>\n<li><span style=\"font-weight: bold;\">Dimensiones<\/span>: 220 x 147 x 55 (L x A x A en mm)<\/li>\n<li><strong>Material<\/strong>: Cart\u00f3n + PET<\/li>\n<li><strong>Color<\/strong>: naranja<\/li>\n<li><strong>Capacidad<\/strong>: 25 macarrones<\/li>\n<li><strong>Opci\u00f3n<\/strong>: Caja dise\u00f1ada con una ventana<\/li>\n<\/ul>\n<p>&nbsp;<\/p>\n<p><!--more--><\/p>\n<p>Disponible en varios colores: <span style=\"color: #d12727;\"><br \/>\n  <a style=\"color: #d12727;\" href=\"https:\/\/www.csj-emballages.com\/es\/produit\/caja-de-carton-rosa-para-25-macarrones\/\">Rosa<\/a><br \/>\n<\/span> \/ <span style=\"color: #d12727;\"><a style=\"color: #d12727;\" href=\"https:\/\/www.csj-emballages.com\/produit\/boites-vertes-pour-25-macarons-en-carton\/\">Verde<\/a> <\/span>\/ <span style=\"color: #d12727;\"><br \/>\n  <a style=\"color: #d12727;\" href=\"https:\/\/www.csj-emballages.com\/es\/produit\/caja-de-carton-negra-para-25-macarrones\/\">Negro<\/a><br \/>\n<\/span><\/p>\n<p>&nbsp;<\/p>\n<p><!--more--><\/p>\n<p>Aqu\u00ed encontrar\u00e1 nuestros dos tipos de insertos para macarrones compatibles con esta caja: <span style=\"color: #d12727;\"><br \/>\n  <a style=\"color: #d12727;\" href=\"https:\/\/www.csj-emballages.com\/produit\/50-calages-noir-plastique-25-macarons-pour-boite\/\">CALBM25NOIR<\/a><br \/>\n<\/span> (Negro) \/ <span style=\"color: #d12727;\"><a style=\"color: #d12727;\" href=\"https:\/\/www.csj-emballages.com\/produit\/50-calages-transparent-plastique-25-macarons-pour-boite\/\">CALBM25TRAN<\/a> <span style=\"color: #000000;\">(Transparente)<\/span><\/span><\/p>\n<p>&nbsp;<\/p>\n<p><!--more--><\/p>\n<p><a href=\"https:\/\/www.csj-emballages.com\/es\/categorie-produit\/envasado-de-alimentos\/panaderia-y-pasteleria\/cajas-y-estuches\/cajas-estuches-para-macarrones\/cajas-macarrones\/cajas-de-macarrones\/\">Ver el resto de nuestra gama de cajas para macarrones<\/a><\/p>\n","protected":false},"excerpt":{"rendered":"<p>Caja de macarrones Descripci\u00f3n de nuestra caja de macarrones de naranja para 25 macarrones<\/p>\n","protected":false},"featured_media":241949,"template":"","meta":{"_acf_changed":false},"product_brand":[],"product_cat":[1150,1145,1710,2161,2162,1147],"product_tag":[],"class_list":{"0":"post-19683","1":"product","2":"type-product","3":"status-publish","4":"has-post-thumbnail","6":"product_cat-envasado-de-alimentos","7":"product_cat-panaderia-y-pasteleria","8":"product_cat-cajas-estuches-para-macarrones","9":"product_cat-cajas-macarrones","10":"product_cat-cajas-de-macarrones","11":"product_cat-jardineras","13":"first","14":"instock","15":"taxable","16":"shipping-taxable","17":"purchasable","18":"product-type-simple"},"acf":[],"yoast_head":"<!-- This site is optimized with the Yoast SEO Premium plugin v26.6 (Yoast SEO v26.6) - https:\/\/yoast.com\/wordpress\/plugins\/seo\/ -->\n<title>Caja de macarrones de naranja para 25 macarrones<\/title>\n<meta name=\"description\" content=\"Elegante caja de macarrones naranja para 25 macarrones: protecci\u00f3n, presentaci\u00f3n refinada y embalaje reciclable para sus dulces creaciones.\" \/>\n<meta name=\"robots\" content=\"index, follow, max-snippet:-1, max-image-preview:large, max-video-preview:-1\" \/>\n<link rel=\"canonical\" href=\"https:\/\/www.csj-emballages.com\/es\/produit\/caja-de-carton-naranja-para-25-macarrones\/\" \/>\n<meta property=\"og:locale\" content=\"es_ES\" \/>\n<meta property=\"og:type\" content=\"article\" \/>\n<meta property=\"og:title\" content=\"Caja de macarrones de naranja por 25 macarrones, paquete de 50\" \/>\n<meta property=\"og:description\" content=\"Elegante caja de macarrones naranja para 25 macarrones: protecci\u00f3n, presentaci\u00f3n refinada y embalaje reciclable para sus dulces creaciones.\" \/>\n<meta property=\"og:url\" content=\"https:\/\/www.csj-emballages.com\/es\/produit\/caja-de-carton-naranja-para-25-macarrones\/\" \/>\n<meta property=\"og:site_name\" content=\"CSJ Emballages\" \/>\n<meta property=\"article:publisher\" content=\"https:\/\/www.facebook.com\/csjemballages\" \/>\n<meta property=\"article:modified_time\" content=\"2026-03-18T01:10:59+00:00\" \/>\n<meta property=\"og:image\" content=\"https:\/\/www.csj-emballages.com\/wp-content\/uploads\/2024\/03\/BM25ORANGE-Photoroom.png\" \/>\n\t<meta property=\"og:image:width\" content=\"800\" \/>\n\t<meta property=\"og:image:height\" content=\"800\" \/>\n\t<meta property=\"og:image:type\" content=\"image\/png\" \/>\n<meta name=\"twitter:card\" content=\"summary_large_image\" \/>\n<meta name=\"twitter:label1\" content=\"Tiempo de lectura\" \/>\n\t<meta name=\"twitter:data1\" content=\"2 minutos\" \/>\n<script type=\"application\/ld+json\" class=\"yoast-schema-graph\">{\"@context\":\"https:\/\/schema.org\",\"@graph\":[{\"@type\":\"WebPage\",\"@id\":\"https:\/\/www.csj-emballages.com\/es\/produit\/caja-de-carton-naranja-para-25-macarrones\/\",\"url\":\"https:\/\/www.csj-emballages.com\/es\/produit\/caja-de-carton-naranja-para-25-macarrones\/\",\"name\":\"Caja de macarrones de naranja para 25 macarrones\",\"isPartOf\":{\"@id\":\"https:\/\/www.csj-emballages.com\/es\/#website\"},\"primaryImageOfPage\":{\"@id\":\"https:\/\/www.csj-emballages.com\/es\/produit\/caja-de-carton-naranja-para-25-macarrones\/#primaryimage\"},\"image\":{\"@id\":\"https:\/\/www.csj-emballages.com\/es\/produit\/caja-de-carton-naranja-para-25-macarrones\/#primaryimage\"},\"thumbnailUrl\":\"https:\/\/www.csj-emballages.com\/wp-content\/uploads\/2024\/03\/BM25ORANGE-Photoroom.png\",\"datePublished\":\"2024-03-01T15:57:13+00:00\",\"dateModified\":\"2026-03-18T01:10:59+00:00\",\"description\":\"Elegante caja de macarrones naranja para 25 macarrones: protecci\u00f3n, presentaci\u00f3n refinada y embalaje reciclable para sus dulces creaciones.\",\"breadcrumb\":{\"@id\":\"https:\/\/www.csj-emballages.com\/es\/produit\/caja-de-carton-naranja-para-25-macarrones\/#breadcrumb\"},\"inLanguage\":\"es\",\"potentialAction\":[{\"@type\":\"ReadAction\",\"target\":[\"https:\/\/www.csj-emballages.com\/es\/produit\/caja-de-carton-naranja-para-25-macarrones\/\"]}]},{\"@type\":\"ImageObject\",\"inLanguage\":\"es\",\"@id\":\"https:\/\/www.csj-emballages.com\/es\/produit\/caja-de-carton-naranja-para-25-macarrones\/#primaryimage\",\"url\":\"https:\/\/www.csj-emballages.com\/wp-content\/uploads\/2024\/03\/BM25ORANGE-Photoroom.png\",\"contentUrl\":\"https:\/\/www.csj-emballages.com\/wp-content\/uploads\/2024\/03\/BM25ORANGE-Photoroom.png\",\"width\":800,\"height\":800,\"caption\":\"Boite macarons\"},{\"@type\":\"BreadcrumbList\",\"@id\":\"https:\/\/www.csj-emballages.com\/es\/produit\/caja-de-carton-naranja-para-25-macarrones\/#breadcrumb\",\"itemListElement\":[{\"@type\":\"ListItem\",\"position\":1,\"name\":\"Accueil\",\"item\":\"https:\/\/www.csj-emballages.com\/es\/universo-del-envasado-alimentario\/\"},{\"@type\":\"ListItem\",\"position\":2,\"name\":\"Tienda\",\"item\":\"https:\/\/www.csj-emballages.com\/tienda\/\"},{\"@type\":\"ListItem\",\"position\":3,\"name\":\"Caja de macarrones de naranja por 25 macarrones, paquete de 50\"}]},{\"@type\":\"WebSite\",\"@id\":\"https:\/\/www.csj-emballages.com\/es\/#website\",\"url\":\"https:\/\/www.csj-emballages.com\/es\/\",\"name\":\"CSJ Emballages\",\"description\":\"\",\"publisher\":{\"@id\":\"https:\/\/www.csj-emballages.com\/es\/#organization\"},\"potentialAction\":[{\"@type\":\"SearchAction\",\"target\":{\"@type\":\"EntryPoint\",\"urlTemplate\":\"https:\/\/www.csj-emballages.com\/es\/?s={search_term_string}\"},\"query-input\":{\"@type\":\"PropertyValueSpecification\",\"valueRequired\":true,\"valueName\":\"search_term_string\"}}],\"inLanguage\":\"es\"},{\"@type\":\"Organization\",\"@id\":\"https:\/\/www.csj-emballages.com\/es\/#Organization\/\",\"name\":\"CSJ Emballages\",\"url\":\"https:\/\/www.csj-emballages.com\/es\/\",\"logo\":{\"@type\":\"ImageObject\",\"inLanguage\":\"es\",\"@id\":\"https:\/\/www.csj-emballages.com\/es\/#\/schema\/logo\/image\/\",\"url\":\"https:\/\/www.csj-emballages.com\/wp-content\/uploads\/2023\/10\/logo_csj.webp\",\"contentUrl\":\"https:\/\/www.csj-emballages.com\/wp-content\/uploads\/2023\/10\/logo_csj.webp\",\"width\":250,\"height\":95,\"caption\":\"CSJ Emballages\"},\"image\":{\"@id\":\"https:\/\/www.csj-emballages.com\/es\/#\/schema\/logo\/image\/\"},\"sameAs\":[\"https:\/\/www.facebook.com\/csjemballages\"],\"address\":{\"@type\":\"PostalAddress\",\"streetAddress\":\"ZI La Lechere\",\"addressLocality\":\"Patornay\",\"postalCode\":\"39130\",\"addressCountry\":\"FR\"},\"contactPoint\":[{\"@type\":\"ContactPoint\",\"contactType\":\"Service client\",\"telephone\":\"0384254272\",\"email\":\"contact@csj-emballages.com\"}]}]}<\/script>\n<!-- \/ Yoast SEO Premium plugin. -->","yoast_head_json":{"title":"Caja de macarrones de naranja para 25 macarrones","description":"Elegante caja de macarrones naranja para 25 macarrones: protecci\u00f3n, presentaci\u00f3n refinada y embalaje reciclable para sus dulces creaciones.","robots":{"index":"index","follow":"follow","max-snippet":"max-snippet:-1","max-image-preview":"max-image-preview:large","max-video-preview":"max-video-preview:-1"},"canonical":"https:\/\/www.csj-emballages.com\/es\/produit\/caja-de-carton-naranja-para-25-macarrones\/","og_locale":"es_ES","og_type":"article","og_title":"Caja de macarrones de naranja por 25 macarrones, paquete de 50","og_description":"Elegante caja de macarrones naranja para 25 macarrones: protecci\u00f3n, presentaci\u00f3n refinada y embalaje reciclable para sus dulces creaciones.","og_url":"https:\/\/www.csj-emballages.com\/es\/produit\/caja-de-carton-naranja-para-25-macarrones\/","og_site_name":"CSJ Emballages","article_publisher":"https:\/\/www.facebook.com\/csjemballages","article_modified_time":"2026-03-18T01:10:59+00:00","og_image":[{"width":800,"height":800,"url":"https:\/\/www.csj-emballages.com\/wp-content\/uploads\/2024\/03\/BM25ORANGE-Photoroom.png","type":"image\/png"}],"twitter_card":"summary_large_image","twitter_misc":{"Tiempo de lectura":"2 minutos"},"schema":{"@context":"https:\/\/schema.org","@graph":[{"@type":"WebPage","@id":"https:\/\/www.csj-emballages.com\/es\/produit\/caja-de-carton-naranja-para-25-macarrones\/","url":"https:\/\/www.csj-emballages.com\/es\/produit\/caja-de-carton-naranja-para-25-macarrones\/","name":"Caja de macarrones de naranja para 25 macarrones","isPartOf":{"@id":"https:\/\/www.csj-emballages.com\/es\/#website"},"primaryImageOfPage":{"@id":"https:\/\/www.csj-emballages.com\/es\/produit\/caja-de-carton-naranja-para-25-macarrones\/#primaryimage"},"image":{"@id":"https:\/\/www.csj-emballages.com\/es\/produit\/caja-de-carton-naranja-para-25-macarrones\/#primaryimage"},"thumbnailUrl":"https:\/\/www.csj-emballages.com\/wp-content\/uploads\/2024\/03\/BM25ORANGE-Photoroom.png","datePublished":"2024-03-01T15:57:13+00:00","dateModified":"2026-03-18T01:10:59+00:00","description":"Elegante caja de macarrones naranja para 25 macarrones: protecci\u00f3n, presentaci\u00f3n refinada y embalaje reciclable para sus dulces creaciones.","breadcrumb":{"@id":"https:\/\/www.csj-emballages.com\/es\/produit\/caja-de-carton-naranja-para-25-macarrones\/#breadcrumb"},"inLanguage":"es","potentialAction":[{"@type":"ReadAction","target":["https:\/\/www.csj-emballages.com\/es\/produit\/caja-de-carton-naranja-para-25-macarrones\/"]}]},{"@type":"ImageObject","inLanguage":"es","@id":"https:\/\/www.csj-emballages.com\/es\/produit\/caja-de-carton-naranja-para-25-macarrones\/#primaryimage","url":"https:\/\/www.csj-emballages.com\/wp-content\/uploads\/2024\/03\/BM25ORANGE-Photoroom.png","contentUrl":"https:\/\/www.csj-emballages.com\/wp-content\/uploads\/2024\/03\/BM25ORANGE-Photoroom.png","width":800,"height":800,"caption":"Boite macarons"},{"@type":"BreadcrumbList","@id":"https:\/\/www.csj-emballages.com\/es\/produit\/caja-de-carton-naranja-para-25-macarrones\/#breadcrumb","itemListElement":[{"@type":"ListItem","position":1,"name":"Accueil","item":"https:\/\/www.csj-emballages.com\/es\/universo-del-envasado-alimentario\/"},{"@type":"ListItem","position":2,"name":"Tienda","item":"https:\/\/www.csj-emballages.com\/tienda\/"},{"@type":"ListItem","position":3,"name":"Caja de macarrones de naranja por 25 macarrones, paquete de 50"}]},{"@type":"WebSite","@id":"https:\/\/www.csj-emballages.com\/es\/#website","url":"https:\/\/www.csj-emballages.com\/es\/","name":"CSJ Emballages","description":"","publisher":{"@id":"https:\/\/www.csj-emballages.com\/es\/#organization"},"potentialAction":[{"@type":"SearchAction","target":{"@type":"EntryPoint","urlTemplate":"https:\/\/www.csj-emballages.com\/es\/?s={search_term_string}"},"query-input":{"@type":"PropertyValueSpecification","valueRequired":true,"valueName":"search_term_string"}}],"inLanguage":"es"},{"@type":"Organization","@id":"https:\/\/www.csj-emballages.com\/es\/#Organization\/","name":"CSJ Emballages","url":"https:\/\/www.csj-emballages.com\/es\/","logo":{"@type":"ImageObject","inLanguage":"es","@id":"https:\/\/www.csj-emballages.com\/es\/#\/schema\/logo\/image\/","url":"https:\/\/www.csj-emballages.com\/wp-content\/uploads\/2023\/10\/logo_csj.webp","contentUrl":"https:\/\/www.csj-emballages.com\/wp-content\/uploads\/2023\/10\/logo_csj.webp","width":250,"height":95,"caption":"CSJ Emballages"},"image":{"@id":"https:\/\/www.csj-emballages.com\/es\/#\/schema\/logo\/image\/"},"sameAs":["https:\/\/www.facebook.com\/csjemballages"],"address":{"@type":"PostalAddress","streetAddress":"ZI La Lechere","addressLocality":"Patornay","postalCode":"39130","addressCountry":"FR"},"contactPoint":[{"@type":"ContactPoint","contactType":"Service client","telephone":"0384254272","email":"contact@csj-emballages.com"}]}]}},"df_price":63.22,"df_sale_price":"","df_regular_price":63.22,"df_image_link":"https:\/\/www.csj-emballages.com\/wp-content\/uploads\/2024\/03\/BM25ORANGE-Photoroom-300x300.png","tiered_pricing_type":"fixed","tiered_pricing_fixed_rules":[],"tiered_pricing_percentage_rules":[],"tiered_pricing_minimum":1,"tiered_pricing_roles_data":[],"_links":{"self":[{"href":"https:\/\/www.csj-emballages.com\/es\/wp-json\/wp\/v2\/product\/19683","targetHints":{"allow":["GET"]}}],"collection":[{"href":"https:\/\/www.csj-emballages.com\/es\/wp-json\/wp\/v2\/product"}],"about":[{"href":"https:\/\/www.csj-emballages.com\/es\/wp-json\/wp\/v2\/types\/product"}],"wp:featuredmedia":[{"embeddable":true,"href":"https:\/\/www.csj-emballages.com\/es\/wp-json\/wp\/v2\/media\/241949"}],"wp:attachment":[{"href":"https:\/\/www.csj-emballages.com\/es\/wp-json\/wp\/v2\/media?parent=19683"}],"wp:term":[{"taxonomy":"product_brand","embeddable":true,"href":"https:\/\/www.csj-emballages.com\/es\/wp-json\/wp\/v2\/product_brand?post=19683"},{"taxonomy":"product_cat","embeddable":true,"href":"https:\/\/www.csj-emballages.com\/es\/wp-json\/wp\/v2\/product_cat?post=19683"},{"taxonomy":"product_tag","embeddable":true,"href":"https:\/\/www.csj-emballages.com\/es\/wp-json\/wp\/v2\/product_tag?post=19683"}],"curies":[{"name":"wp","href":"https:\/\/api.w.org\/{rel}","templated":true}]}}