{"id":19664,"date":"2024-03-01T16:57:14","date_gmt":"2024-03-01T15:57:14","guid":{"rendered":"https:\/\/u15jnbdpoq.preview.infomaniak.website\/produit\/caja-de-carton-verde-para-12-16-macarrones\/"},"modified":"2026-03-12T16:12:30","modified_gmt":"2026-03-12T15:12:30","slug":"caja-de-carton-verde-para-12-16-macarrones","status":"publish","type":"product","link":"https:\/\/www.csj-emballages.com\/es\/produit\/caja-de-carton-verde-para-12-16-macarrones\/","title":{"rendered":"Caja de macarrones verdes para 12 \/ 16 macarrones"},"content":{"rendered":"<h2>Caja de macarrones<\/h2>\n<hr>\n<h3>Descripci\u00f3n de nuestra caja de macarrones verdes para 12 \/ 16 macarrones<\/h3>\n<p><!--more--><\/p>\n<p data-start=\"110\" data-end=\"543\">Regalar <strong>macarons<\/strong> es un momento de elegancia y refinamiento. Con esta <strong data-start=\"196\" data-end=\"230\">caja para macarons de cart\u00f3n verde<\/strong>, dispondr\u00e1 de un envase a la vez pr\u00e1ctico y atractivo, especialmente dise\u00f1ado para mostrar sus dulces creaciones. Con una capacidad de <strong data-start=\"377\" data-end=\"397\">12 a 16 macarons<\/strong>, responde a las necesidades de pasteleros, chocolateros y artesanos que desean presentar sus dulces en un envase profesional y elegante.  <\/p>\n<p data-start=\"545\" data-end=\"916\">Fabricada en <strong data-start=\"558\" data-end=\"586\">cart\u00f3n<\/strong>, esta <strong>caja con ventana<\/strong> protege eficazmente sus <strong>macarrones<\/strong> y garantiza un transporte seguro, sin riesgo de aplastamiento. Su acabado <strong>verde<\/strong> brillante y colorido es perfecto para cualquier ambiente: realza los colores vivos de los macarons afrutados, as\u00ed como los tonos m\u00e1s refinados de las recetas de chocolate, pistacho o caf\u00e9. <\/p>\n<p data-start=\"918\" data-end=\"1234\">Esta vers\u00e1til <strong>caja de macarrones<\/strong> puede utilizarse tanto para ventas en tienda como para eventos especiales: bodas, cumplea\u00f1os, fiestas de fin de a\u00f1o o regalos de empresa. Gracias a su formato especialmente adaptado, los <strong>macarons<\/strong> pueden presentarse en una fila armoniosa y permanecer perfectamente en su sitio. <\/p>\n<p data-start=\"1236\" data-end=\"1481\">Al elegir este envase, usted combina practicidad con una imagen de alta gama. Su dise\u00f1o de <strong>cart\u00f3n<\/strong> <strong>reciclable<\/strong> tambi\u00e9n forma parte de un enfoque respetuoso con el medio ambiente, en l\u00ednea con las expectativas actuales de los consumidores. <\/p>\n<p data-start=\"1483\" data-end=\"1704\">Con esta <strong data-start=\"1494\" data-end=\"1536\">caja de macarrones verdes para 12\/16 piezas<\/strong>, est\u00e1 eligiendo un envase que muestra su saber hacer tradicional al tiempo que garantiza una experiencia impecable al cliente, desde el mostrador hasta la mesa de degustaci\u00f3n.<\/p>\n<p data-start=\"1483\" data-end=\"1704\"><!--more--><\/p>\n<h4 data-start=\"1423\" data-end=\"1694\">Ventajas :<\/h4>\n<ul>\n<li data-start=\"1423\" data-end=\"1694\">Acabado <strong data-start=\"1932\" data-end=\"1941\">verde<\/strong> para realzar sus macarrones.<\/li>\n<li data-start=\"1423\" data-end=\"1694\">Ideal para <strong data-start=\"1998\" data-end=\"2013\">12\/16 macarrones.<\/strong><\/li>\n<li data-start=\"1423\" data-end=\"1694\"><strong data-start=\"2018\" data-end=\"2035\">Cart\u00f3n resistente<\/strong> y apto para uso alimentario.<\/li>\n<li data-start=\"1423\" data-end=\"1694\">Envases <strong data-start=\"2141\" data-end=\"2155\">reciclables<\/strong> y respetuosos con el medio ambiente.<\/li>\n<li data-start=\"1423\" data-end=\"1694\">Presentaci\u00f3n profesional para tiendas, eventos o regalos.<\/li>\n<\/ul>\n<p>&nbsp;<\/p>\n<p><!--more--><\/p>\n<h4>Informaci\u00f3n adicional :<\/h4>\n<ul style=\"box-sizing: inherit; font-family: Roboto, sans-serif;\">\n<li><strong>Embalaje<\/strong>: Vendido individualmente<\/li>\n<li><span style=\"font-weight: bold;\">Dimensiones<\/span>: 175 x 120 x 55 (L x A x A en mm)<\/li>\n<li><strong>Material<\/strong>: Cart\u00f3n + PET<\/li>\n<li><strong>Color<\/strong>: verde<\/li>\n<li><strong>Capacidad<\/strong>: 12\/16 macarrones<\/li>\n<li><strong>Opci\u00f3n<\/strong>: Caja dise\u00f1ada con una ventana<\/li>\n<\/ul>\n<p>&nbsp;<\/p>\n<p><!--more--><\/p>\n<p>Disponible en varios colores: <span style=\"color: #d12727;\"><br \/>\n  <a style=\"color: #d12727;\" href=\"https:\/\/www.csj-emballages.com\/es\/produit\/caja-de-carton-naranja-para-12-16-macarrones\/\"><br \/>\n    <span style=\"color: #d12727;\">Naranja<\/span><br \/>\n  <\/a><br \/>\n<\/span> \/ <span style=\"color: #d12727;\"><br \/>\n  <a style=\"color: #d12727;\" href=\"https:\/\/www.csj-emballages.com\/es\/produit\/caja-de-carton-negra-para-12-16-macarrones\/\">Negro<\/a><br \/>\n<\/span> \/ <span style=\"color: #d12727;\"><a style=\"color: #d12727;\" href=\"https:\/\/www.csj-emballages.com\/produit\/boite-rose-pour-12-16-macarons-en-carton\/\">Rosa<\/a> <\/span>\/ <span style=\"color: #d12727;\"><br \/>\n  <a style=\"color: #d12727;\" href=\"https:\/\/www.csj-emballages.com\/es\/produit\/caja-parma-para-12-16-macarrones-de-carton\/\">Parma<\/a><br \/>\n<\/span><\/p>\n<p>&nbsp;<\/p>\n<p><!--more--><\/p>\n<p>Aqu\u00ed encontrar\u00e1 nuestros dos tipos de insertos para macarrones compatibles con esta caja: <span style=\"color: #d12727;\"><br \/>\n  <a style=\"color: #d12727;\" href=\"https:\/\/www.csj-emballages.com\/produit\/50-calages-noir-plastique-16-macarons-pour-boite\/\">CALBM12NOIR<\/a><br \/>\n<\/span> (Negro) \/ <span style=\"color: #d12727;\"><a style=\"color: #d12727;\" href=\"https:\/\/www.csj-emballages.com\/produit\/50-calages-transparent-plastique-16-macarons-pour-boite\/\">CALBM12TRAN<\/a> <span style=\"color: #000000;\">(Transparente)<\/span><\/span><\/p>\n<p>&nbsp;<\/p>\n<p><!--more--><\/p>\n<p><a href=\"https:\/\/www.csj-emballages.com\/es\/categorie-produit\/envasado-de-alimentos\/panaderia-y-pasteleria\/cajas-y-estuches\/cajas-estuches-para-macarrones\/cajas-macarrones\/cajas-de-macarrones\/\">Ver el resto de nuestra gama de cajas para macarrones<\/a><\/p>\n","protected":false},"excerpt":{"rendered":"<p>Caja de macarrones Descripci\u00f3n de nuestra caja de macarrones verdes para 12 \/ 16 macarrones<\/p>\n","protected":false},"featured_media":241753,"template":"","meta":{"_acf_changed":false},"product_brand":[],"product_cat":[1150,1145,1710,2161,2162,1147],"product_tag":[],"class_list":{"0":"post-19664","1":"product","2":"type-product","3":"status-publish","4":"has-post-thumbnail","6":"product_cat-envasado-de-alimentos","7":"product_cat-panaderia-y-pasteleria","8":"product_cat-cajas-estuches-para-macarrones","9":"product_cat-cajas-macarrones","10":"product_cat-cajas-de-macarrones","11":"product_cat-jardineras","13":"first","14":"instock","15":"taxable","16":"shipping-taxable","17":"purchasable","18":"product-type-simple"},"acf":[],"yoast_head":"<!-- This site is optimized with the Yoast SEO Premium plugin v26.6 (Yoast SEO v26.6) - https:\/\/yoast.com\/wordpress\/plugins\/seo\/ -->\n<title>Caja de macarrones verdes para 12 \/ 16 macarrones<\/title>\n<meta name=\"description\" content=\"Descubra la caja de macarrones verde para 16 macarrones de cart\u00f3n. Esta caja protege sus macarrones a la vez que ofrece una bonita presentaci\u00f3n.\" \/>\n<meta name=\"robots\" content=\"index, follow, max-snippet:-1, max-image-preview:large, max-video-preview:-1\" \/>\n<link rel=\"canonical\" href=\"https:\/\/www.csj-emballages.com\/es\/produit\/caja-de-carton-verde-para-12-16-macarrones\/\" \/>\n<meta property=\"og:locale\" content=\"es_ES\" \/>\n<meta property=\"og:type\" content=\"article\" \/>\n<meta property=\"og:title\" content=\"Caja de macarrones verdes para 12 \/ 16 macarrones\" \/>\n<meta property=\"og:description\" content=\"Descubra la caja de macarrones verde para 16 macarrones de cart\u00f3n. Esta caja protege sus macarrones a la vez que ofrece una bonita presentaci\u00f3n.\" \/>\n<meta property=\"og:url\" content=\"https:\/\/www.csj-emballages.com\/es\/produit\/caja-de-carton-verde-para-12-16-macarrones\/\" \/>\n<meta property=\"og:site_name\" content=\"CSJ Emballages\" \/>\n<meta property=\"article:publisher\" content=\"https:\/\/www.facebook.com\/csjemballages\" \/>\n<meta property=\"article:modified_time\" content=\"2026-03-12T15:12:30+00:00\" \/>\n<meta property=\"og:image\" content=\"https:\/\/www.csj-emballages.com\/wp-content\/uploads\/2024\/03\/BM12VERT.webp\" \/>\n\t<meta property=\"og:image:width\" content=\"800\" \/>\n\t<meta property=\"og:image:height\" content=\"800\" \/>\n\t<meta property=\"og:image:type\" content=\"image\/webp\" \/>\n<meta name=\"twitter:card\" content=\"summary_large_image\" \/>\n<meta name=\"twitter:label1\" content=\"Tiempo de lectura\" \/>\n\t<meta name=\"twitter:data1\" content=\"2 minutos\" \/>\n<script type=\"application\/ld+json\" class=\"yoast-schema-graph\">{\"@context\":\"https:\/\/schema.org\",\"@graph\":[{\"@type\":\"WebPage\",\"@id\":\"https:\/\/www.csj-emballages.com\/es\/produit\/caja-de-carton-verde-para-12-16-macarrones\/\",\"url\":\"https:\/\/www.csj-emballages.com\/es\/produit\/caja-de-carton-verde-para-12-16-macarrones\/\",\"name\":\"Caja de macarrones verdes para 12 \/ 16 macarrones\",\"isPartOf\":{\"@id\":\"https:\/\/www.csj-emballages.com\/es\/#website\"},\"primaryImageOfPage\":{\"@id\":\"https:\/\/www.csj-emballages.com\/es\/produit\/caja-de-carton-verde-para-12-16-macarrones\/#primaryimage\"},\"image\":{\"@id\":\"https:\/\/www.csj-emballages.com\/es\/produit\/caja-de-carton-verde-para-12-16-macarrones\/#primaryimage\"},\"thumbnailUrl\":\"https:\/\/www.csj-emballages.com\/wp-content\/uploads\/2024\/03\/BM12VERT.webp\",\"datePublished\":\"2024-03-01T15:57:14+00:00\",\"dateModified\":\"2026-03-12T15:12:30+00:00\",\"description\":\"Descubra la caja de macarrones verde para 16 macarrones de cart\u00f3n. Esta caja protege sus macarrones a la vez que ofrece una bonita presentaci\u00f3n.\",\"breadcrumb\":{\"@id\":\"https:\/\/www.csj-emballages.com\/es\/produit\/caja-de-carton-verde-para-12-16-macarrones\/#breadcrumb\"},\"inLanguage\":\"es\",\"potentialAction\":[{\"@type\":\"ReadAction\",\"target\":[\"https:\/\/www.csj-emballages.com\/es\/produit\/caja-de-carton-verde-para-12-16-macarrones\/\"]}]},{\"@type\":\"ImageObject\",\"inLanguage\":\"es\",\"@id\":\"https:\/\/www.csj-emballages.com\/es\/produit\/caja-de-carton-verde-para-12-16-macarrones\/#primaryimage\",\"url\":\"https:\/\/www.csj-emballages.com\/wp-content\/uploads\/2024\/03\/BM12VERT.webp\",\"contentUrl\":\"https:\/\/www.csj-emballages.com\/wp-content\/uploads\/2024\/03\/BM12VERT.webp\",\"width\":800,\"height\":800,\"caption\":\"Boite macarons\"},{\"@type\":\"BreadcrumbList\",\"@id\":\"https:\/\/www.csj-emballages.com\/es\/produit\/caja-de-carton-verde-para-12-16-macarrones\/#breadcrumb\",\"itemListElement\":[{\"@type\":\"ListItem\",\"position\":1,\"name\":\"Accueil\",\"item\":\"https:\/\/www.csj-emballages.com\/es\/universo-del-envasado-alimentario\/\"},{\"@type\":\"ListItem\",\"position\":2,\"name\":\"Tienda\",\"item\":\"https:\/\/www.csj-emballages.com\/tienda\/\"},{\"@type\":\"ListItem\",\"position\":3,\"name\":\"Caja de macarrones verdes para 12 \/ 16 macarrones\"}]},{\"@type\":\"WebSite\",\"@id\":\"https:\/\/www.csj-emballages.com\/es\/#website\",\"url\":\"https:\/\/www.csj-emballages.com\/es\/\",\"name\":\"CSJ Emballages\",\"description\":\"\",\"publisher\":{\"@id\":\"https:\/\/www.csj-emballages.com\/es\/#organization\"},\"potentialAction\":[{\"@type\":\"SearchAction\",\"target\":{\"@type\":\"EntryPoint\",\"urlTemplate\":\"https:\/\/www.csj-emballages.com\/es\/?s={search_term_string}\"},\"query-input\":{\"@type\":\"PropertyValueSpecification\",\"valueRequired\":true,\"valueName\":\"search_term_string\"}}],\"inLanguage\":\"es\"},{\"@type\":\"Organization\",\"@id\":\"https:\/\/www.csj-emballages.com\/es\/#Organization\/\",\"name\":\"CSJ Emballages\",\"url\":\"https:\/\/www.csj-emballages.com\/es\/\",\"logo\":{\"@type\":\"ImageObject\",\"inLanguage\":\"es\",\"@id\":\"https:\/\/www.csj-emballages.com\/es\/#\/schema\/logo\/image\/\",\"url\":\"https:\/\/www.csj-emballages.com\/wp-content\/uploads\/2023\/10\/logo_csj.webp\",\"contentUrl\":\"https:\/\/www.csj-emballages.com\/wp-content\/uploads\/2023\/10\/logo_csj.webp\",\"width\":250,\"height\":95,\"caption\":\"CSJ Emballages\"},\"image\":{\"@id\":\"https:\/\/www.csj-emballages.com\/es\/#\/schema\/logo\/image\/\"},\"sameAs\":[\"https:\/\/www.facebook.com\/csjemballages\"],\"address\":{\"@type\":\"PostalAddress\",\"streetAddress\":\"ZI La Lechere\",\"addressLocality\":\"Patornay\",\"postalCode\":\"39130\",\"addressCountry\":\"FR\"},\"contactPoint\":[{\"@type\":\"ContactPoint\",\"contactType\":\"Service client\",\"telephone\":\"0384254272\",\"email\":\"contact@csj-emballages.com\"}]}]}<\/script>\n<!-- \/ Yoast SEO Premium plugin. -->","yoast_head_json":{"title":"Caja de macarrones verdes para 12 \/ 16 macarrones","description":"Descubra la caja de macarrones verde para 16 macarrones de cart\u00f3n. Esta caja protege sus macarrones a la vez que ofrece una bonita presentaci\u00f3n.","robots":{"index":"index","follow":"follow","max-snippet":"max-snippet:-1","max-image-preview":"max-image-preview:large","max-video-preview":"max-video-preview:-1"},"canonical":"https:\/\/www.csj-emballages.com\/es\/produit\/caja-de-carton-verde-para-12-16-macarrones\/","og_locale":"es_ES","og_type":"article","og_title":"Caja de macarrones verdes para 12 \/ 16 macarrones","og_description":"Descubra la caja de macarrones verde para 16 macarrones de cart\u00f3n. Esta caja protege sus macarrones a la vez que ofrece una bonita presentaci\u00f3n.","og_url":"https:\/\/www.csj-emballages.com\/es\/produit\/caja-de-carton-verde-para-12-16-macarrones\/","og_site_name":"CSJ Emballages","article_publisher":"https:\/\/www.facebook.com\/csjemballages","article_modified_time":"2026-03-12T15:12:30+00:00","og_image":[{"width":800,"height":800,"url":"https:\/\/www.csj-emballages.com\/wp-content\/uploads\/2024\/03\/BM12VERT.webp","type":"image\/webp"}],"twitter_card":"summary_large_image","twitter_misc":{"Tiempo de lectura":"2 minutos"},"schema":{"@context":"https:\/\/schema.org","@graph":[{"@type":"WebPage","@id":"https:\/\/www.csj-emballages.com\/es\/produit\/caja-de-carton-verde-para-12-16-macarrones\/","url":"https:\/\/www.csj-emballages.com\/es\/produit\/caja-de-carton-verde-para-12-16-macarrones\/","name":"Caja de macarrones verdes para 12 \/ 16 macarrones","isPartOf":{"@id":"https:\/\/www.csj-emballages.com\/es\/#website"},"primaryImageOfPage":{"@id":"https:\/\/www.csj-emballages.com\/es\/produit\/caja-de-carton-verde-para-12-16-macarrones\/#primaryimage"},"image":{"@id":"https:\/\/www.csj-emballages.com\/es\/produit\/caja-de-carton-verde-para-12-16-macarrones\/#primaryimage"},"thumbnailUrl":"https:\/\/www.csj-emballages.com\/wp-content\/uploads\/2024\/03\/BM12VERT.webp","datePublished":"2024-03-01T15:57:14+00:00","dateModified":"2026-03-12T15:12:30+00:00","description":"Descubra la caja de macarrones verde para 16 macarrones de cart\u00f3n. Esta caja protege sus macarrones a la vez que ofrece una bonita presentaci\u00f3n.","breadcrumb":{"@id":"https:\/\/www.csj-emballages.com\/es\/produit\/caja-de-carton-verde-para-12-16-macarrones\/#breadcrumb"},"inLanguage":"es","potentialAction":[{"@type":"ReadAction","target":["https:\/\/www.csj-emballages.com\/es\/produit\/caja-de-carton-verde-para-12-16-macarrones\/"]}]},{"@type":"ImageObject","inLanguage":"es","@id":"https:\/\/www.csj-emballages.com\/es\/produit\/caja-de-carton-verde-para-12-16-macarrones\/#primaryimage","url":"https:\/\/www.csj-emballages.com\/wp-content\/uploads\/2024\/03\/BM12VERT.webp","contentUrl":"https:\/\/www.csj-emballages.com\/wp-content\/uploads\/2024\/03\/BM12VERT.webp","width":800,"height":800,"caption":"Boite macarons"},{"@type":"BreadcrumbList","@id":"https:\/\/www.csj-emballages.com\/es\/produit\/caja-de-carton-verde-para-12-16-macarrones\/#breadcrumb","itemListElement":[{"@type":"ListItem","position":1,"name":"Accueil","item":"https:\/\/www.csj-emballages.com\/es\/universo-del-envasado-alimentario\/"},{"@type":"ListItem","position":2,"name":"Tienda","item":"https:\/\/www.csj-emballages.com\/tienda\/"},{"@type":"ListItem","position":3,"name":"Caja de macarrones verdes para 12 \/ 16 macarrones"}]},{"@type":"WebSite","@id":"https:\/\/www.csj-emballages.com\/es\/#website","url":"https:\/\/www.csj-emballages.com\/es\/","name":"CSJ Emballages","description":"","publisher":{"@id":"https:\/\/www.csj-emballages.com\/es\/#organization"},"potentialAction":[{"@type":"SearchAction","target":{"@type":"EntryPoint","urlTemplate":"https:\/\/www.csj-emballages.com\/es\/?s={search_term_string}"},"query-input":{"@type":"PropertyValueSpecification","valueRequired":true,"valueName":"search_term_string"}}],"inLanguage":"es"},{"@type":"Organization","@id":"https:\/\/www.csj-emballages.com\/es\/#Organization\/","name":"CSJ Emballages","url":"https:\/\/www.csj-emballages.com\/es\/","logo":{"@type":"ImageObject","inLanguage":"es","@id":"https:\/\/www.csj-emballages.com\/es\/#\/schema\/logo\/image\/","url":"https:\/\/www.csj-emballages.com\/wp-content\/uploads\/2023\/10\/logo_csj.webp","contentUrl":"https:\/\/www.csj-emballages.com\/wp-content\/uploads\/2023\/10\/logo_csj.webp","width":250,"height":95,"caption":"CSJ Emballages"},"image":{"@id":"https:\/\/www.csj-emballages.com\/es\/#\/schema\/logo\/image\/"},"sameAs":["https:\/\/www.facebook.com\/csjemballages"],"address":{"@type":"PostalAddress","streetAddress":"ZI La Lechere","addressLocality":"Patornay","postalCode":"39130","addressCountry":"FR"},"contactPoint":[{"@type":"ContactPoint","contactType":"Service client","telephone":"0384254272","email":"contact@csj-emballages.com"}]}]}},"df_price":0.74,"df_sale_price":"","df_regular_price":0.74,"df_image_link":"https:\/\/www.csj-emballages.com\/wp-content\/uploads\/2024\/03\/BM12VERT-300x300.webp","tiered_pricing_type":"fixed","tiered_pricing_fixed_rules":[],"tiered_pricing_percentage_rules":[],"tiered_pricing_minimum":1,"tiered_pricing_roles_data":[],"_links":{"self":[{"href":"https:\/\/www.csj-emballages.com\/es\/wp-json\/wp\/v2\/product\/19664","targetHints":{"allow":["GET"]}}],"collection":[{"href":"https:\/\/www.csj-emballages.com\/es\/wp-json\/wp\/v2\/product"}],"about":[{"href":"https:\/\/www.csj-emballages.com\/es\/wp-json\/wp\/v2\/types\/product"}],"wp:featuredmedia":[{"embeddable":true,"href":"https:\/\/www.csj-emballages.com\/es\/wp-json\/wp\/v2\/media\/241753"}],"wp:attachment":[{"href":"https:\/\/www.csj-emballages.com\/es\/wp-json\/wp\/v2\/media?parent=19664"}],"wp:term":[{"taxonomy":"product_brand","embeddable":true,"href":"https:\/\/www.csj-emballages.com\/es\/wp-json\/wp\/v2\/product_brand?post=19664"},{"taxonomy":"product_cat","embeddable":true,"href":"https:\/\/www.csj-emballages.com\/es\/wp-json\/wp\/v2\/product_cat?post=19664"},{"taxonomy":"product_tag","embeddable":true,"href":"https:\/\/www.csj-emballages.com\/es\/wp-json\/wp\/v2\/product_tag?post=19664"}],"curies":[{"name":"wp","href":"https:\/\/api.w.org\/{rel}","templated":true}]}}