{"id":19574,"date":"2024-03-01T16:57:16","date_gmt":"2024-03-01T15:57:16","guid":{"rendered":"https:\/\/u15jnbdpoq.preview.infomaniak.website\/produit\/molde-de-carton-blanco-14-x-6-cm\/"},"modified":"2026-04-01T02:12:00","modified_gmt":"2026-04-01T00:12:00","slug":"molde-de-carton-blanco-14-x-6-cm","status":"publish","type":"product","link":"https:\/\/www.csj-emballages.com\/es\/produit\/molde-de-carton-blanco-14-x-6-cm\/","title":{"rendered":"Caja para tartas de cart\u00f3n blanca 14 x 5 cm"},"content":{"rendered":"<h2>Caja para tartas<\/h2>\n<hr>\n<h3>Descripci\u00f3n de caja para tartas de cart\u00f3n blanca 14 x 5 cm<\/h3>\n<p><!--more--><\/p>\n<p>Descubra la <strong>caja para tartas de cart\u00f3n blanca de 14 x 5 cm<\/strong>, un envase elegante y discreto pensado para realzar sus delicias dulces. Su <strong>color blanco<\/strong> ofrece un aspecto neutro que armoniza con todos los estilos, ya se trate de dulces cl\u00e1sicos, postres actuales o delicias caseras. Esta <strong>caja para tartas<\/strong>, a la vez compacta y bien distribuida, facilita el transporte de porciones de tarta, postres individuales o peque\u00f1as golosinas para regalar.  <\/p>\n<p>Fabricada con <strong>cart\u00f3n apto para uso alimentario<\/strong>, ofrece una excelente protecci\u00f3n de los alimentos y los mantiene frescos. Su robustez evita cualquier peligro de aplastamiento y proporciona la protecci\u00f3n que necesita cuando se desplaza. Tanto si es panadero, pastelero, hostelero o simplemente un amante de la comida, esta <strong>caja<\/strong> cumplir\u00e1 sus expectativas.  <\/p>\n<p>Con sus <strong>dimensiones de 14 x 5 cm<\/strong>, es perfecta para porciones individuales o peque\u00f1as cantidades. Tambi\u00e9n le permite ahorrar espacio durante el almacenamiento gracias a su tama\u00f1o reducido. Su <strong>aspecto minimalista<\/strong> puede adaptarse con una <strong>etiqueta<\/strong>, un adhesivo o incluso una cinta para valorizar su marca y aportar un toque m\u00e1s acogedor a sus clientes.  <\/p>\n<p>Es una opci\u00f3n pr\u00e1ctica y eficaz para presentar sus pasteles, que garantiza un desplazamiento sin complicaciones. Ofrezca a sus clientes una experiencia agradable, desde la primera impresi\u00f3n hasta la degustaci\u00f3n. <\/p>\n<p>&nbsp;<\/p>\n<p><!--more--><\/p>\n<h4>Ventajas :<\/h4>\n<ul>\n<li><strong data-start=\"1532\" data-end=\"1550\">Cart\u00f3n robusto<\/strong> apto para el contacto con alimentos.<\/li>\n<li>Tama\u00f1o ideal para trozos de tarta y boller\u00eda peque\u00f1a.<\/li>\n<li><strong>Sobrio color blanco<\/strong>, f\u00e1cil de personalizar.<\/li>\n<li>Protecci\u00f3n eficaz contra el aplastamiento.<\/li>\n<li>Adecuado tanto para uso profesional como privado.<\/li>\n<\/ul>\n<p>&nbsp;<\/p>\n<p><!--more--><\/p>\n<div>\n<h4>Informaci\u00f3n adicional :<\/h4>\n<ul>\n<li><strong>Embalaje<\/strong>: Por unidad<\/li>\n<li><strong>Dimensiones<\/strong>: 14 x 6 cm<\/li>\n<li><b>Color <\/b>: blanco<\/li>\n<li><strong>Material<\/strong>: Cart\u00f3n<\/li>\n<\/ul>\n<p>&nbsp;<\/p>\n<\/div>\n<p><!--more--><\/p>\n<p>Este molde est\u00e1 disponible en diferentes tama\u00f1os: <span style=\"color: #d12727;\"><a style=\"color: #d12727;\" href=\"https:\/\/www.csj-emballages.com\/es\/produit\/molde-de-carton-blanco-16-x-5-cm\/\">16 x 5 cm<\/a><\/span> \/ <span style=\"color: #d12727;\"><a style=\"color: #d12727;\" href=\"https:\/\/www.csj-emballages.com\/es\/produit\/molde-de-carton-blanco-18-x-5-cm\/\">18 x 5 cm<\/a><\/span> \/ <span style=\"color: #d12727;\"><a style=\"color: #d12727;\" href=\"https:\/\/www.csj-emballages.com\/es\/produit\/molde-de-carton-blanco-20-x-5-cm\/\">20 x 5 cm<\/a><\/span> \/ <span style=\"color: #d12727;\"><a style=\"color: #d12727;\" href=\"https:\/\/www.csj-emballages.com\/es\/produit\/molde-de-carton-blanco-23-x-5-cm\/\">23 x 5 cm<\/a><\/span> \/ <span style=\"color: #d12727;\"><a style=\"color: #d12727;\" href=\"https:\/\/www.csj-emballages.com\/es\/produit\/caja-para-tartas-de-carton-blanco-26-x-5-cm\/\">26 x 5 cm<\/a> <\/span>\/ <span style=\"color: #d12727;\"><a style=\"color: #d12727;\" href=\"https:\/\/www.csj-emballages.com\/es\/produit\/molde-de-carton-blanco-29-x-5-cm\/\">29 x 5 cm<\/a><\/span> \/ <span style=\"color: #d12727;\"><a style=\"color: #d12727;\" href=\"https:\/\/www.csj-emballages.com\/produit\/boite-gateau-carton-blanche-33-x-5-cm\/\">33 x 5 cm<\/a><\/span><\/p>\n<div>\n<div><\/div>\n<\/div>\n<p><!--more--><\/p>\n<p><a href=\"\/?product_cat=boite-charniere-pour-patisseries\">Ver el resto de nuestra gama de cajas abatibles para pasteler\u00eda<\/a><\/p>\n","protected":false},"excerpt":{"rendered":"<p>Caja para tartas Descripci\u00f3n de caja para tartas de cart\u00f3n blanca 14 x 5 cm<\/p>\n","protected":false},"featured_media":242390,"template":"","meta":{"_acf_changed":false},"product_brand":[],"product_cat":[1150,1145,1259,2159],"product_tag":[],"class_list":{"0":"post-19574","1":"product","2":"type-product","3":"status-publish","4":"has-post-thumbnail","6":"product_cat-envasado-de-alimentos","7":"product_cat-panaderia-y-pasteleria","8":"product_cat-cajas-para-pasteles","9":"product_cat-caja-de-pasteleria-blanca-a-lunite","11":"first","12":"instock","13":"taxable","14":"shipping-taxable","15":"purchasable","16":"product-type-simple"},"acf":[],"yoast_head":"<!-- This site is optimized with the Yoast SEO Premium plugin v26.6 (Yoast SEO v26.6) - https:\/\/yoast.com\/wordpress\/plugins\/seo\/ -->\n<title>Caja de cart\u00f3n blanca para tartas 14 x 6 cm<\/title>\n<meta name=\"description\" content=\"Caja para tartas de cart\u00f3n blanca 14 x 5 cm, s\u00f3lida y sobria, ideal para proteger y presentar sus porciones de tartas y pasteles.\" \/>\n<meta name=\"robots\" content=\"index, follow, max-snippet:-1, max-image-preview:large, max-video-preview:-1\" \/>\n<link rel=\"canonical\" href=\"https:\/\/www.csj-emballages.com\/es\/produit\/molde-de-carton-blanco-14-x-6-cm\/\" \/>\n<meta property=\"og:locale\" content=\"es_ES\" \/>\n<meta property=\"og:type\" content=\"article\" \/>\n<meta property=\"og:title\" content=\"Caja para tartas de cart\u00f3n blanca 14 x 5 cm\" \/>\n<meta property=\"og:description\" content=\"Caja para tartas de cart\u00f3n blanca 14 x 5 cm, s\u00f3lida y sobria, ideal para proteger y presentar sus porciones de tartas y pasteles.\" \/>\n<meta property=\"og:url\" content=\"https:\/\/www.csj-emballages.com\/es\/produit\/molde-de-carton-blanco-14-x-6-cm\/\" \/>\n<meta property=\"og:site_name\" content=\"CSJ Emballages\" \/>\n<meta property=\"article:publisher\" content=\"https:\/\/www.facebook.com\/csjemballages\" \/>\n<meta property=\"article:modified_time\" content=\"2026-04-01T00:12:00+00:00\" \/>\n<meta property=\"og:image\" content=\"https:\/\/www.csj-emballages.com\/wp-content\/uploads\/2024\/03\/BG14X6BL.webp\" \/>\n\t<meta property=\"og:image:width\" content=\"800\" \/>\n\t<meta property=\"og:image:height\" content=\"800\" \/>\n\t<meta property=\"og:image:type\" content=\"image\/webp\" \/>\n<meta name=\"twitter:card\" content=\"summary_large_image\" \/>\n<meta name=\"twitter:label1\" content=\"Tiempo de lectura\" \/>\n\t<meta name=\"twitter:data1\" content=\"2 minutos\" \/>\n<script type=\"application\/ld+json\" class=\"yoast-schema-graph\">{\"@context\":\"https:\/\/schema.org\",\"@graph\":[{\"@type\":\"WebPage\",\"@id\":\"https:\/\/www.csj-emballages.com\/es\/produit\/molde-de-carton-blanco-14-x-6-cm\/\",\"url\":\"https:\/\/www.csj-emballages.com\/es\/produit\/molde-de-carton-blanco-14-x-6-cm\/\",\"name\":\"Caja de cart\u00f3n blanca para tartas 14 x 6 cm\",\"isPartOf\":{\"@id\":\"https:\/\/www.csj-emballages.com\/es\/#website\"},\"primaryImageOfPage\":{\"@id\":\"https:\/\/www.csj-emballages.com\/es\/produit\/molde-de-carton-blanco-14-x-6-cm\/#primaryimage\"},\"image\":{\"@id\":\"https:\/\/www.csj-emballages.com\/es\/produit\/molde-de-carton-blanco-14-x-6-cm\/#primaryimage\"},\"thumbnailUrl\":\"https:\/\/www.csj-emballages.com\/wp-content\/uploads\/2024\/03\/BG14X6BL.webp\",\"datePublished\":\"2024-03-01T15:57:16+00:00\",\"dateModified\":\"2026-04-01T00:12:00+00:00\",\"description\":\"Caja para tartas de cart\u00f3n blanca 14 x 5 cm, s\u00f3lida y sobria, ideal para proteger y presentar sus porciones de tartas y pasteles.\",\"breadcrumb\":{\"@id\":\"https:\/\/www.csj-emballages.com\/es\/produit\/molde-de-carton-blanco-14-x-6-cm\/#breadcrumb\"},\"inLanguage\":\"es\",\"potentialAction\":[{\"@type\":\"ReadAction\",\"target\":[\"https:\/\/www.csj-emballages.com\/es\/produit\/molde-de-carton-blanco-14-x-6-cm\/\"]}]},{\"@type\":\"ImageObject\",\"inLanguage\":\"es\",\"@id\":\"https:\/\/www.csj-emballages.com\/es\/produit\/molde-de-carton-blanco-14-x-6-cm\/#primaryimage\",\"url\":\"https:\/\/www.csj-emballages.com\/wp-content\/uploads\/2024\/03\/BG14X6BL.webp\",\"contentUrl\":\"https:\/\/www.csj-emballages.com\/wp-content\/uploads\/2024\/03\/BG14X6BL.webp\",\"width\":800,\"height\":800,\"caption\":\"Boite g\u00e2teau\"},{\"@type\":\"BreadcrumbList\",\"@id\":\"https:\/\/www.csj-emballages.com\/es\/produit\/molde-de-carton-blanco-14-x-6-cm\/#breadcrumb\",\"itemListElement\":[{\"@type\":\"ListItem\",\"position\":1,\"name\":\"Accueil\",\"item\":\"https:\/\/www.csj-emballages.com\/es\/universo-del-envasado-alimentario\/\"},{\"@type\":\"ListItem\",\"position\":2,\"name\":\"Tienda\",\"item\":\"https:\/\/www.csj-emballages.com\/tienda\/\"},{\"@type\":\"ListItem\",\"position\":3,\"name\":\"Caja para tartas de cart\u00f3n blanca 14 x 5 cm\"}]},{\"@type\":\"WebSite\",\"@id\":\"https:\/\/www.csj-emballages.com\/es\/#website\",\"url\":\"https:\/\/www.csj-emballages.com\/es\/\",\"name\":\"CSJ Emballages\",\"description\":\"\",\"publisher\":{\"@id\":\"https:\/\/www.csj-emballages.com\/es\/#organization\"},\"potentialAction\":[{\"@type\":\"SearchAction\",\"target\":{\"@type\":\"EntryPoint\",\"urlTemplate\":\"https:\/\/www.csj-emballages.com\/es\/?s={search_term_string}\"},\"query-input\":{\"@type\":\"PropertyValueSpecification\",\"valueRequired\":true,\"valueName\":\"search_term_string\"}}],\"inLanguage\":\"es\"},{\"@type\":\"Organization\",\"@id\":\"https:\/\/www.csj-emballages.com\/es\/#Organization\/\",\"name\":\"CSJ Emballages\",\"url\":\"https:\/\/www.csj-emballages.com\/es\/\",\"logo\":{\"@type\":\"ImageObject\",\"inLanguage\":\"es\",\"@id\":\"https:\/\/www.csj-emballages.com\/es\/#\/schema\/logo\/image\/\",\"url\":\"https:\/\/www.csj-emballages.com\/wp-content\/uploads\/2023\/10\/logo_csj.webp\",\"contentUrl\":\"https:\/\/www.csj-emballages.com\/wp-content\/uploads\/2023\/10\/logo_csj.webp\",\"width\":250,\"height\":95,\"caption\":\"CSJ Emballages\"},\"image\":{\"@id\":\"https:\/\/www.csj-emballages.com\/es\/#\/schema\/logo\/image\/\"},\"sameAs\":[\"https:\/\/www.facebook.com\/csjemballages\"],\"address\":{\"@type\":\"PostalAddress\",\"streetAddress\":\"ZI La Lechere\",\"addressLocality\":\"Patornay\",\"postalCode\":\"39130\",\"addressCountry\":\"FR\"},\"contactPoint\":[{\"@type\":\"ContactPoint\",\"contactType\":\"Service client\",\"telephone\":\"0384254272\",\"email\":\"contact@csj-emballages.com\"}]}]}<\/script>\n<!-- \/ Yoast SEO Premium plugin. -->","yoast_head_json":{"title":"Caja de cart\u00f3n blanca para tartas 14 x 6 cm","description":"Caja para tartas de cart\u00f3n blanca 14 x 5 cm, s\u00f3lida y sobria, ideal para proteger y presentar sus porciones de tartas y pasteles.","robots":{"index":"index","follow":"follow","max-snippet":"max-snippet:-1","max-image-preview":"max-image-preview:large","max-video-preview":"max-video-preview:-1"},"canonical":"https:\/\/www.csj-emballages.com\/es\/produit\/molde-de-carton-blanco-14-x-6-cm\/","og_locale":"es_ES","og_type":"article","og_title":"Caja para tartas de cart\u00f3n blanca 14 x 5 cm","og_description":"Caja para tartas de cart\u00f3n blanca 14 x 5 cm, s\u00f3lida y sobria, ideal para proteger y presentar sus porciones de tartas y pasteles.","og_url":"https:\/\/www.csj-emballages.com\/es\/produit\/molde-de-carton-blanco-14-x-6-cm\/","og_site_name":"CSJ Emballages","article_publisher":"https:\/\/www.facebook.com\/csjemballages","article_modified_time":"2026-04-01T00:12:00+00:00","og_image":[{"width":800,"height":800,"url":"https:\/\/www.csj-emballages.com\/wp-content\/uploads\/2024\/03\/BG14X6BL.webp","type":"image\/webp"}],"twitter_card":"summary_large_image","twitter_misc":{"Tiempo de lectura":"2 minutos"},"schema":{"@context":"https:\/\/schema.org","@graph":[{"@type":"WebPage","@id":"https:\/\/www.csj-emballages.com\/es\/produit\/molde-de-carton-blanco-14-x-6-cm\/","url":"https:\/\/www.csj-emballages.com\/es\/produit\/molde-de-carton-blanco-14-x-6-cm\/","name":"Caja de cart\u00f3n blanca para tartas 14 x 6 cm","isPartOf":{"@id":"https:\/\/www.csj-emballages.com\/es\/#website"},"primaryImageOfPage":{"@id":"https:\/\/www.csj-emballages.com\/es\/produit\/molde-de-carton-blanco-14-x-6-cm\/#primaryimage"},"image":{"@id":"https:\/\/www.csj-emballages.com\/es\/produit\/molde-de-carton-blanco-14-x-6-cm\/#primaryimage"},"thumbnailUrl":"https:\/\/www.csj-emballages.com\/wp-content\/uploads\/2024\/03\/BG14X6BL.webp","datePublished":"2024-03-01T15:57:16+00:00","dateModified":"2026-04-01T00:12:00+00:00","description":"Caja para tartas de cart\u00f3n blanca 14 x 5 cm, s\u00f3lida y sobria, ideal para proteger y presentar sus porciones de tartas y pasteles.","breadcrumb":{"@id":"https:\/\/www.csj-emballages.com\/es\/produit\/molde-de-carton-blanco-14-x-6-cm\/#breadcrumb"},"inLanguage":"es","potentialAction":[{"@type":"ReadAction","target":["https:\/\/www.csj-emballages.com\/es\/produit\/molde-de-carton-blanco-14-x-6-cm\/"]}]},{"@type":"ImageObject","inLanguage":"es","@id":"https:\/\/www.csj-emballages.com\/es\/produit\/molde-de-carton-blanco-14-x-6-cm\/#primaryimage","url":"https:\/\/www.csj-emballages.com\/wp-content\/uploads\/2024\/03\/BG14X6BL.webp","contentUrl":"https:\/\/www.csj-emballages.com\/wp-content\/uploads\/2024\/03\/BG14X6BL.webp","width":800,"height":800,"caption":"Boite g\u00e2teau"},{"@type":"BreadcrumbList","@id":"https:\/\/www.csj-emballages.com\/es\/produit\/molde-de-carton-blanco-14-x-6-cm\/#breadcrumb","itemListElement":[{"@type":"ListItem","position":1,"name":"Accueil","item":"https:\/\/www.csj-emballages.com\/es\/universo-del-envasado-alimentario\/"},{"@type":"ListItem","position":2,"name":"Tienda","item":"https:\/\/www.csj-emballages.com\/tienda\/"},{"@type":"ListItem","position":3,"name":"Caja para tartas de cart\u00f3n blanca 14 x 5 cm"}]},{"@type":"WebSite","@id":"https:\/\/www.csj-emballages.com\/es\/#website","url":"https:\/\/www.csj-emballages.com\/es\/","name":"CSJ Emballages","description":"","publisher":{"@id":"https:\/\/www.csj-emballages.com\/es\/#organization"},"potentialAction":[{"@type":"SearchAction","target":{"@type":"EntryPoint","urlTemplate":"https:\/\/www.csj-emballages.com\/es\/?s={search_term_string}"},"query-input":{"@type":"PropertyValueSpecification","valueRequired":true,"valueName":"search_term_string"}}],"inLanguage":"es"},{"@type":"Organization","@id":"https:\/\/www.csj-emballages.com\/es\/#Organization\/","name":"CSJ Emballages","url":"https:\/\/www.csj-emballages.com\/es\/","logo":{"@type":"ImageObject","inLanguage":"es","@id":"https:\/\/www.csj-emballages.com\/es\/#\/schema\/logo\/image\/","url":"https:\/\/www.csj-emballages.com\/wp-content\/uploads\/2023\/10\/logo_csj.webp","contentUrl":"https:\/\/www.csj-emballages.com\/wp-content\/uploads\/2023\/10\/logo_csj.webp","width":250,"height":95,"caption":"CSJ Emballages"},"image":{"@id":"https:\/\/www.csj-emballages.com\/es\/#\/schema\/logo\/image\/"},"sameAs":["https:\/\/www.facebook.com\/csjemballages"],"address":{"@type":"PostalAddress","streetAddress":"ZI La Lechere","addressLocality":"Patornay","postalCode":"39130","addressCountry":"FR"},"contactPoint":[{"@type":"ContactPoint","contactType":"Service client","telephone":"0384254272","email":"contact@csj-emballages.com"}]}]}},"df_price":0.62,"df_sale_price":"","df_regular_price":0.62,"df_image_link":"https:\/\/www.csj-emballages.com\/wp-content\/uploads\/2024\/03\/BG14X6BL-300x300.webp","tiered_pricing_type":"fixed","tiered_pricing_fixed_rules":[],"tiered_pricing_percentage_rules":[],"tiered_pricing_minimum":1,"tiered_pricing_roles_data":[],"_links":{"self":[{"href":"https:\/\/www.csj-emballages.com\/es\/wp-json\/wp\/v2\/product\/19574","targetHints":{"allow":["GET"]}}],"collection":[{"href":"https:\/\/www.csj-emballages.com\/es\/wp-json\/wp\/v2\/product"}],"about":[{"href":"https:\/\/www.csj-emballages.com\/es\/wp-json\/wp\/v2\/types\/product"}],"wp:featuredmedia":[{"embeddable":true,"href":"https:\/\/www.csj-emballages.com\/es\/wp-json\/wp\/v2\/media\/242390"}],"wp:attachment":[{"href":"https:\/\/www.csj-emballages.com\/es\/wp-json\/wp\/v2\/media?parent=19574"}],"wp:term":[{"taxonomy":"product_brand","embeddable":true,"href":"https:\/\/www.csj-emballages.com\/es\/wp-json\/wp\/v2\/product_brand?post=19574"},{"taxonomy":"product_cat","embeddable":true,"href":"https:\/\/www.csj-emballages.com\/es\/wp-json\/wp\/v2\/product_cat?post=19574"},{"taxonomy":"product_tag","embeddable":true,"href":"https:\/\/www.csj-emballages.com\/es\/wp-json\/wp\/v2\/product_tag?post=19574"}],"curies":[{"name":"wp","href":"https:\/\/api.w.org\/{rel}","templated":true}]}}