{"id":19556,"date":"2024-03-01T16:57:15","date_gmt":"2024-03-01T15:57:15","guid":{"rendered":"https:\/\/u15jnbdpoq.preview.infomaniak.website\/produit\/molde-de-carton-blanco-22-x-8-cm\/"},"modified":"2026-04-28T18:00:20","modified_gmt":"2026-04-28T16:00:20","slug":"molde-de-carton-blanco-22-x-8-cm","status":"publish","type":"product","link":"https:\/\/www.csj-emballages.com\/es\/produit\/molde-de-carton-blanco-22-x-8-cm\/","title":{"rendered":"Molde de cart\u00f3n blanco 22 x 8 cm"},"content":{"rendered":"<h2>Caja para tartas<\/h2>\n<hr>\n<h3>Descripci\u00f3n de la caja de cart\u00f3n blanco para tartas 22 x 8 cm<\/h3>\n<p><!--more--><\/p>\n<p>Descubra la <strong>caja para tartas de cart\u00f3n blanco de 22 x 8 cm<\/strong>, un embalaje dise\u00f1ado para sublimar sus delicias pasteleras garantizando al mismo tiempo la m\u00e1xima protecci\u00f3n. Esta <strong>caja<\/strong> est\u00e1 dise\u00f1ada para facilitar el transporte de sus creaciones. <strong>Con unas medidas de 22 x 8 cm<\/strong>, es perfecta para contener pasteles, tartas o mignardises variados.  <\/p>\n<p>Fabricado en <strong>cart\u00f3n<\/strong>, ofrece una valiosa protecci\u00f3n durante el transporte y ayuda a mantener frescos sus postres. Su <strong>color blanco<\/strong> le confiere un aspecto elegante y discreto que destaca el talento del dise\u00f1ador m\u00e1s que el propio envase. <\/p>\n<p>Tambi\u00e9n es posible <strong>personalizar<\/strong> la fachada exterior con una <strong>etiqueta<\/strong>, una pegatina o incluso un <strong>sello<\/strong> que represente su marca.<\/p>\n<p>Esta <strong>caja para<\/strong> <strong>tartas<\/strong> se ha dise\u00f1ado para satisfacer las necesidades de los profesionales que buscan un envase seguro, pero tambi\u00e9n de los particulares que desean presentar sus dulces caseros en un envoltorio elegante. Es r\u00e1pida y f\u00e1cil de abrir y cerrar, un aut\u00e9ntico ahorro de tiempo. <\/p>\n<p>Dise\u00f1ada para establecimientos como pasteler\u00edas, salones de t\u00e9 y panader\u00edas, as\u00ed como para ocasiones como bodas, cumplea\u00f1os y festividades, esta soluci\u00f3n le permite exhibir sus postres de la mejor manera posible. Gracias a su robustez y tama\u00f1o compacto, la <strong>caja para<\/strong> <strong>tartas de cart\u00f3n blanco<\/strong> es un aliado indispensable para exponer y transportar sus tartas sin riesgos. <\/p>\n<p><!--more--><\/p>\n<h4>Ventajas :<\/h4>\n<ul>\n<li>Formato pr\u00e1ctico para pasteles, tartas y postres.<\/li>\n<li><strong data-start=\"1772\" data-end=\"1789\">Cart\u00f3n r\u00edgido<\/strong> para protecci\u00f3n.<\/li>\n<li>Su color <strong>blanco<\/strong> lo hace adecuado para cualquier entorno.<\/li>\n<li>F\u00e1cil de almacenar y apilar.<\/li>\n<li>Ideal tanto para uso profesional como dom\u00e9stico.<\/li>\n<\/ul>\n<p>&nbsp;<\/p>\n<p><!--more--><\/p>\n<div>\n<h4>Informaci\u00f3n adicional :<\/h4>\n<ul>\n<li><strong>Embalaje<\/strong>: Por unidad<\/li>\n<li><strong>Dimensiones<\/strong>: 22 x 8 cm<\/li>\n<li><b>Color <\/b>: blanco<\/li>\n<li><strong>Material<\/strong>: Cart\u00f3n<\/li>\n<\/ul>\n<p>&nbsp;<\/p>\n<\/div>\n<p><!--more--><\/p>\n<p>Este molde est\u00e1 disponible en diferentes tama\u00f1os:  <span style=\"color: #d12727;\"><a style=\"color: #d12727;\" href=\"https:\/\/www.csj-emballages.com\/es\/produit\/molde-de-carton-blanco-16-x-8-cm\/\">16 x 8 cm<\/a><\/span> \/  <span style=\"color: #d12727;\"><a style=\"color: #d12727;\" href=\"https:\/\/www.csj-emballages.com\/es\/produit\/molde-de-carton-blanco-18-x-8-cm\/\">18 x 8 cm<\/a><\/span> \/  <span style=\"color: #d12727;\"><a style=\"color: #d12727;\" href=\"https:\/\/www.csj-emballages.com\/es\/produit\/molde-de-carton-blanco-20-x-8-cm\/\">20 x 8 cm<\/a><\/span> \/  <span style=\"color: #d12727;\"><a style=\"color: #d12727;\" href=\"https:\/\/www.csj-emballages.com\/es\/produit\/molde-de-carton-blanco-23-x-5-cm\/\">25 x <\/a><a style=\"color: #d12727;\" href=\"https:\/\/www.csj-emballages.com\/es\/produit\/molde-de-carton-blanco-25-x-8-cm\/\">8<\/a><a style=\"color: #d12727;\" href=\"https:\/\/www.csj-emballages.com\/es\/produit\/molde-de-carton-blanco-23-x-5-cm\/\"> cm<\/a> <\/span>\/<br \/>\n <span style=\"color: #d12727;\"><a style=\"color: #d12727;\" href=\"https:\/\/www.csj-emballages.com\/es\/produit\/molde-de-carton-blanco-28-x-8-cm\/\">28 x <\/a><a style=\"color: #d12727;\" href=\"https:\/\/www.csj-emballages.com\/es\/produit\/molde-de-carton-blanco-14-x-6-cm\/\">8<\/a><a style=\"color: #d12727;\" href=\"https:\/\/www.csj-emballages.com\/es\/produit\/molde-de-carton-blanco-28-x-8-cm\/\"> cm<\/a><\/span><br \/>\n\/<br \/>\n <span style=\"color: #d12727;\"><a style=\"color: #d12727;\" href=\"https:\/\/www.csj-emballages.com\/es\/produit\/molde-de-carton-blanco-29-x-5-cm\/\">32 x <\/a><a style=\"color: #d12727;\" href=\"https:\/\/www.csj-emballages.com\/es\/produit\/molde-de-carton-blanco-32-x-8-cm\/\">8<\/a><a style=\"color: #d12727;\" href=\"https:\/\/www.csj-emballages.com\/es\/produit\/molde-de-carton-blanco-29-x-5-cm\/\"> cm<\/a><\/span><\/p>\n<div>\n<div><\/div>\n<\/div>\n<p><!--more--><\/p>\n<p><a href=\"\/?product_cat=boite-charniere-pour-patisseries\">Ver el resto de nuestra gama de cajas abatibles para pasteler\u00eda<\/a><\/p>\n","protected":false},"excerpt":{"rendered":"<p>Caja para tartas Descripci\u00f3n de la caja de cart\u00f3n blanco para tartas 22 x 8 cm<\/p>\n","protected":false},"featured_media":242390,"template":"","meta":{"_acf_changed":false},"product_brand":[],"product_cat":[1150,1145,1259,2159],"product_tag":[],"class_list":{"0":"post-19556","1":"product","2":"type-product","3":"status-publish","4":"has-post-thumbnail","6":"product_cat-envasado-de-alimentos","7":"product_cat-panaderia-y-pasteleria","8":"product_cat-cajas-para-pasteles","9":"product_cat-caja-de-pasteleria-blanca-a-lunite","11":"first","12":"instock","13":"taxable","14":"shipping-taxable","15":"purchasable","16":"product-type-simple"},"acf":[],"yoast_head":"<!-- This site is optimized with the Yoast SEO Premium plugin v26.6 (Yoast SEO v26.6) - https:\/\/yoast.com\/wordpress\/plugins\/seo\/ -->\n<title>Caja de cart\u00f3n blanca para tartas 22 x 8 cm<\/title>\n<meta name=\"description\" content=\"Caja para tartas de cart\u00f3n blanco 22 x 8 cm: un embalaje robusto y sobrio para transportar y proteger sus postres con total seguridad.\" \/>\n<meta name=\"robots\" content=\"index, follow, max-snippet:-1, max-image-preview:large, max-video-preview:-1\" \/>\n<link rel=\"canonical\" href=\"https:\/\/www.csj-emballages.com\/es\/produit\/molde-de-carton-blanco-22-x-8-cm\/\" \/>\n<meta property=\"og:locale\" content=\"es_ES\" \/>\n<meta property=\"og:type\" content=\"article\" \/>\n<meta property=\"og:title\" content=\"Molde de cart\u00f3n blanco 22 x 8 cm\" \/>\n<meta property=\"og:description\" content=\"Caja para tartas de cart\u00f3n blanco 22 x 8 cm: un embalaje robusto y sobrio para transportar y proteger sus postres con total seguridad.\" \/>\n<meta property=\"og:url\" content=\"https:\/\/www.csj-emballages.com\/es\/produit\/molde-de-carton-blanco-22-x-8-cm\/\" \/>\n<meta property=\"og:site_name\" content=\"CSJ Emballages\" \/>\n<meta property=\"article:publisher\" content=\"https:\/\/www.facebook.com\/csjemballages\" \/>\n<meta property=\"article:modified_time\" content=\"2026-04-28T16:00:20+00:00\" \/>\n<meta property=\"og:image\" content=\"https:\/\/www.csj-emballages.com\/wp-content\/uploads\/2024\/03\/BG14X6BL.webp\" \/>\n\t<meta property=\"og:image:width\" content=\"800\" \/>\n\t<meta property=\"og:image:height\" content=\"800\" \/>\n\t<meta property=\"og:image:type\" content=\"image\/webp\" \/>\n<meta name=\"twitter:card\" content=\"summary_large_image\" \/>\n<meta name=\"twitter:label1\" content=\"Tiempo de lectura\" \/>\n\t<meta name=\"twitter:data1\" content=\"2 minutos\" \/>\n<script type=\"application\/ld+json\" class=\"yoast-schema-graph\">{\"@context\":\"https:\/\/schema.org\",\"@graph\":[{\"@type\":\"WebPage\",\"@id\":\"https:\/\/www.csj-emballages.com\/es\/produit\/molde-de-carton-blanco-22-x-8-cm\/\",\"url\":\"https:\/\/www.csj-emballages.com\/es\/produit\/molde-de-carton-blanco-22-x-8-cm\/\",\"name\":\"Caja de cart\u00f3n blanca para tartas 22 x 8 cm\",\"isPartOf\":{\"@id\":\"https:\/\/www.csj-emballages.com\/es\/#website\"},\"primaryImageOfPage\":{\"@id\":\"https:\/\/www.csj-emballages.com\/es\/produit\/molde-de-carton-blanco-22-x-8-cm\/#primaryimage\"},\"image\":{\"@id\":\"https:\/\/www.csj-emballages.com\/es\/produit\/molde-de-carton-blanco-22-x-8-cm\/#primaryimage\"},\"thumbnailUrl\":\"https:\/\/www.csj-emballages.com\/wp-content\/uploads\/2024\/03\/BG14X6BL.webp\",\"datePublished\":\"2024-03-01T15:57:15+00:00\",\"dateModified\":\"2026-04-28T16:00:20+00:00\",\"description\":\"Caja para tartas de cart\u00f3n blanco 22 x 8 cm: un embalaje robusto y sobrio para transportar y proteger sus postres con total seguridad.\",\"breadcrumb\":{\"@id\":\"https:\/\/www.csj-emballages.com\/es\/produit\/molde-de-carton-blanco-22-x-8-cm\/#breadcrumb\"},\"inLanguage\":\"es\",\"potentialAction\":[{\"@type\":\"ReadAction\",\"target\":[\"https:\/\/www.csj-emballages.com\/es\/produit\/molde-de-carton-blanco-22-x-8-cm\/\"]}]},{\"@type\":\"ImageObject\",\"inLanguage\":\"es\",\"@id\":\"https:\/\/www.csj-emballages.com\/es\/produit\/molde-de-carton-blanco-22-x-8-cm\/#primaryimage\",\"url\":\"https:\/\/www.csj-emballages.com\/wp-content\/uploads\/2024\/03\/BG14X6BL.webp\",\"contentUrl\":\"https:\/\/www.csj-emballages.com\/wp-content\/uploads\/2024\/03\/BG14X6BL.webp\",\"width\":800,\"height\":800,\"caption\":\"Boite g\u00e2teau\"},{\"@type\":\"BreadcrumbList\",\"@id\":\"https:\/\/www.csj-emballages.com\/es\/produit\/molde-de-carton-blanco-22-x-8-cm\/#breadcrumb\",\"itemListElement\":[{\"@type\":\"ListItem\",\"position\":1,\"name\":\"Accueil\",\"item\":\"https:\/\/www.csj-emballages.com\/es\/universo-del-envasado-alimentario\/\"},{\"@type\":\"ListItem\",\"position\":2,\"name\":\"Tienda\",\"item\":\"https:\/\/www.csj-emballages.com\/tienda\/\"},{\"@type\":\"ListItem\",\"position\":3,\"name\":\"Molde de cart\u00f3n blanco 22 x 8 cm\"}]},{\"@type\":\"WebSite\",\"@id\":\"https:\/\/www.csj-emballages.com\/es\/#website\",\"url\":\"https:\/\/www.csj-emballages.com\/es\/\",\"name\":\"CSJ Emballages\",\"description\":\"\",\"publisher\":{\"@id\":\"https:\/\/www.csj-emballages.com\/es\/#organization\"},\"potentialAction\":[{\"@type\":\"SearchAction\",\"target\":{\"@type\":\"EntryPoint\",\"urlTemplate\":\"https:\/\/www.csj-emballages.com\/es\/?s={search_term_string}\"},\"query-input\":{\"@type\":\"PropertyValueSpecification\",\"valueRequired\":true,\"valueName\":\"search_term_string\"}}],\"inLanguage\":\"es\"},{\"@type\":\"Organization\",\"@id\":\"https:\/\/www.csj-emballages.com\/es\/#Organization\/\",\"name\":\"CSJ Emballages\",\"url\":\"https:\/\/www.csj-emballages.com\/es\/\",\"logo\":{\"@type\":\"ImageObject\",\"inLanguage\":\"es\",\"@id\":\"https:\/\/www.csj-emballages.com\/es\/#\/schema\/logo\/image\/\",\"url\":\"https:\/\/www.csj-emballages.com\/wp-content\/uploads\/2023\/10\/logo_csj.webp\",\"contentUrl\":\"https:\/\/www.csj-emballages.com\/wp-content\/uploads\/2023\/10\/logo_csj.webp\",\"width\":250,\"height\":95,\"caption\":\"CSJ Emballages\"},\"image\":{\"@id\":\"https:\/\/www.csj-emballages.com\/es\/#\/schema\/logo\/image\/\"},\"sameAs\":[\"https:\/\/www.facebook.com\/csjemballages\"],\"address\":{\"@type\":\"PostalAddress\",\"streetAddress\":\"ZI La Lechere\",\"addressLocality\":\"Patornay\",\"postalCode\":\"39130\",\"addressCountry\":\"FR\"},\"contactPoint\":[{\"@type\":\"ContactPoint\",\"contactType\":\"Service client\",\"telephone\":\"0384254272\",\"email\":\"contact@csj-emballages.com\"}]}]}<\/script>\n<!-- \/ Yoast SEO Premium plugin. -->","yoast_head_json":{"title":"Caja de cart\u00f3n blanca para tartas 22 x 8 cm","description":"Caja para tartas de cart\u00f3n blanco 22 x 8 cm: un embalaje robusto y sobrio para transportar y proteger sus postres con total seguridad.","robots":{"index":"index","follow":"follow","max-snippet":"max-snippet:-1","max-image-preview":"max-image-preview:large","max-video-preview":"max-video-preview:-1"},"canonical":"https:\/\/www.csj-emballages.com\/es\/produit\/molde-de-carton-blanco-22-x-8-cm\/","og_locale":"es_ES","og_type":"article","og_title":"Molde de cart\u00f3n blanco 22 x 8 cm","og_description":"Caja para tartas de cart\u00f3n blanco 22 x 8 cm: un embalaje robusto y sobrio para transportar y proteger sus postres con total seguridad.","og_url":"https:\/\/www.csj-emballages.com\/es\/produit\/molde-de-carton-blanco-22-x-8-cm\/","og_site_name":"CSJ Emballages","article_publisher":"https:\/\/www.facebook.com\/csjemballages","article_modified_time":"2026-04-28T16:00:20+00:00","og_image":[{"width":800,"height":800,"url":"https:\/\/www.csj-emballages.com\/wp-content\/uploads\/2024\/03\/BG14X6BL.webp","type":"image\/webp"}],"twitter_card":"summary_large_image","twitter_misc":{"Tiempo de lectura":"2 minutos"},"schema":{"@context":"https:\/\/schema.org","@graph":[{"@type":"WebPage","@id":"https:\/\/www.csj-emballages.com\/es\/produit\/molde-de-carton-blanco-22-x-8-cm\/","url":"https:\/\/www.csj-emballages.com\/es\/produit\/molde-de-carton-blanco-22-x-8-cm\/","name":"Caja de cart\u00f3n blanca para tartas 22 x 8 cm","isPartOf":{"@id":"https:\/\/www.csj-emballages.com\/es\/#website"},"primaryImageOfPage":{"@id":"https:\/\/www.csj-emballages.com\/es\/produit\/molde-de-carton-blanco-22-x-8-cm\/#primaryimage"},"image":{"@id":"https:\/\/www.csj-emballages.com\/es\/produit\/molde-de-carton-blanco-22-x-8-cm\/#primaryimage"},"thumbnailUrl":"https:\/\/www.csj-emballages.com\/wp-content\/uploads\/2024\/03\/BG14X6BL.webp","datePublished":"2024-03-01T15:57:15+00:00","dateModified":"2026-04-28T16:00:20+00:00","description":"Caja para tartas de cart\u00f3n blanco 22 x 8 cm: un embalaje robusto y sobrio para transportar y proteger sus postres con total seguridad.","breadcrumb":{"@id":"https:\/\/www.csj-emballages.com\/es\/produit\/molde-de-carton-blanco-22-x-8-cm\/#breadcrumb"},"inLanguage":"es","potentialAction":[{"@type":"ReadAction","target":["https:\/\/www.csj-emballages.com\/es\/produit\/molde-de-carton-blanco-22-x-8-cm\/"]}]},{"@type":"ImageObject","inLanguage":"es","@id":"https:\/\/www.csj-emballages.com\/es\/produit\/molde-de-carton-blanco-22-x-8-cm\/#primaryimage","url":"https:\/\/www.csj-emballages.com\/wp-content\/uploads\/2024\/03\/BG14X6BL.webp","contentUrl":"https:\/\/www.csj-emballages.com\/wp-content\/uploads\/2024\/03\/BG14X6BL.webp","width":800,"height":800,"caption":"Boite g\u00e2teau"},{"@type":"BreadcrumbList","@id":"https:\/\/www.csj-emballages.com\/es\/produit\/molde-de-carton-blanco-22-x-8-cm\/#breadcrumb","itemListElement":[{"@type":"ListItem","position":1,"name":"Accueil","item":"https:\/\/www.csj-emballages.com\/es\/universo-del-envasado-alimentario\/"},{"@type":"ListItem","position":2,"name":"Tienda","item":"https:\/\/www.csj-emballages.com\/tienda\/"},{"@type":"ListItem","position":3,"name":"Molde de cart\u00f3n blanco 22 x 8 cm"}]},{"@type":"WebSite","@id":"https:\/\/www.csj-emballages.com\/es\/#website","url":"https:\/\/www.csj-emballages.com\/es\/","name":"CSJ Emballages","description":"","publisher":{"@id":"https:\/\/www.csj-emballages.com\/es\/#organization"},"potentialAction":[{"@type":"SearchAction","target":{"@type":"EntryPoint","urlTemplate":"https:\/\/www.csj-emballages.com\/es\/?s={search_term_string}"},"query-input":{"@type":"PropertyValueSpecification","valueRequired":true,"valueName":"search_term_string"}}],"inLanguage":"es"},{"@type":"Organization","@id":"https:\/\/www.csj-emballages.com\/es\/#Organization\/","name":"CSJ Emballages","url":"https:\/\/www.csj-emballages.com\/es\/","logo":{"@type":"ImageObject","inLanguage":"es","@id":"https:\/\/www.csj-emballages.com\/es\/#\/schema\/logo\/image\/","url":"https:\/\/www.csj-emballages.com\/wp-content\/uploads\/2023\/10\/logo_csj.webp","contentUrl":"https:\/\/www.csj-emballages.com\/wp-content\/uploads\/2023\/10\/logo_csj.webp","width":250,"height":95,"caption":"CSJ Emballages"},"image":{"@id":"https:\/\/www.csj-emballages.com\/es\/#\/schema\/logo\/image\/"},"sameAs":["https:\/\/www.facebook.com\/csjemballages"],"address":{"@type":"PostalAddress","streetAddress":"ZI La Lechere","addressLocality":"Patornay","postalCode":"39130","addressCountry":"FR"},"contactPoint":[{"@type":"ContactPoint","contactType":"Service client","telephone":"0384254272","email":"contact@csj-emballages.com"}]}]}},"df_price":0.62,"df_sale_price":"","df_regular_price":0.62,"df_image_link":"https:\/\/www.csj-emballages.com\/wp-content\/uploads\/2024\/03\/BG14X6BL-300x300.webp","tiered_pricing_type":"fixed","tiered_pricing_fixed_rules":[],"tiered_pricing_percentage_rules":[],"tiered_pricing_minimum":1,"tiered_pricing_roles_data":[],"_links":{"self":[{"href":"https:\/\/www.csj-emballages.com\/es\/wp-json\/wp\/v2\/product\/19556","targetHints":{"allow":["GET"]}}],"collection":[{"href":"https:\/\/www.csj-emballages.com\/es\/wp-json\/wp\/v2\/product"}],"about":[{"href":"https:\/\/www.csj-emballages.com\/es\/wp-json\/wp\/v2\/types\/product"}],"wp:featuredmedia":[{"embeddable":true,"href":"https:\/\/www.csj-emballages.com\/es\/wp-json\/wp\/v2\/media\/242390"}],"wp:attachment":[{"href":"https:\/\/www.csj-emballages.com\/es\/wp-json\/wp\/v2\/media?parent=19556"}],"wp:term":[{"taxonomy":"product_brand","embeddable":true,"href":"https:\/\/www.csj-emballages.com\/es\/wp-json\/wp\/v2\/product_brand?post=19556"},{"taxonomy":"product_cat","embeddable":true,"href":"https:\/\/www.csj-emballages.com\/es\/wp-json\/wp\/v2\/product_cat?post=19556"},{"taxonomy":"product_tag","embeddable":true,"href":"https:\/\/www.csj-emballages.com\/es\/wp-json\/wp\/v2\/product_tag?post=19556"}],"curies":[{"name":"wp","href":"https:\/\/api.w.org\/{rel}","templated":true}]}}