{"id":19548,"date":"2024-03-01T16:57:18","date_gmt":"2024-03-01T15:57:18","guid":{"rendered":"https:\/\/u15jnbdpoq.preview.infomaniak.website\/produit\/caja-de-4-magdalenas-de-carton-negro\/"},"modified":"2026-04-25T02:11:02","modified_gmt":"2026-04-25T00:11:02","slug":"caja-de-4-magdalenas-de-carton-negro","status":"publish","type":"product","link":"https:\/\/www.csj-emballages.com\/es\/produit\/caja-de-4-magdalenas-de-carton-negro\/","title":{"rendered":"Caja de 4 magdalenas de cart\u00f3n negro"},"content":{"rendered":"<h2 style=\"text-align: left;\">Caja de 4 magdalenas<\/h2>\n<hr>\n<h3 style=\"text-align: left;\"><span style=\"font-weight: bold;\">Descubra nuestra caja de 4 magdalenas de cart\u00f3n negro 20 x 11 x 9 cm, paquete de 25<\/span><\/h3>\n<p style=\"text-align: left;\"><!--more--><\/p>\n<p data-start=\"71\" data-end=\"572\">La <strong data-start=\"74\" data-end=\"109\">caja de cart\u00f3n negra para 4<\/strong> magdalenas es el envase perfecto para mostrar sus creaciones de reposter\u00eda y protegerlas al mismo tiempo. Fabricada en <g id=\"gid_1\">cart\u00f3n r\u00edgido y resistente<\/g>, garantiza un transporte seguro de sus dulces, ya sean <g id=\"gid_2\">magdalenas<\/g>, muffins, brioches o cupcakes decorados. Su principal ventaja es su <strong data-start=\"419\" data-end=\"459\">gran ventana transparente en forma de silla de montar<\/strong>, que ofrece una visibilidad \u00f3ptima de sus productos, tanto en el escaparate como cuando se entregan al cliente.  <\/p>\n<p data-start=\"574\" data-end=\"945\">Esta <strong data-start=\"580\" data-end=\"600\">caja para pasteles<\/strong> no s\u00f3lo es pr\u00e1ctica, tambi\u00e9n es elegante, gracias a su <strong>intenso y elegante color negro<\/strong>, que la hace adecuada para cualquier tema: bodas, cumplea\u00f1os, eventos corporativos o simplemente ventas en una tienda. Le permite presentar sus pasteles como aut\u00e9nticas piezas de coleccionista, sin necesidad de abrirla. <\/p>\n<p data-start=\"947\" data-end=\"1288\">Una <strong data-start=\"1000\" data-end=\"1033\">ingeniosa abertura<\/strong> frontal facilita la introducci\u00f3n de sus pasteles: no tendr\u00e1 que manipular en exceso sus delicados pasteles, ahorrar\u00e1 tiempo y evitar\u00e1 el riesgo de da\u00f1ar sus decoraciones. Adem\u00e1s, el cart\u00f3n alimentario utilizado es resistente e higi\u00e9nico, lo que garantiza un contacto seguro con sus productos. <\/p>\n<p data-start=\"1290\" data-end=\"1638\">Esta <strong data-start=\"1296\" data-end=\"1316\">caja para 4 tartas<\/strong> est\u00e1 destinada a panaderos, pasteleros y restauradores, as\u00ed como a particulares apasionados por la reposter\u00eda que deseen ofrecer sus creaciones en una caja especialmente adaptada. Combina <strong data-start=\"1501\" data-end=\"1540\">practicidad, est\u00e9tica y protecci\u00f3n<\/strong>, tres criterios esenciales para sublimar sus postres y garantizar el \u00e9xito de la experiencia del cliente. <\/p>\n<p data-start=\"1640\" data-end=\"1797\">En resumen, se trata de un embalaje esencial para realzar sus logros, mejorar su presentaci\u00f3n y reforzar la imagen profesional de su empresa.<\/p>\n<p style=\"text-align: left;\"><!--more--><\/p>\n<h4 style=\"text-align: left;\">Los beneficios:<\/h4>\n<ul style=\"text-align: left;\">\n<li>Gran ventana transparente para una visi\u00f3n \u00f3ptima.<\/li>\n<li>Pr\u00e1ctica abertura frontal para introducir f\u00e1cilmente sus tartas.<\/li>\n<li>Cart\u00f3n r\u00edgido e higi\u00e9nico para mayor protecci\u00f3n y seguridad.<\/li>\n<li>Elegante dise\u00f1o negro para cualquier ocasi\u00f3n.<\/li>\n<li>Ideal para pasteleros, restauradores y aficionados a la cocina.<\/li>\n<\/ul>\n<p>&nbsp;<\/p>\n<p style=\"text-align: left;\"><!--more--><\/p>\n<h4 style=\"text-align: left;\">Informaci\u00f3n adicional :<\/h4>\n<ul style=\"text-align: left;\">\n<li><strong>Embalaje<\/strong>: Por unidad<\/li>\n<li><b>Color <\/b>: Negro<\/li>\n<li><strong>Material<\/strong>: Cart\u00f3n<\/li>\n<li><strong>Dimensiones<\/strong>: 20 x 20 x 8 (L x A x A en cm)<\/li>\n<li><strong>Utilizaci\u00f3n<\/strong>: Magdalenas, muffins, minicakes, etc.<\/li>\n<\/ul>\n<p>&nbsp;<\/p>\n<p style=\"text-align: left;\"><!--more--><\/p>\n<p style=\"text-align: left;\">Este producto tambi\u00e9n est\u00e1 disponible en negro: <span style=\"color: #d12727;\"><a style=\"color: #d12727;\" href=\"https:\/\/www.csj-emballages.com\/produit\/boite-4-cupcakes-carton-blanche\/\">BCC4BL<\/a><\/span><\/p>\n<p>&nbsp;<\/p>\n<p style=\"text-align: left;\"><!--more--><\/p>\n<p style=\"text-align: left;\"><a href=\"https:\/\/www.csj-emballages.com\/es\/categorie-produit\/envasado-de-alimentos\/panaderia-y-pasteleria\/cajas-y-estuches\/cajas-para-magdalenas\/\">Vea el resto de nuestra gama de cajas para cupcakes aqu\u00ed<\/a><\/p>\n","protected":false},"excerpt":{"rendered":"<p>Caja de 4 magdalenas Descubra nuestra caja de 4 magdalenas de cart\u00f3n negro 20 x 11 x 9 cm, paquete de 25<\/p>\n","protected":false},"featured_media":241645,"template":"","meta":{"_acf_changed":false},"product_brand":[],"product_cat":[1150,1145,2152,1147,1270],"product_tag":[],"class_list":{"0":"post-19548","1":"product","2":"type-product","3":"status-publish","4":"has-post-thumbnail","6":"product_cat-envasado-de-alimentos","7":"product_cat-panaderia-y-pasteleria","8":"product_cat-cajas-para-magdalenas","9":"product_cat-jardineras","10":"product_cat-descuentos","12":"first","13":"outofstock","14":"sale","15":"taxable","16":"shipping-taxable","17":"purchasable","18":"product-type-simple"},"acf":[],"yoast_head":"<!-- This site is optimized with the Yoast SEO Premium plugin v26.6 (Yoast SEO v26.6) - https:\/\/yoast.com\/wordpress\/plugins\/seo\/ -->\n<title>Caja de 4 Magdalenas Cart\u00f3n Negro 20 x 11 x 9 cm x 25<\/title>\n<meta name=\"description\" content=\"Caja de cart\u00f3n negra para 4 tartas con gran ventana transparente y pr\u00e1ctica apertura. Elegante, resistente e ideal para sus creaciones de reposter\u00eda.\" \/>\n<meta name=\"robots\" content=\"index, follow, max-snippet:-1, max-image-preview:large, max-video-preview:-1\" \/>\n<link rel=\"canonical\" href=\"https:\/\/www.csj-emballages.com\/es\/produit\/caja-de-4-magdalenas-de-carton-negro\/\" \/>\n<meta property=\"og:locale\" content=\"es_ES\" \/>\n<meta property=\"og:type\" content=\"article\" \/>\n<meta property=\"og:title\" content=\"Caja de 4 magdalenas de cart\u00f3n negro\" \/>\n<meta property=\"og:description\" content=\"Caja de cart\u00f3n negra para 4 tartas con gran ventana transparente y pr\u00e1ctica apertura. Elegante, resistente e ideal para sus creaciones de reposter\u00eda.\" \/>\n<meta property=\"og:url\" content=\"https:\/\/www.csj-emballages.com\/es\/produit\/caja-de-4-magdalenas-de-carton-negro\/\" \/>\n<meta property=\"og:site_name\" content=\"CSJ Emballages\" \/>\n<meta property=\"article:publisher\" content=\"https:\/\/www.facebook.com\/csjemballages\" \/>\n<meta property=\"article:modified_time\" content=\"2026-04-25T00:11:02+00:00\" \/>\n<meta property=\"og:image\" content=\"https:\/\/www.csj-emballages.com\/wp-content\/uploads\/2024\/03\/BCC4NOIR.webp\" \/>\n\t<meta property=\"og:image:width\" content=\"800\" \/>\n\t<meta property=\"og:image:height\" content=\"800\" \/>\n\t<meta property=\"og:image:type\" content=\"image\/webp\" \/>\n<meta name=\"twitter:card\" content=\"summary_large_image\" \/>\n<meta name=\"twitter:label1\" content=\"Tiempo de lectura\" \/>\n\t<meta name=\"twitter:data1\" content=\"2 minutos\" \/>\n<script type=\"application\/ld+json\" class=\"yoast-schema-graph\">{\"@context\":\"https:\/\/schema.org\",\"@graph\":[{\"@type\":\"WebPage\",\"@id\":\"https:\/\/www.csj-emballages.com\/es\/produit\/caja-de-4-magdalenas-de-carton-negro\/\",\"url\":\"https:\/\/www.csj-emballages.com\/es\/produit\/caja-de-4-magdalenas-de-carton-negro\/\",\"name\":\"Caja de 4 Magdalenas Cart\u00f3n Negro 20 x 11 x 9 cm x 25\",\"isPartOf\":{\"@id\":\"https:\/\/www.csj-emballages.com\/es\/#website\"},\"primaryImageOfPage\":{\"@id\":\"https:\/\/www.csj-emballages.com\/es\/produit\/caja-de-4-magdalenas-de-carton-negro\/#primaryimage\"},\"image\":{\"@id\":\"https:\/\/www.csj-emballages.com\/es\/produit\/caja-de-4-magdalenas-de-carton-negro\/#primaryimage\"},\"thumbnailUrl\":\"https:\/\/www.csj-emballages.com\/wp-content\/uploads\/2024\/03\/BCC4NOIR.webp\",\"datePublished\":\"2024-03-01T15:57:18+00:00\",\"dateModified\":\"2026-04-25T00:11:02+00:00\",\"description\":\"Caja de cart\u00f3n negra para 4 tartas con gran ventana transparente y pr\u00e1ctica apertura. Elegante, resistente e ideal para sus creaciones de reposter\u00eda.\",\"breadcrumb\":{\"@id\":\"https:\/\/www.csj-emballages.com\/es\/produit\/caja-de-4-magdalenas-de-carton-negro\/#breadcrumb\"},\"inLanguage\":\"es\",\"potentialAction\":[{\"@type\":\"ReadAction\",\"target\":[\"https:\/\/www.csj-emballages.com\/es\/produit\/caja-de-4-magdalenas-de-carton-negro\/\"]}]},{\"@type\":\"ImageObject\",\"inLanguage\":\"es\",\"@id\":\"https:\/\/www.csj-emballages.com\/es\/produit\/caja-de-4-magdalenas-de-carton-negro\/#primaryimage\",\"url\":\"https:\/\/www.csj-emballages.com\/wp-content\/uploads\/2024\/03\/BCC4NOIR.webp\",\"contentUrl\":\"https:\/\/www.csj-emballages.com\/wp-content\/uploads\/2024\/03\/BCC4NOIR.webp\",\"width\":800,\"height\":800,\"caption\":\"Boite 4 cupcakes\"},{\"@type\":\"BreadcrumbList\",\"@id\":\"https:\/\/www.csj-emballages.com\/es\/produit\/caja-de-4-magdalenas-de-carton-negro\/#breadcrumb\",\"itemListElement\":[{\"@type\":\"ListItem\",\"position\":1,\"name\":\"Accueil\",\"item\":\"https:\/\/www.csj-emballages.com\/es\/universo-del-envasado-alimentario\/\"},{\"@type\":\"ListItem\",\"position\":2,\"name\":\"Tienda\",\"item\":\"https:\/\/www.csj-emballages.com\/tienda\/\"},{\"@type\":\"ListItem\",\"position\":3,\"name\":\"Caja de 4 magdalenas de cart\u00f3n negro\"}]},{\"@type\":\"WebSite\",\"@id\":\"https:\/\/www.csj-emballages.com\/es\/#website\",\"url\":\"https:\/\/www.csj-emballages.com\/es\/\",\"name\":\"CSJ Emballages\",\"description\":\"\",\"publisher\":{\"@id\":\"https:\/\/www.csj-emballages.com\/es\/#organization\"},\"potentialAction\":[{\"@type\":\"SearchAction\",\"target\":{\"@type\":\"EntryPoint\",\"urlTemplate\":\"https:\/\/www.csj-emballages.com\/es\/?s={search_term_string}\"},\"query-input\":{\"@type\":\"PropertyValueSpecification\",\"valueRequired\":true,\"valueName\":\"search_term_string\"}}],\"inLanguage\":\"es\"},{\"@type\":\"Organization\",\"@id\":\"https:\/\/www.csj-emballages.com\/es\/#Organization\/\",\"name\":\"CSJ Emballages\",\"url\":\"https:\/\/www.csj-emballages.com\/es\/\",\"logo\":{\"@type\":\"ImageObject\",\"inLanguage\":\"es\",\"@id\":\"https:\/\/www.csj-emballages.com\/es\/#\/schema\/logo\/image\/\",\"url\":\"https:\/\/www.csj-emballages.com\/wp-content\/uploads\/2023\/10\/logo_csj.webp\",\"contentUrl\":\"https:\/\/www.csj-emballages.com\/wp-content\/uploads\/2023\/10\/logo_csj.webp\",\"width\":250,\"height\":95,\"caption\":\"CSJ Emballages\"},\"image\":{\"@id\":\"https:\/\/www.csj-emballages.com\/es\/#\/schema\/logo\/image\/\"},\"sameAs\":[\"https:\/\/www.facebook.com\/csjemballages\"],\"address\":{\"@type\":\"PostalAddress\",\"streetAddress\":\"ZI La Lechere\",\"addressLocality\":\"Patornay\",\"postalCode\":\"39130\",\"addressCountry\":\"FR\"},\"contactPoint\":[{\"@type\":\"ContactPoint\",\"contactType\":\"Service client\",\"telephone\":\"0384254272\",\"email\":\"contact@csj-emballages.com\"}]}]}<\/script>\n<!-- \/ Yoast SEO Premium plugin. -->","yoast_head_json":{"title":"Caja de 4 Magdalenas Cart\u00f3n Negro 20 x 11 x 9 cm x 25","description":"Caja de cart\u00f3n negra para 4 tartas con gran ventana transparente y pr\u00e1ctica apertura. Elegante, resistente e ideal para sus creaciones de reposter\u00eda.","robots":{"index":"index","follow":"follow","max-snippet":"max-snippet:-1","max-image-preview":"max-image-preview:large","max-video-preview":"max-video-preview:-1"},"canonical":"https:\/\/www.csj-emballages.com\/es\/produit\/caja-de-4-magdalenas-de-carton-negro\/","og_locale":"es_ES","og_type":"article","og_title":"Caja de 4 magdalenas de cart\u00f3n negro","og_description":"Caja de cart\u00f3n negra para 4 tartas con gran ventana transparente y pr\u00e1ctica apertura. Elegante, resistente e ideal para sus creaciones de reposter\u00eda.","og_url":"https:\/\/www.csj-emballages.com\/es\/produit\/caja-de-4-magdalenas-de-carton-negro\/","og_site_name":"CSJ Emballages","article_publisher":"https:\/\/www.facebook.com\/csjemballages","article_modified_time":"2026-04-25T00:11:02+00:00","og_image":[{"width":800,"height":800,"url":"https:\/\/www.csj-emballages.com\/wp-content\/uploads\/2024\/03\/BCC4NOIR.webp","type":"image\/webp"}],"twitter_card":"summary_large_image","twitter_misc":{"Tiempo de lectura":"2 minutos"},"schema":{"@context":"https:\/\/schema.org","@graph":[{"@type":"WebPage","@id":"https:\/\/www.csj-emballages.com\/es\/produit\/caja-de-4-magdalenas-de-carton-negro\/","url":"https:\/\/www.csj-emballages.com\/es\/produit\/caja-de-4-magdalenas-de-carton-negro\/","name":"Caja de 4 Magdalenas Cart\u00f3n Negro 20 x 11 x 9 cm x 25","isPartOf":{"@id":"https:\/\/www.csj-emballages.com\/es\/#website"},"primaryImageOfPage":{"@id":"https:\/\/www.csj-emballages.com\/es\/produit\/caja-de-4-magdalenas-de-carton-negro\/#primaryimage"},"image":{"@id":"https:\/\/www.csj-emballages.com\/es\/produit\/caja-de-4-magdalenas-de-carton-negro\/#primaryimage"},"thumbnailUrl":"https:\/\/www.csj-emballages.com\/wp-content\/uploads\/2024\/03\/BCC4NOIR.webp","datePublished":"2024-03-01T15:57:18+00:00","dateModified":"2026-04-25T00:11:02+00:00","description":"Caja de cart\u00f3n negra para 4 tartas con gran ventana transparente y pr\u00e1ctica apertura. Elegante, resistente e ideal para sus creaciones de reposter\u00eda.","breadcrumb":{"@id":"https:\/\/www.csj-emballages.com\/es\/produit\/caja-de-4-magdalenas-de-carton-negro\/#breadcrumb"},"inLanguage":"es","potentialAction":[{"@type":"ReadAction","target":["https:\/\/www.csj-emballages.com\/es\/produit\/caja-de-4-magdalenas-de-carton-negro\/"]}]},{"@type":"ImageObject","inLanguage":"es","@id":"https:\/\/www.csj-emballages.com\/es\/produit\/caja-de-4-magdalenas-de-carton-negro\/#primaryimage","url":"https:\/\/www.csj-emballages.com\/wp-content\/uploads\/2024\/03\/BCC4NOIR.webp","contentUrl":"https:\/\/www.csj-emballages.com\/wp-content\/uploads\/2024\/03\/BCC4NOIR.webp","width":800,"height":800,"caption":"Boite 4 cupcakes"},{"@type":"BreadcrumbList","@id":"https:\/\/www.csj-emballages.com\/es\/produit\/caja-de-4-magdalenas-de-carton-negro\/#breadcrumb","itemListElement":[{"@type":"ListItem","position":1,"name":"Accueil","item":"https:\/\/www.csj-emballages.com\/es\/universo-del-envasado-alimentario\/"},{"@type":"ListItem","position":2,"name":"Tienda","item":"https:\/\/www.csj-emballages.com\/tienda\/"},{"@type":"ListItem","position":3,"name":"Caja de 4 magdalenas de cart\u00f3n negro"}]},{"@type":"WebSite","@id":"https:\/\/www.csj-emballages.com\/es\/#website","url":"https:\/\/www.csj-emballages.com\/es\/","name":"CSJ Emballages","description":"","publisher":{"@id":"https:\/\/www.csj-emballages.com\/es\/#organization"},"potentialAction":[{"@type":"SearchAction","target":{"@type":"EntryPoint","urlTemplate":"https:\/\/www.csj-emballages.com\/es\/?s={search_term_string}"},"query-input":{"@type":"PropertyValueSpecification","valueRequired":true,"valueName":"search_term_string"}}],"inLanguage":"es"},{"@type":"Organization","@id":"https:\/\/www.csj-emballages.com\/es\/#Organization\/","name":"CSJ Emballages","url":"https:\/\/www.csj-emballages.com\/es\/","logo":{"@type":"ImageObject","inLanguage":"es","@id":"https:\/\/www.csj-emballages.com\/es\/#\/schema\/logo\/image\/","url":"https:\/\/www.csj-emballages.com\/wp-content\/uploads\/2023\/10\/logo_csj.webp","contentUrl":"https:\/\/www.csj-emballages.com\/wp-content\/uploads\/2023\/10\/logo_csj.webp","width":250,"height":95,"caption":"CSJ Emballages"},"image":{"@id":"https:\/\/www.csj-emballages.com\/es\/#\/schema\/logo\/image\/"},"sameAs":["https:\/\/www.facebook.com\/csjemballages"],"address":{"@type":"PostalAddress","streetAddress":"ZI La Lechere","addressLocality":"Patornay","postalCode":"39130","addressCountry":"FR"},"contactPoint":[{"@type":"ContactPoint","contactType":"Service client","telephone":"0384254272","email":"contact@csj-emballages.com"}]}]}},"df_price":0.55,"df_sale_price":0.55,"df_regular_price":0.65,"df_image_link":"https:\/\/www.csj-emballages.com\/wp-content\/uploads\/2024\/03\/BCC4NOIR-300x300.webp","tiered_pricing_type":"fixed","tiered_pricing_fixed_rules":[],"tiered_pricing_percentage_rules":[],"tiered_pricing_minimum":1,"tiered_pricing_roles_data":[],"_links":{"self":[{"href":"https:\/\/www.csj-emballages.com\/es\/wp-json\/wp\/v2\/product\/19548","targetHints":{"allow":["GET"]}}],"collection":[{"href":"https:\/\/www.csj-emballages.com\/es\/wp-json\/wp\/v2\/product"}],"about":[{"href":"https:\/\/www.csj-emballages.com\/es\/wp-json\/wp\/v2\/types\/product"}],"wp:featuredmedia":[{"embeddable":true,"href":"https:\/\/www.csj-emballages.com\/es\/wp-json\/wp\/v2\/media\/241645"}],"wp:attachment":[{"href":"https:\/\/www.csj-emballages.com\/es\/wp-json\/wp\/v2\/media?parent=19548"}],"wp:term":[{"taxonomy":"product_brand","embeddable":true,"href":"https:\/\/www.csj-emballages.com\/es\/wp-json\/wp\/v2\/product_brand?post=19548"},{"taxonomy":"product_cat","embeddable":true,"href":"https:\/\/www.csj-emballages.com\/es\/wp-json\/wp\/v2\/product_cat?post=19548"},{"taxonomy":"product_tag","embeddable":true,"href":"https:\/\/www.csj-emballages.com\/es\/wp-json\/wp\/v2\/product_tag?post=19548"}],"curies":[{"name":"wp","href":"https:\/\/api.w.org\/{rel}","templated":true}]}}