{"id":19519,"date":"2024-03-01T16:57:19","date_gmt":"2024-03-01T15:57:19","guid":{"rendered":"https:\/\/u15jnbdpoq.preview.infomaniak.website\/produit\/25-jardineras-negras-con-ribetes-de-20-cm\/"},"modified":"2026-03-27T02:11:21","modified_gmt":"2026-03-27T01:11:21","slug":"25-jardineras-negras-con-ribetes-de-20-cm","status":"publish","type":"product","link":"https:\/\/www.csj-emballages.com\/es\/produit\/25-jardineras-negras-con-ribetes-de-20-cm\/","title":{"rendered":"Jardinera negra con ribete de 20 cm por 25"},"content":{"rendered":"<h2 style=\"text-align: left;\">Jardinera<\/h2>\n<hr>\n<h3 style=\"text-align: left;\"><span style=\"font-weight: bold;\">Descubra nuestra jardinera negra con borde de 20 cm por 25<\/span><\/h3>\n<p style=\"text-align: left;\"><!--more--><\/p>\n<p data-start=\"112\" data-end=\"639\">Exhiba sus creaciones de pasteler\u00eda con esta <strong data-start=\"166\" data-end=\"211\">caja negra con ventana y ribete dorado de 20 cm.<\/strong> Elegante y pr\u00e1ctica, ha sido dise\u00f1ada para panaderos, pasteleros y restauradores que desean ofrecer a sus clientes un envase refinado y s\u00f3lido. Fabricada en <strong data-start=\"390\" data-end=\"424\">cart\u00f3n de fibra virgen de 350 g\/m\u00b2<\/strong>, esta <strong>caja negra<\/strong> combina robustez y est\u00e9tica. Su <strong data-start=\"474\" data-end=\"497\">film<\/strong> transparente <strong data-start=\"474\" data-end=\"497\">de poli\u00e9ster 71 \u03bc<\/strong>, integrado en la <strong>ventana<\/strong>, le permite presentar sus postres protegi\u00e9ndolos eficazmente de la manipulaci\u00f3n y las impurezas.   <\/p>\n<p data-start=\"641\" data-end=\"1029\">Con unas dimensiones <strong data-start=\"664\" data-end=\"685\">de 20 x 11 x H 10 cm<\/strong>, es ideal para contener un tronco, un pastel familiar, un brioche o cualquier otra preparaci\u00f3n de <strong>4 a 6 porciones<\/strong>. Su <strong data-start=\"807\" data-end=\"822\">ribete dorado<\/strong> le confiere un acabado de alta gama que hace que sus productos destaquen a primera vista. El <strong data-start=\"910\" data-end=\"931\">barniz protector<\/strong> aplicado al cart\u00f3n refuerza su durabilidad al tiempo que proporciona un acabado cuidado y profesional.  <\/p>\n<p data-start=\"1031\" data-end=\"1448\">Con un peso <strong data-start=\"1038\" data-end=\"1074\">de 1,71 kg para el paquete de 25 unidades<\/strong>, esta <strong>caja con ventana<\/strong> est\u00e1 dise\u00f1ada para resistir el transporte, garantizando que sus preparaciones lleguen intactas a las instalaciones de sus clientes. F\u00e1cil de montar, ahorra tiempo en la preparaci\u00f3n de pedidos. Su <strong data-start=\"1281\" data-end=\"1314\">color negro combinado con dorado<\/strong> le confiere un aspecto elegante y moderno, perfectamente adaptado a periodos festivos como la Navidad, pero tambi\u00e9n a todas sus ventas durante todo el a\u00f1o.  <\/p>\n<p data-start=\"1450\" data-end=\"1639\">Elegir esta <strong>caja<\/strong> significa combinar est\u00e9tica y funcionalidad para sacar lo mejor de sus creaciones gourmet. Una aut\u00e9ntica ventaja a la hora de destacar entre sus exigentes clientes. <\/p>\n<p style=\"text-align: left;\"><!--more--><\/p>\n<h4 style=\"text-align: left;\">Los beneficios:<\/h4>\n<ul style=\"text-align: left;\">\n<li><strong data-start=\"1664\" data-end=\"1690\">Dise\u00f1o elegante y moderno<\/strong>: negro con bordes dorados.<\/li>\n<li>Ventana transparente para una exposici\u00f3n inmediata del producto.<\/li>\n<li>Capacidad de 4 a 6 porciones, ideal para troncos y pasteles.<\/li>\n<li><strong data-start=\"1858\" data-end=\"1881\">Materiales de calidad<\/strong>: cartulina 350 g\/m\u00b2 + poli\u00e9ster 71 \u03bc.<\/li>\n<li>Paquete de 25<\/li>\n<\/ul>\n<p>&nbsp;<\/p>\n<p style=\"text-align: left;\"><!--more--><\/p>\n<h4 style=\"text-align: left;\">Informaci\u00f3n adicional :<\/h4>\n<ul style=\"text-align: left;\">\n<li><strong>Envase<\/strong>: Paquete de 25<\/li>\n<li><b>Color <\/b>: Negro \/ Oro<\/li>\n<li><strong>Material<\/strong>: Cart\u00f3n<\/li>\n<li><strong>Dimensiones<\/strong>: 20 x 11 x 10 (L x A x A en cm)<\/li>\n<\/ul>\n<p>&nbsp;<\/p>\n<p style=\"text-align: left;\"><!--more--><\/p>\n<p style=\"text-align: left;\">Esta caja tambi\u00e9n est\u00e1 disponible en 25 cm: <span style=\"color: #d12727;\"><a style=\"color: #d12727;\" href=\"https:\/\/www.csj-emballages.com\/produit\/25-boites-fenetrees-noires-avec-lisere-25-cm\/\">BCC25N<\/a><\/span><\/p>\n<p>&nbsp;<\/p>\n<p style=\"text-align: left;\"><!--more--><\/p>\n<p style=\"text-align: left;\"><a href=\"https:\/\/www.csj-emballages.com\/es\/categorie-produit\/envasado-de-alimentos\/panaderia-y-pasteleria\/cajas-y-estuches\/cajas-para-magdalenas\/\">Vea el resto de nuestra gama de cajas para cupcakes aqu\u00ed<\/a><\/p>\n","protected":false},"excerpt":{"rendered":"<p>Jardinera Descubra nuestra jardinera negra con borde de 20 cm por 25<\/p>\n","protected":false},"featured_media":241681,"template":"","meta":{"_acf_changed":false},"product_brand":[],"product_cat":[1150,1145,3868,2152,2085,2103,1147],"product_tag":[],"class_list":{"0":"post-19519","1":"product","2":"type-product","3":"status-publish","4":"has-post-thumbnail","6":"product_cat-envasado-de-alimentos","7":"product_cat-panaderia-y-pasteleria","8":"product_cat-cajas-y-estuches","9":"product_cat-cajas-para-magdalenas","10":"product_cat-cajas-de-troncos","11":"product_cat-cajas-de-troncos-ma-buche","12":"product_cat-jardineras","14":"first","15":"instock","16":"taxable","17":"shipping-taxable","18":"purchasable","19":"product-type-simple"},"acf":[],"yoast_head":"<!-- This site is optimized with the Yoast SEO Premium plugin v26.6 (Yoast SEO v26.6) - https:\/\/yoast.com\/wordpress\/plugins\/seo\/ -->\n<title>Jardinera negra con borde 20 cm por 25<\/title>\n<meta name=\"description\" content=\"Lata negra con ventana y borde dorado, 20 cm, con ventana, capacidad para 4-6 raciones. Elegante, resistente y pr\u00e1ctico para troncos y pasteles.\" \/>\n<meta name=\"robots\" content=\"index, follow, max-snippet:-1, max-image-preview:large, max-video-preview:-1\" \/>\n<link rel=\"canonical\" href=\"https:\/\/www.csj-emballages.com\/es\/produit\/25-jardineras-negras-con-ribetes-de-20-cm\/\" \/>\n<meta property=\"og:locale\" content=\"es_ES\" \/>\n<meta property=\"og:type\" content=\"article\" \/>\n<meta property=\"og:title\" content=\"Jardinera negra con ribete de 20 cm por 25\" \/>\n<meta property=\"og:description\" content=\"Lata negra con ventana y borde dorado, 20 cm, con ventana, capacidad para 4-6 raciones. Elegante, resistente y pr\u00e1ctico para troncos y pasteles.\" \/>\n<meta property=\"og:url\" content=\"https:\/\/www.csj-emballages.com\/es\/produit\/25-jardineras-negras-con-ribetes-de-20-cm\/\" \/>\n<meta property=\"og:site_name\" content=\"CSJ Emballages\" \/>\n<meta property=\"article:publisher\" content=\"https:\/\/www.facebook.com\/csjemballages\" \/>\n<meta property=\"article:modified_time\" content=\"2026-03-27T01:11:21+00:00\" \/>\n<meta property=\"og:image\" content=\"https:\/\/www.csj-emballages.com\/wp-content\/uploads\/2024\/03\/BCC20N-1.webp\" \/>\n\t<meta property=\"og:image:width\" content=\"800\" \/>\n\t<meta property=\"og:image:height\" content=\"800\" \/>\n\t<meta property=\"og:image:type\" content=\"image\/webp\" \/>\n<meta name=\"twitter:card\" content=\"summary_large_image\" \/>\n<meta name=\"twitter:label1\" content=\"Tiempo de lectura\" \/>\n\t<meta name=\"twitter:data1\" content=\"2 minutos\" \/>\n<script type=\"application\/ld+json\" class=\"yoast-schema-graph\">{\"@context\":\"https:\/\/schema.org\",\"@graph\":[{\"@type\":\"WebPage\",\"@id\":\"https:\/\/www.csj-emballages.com\/es\/produit\/25-jardineras-negras-con-ribetes-de-20-cm\/\",\"url\":\"https:\/\/www.csj-emballages.com\/es\/produit\/25-jardineras-negras-con-ribetes-de-20-cm\/\",\"name\":\"Jardinera negra con borde 20 cm por 25\",\"isPartOf\":{\"@id\":\"https:\/\/www.csj-emballages.com\/es\/#website\"},\"primaryImageOfPage\":{\"@id\":\"https:\/\/www.csj-emballages.com\/es\/produit\/25-jardineras-negras-con-ribetes-de-20-cm\/#primaryimage\"},\"image\":{\"@id\":\"https:\/\/www.csj-emballages.com\/es\/produit\/25-jardineras-negras-con-ribetes-de-20-cm\/#primaryimage\"},\"thumbnailUrl\":\"https:\/\/www.csj-emballages.com\/wp-content\/uploads\/2024\/03\/BCC20N-1.webp\",\"datePublished\":\"2024-03-01T15:57:19+00:00\",\"dateModified\":\"2026-03-27T01:11:21+00:00\",\"description\":\"Lata negra con ventana y borde dorado, 20 cm, con ventana, capacidad para 4-6 raciones. Elegante, resistente y pr\u00e1ctico para troncos y pasteles.\",\"breadcrumb\":{\"@id\":\"https:\/\/www.csj-emballages.com\/es\/produit\/25-jardineras-negras-con-ribetes-de-20-cm\/#breadcrumb\"},\"inLanguage\":\"es\",\"potentialAction\":[{\"@type\":\"ReadAction\",\"target\":[\"https:\/\/www.csj-emballages.com\/es\/produit\/25-jardineras-negras-con-ribetes-de-20-cm\/\"]}]},{\"@type\":\"ImageObject\",\"inLanguage\":\"es\",\"@id\":\"https:\/\/www.csj-emballages.com\/es\/produit\/25-jardineras-negras-con-ribetes-de-20-cm\/#primaryimage\",\"url\":\"https:\/\/www.csj-emballages.com\/wp-content\/uploads\/2024\/03\/BCC20N-1.webp\",\"contentUrl\":\"https:\/\/www.csj-emballages.com\/wp-content\/uploads\/2024\/03\/BCC20N-1.webp\",\"width\":800,\"height\":800,\"caption\":\"Boite fen\u00eatr\u00e9e\"},{\"@type\":\"BreadcrumbList\",\"@id\":\"https:\/\/www.csj-emballages.com\/es\/produit\/25-jardineras-negras-con-ribetes-de-20-cm\/#breadcrumb\",\"itemListElement\":[{\"@type\":\"ListItem\",\"position\":1,\"name\":\"Accueil\",\"item\":\"https:\/\/www.csj-emballages.com\/es\/universo-del-envasado-alimentario\/\"},{\"@type\":\"ListItem\",\"position\":2,\"name\":\"Tienda\",\"item\":\"https:\/\/www.csj-emballages.com\/tienda\/\"},{\"@type\":\"ListItem\",\"position\":3,\"name\":\"Jardinera negra con ribete de 20 cm por 25\"}]},{\"@type\":\"WebSite\",\"@id\":\"https:\/\/www.csj-emballages.com\/es\/#website\",\"url\":\"https:\/\/www.csj-emballages.com\/es\/\",\"name\":\"CSJ Emballages\",\"description\":\"\",\"publisher\":{\"@id\":\"https:\/\/www.csj-emballages.com\/es\/#organization\"},\"potentialAction\":[{\"@type\":\"SearchAction\",\"target\":{\"@type\":\"EntryPoint\",\"urlTemplate\":\"https:\/\/www.csj-emballages.com\/es\/?s={search_term_string}\"},\"query-input\":{\"@type\":\"PropertyValueSpecification\",\"valueRequired\":true,\"valueName\":\"search_term_string\"}}],\"inLanguage\":\"es\"},{\"@type\":\"Organization\",\"@id\":\"https:\/\/www.csj-emballages.com\/es\/#Organization\/\",\"name\":\"CSJ Emballages\",\"url\":\"https:\/\/www.csj-emballages.com\/es\/\",\"logo\":{\"@type\":\"ImageObject\",\"inLanguage\":\"es\",\"@id\":\"https:\/\/www.csj-emballages.com\/es\/#\/schema\/logo\/image\/\",\"url\":\"https:\/\/www.csj-emballages.com\/wp-content\/uploads\/2023\/10\/logo_csj.webp\",\"contentUrl\":\"https:\/\/www.csj-emballages.com\/wp-content\/uploads\/2023\/10\/logo_csj.webp\",\"width\":250,\"height\":95,\"caption\":\"CSJ Emballages\"},\"image\":{\"@id\":\"https:\/\/www.csj-emballages.com\/es\/#\/schema\/logo\/image\/\"},\"sameAs\":[\"https:\/\/www.facebook.com\/csjemballages\"],\"address\":{\"@type\":\"PostalAddress\",\"streetAddress\":\"ZI La Lechere\",\"addressLocality\":\"Patornay\",\"postalCode\":\"39130\",\"addressCountry\":\"FR\"},\"contactPoint\":[{\"@type\":\"ContactPoint\",\"contactType\":\"Service client\",\"telephone\":\"0384254272\",\"email\":\"contact@csj-emballages.com\"}]}]}<\/script>\n<!-- \/ Yoast SEO Premium plugin. -->","yoast_head_json":{"title":"Jardinera negra con borde 20 cm por 25","description":"Lata negra con ventana y borde dorado, 20 cm, con ventana, capacidad para 4-6 raciones. Elegante, resistente y pr\u00e1ctico para troncos y pasteles.","robots":{"index":"index","follow":"follow","max-snippet":"max-snippet:-1","max-image-preview":"max-image-preview:large","max-video-preview":"max-video-preview:-1"},"canonical":"https:\/\/www.csj-emballages.com\/es\/produit\/25-jardineras-negras-con-ribetes-de-20-cm\/","og_locale":"es_ES","og_type":"article","og_title":"Jardinera negra con ribete de 20 cm por 25","og_description":"Lata negra con ventana y borde dorado, 20 cm, con ventana, capacidad para 4-6 raciones. Elegante, resistente y pr\u00e1ctico para troncos y pasteles.","og_url":"https:\/\/www.csj-emballages.com\/es\/produit\/25-jardineras-negras-con-ribetes-de-20-cm\/","og_site_name":"CSJ Emballages","article_publisher":"https:\/\/www.facebook.com\/csjemballages","article_modified_time":"2026-03-27T01:11:21+00:00","og_image":[{"width":800,"height":800,"url":"https:\/\/www.csj-emballages.com\/wp-content\/uploads\/2024\/03\/BCC20N-1.webp","type":"image\/webp"}],"twitter_card":"summary_large_image","twitter_misc":{"Tiempo de lectura":"2 minutos"},"schema":{"@context":"https:\/\/schema.org","@graph":[{"@type":"WebPage","@id":"https:\/\/www.csj-emballages.com\/es\/produit\/25-jardineras-negras-con-ribetes-de-20-cm\/","url":"https:\/\/www.csj-emballages.com\/es\/produit\/25-jardineras-negras-con-ribetes-de-20-cm\/","name":"Jardinera negra con borde 20 cm por 25","isPartOf":{"@id":"https:\/\/www.csj-emballages.com\/es\/#website"},"primaryImageOfPage":{"@id":"https:\/\/www.csj-emballages.com\/es\/produit\/25-jardineras-negras-con-ribetes-de-20-cm\/#primaryimage"},"image":{"@id":"https:\/\/www.csj-emballages.com\/es\/produit\/25-jardineras-negras-con-ribetes-de-20-cm\/#primaryimage"},"thumbnailUrl":"https:\/\/www.csj-emballages.com\/wp-content\/uploads\/2024\/03\/BCC20N-1.webp","datePublished":"2024-03-01T15:57:19+00:00","dateModified":"2026-03-27T01:11:21+00:00","description":"Lata negra con ventana y borde dorado, 20 cm, con ventana, capacidad para 4-6 raciones. Elegante, resistente y pr\u00e1ctico para troncos y pasteles.","breadcrumb":{"@id":"https:\/\/www.csj-emballages.com\/es\/produit\/25-jardineras-negras-con-ribetes-de-20-cm\/#breadcrumb"},"inLanguage":"es","potentialAction":[{"@type":"ReadAction","target":["https:\/\/www.csj-emballages.com\/es\/produit\/25-jardineras-negras-con-ribetes-de-20-cm\/"]}]},{"@type":"ImageObject","inLanguage":"es","@id":"https:\/\/www.csj-emballages.com\/es\/produit\/25-jardineras-negras-con-ribetes-de-20-cm\/#primaryimage","url":"https:\/\/www.csj-emballages.com\/wp-content\/uploads\/2024\/03\/BCC20N-1.webp","contentUrl":"https:\/\/www.csj-emballages.com\/wp-content\/uploads\/2024\/03\/BCC20N-1.webp","width":800,"height":800,"caption":"Boite fen\u00eatr\u00e9e"},{"@type":"BreadcrumbList","@id":"https:\/\/www.csj-emballages.com\/es\/produit\/25-jardineras-negras-con-ribetes-de-20-cm\/#breadcrumb","itemListElement":[{"@type":"ListItem","position":1,"name":"Accueil","item":"https:\/\/www.csj-emballages.com\/es\/universo-del-envasado-alimentario\/"},{"@type":"ListItem","position":2,"name":"Tienda","item":"https:\/\/www.csj-emballages.com\/tienda\/"},{"@type":"ListItem","position":3,"name":"Jardinera negra con ribete de 20 cm por 25"}]},{"@type":"WebSite","@id":"https:\/\/www.csj-emballages.com\/es\/#website","url":"https:\/\/www.csj-emballages.com\/es\/","name":"CSJ Emballages","description":"","publisher":{"@id":"https:\/\/www.csj-emballages.com\/es\/#organization"},"potentialAction":[{"@type":"SearchAction","target":{"@type":"EntryPoint","urlTemplate":"https:\/\/www.csj-emballages.com\/es\/?s={search_term_string}"},"query-input":{"@type":"PropertyValueSpecification","valueRequired":true,"valueName":"search_term_string"}}],"inLanguage":"es"},{"@type":"Organization","@id":"https:\/\/www.csj-emballages.com\/es\/#Organization\/","name":"CSJ Emballages","url":"https:\/\/www.csj-emballages.com\/es\/","logo":{"@type":"ImageObject","inLanguage":"es","@id":"https:\/\/www.csj-emballages.com\/es\/#\/schema\/logo\/image\/","url":"https:\/\/www.csj-emballages.com\/wp-content\/uploads\/2023\/10\/logo_csj.webp","contentUrl":"https:\/\/www.csj-emballages.com\/wp-content\/uploads\/2023\/10\/logo_csj.webp","width":250,"height":95,"caption":"CSJ Emballages"},"image":{"@id":"https:\/\/www.csj-emballages.com\/es\/#\/schema\/logo\/image\/"},"sameAs":["https:\/\/www.facebook.com\/csjemballages"],"address":{"@type":"PostalAddress","streetAddress":"ZI La Lechere","addressLocality":"Patornay","postalCode":"39130","addressCountry":"FR"},"contactPoint":[{"@type":"ContactPoint","contactType":"Service client","telephone":"0384254272","email":"contact@csj-emballages.com"}]}]}},"df_price":16.82,"df_sale_price":"","df_regular_price":16.82,"df_image_link":"https:\/\/www.csj-emballages.com\/wp-content\/uploads\/2024\/03\/BCC20N-1-300x300.webp","tiered_pricing_type":"fixed","tiered_pricing_fixed_rules":[],"tiered_pricing_percentage_rules":[],"tiered_pricing_minimum":1,"tiered_pricing_roles_data":[],"_links":{"self":[{"href":"https:\/\/www.csj-emballages.com\/es\/wp-json\/wp\/v2\/product\/19519","targetHints":{"allow":["GET"]}}],"collection":[{"href":"https:\/\/www.csj-emballages.com\/es\/wp-json\/wp\/v2\/product"}],"about":[{"href":"https:\/\/www.csj-emballages.com\/es\/wp-json\/wp\/v2\/types\/product"}],"wp:featuredmedia":[{"embeddable":true,"href":"https:\/\/www.csj-emballages.com\/es\/wp-json\/wp\/v2\/media\/241681"}],"wp:attachment":[{"href":"https:\/\/www.csj-emballages.com\/es\/wp-json\/wp\/v2\/media?parent=19519"}],"wp:term":[{"taxonomy":"product_brand","embeddable":true,"href":"https:\/\/www.csj-emballages.com\/es\/wp-json\/wp\/v2\/product_brand?post=19519"},{"taxonomy":"product_cat","embeddable":true,"href":"https:\/\/www.csj-emballages.com\/es\/wp-json\/wp\/v2\/product_cat?post=19519"},{"taxonomy":"product_tag","embeddable":true,"href":"https:\/\/www.csj-emballages.com\/es\/wp-json\/wp\/v2\/product_tag?post=19519"}],"curies":[{"name":"wp","href":"https:\/\/api.w.org\/{rel}","templated":true}]}}