{"id":19474,"date":"2024-03-01T16:56:12","date_gmt":"2024-03-01T15:56:12","guid":{"rendered":"https:\/\/u15jnbdpoq.preview.infomaniak.website\/produit\/bobina-de-100-m-de-rafleno-verde-claro\/"},"modified":"2026-04-14T15:20:10","modified_gmt":"2026-04-14T13:20:10","slug":"bobina-de-100-m-de-rafleno-verde-claro","status":"publish","type":"product","link":"https:\/\/www.csj-emballages.com\/es\/produit\/bobina-de-100-m-de-rafleno-verde-claro\/","title":{"rendered":"Bobina de 100 m de rafleno verde claro"},"content":{"rendered":"<h2>Bobina de rafia verde claro<\/h2>\n<hr>\n<h3>Descubra nuestra bobina de rafia verde claro brillante 100 m<\/h3>\n<p><!--more--><\/p>\n<p data-start=\"81\" data-end=\"310\">Aporte un toque natural y luminoso a sus presentaciones con esta <strong>bobina de rafia verde<\/strong>. Su <strong>color suave y fresco<\/strong> evoca la naturaleza y la sencillez, ideal para crear envoltorios elegantes sin excesos. <\/p>\n<p data-start=\"312\" data-end=\"515\">F\u00e1cil de usar, esta <strong>rafia<\/strong> le permite realizar en pocos segundos bonitos lazos, ataduras o decoraciones. Se adapta perfectamente a todo tipo de envoltorios, del m\u00e1s cl\u00e1sico al m\u00e1s creativo. <\/p>\n<p data-start=\"563\" data-end=\"737\">El <strong>verde claro<\/strong> inspira frescura y ligereza. Aporta un toque natural a sus presentaciones y se combina f\u00e1cilmente con kraft, blanco o colores pastel. <\/p>\n<p data-start=\"563\" data-end=\"737\">\n<p><!--more--><\/p>\n<h4>Ventajas :<\/h4>\n<ul>\n<li data-section-id=\"1vd0w1e\" data-start=\"886\" data-end=\"953\"><strong data-start=\"782\" data-end=\"814\">Color verde claro luminoso<\/strong>: natural y relajante<\/li>\n<li data-section-id=\"1hwio6g\" data-start=\"954\" data-end=\"1015\">Se corta y se anuda f\u00e1cilmente<\/li>\n<li data-section-id=\"r2eurd\" data-start=\"1016\" data-end=\"1073\"><strong data-start=\"1021\" data-end=\"1040\">Gran longitud<\/strong>: ideal para un uso regular<\/li>\n<li data-section-id=\"1g9xkzr\" data-start=\"1074\" data-end=\"1161\">Perfecto para paquetes de regalo, ramos, embalajes alimentarios<\/li>\n<li data-section-id=\"1lguw93\" data-start=\"1162\" data-end=\"1248\">A\u00f1ade un toque est\u00e9tico en unos segundos<\/li>\n<\/ul>\n<p>&nbsp;<\/p>\n<p><!--more--><\/p>\n<h4>Informaci\u00f3n adicional :<\/h4>\n<ul>\n<li><strong>Embalaje<\/strong>: Por unidad<\/li>\n<li><strong>Color<\/strong>: Verde claro<\/li>\n<li><strong>Modelo<\/strong>: Raphl\u00e8ne<\/li>\n<li><strong>Anchura<\/strong>: 7 mm<\/li>\n<li><strong>Longitud<\/strong>: 100 m<\/li>\n<li><strong>Material<\/strong>: Polipropileno<\/li>\n<\/ul>\n<p>&nbsp;<\/p>\n<p><!--more--><\/p>\n<p><a href=\"https:\/\/www.csj-emballages.com\/es\/categorie-produit\/envasado-de-alimentos\/panaderia-y-pasteleria\/accesorios-y-equipamiento\/accesorios-decorativos\/raphlene-es\/\">Consulte el resto de nuestra gama de bobinas de rafia <\/a><\/p>\n","protected":false},"excerpt":{"rendered":"<p>Bobina de rafia verde claro Descubra nuestra bobina de rafia verde claro brillante 100 m<\/p>\n","protected":false},"featured_media":277434,"template":"","meta":{"_acf_changed":false},"product_brand":[],"product_cat":[1150,1145,1791,2139,1488,1799,2140],"product_tag":[],"class_list":{"0":"post-19474","1":"product","2":"type-product","3":"status-publish","4":"has-post-thumbnail","6":"product_cat-envasado-de-alimentos","7":"product_cat-panaderia-y-pasteleria","8":"product_cat-accesorios-decorativos","9":"product_cat-raphlene-es","10":"product_cat-tienda-y-almacen","11":"product_cat-accesorios-decorativos-es","12":"product_cat-raphlene-es-2","14":"first","15":"instock","16":"taxable","17":"shipping-taxable","18":"purchasable","19":"product-type-simple"},"acf":[],"yoast_head":"<!-- This site is optimized with the Yoast SEO Premium plugin v26.6 (Yoast SEO v26.6) - https:\/\/yoast.com\/wordpress\/plugins\/seo\/ -->\n<title>Bobina de Rafia Verde Claro 100 m<\/title>\n<meta name=\"description\" content=\"Bobina de rafia verde claro: cinta elegante y natural para envoltorio de regalos, ramos y decoraciones. F\u00e1cil de usar y vers\u00e1til.\" \/>\n<meta name=\"robots\" content=\"index, follow, max-snippet:-1, max-image-preview:large, max-video-preview:-1\" \/>\n<link rel=\"canonical\" href=\"https:\/\/www.csj-emballages.com\/es\/produit\/bobina-de-100-m-de-rafleno-verde-claro\/\" \/>\n<meta property=\"og:locale\" content=\"es_ES\" \/>\n<meta property=\"og:type\" content=\"article\" \/>\n<meta property=\"og:title\" content=\"Bobina de 100 m de rafleno verde claro\" \/>\n<meta property=\"og:description\" content=\"Bobina de rafia verde claro: cinta elegante y natural para envoltorio de regalos, ramos y decoraciones. F\u00e1cil de usar y vers\u00e1til.\" \/>\n<meta property=\"og:url\" content=\"https:\/\/www.csj-emballages.com\/es\/produit\/bobina-de-100-m-de-rafleno-verde-claro\/\" \/>\n<meta property=\"og:site_name\" content=\"CSJ Emballages\" \/>\n<meta property=\"article:publisher\" content=\"https:\/\/www.facebook.com\/csjemballages\" \/>\n<meta property=\"article:modified_time\" content=\"2026-04-14T13:20:10+00:00\" \/>\n<meta property=\"og:image\" content=\"https:\/\/www.csj-emballages.com\/wp-content\/uploads\/2024\/03\/BOBRAPH70.webp\" \/>\n\t<meta property=\"og:image:width\" content=\"800\" \/>\n\t<meta property=\"og:image:height\" content=\"800\" \/>\n\t<meta property=\"og:image:type\" content=\"image\/webp\" \/>\n<meta name=\"twitter:card\" content=\"summary_large_image\" \/>\n<meta name=\"twitter:label1\" content=\"Tiempo de lectura\" \/>\n\t<meta name=\"twitter:data1\" content=\"1 minuto\" \/>\n<script type=\"application\/ld+json\" class=\"yoast-schema-graph\">{\"@context\":\"https:\/\/schema.org\",\"@graph\":[{\"@type\":\"WebPage\",\"@id\":\"https:\/\/www.csj-emballages.com\/es\/produit\/bobina-de-100-m-de-rafleno-verde-claro\/\",\"url\":\"https:\/\/www.csj-emballages.com\/es\/produit\/bobina-de-100-m-de-rafleno-verde-claro\/\",\"name\":\"Bobina de Rafia Verde Claro 100 m\",\"isPartOf\":{\"@id\":\"https:\/\/www.csj-emballages.com\/es\/#website\"},\"primaryImageOfPage\":{\"@id\":\"https:\/\/www.csj-emballages.com\/es\/produit\/bobina-de-100-m-de-rafleno-verde-claro\/#primaryimage\"},\"image\":{\"@id\":\"https:\/\/www.csj-emballages.com\/es\/produit\/bobina-de-100-m-de-rafleno-verde-claro\/#primaryimage\"},\"thumbnailUrl\":\"https:\/\/www.csj-emballages.com\/wp-content\/uploads\/2024\/03\/BOBRAPH70.webp\",\"datePublished\":\"2024-03-01T15:56:12+00:00\",\"dateModified\":\"2026-04-14T13:20:10+00:00\",\"description\":\"Bobina de rafia verde claro: cinta elegante y natural para envoltorio de regalos, ramos y decoraciones. F\u00e1cil de usar y vers\u00e1til.\",\"breadcrumb\":{\"@id\":\"https:\/\/www.csj-emballages.com\/es\/produit\/bobina-de-100-m-de-rafleno-verde-claro\/#breadcrumb\"},\"inLanguage\":\"es\",\"potentialAction\":[{\"@type\":\"ReadAction\",\"target\":[\"https:\/\/www.csj-emballages.com\/es\/produit\/bobina-de-100-m-de-rafleno-verde-claro\/\"]}]},{\"@type\":\"ImageObject\",\"inLanguage\":\"es\",\"@id\":\"https:\/\/www.csj-emballages.com\/es\/produit\/bobina-de-100-m-de-rafleno-verde-claro\/#primaryimage\",\"url\":\"https:\/\/www.csj-emballages.com\/wp-content\/uploads\/2024\/03\/BOBRAPH70.webp\",\"contentUrl\":\"https:\/\/www.csj-emballages.com\/wp-content\/uploads\/2024\/03\/BOBRAPH70.webp\",\"width\":800,\"height\":800,\"caption\":\"Bobine de raphl\u00e8ne vert clair\"},{\"@type\":\"BreadcrumbList\",\"@id\":\"https:\/\/www.csj-emballages.com\/es\/produit\/bobina-de-100-m-de-rafleno-verde-claro\/#breadcrumb\",\"itemListElement\":[{\"@type\":\"ListItem\",\"position\":1,\"name\":\"Accueil\",\"item\":\"https:\/\/www.csj-emballages.com\/es\/universo-del-envasado-alimentario\/\"},{\"@type\":\"ListItem\",\"position\":2,\"name\":\"Tienda\",\"item\":\"https:\/\/www.csj-emballages.com\/tienda\/\"},{\"@type\":\"ListItem\",\"position\":3,\"name\":\"Bobina de 100 m de rafleno verde claro\"}]},{\"@type\":\"WebSite\",\"@id\":\"https:\/\/www.csj-emballages.com\/es\/#website\",\"url\":\"https:\/\/www.csj-emballages.com\/es\/\",\"name\":\"CSJ Emballages\",\"description\":\"\",\"publisher\":{\"@id\":\"https:\/\/www.csj-emballages.com\/es\/#organization\"},\"potentialAction\":[{\"@type\":\"SearchAction\",\"target\":{\"@type\":\"EntryPoint\",\"urlTemplate\":\"https:\/\/www.csj-emballages.com\/es\/?s={search_term_string}\"},\"query-input\":{\"@type\":\"PropertyValueSpecification\",\"valueRequired\":true,\"valueName\":\"search_term_string\"}}],\"inLanguage\":\"es\"},{\"@type\":\"Organization\",\"@id\":\"https:\/\/www.csj-emballages.com\/es\/#Organization\/\",\"name\":\"CSJ Emballages\",\"url\":\"https:\/\/www.csj-emballages.com\/es\/\",\"logo\":{\"@type\":\"ImageObject\",\"inLanguage\":\"es\",\"@id\":\"https:\/\/www.csj-emballages.com\/es\/#\/schema\/logo\/image\/\",\"url\":\"https:\/\/www.csj-emballages.com\/wp-content\/uploads\/2023\/10\/logo_csj.webp\",\"contentUrl\":\"https:\/\/www.csj-emballages.com\/wp-content\/uploads\/2023\/10\/logo_csj.webp\",\"width\":250,\"height\":95,\"caption\":\"CSJ Emballages\"},\"image\":{\"@id\":\"https:\/\/www.csj-emballages.com\/es\/#\/schema\/logo\/image\/\"},\"sameAs\":[\"https:\/\/www.facebook.com\/csjemballages\"],\"address\":{\"@type\":\"PostalAddress\",\"streetAddress\":\"ZI La Lechere\",\"addressLocality\":\"Patornay\",\"postalCode\":\"39130\",\"addressCountry\":\"FR\"},\"contactPoint\":[{\"@type\":\"ContactPoint\",\"contactType\":\"Service client\",\"telephone\":\"0384254272\",\"email\":\"contact@csj-emballages.com\"}]}]}<\/script>\n<!-- \/ Yoast SEO Premium plugin. -->","yoast_head_json":{"title":"Bobina de Rafia Verde Claro 100 m","description":"Bobina de rafia verde claro: cinta elegante y natural para envoltorio de regalos, ramos y decoraciones. F\u00e1cil de usar y vers\u00e1til.","robots":{"index":"index","follow":"follow","max-snippet":"max-snippet:-1","max-image-preview":"max-image-preview:large","max-video-preview":"max-video-preview:-1"},"canonical":"https:\/\/www.csj-emballages.com\/es\/produit\/bobina-de-100-m-de-rafleno-verde-claro\/","og_locale":"es_ES","og_type":"article","og_title":"Bobina de 100 m de rafleno verde claro","og_description":"Bobina de rafia verde claro: cinta elegante y natural para envoltorio de regalos, ramos y decoraciones. F\u00e1cil de usar y vers\u00e1til.","og_url":"https:\/\/www.csj-emballages.com\/es\/produit\/bobina-de-100-m-de-rafleno-verde-claro\/","og_site_name":"CSJ Emballages","article_publisher":"https:\/\/www.facebook.com\/csjemballages","article_modified_time":"2026-04-14T13:20:10+00:00","og_image":[{"width":800,"height":800,"url":"https:\/\/www.csj-emballages.com\/wp-content\/uploads\/2024\/03\/BOBRAPH70.webp","type":"image\/webp"}],"twitter_card":"summary_large_image","twitter_misc":{"Tiempo de lectura":"1 minuto"},"schema":{"@context":"https:\/\/schema.org","@graph":[{"@type":"WebPage","@id":"https:\/\/www.csj-emballages.com\/es\/produit\/bobina-de-100-m-de-rafleno-verde-claro\/","url":"https:\/\/www.csj-emballages.com\/es\/produit\/bobina-de-100-m-de-rafleno-verde-claro\/","name":"Bobina de Rafia Verde Claro 100 m","isPartOf":{"@id":"https:\/\/www.csj-emballages.com\/es\/#website"},"primaryImageOfPage":{"@id":"https:\/\/www.csj-emballages.com\/es\/produit\/bobina-de-100-m-de-rafleno-verde-claro\/#primaryimage"},"image":{"@id":"https:\/\/www.csj-emballages.com\/es\/produit\/bobina-de-100-m-de-rafleno-verde-claro\/#primaryimage"},"thumbnailUrl":"https:\/\/www.csj-emballages.com\/wp-content\/uploads\/2024\/03\/BOBRAPH70.webp","datePublished":"2024-03-01T15:56:12+00:00","dateModified":"2026-04-14T13:20:10+00:00","description":"Bobina de rafia verde claro: cinta elegante y natural para envoltorio de regalos, ramos y decoraciones. F\u00e1cil de usar y vers\u00e1til.","breadcrumb":{"@id":"https:\/\/www.csj-emballages.com\/es\/produit\/bobina-de-100-m-de-rafleno-verde-claro\/#breadcrumb"},"inLanguage":"es","potentialAction":[{"@type":"ReadAction","target":["https:\/\/www.csj-emballages.com\/es\/produit\/bobina-de-100-m-de-rafleno-verde-claro\/"]}]},{"@type":"ImageObject","inLanguage":"es","@id":"https:\/\/www.csj-emballages.com\/es\/produit\/bobina-de-100-m-de-rafleno-verde-claro\/#primaryimage","url":"https:\/\/www.csj-emballages.com\/wp-content\/uploads\/2024\/03\/BOBRAPH70.webp","contentUrl":"https:\/\/www.csj-emballages.com\/wp-content\/uploads\/2024\/03\/BOBRAPH70.webp","width":800,"height":800,"caption":"Bobine de raphl\u00e8ne vert clair"},{"@type":"BreadcrumbList","@id":"https:\/\/www.csj-emballages.com\/es\/produit\/bobina-de-100-m-de-rafleno-verde-claro\/#breadcrumb","itemListElement":[{"@type":"ListItem","position":1,"name":"Accueil","item":"https:\/\/www.csj-emballages.com\/es\/universo-del-envasado-alimentario\/"},{"@type":"ListItem","position":2,"name":"Tienda","item":"https:\/\/www.csj-emballages.com\/tienda\/"},{"@type":"ListItem","position":3,"name":"Bobina de 100 m de rafleno verde claro"}]},{"@type":"WebSite","@id":"https:\/\/www.csj-emballages.com\/es\/#website","url":"https:\/\/www.csj-emballages.com\/es\/","name":"CSJ Emballages","description":"","publisher":{"@id":"https:\/\/www.csj-emballages.com\/es\/#organization"},"potentialAction":[{"@type":"SearchAction","target":{"@type":"EntryPoint","urlTemplate":"https:\/\/www.csj-emballages.com\/es\/?s={search_term_string}"},"query-input":{"@type":"PropertyValueSpecification","valueRequired":true,"valueName":"search_term_string"}}],"inLanguage":"es"},{"@type":"Organization","@id":"https:\/\/www.csj-emballages.com\/es\/#Organization\/","name":"CSJ Emballages","url":"https:\/\/www.csj-emballages.com\/es\/","logo":{"@type":"ImageObject","inLanguage":"es","@id":"https:\/\/www.csj-emballages.com\/es\/#\/schema\/logo\/image\/","url":"https:\/\/www.csj-emballages.com\/wp-content\/uploads\/2023\/10\/logo_csj.webp","contentUrl":"https:\/\/www.csj-emballages.com\/wp-content\/uploads\/2023\/10\/logo_csj.webp","width":250,"height":95,"caption":"CSJ Emballages"},"image":{"@id":"https:\/\/www.csj-emballages.com\/es\/#\/schema\/logo\/image\/"},"sameAs":["https:\/\/www.facebook.com\/csjemballages"],"address":{"@type":"PostalAddress","streetAddress":"ZI La Lechere","addressLocality":"Patornay","postalCode":"39130","addressCountry":"FR"},"contactPoint":[{"@type":"ContactPoint","contactType":"Service client","telephone":"0384254272","email":"contact@csj-emballages.com"}]}]}},"df_price":6.18,"df_sale_price":"","df_regular_price":6.18,"df_image_link":"https:\/\/www.csj-emballages.com\/wp-content\/uploads\/2024\/03\/BOBRAPH70-300x300.webp","tiered_pricing_type":"fixed","tiered_pricing_fixed_rules":[],"tiered_pricing_percentage_rules":[],"tiered_pricing_minimum":1,"tiered_pricing_roles_data":[],"_links":{"self":[{"href":"https:\/\/www.csj-emballages.com\/es\/wp-json\/wp\/v2\/product\/19474","targetHints":{"allow":["GET"]}}],"collection":[{"href":"https:\/\/www.csj-emballages.com\/es\/wp-json\/wp\/v2\/product"}],"about":[{"href":"https:\/\/www.csj-emballages.com\/es\/wp-json\/wp\/v2\/types\/product"}],"wp:featuredmedia":[{"embeddable":true,"href":"https:\/\/www.csj-emballages.com\/es\/wp-json\/wp\/v2\/media\/277434"}],"wp:attachment":[{"href":"https:\/\/www.csj-emballages.com\/es\/wp-json\/wp\/v2\/media?parent=19474"}],"wp:term":[{"taxonomy":"product_brand","embeddable":true,"href":"https:\/\/www.csj-emballages.com\/es\/wp-json\/wp\/v2\/product_brand?post=19474"},{"taxonomy":"product_cat","embeddable":true,"href":"https:\/\/www.csj-emballages.com\/es\/wp-json\/wp\/v2\/product_cat?post=19474"},{"taxonomy":"product_tag","embeddable":true,"href":"https:\/\/www.csj-emballages.com\/es\/wp-json\/wp\/v2\/product_tag?post=19474"}],"curies":[{"name":"wp","href":"https:\/\/api.w.org\/{rel}","templated":true}]}}