{"id":19460,"date":"2024-03-01T16:56:11","date_gmt":"2024-03-01T15:56:11","guid":{"rendered":"https:\/\/u15jnbdpoq.preview.infomaniak.website\/produit\/30-vasos-tapas-de-plastico-para-postres-250-ml\/"},"modified":"2026-05-06T13:00:24","modified_gmt":"2026-05-06T11:00:24","slug":"30-vasos-tapas-de-plastico-para-postres-250-ml","status":"publish","type":"product","link":"https:\/\/www.csj-emballages.com\/es\/produit\/30-vasos-tapas-de-plastico-para-postres-250-ml\/","title":{"rendered":"Vasos de postre + tapas de pl\u00e1stico 250 ml por 30"},"content":{"rendered":"<h2>Tazas de postre<\/h2>\n<hr>\n<h3>Descripci\u00f3n de nuestros vasos de postre + tapas de pl\u00e1stico 250 ml, paquete de 30<\/h3>\n<p><!--more--><\/p>\n<p>Realce sus postres con estas <strong>copas para postre de pl\u00e1stico transparente de 250 ml<\/strong>, perfectas para una presentaci\u00f3n cuidada y profesional. Cada <strong>vaso de postre<\/strong> viene con una <strong>tapa<\/strong> ajustada que protege sus preparaciones a la vez que facilita su transporte, ya sea para eventos, buf\u00e9s o ventas para llevar. Su tama\u00f1o pr\u00e1ctico se adapta a una amplia variedad de postres, desde mousses hasta ensaladas de frutas, garantizando al mismo tiempo un servicio limpio y sin complicaciones. Propuestos en lote de <strong>30<\/strong>, estos <strong>vasos de postre<\/strong> son ideales tanto para grandes ocasiones como para el uso diario. Combine elegancia y funcionalidad para satisfacer a sus invitados o clientes<\/p>\n<p>&nbsp;<\/p>\n<p><!--more--><\/p>\n<p>Elija <strong>los platos de postre Bodega<\/strong> para postres que impresionen a sus invitados con cada bocado.<\/p>\n<p>&nbsp;<\/p>\n<p><!--more--><\/p>\n<p><strong>Sus ventajas:<\/strong><\/p>\n<ul>\n<li><strong>Practicidad<\/strong>: F\u00e1ciles de manejar, son perfectas para buffets, recepciones o eventos al aire libre.<\/li>\n<li><strong>Ahorran espacio<\/strong>: apilables, aprovechan al m\u00e1ximo el espacio de almacenamiento de tus armarios.<\/li>\n<li><strong>Tama\u00f1o de raci\u00f3n ideal<\/strong>: Su capacidad de <strong>250 ml<\/strong> es perfecta para raciones generosas, sin excesos.<\/li>\n<li><strong>Durabilidad<\/strong>: Reutilizables, ofrecen una alternativa respetuosa con el medio ambiente.<\/li>\n<\/ul>\n<p>&nbsp;<\/p>\n<p><!--more--><\/p>\n<h4><strong>Informaci\u00f3n adicional :  <\/strong><\/h4>\n<ul>\n<li><strong>Dimensiones<\/strong>: 89 x 60 (\u00d8 x H en mm para corte).<\/li>\n<li><strong>Embalaje<\/strong>: Envases de 30 vasos + tapas<\/li>\n<li><strong>Volumen<\/strong>: 250 ml<\/li>\n<li><strong>Material<\/strong>: Polietileno<\/li>\n<\/ul>\n<p>&nbsp;<\/p>\n<p><!--more--><\/p>\n<p>Producto disponible en un tama\u00f1o m\u00e1s peque\u00f1o: <span style=\"color: #d12727;\"><a style=\"color: #d12727;\" href=\"https:\/\/www.csj-emballages.com\/produit\/30-coupes-couvercles-desserts-plastique-180-ml\/\">BODEGA18<\/a><\/span><\/p>\n<p>&nbsp;<\/p>\n<p><!--more--><\/p>\n<p><a href=\"https:\/\/www.csj-emballages.com\/produit\/20-coupes-a-dessert-bodega-plastique-250-ml\/\">Ver el resto de nuestra gama de cuencos de postre<\/a><\/p>\n","protected":false},"excerpt":{"rendered":"<p>Tazas de postre Descripci\u00f3n de nuestros vasos de postre + tapas de pl\u00e1stico 250 ml, paquete de 30<\/p>\n","protected":false},"featured_media":209509,"template":"","meta":{"_acf_changed":false},"product_brand":[],"product_cat":[1150,1143,1324,1458],"product_tag":[],"class_list":{"0":"post-19460","1":"product","2":"type-product","3":"status-publish","4":"has-post-thumbnail","6":"product_cat-envasado-de-alimentos","7":"product_cat-carniceria-y-charcuteria","8":"product_cat-tazas-tarros-vasos","9":"product_cat-tazas-de-postre","11":"first","12":"instock","13":"taxable","14":"shipping-taxable","15":"purchasable","16":"product-type-simple"},"acf":[],"yoast_head":"<!-- This site is optimized with the Yoast SEO Premium plugin v26.6 (Yoast SEO v26.6) - https:\/\/yoast.com\/wordpress\/plugins\/seo\/ -->\n<title>Vasos de Postre + Tapas de Pl\u00e1stico - 250 ml<\/title>\n<meta name=\"description\" content=\"\u00a1Descubra nuestras copas para postre + tapas de pl\u00e1stico - 250 ml! Le ofrecemos un paquete de 30 vasos de postre con tapas.\" \/>\n<meta name=\"robots\" content=\"index, follow, max-snippet:-1, max-image-preview:large, max-video-preview:-1\" \/>\n<link rel=\"canonical\" href=\"https:\/\/www.csj-emballages.com\/es\/produit\/30-vasos-tapas-de-plastico-para-postres-250-ml\/\" \/>\n<meta property=\"og:locale\" content=\"es_ES\" \/>\n<meta property=\"og:type\" content=\"article\" \/>\n<meta property=\"og:title\" content=\"Vasos de postre + tapas de pl\u00e1stico 250 ml por 30\" \/>\n<meta property=\"og:description\" content=\"\u00a1Descubra nuestras copas para postre + tapas de pl\u00e1stico - 250 ml! Le ofrecemos un paquete de 30 vasos de postre con tapas.\" \/>\n<meta property=\"og:url\" content=\"https:\/\/www.csj-emballages.com\/es\/produit\/30-vasos-tapas-de-plastico-para-postres-250-ml\/\" \/>\n<meta property=\"og:site_name\" content=\"CSJ Emballages\" \/>\n<meta property=\"article:publisher\" content=\"https:\/\/www.facebook.com\/csjemballages\" \/>\n<meta property=\"article:modified_time\" content=\"2026-05-06T11:00:24+00:00\" \/>\n<meta property=\"og:image\" content=\"https:\/\/www.csj-emballages.com\/wp-content\/uploads\/2024\/03\/bodega-25.webp\" \/>\n\t<meta property=\"og:image:width\" content=\"800\" \/>\n\t<meta property=\"og:image:height\" content=\"800\" \/>\n\t<meta property=\"og:image:type\" content=\"image\/webp\" \/>\n<meta name=\"twitter:card\" content=\"summary_large_image\" \/>\n<meta name=\"twitter:label1\" content=\"Tiempo de lectura\" \/>\n\t<meta name=\"twitter:data1\" content=\"1 minuto\" \/>\n<script type=\"application\/ld+json\" class=\"yoast-schema-graph\">{\"@context\":\"https:\/\/schema.org\",\"@graph\":[{\"@type\":\"WebPage\",\"@id\":\"https:\/\/www.csj-emballages.com\/es\/produit\/30-vasos-tapas-de-plastico-para-postres-250-ml\/\",\"url\":\"https:\/\/www.csj-emballages.com\/es\/produit\/30-vasos-tapas-de-plastico-para-postres-250-ml\/\",\"name\":\"Vasos de Postre + Tapas de Pl\u00e1stico - 250 ml\",\"isPartOf\":{\"@id\":\"https:\/\/www.csj-emballages.com\/es\/#website\"},\"primaryImageOfPage\":{\"@id\":\"https:\/\/www.csj-emballages.com\/es\/produit\/30-vasos-tapas-de-plastico-para-postres-250-ml\/#primaryimage\"},\"image\":{\"@id\":\"https:\/\/www.csj-emballages.com\/es\/produit\/30-vasos-tapas-de-plastico-para-postres-250-ml\/#primaryimage\"},\"thumbnailUrl\":\"https:\/\/www.csj-emballages.com\/wp-content\/uploads\/2024\/03\/bodega-25.webp\",\"datePublished\":\"2024-03-01T15:56:11+00:00\",\"dateModified\":\"2026-05-06T11:00:24+00:00\",\"description\":\"\u00a1Descubra nuestras copas para postre + tapas de pl\u00e1stico - 250 ml! Le ofrecemos un paquete de 30 vasos de postre con tapas.\",\"breadcrumb\":{\"@id\":\"https:\/\/www.csj-emballages.com\/es\/produit\/30-vasos-tapas-de-plastico-para-postres-250-ml\/#breadcrumb\"},\"inLanguage\":\"es\",\"potentialAction\":[{\"@type\":\"ReadAction\",\"target\":[\"https:\/\/www.csj-emballages.com\/es\/produit\/30-vasos-tapas-de-plastico-para-postres-250-ml\/\"]}]},{\"@type\":\"ImageObject\",\"inLanguage\":\"es\",\"@id\":\"https:\/\/www.csj-emballages.com\/es\/produit\/30-vasos-tapas-de-plastico-para-postres-250-ml\/#primaryimage\",\"url\":\"https:\/\/www.csj-emballages.com\/wp-content\/uploads\/2024\/03\/bodega-25.webp\",\"contentUrl\":\"https:\/\/www.csj-emballages.com\/wp-content\/uploads\/2024\/03\/bodega-25.webp\",\"width\":800,\"height\":800,\"caption\":\"coupes \u00e0 dessert\"},{\"@type\":\"BreadcrumbList\",\"@id\":\"https:\/\/www.csj-emballages.com\/es\/produit\/30-vasos-tapas-de-plastico-para-postres-250-ml\/#breadcrumb\",\"itemListElement\":[{\"@type\":\"ListItem\",\"position\":1,\"name\":\"Accueil\",\"item\":\"https:\/\/www.csj-emballages.com\/es\/universo-del-envasado-alimentario\/\"},{\"@type\":\"ListItem\",\"position\":2,\"name\":\"Tienda\",\"item\":\"https:\/\/www.csj-emballages.com\/tienda\/\"},{\"@type\":\"ListItem\",\"position\":3,\"name\":\"Vasos de postre + tapas de pl\u00e1stico 250 ml por 30\"}]},{\"@type\":\"WebSite\",\"@id\":\"https:\/\/www.csj-emballages.com\/es\/#website\",\"url\":\"https:\/\/www.csj-emballages.com\/es\/\",\"name\":\"CSJ Emballages\",\"description\":\"\",\"publisher\":{\"@id\":\"https:\/\/www.csj-emballages.com\/es\/#organization\"},\"potentialAction\":[{\"@type\":\"SearchAction\",\"target\":{\"@type\":\"EntryPoint\",\"urlTemplate\":\"https:\/\/www.csj-emballages.com\/es\/?s={search_term_string}\"},\"query-input\":{\"@type\":\"PropertyValueSpecification\",\"valueRequired\":true,\"valueName\":\"search_term_string\"}}],\"inLanguage\":\"es\"},{\"@type\":\"Organization\",\"@id\":\"https:\/\/www.csj-emballages.com\/es\/#Organization\/\",\"name\":\"CSJ Emballages\",\"url\":\"https:\/\/www.csj-emballages.com\/es\/\",\"logo\":{\"@type\":\"ImageObject\",\"inLanguage\":\"es\",\"@id\":\"https:\/\/www.csj-emballages.com\/es\/#\/schema\/logo\/image\/\",\"url\":\"https:\/\/www.csj-emballages.com\/wp-content\/uploads\/2023\/10\/logo_csj.webp\",\"contentUrl\":\"https:\/\/www.csj-emballages.com\/wp-content\/uploads\/2023\/10\/logo_csj.webp\",\"width\":250,\"height\":95,\"caption\":\"CSJ Emballages\"},\"image\":{\"@id\":\"https:\/\/www.csj-emballages.com\/es\/#\/schema\/logo\/image\/\"},\"sameAs\":[\"https:\/\/www.facebook.com\/csjemballages\"],\"address\":{\"@type\":\"PostalAddress\",\"streetAddress\":\"ZI La Lechere\",\"addressLocality\":\"Patornay\",\"postalCode\":\"39130\",\"addressCountry\":\"FR\"},\"contactPoint\":[{\"@type\":\"ContactPoint\",\"contactType\":\"Service client\",\"telephone\":\"0384254272\",\"email\":\"contact@csj-emballages.com\"}]}]}<\/script>\n<!-- \/ Yoast SEO Premium plugin. -->","yoast_head_json":{"title":"Vasos de Postre + Tapas de Pl\u00e1stico - 250 ml","description":"\u00a1Descubra nuestras copas para postre + tapas de pl\u00e1stico - 250 ml! Le ofrecemos un paquete de 30 vasos de postre con tapas.","robots":{"index":"index","follow":"follow","max-snippet":"max-snippet:-1","max-image-preview":"max-image-preview:large","max-video-preview":"max-video-preview:-1"},"canonical":"https:\/\/www.csj-emballages.com\/es\/produit\/30-vasos-tapas-de-plastico-para-postres-250-ml\/","og_locale":"es_ES","og_type":"article","og_title":"Vasos de postre + tapas de pl\u00e1stico 250 ml por 30","og_description":"\u00a1Descubra nuestras copas para postre + tapas de pl\u00e1stico - 250 ml! Le ofrecemos un paquete de 30 vasos de postre con tapas.","og_url":"https:\/\/www.csj-emballages.com\/es\/produit\/30-vasos-tapas-de-plastico-para-postres-250-ml\/","og_site_name":"CSJ Emballages","article_publisher":"https:\/\/www.facebook.com\/csjemballages","article_modified_time":"2026-05-06T11:00:24+00:00","og_image":[{"width":800,"height":800,"url":"https:\/\/www.csj-emballages.com\/wp-content\/uploads\/2024\/03\/bodega-25.webp","type":"image\/webp"}],"twitter_card":"summary_large_image","twitter_misc":{"Tiempo de lectura":"1 minuto"},"schema":{"@context":"https:\/\/schema.org","@graph":[{"@type":"WebPage","@id":"https:\/\/www.csj-emballages.com\/es\/produit\/30-vasos-tapas-de-plastico-para-postres-250-ml\/","url":"https:\/\/www.csj-emballages.com\/es\/produit\/30-vasos-tapas-de-plastico-para-postres-250-ml\/","name":"Vasos de Postre + Tapas de Pl\u00e1stico - 250 ml","isPartOf":{"@id":"https:\/\/www.csj-emballages.com\/es\/#website"},"primaryImageOfPage":{"@id":"https:\/\/www.csj-emballages.com\/es\/produit\/30-vasos-tapas-de-plastico-para-postres-250-ml\/#primaryimage"},"image":{"@id":"https:\/\/www.csj-emballages.com\/es\/produit\/30-vasos-tapas-de-plastico-para-postres-250-ml\/#primaryimage"},"thumbnailUrl":"https:\/\/www.csj-emballages.com\/wp-content\/uploads\/2024\/03\/bodega-25.webp","datePublished":"2024-03-01T15:56:11+00:00","dateModified":"2026-05-06T11:00:24+00:00","description":"\u00a1Descubra nuestras copas para postre + tapas de pl\u00e1stico - 250 ml! Le ofrecemos un paquete de 30 vasos de postre con tapas.","breadcrumb":{"@id":"https:\/\/www.csj-emballages.com\/es\/produit\/30-vasos-tapas-de-plastico-para-postres-250-ml\/#breadcrumb"},"inLanguage":"es","potentialAction":[{"@type":"ReadAction","target":["https:\/\/www.csj-emballages.com\/es\/produit\/30-vasos-tapas-de-plastico-para-postres-250-ml\/"]}]},{"@type":"ImageObject","inLanguage":"es","@id":"https:\/\/www.csj-emballages.com\/es\/produit\/30-vasos-tapas-de-plastico-para-postres-250-ml\/#primaryimage","url":"https:\/\/www.csj-emballages.com\/wp-content\/uploads\/2024\/03\/bodega-25.webp","contentUrl":"https:\/\/www.csj-emballages.com\/wp-content\/uploads\/2024\/03\/bodega-25.webp","width":800,"height":800,"caption":"coupes \u00e0 dessert"},{"@type":"BreadcrumbList","@id":"https:\/\/www.csj-emballages.com\/es\/produit\/30-vasos-tapas-de-plastico-para-postres-250-ml\/#breadcrumb","itemListElement":[{"@type":"ListItem","position":1,"name":"Accueil","item":"https:\/\/www.csj-emballages.com\/es\/universo-del-envasado-alimentario\/"},{"@type":"ListItem","position":2,"name":"Tienda","item":"https:\/\/www.csj-emballages.com\/tienda\/"},{"@type":"ListItem","position":3,"name":"Vasos de postre + tapas de pl\u00e1stico 250 ml por 30"}]},{"@type":"WebSite","@id":"https:\/\/www.csj-emballages.com\/es\/#website","url":"https:\/\/www.csj-emballages.com\/es\/","name":"CSJ Emballages","description":"","publisher":{"@id":"https:\/\/www.csj-emballages.com\/es\/#organization"},"potentialAction":[{"@type":"SearchAction","target":{"@type":"EntryPoint","urlTemplate":"https:\/\/www.csj-emballages.com\/es\/?s={search_term_string}"},"query-input":{"@type":"PropertyValueSpecification","valueRequired":true,"valueName":"search_term_string"}}],"inLanguage":"es"},{"@type":"Organization","@id":"https:\/\/www.csj-emballages.com\/es\/#Organization\/","name":"CSJ Emballages","url":"https:\/\/www.csj-emballages.com\/es\/","logo":{"@type":"ImageObject","inLanguage":"es","@id":"https:\/\/www.csj-emballages.com\/es\/#\/schema\/logo\/image\/","url":"https:\/\/www.csj-emballages.com\/wp-content\/uploads\/2023\/10\/logo_csj.webp","contentUrl":"https:\/\/www.csj-emballages.com\/wp-content\/uploads\/2023\/10\/logo_csj.webp","width":250,"height":95,"caption":"CSJ Emballages"},"image":{"@id":"https:\/\/www.csj-emballages.com\/es\/#\/schema\/logo\/image\/"},"sameAs":["https:\/\/www.facebook.com\/csjemballages"],"address":{"@type":"PostalAddress","streetAddress":"ZI La Lechere","addressLocality":"Patornay","postalCode":"39130","addressCountry":"FR"},"contactPoint":[{"@type":"ContactPoint","contactType":"Service client","telephone":"0384254272","email":"contact@csj-emballages.com"}]}]}},"df_price":14.54,"df_sale_price":"","df_regular_price":14.54,"df_image_link":"https:\/\/www.csj-emballages.com\/wp-content\/uploads\/2024\/03\/bodega-25-300x300.webp","tiered_pricing_type":"fixed","tiered_pricing_fixed_rules":[],"tiered_pricing_percentage_rules":[],"tiered_pricing_minimum":1,"tiered_pricing_roles_data":[],"_links":{"self":[{"href":"https:\/\/www.csj-emballages.com\/es\/wp-json\/wp\/v2\/product\/19460","targetHints":{"allow":["GET"]}}],"collection":[{"href":"https:\/\/www.csj-emballages.com\/es\/wp-json\/wp\/v2\/product"}],"about":[{"href":"https:\/\/www.csj-emballages.com\/es\/wp-json\/wp\/v2\/types\/product"}],"wp:featuredmedia":[{"embeddable":true,"href":"https:\/\/www.csj-emballages.com\/es\/wp-json\/wp\/v2\/media\/209509"}],"wp:attachment":[{"href":"https:\/\/www.csj-emballages.com\/es\/wp-json\/wp\/v2\/media?parent=19460"}],"wp:term":[{"taxonomy":"product_brand","embeddable":true,"href":"https:\/\/www.csj-emballages.com\/es\/wp-json\/wp\/v2\/product_brand?post=19460"},{"taxonomy":"product_cat","embeddable":true,"href":"https:\/\/www.csj-emballages.com\/es\/wp-json\/wp\/v2\/product_cat?post=19460"},{"taxonomy":"product_tag","embeddable":true,"href":"https:\/\/www.csj-emballages.com\/es\/wp-json\/wp\/v2\/product_tag?post=19460"}],"curies":[{"name":"wp","href":"https:\/\/api.w.org\/{rel}","templated":true}]}}