{"id":19435,"date":"2024-03-01T16:56:15","date_gmt":"2024-03-01T15:56:15","guid":{"rendered":"https:\/\/u15jnbdpoq.preview.infomaniak.website\/produit\/espejo-bolduc-violeta-100m-x-7mm-bobina\/"},"modified":"2026-03-12T16:13:50","modified_gmt":"2026-03-12T15:13:50","slug":"espejo-bolduc-violeta-100m-x-7mm-bobina","status":"publish","type":"product","link":"https:\/\/www.csj-emballages.com\/es\/produit\/espejo-bolduc-violeta-100m-x-7mm-bobina\/","title":{"rendered":"Espejo\u00bb bolduc p\u00farpura 100m x 7mm"},"content":{"rendered":"<div class=\"flex flex-grow flex-col max-w-full\">\n<div class=\"min-h-[20px] text-message flex flex-col items-start whitespace-pre-wrap break-words [.text-message+&amp;]:mt-5 juice:w-full juice:items-end overflow-x-auto gap-2\" dir=\"auto\" data-message-author-role=\"assistant\" data-message-id=\"2034782e-88f9-44ef-b4dc-07dd7bf0115f\">\n<div class=\"flex w-full flex-col gap-1 juice:empty:hidden juice:first:pt-[3px]\">\n<div class=\"markdown prose w-full break-words dark:prose-invert light\">\n<div style=\"font-family: Roboto, sans-serif;\">\n<div style=\"font-family: Roboto, sans-serif;\">\n<div style=\"font-family: Roboto, sans-serif;\">\n<div style=\"font-family: Roboto, sans-serif;\">\n<div style=\"font-family: Roboto, sans-serif;\">\n<div style=\"font-family: Roboto, sans-serif;\">\n<div style=\"box-sizing: inherit; font-family: Roboto, sans-serif;\">\n<div style=\"box-sizing: inherit; font-family: Roboto, sans-serif;\">\n<div style=\"box-sizing: inherit; font-family: Roboto, sans-serif;\">\n<div style=\"box-sizing: inherit; font-family: Roboto, sans-serif;\">\n<div style=\"box-sizing: inherit; font-family: Roboto, sans-serif;\">\n<div style=\"box-sizing: inherit; font-family: Roboto, sans-serif;\">\n<div style=\"box-sizing: inherit; font-family: Roboto, sans-serif;\">\n<div style=\"box-sizing: inherit; font-family: Roboto, sans-serif;\">\n<div style=\"box-sizing: inherit; font-family: Roboto, sans-serif;\">\n<div style=\"box-sizing: inherit; font-family: Roboto, sans-serif;\">\n<div style=\"box-sizing: inherit; font-family: Roboto, sans-serif;\">\n<div style=\"box-sizing: inherit; font-family: Roboto, sans-serif;\">\n<div style=\"box-sizing: inherit; font-family: Roboto, sans-serif;\">\n<div class=\"flex flex-grow flex-col max-w-full\">\n<div class=\"min-h-[20px] text-message flex flex-col items-start whitespace-pre-wrap break-words [.text-message+&amp;]:mt-5 juice:w-full juice:items-end overflow-x-auto gap-2\" dir=\"auto\" data-message-author-role=\"assistant\" data-message-id=\"2034782e-88f9-44ef-b4dc-07dd7bf0115f\">\n<div class=\"flex w-full flex-col gap-1 juice:empty:hidden juice:first:pt-[3px]\">\n<div class=\"markdown prose w-full break-words dark:prose-invert light\">\n<div style=\"box-sizing: inherit; font-family: Roboto, sans-serif;\">\n<div style=\"box-sizing: inherit; font-family: Roboto, sans-serif;\">\n<div style=\"box-sizing: inherit; font-family: Roboto, sans-serif;\">\n<div style=\"box-sizing: inherit; font-family: Roboto, sans-serif;\">\n<div style=\"box-sizing: inherit; font-family: Roboto, sans-serif;\">\n<div style=\"box-sizing: inherit; font-family: Roboto, sans-serif;\">\n<h2 class=\"p1\">Bolduc p\u00farpura<\/h2>\n<div style=\"box-sizing: inherit; font-family: Roboto, sans-serif;\">\n<div style=\"box-sizing: inherit; font-family: Roboto, sans-serif;\">\n<div style=\"box-sizing: inherit; font-family: Roboto, sans-serif;\">\n<div style=\"text-align: center;\">\n<div style=\"box-sizing: inherit; font-family: Roboto, sans-serif;\">\n<div style=\"box-sizing: inherit; font-family: Roboto, sans-serif;\">\n<div style=\"box-sizing: inherit; font-family: Roboto, sans-serif;\">\n<div style=\"box-sizing: inherit; font-family: Roboto, sans-serif;\">\n<div style=\"box-sizing: inherit; font-family: Roboto, sans-serif;\">\n<div style=\"box-sizing: inherit; font-family: Roboto, sans-serif; text-align: left;\">\n<hr>\n<h3 style=\"text-align: left;\">Descripci\u00f3n de nuestro bolduc p\u00farpura \u00abMiroir\u00bb 100m x 7mm<\/h3>\n<h3 style=\"text-align: left;\"><!--more--><\/h3>\n<\/div>\n<\/div>\n<\/div>\n<\/div>\n<\/div>\n<\/div>\n<\/div>\n<\/div>\n<\/div>\n<\/div>\n<\/div>\n<\/div>\n<\/div>\n<\/div>\n<\/div>\n<\/div>\n<\/div>\n<\/div>\n<\/div>\n<\/div>\n<\/div>\n<\/div>\n<\/div>\n<\/div>\n<\/div>\n<\/div>\n<\/div>\n<\/div>\n<\/div>\n<\/div>\n<\/div>\n<\/div>\n<\/div>\n<div style=\"box-sizing: inherit; font-family: Roboto, sans-serif;\">\n<div style=\"box-sizing: inherit; font-family: Roboto, sans-serif;\">\n<div style=\"box-sizing: inherit; font-family: Roboto, sans-serif;\">\n<div style=\"box-sizing: inherit; font-family: Roboto, sans-serif;\">\n<div style=\"box-sizing: inherit; font-family: Roboto, sans-serif;\">\n<div style=\"box-sizing: inherit; font-family: Roboto, sans-serif;\">\n<div style=\"box-sizing: inherit; font-family: Roboto, sans-serif;\">\n<div style=\"box-sizing: inherit; font-family: Roboto, sans-serif;\">\n<div style=\"box-sizing: inherit; font-family: Roboto, sans-serif;\">\n<div style=\"box-sizing: inherit; font-family: Roboto, sans-serif;\">\n<div style=\"box-sizing: inherit; font-family: Roboto, sans-serif;\">\n<div style=\"box-sizing: inherit; font-family: Roboto, sans-serif;\">\n<div style=\"box-sizing: inherit; font-family: Roboto, sans-serif;\">\n<div class=\"flex flex-grow flex-col max-w-full\">\n<div class=\"min-h-[20px] text-message flex flex-col items-start whitespace-pre-wrap break-words [.text-message+&amp;]:mt-5 juice:w-full juice:items-end overflow-x-auto gap-2\" dir=\"auto\" data-message-author-role=\"assistant\" data-message-id=\"2034782e-88f9-44ef-b4dc-07dd7bf0115f\">\n<div class=\"flex w-full flex-col gap-1 juice:empty:hidden juice:first:pt-[3px]\">\n<div class=\"markdown prose w-full break-words dark:prose-invert light\">\n<div style=\"box-sizing: inherit; font-family: Roboto, sans-serif;\">\n<div style=\"box-sizing: inherit; font-family: Roboto, sans-serif;\">\n<div style=\"box-sizing: inherit; font-family: Roboto, sans-serif;\">\n<div style=\"box-sizing: inherit; font-family: Roboto, sans-serif;\">\n<div style=\"box-sizing: inherit; font-family: Roboto, sans-serif;\">\n<div style=\"box-sizing: inherit; font-family: Roboto, sans-serif;\">\n<p data-start=\"0\" data-end=\"536\">A\u00f1ada un toque de <strong data-start=\"60\" data-end=\"75\">refinamiento<\/strong> y <strong data-start=\"82\" data-end=\"95\">brillo<\/strong> a todos sus envases con <strong>el bolduc p\u00farpura \u00abMiroir\u00bb de 100 m x 7 mm<\/strong>. Ideal para realzar sus envoltorios de regalo, esta <strong>cinta p\u00farpura<\/strong> presenta un brillante <strong data-start=\"239\" data-end=\"255\">efecto espejo<\/strong> que capta la luz y atrae inmediatamente las miradas. Ya sea para <strong data-start=\"341\" data-end=\"361\">envolver un regalo<\/strong> elegante, decorar un <strong data-start=\"391\" data-end=\"414\">arreglo floral<\/strong> o rematar una <strong data-start=\"436\" data-end=\"455\" data-is-only-node=\"\">cesta gourmet<\/strong>, este <strong>bolduc vio<\/strong> leta convierte cada creaci\u00f3n en una aut\u00e9ntica <strong data-start=\"517\" data-end=\"533\">obra maestra<\/strong>.  <\/p>\n<p data-start=\"538\" data-end=\"1008\">Adem\u00e1s, sus <strong data-start=\"550\" data-end=\"569\">7 mm de anchura<\/strong> permiten crear bonitos rizos al aire o sofisticados mo\u00f1os, manteniendo un aspecto impecable. Con una <strong data-start=\"693\" data-end=\"724\">longitud generosa de 100 m<\/strong>, es ideal para uso profesional o dom\u00e9stico, ya sea en una boutique, una recepci\u00f3n o un taller creativo. Gracias a su textura suave pero resistente, es f\u00e1cil de cortar y atar, lo que la convierte en una valiosa aliada para todos tus proyectos.  <\/p>\n<p data-start=\"1010\" data-end=\"1402\">El <strong data-start=\"1035\" data-end=\"1053\">intenso<\/strong> color <strong data-start=\"1035\" data-end=\"1053\">morado<\/strong> evoca creatividad, misterio y sofisticaci\u00f3n. Por eso es tan adecuado para acontecimientos festivos como cumplea\u00f1os, bodas y celebraciones de fin de a\u00f1o como para envases m\u00e1s sobrios que necesitan un toque de originalidad. En unos sencillos pasos, su presentaci\u00f3n ser\u00e1 m\u00e1s <strong data-start=\"1359\" data-end=\"1371\">elegante<\/strong> y <strong data-start=\"1378\" data-end=\"1399\">profesional<\/strong>.  <\/p>\n<p data-start=\"1404\" data-end=\"1717\">Por \u00faltimo, elegir este <strong>bolduc espejo<\/strong> tambi\u00e9n significa optar por un accesorio <strong data-start=\"1474\" data-end=\"1488\">vers\u00e1til<\/strong>, perfecto para artesanos, minoristas o particulares que buscan un acabado minucioso. En resumen, con este <strong data-start=\"1586\" data-end=\"1625\">bolduc violeta \u00abEspejo\u00bb de 100 m x 7 mm<\/strong>, cada paquete se convierte en una invitaci\u00f3n al descubrimiento y refleja su sentido del detalle. <\/p>\n<p data-start=\"1404\" data-end=\"1717\">\n<p><!--more--><\/p>\n<h4 style=\"text-align: left;\">Ventajas :<\/h4>\n<ul style=\"text-align: left;\">\n<li><strong data-start=\"1935\" data-end=\"1951\">Efecto espejo<\/strong> luminoso para un acabado de alta gama.<\/li>\n<li>Sus <strong>100 m de<\/strong> longitud la hacen perfecta para un uso intensivo.<\/li>\n<li><strong data-start=\"2051\" data-end=\"2067\">7 mm de ancho<\/strong>: ideal para lazos y nudos.<\/li>\n<li>Un llamativo color <strong data-start=\"2111\" data-end=\"2129\">p\u00farpura<\/strong> intenso.<\/li>\n<li><strong data-start=\"2152\" data-end=\"2175\">Flexible y resistente<\/strong>, f\u00e1cil de cortar y atar.<\/li>\n<\/ul>\n<\/div>\n<\/div>\n<\/div>\n<\/div>\n<\/div>\n<\/div>\n<\/div>\n<\/div>\n<\/div>\n<\/div>\n<\/div>\n<\/div>\n<p>&nbsp;<\/p>\n<\/div>\n<\/div>\n<\/div>\n<\/div>\n<\/div>\n<\/div>\n<\/div>\n<\/div>\n<\/div>\n<\/div>\n<\/div>\n<p><!--more--><\/p>\n<h4>Informaci\u00f3n adicional :<\/h4>\n<ul style=\"box-sizing: inherit; font-family: Roboto, sans-serif;\">\n<li><strong>Embalaje<\/strong>: Por unidad<\/li>\n<li><span style=\"font-weight: bold;\">Dimensiones <\/span>: 100 m x 7 mm<\/li>\n<li><strong>Color<\/strong>: Violeta<\/li>\n<\/ul>\n<p>&nbsp;<\/p>\n<\/div>\n<\/div>\n<p><!--more--><\/p>\n<div style=\"font-family: Roboto, sans-serif;\">\n<div style=\"font-family: Roboto, sans-serif;\">\n<div style=\"box-sizing: inherit; font-family: Roboto, sans-serif;\">\n<div style=\"box-sizing: inherit; font-family: Roboto, sans-serif;\">\n<div style=\"box-sizing: inherit; font-family: Roboto, sans-serif;\">\n<div style=\"box-sizing: inherit; font-family: Roboto, sans-serif;\">\n<div style=\"box-sizing: inherit; font-family: Roboto, sans-serif;\">\n<div style=\"box-sizing: inherit; font-family: Roboto, sans-serif;\">\n<p>Este bolduc \u00abEspejo\u00bb est\u00e1 disponible en diferentes colores: <span style=\"color: #d12727;\"><a style=\"color: #d12727;\" href=\"https:\/\/www.csj-emballages.com\/es\/produit\/bobina-de-bolduc-plata-miroir-100m-x-7mm\/\">Gris<\/a><\/span> \/ <span style=\"color: #d12727;\"><a style=\"color: #d12727;\" href=\"https:\/\/www.csj-emballages.com\/es\/produit\/espejo-bobina-bolduc-azul-100m-x-7mm\/\">Azul<\/a><\/span> \/ <span style=\"color: #d12727;\"><a style=\"color: #d12727;\" href=\"https:\/\/www.csj-emballages.com\/es\/produit\/bobina-azul-bolduc-espejo-100m-x-7mm\/\">Azul claro<\/a><\/span> \/ <span style=\"color: #d12727;\"><a style=\"color: #d12727;\" href=\"https:\/\/www.csj-emballages.com\/es\/produit\/bobina-de-100m-x-7mm-bolduc-espejo-burdeos\/\">Burdeos<\/a><\/span> \/ <span style=\"color: #d12727;\"><a style=\"color: #d12727;\" href=\"https:\/\/www.csj-emballages.com\/es\/produit\/bobina-de-cobre-espejo-bolduc-100m-x-7mm\/\">Cobre<\/a><\/span> \/ <span style=\"color: #d12727;\"><a style=\"color: #d12727;\" href=\"https:\/\/www.csj-emballages.com\/es\/produit\/espejo-bobina-bolduc-mandarina-100m-x-7mm\/\">Mandarina<\/a><\/span> \/ <span style=\"color: #d12727;\"><a style=\"color: #d12727;\" href=\"https:\/\/www.csj-emballages.com\/es\/produit\/carrete-negro-bolduc-espejo-100m-x-7mm\/\">Negro<\/a><\/span> \/         <span style=\"color: #d12727;\"><a style=\"color: #d12727;\" href=\"https:\/\/www.csj-emballages.com\/es\/produit\/bobina-bolduc-oro-miroir-de-100-m-x-7-mm\/\">Oro<\/a><\/span> \/ <span style=\"color: #d12727;\"><a style=\"color: #d12727;\" href=\"https:\/\/www.csj-emballages.com\/es\/produit\/bobina-bolduc-de-manzana-miroir-de-100-m-x-7-mm\/\">Manzana<\/a><\/span> \/ <span style=\"color: #d12727;\"><a style=\"color: #d12727;\" href=\"https:\/\/www.csj-emballages.com\/es\/produit\/bobina-bolduc-violeta-espejo-de-100-m-x-7-mm\/\">Rosa<\/a><\/span> \/ <span style=\"color: #d12727;\"><a style=\"color: #d12727;\" href=\"https:\/\/www.csj-emballages.com\/es\/produit\/espejo-rojo-bolduc-carrete-100m-x-7mm\/\">Rojo<\/a><\/span> \/     <span style=\"color: #d12727;\"><a style=\"color: #d12727;\" href=\"https:\/\/www.csj-emballages.com\/es\/produit\/espejo-bobina-bolduc-verde-100m-x-7mm\/\">Verde<\/a><\/span><\/p>\n<p>&nbsp;<\/p>\n<p><!--more--><\/p>\n<p><a href=\"https:\/\/www.csj-emballages.com\/es\/categorie-produit\/envasado-de-alimentos\/noel-es\/accesorios-embalaje-decorativo\/accesorios-decorativos-es-2\/carretes-bolduc-es-2\/\">Ver el resto de nuestra gama de bobinas bolduc<\/a><\/p>\n<\/div>\n<\/div>\n<\/div>\n<\/div>\n<\/div>\n<\/div>\n<\/div>\n<\/div>\n<\/div>\n<\/div>\n<\/div>\n<\/div>\n<\/div>\n<\/div>\n<\/div>\n<\/div>\n","protected":false},"excerpt":{"rendered":"<p>Bolduc p\u00farpura Descripci\u00f3n de nuestro bolduc p\u00farpura \u00abMiroir\u00bb 100m x 7mm<\/p>\n","protected":false},"featured_media":243844,"template":"","meta":{"_acf_changed":false},"product_brand":[],"product_cat":[1150,1145,1791,2119,1488,1799,2127,2132],"product_tag":[],"class_list":{"0":"post-19435","1":"product","2":"type-product","3":"status-publish","4":"has-post-thumbnail","6":"product_cat-envasado-de-alimentos","7":"product_cat-panaderia-y-pasteleria","8":"product_cat-accesorios-decorativos","9":"product_cat-bobinas-bolduc-espejo","10":"product_cat-tienda-y-almacen","11":"product_cat-accesorios-decorativos-es","12":"product_cat-carretes-bolduc-es","13":"product_cat-bobinas-bolduc-espejo-es","15":"first","16":"instock","17":"taxable","18":"shipping-taxable","19":"purchasable","20":"product-type-simple"},"acf":[],"yoast_head":"<!-- This site is optimized with the Yoast SEO Premium plugin v26.6 (Yoast SEO v26.6) - https:\/\/yoast.com\/wordpress\/plugins\/seo\/ -->\n<title>Bolduc Violeta &quot;Miroir&quot; 100m x 7mm<\/title>\n<meta name=\"description\" content=\"Espejo violeta bolduc 100 m x 7 mm: brillo y elegancia para sus envoltorios de regalo, decoraciones y creaciones profesionales.\" \/>\n<meta name=\"robots\" content=\"index, follow, max-snippet:-1, max-image-preview:large, max-video-preview:-1\" \/>\n<link rel=\"canonical\" href=\"https:\/\/www.csj-emballages.com\/es\/produit\/espejo-bolduc-violeta-100m-x-7mm-bobina\/\" \/>\n<meta property=\"og:locale\" content=\"es_ES\" \/>\n<meta property=\"og:type\" content=\"article\" \/>\n<meta property=\"og:title\" content=\"Espejo&quot; bolduc p\u00farpura 100m x 7mm\" \/>\n<meta property=\"og:description\" content=\"Espejo violeta bolduc 100 m x 7 mm: brillo y elegancia para sus envoltorios de regalo, decoraciones y creaciones profesionales.\" \/>\n<meta property=\"og:url\" content=\"https:\/\/www.csj-emballages.com\/es\/produit\/espejo-bolduc-violeta-100m-x-7mm-bobina\/\" \/>\n<meta property=\"og:site_name\" content=\"CSJ Emballages\" \/>\n<meta property=\"article:publisher\" content=\"https:\/\/www.facebook.com\/csjemballages\" \/>\n<meta property=\"article:modified_time\" content=\"2026-03-12T15:13:50+00:00\" \/>\n<meta property=\"og:image\" content=\"https:\/\/www.csj-emballages.com\/wp-content\/uploads\/2024\/03\/BOBMIROIR28.webp\" \/>\n\t<meta property=\"og:image:width\" content=\"800\" \/>\n\t<meta property=\"og:image:height\" content=\"800\" \/>\n\t<meta property=\"og:image:type\" content=\"image\/webp\" \/>\n<meta name=\"twitter:card\" content=\"summary_large_image\" \/>\n<meta name=\"twitter:label1\" content=\"Tiempo de lectura\" \/>\n\t<meta name=\"twitter:data1\" content=\"1 minuto\" \/>\n<script type=\"application\/ld+json\" class=\"yoast-schema-graph\">{\"@context\":\"https:\/\/schema.org\",\"@graph\":[{\"@type\":\"WebPage\",\"@id\":\"https:\/\/www.csj-emballages.com\/es\/produit\/espejo-bolduc-violeta-100m-x-7mm-bobina\/\",\"url\":\"https:\/\/www.csj-emballages.com\/es\/produit\/espejo-bolduc-violeta-100m-x-7mm-bobina\/\",\"name\":\"Bolduc Violeta \\\"Miroir\\\" 100m x 7mm\",\"isPartOf\":{\"@id\":\"https:\/\/www.csj-emballages.com\/es\/#website\"},\"primaryImageOfPage\":{\"@id\":\"https:\/\/www.csj-emballages.com\/es\/produit\/espejo-bolduc-violeta-100m-x-7mm-bobina\/#primaryimage\"},\"image\":{\"@id\":\"https:\/\/www.csj-emballages.com\/es\/produit\/espejo-bolduc-violeta-100m-x-7mm-bobina\/#primaryimage\"},\"thumbnailUrl\":\"https:\/\/www.csj-emballages.com\/wp-content\/uploads\/2024\/03\/BOBMIROIR28.webp\",\"datePublished\":\"2024-03-01T15:56:15+00:00\",\"dateModified\":\"2026-03-12T15:13:50+00:00\",\"description\":\"Espejo violeta bolduc 100 m x 7 mm: brillo y elegancia para sus envoltorios de regalo, decoraciones y creaciones profesionales.\",\"breadcrumb\":{\"@id\":\"https:\/\/www.csj-emballages.com\/es\/produit\/espejo-bolduc-violeta-100m-x-7mm-bobina\/#breadcrumb\"},\"inLanguage\":\"es\",\"potentialAction\":[{\"@type\":\"ReadAction\",\"target\":[\"https:\/\/www.csj-emballages.com\/es\/produit\/espejo-bolduc-violeta-100m-x-7mm-bobina\/\"]}]},{\"@type\":\"ImageObject\",\"inLanguage\":\"es\",\"@id\":\"https:\/\/www.csj-emballages.com\/es\/produit\/espejo-bolduc-violeta-100m-x-7mm-bobina\/#primaryimage\",\"url\":\"https:\/\/www.csj-emballages.com\/wp-content\/uploads\/2024\/03\/BOBMIROIR28.webp\",\"contentUrl\":\"https:\/\/www.csj-emballages.com\/wp-content\/uploads\/2024\/03\/BOBMIROIR28.webp\",\"width\":800,\"height\":800,\"caption\":\"Bolduc violet\"},{\"@type\":\"BreadcrumbList\",\"@id\":\"https:\/\/www.csj-emballages.com\/es\/produit\/espejo-bolduc-violeta-100m-x-7mm-bobina\/#breadcrumb\",\"itemListElement\":[{\"@type\":\"ListItem\",\"position\":1,\"name\":\"Accueil\",\"item\":\"https:\/\/www.csj-emballages.com\/es\/universo-del-envasado-alimentario\/\"},{\"@type\":\"ListItem\",\"position\":2,\"name\":\"Tienda\",\"item\":\"https:\/\/www.csj-emballages.com\/tienda\/\"},{\"@type\":\"ListItem\",\"position\":3,\"name\":\"Espejo\u00a0\u00bb bolduc p\u00farpura 100m x 7mm\"}]},{\"@type\":\"WebSite\",\"@id\":\"https:\/\/www.csj-emballages.com\/es\/#website\",\"url\":\"https:\/\/www.csj-emballages.com\/es\/\",\"name\":\"CSJ Emballages\",\"description\":\"\",\"publisher\":{\"@id\":\"https:\/\/www.csj-emballages.com\/es\/#organization\"},\"potentialAction\":[{\"@type\":\"SearchAction\",\"target\":{\"@type\":\"EntryPoint\",\"urlTemplate\":\"https:\/\/www.csj-emballages.com\/es\/?s={search_term_string}\"},\"query-input\":{\"@type\":\"PropertyValueSpecification\",\"valueRequired\":true,\"valueName\":\"search_term_string\"}}],\"inLanguage\":\"es\"},{\"@type\":\"Organization\",\"@id\":\"https:\/\/www.csj-emballages.com\/es\/#Organization\/\",\"name\":\"CSJ Emballages\",\"url\":\"https:\/\/www.csj-emballages.com\/es\/\",\"logo\":{\"@type\":\"ImageObject\",\"inLanguage\":\"es\",\"@id\":\"https:\/\/www.csj-emballages.com\/es\/#\/schema\/logo\/image\/\",\"url\":\"https:\/\/www.csj-emballages.com\/wp-content\/uploads\/2023\/10\/logo_csj.webp\",\"contentUrl\":\"https:\/\/www.csj-emballages.com\/wp-content\/uploads\/2023\/10\/logo_csj.webp\",\"width\":250,\"height\":95,\"caption\":\"CSJ Emballages\"},\"image\":{\"@id\":\"https:\/\/www.csj-emballages.com\/es\/#\/schema\/logo\/image\/\"},\"sameAs\":[\"https:\/\/www.facebook.com\/csjemballages\"],\"address\":{\"@type\":\"PostalAddress\",\"streetAddress\":\"ZI La Lechere\",\"addressLocality\":\"Patornay\",\"postalCode\":\"39130\",\"addressCountry\":\"FR\"},\"contactPoint\":[{\"@type\":\"ContactPoint\",\"contactType\":\"Service client\",\"telephone\":\"0384254272\",\"email\":\"contact@csj-emballages.com\"}]}]}<\/script>\n<!-- \/ Yoast SEO Premium plugin. -->","yoast_head_json":{"title":"Bolduc Violeta \"Miroir\" 100m x 7mm","description":"Espejo violeta bolduc 100 m x 7 mm: brillo y elegancia para sus envoltorios de regalo, decoraciones y creaciones profesionales.","robots":{"index":"index","follow":"follow","max-snippet":"max-snippet:-1","max-image-preview":"max-image-preview:large","max-video-preview":"max-video-preview:-1"},"canonical":"https:\/\/www.csj-emballages.com\/es\/produit\/espejo-bolduc-violeta-100m-x-7mm-bobina\/","og_locale":"es_ES","og_type":"article","og_title":"Espejo\" bolduc p\u00farpura 100m x 7mm","og_description":"Espejo violeta bolduc 100 m x 7 mm: brillo y elegancia para sus envoltorios de regalo, decoraciones y creaciones profesionales.","og_url":"https:\/\/www.csj-emballages.com\/es\/produit\/espejo-bolduc-violeta-100m-x-7mm-bobina\/","og_site_name":"CSJ Emballages","article_publisher":"https:\/\/www.facebook.com\/csjemballages","article_modified_time":"2026-03-12T15:13:50+00:00","og_image":[{"width":800,"height":800,"url":"https:\/\/www.csj-emballages.com\/wp-content\/uploads\/2024\/03\/BOBMIROIR28.webp","type":"image\/webp"}],"twitter_card":"summary_large_image","twitter_misc":{"Tiempo de lectura":"1 minuto"},"schema":{"@context":"https:\/\/schema.org","@graph":[{"@type":"WebPage","@id":"https:\/\/www.csj-emballages.com\/es\/produit\/espejo-bolduc-violeta-100m-x-7mm-bobina\/","url":"https:\/\/www.csj-emballages.com\/es\/produit\/espejo-bolduc-violeta-100m-x-7mm-bobina\/","name":"Bolduc Violeta \"Miroir\" 100m x 7mm","isPartOf":{"@id":"https:\/\/www.csj-emballages.com\/es\/#website"},"primaryImageOfPage":{"@id":"https:\/\/www.csj-emballages.com\/es\/produit\/espejo-bolduc-violeta-100m-x-7mm-bobina\/#primaryimage"},"image":{"@id":"https:\/\/www.csj-emballages.com\/es\/produit\/espejo-bolduc-violeta-100m-x-7mm-bobina\/#primaryimage"},"thumbnailUrl":"https:\/\/www.csj-emballages.com\/wp-content\/uploads\/2024\/03\/BOBMIROIR28.webp","datePublished":"2024-03-01T15:56:15+00:00","dateModified":"2026-03-12T15:13:50+00:00","description":"Espejo violeta bolduc 100 m x 7 mm: brillo y elegancia para sus envoltorios de regalo, decoraciones y creaciones profesionales.","breadcrumb":{"@id":"https:\/\/www.csj-emballages.com\/es\/produit\/espejo-bolduc-violeta-100m-x-7mm-bobina\/#breadcrumb"},"inLanguage":"es","potentialAction":[{"@type":"ReadAction","target":["https:\/\/www.csj-emballages.com\/es\/produit\/espejo-bolduc-violeta-100m-x-7mm-bobina\/"]}]},{"@type":"ImageObject","inLanguage":"es","@id":"https:\/\/www.csj-emballages.com\/es\/produit\/espejo-bolduc-violeta-100m-x-7mm-bobina\/#primaryimage","url":"https:\/\/www.csj-emballages.com\/wp-content\/uploads\/2024\/03\/BOBMIROIR28.webp","contentUrl":"https:\/\/www.csj-emballages.com\/wp-content\/uploads\/2024\/03\/BOBMIROIR28.webp","width":800,"height":800,"caption":"Bolduc violet"},{"@type":"BreadcrumbList","@id":"https:\/\/www.csj-emballages.com\/es\/produit\/espejo-bolduc-violeta-100m-x-7mm-bobina\/#breadcrumb","itemListElement":[{"@type":"ListItem","position":1,"name":"Accueil","item":"https:\/\/www.csj-emballages.com\/es\/universo-del-envasado-alimentario\/"},{"@type":"ListItem","position":2,"name":"Tienda","item":"https:\/\/www.csj-emballages.com\/tienda\/"},{"@type":"ListItem","position":3,"name":"Espejo\u00a0\u00bb bolduc p\u00farpura 100m x 7mm"}]},{"@type":"WebSite","@id":"https:\/\/www.csj-emballages.com\/es\/#website","url":"https:\/\/www.csj-emballages.com\/es\/","name":"CSJ Emballages","description":"","publisher":{"@id":"https:\/\/www.csj-emballages.com\/es\/#organization"},"potentialAction":[{"@type":"SearchAction","target":{"@type":"EntryPoint","urlTemplate":"https:\/\/www.csj-emballages.com\/es\/?s={search_term_string}"},"query-input":{"@type":"PropertyValueSpecification","valueRequired":true,"valueName":"search_term_string"}}],"inLanguage":"es"},{"@type":"Organization","@id":"https:\/\/www.csj-emballages.com\/es\/#Organization\/","name":"CSJ Emballages","url":"https:\/\/www.csj-emballages.com\/es\/","logo":{"@type":"ImageObject","inLanguage":"es","@id":"https:\/\/www.csj-emballages.com\/es\/#\/schema\/logo\/image\/","url":"https:\/\/www.csj-emballages.com\/wp-content\/uploads\/2023\/10\/logo_csj.webp","contentUrl":"https:\/\/www.csj-emballages.com\/wp-content\/uploads\/2023\/10\/logo_csj.webp","width":250,"height":95,"caption":"CSJ Emballages"},"image":{"@id":"https:\/\/www.csj-emballages.com\/es\/#\/schema\/logo\/image\/"},"sameAs":["https:\/\/www.facebook.com\/csjemballages"],"address":{"@type":"PostalAddress","streetAddress":"ZI La Lechere","addressLocality":"Patornay","postalCode":"39130","addressCountry":"FR"},"contactPoint":[{"@type":"ContactPoint","contactType":"Service client","telephone":"0384254272","email":"contact@csj-emballages.com"}]}]}},"df_price":3.88,"df_sale_price":"","df_regular_price":3.88,"df_image_link":"https:\/\/www.csj-emballages.com\/wp-content\/uploads\/2024\/03\/BOBMIROIR28-300x300.webp","tiered_pricing_type":"fixed","tiered_pricing_fixed_rules":[],"tiered_pricing_percentage_rules":[],"tiered_pricing_minimum":1,"tiered_pricing_roles_data":[],"_links":{"self":[{"href":"https:\/\/www.csj-emballages.com\/es\/wp-json\/wp\/v2\/product\/19435","targetHints":{"allow":["GET"]}}],"collection":[{"href":"https:\/\/www.csj-emballages.com\/es\/wp-json\/wp\/v2\/product"}],"about":[{"href":"https:\/\/www.csj-emballages.com\/es\/wp-json\/wp\/v2\/types\/product"}],"wp:featuredmedia":[{"embeddable":true,"href":"https:\/\/www.csj-emballages.com\/es\/wp-json\/wp\/v2\/media\/243844"}],"wp:attachment":[{"href":"https:\/\/www.csj-emballages.com\/es\/wp-json\/wp\/v2\/media?parent=19435"}],"wp:term":[{"taxonomy":"product_brand","embeddable":true,"href":"https:\/\/www.csj-emballages.com\/es\/wp-json\/wp\/v2\/product_brand?post=19435"},{"taxonomy":"product_cat","embeddable":true,"href":"https:\/\/www.csj-emballages.com\/es\/wp-json\/wp\/v2\/product_cat?post=19435"},{"taxonomy":"product_tag","embeddable":true,"href":"https:\/\/www.csj-emballages.com\/es\/wp-json\/wp\/v2\/product_tag?post=19435"}],"curies":[{"name":"wp","href":"https:\/\/api.w.org\/{rel}","templated":true}]}}