{"id":19413,"date":"2024-03-01T16:56:14","date_gmt":"2024-03-01T15:56:14","guid":{"rendered":"https:\/\/u15jnbdpoq.preview.infomaniak.website\/produit\/bobina-bolduc-oro-plaisir-doffrir-225m-x-10mm\/"},"modified":"2026-04-21T02:11:19","modified_gmt":"2026-04-21T00:11:19","slug":"bobina-bolduc-oro-plaisir-doffrir-225m-x-10mm","status":"publish","type":"product","link":"https:\/\/www.csj-emballages.com\/es\/produit\/bobina-bolduc-oro-plaisir-doffrir-225m-x-10mm\/","title":{"rendered":"Bobina bolduc oro \u00abplaisir d&#8217;offrir\u00bb 225m x 10mm"},"content":{"rendered":"<div class=\"flex flex-grow flex-col max-w-full\">\n<div class=\"min-h-[20px] text-message flex flex-col items-start whitespace-pre-wrap break-words [.text-message+&amp;]:mt-5 juice:w-full juice:items-end overflow-x-auto gap-2\" dir=\"auto\" data-message-author-role=\"assistant\" data-message-id=\"2034782e-88f9-44ef-b4dc-07dd7bf0115f\">\n<div class=\"flex w-full flex-col gap-1 juice:empty:hidden juice:first:pt-[3px]\">\n<div class=\"markdown prose w-full break-words dark:prose-invert light\">\n<div style=\"box-sizing: inherit; font-family: Roboto, sans-serif;\">\n<div style=\"box-sizing: inherit; font-family: Roboto, sans-serif;\">\n<div style=\"box-sizing: inherit; font-family: Roboto, sans-serif;\">\n<div style=\"box-sizing: inherit; font-family: Roboto, sans-serif;\">\n<div style=\"box-sizing: inherit; font-family: Roboto, sans-serif;\">\n<div style=\"box-sizing: inherit; font-family: Roboto, sans-serif;\">\n<h2><strong style=\"font-family: Roboto, sans-serif;\">Bobina bolduc oro<br \/>\n<\/strong><\/h2>\n<div style=\"box-sizing: inherit; font-family: Roboto, sans-serif;\">\n<div style=\"box-sizing: inherit; font-family: Roboto, sans-serif;\">\n<div style=\"box-sizing: inherit; font-family: Roboto, sans-serif;\">\n<div style=\"text-align: center;\">\n<div style=\"box-sizing: inherit; font-family: Roboto, sans-serif;\">\n<div style=\"box-sizing: inherit; font-family: Roboto, sans-serif;\">\n<div style=\"box-sizing: inherit; font-family: Roboto, sans-serif;\">\n<div style=\"box-sizing: inherit; font-family: Roboto, sans-serif;\">\n<div style=\"box-sizing: inherit; font-family: Roboto, sans-serif;\">\n<div style=\"box-sizing: inherit; font-family: Roboto, sans-serif; text-align: left;\">\n<hr>\n<h3 style=\"text-align: left;\">Descripci\u00f3n de nuestra bobina de bolduc oro \u00abplaisir d&#8217;offrir\u00bb 225m x 10mm<\/h3>\n<p><!--more--><\/p>\n<p>Si busca decorar sus regalos, el <strong>rollo de bolduc dorado \u00abPlaisir d&#8217;Offrir<\/strong> \u00bb es el accesorio perfecto para usted. Con su brillo dorado y las palabras<strong>\u00abPlaisir d&#8217;Offrir<\/strong>\u00ab, esta cinta est\u00e1 dise\u00f1ada para a\u00f1adir un toque atractivo a todos sus envases. Para todas esas ocasiones especiales como cumplea\u00f1os, bodas o incluso la temporada festiva.  <\/p>\n<p>Esta generosa bobina de 250 metros le ofrece longitud suficiente para envolver, enlazar o decorar varios paquetes, garantizando que cada regalo destaque. Gracias a su textura suave y acabado brillante, esta <strong>cinta<\/strong> envuelve f\u00e1cilmente los paquetes y se puede trabajar de varias formas para conseguir un efecto personalizado. Tanto si opta por rizarlo para un aspecto festivo como por alisarlo para un aspecto m\u00e1s cl\u00e1sico, el resultado ser\u00e1 siempre impecable.  <\/p>\n<p>Adem\u00e1s, la inscripci\u00f3n<strong>\u00abPlaisir d&#8217;Offrir<\/strong>\u00bb no es s\u00f3lo un detalle est\u00e9tico, sino que tambi\u00e9n invita a saborear el placer de regalar. Con este <strong>bolducto<\/strong>, demostrar\u00e1 a sus seres queridos que se ha preocupado de que su experiencia al desenvolver el regalo sea a\u00fan m\u00e1s memorable. <\/p>\n<\/div>\n<\/div>\n<\/div>\n<\/div>\n<\/div>\n<\/div>\n<\/div>\n<\/div>\n<\/div>\n<\/div>\n<\/div>\n<\/div>\n<\/div>\n<\/div>\n<\/div>\n<\/div>\n<\/div>\n<\/div>\n<\/div>\n<\/div>\n<p>\u00bfPor qu\u00e9 no a\u00f1adir un toque de magia a sus regalos? Con el <strong>carrete de bolducs de oro \u00abPlaisir d&#8217;Offrir<\/strong>\u00ab, convertir\u00e1 cada gesto en un momento precioso. <\/p>\n<p>&nbsp;<\/p>\n<div class=\"flex flex-grow flex-col max-w-full\">\n<div class=\"min-h-[20px] text-message flex flex-col items-start whitespace-pre-wrap break-words [.text-message+&amp;]:mt-5 juice:w-full juice:items-end overflow-x-auto gap-2\" dir=\"auto\" data-message-author-role=\"assistant\" data-message-id=\"2034782e-88f9-44ef-b4dc-07dd7bf0115f\">\n<div class=\"flex w-full flex-col gap-1 juice:empty:hidden juice:first:pt-[3px]\">\n<div class=\"markdown prose w-full break-words dark:prose-invert light\">\n<div style=\"box-sizing: inherit; font-family: Roboto, sans-serif;\">\n<div style=\"box-sizing: inherit; font-family: Roboto, sans-serif;\">\n<div style=\"box-sizing: inherit; font-family: Roboto, sans-serif;\">\n<div style=\"box-sizing: inherit; font-family: Roboto, sans-serif;\">\n<div style=\"box-sizing: inherit; font-family: Roboto, sans-serif;\">\n<div style=\"box-sizing: inherit; font-family: Roboto, sans-serif;\">\n<p><!--more--><\/p>\n<p style=\"text-align: left;\"><strong>Ventajas :<\/strong><\/p>\n<ul style=\"text-align: left;\">\n<li>El acabado dorado aporta inmediatamente un aspecto elegante y sofisticado.<\/li>\n<li>250 metros de cinta para un uso econ\u00f3mico y prolongado.<\/li>\n<li>Perfecto para embalajes, decoraci\u00f3n de mesas, ramos, etc.<\/li>\n<li>El mensaje \u00abPlaisir d&#8217;Offrir\u00bb refuerza la emoci\u00f3n del regalo.<\/li>\n<\/ul>\n<\/div>\n<div style=\"box-sizing: inherit; font-family: Roboto, sans-serif;\">\n<p>&nbsp;<\/p>\n<\/div>\n<\/div>\n<\/div>\n<\/div>\n<\/div>\n<\/div>\n<\/div>\n<\/div>\n<\/div>\n<\/div>\n<p><!--more--><\/p>\n<h4>Informaci\u00f3n adicional :<\/h4>\n<ul>\n<li><strong>Embalaje<\/strong>: Por unidad<\/li>\n<li><strong>Dimensiones<\/strong>: 225 m x 10 mm<\/li>\n<li><strong>Color<\/strong>: dorado<\/li>\n<\/ul>\n<p>&nbsp;<\/p>\n<p style=\"text-align: left;\"><!--more--><\/p>\n<p><a href=\"https:\/\/www.csj-emballages.com\/es\/categorie-produit\/envasado-de-alimentos\/panaderia-y-pasteleria\/accesorios-y-equipamiento\/accesorios-decorativos\/carretes-bolduc\/carretes-bolduc-plaisir-doffrir\/\">Ver el resto de nuestra gama de carretes bolduc \u00abPlaisir d&#8217;Offrir<\/a><\/p>\n","protected":false},"excerpt":{"rendered":"<p>Bobina bolduc oro Descripci\u00f3n de nuestra bobina de bolduc oro \u00abplaisir d&#8217;offrir\u00bb 225m x 10mm<\/p>\n","protected":false},"featured_media":14705,"template":"","meta":{"_acf_changed":false},"product_brand":[],"product_cat":[1150,1145,1791,2122,1488,1799,2127,2133],"product_tag":[],"class_list":{"0":"post-19413","1":"product","2":"type-product","3":"status-publish","4":"has-post-thumbnail","6":"product_cat-envasado-de-alimentos","7":"product_cat-panaderia-y-pasteleria","8":"product_cat-accesorios-decorativos","9":"product_cat-carretes-bolduc-plaisir-doffrir","10":"product_cat-tienda-y-almacen","11":"product_cat-accesorios-decorativos-es","12":"product_cat-carretes-bolduc-es","13":"product_cat-carretes-bolduc-plaisir-doffrir-es","15":"first","16":"instock","17":"taxable","18":"shipping-taxable","19":"purchasable","20":"product-type-simple"},"acf":[],"yoast_head":"<!-- This site is optimized with the Yoast SEO Premium plugin v26.6 (Yoast SEO v26.6) - https:\/\/yoast.com\/wordpress\/plugins\/seo\/ -->\n<title>Bobina de bolduc &quot;Plaisir d&#039;Offrir&quot; - 225m x 10mm<\/title>\n<meta name=\"description\" content=\"A\u00f1ada un toque de lujo a sus regalos con nuestro carrete de bolducs de oro &quot;Plaisir d&#039;Offrir&quot;. 250 metros de cinta refinada para realzar sus envases.\" \/>\n<meta name=\"robots\" content=\"index, follow, max-snippet:-1, max-image-preview:large, max-video-preview:-1\" \/>\n<link rel=\"canonical\" href=\"https:\/\/www.csj-emballages.com\/es\/produit\/bobina-bolduc-oro-plaisir-doffrir-225m-x-10mm\/\" \/>\n<meta property=\"og:locale\" content=\"es_ES\" \/>\n<meta property=\"og:type\" content=\"article\" \/>\n<meta property=\"og:title\" content=\"Bobina bolduc oro &quot;plaisir d&#039;offrir&quot; 225m x 10mm\" \/>\n<meta property=\"og:description\" content=\"A\u00f1ada un toque de lujo a sus regalos con nuestro carrete de bolducs de oro &quot;Plaisir d&#039;Offrir&quot;. 250 metros de cinta refinada para realzar sus envases.\" \/>\n<meta property=\"og:url\" content=\"https:\/\/www.csj-emballages.com\/es\/produit\/bobina-bolduc-oro-plaisir-doffrir-225m-x-10mm\/\" \/>\n<meta property=\"og:site_name\" content=\"CSJ Emballages\" \/>\n<meta property=\"article:publisher\" content=\"https:\/\/www.facebook.com\/csjemballages\" \/>\n<meta property=\"article:modified_time\" content=\"2026-04-21T00:11:19+00:00\" \/>\n<meta property=\"og:image\" content=\"https:\/\/www.csj-emballages.com\/wp-content\/uploads\/2024\/03\/Capture-decran-2024-04-04-a-11.02.58-e1712221430149.png\" \/>\n\t<meta property=\"og:image:width\" content=\"200\" \/>\n\t<meta property=\"og:image:height\" content=\"200\" \/>\n\t<meta property=\"og:image:type\" content=\"image\/png\" \/>\n<meta name=\"twitter:card\" content=\"summary_large_image\" \/>\n<meta name=\"twitter:label1\" content=\"Tiempo de lectura\" \/>\n\t<meta name=\"twitter:data1\" content=\"1 minuto\" \/>\n<script type=\"application\/ld+json\" class=\"yoast-schema-graph\">{\"@context\":\"https:\/\/schema.org\",\"@graph\":[{\"@type\":\"WebPage\",\"@id\":\"https:\/\/www.csj-emballages.com\/es\/produit\/bobina-bolduc-oro-plaisir-doffrir-225m-x-10mm\/\",\"url\":\"https:\/\/www.csj-emballages.com\/es\/produit\/bobina-bolduc-oro-plaisir-doffrir-225m-x-10mm\/\",\"name\":\"Bobina de bolduc \\\"Plaisir d'Offrir\\\" - 225m x 10mm\",\"isPartOf\":{\"@id\":\"https:\/\/www.csj-emballages.com\/es\/#website\"},\"primaryImageOfPage\":{\"@id\":\"https:\/\/www.csj-emballages.com\/es\/produit\/bobina-bolduc-oro-plaisir-doffrir-225m-x-10mm\/#primaryimage\"},\"image\":{\"@id\":\"https:\/\/www.csj-emballages.com\/es\/produit\/bobina-bolduc-oro-plaisir-doffrir-225m-x-10mm\/#primaryimage\"},\"thumbnailUrl\":\"https:\/\/www.csj-emballages.com\/wp-content\/uploads\/2024\/03\/Capture-decran-2024-04-04-a-11.02.58-e1712221430149.png\",\"datePublished\":\"2024-03-01T15:56:14+00:00\",\"dateModified\":\"2026-04-21T00:11:19+00:00\",\"description\":\"A\u00f1ada un toque de lujo a sus regalos con nuestro carrete de bolducs de oro \\\"Plaisir d'Offrir\\\". 250 metros de cinta refinada para realzar sus envases.\",\"breadcrumb\":{\"@id\":\"https:\/\/www.csj-emballages.com\/es\/produit\/bobina-bolduc-oro-plaisir-doffrir-225m-x-10mm\/#breadcrumb\"},\"inLanguage\":\"es\",\"potentialAction\":[{\"@type\":\"ReadAction\",\"target\":[\"https:\/\/www.csj-emballages.com\/es\/produit\/bobina-bolduc-oro-plaisir-doffrir-225m-x-10mm\/\"]}]},{\"@type\":\"ImageObject\",\"inLanguage\":\"es\",\"@id\":\"https:\/\/www.csj-emballages.com\/es\/produit\/bobina-bolduc-oro-plaisir-doffrir-225m-x-10mm\/#primaryimage\",\"url\":\"https:\/\/www.csj-emballages.com\/wp-content\/uploads\/2024\/03\/Capture-decran-2024-04-04-a-11.02.58-e1712221430149.png\",\"contentUrl\":\"https:\/\/www.csj-emballages.com\/wp-content\/uploads\/2024\/03\/Capture-decran-2024-04-04-a-11.02.58-e1712221430149.png\",\"width\":200,\"height\":200,\"caption\":\"Bobine bolduc plaisir d'offrir\"},{\"@type\":\"BreadcrumbList\",\"@id\":\"https:\/\/www.csj-emballages.com\/es\/produit\/bobina-bolduc-oro-plaisir-doffrir-225m-x-10mm\/#breadcrumb\",\"itemListElement\":[{\"@type\":\"ListItem\",\"position\":1,\"name\":\"Accueil\",\"item\":\"https:\/\/www.csj-emballages.com\/es\/universo-del-envasado-alimentario\/\"},{\"@type\":\"ListItem\",\"position\":2,\"name\":\"Tienda\",\"item\":\"https:\/\/www.csj-emballages.com\/tienda\/\"},{\"@type\":\"ListItem\",\"position\":3,\"name\":\"Bobina bolduc oro \u00ab\u00a0plaisir d&rsquo;offrir\u00a0\u00bb 225m x 10mm\"}]},{\"@type\":\"WebSite\",\"@id\":\"https:\/\/www.csj-emballages.com\/es\/#website\",\"url\":\"https:\/\/www.csj-emballages.com\/es\/\",\"name\":\"CSJ Emballages\",\"description\":\"\",\"publisher\":{\"@id\":\"https:\/\/www.csj-emballages.com\/es\/#organization\"},\"potentialAction\":[{\"@type\":\"SearchAction\",\"target\":{\"@type\":\"EntryPoint\",\"urlTemplate\":\"https:\/\/www.csj-emballages.com\/es\/?s={search_term_string}\"},\"query-input\":{\"@type\":\"PropertyValueSpecification\",\"valueRequired\":true,\"valueName\":\"search_term_string\"}}],\"inLanguage\":\"es\"},{\"@type\":\"Organization\",\"@id\":\"https:\/\/www.csj-emballages.com\/es\/#Organization\/\",\"name\":\"CSJ Emballages\",\"url\":\"https:\/\/www.csj-emballages.com\/es\/\",\"logo\":{\"@type\":\"ImageObject\",\"inLanguage\":\"es\",\"@id\":\"https:\/\/www.csj-emballages.com\/es\/#\/schema\/logo\/image\/\",\"url\":\"https:\/\/www.csj-emballages.com\/wp-content\/uploads\/2023\/10\/logo_csj.webp\",\"contentUrl\":\"https:\/\/www.csj-emballages.com\/wp-content\/uploads\/2023\/10\/logo_csj.webp\",\"width\":250,\"height\":95,\"caption\":\"CSJ Emballages\"},\"image\":{\"@id\":\"https:\/\/www.csj-emballages.com\/es\/#\/schema\/logo\/image\/\"},\"sameAs\":[\"https:\/\/www.facebook.com\/csjemballages\"],\"address\":{\"@type\":\"PostalAddress\",\"streetAddress\":\"ZI La Lechere\",\"addressLocality\":\"Patornay\",\"postalCode\":\"39130\",\"addressCountry\":\"FR\"},\"contactPoint\":[{\"@type\":\"ContactPoint\",\"contactType\":\"Service client\",\"telephone\":\"0384254272\",\"email\":\"contact@csj-emballages.com\"}]}]}<\/script>\n<!-- \/ Yoast SEO Premium plugin. -->","yoast_head_json":{"title":"Bobina de bolduc \"Plaisir d'Offrir\" - 225m x 10mm","description":"A\u00f1ada un toque de lujo a sus regalos con nuestro carrete de bolducs de oro \"Plaisir d'Offrir\". 250 metros de cinta refinada para realzar sus envases.","robots":{"index":"index","follow":"follow","max-snippet":"max-snippet:-1","max-image-preview":"max-image-preview:large","max-video-preview":"max-video-preview:-1"},"canonical":"https:\/\/www.csj-emballages.com\/es\/produit\/bobina-bolduc-oro-plaisir-doffrir-225m-x-10mm\/","og_locale":"es_ES","og_type":"article","og_title":"Bobina bolduc oro \"plaisir d'offrir\" 225m x 10mm","og_description":"A\u00f1ada un toque de lujo a sus regalos con nuestro carrete de bolducs de oro \"Plaisir d'Offrir\". 250 metros de cinta refinada para realzar sus envases.","og_url":"https:\/\/www.csj-emballages.com\/es\/produit\/bobina-bolduc-oro-plaisir-doffrir-225m-x-10mm\/","og_site_name":"CSJ Emballages","article_publisher":"https:\/\/www.facebook.com\/csjemballages","article_modified_time":"2026-04-21T00:11:19+00:00","og_image":[{"width":200,"height":200,"url":"https:\/\/www.csj-emballages.com\/wp-content\/uploads\/2024\/03\/Capture-decran-2024-04-04-a-11.02.58-e1712221430149.png","type":"image\/png"}],"twitter_card":"summary_large_image","twitter_misc":{"Tiempo de lectura":"1 minuto"},"schema":{"@context":"https:\/\/schema.org","@graph":[{"@type":"WebPage","@id":"https:\/\/www.csj-emballages.com\/es\/produit\/bobina-bolduc-oro-plaisir-doffrir-225m-x-10mm\/","url":"https:\/\/www.csj-emballages.com\/es\/produit\/bobina-bolduc-oro-plaisir-doffrir-225m-x-10mm\/","name":"Bobina de bolduc \"Plaisir d'Offrir\" - 225m x 10mm","isPartOf":{"@id":"https:\/\/www.csj-emballages.com\/es\/#website"},"primaryImageOfPage":{"@id":"https:\/\/www.csj-emballages.com\/es\/produit\/bobina-bolduc-oro-plaisir-doffrir-225m-x-10mm\/#primaryimage"},"image":{"@id":"https:\/\/www.csj-emballages.com\/es\/produit\/bobina-bolduc-oro-plaisir-doffrir-225m-x-10mm\/#primaryimage"},"thumbnailUrl":"https:\/\/www.csj-emballages.com\/wp-content\/uploads\/2024\/03\/Capture-decran-2024-04-04-a-11.02.58-e1712221430149.png","datePublished":"2024-03-01T15:56:14+00:00","dateModified":"2026-04-21T00:11:19+00:00","description":"A\u00f1ada un toque de lujo a sus regalos con nuestro carrete de bolducs de oro \"Plaisir d'Offrir\". 250 metros de cinta refinada para realzar sus envases.","breadcrumb":{"@id":"https:\/\/www.csj-emballages.com\/es\/produit\/bobina-bolduc-oro-plaisir-doffrir-225m-x-10mm\/#breadcrumb"},"inLanguage":"es","potentialAction":[{"@type":"ReadAction","target":["https:\/\/www.csj-emballages.com\/es\/produit\/bobina-bolduc-oro-plaisir-doffrir-225m-x-10mm\/"]}]},{"@type":"ImageObject","inLanguage":"es","@id":"https:\/\/www.csj-emballages.com\/es\/produit\/bobina-bolduc-oro-plaisir-doffrir-225m-x-10mm\/#primaryimage","url":"https:\/\/www.csj-emballages.com\/wp-content\/uploads\/2024\/03\/Capture-decran-2024-04-04-a-11.02.58-e1712221430149.png","contentUrl":"https:\/\/www.csj-emballages.com\/wp-content\/uploads\/2024\/03\/Capture-decran-2024-04-04-a-11.02.58-e1712221430149.png","width":200,"height":200,"caption":"Bobine bolduc plaisir d'offrir"},{"@type":"BreadcrumbList","@id":"https:\/\/www.csj-emballages.com\/es\/produit\/bobina-bolduc-oro-plaisir-doffrir-225m-x-10mm\/#breadcrumb","itemListElement":[{"@type":"ListItem","position":1,"name":"Accueil","item":"https:\/\/www.csj-emballages.com\/es\/universo-del-envasado-alimentario\/"},{"@type":"ListItem","position":2,"name":"Tienda","item":"https:\/\/www.csj-emballages.com\/tienda\/"},{"@type":"ListItem","position":3,"name":"Bobina bolduc oro \u00ab\u00a0plaisir d&rsquo;offrir\u00a0\u00bb 225m x 10mm"}]},{"@type":"WebSite","@id":"https:\/\/www.csj-emballages.com\/es\/#website","url":"https:\/\/www.csj-emballages.com\/es\/","name":"CSJ Emballages","description":"","publisher":{"@id":"https:\/\/www.csj-emballages.com\/es\/#organization"},"potentialAction":[{"@type":"SearchAction","target":{"@type":"EntryPoint","urlTemplate":"https:\/\/www.csj-emballages.com\/es\/?s={search_term_string}"},"query-input":{"@type":"PropertyValueSpecification","valueRequired":true,"valueName":"search_term_string"}}],"inLanguage":"es"},{"@type":"Organization","@id":"https:\/\/www.csj-emballages.com\/es\/#Organization\/","name":"CSJ Emballages","url":"https:\/\/www.csj-emballages.com\/es\/","logo":{"@type":"ImageObject","inLanguage":"es","@id":"https:\/\/www.csj-emballages.com\/es\/#\/schema\/logo\/image\/","url":"https:\/\/www.csj-emballages.com\/wp-content\/uploads\/2023\/10\/logo_csj.webp","contentUrl":"https:\/\/www.csj-emballages.com\/wp-content\/uploads\/2023\/10\/logo_csj.webp","width":250,"height":95,"caption":"CSJ Emballages"},"image":{"@id":"https:\/\/www.csj-emballages.com\/es\/#\/schema\/logo\/image\/"},"sameAs":["https:\/\/www.facebook.com\/csjemballages"],"address":{"@type":"PostalAddress","streetAddress":"ZI La Lechere","addressLocality":"Patornay","postalCode":"39130","addressCountry":"FR"},"contactPoint":[{"@type":"ContactPoint","contactType":"Service client","telephone":"0384254272","email":"contact@csj-emballages.com"}]}]}},"df_price":8.96,"df_sale_price":"","df_regular_price":8.96,"df_image_link":"https:\/\/www.csj-emballages.com\/wp-content\/uploads\/2024\/03\/Capture-decran-2024-04-04-a-11.02.58-300x300.png","tiered_pricing_type":"fixed","tiered_pricing_fixed_rules":[],"tiered_pricing_percentage_rules":[],"tiered_pricing_minimum":1,"tiered_pricing_roles_data":[],"_links":{"self":[{"href":"https:\/\/www.csj-emballages.com\/es\/wp-json\/wp\/v2\/product\/19413","targetHints":{"allow":["GET"]}}],"collection":[{"href":"https:\/\/www.csj-emballages.com\/es\/wp-json\/wp\/v2\/product"}],"about":[{"href":"https:\/\/www.csj-emballages.com\/es\/wp-json\/wp\/v2\/types\/product"}],"wp:featuredmedia":[{"embeddable":true,"href":"https:\/\/www.csj-emballages.com\/es\/wp-json\/wp\/v2\/media\/14705"}],"wp:attachment":[{"href":"https:\/\/www.csj-emballages.com\/es\/wp-json\/wp\/v2\/media?parent=19413"}],"wp:term":[{"taxonomy":"product_brand","embeddable":true,"href":"https:\/\/www.csj-emballages.com\/es\/wp-json\/wp\/v2\/product_brand?post=19413"},{"taxonomy":"product_cat","embeddable":true,"href":"https:\/\/www.csj-emballages.com\/es\/wp-json\/wp\/v2\/product_cat?post=19413"},{"taxonomy":"product_tag","embeddable":true,"href":"https:\/\/www.csj-emballages.com\/es\/wp-json\/wp\/v2\/product_tag?post=19413"}],"curies":[{"name":"wp","href":"https:\/\/api.w.org\/{rel}","templated":true}]}}