{"id":19396,"date":"2024-03-01T16:57:19","date_gmt":"2024-03-01T15:57:19","guid":{"rendered":"https:\/\/u15jnbdpoq.preview.infomaniak.website\/produit\/25-cajas-de-troncos-dulce-navidad-35-x-11-x-10-cm\/"},"modified":"2026-03-12T16:11:38","modified_gmt":"2026-03-12T15:11:38","slug":"25-cajas-de-troncos-dulce-navidad-35-x-11-x-10-cm","status":"publish","type":"product","link":"https:\/\/www.csj-emballages.com\/es\/produit\/25-cajas-de-troncos-dulce-navidad-35-x-11-x-10-cm\/","title":{"rendered":"25 cajas de troncos \u00abDulce Navidad\u00bb 35 x 11 x 10 cm"},"content":{"rendered":"<h2>Caja de registro<\/h2>\n<hr>\n<h3>Descripci\u00f3n del producto<\/h3>\n<p><!--more--><\/p>\n<p>Descubra las cajas para troncos de Navidad \u00abNo\u00ebl Sucr\u00e9\u00bb de 35x11x10 cm, la elecci\u00f3n perfecta para realzar sus creaciones navide\u00f1as. Con sus dimensiones ideales de 35x11x10 cm, ofrecen el espacio perfecto para sus troncos de Navidad. Fabricadas en cart\u00f3n, protegen sus postres a la vez que les confieren una presentaci\u00f3n cuidada. El cuidado dise\u00f1o de estas cajas resalta cada detalle de su tronco de Navidad, a\u00f1adiendo un toque refinado a su mesa festiva. Son pr\u00e1cticas, f\u00e1ciles de abrir y de manipular. Sus colores festivos a\u00f1aden un ambiente c\u00e1lido a sus celebraciones. Deje que sus postres brillen en estas cajas atractivas y funcionales. Una soluci\u00f3n perfecta para transportar sus troncos con seguridad, sin comprometer su belleza. Con las cajas \u00abNo\u00ebl Sucr\u00e9\u00bb, sus postres se convertir\u00e1n en el centro de atenci\u00f3n de todas las comidas. Sorprenda a sus invitados con una presentaci\u00f3n digna de los m\u00e1s grandes pasteleros.         <!--more--><\/p>\n<p>Ideales para las fiestas, estas cajas de troncos de 35x11x10 cm tambi\u00e9n son una excelente opci\u00f3n para regalar como postre.<\/p>\n<p>&nbsp;<\/p>\n<p><!--more--><\/p>\n<p><strong>Sus ventajas:<\/strong><\/p>\n<ul>\n<li><strong>Dimensiones ideales<\/strong>: Con 35x11x10 cm, se adaptan perfectamente a los troncos peque\u00f1os.<\/li>\n<li><strong>Protecci\u00f3n \u00f3ptima<\/strong>: Protegen eficazmente tus troncos durante el transporte, evitando cualquier da\u00f1o.<\/li>\n<li><strong>Cierre seguro<\/strong>: El pr\u00e1ctico sistema de cierre garantiza que tus postres permanezcan intactos hasta que est\u00e9n listos para comer.<\/li>\n<li><strong>Versatilidad<\/strong>: Perfectas tanto para profesionales como para aficionados, pueden adaptarse a una gran variedad de ocasiones.<\/li>\n<\/ul>\n<div style=\"font-family: Roboto, sans-serif\">\n<div style=\"font-family: Roboto, sans-serif\">\n<div style=\"font-family: Roboto, sans-serif\">\n<div style=\"font-family: Roboto, sans-serif\">\n<div style=\"font-family: Roboto, sans-serif\">\n<div style=\"font-family: Roboto, sans-serif\">\n<div style=\"font-family: Roboto, sans-serif\">\n<div style=\"font-family: Roboto, sans-serif\">\n<div style=\"font-family: Roboto, sans-serif\">\n<div style=\"font-family: Roboto, sans-serif\">\n<div style=\"font-family: Roboto, sans-serif\">\n<p>&nbsp;<\/p>\n<\/div>\n<\/div>\n<\/div>\n<\/div>\n<\/div>\n<\/div>\n<\/div>\n<\/div>\n<\/div>\n<\/div>\n<\/div>\n<p><!--more--><\/p>\n<h4>Otra informaci\u00f3n sobre este producto:<\/h4>\n<ul style=\"font-family: Roboto, sans-serif\">\n<li><strong>Envase<\/strong>: Paquete de 25<\/li>\n<li><span style=\"font-weight: bold\">Dimensiones<\/span>: 35 x 11 x 10 cm (largo x ancho x alto)<\/li>\n<li><strong>Material<\/strong>: Cart\u00f3n<\/li>\n<\/ul>\n<p>&nbsp;<\/p>\n<p><!--more--><\/p>\n<p>Este producto est\u00e1 disponible en varios tama\u00f1os: <span style=\"color: #d12727\"><a style=\"color: #d12727\" href=\"https:\/\/www.csj-emballages.com\/produit\/25-boites-a-buche-noel-sucre-20-x-11-x-10-cm\/\">20 x 11 x 10 cm<\/a><\/span> \/ <span style=\"color: #d12727\"><a style=\"color: #d12727\" href=\"https:\/\/www.csj-emballages.com\/es\/produit\/25-cajas-de-troncos-dulce-navidad-25-x-11-x-10-cm\/\">25 x 11 x 10 cm<\/a><\/span> \/ <span style=\"color: #d12727\"><a style=\"color: #d12727\" href=\"https:\/\/www.csj-emballages.com\/produit\/25-boites-a-buche-noel-sucre-30-x-11-x-10-cm\/\">30 x 11 x 10 cm<\/a><\/span><\/p>\n<p>&nbsp;<\/p>\n<p><!--more--><\/p>\n<p><a href=\"https:\/\/www.csj-emballages.com\/es\/categorie-produit\/envasado-de-alimentos\/panaderia-y-pasteleria\/cajas-y-estuches\/cajas-de-troncos\/dulces-cajas-de-troncos-de-navidad\/\">Ver el resto de nuestra gama de cajas de troncos \u00abDulce Navidad<\/a><\/p>\n<p>&nbsp;<\/p>\n","protected":false},"excerpt":{"rendered":"<p>Caja de registro Descripci\u00f3n del producto<\/p>\n","protected":false},"featured_media":187425,"template":"","meta":{"_acf_changed":false},"product_brand":[],"product_cat":[1150,1145,2085,2104,1270],"product_tag":[],"class_list":{"0":"post-19396","1":"product","2":"type-product","3":"status-publish","4":"has-post-thumbnail","6":"product_cat-envasado-de-alimentos","7":"product_cat-panaderia-y-pasteleria","8":"product_cat-cajas-de-troncos","9":"product_cat-dulces-cajas-de-troncos-de-navidad","10":"product_cat-descuentos","12":"first","13":"instock","14":"sale","15":"taxable","16":"shipping-taxable","17":"purchasable","18":"product-type-simple"},"acf":[],"yoast_head":"<!-- This site is optimized with the Yoast SEO Premium plugin v26.6 (Yoast SEO v26.6) - https:\/\/yoast.com\/wordpress\/plugins\/seo\/ -->\n<title>Cajas de troncos 35x11x10 cm - Modelo &#039;Dulce Navidad<\/title>\n<meta name=\"description\" content=\"Descubra nuestras cajas para troncos de 35x11x10 cm. Elegantes y pr\u00e1cticas, \u00a1son ideales para celebrar las fiestas!\" \/>\n<meta name=\"robots\" content=\"index, follow, max-snippet:-1, max-image-preview:large, max-video-preview:-1\" \/>\n<link rel=\"canonical\" href=\"https:\/\/www.csj-emballages.com\/es\/produit\/25-cajas-de-troncos-dulce-navidad-35-x-11-x-10-cm\/\" \/>\n<meta property=\"og:locale\" content=\"es_ES\" \/>\n<meta property=\"og:type\" content=\"article\" \/>\n<meta property=\"og:title\" content=\"25 cajas de troncos &quot;Dulce Navidad&quot; 35 x 11 x 10 cm\" \/>\n<meta property=\"og:description\" content=\"Descubra nuestras cajas para troncos de 35x11x10 cm. Elegantes y pr\u00e1cticas, \u00a1son ideales para celebrar las fiestas!\" \/>\n<meta property=\"og:url\" content=\"https:\/\/www.csj-emballages.com\/es\/produit\/25-cajas-de-troncos-dulce-navidad-35-x-11-x-10-cm\/\" \/>\n<meta property=\"og:site_name\" content=\"CSJ Emballages\" \/>\n<meta property=\"article:publisher\" content=\"https:\/\/www.facebook.com\/csjemballages\" \/>\n<meta property=\"article:modified_time\" content=\"2026-03-12T15:11:38+00:00\" \/>\n<meta property=\"og:image\" content=\"https:\/\/www.csj-emballages.com\/wp-content\/uploads\/2024\/03\/buchenoelsucre-e1732694663977.webp\" \/>\n\t<meta property=\"og:image:width\" content=\"1088\" \/>\n\t<meta property=\"og:image:height\" content=\"1089\" \/>\n\t<meta property=\"og:image:type\" content=\"image\/webp\" \/>\n<meta name=\"twitter:card\" content=\"summary_large_image\" \/>\n<meta name=\"twitter:label1\" content=\"Tiempo de lectura\" \/>\n\t<meta name=\"twitter:data1\" content=\"2 minutos\" \/>\n<script type=\"application\/ld+json\" class=\"yoast-schema-graph\">{\"@context\":\"https:\/\/schema.org\",\"@graph\":[{\"@type\":\"WebPage\",\"@id\":\"https:\/\/www.csj-emballages.com\/es\/produit\/25-cajas-de-troncos-dulce-navidad-35-x-11-x-10-cm\/\",\"url\":\"https:\/\/www.csj-emballages.com\/es\/produit\/25-cajas-de-troncos-dulce-navidad-35-x-11-x-10-cm\/\",\"name\":\"Cajas de troncos 35x11x10 cm - Modelo 'Dulce Navidad\",\"isPartOf\":{\"@id\":\"https:\/\/www.csj-emballages.com\/es\/#website\"},\"primaryImageOfPage\":{\"@id\":\"https:\/\/www.csj-emballages.com\/es\/produit\/25-cajas-de-troncos-dulce-navidad-35-x-11-x-10-cm\/#primaryimage\"},\"image\":{\"@id\":\"https:\/\/www.csj-emballages.com\/es\/produit\/25-cajas-de-troncos-dulce-navidad-35-x-11-x-10-cm\/#primaryimage\"},\"thumbnailUrl\":\"https:\/\/www.csj-emballages.com\/wp-content\/uploads\/2024\/03\/buchenoelsucre-e1732694663977.webp\",\"datePublished\":\"2024-03-01T15:57:19+00:00\",\"dateModified\":\"2026-03-12T15:11:38+00:00\",\"description\":\"Descubra nuestras cajas para troncos de 35x11x10 cm. Elegantes y pr\u00e1cticas, \u00a1son ideales para celebrar las fiestas!\",\"breadcrumb\":{\"@id\":\"https:\/\/www.csj-emballages.com\/es\/produit\/25-cajas-de-troncos-dulce-navidad-35-x-11-x-10-cm\/#breadcrumb\"},\"inLanguage\":\"es\",\"potentialAction\":[{\"@type\":\"ReadAction\",\"target\":[\"https:\/\/www.csj-emballages.com\/es\/produit\/25-cajas-de-troncos-dulce-navidad-35-x-11-x-10-cm\/\"]}]},{\"@type\":\"ImageObject\",\"inLanguage\":\"es\",\"@id\":\"https:\/\/www.csj-emballages.com\/es\/produit\/25-cajas-de-troncos-dulce-navidad-35-x-11-x-10-cm\/#primaryimage\",\"url\":\"https:\/\/www.csj-emballages.com\/wp-content\/uploads\/2024\/03\/buchenoelsucre-e1732694663977.webp\",\"contentUrl\":\"https:\/\/www.csj-emballages.com\/wp-content\/uploads\/2024\/03\/buchenoelsucre-e1732694663977.webp\",\"width\":1088,\"height\":1089,\"caption\":\"boite a buche\"},{\"@type\":\"BreadcrumbList\",\"@id\":\"https:\/\/www.csj-emballages.com\/es\/produit\/25-cajas-de-troncos-dulce-navidad-35-x-11-x-10-cm\/#breadcrumb\",\"itemListElement\":[{\"@type\":\"ListItem\",\"position\":1,\"name\":\"Accueil\",\"item\":\"https:\/\/www.csj-emballages.com\/es\/universo-del-envasado-alimentario\/\"},{\"@type\":\"ListItem\",\"position\":2,\"name\":\"Tienda\",\"item\":\"https:\/\/www.csj-emballages.com\/tienda\/\"},{\"@type\":\"ListItem\",\"position\":3,\"name\":\"25 cajas de troncos \u00ab\u00a0Dulce Navidad\u00a0\u00bb 35 x 11 x 10 cm\"}]},{\"@type\":\"WebSite\",\"@id\":\"https:\/\/www.csj-emballages.com\/es\/#website\",\"url\":\"https:\/\/www.csj-emballages.com\/es\/\",\"name\":\"CSJ Emballages\",\"description\":\"\",\"publisher\":{\"@id\":\"https:\/\/www.csj-emballages.com\/es\/#organization\"},\"potentialAction\":[{\"@type\":\"SearchAction\",\"target\":{\"@type\":\"EntryPoint\",\"urlTemplate\":\"https:\/\/www.csj-emballages.com\/es\/?s={search_term_string}\"},\"query-input\":{\"@type\":\"PropertyValueSpecification\",\"valueRequired\":true,\"valueName\":\"search_term_string\"}}],\"inLanguage\":\"es\"},{\"@type\":\"Organization\",\"@id\":\"https:\/\/www.csj-emballages.com\/es\/#Organization\/\",\"name\":\"CSJ Emballages\",\"url\":\"https:\/\/www.csj-emballages.com\/es\/\",\"logo\":{\"@type\":\"ImageObject\",\"inLanguage\":\"es\",\"@id\":\"https:\/\/www.csj-emballages.com\/es\/#\/schema\/logo\/image\/\",\"url\":\"https:\/\/www.csj-emballages.com\/wp-content\/uploads\/2023\/10\/logo_csj.webp\",\"contentUrl\":\"https:\/\/www.csj-emballages.com\/wp-content\/uploads\/2023\/10\/logo_csj.webp\",\"width\":250,\"height\":95,\"caption\":\"CSJ Emballages\"},\"image\":{\"@id\":\"https:\/\/www.csj-emballages.com\/es\/#\/schema\/logo\/image\/\"},\"sameAs\":[\"https:\/\/www.facebook.com\/csjemballages\"],\"address\":{\"@type\":\"PostalAddress\",\"streetAddress\":\"ZI La Lechere\",\"addressLocality\":\"Patornay\",\"postalCode\":\"39130\",\"addressCountry\":\"FR\"},\"contactPoint\":[{\"@type\":\"ContactPoint\",\"contactType\":\"Service client\",\"telephone\":\"0384254272\",\"email\":\"contact@csj-emballages.com\"}]}]}<\/script>\n<!-- \/ Yoast SEO Premium plugin. -->","yoast_head_json":{"title":"Cajas de troncos 35x11x10 cm - Modelo 'Dulce Navidad","description":"Descubra nuestras cajas para troncos de 35x11x10 cm. Elegantes y pr\u00e1cticas, \u00a1son ideales para celebrar las fiestas!","robots":{"index":"index","follow":"follow","max-snippet":"max-snippet:-1","max-image-preview":"max-image-preview:large","max-video-preview":"max-video-preview:-1"},"canonical":"https:\/\/www.csj-emballages.com\/es\/produit\/25-cajas-de-troncos-dulce-navidad-35-x-11-x-10-cm\/","og_locale":"es_ES","og_type":"article","og_title":"25 cajas de troncos \"Dulce Navidad\" 35 x 11 x 10 cm","og_description":"Descubra nuestras cajas para troncos de 35x11x10 cm. Elegantes y pr\u00e1cticas, \u00a1son ideales para celebrar las fiestas!","og_url":"https:\/\/www.csj-emballages.com\/es\/produit\/25-cajas-de-troncos-dulce-navidad-35-x-11-x-10-cm\/","og_site_name":"CSJ Emballages","article_publisher":"https:\/\/www.facebook.com\/csjemballages","article_modified_time":"2026-03-12T15:11:38+00:00","og_image":[{"width":1088,"height":1089,"url":"https:\/\/www.csj-emballages.com\/wp-content\/uploads\/2024\/03\/buchenoelsucre-e1732694663977.webp","type":"image\/webp"}],"twitter_card":"summary_large_image","twitter_misc":{"Tiempo de lectura":"2 minutos"},"schema":{"@context":"https:\/\/schema.org","@graph":[{"@type":"WebPage","@id":"https:\/\/www.csj-emballages.com\/es\/produit\/25-cajas-de-troncos-dulce-navidad-35-x-11-x-10-cm\/","url":"https:\/\/www.csj-emballages.com\/es\/produit\/25-cajas-de-troncos-dulce-navidad-35-x-11-x-10-cm\/","name":"Cajas de troncos 35x11x10 cm - Modelo 'Dulce Navidad","isPartOf":{"@id":"https:\/\/www.csj-emballages.com\/es\/#website"},"primaryImageOfPage":{"@id":"https:\/\/www.csj-emballages.com\/es\/produit\/25-cajas-de-troncos-dulce-navidad-35-x-11-x-10-cm\/#primaryimage"},"image":{"@id":"https:\/\/www.csj-emballages.com\/es\/produit\/25-cajas-de-troncos-dulce-navidad-35-x-11-x-10-cm\/#primaryimage"},"thumbnailUrl":"https:\/\/www.csj-emballages.com\/wp-content\/uploads\/2024\/03\/buchenoelsucre-e1732694663977.webp","datePublished":"2024-03-01T15:57:19+00:00","dateModified":"2026-03-12T15:11:38+00:00","description":"Descubra nuestras cajas para troncos de 35x11x10 cm. Elegantes y pr\u00e1cticas, \u00a1son ideales para celebrar las fiestas!","breadcrumb":{"@id":"https:\/\/www.csj-emballages.com\/es\/produit\/25-cajas-de-troncos-dulce-navidad-35-x-11-x-10-cm\/#breadcrumb"},"inLanguage":"es","potentialAction":[{"@type":"ReadAction","target":["https:\/\/www.csj-emballages.com\/es\/produit\/25-cajas-de-troncos-dulce-navidad-35-x-11-x-10-cm\/"]}]},{"@type":"ImageObject","inLanguage":"es","@id":"https:\/\/www.csj-emballages.com\/es\/produit\/25-cajas-de-troncos-dulce-navidad-35-x-11-x-10-cm\/#primaryimage","url":"https:\/\/www.csj-emballages.com\/wp-content\/uploads\/2024\/03\/buchenoelsucre-e1732694663977.webp","contentUrl":"https:\/\/www.csj-emballages.com\/wp-content\/uploads\/2024\/03\/buchenoelsucre-e1732694663977.webp","width":1088,"height":1089,"caption":"boite a buche"},{"@type":"BreadcrumbList","@id":"https:\/\/www.csj-emballages.com\/es\/produit\/25-cajas-de-troncos-dulce-navidad-35-x-11-x-10-cm\/#breadcrumb","itemListElement":[{"@type":"ListItem","position":1,"name":"Accueil","item":"https:\/\/www.csj-emballages.com\/es\/universo-del-envasado-alimentario\/"},{"@type":"ListItem","position":2,"name":"Tienda","item":"https:\/\/www.csj-emballages.com\/tienda\/"},{"@type":"ListItem","position":3,"name":"25 cajas de troncos \u00ab\u00a0Dulce Navidad\u00a0\u00bb 35 x 11 x 10 cm"}]},{"@type":"WebSite","@id":"https:\/\/www.csj-emballages.com\/es\/#website","url":"https:\/\/www.csj-emballages.com\/es\/","name":"CSJ Emballages","description":"","publisher":{"@id":"https:\/\/www.csj-emballages.com\/es\/#organization"},"potentialAction":[{"@type":"SearchAction","target":{"@type":"EntryPoint","urlTemplate":"https:\/\/www.csj-emballages.com\/es\/?s={search_term_string}"},"query-input":{"@type":"PropertyValueSpecification","valueRequired":true,"valueName":"search_term_string"}}],"inLanguage":"es"},{"@type":"Organization","@id":"https:\/\/www.csj-emballages.com\/es\/#Organization\/","name":"CSJ Emballages","url":"https:\/\/www.csj-emballages.com\/es\/","logo":{"@type":"ImageObject","inLanguage":"es","@id":"https:\/\/www.csj-emballages.com\/es\/#\/schema\/logo\/image\/","url":"https:\/\/www.csj-emballages.com\/wp-content\/uploads\/2023\/10\/logo_csj.webp","contentUrl":"https:\/\/www.csj-emballages.com\/wp-content\/uploads\/2023\/10\/logo_csj.webp","width":250,"height":95,"caption":"CSJ Emballages"},"image":{"@id":"https:\/\/www.csj-emballages.com\/es\/#\/schema\/logo\/image\/"},"sameAs":["https:\/\/www.facebook.com\/csjemballages"],"address":{"@type":"PostalAddress","streetAddress":"ZI La Lechere","addressLocality":"Patornay","postalCode":"39130","addressCountry":"FR"},"contactPoint":[{"@type":"ContactPoint","contactType":"Service client","telephone":"0384254272","email":"contact@csj-emballages.com"}]}]}},"df_price":18.73,"df_sale_price":18.73,"df_regular_price":19.72,"df_image_link":"https:\/\/www.csj-emballages.com\/wp-content\/uploads\/2024\/03\/buchenoelsucre-300x300.webp","tiered_pricing_type":"fixed","tiered_pricing_fixed_rules":[],"tiered_pricing_percentage_rules":[],"tiered_pricing_minimum":1,"tiered_pricing_roles_data":[],"_links":{"self":[{"href":"https:\/\/www.csj-emballages.com\/es\/wp-json\/wp\/v2\/product\/19396","targetHints":{"allow":["GET"]}}],"collection":[{"href":"https:\/\/www.csj-emballages.com\/es\/wp-json\/wp\/v2\/product"}],"about":[{"href":"https:\/\/www.csj-emballages.com\/es\/wp-json\/wp\/v2\/types\/product"}],"wp:featuredmedia":[{"embeddable":true,"href":"https:\/\/www.csj-emballages.com\/es\/wp-json\/wp\/v2\/media\/187425"}],"wp:attachment":[{"href":"https:\/\/www.csj-emballages.com\/es\/wp-json\/wp\/v2\/media?parent=19396"}],"wp:term":[{"taxonomy":"product_brand","embeddable":true,"href":"https:\/\/www.csj-emballages.com\/es\/wp-json\/wp\/v2\/product_brand?post=19396"},{"taxonomy":"product_cat","embeddable":true,"href":"https:\/\/www.csj-emballages.com\/es\/wp-json\/wp\/v2\/product_cat?post=19396"},{"taxonomy":"product_tag","embeddable":true,"href":"https:\/\/www.csj-emballages.com\/es\/wp-json\/wp\/v2\/product_tag?post=19396"}],"curies":[{"name":"wp","href":"https:\/\/api.w.org\/{rel}","templated":true}]}}