{"id":19395,"date":"2024-03-01T16:57:20","date_gmt":"2024-03-01T15:57:20","guid":{"rendered":"https:\/\/u15jnbdpoq.preview.infomaniak.website\/produit\/25-cajas-de-troncos-mi-tronco-35-x-11-x-10-cm\/"},"modified":"2026-04-09T02:11:54","modified_gmt":"2026-04-09T00:11:54","slug":"25-cajas-de-troncos-mi-tronco-35-x-11-x-10-cm","status":"publish","type":"product","link":"https:\/\/www.csj-emballages.com\/es\/produit\/25-cajas-de-troncos-mi-tronco-35-x-11-x-10-cm\/","title":{"rendered":"Caja de troncos \u00abMa b\u00fbche\u00bb 35 x 11 x 10 cm, paquete de 25"},"content":{"rendered":"<div style=\"font-family: Roboto, sans-serif;\">\n<div style=\"font-family: Roboto, sans-serif;\">\n<div style=\"font-family: Roboto, sans-serif;\">\n<div style=\"font-family: Roboto, sans-serif;\">\n<div style=\"font-family: Roboto, sans-serif;\">\n<div style=\"font-family: Roboto, sans-serif;\">\n<div style=\"font-family: Roboto, sans-serif;\">\n<div style=\"font-family: Roboto, sans-serif;\">\n<div style=\"font-family: Roboto, sans-serif;\">\n<div style=\"font-family: Roboto, sans-serif;\">\n<div style=\"font-family: Roboto, sans-serif;\">\n<div style=\"font-family: Roboto, sans-serif;\">\n<div style=\"font-family: Roboto, sans-serif;\">\n<div class=\"flex flex-grow flex-col max-w-full\">\n<div class=\"min-h-[20px] text-message flex flex-col items-start whitespace-pre-wrap break-words [.text-message+&amp;]:mt-5 juice:w-full juice:items-end overflow-x-auto gap-2\" dir=\"auto\" data-message-author-role=\"assistant\" data-message-id=\"2034782e-88f9-44ef-b4dc-07dd7bf0115f\">\n<div class=\"flex w-full flex-col gap-1 juice:empty:hidden juice:first:pt-[3px]\">\n<div class=\"markdown prose w-full break-words dark:prose-invert light\">\n<div style=\"font-family: Roboto, sans-serif;\">\n<div style=\"font-family: Roboto, sans-serif;\">\n<div style=\"font-family: Roboto, sans-serif;\">\n<div style=\"font-family: Roboto, sans-serif;\">\n<div style=\"font-family: Roboto, sans-serif;\">\n<div style=\"font-family: Roboto, sans-serif;\">\n<h2>Caja de registro<\/h2>\n<div style=\"font-family: Roboto, sans-serif;\">\n<div style=\"font-family: Roboto, sans-serif;\">\n<div style=\"font-family: Roboto, sans-serif;\">\n<div style=\"text-align: center;\">\n<div style=\"font-family: Roboto, sans-serif;\">\n<div style=\"font-family: Roboto, sans-serif;\">\n<div style=\"font-family: Roboto, sans-serif;\">\n<div style=\"font-family: Roboto, sans-serif;\">\n<div style=\"font-family: Roboto, sans-serif;\">\n<div style=\"font-family: Roboto, sans-serif; text-align: left;\">\n<hr>\n<h3 style=\"text-align: left;\">Descripci\u00f3n de nuestra caja de troncos \u00abMa B\u00fbche\u00bb 35x11x10 cm<!--more--><\/h3>\n<\/div>\n<\/div>\n<\/div>\n<\/div>\n<\/div>\n<\/div>\n<\/div>\n<\/div>\n<\/div>\n<\/div>\n<\/div>\n<\/div>\n<\/div>\n<\/div>\n<\/div>\n<\/div>\n<\/div>\n<\/div>\n<\/div>\n<\/div>\n<\/div>\n<\/div>\n<\/div>\n<\/div>\n<\/div>\n<\/div>\n<\/div>\n<\/div>\n<\/div>\n<\/div>\n<\/div>\n<\/div>\n<\/div>\n<p>La <strong>caja para troncos \u00abMa b\u00fbche<\/strong> \u00bb es el accesorio indispensable para presentar sus creaciones navide\u00f1as gourmet. Con unas dimensiones <strong>de 35 x 11 x 10 cm<\/strong>, esta <strong>caja de tron<\/strong> cos se adapta perfectamente a los formatos est\u00e1ndar de troncos. Presentada en lotes de <strong>25 unidades<\/strong>, le permitir\u00e1 guardar de forma pr\u00e1ctica y sencilla todas sus preparaciones. Tanto si es un pastelero profesional como un aficionado apasionado, esta <strong>caja para troncos de<\/strong> Navidad le conquistar\u00e1 por su dise\u00f1o sobrio y elegante.   <\/p>\n<p>Fabricada con materiales de calidad, la <strong>caja<\/strong> <strong>\u00abMa b\u00fbche<\/strong> \u00bb es fuerte y resistente. Protege sus postres durante el transporte, garantizando su frescura hasta el momento de la degustaci\u00f3n. En esta \u00e9poca festiva del a\u00f1o, cada detalle cuenta para sacar lo mejor de sus creaciones. Con la <strong>caja buche Noel<\/strong>, puede estar seguro de una presentaci\u00f3n impecable, incluso durante un transporte prolongado. Ideal para el almacenamiento y la exposici\u00f3n, se adapta a las necesidades de los pasteleros y responde a las expectativas de los clientes m\u00e1s exigentes.    <\/p>\n<p>&nbsp;<\/p>\n<p><!--more--><\/p>\n<h4>\u00bfPor qu\u00e9 utilizar nuestra caja de registro?<\/h4>\n<p>Adem\u00e1s, su elegante dise\u00f1o combina a la perfecci\u00f3n con todos los estilos de decoraci\u00f3n festiva. Esta <strong>caja de troncos de Navidad<\/strong> es una apuesta segura para las fiestas. El cart\u00f3n utilizado es resistente y cumple las normas de envasado alimentario. Por tanto, la <strong>caja<\/strong> <strong>\u00abMa b\u00fbche<\/strong> \u00bb no s\u00f3lo es bonita, sino tambi\u00e9n segura para sus alimentos. Es f\u00e1cil de montar y ahorra tiempo de preparaci\u00f3n. Adem\u00e1s, es f\u00e1cil de guardar gracias a su formato apilable.     <\/p>\n<p>En un paquete de <strong>25<\/strong> unidades, cada <strong>lata<\/strong> ofrece capacidad de sobra para sus mejores creaciones dulces. El color neutro de esta <strong>lata de troncos de<\/strong> Navidad realza los tonos gourmet y festivos de sus postres. Sus clientes quedar\u00e1n inmediatamente seducidos por la cuidada presentaci\u00f3n y la elegancia de sus troncos de Navidad. La <strong>caja de Navidad<\/strong> <strong>\u00abMa b\u00fbche<\/strong> \u00bb es la elecci\u00f3n perfecta para garantizar la satisfacci\u00f3n y fidelidad de sus clientes.   <\/p>\n<p>&nbsp;<\/p>\n<p><!--more--><\/p>\n<div style=\"font-family: Roboto, sans-serif;\">\n<div style=\"font-family: Roboto, sans-serif;\">\n<div style=\"font-family: Roboto, sans-serif;\">\n<div style=\"font-family: Roboto, sans-serif;\">\n<div style=\"font-family: Roboto, sans-serif;\">\n<div style=\"font-family: Roboto, sans-serif;\">\n<div style=\"font-family: Roboto, sans-serif;\">\n<div style=\"font-family: Roboto, sans-serif;\">\n<div style=\"font-family: Roboto, sans-serif;\">\n<div style=\"font-family: Roboto, sans-serif;\">\n<div style=\"font-family: Roboto, sans-serif;\">\n<div style=\"font-family: Roboto, sans-serif;\">\n<div style=\"font-family: Roboto, sans-serif;\">\n<div class=\"flex flex-grow flex-col max-w-full\">\n<div class=\"min-h-[20px] text-message flex flex-col items-start whitespace-pre-wrap break-words [.text-message+&amp;]:mt-5 juice:w-full juice:items-end overflow-x-auto gap-2\" dir=\"auto\" data-message-author-role=\"assistant\" data-message-id=\"2034782e-88f9-44ef-b4dc-07dd7bf0115f\">\n<div class=\"flex w-full flex-col gap-1 juice:empty:hidden juice:first:pt-[3px]\">\n<div class=\"markdown prose w-full break-words dark:prose-invert light\">\n<div style=\"font-family: Roboto, sans-serif;\">\n<div style=\"font-family: Roboto, sans-serif;\">\n<div style=\"font-family: Roboto, sans-serif;\">\n<div style=\"font-family: Roboto, sans-serif;\">\n<div style=\"font-family: Roboto, sans-serif;\">\n<div style=\"font-family: Roboto, sans-serif;\">\n<p>Por \u00faltimo, esta <strong>caja<\/strong> es una ventaja para las ventas de fin de a\u00f1o. Maximiza el atractivo de sus creaciones para los clientes. Con la <strong>caja buche de Noel<\/strong>, \u00a1sus pasteles se convertir\u00e1n en aut\u00e9nticos regalos!  <\/p>\n<p>&nbsp;<\/p>\n<p><!--more--><\/p>\n<h4 style=\"text-align: left;\"><strong>Las ventajas de nuestra <\/strong>caja de troncos \u00abMa B\u00fbche\u00bb <strong>35 x 11 x 10 cm<\/strong> <strong>:<\/strong><\/h4>\n<ul style=\"text-align: left;\">\n<li><strong>El tama\u00f1o adecuado<\/strong>: <strong>35 x 11 x 10 cm<\/strong>, perfecto para un tronco grande.<\/li>\n<li><strong>Dise\u00f1o festivo<\/strong>: Con su est\u00e9tica de inspiraci\u00f3n navide\u00f1a, este <strong>molde<\/strong> a\u00f1ade un toque de magia a tus postres.<\/li>\n<li><strong>Protecci\u00f3n \u00f3ptima<\/strong>: La <strong>caja<\/strong> est\u00e1 provista de un cierre seguro, que protege eficazmente tu tronco durante el transporte o el almacenamiento.<\/li>\n<li><strong>Practicidad<\/strong>: Su dise\u00f1o hace que sea f\u00e1cil de manejar y de presentar.<\/li>\n<\/ul>\n<\/div>\n<\/div>\n<\/div>\n<\/div>\n<\/div>\n<\/div>\n<\/div>\n<\/div>\n<\/div>\n<\/div>\n<\/div>\n<\/div>\n<p>&nbsp;<\/p>\n<\/div>\n<\/div>\n<\/div>\n<\/div>\n<\/div>\n<\/div>\n<\/div>\n<\/div>\n<\/div>\n<\/div>\n<\/div>\n<p><!--more--><\/p>\n<h4>Otra informaci\u00f3n sobre este producto:<\/h4>\n<ul style=\"font-family: Roboto, sans-serif;\">\n<li><strong>Envase<\/strong>: Paquete de 25<\/li>\n<li><span style=\"font-weight: bold;\">Dimensiones<\/span>: 35 x 11 x 10 cm (largo x ancho x alto)<\/li>\n<li><strong>Material<\/strong>: Cart\u00f3n<\/li>\n<\/ul>\n<p>&nbsp;<\/p>\n<p><!--more--><\/p>\n<p>Este producto est\u00e1 disponible en varios tama\u00f1os: <span style=\"color: #d12727;\"><a style=\"color: #d12727;\" href=\"https:\/\/www.csj-emballages.com\/produit\/25-boites-a-buche-ma-buche-20-x-11-x-10-cm\/\">20 x 11 x 10 cm<\/a><\/span> \/ <span style=\"color: #d12727;\"><a style=\"color: #d12727;\" href=\"https:\/\/www.csj-emballages.com\/produit\/25-boites-a-buche-ma-buche-25-x-11-x-10-cm\/\">25 x 11 x 10 cm<\/a><\/span> \/ <span style=\"color: #d12727;\"><a style=\"color: #d12727;\" href=\"https:\/\/www.csj-emballages.com\/produit\/25-boites-a-buche-ma-buche-30-x-11-x-10-cm\/\">30 x 11 x 10 cm<\/a><\/span> \/ <span style=\"color: #d12727;\"><a style=\"color: #d12727;\" href=\"https:\/\/www.csj-emballages.com\/produit\/25-boites-a-buche-ma-buche-40-x-11-x-10-cm\/\">40x11x10 cm<\/a><\/span><\/p>\n<p>&nbsp;<\/p>\n<p><!--more--><\/p>\n<p><a href=\"https:\/\/www.csj-emballages.com\/es\/categorie-produit\/envasado-de-alimentos\/panaderia-y-pasteleria\/cajas-y-estuches\/cajas-de-troncos\/cajas-de-troncos-ma-buche\/\">Ver el resto de nuestra gama de cajas de troncos \u00abMa B\u00fbche<\/a><\/p>\n<p>&nbsp;<\/p>\n","protected":false},"excerpt":{"rendered":"<p>Caja de registro Descripci\u00f3n de nuestra caja de troncos \u00abMa B\u00fbche\u00bb 35x11x10 cm<\/p>\n","protected":false},"featured_media":8949,"template":"","meta":{"_acf_changed":false},"product_brand":[],"product_cat":[1150,1145,2085,2103,1270],"product_tag":[],"class_list":{"0":"post-19395","1":"product","2":"type-product","3":"status-publish","4":"has-post-thumbnail","6":"product_cat-envasado-de-alimentos","7":"product_cat-panaderia-y-pasteleria","8":"product_cat-cajas-de-troncos","9":"product_cat-cajas-de-troncos-ma-buche","10":"product_cat-descuentos","12":"first","13":"instock","14":"sale","15":"taxable","16":"shipping-taxable","17":"purchasable","18":"product-type-simple"},"acf":[],"yoast_head":"<!-- This site is optimized with the Yoast SEO Premium plugin v26.6 (Yoast SEO v26.6) - https:\/\/yoast.com\/wordpress\/plugins\/seo\/ -->\n<title>Caja de troncos 35x11x10 cm - modelo &quot;Ma B\u00fbche<\/title>\n<meta name=\"description\" content=\"Descubra nuestra caja de troncos de 35x11x10 cm. Elegante y pr\u00e1ctico, \u00a1es ideal para celebrar las fiestas!\" \/>\n<meta name=\"robots\" content=\"index, follow, max-snippet:-1, max-image-preview:large, max-video-preview:-1\" \/>\n<link rel=\"canonical\" href=\"https:\/\/www.csj-emballages.com\/es\/produit\/25-cajas-de-troncos-mi-tronco-35-x-11-x-10-cm\/\" \/>\n<meta property=\"og:locale\" content=\"es_ES\" \/>\n<meta property=\"og:type\" content=\"article\" \/>\n<meta property=\"og:title\" content=\"Caja de troncos 35x11x10 cm - modelo &quot;Ma B\u00fbche\" \/>\n<meta property=\"og:description\" content=\"Descubra nuestra caja de troncos de 35x11x10 cm. Elegante y pr\u00e1ctico, \u00a1es ideal para celebrar las fiestas!\" \/>\n<meta property=\"og:url\" content=\"https:\/\/www.csj-emballages.com\/es\/produit\/25-cajas-de-troncos-mi-tronco-35-x-11-x-10-cm\/\" \/>\n<meta property=\"og:site_name\" content=\"CSJ Emballages\" \/>\n<meta property=\"article:publisher\" content=\"https:\/\/www.facebook.com\/csjemballages\" \/>\n<meta property=\"article:modified_time\" content=\"2026-04-09T00:11:54+00:00\" \/>\n<meta property=\"og:image\" content=\"https:\/\/www.csj-emballages.com\/wp-content\/uploads\/2024\/03\/boite-buche-colore-ma-buche-carton-noel-rectangle-qualite-grossiste-csj-emba-2-jpg.webp\" \/>\n\t<meta property=\"og:image:width\" content=\"800\" \/>\n\t<meta property=\"og:image:height\" content=\"800\" \/>\n\t<meta property=\"og:image:type\" content=\"image\/jpeg\" \/>\n<meta name=\"twitter:card\" content=\"summary_large_image\" \/>\n<meta name=\"twitter:title\" content=\"Caja de troncos 35x11x10 cm - modelo &quot;Ma B\u00fbche\" \/>\n<meta name=\"twitter:description\" content=\"Descubra nuestra caja de troncos de 35x11x10 cm. Elegante y pr\u00e1ctico, \u00a1es ideal para celebrar las fiestas!\" \/>\n<meta name=\"twitter:label1\" content=\"Tiempo de lectura\" \/>\n\t<meta name=\"twitter:data1\" content=\"3 minutos\" \/>\n<script type=\"application\/ld+json\" class=\"yoast-schema-graph\">{\"@context\":\"https:\/\/schema.org\",\"@graph\":[{\"@type\":\"WebPage\",\"@id\":\"https:\/\/www.csj-emballages.com\/es\/produit\/25-cajas-de-troncos-mi-tronco-35-x-11-x-10-cm\/\",\"url\":\"https:\/\/www.csj-emballages.com\/es\/produit\/25-cajas-de-troncos-mi-tronco-35-x-11-x-10-cm\/\",\"name\":\"Caja de troncos 35x11x10 cm - modelo \\\"Ma B\u00fbche\",\"isPartOf\":{\"@id\":\"https:\/\/www.csj-emballages.com\/es\/#website\"},\"primaryImageOfPage\":{\"@id\":\"https:\/\/www.csj-emballages.com\/es\/produit\/25-cajas-de-troncos-mi-tronco-35-x-11-x-10-cm\/#primaryimage\"},\"image\":{\"@id\":\"https:\/\/www.csj-emballages.com\/es\/produit\/25-cajas-de-troncos-mi-tronco-35-x-11-x-10-cm\/#primaryimage\"},\"thumbnailUrl\":\"https:\/\/www.csj-emballages.com\/wp-content\/uploads\/2024\/03\/boite-buche-colore-ma-buche-carton-noel-rectangle-qualite-grossiste-csj-emba-2-jpg.webp\",\"datePublished\":\"2024-03-01T15:57:20+00:00\",\"dateModified\":\"2026-04-09T00:11:54+00:00\",\"description\":\"Descubra nuestra caja de troncos de 35x11x10 cm. Elegante y pr\u00e1ctico, \u00a1es ideal para celebrar las fiestas!\",\"breadcrumb\":{\"@id\":\"https:\/\/www.csj-emballages.com\/es\/produit\/25-cajas-de-troncos-mi-tronco-35-x-11-x-10-cm\/#breadcrumb\"},\"inLanguage\":\"es\",\"potentialAction\":[{\"@type\":\"ReadAction\",\"target\":[\"https:\/\/www.csj-emballages.com\/es\/produit\/25-cajas-de-troncos-mi-tronco-35-x-11-x-10-cm\/\"]}]},{\"@type\":\"ImageObject\",\"inLanguage\":\"es\",\"@id\":\"https:\/\/www.csj-emballages.com\/es\/produit\/25-cajas-de-troncos-mi-tronco-35-x-11-x-10-cm\/#primaryimage\",\"url\":\"https:\/\/www.csj-emballages.com\/wp-content\/uploads\/2024\/03\/boite-buche-colore-ma-buche-carton-noel-rectangle-qualite-grossiste-csj-emba-2-jpg.webp\",\"contentUrl\":\"https:\/\/www.csj-emballages.com\/wp-content\/uploads\/2024\/03\/boite-buche-colore-ma-buche-carton-noel-rectangle-qualite-grossiste-csj-emba-2-jpg.webp\",\"width\":800,\"height\":800,\"caption\":\"bo\u00eetes \u00e0 b\u00fbche 35x11x10 cm\"},{\"@type\":\"BreadcrumbList\",\"@id\":\"https:\/\/www.csj-emballages.com\/es\/produit\/25-cajas-de-troncos-mi-tronco-35-x-11-x-10-cm\/#breadcrumb\",\"itemListElement\":[{\"@type\":\"ListItem\",\"position\":1,\"name\":\"Accueil\",\"item\":\"https:\/\/www.csj-emballages.com\/es\/universo-del-envasado-alimentario\/\"},{\"@type\":\"ListItem\",\"position\":2,\"name\":\"Tienda\",\"item\":\"https:\/\/www.csj-emballages.com\/tienda\/\"},{\"@type\":\"ListItem\",\"position\":3,\"name\":\"Caja de troncos \u00ab\u00a0Ma b\u00fbche\u00a0\u00bb 35 x 11 x 10 cm, paquete de 25\"}]},{\"@type\":\"WebSite\",\"@id\":\"https:\/\/www.csj-emballages.com\/es\/#website\",\"url\":\"https:\/\/www.csj-emballages.com\/es\/\",\"name\":\"CSJ Emballages\",\"description\":\"\",\"publisher\":{\"@id\":\"https:\/\/www.csj-emballages.com\/es\/#organization\"},\"potentialAction\":[{\"@type\":\"SearchAction\",\"target\":{\"@type\":\"EntryPoint\",\"urlTemplate\":\"https:\/\/www.csj-emballages.com\/es\/?s={search_term_string}\"},\"query-input\":{\"@type\":\"PropertyValueSpecification\",\"valueRequired\":true,\"valueName\":\"search_term_string\"}}],\"inLanguage\":\"es\"},{\"@type\":\"Organization\",\"@id\":\"https:\/\/www.csj-emballages.com\/es\/#Organization\/\",\"name\":\"CSJ Emballages\",\"url\":\"https:\/\/www.csj-emballages.com\/es\/\",\"logo\":{\"@type\":\"ImageObject\",\"inLanguage\":\"es\",\"@id\":\"https:\/\/www.csj-emballages.com\/es\/#\/schema\/logo\/image\/\",\"url\":\"https:\/\/www.csj-emballages.com\/wp-content\/uploads\/2023\/10\/logo_csj.webp\",\"contentUrl\":\"https:\/\/www.csj-emballages.com\/wp-content\/uploads\/2023\/10\/logo_csj.webp\",\"width\":250,\"height\":95,\"caption\":\"CSJ Emballages\"},\"image\":{\"@id\":\"https:\/\/www.csj-emballages.com\/es\/#\/schema\/logo\/image\/\"},\"sameAs\":[\"https:\/\/www.facebook.com\/csjemballages\"],\"address\":{\"@type\":\"PostalAddress\",\"streetAddress\":\"ZI La Lechere\",\"addressLocality\":\"Patornay\",\"postalCode\":\"39130\",\"addressCountry\":\"FR\"},\"contactPoint\":[{\"@type\":\"ContactPoint\",\"contactType\":\"Service client\",\"telephone\":\"0384254272\",\"email\":\"contact@csj-emballages.com\"}]}]}<\/script>\n<!-- \/ Yoast SEO Premium plugin. -->","yoast_head_json":{"title":"Caja de troncos 35x11x10 cm - modelo \"Ma B\u00fbche","description":"Descubra nuestra caja de troncos de 35x11x10 cm. Elegante y pr\u00e1ctico, \u00a1es ideal para celebrar las fiestas!","robots":{"index":"index","follow":"follow","max-snippet":"max-snippet:-1","max-image-preview":"max-image-preview:large","max-video-preview":"max-video-preview:-1"},"canonical":"https:\/\/www.csj-emballages.com\/es\/produit\/25-cajas-de-troncos-mi-tronco-35-x-11-x-10-cm\/","og_locale":"es_ES","og_type":"article","og_title":"Caja de troncos 35x11x10 cm - modelo \"Ma B\u00fbche","og_description":"Descubra nuestra caja de troncos de 35x11x10 cm. Elegante y pr\u00e1ctico, \u00a1es ideal para celebrar las fiestas!","og_url":"https:\/\/www.csj-emballages.com\/es\/produit\/25-cajas-de-troncos-mi-tronco-35-x-11-x-10-cm\/","og_site_name":"CSJ Emballages","article_publisher":"https:\/\/www.facebook.com\/csjemballages","article_modified_time":"2026-04-09T00:11:54+00:00","og_image":[{"width":800,"height":800,"url":"https:\/\/www.csj-emballages.com\/wp-content\/uploads\/2024\/03\/boite-buche-colore-ma-buche-carton-noel-rectangle-qualite-grossiste-csj-emba-2-jpg.webp","type":"image\/jpeg"}],"twitter_card":"summary_large_image","twitter_title":"Caja de troncos 35x11x10 cm - modelo \"Ma B\u00fbche","twitter_description":"Descubra nuestra caja de troncos de 35x11x10 cm. Elegante y pr\u00e1ctico, \u00a1es ideal para celebrar las fiestas!","twitter_misc":{"Tiempo de lectura":"3 minutos"},"schema":{"@context":"https:\/\/schema.org","@graph":[{"@type":"WebPage","@id":"https:\/\/www.csj-emballages.com\/es\/produit\/25-cajas-de-troncos-mi-tronco-35-x-11-x-10-cm\/","url":"https:\/\/www.csj-emballages.com\/es\/produit\/25-cajas-de-troncos-mi-tronco-35-x-11-x-10-cm\/","name":"Caja de troncos 35x11x10 cm - modelo \"Ma B\u00fbche","isPartOf":{"@id":"https:\/\/www.csj-emballages.com\/es\/#website"},"primaryImageOfPage":{"@id":"https:\/\/www.csj-emballages.com\/es\/produit\/25-cajas-de-troncos-mi-tronco-35-x-11-x-10-cm\/#primaryimage"},"image":{"@id":"https:\/\/www.csj-emballages.com\/es\/produit\/25-cajas-de-troncos-mi-tronco-35-x-11-x-10-cm\/#primaryimage"},"thumbnailUrl":"https:\/\/www.csj-emballages.com\/wp-content\/uploads\/2024\/03\/boite-buche-colore-ma-buche-carton-noel-rectangle-qualite-grossiste-csj-emba-2-jpg.webp","datePublished":"2024-03-01T15:57:20+00:00","dateModified":"2026-04-09T00:11:54+00:00","description":"Descubra nuestra caja de troncos de 35x11x10 cm. Elegante y pr\u00e1ctico, \u00a1es ideal para celebrar las fiestas!","breadcrumb":{"@id":"https:\/\/www.csj-emballages.com\/es\/produit\/25-cajas-de-troncos-mi-tronco-35-x-11-x-10-cm\/#breadcrumb"},"inLanguage":"es","potentialAction":[{"@type":"ReadAction","target":["https:\/\/www.csj-emballages.com\/es\/produit\/25-cajas-de-troncos-mi-tronco-35-x-11-x-10-cm\/"]}]},{"@type":"ImageObject","inLanguage":"es","@id":"https:\/\/www.csj-emballages.com\/es\/produit\/25-cajas-de-troncos-mi-tronco-35-x-11-x-10-cm\/#primaryimage","url":"https:\/\/www.csj-emballages.com\/wp-content\/uploads\/2024\/03\/boite-buche-colore-ma-buche-carton-noel-rectangle-qualite-grossiste-csj-emba-2-jpg.webp","contentUrl":"https:\/\/www.csj-emballages.com\/wp-content\/uploads\/2024\/03\/boite-buche-colore-ma-buche-carton-noel-rectangle-qualite-grossiste-csj-emba-2-jpg.webp","width":800,"height":800,"caption":"bo\u00eetes \u00e0 b\u00fbche 35x11x10 cm"},{"@type":"BreadcrumbList","@id":"https:\/\/www.csj-emballages.com\/es\/produit\/25-cajas-de-troncos-mi-tronco-35-x-11-x-10-cm\/#breadcrumb","itemListElement":[{"@type":"ListItem","position":1,"name":"Accueil","item":"https:\/\/www.csj-emballages.com\/es\/universo-del-envasado-alimentario\/"},{"@type":"ListItem","position":2,"name":"Tienda","item":"https:\/\/www.csj-emballages.com\/tienda\/"},{"@type":"ListItem","position":3,"name":"Caja de troncos \u00ab\u00a0Ma b\u00fbche\u00a0\u00bb 35 x 11 x 10 cm, paquete de 25"}]},{"@type":"WebSite","@id":"https:\/\/www.csj-emballages.com\/es\/#website","url":"https:\/\/www.csj-emballages.com\/es\/","name":"CSJ Emballages","description":"","publisher":{"@id":"https:\/\/www.csj-emballages.com\/es\/#organization"},"potentialAction":[{"@type":"SearchAction","target":{"@type":"EntryPoint","urlTemplate":"https:\/\/www.csj-emballages.com\/es\/?s={search_term_string}"},"query-input":{"@type":"PropertyValueSpecification","valueRequired":true,"valueName":"search_term_string"}}],"inLanguage":"es"},{"@type":"Organization","@id":"https:\/\/www.csj-emballages.com\/es\/#Organization\/","name":"CSJ Emballages","url":"https:\/\/www.csj-emballages.com\/es\/","logo":{"@type":"ImageObject","inLanguage":"es","@id":"https:\/\/www.csj-emballages.com\/es\/#\/schema\/logo\/image\/","url":"https:\/\/www.csj-emballages.com\/wp-content\/uploads\/2023\/10\/logo_csj.webp","contentUrl":"https:\/\/www.csj-emballages.com\/wp-content\/uploads\/2023\/10\/logo_csj.webp","width":250,"height":95,"caption":"CSJ Emballages"},"image":{"@id":"https:\/\/www.csj-emballages.com\/es\/#\/schema\/logo\/image\/"},"sameAs":["https:\/\/www.facebook.com\/csjemballages"],"address":{"@type":"PostalAddress","streetAddress":"ZI La Lechere","addressLocality":"Patornay","postalCode":"39130","addressCountry":"FR"},"contactPoint":[{"@type":"ContactPoint","contactType":"Service client","telephone":"0384254272","email":"contact@csj-emballages.com"}]}]}},"df_price":16.15,"df_sale_price":16.15,"df_regular_price":20.18,"df_image_link":"https:\/\/www.csj-emballages.com\/wp-content\/uploads\/2024\/03\/boite-buche-colore-ma-buche-carton-noel-rectangle-qualite-grossiste-csj-emba-2-300x300.webp","tiered_pricing_type":"fixed","tiered_pricing_fixed_rules":[],"tiered_pricing_percentage_rules":[],"tiered_pricing_minimum":1,"tiered_pricing_roles_data":[],"_links":{"self":[{"href":"https:\/\/www.csj-emballages.com\/es\/wp-json\/wp\/v2\/product\/19395","targetHints":{"allow":["GET"]}}],"collection":[{"href":"https:\/\/www.csj-emballages.com\/es\/wp-json\/wp\/v2\/product"}],"about":[{"href":"https:\/\/www.csj-emballages.com\/es\/wp-json\/wp\/v2\/types\/product"}],"wp:featuredmedia":[{"embeddable":true,"href":"https:\/\/www.csj-emballages.com\/es\/wp-json\/wp\/v2\/media\/8949"}],"wp:attachment":[{"href":"https:\/\/www.csj-emballages.com\/es\/wp-json\/wp\/v2\/media?parent=19395"}],"wp:term":[{"taxonomy":"product_brand","embeddable":true,"href":"https:\/\/www.csj-emballages.com\/es\/wp-json\/wp\/v2\/product_brand?post=19395"},{"taxonomy":"product_cat","embeddable":true,"href":"https:\/\/www.csj-emballages.com\/es\/wp-json\/wp\/v2\/product_cat?post=19395"},{"taxonomy":"product_tag","embeddable":true,"href":"https:\/\/www.csj-emballages.com\/es\/wp-json\/wp\/v2\/product_tag?post=19395"}],"curies":[{"name":"wp","href":"https:\/\/api.w.org\/{rel}","templated":true}]}}