{"id":19371,"date":"2024-03-01T16:57:19","date_gmt":"2024-03-01T15:57:19","guid":{"rendered":"https:\/\/u15jnbdpoq.preview.infomaniak.website\/produit\/25-cajas-de-troncos-dulce-navidad-20-x-11-x-10-cm\/"},"modified":"2026-03-12T16:11:34","modified_gmt":"2026-03-12T15:11:34","slug":"25-cajas-de-troncos-dulce-navidad-20-x-11-x-10-cm","status":"publish","type":"product","link":"https:\/\/www.csj-emballages.com\/es\/produit\/25-cajas-de-troncos-dulce-navidad-20-x-11-x-10-cm\/","title":{"rendered":"Caja para tronco navide\u00f1o \u00abNavidad dulce\u00bb 20 x 11 x 10 cm, pack de 25"},"content":{"rendered":"<h2>Caja de registro<\/h2>\n<hr>\n<h3>Descubra nuestra caja para tronco navide\u00f1o \u00abNavidad dulce\u00bb 20 x 11 x 10 cm, pack de 25<\/h3>\n<p><!--more--><\/p>\n<p>Descubra las <strong>cajas para tronco navide\u00f1o<\/strong> 20x11x10 cm \u00abNavidad Dulce\u00bb, una elecci\u00f3n perfecta para realzar sus creaciones navide\u00f1as. De hecho, con sus dimensiones ideales de 20x11x10 cm, ofrecen un espacio perfecto para albergar sus troncos de Navidad. Fabricadas en cart\u00f3n, protegen sus postres a la vez que les dan una presentaci\u00f3n cuidada. El dise\u00f1o cuidado de esta <strong>caja para tronco de Navidad<\/strong> resalta cada detalle de su tronco, a\u00f1adiendo un toque refinado a su mesa festiva. Pr\u00e1cticas, se abren f\u00e1cilmente, permitiendo una manipulaci\u00f3n sencilla y r\u00e1pida. Sus colores festivos aportan un ambiente c\u00e1lido a sus celebraciones.     <\/p>\n<p>Deje que sus postres brillen en estas cajas a la vez est\u00e9ticas y funcionales. Una soluci\u00f3n perfecta para transportar sus troncos con total seguridad, sin comprometer su belleza. Con las cajas \u00abNavidad Dulce\u00bb, sus postres se convierten en el centro de atenci\u00f3n de cada comida. Sorprenda a sus invitados con una presentaci\u00f3n digna de los m\u00e1s grandes chefs pasteleros.   <\/p>\n<p>&nbsp;<\/p>\n<p><!--more--><\/p>\n<p>Ideales para las fiestas, estas cajas de troncos de 20x11x10 cm tambi\u00e9n son una excelente opci\u00f3n para regalar como postre.<\/p>\n<p>&nbsp;<\/p>\n<p><!--more--><\/p>\n<p><strong>Ventajas :<\/strong><\/p>\n<ul>\n<li><strong>Dimensiones ideales<\/strong>: Con 20x11x10 cm, se adaptan perfectamente a los troncos peque\u00f1os.<\/li>\n<li><strong>Protecci\u00f3n \u00f3ptima<\/strong>: Protegen eficazmente tus troncos durante el transporte, evitando cualquier da\u00f1o.<\/li>\n<li><strong>Cierre seguro<\/strong>: El pr\u00e1ctico sistema de cierre garantiza que tus postres permanezcan intactos hasta que est\u00e9n listos para comer.<\/li>\n<li><strong>Versatilidad<\/strong>: Perfectas tanto para profesionales como para aficionados, pueden adaptarse a una gran variedad de ocasiones.<\/li>\n<\/ul>\n<p>&nbsp;<\/p>\n<p><!--more--><\/p>\n<h4>Informaci\u00f3n adicional :<\/h4>\n<ul>\n<li><strong>Envase<\/strong>: Paquete de 25<\/li>\n<li><strong>Material<\/strong>: Cart\u00f3n<\/li>\n<li><strong>Dimensiones<\/strong>: 20 x 11 x 10 cm (largo x ancho x alto)<\/li>\n<\/ul>\n<p>&nbsp;<\/p>\n<p><!--more--><\/p>\n<p>Este producto est\u00e1 disponible en varios tama\u00f1os: <span style=\"color: #d12727;\"><a style=\"color: #d12727;\" href=\"https:\/\/www.csj-emballages.com\/es\/produit\/25-cajas-de-troncos-dulce-navidad-25-x-11-x-10-cm\/\">25 x 11 x 10 cm<\/a><\/span> \/ <span style=\"color: #d12727;\"><a style=\"color: #d12727;\" href=\"https:\/\/www.csj-emballages.com\/produit\/25-boites-a-buche-noel-sucre-30-x-11-x-10-cm\/\">30 x 11 x 10 cm<\/a><\/span> \/ <span style=\"color: #d12727;\"><a style=\"color: #d12727;\" href=\"https:\/\/www.csj-emballages.com\/es\/produit\/25-cajas-de-troncos-dulce-navidad-35-x-11-x-10-cm\/\">35 x 11 x 10 cm<\/a><\/span><\/p>\n<p>&nbsp;<\/p>\n<p><!--more--><\/p>\n<p><a href=\"https:\/\/www.csj-emballages.com\/es\/categorie-produit\/envasado-de-alimentos\/panaderia-y-pasteleria\/cajas-y-estuches\/cajas-de-troncos\/dulces-cajas-de-troncos-de-navidad\/\">Ver el resto de nuestra gama de cajas de troncos \u00abDulce Navidad<\/a><\/p>\n<p>&nbsp;<\/p>\n","protected":false},"excerpt":{"rendered":"<p>Caja de registro Descubra nuestra caja para tronco navide\u00f1o \u00abNavidad dulce\u00bb 20 x 11 x 10 cm, pack de 25<\/p>\n","protected":false},"featured_media":187425,"template":"","meta":{"_acf_changed":false},"product_brand":[],"product_cat":[1150,1145,2085,2104,1270],"product_tag":[],"class_list":{"0":"post-19371","1":"product","2":"type-product","3":"status-publish","4":"has-post-thumbnail","6":"product_cat-envasado-de-alimentos","7":"product_cat-panaderia-y-pasteleria","8":"product_cat-cajas-de-troncos","9":"product_cat-dulces-cajas-de-troncos-de-navidad","10":"product_cat-descuentos","12":"first","13":"instock","14":"sale","15":"taxable","16":"shipping-taxable","17":"purchasable","18":"product-type-simple"},"acf":[],"yoast_head":"<!-- This site is optimized with the Yoast SEO Premium plugin v26.6 (Yoast SEO v26.6) - https:\/\/yoast.com\/wordpress\/plugins\/seo\/ -->\n<title>Caja para tronco navide\u00f1o &quot;Navidad dulce&quot; 20 x 11 x 10 cm, pack de 25<\/title>\n<meta name=\"description\" content=\"Descubra ahora nuestra caja para tronco navide\u00f1o de 20x11x10 cm. Elegantes y pr\u00e1cticas, \u00a1son ideales para celebrar las fiestas!\" \/>\n<meta name=\"robots\" content=\"index, follow, max-snippet:-1, max-image-preview:large, max-video-preview:-1\" \/>\n<link rel=\"canonical\" href=\"https:\/\/www.csj-emballages.com\/es\/produit\/25-cajas-de-troncos-dulce-navidad-20-x-11-x-10-cm\/\" \/>\n<meta property=\"og:locale\" content=\"es_ES\" \/>\n<meta property=\"og:type\" content=\"article\" \/>\n<meta property=\"og:title\" content=\"Caja para tronco navide\u00f1o &quot;Navidad dulce&quot; 20 x 11 x 10 cm, pack de 25\" \/>\n<meta property=\"og:description\" content=\"Descubra ahora nuestra caja para tronco navide\u00f1o de 20x11x10 cm. Elegantes y pr\u00e1cticas, \u00a1son ideales para celebrar las fiestas!\" \/>\n<meta property=\"og:url\" content=\"https:\/\/www.csj-emballages.com\/es\/produit\/25-cajas-de-troncos-dulce-navidad-20-x-11-x-10-cm\/\" \/>\n<meta property=\"og:site_name\" content=\"CSJ Emballages\" \/>\n<meta property=\"article:publisher\" content=\"https:\/\/www.facebook.com\/csjemballages\" \/>\n<meta property=\"article:modified_time\" content=\"2026-03-12T15:11:34+00:00\" \/>\n<meta property=\"og:image\" content=\"https:\/\/www.csj-emballages.com\/wp-content\/uploads\/2024\/03\/buchenoelsucre-e1732694663977.webp\" \/>\n\t<meta property=\"og:image:width\" content=\"1088\" \/>\n\t<meta property=\"og:image:height\" content=\"1089\" \/>\n\t<meta property=\"og:image:type\" content=\"image\/webp\" \/>\n<meta name=\"twitter:card\" content=\"summary_large_image\" \/>\n<meta name=\"twitter:label1\" content=\"Tiempo de lectura\" \/>\n\t<meta name=\"twitter:data1\" content=\"2 minutos\" \/>\n<script type=\"application\/ld+json\" class=\"yoast-schema-graph\">{\"@context\":\"https:\/\/schema.org\",\"@graph\":[{\"@type\":\"WebPage\",\"@id\":\"https:\/\/www.csj-emballages.com\/es\/produit\/25-cajas-de-troncos-dulce-navidad-20-x-11-x-10-cm\/\",\"url\":\"https:\/\/www.csj-emballages.com\/es\/produit\/25-cajas-de-troncos-dulce-navidad-20-x-11-x-10-cm\/\",\"name\":\"Caja para tronco navide\u00f1o \\\"Navidad dulce\\\" 20 x 11 x 10 cm, pack de 25\",\"isPartOf\":{\"@id\":\"https:\/\/www.csj-emballages.com\/es\/#website\"},\"primaryImageOfPage\":{\"@id\":\"https:\/\/www.csj-emballages.com\/es\/produit\/25-cajas-de-troncos-dulce-navidad-20-x-11-x-10-cm\/#primaryimage\"},\"image\":{\"@id\":\"https:\/\/www.csj-emballages.com\/es\/produit\/25-cajas-de-troncos-dulce-navidad-20-x-11-x-10-cm\/#primaryimage\"},\"thumbnailUrl\":\"https:\/\/www.csj-emballages.com\/wp-content\/uploads\/2024\/03\/buchenoelsucre-e1732694663977.webp\",\"datePublished\":\"2024-03-01T15:57:19+00:00\",\"dateModified\":\"2026-03-12T15:11:34+00:00\",\"description\":\"Descubra ahora nuestra caja para tronco navide\u00f1o de 20x11x10 cm. Elegantes y pr\u00e1cticas, \u00a1son ideales para celebrar las fiestas!\",\"breadcrumb\":{\"@id\":\"https:\/\/www.csj-emballages.com\/es\/produit\/25-cajas-de-troncos-dulce-navidad-20-x-11-x-10-cm\/#breadcrumb\"},\"inLanguage\":\"es\",\"potentialAction\":[{\"@type\":\"ReadAction\",\"target\":[\"https:\/\/www.csj-emballages.com\/es\/produit\/25-cajas-de-troncos-dulce-navidad-20-x-11-x-10-cm\/\"]}]},{\"@type\":\"ImageObject\",\"inLanguage\":\"es\",\"@id\":\"https:\/\/www.csj-emballages.com\/es\/produit\/25-cajas-de-troncos-dulce-navidad-20-x-11-x-10-cm\/#primaryimage\",\"url\":\"https:\/\/www.csj-emballages.com\/wp-content\/uploads\/2024\/03\/buchenoelsucre-e1732694663977.webp\",\"contentUrl\":\"https:\/\/www.csj-emballages.com\/wp-content\/uploads\/2024\/03\/buchenoelsucre-e1732694663977.webp\",\"width\":1088,\"height\":1089,\"caption\":\"boite a buche\"},{\"@type\":\"BreadcrumbList\",\"@id\":\"https:\/\/www.csj-emballages.com\/es\/produit\/25-cajas-de-troncos-dulce-navidad-20-x-11-x-10-cm\/#breadcrumb\",\"itemListElement\":[{\"@type\":\"ListItem\",\"position\":1,\"name\":\"Accueil\",\"item\":\"https:\/\/www.csj-emballages.com\/es\/universo-del-envasado-alimentario\/\"},{\"@type\":\"ListItem\",\"position\":2,\"name\":\"Tienda\",\"item\":\"https:\/\/www.csj-emballages.com\/tienda\/\"},{\"@type\":\"ListItem\",\"position\":3,\"name\":\"Caja para tronco navide\u00f1o \u00ab\u00a0Navidad dulce\u00a0\u00bb 20 x 11 x 10 cm, pack de 25\"}]},{\"@type\":\"WebSite\",\"@id\":\"https:\/\/www.csj-emballages.com\/es\/#website\",\"url\":\"https:\/\/www.csj-emballages.com\/es\/\",\"name\":\"CSJ Emballages\",\"description\":\"\",\"publisher\":{\"@id\":\"https:\/\/www.csj-emballages.com\/es\/#organization\"},\"potentialAction\":[{\"@type\":\"SearchAction\",\"target\":{\"@type\":\"EntryPoint\",\"urlTemplate\":\"https:\/\/www.csj-emballages.com\/es\/?s={search_term_string}\"},\"query-input\":{\"@type\":\"PropertyValueSpecification\",\"valueRequired\":true,\"valueName\":\"search_term_string\"}}],\"inLanguage\":\"es\"},{\"@type\":\"Organization\",\"@id\":\"https:\/\/www.csj-emballages.com\/es\/#Organization\/\",\"name\":\"CSJ Emballages\",\"url\":\"https:\/\/www.csj-emballages.com\/es\/\",\"logo\":{\"@type\":\"ImageObject\",\"inLanguage\":\"es\",\"@id\":\"https:\/\/www.csj-emballages.com\/es\/#\/schema\/logo\/image\/\",\"url\":\"https:\/\/www.csj-emballages.com\/wp-content\/uploads\/2023\/10\/logo_csj.webp\",\"contentUrl\":\"https:\/\/www.csj-emballages.com\/wp-content\/uploads\/2023\/10\/logo_csj.webp\",\"width\":250,\"height\":95,\"caption\":\"CSJ Emballages\"},\"image\":{\"@id\":\"https:\/\/www.csj-emballages.com\/es\/#\/schema\/logo\/image\/\"},\"sameAs\":[\"https:\/\/www.facebook.com\/csjemballages\"],\"address\":{\"@type\":\"PostalAddress\",\"streetAddress\":\"ZI La Lechere\",\"addressLocality\":\"Patornay\",\"postalCode\":\"39130\",\"addressCountry\":\"FR\"},\"contactPoint\":[{\"@type\":\"ContactPoint\",\"contactType\":\"Service client\",\"telephone\":\"0384254272\",\"email\":\"contact@csj-emballages.com\"}]}]}<\/script>\n<!-- \/ Yoast SEO Premium plugin. -->","yoast_head_json":{"title":"Caja para tronco navide\u00f1o \"Navidad dulce\" 20 x 11 x 10 cm, pack de 25","description":"Descubra ahora nuestra caja para tronco navide\u00f1o de 20x11x10 cm. Elegantes y pr\u00e1cticas, \u00a1son ideales para celebrar las fiestas!","robots":{"index":"index","follow":"follow","max-snippet":"max-snippet:-1","max-image-preview":"max-image-preview:large","max-video-preview":"max-video-preview:-1"},"canonical":"https:\/\/www.csj-emballages.com\/es\/produit\/25-cajas-de-troncos-dulce-navidad-20-x-11-x-10-cm\/","og_locale":"es_ES","og_type":"article","og_title":"Caja para tronco navide\u00f1o \"Navidad dulce\" 20 x 11 x 10 cm, pack de 25","og_description":"Descubra ahora nuestra caja para tronco navide\u00f1o de 20x11x10 cm. Elegantes y pr\u00e1cticas, \u00a1son ideales para celebrar las fiestas!","og_url":"https:\/\/www.csj-emballages.com\/es\/produit\/25-cajas-de-troncos-dulce-navidad-20-x-11-x-10-cm\/","og_site_name":"CSJ Emballages","article_publisher":"https:\/\/www.facebook.com\/csjemballages","article_modified_time":"2026-03-12T15:11:34+00:00","og_image":[{"width":1088,"height":1089,"url":"https:\/\/www.csj-emballages.com\/wp-content\/uploads\/2024\/03\/buchenoelsucre-e1732694663977.webp","type":"image\/webp"}],"twitter_card":"summary_large_image","twitter_misc":{"Tiempo de lectura":"2 minutos"},"schema":{"@context":"https:\/\/schema.org","@graph":[{"@type":"WebPage","@id":"https:\/\/www.csj-emballages.com\/es\/produit\/25-cajas-de-troncos-dulce-navidad-20-x-11-x-10-cm\/","url":"https:\/\/www.csj-emballages.com\/es\/produit\/25-cajas-de-troncos-dulce-navidad-20-x-11-x-10-cm\/","name":"Caja para tronco navide\u00f1o \"Navidad dulce\" 20 x 11 x 10 cm, pack de 25","isPartOf":{"@id":"https:\/\/www.csj-emballages.com\/es\/#website"},"primaryImageOfPage":{"@id":"https:\/\/www.csj-emballages.com\/es\/produit\/25-cajas-de-troncos-dulce-navidad-20-x-11-x-10-cm\/#primaryimage"},"image":{"@id":"https:\/\/www.csj-emballages.com\/es\/produit\/25-cajas-de-troncos-dulce-navidad-20-x-11-x-10-cm\/#primaryimage"},"thumbnailUrl":"https:\/\/www.csj-emballages.com\/wp-content\/uploads\/2024\/03\/buchenoelsucre-e1732694663977.webp","datePublished":"2024-03-01T15:57:19+00:00","dateModified":"2026-03-12T15:11:34+00:00","description":"Descubra ahora nuestra caja para tronco navide\u00f1o de 20x11x10 cm. Elegantes y pr\u00e1cticas, \u00a1son ideales para celebrar las fiestas!","breadcrumb":{"@id":"https:\/\/www.csj-emballages.com\/es\/produit\/25-cajas-de-troncos-dulce-navidad-20-x-11-x-10-cm\/#breadcrumb"},"inLanguage":"es","potentialAction":[{"@type":"ReadAction","target":["https:\/\/www.csj-emballages.com\/es\/produit\/25-cajas-de-troncos-dulce-navidad-20-x-11-x-10-cm\/"]}]},{"@type":"ImageObject","inLanguage":"es","@id":"https:\/\/www.csj-emballages.com\/es\/produit\/25-cajas-de-troncos-dulce-navidad-20-x-11-x-10-cm\/#primaryimage","url":"https:\/\/www.csj-emballages.com\/wp-content\/uploads\/2024\/03\/buchenoelsucre-e1732694663977.webp","contentUrl":"https:\/\/www.csj-emballages.com\/wp-content\/uploads\/2024\/03\/buchenoelsucre-e1732694663977.webp","width":1088,"height":1089,"caption":"boite a buche"},{"@type":"BreadcrumbList","@id":"https:\/\/www.csj-emballages.com\/es\/produit\/25-cajas-de-troncos-dulce-navidad-20-x-11-x-10-cm\/#breadcrumb","itemListElement":[{"@type":"ListItem","position":1,"name":"Accueil","item":"https:\/\/www.csj-emballages.com\/es\/universo-del-envasado-alimentario\/"},{"@type":"ListItem","position":2,"name":"Tienda","item":"https:\/\/www.csj-emballages.com\/tienda\/"},{"@type":"ListItem","position":3,"name":"Caja para tronco navide\u00f1o \u00ab\u00a0Navidad dulce\u00a0\u00bb 20 x 11 x 10 cm, pack de 25"}]},{"@type":"WebSite","@id":"https:\/\/www.csj-emballages.com\/es\/#website","url":"https:\/\/www.csj-emballages.com\/es\/","name":"CSJ Emballages","description":"","publisher":{"@id":"https:\/\/www.csj-emballages.com\/es\/#organization"},"potentialAction":[{"@type":"SearchAction","target":{"@type":"EntryPoint","urlTemplate":"https:\/\/www.csj-emballages.com\/es\/?s={search_term_string}"},"query-input":{"@type":"PropertyValueSpecification","valueRequired":true,"valueName":"search_term_string"}}],"inLanguage":"es"},{"@type":"Organization","@id":"https:\/\/www.csj-emballages.com\/es\/#Organization\/","name":"CSJ Emballages","url":"https:\/\/www.csj-emballages.com\/es\/","logo":{"@type":"ImageObject","inLanguage":"es","@id":"https:\/\/www.csj-emballages.com\/es\/#\/schema\/logo\/image\/","url":"https:\/\/www.csj-emballages.com\/wp-content\/uploads\/2023\/10\/logo_csj.webp","contentUrl":"https:\/\/www.csj-emballages.com\/wp-content\/uploads\/2023\/10\/logo_csj.webp","width":250,"height":95,"caption":"CSJ Emballages"},"image":{"@id":"https:\/\/www.csj-emballages.com\/es\/#\/schema\/logo\/image\/"},"sameAs":["https:\/\/www.facebook.com\/csjemballages"],"address":{"@type":"PostalAddress","streetAddress":"ZI La Lechere","addressLocality":"Patornay","postalCode":"39130","addressCountry":"FR"},"contactPoint":[{"@type":"ContactPoint","contactType":"Service client","telephone":"0384254272","email":"contact@csj-emballages.com"}]}]}},"df_price":14.6,"df_sale_price":14.6,"df_regular_price":15.37,"df_image_link":"https:\/\/www.csj-emballages.com\/wp-content\/uploads\/2024\/03\/buchenoelsucre-300x300.webp","tiered_pricing_type":"fixed","tiered_pricing_fixed_rules":[],"tiered_pricing_percentage_rules":[],"tiered_pricing_minimum":1,"tiered_pricing_roles_data":[],"_links":{"self":[{"href":"https:\/\/www.csj-emballages.com\/es\/wp-json\/wp\/v2\/product\/19371","targetHints":{"allow":["GET"]}}],"collection":[{"href":"https:\/\/www.csj-emballages.com\/es\/wp-json\/wp\/v2\/product"}],"about":[{"href":"https:\/\/www.csj-emballages.com\/es\/wp-json\/wp\/v2\/types\/product"}],"wp:featuredmedia":[{"embeddable":true,"href":"https:\/\/www.csj-emballages.com\/es\/wp-json\/wp\/v2\/media\/187425"}],"wp:attachment":[{"href":"https:\/\/www.csj-emballages.com\/es\/wp-json\/wp\/v2\/media?parent=19371"}],"wp:term":[{"taxonomy":"product_brand","embeddable":true,"href":"https:\/\/www.csj-emballages.com\/es\/wp-json\/wp\/v2\/product_brand?post=19371"},{"taxonomy":"product_cat","embeddable":true,"href":"https:\/\/www.csj-emballages.com\/es\/wp-json\/wp\/v2\/product_cat?post=19371"},{"taxonomy":"product_tag","embeddable":true,"href":"https:\/\/www.csj-emballages.com\/es\/wp-json\/wp\/v2\/product_tag?post=19371"}],"curies":[{"name":"wp","href":"https:\/\/api.w.org\/{rel}","templated":true}]}}