{"id":19345,"date":"2024-03-01T16:57:22","date_gmt":"2024-03-01T15:57:22","guid":{"rendered":"https:\/\/u15jnbdpoq.preview.infomaniak.website\/produit\/25-cajas-de-cacao-de-lujo-de-375-gramos-con-fondo-de-carton\/"},"modified":"2025-12-06T02:11:37","modified_gmt":"2025-12-06T01:11:37","slug":"25-cajas-de-cacao-de-lujo-de-375-gramos-con-fondo-de-carton","status":"publish","type":"product","link":"https:\/\/www.csj-emballages.com\/es\/produit\/25-cajas-de-cacao-de-lujo-de-375-gramos-con-fondo-de-carton\/","title":{"rendered":"Caja de cacao de lujo de 375 gramos con base de cart\u00f3n, paquete de 25"},"content":{"rendered":"<h2>Caja de cacao<\/h2>\n<hr>\n<h3>Descripci\u00f3n de nuestra caja de cacao 375 gramos con base de cart\u00f3n, paquete de 25<\/h3>\n<p><!--more--><\/p>\n<p data-start=\"95\" data-end=\"627\">Ofrezca a sus <strong>bombones, dulces o peque\u00f1os regalos gourmet<\/strong> una presentaci\u00f3n elegante y refinada con nuestra <strong data-start=\"208\" data-end=\"268\">caja de cacao de 375 gramos con base de cart\u00f3n, paquete de 25 unidades<\/strong>. Especialmente concebida para chocolateros, pasteleros y tenderos que desean mostrar sus creaciones, esta <strong>caja marr\u00f3n<\/strong> combina practicidad y est\u00e9tica. Su acabado <strong>en cacao<\/strong> le confiere un <strong>brillo sutil<\/strong> y <strong>festivo<\/strong>, ideal para periodos festivos como Navidad, Pascua, San Valent\u00edn o incluso bodas y eventos corporativos.  <\/p>\n<p data-start=\"629\" data-end=\"1004\">Con una capacidad de <strong>375 gramos<\/strong>, puede envasar una bonita selecci\u00f3n de <strong>bombones<\/strong> o <strong>una gran variedad de golosinas<\/strong>. La <strong data-start=\"756\" data-end=\"780\">base de cart\u00f3n reforzado<\/strong> garantiza una excelente estabilidad y resistencia al peso, al tiempo que protege sus productos durante el transporte. La calidad del <strong>cart\u00f3n<\/strong> tambi\u00e9n garantiza una protecci\u00f3n \u00f3ptima contra la humedad y los golpes ligeros.  <\/p>\n<p data-start=\"1006\" data-end=\"1364\">Envasada <strong data-start=\"1018\" data-end=\"1035\">en lotes de 25 unidades<\/strong>, esta <strong>caja<\/strong> es una opci\u00f3n pr\u00e1ctica y econ\u00f3mica para los profesionales que desean mantener un stock adaptado a las necesidades diarias de su tienda. F\u00e1cil de montar, ahorra tiempo a la hora de preparar los pedidos y puede adaptarse a distintos estilos de cinta o etiqueta para una personalizaci\u00f3n \u00fanica. <\/p>\n<p data-start=\"1366\" data-end=\"1637\">Ya sea artesano, minorista u organizador de eventos, la <strong data-start=\"1433\" data-end=\"1463\">caja de cacao de 375 g<\/strong> aportar\u00e1 un toque chic y profesional a su envase. Su elegante sobriedad realzar\u00e1 sus creaciones al tiempo que reforzar\u00e1 la imagen de calidad de su marca. <\/p>\n<p data-start=\"1423\" data-end=\"1694\"><!--more--><\/p>\n<h4 data-start=\"1423\" data-end=\"1694\">Ventajas :<\/h4>\n<ul>\n<li data-start=\"1423\" data-end=\"1694\">Un <strong data-start=\"1857\" data-end=\"1876\">acabado de cacao<\/strong> elegante y festivo para realzar sus productos.<\/li>\n<li data-start=\"1423\" data-end=\"1694\"><strong data-start=\"1928\" data-end=\"1946\">Capacidad de 375 g<\/strong>, ideal para chocolates y dulces.<\/li>\n<li data-start=\"1423\" data-end=\"1694\">Base de cart\u00f3n reforzado para mayor estabilidad y resistencia.<\/li>\n<li data-start=\"1423\" data-end=\"1694\"><strong data-start=\"2061\" data-end=\"2083\">Envasados en paquetes de 25<\/strong> unidades, pr\u00e1cticos y econ\u00f3micos para los profesionales.<\/li>\n<li data-start=\"1423\" data-end=\"1694\">F\u00e1cil de personalizar con <span style=\"color: #d12727;\"><a style=\"color: #d12727;\" href=\"https:\/\/www.csj-emballages.com\/es\/categorie-produit\/envasado-de-alimentos\/panaderia-y-pasteleria\/accesorios-y-equipamiento\/accesorios-decorativos\/\">cintas<\/a><\/span>, <span style=\"color: #d12727;\"><a style=\"color: #d12727;\" href=\"https:\/\/www.csj-emballages.com\/es\/categorie-produit\/envasado-de-alimentos\/panaderia-y-pasteleria\/accesorios-y-equipamiento\/etiquetas-2\/\">etiquetas<\/a><\/span> o pegatinas.<\/li>\n<li data-start=\"1423\" data-end=\"1694\">Perfecto para eventos, fiestas y regalos gourmet<strong data-start=\"2230\" data-end=\"2272\">.<\/strong><\/li>\n<\/ul>\n<p>&nbsp;<\/p>\n<p><!--more--><\/p>\n<h4>Informaci\u00f3n adicional :<\/h4>\n<ul style=\"box-sizing: inherit; font-family: Roboto, sans-serif;\">\n<li><strong>Envase<\/strong>: Paquete de 25<\/li>\n<li><strong>Dimensiones<\/strong>: 130 x 70 x 62 mm (L x A x A en mm)<\/li>\n<li><strong>Material<\/strong>: Cart\u00f3n<\/li>\n<li><strong>Color<\/strong>: Cacao<\/li>\n<li><strong>Capacidad<\/strong>: 375 g<\/li>\n<\/ul>\n<p>&nbsp;<\/p>\n<p><!--more--><\/p>\n<p>Encuentre aqu\u00ed nuestra caja de 250g de cacao: <span style=\"color: #d12727;\"><a style=\"color: #d12727;\" href=\"https:\/\/www.csj-emballages.com\/es\/produit\/25-cajas-de-cacao-de-lujo-de-250-gramos-con-fondo-de-carton\/\">BALLO250CACAO<\/a><\/span><\/p>\n<p>&nbsp;<\/p>\n<p><!--more--><\/p>\n<p>Este producto tambi\u00e9n est\u00e1 disponible en diferentes colores: <span style=\"color: #d12727;\"><a style=\"color: #d12727;\" href=\"https:\/\/www.csj-emballages.com\/es\/produit\/25-cajas-de-375-gramos-de-color-blanco-nacarado-con-base-de-carton\/\"><span style=\"color: #d12727;\">Blanco nacarado<\/span><\/a><\/span> \/ <span style=\"color: #d12727;\"><a style=\"color: #d12727;\" href=\"https:\/\/www.csj-emballages.com\/es\/produit\/25-cajas-kraft-de-375-gramos-con-base-de-carton\/\">Kraft<\/a><\/span> \/ <span style=\"color: #d12727;\"><a style=\"color: #d12727;\" href=\"https:\/\/www.csj-emballages.com\/es\/produit\/25-cajas-doradas-de-375-gramos-con-dorso-de-carton\/\">Oro<\/a><\/span> \/ <span style=\"color: #d12727;\"><a style=\"color: #d12727;\" href=\"https:\/\/www.csj-emballages.com\/es\/produit\/25-cajas-de-carton-rubi-de-lujo-375-gramos\/\">Rub\u00ed<\/a><\/span><\/p>\n<p>&nbsp;<\/p>\n<p><!--more--><\/p>\n<p><a href=\"https:\/\/www.csj-emballages.com\/es\/categorie-produit\/envasado-de-alimentos\/panaderia-y-pasteleria\/cajas-y-estuches\/cajas\/\">Ver el resto de nuestra gama de urnas<\/a><\/p>\n","protected":false},"excerpt":{"rendered":"<p>Caja de cacao Descripci\u00f3n de nuestra caja de cacao 375 gramos con base de cart\u00f3n, paquete de 25<\/p>\n","protected":false},"featured_media":242208,"template":"","meta":{"_acf_changed":false},"product_brand":[],"product_cat":[1150,1145,2044,2087],"product_tag":[],"class_list":{"0":"post-19345","1":"product","2":"type-product","3":"status-publish","4":"has-post-thumbnail","6":"product_cat-envasado-de-alimentos","7":"product_cat-panaderia-y-pasteleria","8":"product_cat-cajas","9":"product_cat-cajas-de-cacao-de-lujo","11":"first","12":"outofstock","13":"taxable","14":"shipping-taxable","15":"purchasable","16":"product-type-simple"},"acf":[],"yoast_head":"<!-- This site is optimized with the Yoast SEO Premium plugin v26.6 (Yoast SEO v26.6) - https:\/\/yoast.com\/wordpress\/plugins\/seo\/ -->\n<title>Ballotin Cacao 375 Grammes avec Fond Carton \u00e0 25<\/title>\n<meta name=\"description\" content=\"Elegante caja de 375 g de cacao con base de cart\u00f3n, vendida en paquetes de 25. Ideal para chocolates y golosinas, elegante y pr\u00e1ctica para su envasado.\" \/>\n<meta name=\"robots\" content=\"index, follow, max-snippet:-1, max-image-preview:large, max-video-preview:-1\" \/>\n<link rel=\"canonical\" href=\"https:\/\/www.csj-emballages.com\/es\/produit\/25-cajas-de-cacao-de-lujo-de-375-gramos-con-fondo-de-carton\/\" \/>\n<meta property=\"og:locale\" content=\"es_ES\" \/>\n<meta property=\"og:type\" content=\"article\" \/>\n<meta property=\"og:title\" content=\"Caja de cacao de lujo de 375 gramos con base de cart\u00f3n, paquete de 25\" \/>\n<meta property=\"og:description\" content=\"Elegante caja de 375 g de cacao con base de cart\u00f3n, vendida en paquetes de 25. Ideal para chocolates y golosinas, elegante y pr\u00e1ctica para su envasado.\" \/>\n<meta property=\"og:url\" content=\"https:\/\/www.csj-emballages.com\/es\/produit\/25-cajas-de-cacao-de-lujo-de-375-gramos-con-fondo-de-carton\/\" \/>\n<meta property=\"og:site_name\" content=\"CSJ Emballages\" \/>\n<meta property=\"article:publisher\" content=\"https:\/\/www.facebook.com\/csjemballages\" \/>\n<meta property=\"article:modified_time\" content=\"2025-12-06T01:11:37+00:00\" \/>\n<meta property=\"og:image\" content=\"https:\/\/www.csj-emballages.com\/wp-content\/uploads\/2024\/03\/BALLO375CACAO.webp\" \/>\n\t<meta property=\"og:image:width\" content=\"800\" \/>\n\t<meta property=\"og:image:height\" content=\"800\" \/>\n\t<meta property=\"og:image:type\" content=\"image\/webp\" \/>\n<meta name=\"twitter:card\" content=\"summary_large_image\" \/>\n<meta name=\"twitter:label1\" content=\"Tiempo de lectura\" \/>\n\t<meta name=\"twitter:data1\" content=\"2 minutos\" \/>\n<script type=\"application\/ld+json\" class=\"yoast-schema-graph\">{\"@context\":\"https:\/\/schema.org\",\"@graph\":[{\"@type\":\"WebPage\",\"@id\":\"https:\/\/www.csj-emballages.com\/es\/produit\/25-cajas-de-cacao-de-lujo-de-375-gramos-con-fondo-de-carton\/\",\"url\":\"https:\/\/www.csj-emballages.com\/es\/produit\/25-cajas-de-cacao-de-lujo-de-375-gramos-con-fondo-de-carton\/\",\"name\":\"Ballotin Cacao 375 Grammes avec Fond Carton \u00e0 25\",\"isPartOf\":{\"@id\":\"https:\/\/www.csj-emballages.com\/es\/#website\"},\"primaryImageOfPage\":{\"@id\":\"https:\/\/www.csj-emballages.com\/es\/produit\/25-cajas-de-cacao-de-lujo-de-375-gramos-con-fondo-de-carton\/#primaryimage\"},\"image\":{\"@id\":\"https:\/\/www.csj-emballages.com\/es\/produit\/25-cajas-de-cacao-de-lujo-de-375-gramos-con-fondo-de-carton\/#primaryimage\"},\"thumbnailUrl\":\"https:\/\/www.csj-emballages.com\/wp-content\/uploads\/2024\/03\/BALLO375CACAO.webp\",\"datePublished\":\"2024-03-01T15:57:22+00:00\",\"dateModified\":\"2025-12-06T01:11:37+00:00\",\"description\":\"Elegante caja de 375 g de cacao con base de cart\u00f3n, vendida en paquetes de 25. Ideal para chocolates y golosinas, elegante y pr\u00e1ctica para su envasado.\",\"breadcrumb\":{\"@id\":\"https:\/\/www.csj-emballages.com\/es\/produit\/25-cajas-de-cacao-de-lujo-de-375-gramos-con-fondo-de-carton\/#breadcrumb\"},\"inLanguage\":\"es\",\"potentialAction\":[{\"@type\":\"ReadAction\",\"target\":[\"https:\/\/www.csj-emballages.com\/es\/produit\/25-cajas-de-cacao-de-lujo-de-375-gramos-con-fondo-de-carton\/\"]}]},{\"@type\":\"ImageObject\",\"inLanguage\":\"es\",\"@id\":\"https:\/\/www.csj-emballages.com\/es\/produit\/25-cajas-de-cacao-de-lujo-de-375-gramos-con-fondo-de-carton\/#primaryimage\",\"url\":\"https:\/\/www.csj-emballages.com\/wp-content\/uploads\/2024\/03\/BALLO375CACAO.webp\",\"contentUrl\":\"https:\/\/www.csj-emballages.com\/wp-content\/uploads\/2024\/03\/BALLO375CACAO.webp\",\"width\":800,\"height\":800,\"caption\":\"Ballotin cacao\"},{\"@type\":\"BreadcrumbList\",\"@id\":\"https:\/\/www.csj-emballages.com\/es\/produit\/25-cajas-de-cacao-de-lujo-de-375-gramos-con-fondo-de-carton\/#breadcrumb\",\"itemListElement\":[{\"@type\":\"ListItem\",\"position\":1,\"name\":\"Accueil\",\"item\":\"https:\/\/www.csj-emballages.com\/es\/universo-del-envasado-alimentario\/\"},{\"@type\":\"ListItem\",\"position\":2,\"name\":\"Tienda\",\"item\":\"https:\/\/www.csj-emballages.com\/tienda\/\"},{\"@type\":\"ListItem\",\"position\":3,\"name\":\"Caja de cacao de lujo de 375 gramos con base de cart\u00f3n, paquete de 25\"}]},{\"@type\":\"WebSite\",\"@id\":\"https:\/\/www.csj-emballages.com\/es\/#website\",\"url\":\"https:\/\/www.csj-emballages.com\/es\/\",\"name\":\"CSJ Emballages\",\"description\":\"\",\"publisher\":{\"@id\":\"https:\/\/www.csj-emballages.com\/es\/#organization\"},\"potentialAction\":[{\"@type\":\"SearchAction\",\"target\":{\"@type\":\"EntryPoint\",\"urlTemplate\":\"https:\/\/www.csj-emballages.com\/es\/?s={search_term_string}\"},\"query-input\":{\"@type\":\"PropertyValueSpecification\",\"valueRequired\":true,\"valueName\":\"search_term_string\"}}],\"inLanguage\":\"es\"},{\"@type\":\"Organization\",\"@id\":\"https:\/\/www.csj-emballages.com\/es\/#Organization\/\",\"name\":\"CSJ Emballages\",\"url\":\"https:\/\/www.csj-emballages.com\/es\/\",\"logo\":{\"@type\":\"ImageObject\",\"inLanguage\":\"es\",\"@id\":\"https:\/\/www.csj-emballages.com\/es\/#\/schema\/logo\/image\/\",\"url\":\"https:\/\/www.csj-emballages.com\/wp-content\/uploads\/2023\/10\/logo_csj.webp\",\"contentUrl\":\"https:\/\/www.csj-emballages.com\/wp-content\/uploads\/2023\/10\/logo_csj.webp\",\"width\":250,\"height\":95,\"caption\":\"CSJ Emballages\"},\"image\":{\"@id\":\"https:\/\/www.csj-emballages.com\/es\/#\/schema\/logo\/image\/\"},\"sameAs\":[\"https:\/\/www.facebook.com\/csjemballages\"],\"address\":{\"@type\":\"PostalAddress\",\"streetAddress\":\"ZI La Lechere\",\"addressLocality\":\"Patornay\",\"postalCode\":\"39130\",\"addressCountry\":\"FR\"},\"contactPoint\":[{\"@type\":\"ContactPoint\",\"contactType\":\"Service client\",\"telephone\":\"0384254272\",\"email\":\"contact@csj-emballages.com\"}]}]}<\/script>\n<!-- \/ Yoast SEO Premium plugin. -->","yoast_head_json":{"title":"Ballotin Cacao 375 Grammes avec Fond Carton \u00e0 25","description":"Elegante caja de 375 g de cacao con base de cart\u00f3n, vendida en paquetes de 25. Ideal para chocolates y golosinas, elegante y pr\u00e1ctica para su envasado.","robots":{"index":"index","follow":"follow","max-snippet":"max-snippet:-1","max-image-preview":"max-image-preview:large","max-video-preview":"max-video-preview:-1"},"canonical":"https:\/\/www.csj-emballages.com\/es\/produit\/25-cajas-de-cacao-de-lujo-de-375-gramos-con-fondo-de-carton\/","og_locale":"es_ES","og_type":"article","og_title":"Caja de cacao de lujo de 375 gramos con base de cart\u00f3n, paquete de 25","og_description":"Elegante caja de 375 g de cacao con base de cart\u00f3n, vendida en paquetes de 25. Ideal para chocolates y golosinas, elegante y pr\u00e1ctica para su envasado.","og_url":"https:\/\/www.csj-emballages.com\/es\/produit\/25-cajas-de-cacao-de-lujo-de-375-gramos-con-fondo-de-carton\/","og_site_name":"CSJ Emballages","article_publisher":"https:\/\/www.facebook.com\/csjemballages","article_modified_time":"2025-12-06T01:11:37+00:00","og_image":[{"width":800,"height":800,"url":"https:\/\/www.csj-emballages.com\/wp-content\/uploads\/2024\/03\/BALLO375CACAO.webp","type":"image\/webp"}],"twitter_card":"summary_large_image","twitter_misc":{"Tiempo de lectura":"2 minutos"},"schema":{"@context":"https:\/\/schema.org","@graph":[{"@type":"WebPage","@id":"https:\/\/www.csj-emballages.com\/es\/produit\/25-cajas-de-cacao-de-lujo-de-375-gramos-con-fondo-de-carton\/","url":"https:\/\/www.csj-emballages.com\/es\/produit\/25-cajas-de-cacao-de-lujo-de-375-gramos-con-fondo-de-carton\/","name":"Ballotin Cacao 375 Grammes avec Fond Carton \u00e0 25","isPartOf":{"@id":"https:\/\/www.csj-emballages.com\/es\/#website"},"primaryImageOfPage":{"@id":"https:\/\/www.csj-emballages.com\/es\/produit\/25-cajas-de-cacao-de-lujo-de-375-gramos-con-fondo-de-carton\/#primaryimage"},"image":{"@id":"https:\/\/www.csj-emballages.com\/es\/produit\/25-cajas-de-cacao-de-lujo-de-375-gramos-con-fondo-de-carton\/#primaryimage"},"thumbnailUrl":"https:\/\/www.csj-emballages.com\/wp-content\/uploads\/2024\/03\/BALLO375CACAO.webp","datePublished":"2024-03-01T15:57:22+00:00","dateModified":"2025-12-06T01:11:37+00:00","description":"Elegante caja de 375 g de cacao con base de cart\u00f3n, vendida en paquetes de 25. Ideal para chocolates y golosinas, elegante y pr\u00e1ctica para su envasado.","breadcrumb":{"@id":"https:\/\/www.csj-emballages.com\/es\/produit\/25-cajas-de-cacao-de-lujo-de-375-gramos-con-fondo-de-carton\/#breadcrumb"},"inLanguage":"es","potentialAction":[{"@type":"ReadAction","target":["https:\/\/www.csj-emballages.com\/es\/produit\/25-cajas-de-cacao-de-lujo-de-375-gramos-con-fondo-de-carton\/"]}]},{"@type":"ImageObject","inLanguage":"es","@id":"https:\/\/www.csj-emballages.com\/es\/produit\/25-cajas-de-cacao-de-lujo-de-375-gramos-con-fondo-de-carton\/#primaryimage","url":"https:\/\/www.csj-emballages.com\/wp-content\/uploads\/2024\/03\/BALLO375CACAO.webp","contentUrl":"https:\/\/www.csj-emballages.com\/wp-content\/uploads\/2024\/03\/BALLO375CACAO.webp","width":800,"height":800,"caption":"Ballotin cacao"},{"@type":"BreadcrumbList","@id":"https:\/\/www.csj-emballages.com\/es\/produit\/25-cajas-de-cacao-de-lujo-de-375-gramos-con-fondo-de-carton\/#breadcrumb","itemListElement":[{"@type":"ListItem","position":1,"name":"Accueil","item":"https:\/\/www.csj-emballages.com\/es\/universo-del-envasado-alimentario\/"},{"@type":"ListItem","position":2,"name":"Tienda","item":"https:\/\/www.csj-emballages.com\/tienda\/"},{"@type":"ListItem","position":3,"name":"Caja de cacao de lujo de 375 gramos con base de cart\u00f3n, paquete de 25"}]},{"@type":"WebSite","@id":"https:\/\/www.csj-emballages.com\/es\/#website","url":"https:\/\/www.csj-emballages.com\/es\/","name":"CSJ Emballages","description":"","publisher":{"@id":"https:\/\/www.csj-emballages.com\/es\/#organization"},"potentialAction":[{"@type":"SearchAction","target":{"@type":"EntryPoint","urlTemplate":"https:\/\/www.csj-emballages.com\/es\/?s={search_term_string}"},"query-input":{"@type":"PropertyValueSpecification","valueRequired":true,"valueName":"search_term_string"}}],"inLanguage":"es"},{"@type":"Organization","@id":"https:\/\/www.csj-emballages.com\/es\/#Organization\/","name":"CSJ Emballages","url":"https:\/\/www.csj-emballages.com\/es\/","logo":{"@type":"ImageObject","inLanguage":"es","@id":"https:\/\/www.csj-emballages.com\/es\/#\/schema\/logo\/image\/","url":"https:\/\/www.csj-emballages.com\/wp-content\/uploads\/2023\/10\/logo_csj.webp","contentUrl":"https:\/\/www.csj-emballages.com\/wp-content\/uploads\/2023\/10\/logo_csj.webp","width":250,"height":95,"caption":"CSJ Emballages"},"image":{"@id":"https:\/\/www.csj-emballages.com\/es\/#\/schema\/logo\/image\/"},"sameAs":["https:\/\/www.facebook.com\/csjemballages"],"address":{"@type":"PostalAddress","streetAddress":"ZI La Lechere","addressLocality":"Patornay","postalCode":"39130","addressCountry":"FR"},"contactPoint":[{"@type":"ContactPoint","contactType":"Service client","telephone":"0384254272","email":"contact@csj-emballages.com"}]}]}},"df_price":17.75,"df_sale_price":"","df_regular_price":17.75,"df_image_link":"https:\/\/www.csj-emballages.com\/wp-content\/uploads\/2024\/03\/BALLO375CACAO-300x300.webp","tiered_pricing_type":"fixed","tiered_pricing_fixed_rules":[],"tiered_pricing_percentage_rules":[],"tiered_pricing_minimum":1,"tiered_pricing_roles_data":[],"_links":{"self":[{"href":"https:\/\/www.csj-emballages.com\/es\/wp-json\/wp\/v2\/product\/19345","targetHints":{"allow":["GET"]}}],"collection":[{"href":"https:\/\/www.csj-emballages.com\/es\/wp-json\/wp\/v2\/product"}],"about":[{"href":"https:\/\/www.csj-emballages.com\/es\/wp-json\/wp\/v2\/types\/product"}],"wp:featuredmedia":[{"embeddable":true,"href":"https:\/\/www.csj-emballages.com\/es\/wp-json\/wp\/v2\/media\/242208"}],"wp:attachment":[{"href":"https:\/\/www.csj-emballages.com\/es\/wp-json\/wp\/v2\/media?parent=19345"}],"wp:term":[{"taxonomy":"product_brand","embeddable":true,"href":"https:\/\/www.csj-emballages.com\/es\/wp-json\/wp\/v2\/product_brand?post=19345"},{"taxonomy":"product_cat","embeddable":true,"href":"https:\/\/www.csj-emballages.com\/es\/wp-json\/wp\/v2\/product_cat?post=19345"},{"taxonomy":"product_tag","embeddable":true,"href":"https:\/\/www.csj-emballages.com\/es\/wp-json\/wp\/v2\/product_tag?post=19345"}],"curies":[{"name":"wp","href":"https:\/\/api.w.org\/{rel}","templated":true}]}}