{"id":19315,"date":"2024-03-01T16:57:22","date_gmt":"2024-03-01T15:57:22","guid":{"rendered":"https:\/\/u15jnbdpoq.preview.infomaniak.website\/produit\/25-cajas-de-rubies-de-lujo-de-250-gramos-con-base-de-carton\/"},"modified":"2026-03-12T16:11:03","modified_gmt":"2026-03-12T15:11:03","slug":"25-cajas-de-rubies-de-lujo-de-250-gramos-con-base-de-carton","status":"publish","type":"product","link":"https:\/\/www.csj-emballages.com\/es\/produit\/25-cajas-de-rubies-de-lujo-de-250-gramos-con-base-de-carton\/","title":{"rendered":"Lujoso ballotin rub\u00ed de 250 gramos con base de cart\u00f3n, paquete de 25"},"content":{"rendered":"<h2>Caja de rub\u00edes<\/h2>\n<hr>\n<h3>Descripci\u00f3n de nuestra caja de rub\u00edes 250 gramos con base de cart\u00f3n, paquete de 25<\/h3>\n<p><!--more--><\/p>\n<p data-start=\"95\" data-end=\"627\">Ofrezca una presentaci\u00f3n elegante y refinada a sus <strong>chocolates, dulces o peque\u00f1os regalos gourmet<\/strong> con nuestra <strong data-start=\"208\" data-end=\"268\">caja bombones rub\u00ed de 250 gramos con fondo de cart\u00f3n por 25 unidades<\/strong>. Dise\u00f1ado especialmente para artesanos chocolateros, pasteleros y comerciantes que desean valorizar sus creaciones, esta <strong>bombonera roja<\/strong> a\u00fana practicidad y est\u00e9tica. Su acabado en <strong>rub\u00ed<\/strong> le confiere un <strong>brillo sutil<\/strong> y <strong>festivo<\/strong>, ideal para las \u00e9pocas festivas como Navidad, Pascua, San Valent\u00edn o incluso bodas y eventos de empresa.<\/p>\n<p data-start=\"629\" data-end=\"1004\">Con una capacidad de <strong data-start=\"650\" data-end=\"665\">250 gramos<\/strong>, esta <strong>caja bombones<\/strong> permite acondicionar una bonita selecci\u00f3n de <strong>chocolates<\/strong> o de <strong>dulces variados<\/strong>. El <strong data-start=\"756\" data-end=\"780\">fondo de cart\u00f3n reforzado<\/strong> asegura una excelente estabilidad y una buena resistencia al peso, a la vez que preserva sus productos durante el transporte. La calidad del <strong>cart\u00f3n<\/strong> garantiza tambi\u00e9n una protecci\u00f3n \u00f3ptima contra la humedad y los golpes ligeros.<\/p>\n<p data-start=\"1006\" data-end=\"1364\">Acondicionado <strong data-start=\"1018\" data-end=\"1035\">por lote de 25<\/strong>, esta <strong>bombonera<\/strong> es una elecci\u00f3n pr\u00e1ctica y econ\u00f3mica para los profesionales que desean disponer de un stock adaptado a las necesidades diarias de su tienda. F\u00e1cil de montar, permite ahorrar tiempo durante la preparaci\u00f3n de los pedidos y se adapta a diferentes estilos de cintas o etiquetas para una personalizaci\u00f3n \u00fanica.<\/p>\n<p data-start=\"1366\" data-end=\"1637\">Tanto si es artesano, revendedor u organizador de eventos, la <strong data-start=\"1433\" data-end=\"1463\">caja bombones rub\u00ed de 250 g<\/strong> aportar\u00e1 un toque elegante y profesional a sus embalajes. Su sobriedad elegante realzar\u00e1 sus creaciones a la vez que refuerza la imagen de calidad de su marca.<\/p>\n<p data-start=\"1423\" data-end=\"1694\"><!--more--><\/p>\n<h4 data-start=\"1423\" data-end=\"1694\">Ventajas :<\/h4>\n<ul>\n<li data-start=\"1423\" data-end=\"1694\">Un <strong data-start=\"1857\" data-end=\"1876\">acabado rub\u00ed<\/strong> elegante y festivo para realzar sus productos.<\/li>\n<li data-start=\"1423\" data-end=\"1694\"><strong data-start=\"1928\" data-end=\"1946\">Capacidad de 250 g<\/strong>, ideal para chocolates y dulces.<\/li>\n<li data-start=\"1423\" data-end=\"1694\">Base de cart\u00f3n reforzado para mayor estabilidad y resistencia.<\/li>\n<li data-start=\"1423\" data-end=\"1694\"><strong data-start=\"2061\" data-end=\"2083\">Envasados en paquetes de 25<\/strong> unidades, pr\u00e1cticos y econ\u00f3micos para los profesionales.<\/li>\n<li data-start=\"1423\" data-end=\"1694\">F\u00e1cil de personalizar con <span style=\"color: #d12727;\"><a style=\"color: #d12727;\" href=\"https:\/\/www.csj-emballages.com\/es\/categorie-produit\/envasado-de-alimentos\/panaderia-y-pasteleria\/accesorios-y-equipamiento\/accesorios-decorativos\/\">cintas<\/a><\/span>, <span style=\"color: #d12727;\"><a style=\"color: #d12727;\" href=\"https:\/\/www.csj-emballages.com\/es\/categorie-produit\/envasado-de-alimentos\/panaderia-y-pasteleria\/accesorios-y-equipamiento\/etiquetas-2\/\">etiquetas<\/a><\/span> o pegatinas.<\/li>\n<li data-start=\"1423\" data-end=\"1694\">Perfecto para eventos, fiestas y regalos gourmet<strong data-start=\"2230\" data-end=\"2272\">.<\/strong><\/li>\n<\/ul>\n<p>&nbsp;<\/p>\n<p><!--more--><\/p>\n<h4>Informaci\u00f3n adicional :<\/h4>\n<ul style=\"box-sizing: inherit; font-family: Roboto, sans-serif;\">\n<li><strong>Envase<\/strong>: Paquete de 25<\/li>\n<li><strong>Dimensiones<\/strong>: 110 x 58 x 60 mm (L x A x A en mm)<\/li>\n<li><strong>Material<\/strong>: Cart\u00f3n<\/li>\n<li><strong>Color<\/strong>: Rub\u00ed<\/li>\n<li><strong>Capacidad<\/strong>: 250 g<\/li>\n<\/ul>\n<p>&nbsp;<\/p>\n<p><!--more--><\/p>\n<p>Encuentre aqu\u00ed nuestro ballotin rub\u00ed de 375 g: <span style=\"color: #d12727;\"><a style=\"color: #d12727;\" href=\"https:\/\/www.csj-emballages.com\/produit\/25-boites-ballotins-carton-rubis-luxe-375-grammes\/\">BALLO375RUBI<\/a><\/span><\/p>\n<p>&nbsp;<\/p>\n<p><!--more--><\/p>\n<p>Este producto tambi\u00e9n est\u00e1 disponible en diferentes colores: <span style=\"color: #d12727;\"><a style=\"color: #d12727;\" href=\"https:\/\/www.csj-emballages.com\/es\/produit\/25-cajas-blancas-nacaradas-de-250-gramos-con-base-de-carton\/\">Blanco nacarado<\/a><\/span> \/ <span style=\"color: #d12727;\"><a style=\"color: #d12727;\" href=\"https:\/\/www.csj-emballages.com\/produit\/25-boites-ballotins-carton-kraft-250-grammes\/\">Kraft<\/a><\/span> \/ <span style=\"color: #d12727;\"><a style=\"color: #d12727;\" href=\"https:\/\/www.csj-emballages.com\/produit\/25-ballotin-cacao-luxe-250-grammes-avec-fond-carton\/\">Cacao<\/a><\/span> \/ <span style=\"color: #d12727;\"><a style=\"color: #d12727;\" href=\"https:\/\/www.csj-emballages.com\/produit\/25-ballotin-or-250-grammes-avec-fond-carton\/\">Oro<\/a><\/span><\/p>\n<p>&nbsp;<\/p>\n<p><!--more--><\/p>\n<p><a href=\"https:\/\/www.csj-emballages.com\/es\/categorie-produit\/envasado-de-alimentos\/panaderia-y-pasteleria\/cajas-y-estuches\/cajas\/\">Ver el resto de nuestra gama de urnas<\/a><\/p>\n","protected":false},"excerpt":{"rendered":"<p>Caja de rub\u00edes Descripci\u00f3n de nuestra caja de rub\u00edes 250 gramos con base de cart\u00f3n, paquete de 25<\/p>\n","protected":false},"featured_media":242254,"template":"","meta":{"_acf_changed":false},"product_brand":[],"product_cat":[1150,1145,2044,2075,1270],"product_tag":[],"class_list":{"0":"post-19315","1":"product","2":"type-product","3":"status-publish","4":"has-post-thumbnail","6":"product_cat-envasado-de-alimentos","7":"product_cat-panaderia-y-pasteleria","8":"product_cat-cajas","9":"product_cat-cajas-de-rubies-de-lujo","10":"product_cat-descuentos","12":"first","13":"instock","14":"sale","15":"taxable","16":"shipping-taxable","17":"purchasable","18":"product-type-simple"},"acf":[],"yoast_head":"<!-- This site is optimized with the Yoast SEO Premium plugin v26.6 (Yoast SEO v26.6) - https:\/\/yoast.com\/wordpress\/plugins\/seo\/ -->\n<title>Bol\u00edgrafo Rub\u00ed de 250 gramos con dorso de cart\u00f3n, 25 por caja<\/title>\n<meta name=\"description\" content=\"Elegante caja bombones rub\u00ed de 250 g con fondo de cart\u00f3n, se vende por 25 unidades. Ideal para bombones y confiter\u00eda, elegante y pr\u00e1ctico para sus embalajes.\" \/>\n<meta name=\"robots\" content=\"index, follow, max-snippet:-1, max-image-preview:large, max-video-preview:-1\" \/>\n<link rel=\"canonical\" href=\"https:\/\/www.csj-emballages.com\/es\/produit\/25-cajas-de-rubies-de-lujo-de-250-gramos-con-base-de-carton\/\" \/>\n<meta property=\"og:locale\" content=\"es_ES\" \/>\n<meta property=\"og:type\" content=\"article\" \/>\n<meta property=\"og:title\" content=\"Lujoso ballotin rub\u00ed de 250 gramos con base de cart\u00f3n, paquete de 25\" \/>\n<meta property=\"og:description\" content=\"Elegante caja bombones rub\u00ed de 250 g con fondo de cart\u00f3n, se vende por 25 unidades. Ideal para bombones y confiter\u00eda, elegante y pr\u00e1ctico para sus embalajes.\" \/>\n<meta property=\"og:url\" content=\"https:\/\/www.csj-emballages.com\/es\/produit\/25-cajas-de-rubies-de-lujo-de-250-gramos-con-base-de-carton\/\" \/>\n<meta property=\"og:site_name\" content=\"CSJ Emballages\" \/>\n<meta property=\"article:publisher\" content=\"https:\/\/www.facebook.com\/csjemballages\" \/>\n<meta property=\"article:modified_time\" content=\"2026-03-12T15:11:03+00:00\" \/>\n<meta property=\"og:image\" content=\"https:\/\/www.csj-emballages.com\/wp-content\/uploads\/2024\/03\/BALLO250RUBI.webp\" \/>\n\t<meta property=\"og:image:width\" content=\"800\" \/>\n\t<meta property=\"og:image:height\" content=\"800\" \/>\n\t<meta property=\"og:image:type\" content=\"image\/webp\" \/>\n<meta name=\"twitter:card\" content=\"summary_large_image\" \/>\n<meta name=\"twitter:label1\" content=\"Tiempo de lectura\" \/>\n\t<meta name=\"twitter:data1\" content=\"2 minutos\" \/>\n<script type=\"application\/ld+json\" class=\"yoast-schema-graph\">{\"@context\":\"https:\/\/schema.org\",\"@graph\":[{\"@type\":\"WebPage\",\"@id\":\"https:\/\/www.csj-emballages.com\/es\/produit\/25-cajas-de-rubies-de-lujo-de-250-gramos-con-base-de-carton\/\",\"url\":\"https:\/\/www.csj-emballages.com\/es\/produit\/25-cajas-de-rubies-de-lujo-de-250-gramos-con-base-de-carton\/\",\"name\":\"Bol\u00edgrafo Rub\u00ed de 250 gramos con dorso de cart\u00f3n, 25 por caja\",\"isPartOf\":{\"@id\":\"https:\/\/www.csj-emballages.com\/es\/#website\"},\"primaryImageOfPage\":{\"@id\":\"https:\/\/www.csj-emballages.com\/es\/produit\/25-cajas-de-rubies-de-lujo-de-250-gramos-con-base-de-carton\/#primaryimage\"},\"image\":{\"@id\":\"https:\/\/www.csj-emballages.com\/es\/produit\/25-cajas-de-rubies-de-lujo-de-250-gramos-con-base-de-carton\/#primaryimage\"},\"thumbnailUrl\":\"https:\/\/www.csj-emballages.com\/wp-content\/uploads\/2024\/03\/BALLO250RUBI.webp\",\"datePublished\":\"2024-03-01T15:57:22+00:00\",\"dateModified\":\"2026-03-12T15:11:03+00:00\",\"description\":\"Elegante caja bombones rub\u00ed de 250 g con fondo de cart\u00f3n, se vende por 25 unidades. Ideal para bombones y confiter\u00eda, elegante y pr\u00e1ctico para sus embalajes.\",\"breadcrumb\":{\"@id\":\"https:\/\/www.csj-emballages.com\/es\/produit\/25-cajas-de-rubies-de-lujo-de-250-gramos-con-base-de-carton\/#breadcrumb\"},\"inLanguage\":\"es\",\"potentialAction\":[{\"@type\":\"ReadAction\",\"target\":[\"https:\/\/www.csj-emballages.com\/es\/produit\/25-cajas-de-rubies-de-lujo-de-250-gramos-con-base-de-carton\/\"]}]},{\"@type\":\"ImageObject\",\"inLanguage\":\"es\",\"@id\":\"https:\/\/www.csj-emballages.com\/es\/produit\/25-cajas-de-rubies-de-lujo-de-250-gramos-con-base-de-carton\/#primaryimage\",\"url\":\"https:\/\/www.csj-emballages.com\/wp-content\/uploads\/2024\/03\/BALLO250RUBI.webp\",\"contentUrl\":\"https:\/\/www.csj-emballages.com\/wp-content\/uploads\/2024\/03\/BALLO250RUBI.webp\",\"width\":800,\"height\":800,\"caption\":\"Ballotin rubis\"},{\"@type\":\"BreadcrumbList\",\"@id\":\"https:\/\/www.csj-emballages.com\/es\/produit\/25-cajas-de-rubies-de-lujo-de-250-gramos-con-base-de-carton\/#breadcrumb\",\"itemListElement\":[{\"@type\":\"ListItem\",\"position\":1,\"name\":\"Accueil\",\"item\":\"https:\/\/www.csj-emballages.com\/es\/universo-del-envasado-alimentario\/\"},{\"@type\":\"ListItem\",\"position\":2,\"name\":\"Tienda\",\"item\":\"https:\/\/www.csj-emballages.com\/tienda\/\"},{\"@type\":\"ListItem\",\"position\":3,\"name\":\"Lujoso ballotin rub\u00ed de 250 gramos con base de cart\u00f3n, paquete de 25\"}]},{\"@type\":\"WebSite\",\"@id\":\"https:\/\/www.csj-emballages.com\/es\/#website\",\"url\":\"https:\/\/www.csj-emballages.com\/es\/\",\"name\":\"CSJ Emballages\",\"description\":\"\",\"publisher\":{\"@id\":\"https:\/\/www.csj-emballages.com\/es\/#organization\"},\"potentialAction\":[{\"@type\":\"SearchAction\",\"target\":{\"@type\":\"EntryPoint\",\"urlTemplate\":\"https:\/\/www.csj-emballages.com\/es\/?s={search_term_string}\"},\"query-input\":{\"@type\":\"PropertyValueSpecification\",\"valueRequired\":true,\"valueName\":\"search_term_string\"}}],\"inLanguage\":\"es\"},{\"@type\":\"Organization\",\"@id\":\"https:\/\/www.csj-emballages.com\/es\/#Organization\/\",\"name\":\"CSJ Emballages\",\"url\":\"https:\/\/www.csj-emballages.com\/es\/\",\"logo\":{\"@type\":\"ImageObject\",\"inLanguage\":\"es\",\"@id\":\"https:\/\/www.csj-emballages.com\/es\/#\/schema\/logo\/image\/\",\"url\":\"https:\/\/www.csj-emballages.com\/wp-content\/uploads\/2023\/10\/logo_csj.webp\",\"contentUrl\":\"https:\/\/www.csj-emballages.com\/wp-content\/uploads\/2023\/10\/logo_csj.webp\",\"width\":250,\"height\":95,\"caption\":\"CSJ Emballages\"},\"image\":{\"@id\":\"https:\/\/www.csj-emballages.com\/es\/#\/schema\/logo\/image\/\"},\"sameAs\":[\"https:\/\/www.facebook.com\/csjemballages\"],\"address\":{\"@type\":\"PostalAddress\",\"streetAddress\":\"ZI La Lechere\",\"addressLocality\":\"Patornay\",\"postalCode\":\"39130\",\"addressCountry\":\"FR\"},\"contactPoint\":[{\"@type\":\"ContactPoint\",\"contactType\":\"Service client\",\"telephone\":\"0384254272\",\"email\":\"contact@csj-emballages.com\"}]}]}<\/script>\n<!-- \/ Yoast SEO Premium plugin. -->","yoast_head_json":{"title":"Bol\u00edgrafo Rub\u00ed de 250 gramos con dorso de cart\u00f3n, 25 por caja","description":"Elegante caja bombones rub\u00ed de 250 g con fondo de cart\u00f3n, se vende por 25 unidades. Ideal para bombones y confiter\u00eda, elegante y pr\u00e1ctico para sus embalajes.","robots":{"index":"index","follow":"follow","max-snippet":"max-snippet:-1","max-image-preview":"max-image-preview:large","max-video-preview":"max-video-preview:-1"},"canonical":"https:\/\/www.csj-emballages.com\/es\/produit\/25-cajas-de-rubies-de-lujo-de-250-gramos-con-base-de-carton\/","og_locale":"es_ES","og_type":"article","og_title":"Lujoso ballotin rub\u00ed de 250 gramos con base de cart\u00f3n, paquete de 25","og_description":"Elegante caja bombones rub\u00ed de 250 g con fondo de cart\u00f3n, se vende por 25 unidades. Ideal para bombones y confiter\u00eda, elegante y pr\u00e1ctico para sus embalajes.","og_url":"https:\/\/www.csj-emballages.com\/es\/produit\/25-cajas-de-rubies-de-lujo-de-250-gramos-con-base-de-carton\/","og_site_name":"CSJ Emballages","article_publisher":"https:\/\/www.facebook.com\/csjemballages","article_modified_time":"2026-03-12T15:11:03+00:00","og_image":[{"width":800,"height":800,"url":"https:\/\/www.csj-emballages.com\/wp-content\/uploads\/2024\/03\/BALLO250RUBI.webp","type":"image\/webp"}],"twitter_card":"summary_large_image","twitter_misc":{"Tiempo de lectura":"2 minutos"},"schema":{"@context":"https:\/\/schema.org","@graph":[{"@type":"WebPage","@id":"https:\/\/www.csj-emballages.com\/es\/produit\/25-cajas-de-rubies-de-lujo-de-250-gramos-con-base-de-carton\/","url":"https:\/\/www.csj-emballages.com\/es\/produit\/25-cajas-de-rubies-de-lujo-de-250-gramos-con-base-de-carton\/","name":"Bol\u00edgrafo Rub\u00ed de 250 gramos con dorso de cart\u00f3n, 25 por caja","isPartOf":{"@id":"https:\/\/www.csj-emballages.com\/es\/#website"},"primaryImageOfPage":{"@id":"https:\/\/www.csj-emballages.com\/es\/produit\/25-cajas-de-rubies-de-lujo-de-250-gramos-con-base-de-carton\/#primaryimage"},"image":{"@id":"https:\/\/www.csj-emballages.com\/es\/produit\/25-cajas-de-rubies-de-lujo-de-250-gramos-con-base-de-carton\/#primaryimage"},"thumbnailUrl":"https:\/\/www.csj-emballages.com\/wp-content\/uploads\/2024\/03\/BALLO250RUBI.webp","datePublished":"2024-03-01T15:57:22+00:00","dateModified":"2026-03-12T15:11:03+00:00","description":"Elegante caja bombones rub\u00ed de 250 g con fondo de cart\u00f3n, se vende por 25 unidades. Ideal para bombones y confiter\u00eda, elegante y pr\u00e1ctico para sus embalajes.","breadcrumb":{"@id":"https:\/\/www.csj-emballages.com\/es\/produit\/25-cajas-de-rubies-de-lujo-de-250-gramos-con-base-de-carton\/#breadcrumb"},"inLanguage":"es","potentialAction":[{"@type":"ReadAction","target":["https:\/\/www.csj-emballages.com\/es\/produit\/25-cajas-de-rubies-de-lujo-de-250-gramos-con-base-de-carton\/"]}]},{"@type":"ImageObject","inLanguage":"es","@id":"https:\/\/www.csj-emballages.com\/es\/produit\/25-cajas-de-rubies-de-lujo-de-250-gramos-con-base-de-carton\/#primaryimage","url":"https:\/\/www.csj-emballages.com\/wp-content\/uploads\/2024\/03\/BALLO250RUBI.webp","contentUrl":"https:\/\/www.csj-emballages.com\/wp-content\/uploads\/2024\/03\/BALLO250RUBI.webp","width":800,"height":800,"caption":"Ballotin rubis"},{"@type":"BreadcrumbList","@id":"https:\/\/www.csj-emballages.com\/es\/produit\/25-cajas-de-rubies-de-lujo-de-250-gramos-con-base-de-carton\/#breadcrumb","itemListElement":[{"@type":"ListItem","position":1,"name":"Accueil","item":"https:\/\/www.csj-emballages.com\/es\/universo-del-envasado-alimentario\/"},{"@type":"ListItem","position":2,"name":"Tienda","item":"https:\/\/www.csj-emballages.com\/tienda\/"},{"@type":"ListItem","position":3,"name":"Lujoso ballotin rub\u00ed de 250 gramos con base de cart\u00f3n, paquete de 25"}]},{"@type":"WebSite","@id":"https:\/\/www.csj-emballages.com\/es\/#website","url":"https:\/\/www.csj-emballages.com\/es\/","name":"CSJ Emballages","description":"","publisher":{"@id":"https:\/\/www.csj-emballages.com\/es\/#organization"},"potentialAction":[{"@type":"SearchAction","target":{"@type":"EntryPoint","urlTemplate":"https:\/\/www.csj-emballages.com\/es\/?s={search_term_string}"},"query-input":{"@type":"PropertyValueSpecification","valueRequired":true,"valueName":"search_term_string"}}],"inLanguage":"es"},{"@type":"Organization","@id":"https:\/\/www.csj-emballages.com\/es\/#Organization\/","name":"CSJ Emballages","url":"https:\/\/www.csj-emballages.com\/es\/","logo":{"@type":"ImageObject","inLanguage":"es","@id":"https:\/\/www.csj-emballages.com\/es\/#\/schema\/logo\/image\/","url":"https:\/\/www.csj-emballages.com\/wp-content\/uploads\/2023\/10\/logo_csj.webp","contentUrl":"https:\/\/www.csj-emballages.com\/wp-content\/uploads\/2023\/10\/logo_csj.webp","width":250,"height":95,"caption":"CSJ Emballages"},"image":{"@id":"https:\/\/www.csj-emballages.com\/es\/#\/schema\/logo\/image\/"},"sameAs":["https:\/\/www.facebook.com\/csjemballages"],"address":{"@type":"PostalAddress","streetAddress":"ZI La Lechere","addressLocality":"Patornay","postalCode":"39130","addressCountry":"FR"},"contactPoint":[{"@type":"ContactPoint","contactType":"Service client","telephone":"0384254272","email":"contact@csj-emballages.com"}]}]}},"df_price":13.63,"df_sale_price":13.63,"df_regular_price":15.14,"df_image_link":"https:\/\/www.csj-emballages.com\/wp-content\/uploads\/2024\/03\/BALLO250RUBI-300x300.webp","tiered_pricing_type":"fixed","tiered_pricing_fixed_rules":[],"tiered_pricing_percentage_rules":[],"tiered_pricing_minimum":1,"tiered_pricing_roles_data":[],"_links":{"self":[{"href":"https:\/\/www.csj-emballages.com\/es\/wp-json\/wp\/v2\/product\/19315","targetHints":{"allow":["GET"]}}],"collection":[{"href":"https:\/\/www.csj-emballages.com\/es\/wp-json\/wp\/v2\/product"}],"about":[{"href":"https:\/\/www.csj-emballages.com\/es\/wp-json\/wp\/v2\/types\/product"}],"wp:featuredmedia":[{"embeddable":true,"href":"https:\/\/www.csj-emballages.com\/es\/wp-json\/wp\/v2\/media\/242254"}],"wp:attachment":[{"href":"https:\/\/www.csj-emballages.com\/es\/wp-json\/wp\/v2\/media?parent=19315"}],"wp:term":[{"taxonomy":"product_brand","embeddable":true,"href":"https:\/\/www.csj-emballages.com\/es\/wp-json\/wp\/v2\/product_brand?post=19315"},{"taxonomy":"product_cat","embeddable":true,"href":"https:\/\/www.csj-emballages.com\/es\/wp-json\/wp\/v2\/product_cat?post=19315"},{"taxonomy":"product_tag","embeddable":true,"href":"https:\/\/www.csj-emballages.com\/es\/wp-json\/wp\/v2\/product_tag?post=19315"}],"curies":[{"name":"wp","href":"https:\/\/api.w.org\/{rel}","templated":true}]}}