{"id":19284,"date":"2024-03-01T16:57:24","date_gmt":"2024-03-01T15:57:24","guid":{"rendered":"https:\/\/u15jnbdpoq.preview.infomaniak.website\/produit\/100-bandejas-de-aluminio-desechables-250-ml-sin-tapa\/"},"modified":"2026-04-03T02:13:10","modified_gmt":"2026-04-03T00:13:10","slug":"100-bandejas-de-aluminio-desechables-250-ml-sin-tapa","status":"publish","type":"product","link":"https:\/\/www.csj-emballages.com\/es\/produit\/100-bandejas-de-aluminio-desechables-250-ml-sin-tapa\/","title":{"rendered":"Bandeja de aluminio no sellable de 250 ml, paquete de 100"},"content":{"rendered":"<h2 class=\"p1\">Bandeja de aluminio<\/h2>\n<hr>\n<h3>Descripci\u00f3n de nuestra bandeja de aluminio no sellable de 250 ml, paquete de 100<\/h3>\n<p><!--more--><\/p>\n<p data-start=\"31\" data-end=\"357\">Ideal para <strong data-start=\"79\" data-end=\"123\">empresas de catering, restaurantes y particulares<\/strong>, esta <strong>bandeja de aluminio<\/strong> <strong data-start=\"157\" data-end=\"167\">de 250<\/strong> ml es perfecta para envasar y transportar sus platos calientes o fr\u00edos. Resistente al calor y a las variaciones de temperatura, puede utilizarse para <strong data-start=\"341\" data-end=\"387\">cocinar, recalentar y conservar<\/strong> alimentos. Gracias a su grosor y practicidad, esta <strong>bandeja de<\/strong> aluminio es una elecci\u00f3n esencial para el escaparate, la presentaci\u00f3n en tienda o incluso el envasado al vac\u00edo. Su <strong>material reciclable<\/strong> la convierte en una soluci\u00f3n respetuosa con el medio ambiente para profesionales y consumidores preocupados por la calidad de sus envases.   <\/p>\n<p data-start=\"63\" data-end=\"551\">\n<p><!--more--><\/p>\n<h4>Sus ventajas:<\/h4>\n<ul>\n<li data-start=\"913\" data-end=\"971\"><strong data-start=\"915\" data-end=\"930\">Versatilidad<\/strong>: Esta bandeja de aluminio es adecuada tanto para platos fr\u00edos como calientes.<\/li>\n<li data-start=\"972\" data-end=\"1041\"><strong data-start=\"974\" data-end=\"998\">Resistencia al calor<\/strong>: Soporta la cocci\u00f3n y el recalentamiento.<\/li>\n<li data-start=\"1042\" data-end=\"1109\"><strong data-start=\"1044\" data-end=\"1066\">Transporte seguro<\/strong>: Ideal para presentaci\u00f3n y envasado al vac\u00edo.<\/li>\n<li data-start=\"1110\" data-end=\"1190\"><strong data-start=\"1112\" data-end=\"1135\">Material reciclable<\/strong>: una soluci\u00f3n m\u00e1s respetuosa con el medio ambiente.<\/li>\n<li data-start=\"1191\" data-end=\"1265\"><strong data-start=\"1193\" data-end=\"1212\">Tama\u00f1o pr\u00e1ctico<\/strong>: 250 ml, perfecto para porciones peque\u00f1as.<\/li>\n<\/ul>\n<p>&nbsp;<\/p>\n<p><!--more--><\/p>\n<h4>Informaci\u00f3n adicional :<\/h4>\n<ul>\n<li><strong>Embalaje<\/strong>: Paquete de 100<\/li>\n<li><strong>Dimensiones<\/strong>: 128 x 85 x 35 mm<\/li>\n<li><strong>Volumen<\/strong>: 250 ml<\/li>\n<li><strong>Material<\/strong>: Aluminio<\/li>\n<li><strong>Resistencia<\/strong>: 60 micras<\/li>\n<li><strong>Temperatura de funcionamiento<\/strong>: -40\u00b0C \/ +350\u00b0C<\/li>\n<\/ul>\n<p>&nbsp;<\/p>\n<p><!--more--><\/p>\n<p>Este producto tambi\u00e9n est\u00e1 disponible en varios tama\u00f1os: <span style=\"color: #d12727\"><a style=\"color: #d12727\" href=\"https:\/\/www.csj-emballages.com\/produit\/100-barquettes-jetables-aluminium-350-ml-non-operculables\/\">350 ml<\/a><\/span> \/ <span style=\"color: #d12727\"><a style=\"color: #d12727\" href=\"https:\/\/www.csj-emballages.com\/produit\/100-barquettes-jetables-aluminium-490ml-non-operculable\/\">490 ml<\/a><\/span> \/ <span style=\"color: #d12727\"><a style=\"color: #d12727\" href=\"https:\/\/www.csj-emballages.com\/produit\/100-barquettes-jetables-aluminium-825-ml-non-operculable\/\">825 ml<\/a><\/span> \/ <span style=\"color: #d12727\"><a style=\"color: #d12727\" href=\"https:\/\/www.csj-emballages.com\/produit\/100-barquettes-jetables-aluminium-890-ml-non-operculable\/\">890 ml<\/a><\/span><\/p>\n<p>&nbsp;<\/p>\n<p><!--more--><\/p>\n<p><a href=\"https:\/\/www.csj-emballages.com\/es\/categorie-produit\/envasado-de-alimentos\/carniceria-y-charcuteria\/bandejas-latas-y-tarros\/bandejas-platos-moldes-bandejas-de-comida-tazas-ramequines-pasteles-de-carne-de-aluminio\/placas-de-aluminio-es\/\">Ver el resto de nuestra gama de envases de aluminio<\/a><\/p>\n","protected":false},"excerpt":{"rendered":"<p>Bandeja de aluminio Descripci\u00f3n de nuestra bandeja de aluminio no sellable de 250 ml, paquete de 100<\/p>\n","protected":false},"featured_media":227787,"template":"","meta":{"_acf_changed":false},"product_brand":[],"product_cat":[1150,1143,2006,2048],"product_tag":[],"class_list":{"0":"post-19284","1":"product","2":"type-product","3":"status-publish","4":"has-post-thumbnail","6":"product_cat-envasado-de-alimentos","7":"product_cat-carniceria-y-charcuteria","8":"product_cat-bandejas-platos-moldes-bandejas-de-comida-tazas-ramequines-pasteles-de-carne-de-aluminio","9":"product_cat-bandejas-no-sellables","11":"first","12":"instock","13":"taxable","14":"shipping-taxable","15":"purchasable","16":"product-type-simple"},"acf":[],"yoast_head":"<!-- This site is optimized with the Yoast SEO Premium plugin v26.6 (Yoast SEO v26.6) - https:\/\/yoast.com\/wordpress\/plugins\/seo\/ -->\n<title>Bandeja de aluminio 250 ml No sellable por 100<\/title>\n<meta name=\"description\" content=\"Bandeja de aluminio no sellable de 250 ml, ideal para cocinar, transportar y almacenar alimentos. Paquete de 100 unidades\" \/>\n<meta name=\"robots\" content=\"index, follow, max-snippet:-1, max-image-preview:large, max-video-preview:-1\" \/>\n<link rel=\"canonical\" href=\"https:\/\/www.csj-emballages.com\/es\/produit\/100-bandejas-de-aluminio-desechables-250-ml-sin-tapa\/\" \/>\n<meta property=\"og:locale\" content=\"es_ES\" \/>\n<meta property=\"og:type\" content=\"article\" \/>\n<meta property=\"og:title\" content=\"Bandeja de aluminio no sellable de 250 ml, paquete de 100\" \/>\n<meta property=\"og:description\" content=\"Bandeja de aluminio no sellable de 250 ml, ideal para cocinar, transportar y almacenar alimentos. Paquete de 100 unidades\" \/>\n<meta property=\"og:url\" content=\"https:\/\/www.csj-emballages.com\/es\/produit\/100-bandejas-de-aluminio-desechables-250-ml-sin-tapa\/\" \/>\n<meta property=\"og:site_name\" content=\"CSJ Emballages\" \/>\n<meta property=\"article:publisher\" content=\"https:\/\/www.facebook.com\/csjemballages\" \/>\n<meta property=\"article:modified_time\" content=\"2026-04-03T00:13:10+00:00\" \/>\n<meta property=\"og:image\" content=\"https:\/\/www.csj-emballages.com\/wp-content\/uploads\/2024\/03\/BA250.webp\" \/>\n\t<meta property=\"og:image:width\" content=\"800\" \/>\n\t<meta property=\"og:image:height\" content=\"799\" \/>\n\t<meta property=\"og:image:type\" content=\"image\/webp\" \/>\n<meta name=\"twitter:card\" content=\"summary_large_image\" \/>\n<meta name=\"twitter:label1\" content=\"Tiempo de lectura\" \/>\n\t<meta name=\"twitter:data1\" content=\"1 minuto\" \/>\n<script type=\"application\/ld+json\" class=\"yoast-schema-graph\">{\"@context\":\"https:\/\/schema.org\",\"@graph\":[{\"@type\":\"WebPage\",\"@id\":\"https:\/\/www.csj-emballages.com\/es\/produit\/100-bandejas-de-aluminio-desechables-250-ml-sin-tapa\/\",\"url\":\"https:\/\/www.csj-emballages.com\/es\/produit\/100-bandejas-de-aluminio-desechables-250-ml-sin-tapa\/\",\"name\":\"Bandeja de aluminio 250 ml No sellable por 100\",\"isPartOf\":{\"@id\":\"https:\/\/www.csj-emballages.com\/es\/#website\"},\"primaryImageOfPage\":{\"@id\":\"https:\/\/www.csj-emballages.com\/es\/produit\/100-bandejas-de-aluminio-desechables-250-ml-sin-tapa\/#primaryimage\"},\"image\":{\"@id\":\"https:\/\/www.csj-emballages.com\/es\/produit\/100-bandejas-de-aluminio-desechables-250-ml-sin-tapa\/#primaryimage\"},\"thumbnailUrl\":\"https:\/\/www.csj-emballages.com\/wp-content\/uploads\/2024\/03\/BA250.webp\",\"datePublished\":\"2024-03-01T15:57:24+00:00\",\"dateModified\":\"2026-04-03T00:13:10+00:00\",\"description\":\"Bandeja de aluminio no sellable de 250 ml, ideal para cocinar, transportar y almacenar alimentos. Paquete de 100 unidades\",\"breadcrumb\":{\"@id\":\"https:\/\/www.csj-emballages.com\/es\/produit\/100-bandejas-de-aluminio-desechables-250-ml-sin-tapa\/#breadcrumb\"},\"inLanguage\":\"es\",\"potentialAction\":[{\"@type\":\"ReadAction\",\"target\":[\"https:\/\/www.csj-emballages.com\/es\/produit\/100-bandejas-de-aluminio-desechables-250-ml-sin-tapa\/\"]}]},{\"@type\":\"ImageObject\",\"inLanguage\":\"es\",\"@id\":\"https:\/\/www.csj-emballages.com\/es\/produit\/100-bandejas-de-aluminio-desechables-250-ml-sin-tapa\/#primaryimage\",\"url\":\"https:\/\/www.csj-emballages.com\/wp-content\/uploads\/2024\/03\/BA250.webp\",\"contentUrl\":\"https:\/\/www.csj-emballages.com\/wp-content\/uploads\/2024\/03\/BA250.webp\",\"width\":800,\"height\":799,\"caption\":\"barquette aluminium\"},{\"@type\":\"BreadcrumbList\",\"@id\":\"https:\/\/www.csj-emballages.com\/es\/produit\/100-bandejas-de-aluminio-desechables-250-ml-sin-tapa\/#breadcrumb\",\"itemListElement\":[{\"@type\":\"ListItem\",\"position\":1,\"name\":\"Accueil\",\"item\":\"https:\/\/www.csj-emballages.com\/es\/universo-del-envasado-alimentario\/\"},{\"@type\":\"ListItem\",\"position\":2,\"name\":\"Tienda\",\"item\":\"https:\/\/www.csj-emballages.com\/tienda\/\"},{\"@type\":\"ListItem\",\"position\":3,\"name\":\"Bandeja de aluminio no sellable de 250 ml, paquete de 100\"}]},{\"@type\":\"WebSite\",\"@id\":\"https:\/\/www.csj-emballages.com\/es\/#website\",\"url\":\"https:\/\/www.csj-emballages.com\/es\/\",\"name\":\"CSJ Emballages\",\"description\":\"\",\"publisher\":{\"@id\":\"https:\/\/www.csj-emballages.com\/es\/#organization\"},\"potentialAction\":[{\"@type\":\"SearchAction\",\"target\":{\"@type\":\"EntryPoint\",\"urlTemplate\":\"https:\/\/www.csj-emballages.com\/es\/?s={search_term_string}\"},\"query-input\":{\"@type\":\"PropertyValueSpecification\",\"valueRequired\":true,\"valueName\":\"search_term_string\"}}],\"inLanguage\":\"es\"},{\"@type\":\"Organization\",\"@id\":\"https:\/\/www.csj-emballages.com\/es\/#Organization\/\",\"name\":\"CSJ Emballages\",\"url\":\"https:\/\/www.csj-emballages.com\/es\/\",\"logo\":{\"@type\":\"ImageObject\",\"inLanguage\":\"es\",\"@id\":\"https:\/\/www.csj-emballages.com\/es\/#\/schema\/logo\/image\/\",\"url\":\"https:\/\/www.csj-emballages.com\/wp-content\/uploads\/2023\/10\/logo_csj.webp\",\"contentUrl\":\"https:\/\/www.csj-emballages.com\/wp-content\/uploads\/2023\/10\/logo_csj.webp\",\"width\":250,\"height\":95,\"caption\":\"CSJ Emballages\"},\"image\":{\"@id\":\"https:\/\/www.csj-emballages.com\/es\/#\/schema\/logo\/image\/\"},\"sameAs\":[\"https:\/\/www.facebook.com\/csjemballages\"],\"address\":{\"@type\":\"PostalAddress\",\"streetAddress\":\"ZI La Lechere\",\"addressLocality\":\"Patornay\",\"postalCode\":\"39130\",\"addressCountry\":\"FR\"},\"contactPoint\":[{\"@type\":\"ContactPoint\",\"contactType\":\"Service client\",\"telephone\":\"0384254272\",\"email\":\"contact@csj-emballages.com\"}]}]}<\/script>\n<!-- \/ Yoast SEO Premium plugin. -->","yoast_head_json":{"title":"Bandeja de aluminio 250 ml No sellable por 100","description":"Bandeja de aluminio no sellable de 250 ml, ideal para cocinar, transportar y almacenar alimentos. Paquete de 100 unidades","robots":{"index":"index","follow":"follow","max-snippet":"max-snippet:-1","max-image-preview":"max-image-preview:large","max-video-preview":"max-video-preview:-1"},"canonical":"https:\/\/www.csj-emballages.com\/es\/produit\/100-bandejas-de-aluminio-desechables-250-ml-sin-tapa\/","og_locale":"es_ES","og_type":"article","og_title":"Bandeja de aluminio no sellable de 250 ml, paquete de 100","og_description":"Bandeja de aluminio no sellable de 250 ml, ideal para cocinar, transportar y almacenar alimentos. Paquete de 100 unidades","og_url":"https:\/\/www.csj-emballages.com\/es\/produit\/100-bandejas-de-aluminio-desechables-250-ml-sin-tapa\/","og_site_name":"CSJ Emballages","article_publisher":"https:\/\/www.facebook.com\/csjemballages","article_modified_time":"2026-04-03T00:13:10+00:00","og_image":[{"width":800,"height":799,"url":"https:\/\/www.csj-emballages.com\/wp-content\/uploads\/2024\/03\/BA250.webp","type":"image\/webp"}],"twitter_card":"summary_large_image","twitter_misc":{"Tiempo de lectura":"1 minuto"},"schema":{"@context":"https:\/\/schema.org","@graph":[{"@type":"WebPage","@id":"https:\/\/www.csj-emballages.com\/es\/produit\/100-bandejas-de-aluminio-desechables-250-ml-sin-tapa\/","url":"https:\/\/www.csj-emballages.com\/es\/produit\/100-bandejas-de-aluminio-desechables-250-ml-sin-tapa\/","name":"Bandeja de aluminio 250 ml No sellable por 100","isPartOf":{"@id":"https:\/\/www.csj-emballages.com\/es\/#website"},"primaryImageOfPage":{"@id":"https:\/\/www.csj-emballages.com\/es\/produit\/100-bandejas-de-aluminio-desechables-250-ml-sin-tapa\/#primaryimage"},"image":{"@id":"https:\/\/www.csj-emballages.com\/es\/produit\/100-bandejas-de-aluminio-desechables-250-ml-sin-tapa\/#primaryimage"},"thumbnailUrl":"https:\/\/www.csj-emballages.com\/wp-content\/uploads\/2024\/03\/BA250.webp","datePublished":"2024-03-01T15:57:24+00:00","dateModified":"2026-04-03T00:13:10+00:00","description":"Bandeja de aluminio no sellable de 250 ml, ideal para cocinar, transportar y almacenar alimentos. Paquete de 100 unidades","breadcrumb":{"@id":"https:\/\/www.csj-emballages.com\/es\/produit\/100-bandejas-de-aluminio-desechables-250-ml-sin-tapa\/#breadcrumb"},"inLanguage":"es","potentialAction":[{"@type":"ReadAction","target":["https:\/\/www.csj-emballages.com\/es\/produit\/100-bandejas-de-aluminio-desechables-250-ml-sin-tapa\/"]}]},{"@type":"ImageObject","inLanguage":"es","@id":"https:\/\/www.csj-emballages.com\/es\/produit\/100-bandejas-de-aluminio-desechables-250-ml-sin-tapa\/#primaryimage","url":"https:\/\/www.csj-emballages.com\/wp-content\/uploads\/2024\/03\/BA250.webp","contentUrl":"https:\/\/www.csj-emballages.com\/wp-content\/uploads\/2024\/03\/BA250.webp","width":800,"height":799,"caption":"barquette aluminium"},{"@type":"BreadcrumbList","@id":"https:\/\/www.csj-emballages.com\/es\/produit\/100-bandejas-de-aluminio-desechables-250-ml-sin-tapa\/#breadcrumb","itemListElement":[{"@type":"ListItem","position":1,"name":"Accueil","item":"https:\/\/www.csj-emballages.com\/es\/universo-del-envasado-alimentario\/"},{"@type":"ListItem","position":2,"name":"Tienda","item":"https:\/\/www.csj-emballages.com\/tienda\/"},{"@type":"ListItem","position":3,"name":"Bandeja de aluminio no sellable de 250 ml, paquete de 100"}]},{"@type":"WebSite","@id":"https:\/\/www.csj-emballages.com\/es\/#website","url":"https:\/\/www.csj-emballages.com\/es\/","name":"CSJ Emballages","description":"","publisher":{"@id":"https:\/\/www.csj-emballages.com\/es\/#organization"},"potentialAction":[{"@type":"SearchAction","target":{"@type":"EntryPoint","urlTemplate":"https:\/\/www.csj-emballages.com\/es\/?s={search_term_string}"},"query-input":{"@type":"PropertyValueSpecification","valueRequired":true,"valueName":"search_term_string"}}],"inLanguage":"es"},{"@type":"Organization","@id":"https:\/\/www.csj-emballages.com\/es\/#Organization\/","name":"CSJ Emballages","url":"https:\/\/www.csj-emballages.com\/es\/","logo":{"@type":"ImageObject","inLanguage":"es","@id":"https:\/\/www.csj-emballages.com\/es\/#\/schema\/logo\/image\/","url":"https:\/\/www.csj-emballages.com\/wp-content\/uploads\/2023\/10\/logo_csj.webp","contentUrl":"https:\/\/www.csj-emballages.com\/wp-content\/uploads\/2023\/10\/logo_csj.webp","width":250,"height":95,"caption":"CSJ Emballages"},"image":{"@id":"https:\/\/www.csj-emballages.com\/es\/#\/schema\/logo\/image\/"},"sameAs":["https:\/\/www.facebook.com\/csjemballages"],"address":{"@type":"PostalAddress","streetAddress":"ZI La Lechere","addressLocality":"Patornay","postalCode":"39130","addressCountry":"FR"},"contactPoint":[{"@type":"ContactPoint","contactType":"Service client","telephone":"0384254272","email":"contact@csj-emballages.com"}]}]}},"df_price":9.56,"df_sale_price":"","df_regular_price":9.56,"df_image_link":"https:\/\/www.csj-emballages.com\/wp-content\/uploads\/2024\/03\/BA250-300x300.webp","tiered_pricing_type":"fixed","tiered_pricing_fixed_rules":[],"tiered_pricing_percentage_rules":[],"tiered_pricing_minimum":1,"tiered_pricing_roles_data":[],"_links":{"self":[{"href":"https:\/\/www.csj-emballages.com\/es\/wp-json\/wp\/v2\/product\/19284","targetHints":{"allow":["GET"]}}],"collection":[{"href":"https:\/\/www.csj-emballages.com\/es\/wp-json\/wp\/v2\/product"}],"about":[{"href":"https:\/\/www.csj-emballages.com\/es\/wp-json\/wp\/v2\/types\/product"}],"wp:featuredmedia":[{"embeddable":true,"href":"https:\/\/www.csj-emballages.com\/es\/wp-json\/wp\/v2\/media\/227787"}],"wp:attachment":[{"href":"https:\/\/www.csj-emballages.com\/es\/wp-json\/wp\/v2\/media?parent=19284"}],"wp:term":[{"taxonomy":"product_brand","embeddable":true,"href":"https:\/\/www.csj-emballages.com\/es\/wp-json\/wp\/v2\/product_brand?post=19284"},{"taxonomy":"product_cat","embeddable":true,"href":"https:\/\/www.csj-emballages.com\/es\/wp-json\/wp\/v2\/product_cat?post=19284"},{"taxonomy":"product_tag","embeddable":true,"href":"https:\/\/www.csj-emballages.com\/es\/wp-json\/wp\/v2\/product_tag?post=19284"}],"curies":[{"name":"wp","href":"https:\/\/api.w.org\/{rel}","templated":true}]}}