{"id":19275,"date":"2024-03-01T16:57:23","date_gmt":"2024-03-01T15:57:23","guid":{"rendered":"https:\/\/u15jnbdpoq.preview.infomaniak.website\/produit\/50-cajas-de-comida-americana-doggy-bag-kraft-de-2-compartimentos-1300-ml\/"},"modified":"2026-04-14T02:12:09","modified_gmt":"2026-04-14T00:12:09","slug":"50-cajas-de-comida-americana-doggy-bag-kraft-de-2-compartimentos-1300-ml","status":"publish","type":"product","link":"https:\/\/www.csj-emballages.com\/es\/produit\/50-cajas-de-comida-americana-doggy-bag-kraft-de-2-compartimentos-1300-ml\/","title":{"rendered":"Fiambrera americana \u00abDoggy Bag\u00bb de 2 compartimentos 1300 ml, paquete de 50"},"content":{"rendered":"<div style=\"font-family: Roboto, sans-serif;\">\n<div style=\"font-family: Roboto, sans-serif;\">\n<div style=\"font-family: Roboto, sans-serif;\">\n<h2>Caja de comida<\/h2>\n<hr>\n<h3>Descripci\u00f3n de nuestra caja de comida americana \u00abDoggy Bag\u00bb 1300 ml por 450<\/h3>\n<p><!--more--><\/p>\n<div class=\"flex-shrink-0 flex flex-col relative items-end\">\n<div class=\"pt-0.5 juice:pt-0\">\n<div class=\"gizmo-bot-avatar flex h-6 w-6 items-center justify-center overflow-hidden rounded-full juice:h-8 juice:w-8\">\n<p data-start=\"255\" data-end=\"766\">Si busca una fiambrera sencilla, pr\u00e1ctica y realmente pensada para su d\u00eda a d\u00eda, la <strong data-start=\"345\" data-end=\"409\">fiambrera americana \u00abDoggy Bag\u00bb de 2 compartimentos y 1300 ml<\/strong> se convertir\u00e1 r\u00e1pidamente en un elemento imprescindible en su cocina. Nada m\u00e1s abrirla, te dar\u00e1s cuenta de sus <strong>dos compartimentos<\/strong> separados. Gracias a ellos, puedes colocar un plato principal en un lado y un acompa\u00f1amiento en el otro, sin riesgo de que se mezclen. De este modo, la presentaci\u00f3n se mantiene limpia y los sabores intactos hasta el momento de comer.   <\/p>\n<p data-start=\"768\" data-end=\"1227\">Su <strong data-start=\"780\" data-end=\"810\">gran capacidad de 1300 ml<\/strong> le ofrece espacio suficiente para servir raciones generosas o men\u00fas completos. Esta <strong data-start=\"345\" data-end=\"409\">fiambrera<\/strong> se adapta f\u00e1cilmente a todas las situaciones, ya sea para llevar, repartir o permitir que sus clientes se lleven las sobras. Adem\u00e1s, es muy f\u00e1cil de usar: puede plegarla y cerrarla en cuesti\u00f3n de segundos, sin forzarla ni perder tiempo.  <\/p>\n<p data-start=\"1229\" data-end=\"1590\">Adem\u00e1s, su material resistente soporta bien <strong>tanto platos fr\u00edos como calientes<\/strong>. Incluso durante el transporte, la caja permanece estable y mantiene los alimentos en su sitio. Adem\u00e1s, su aspecto t\u00edpico <strong>americano<\/strong><strong>de \u00abdoggy bag<\/strong>\u00bb a\u00f1ade un toque moderno y aut\u00e9ntico a su envase, transmitiendo una imagen profesional y pulida a sus clientes.  <\/p>\n<p data-start=\"1592\" data-end=\"1886\">Adem\u00e1s, se vende <strong data-start=\"1618\" data-end=\"1635\">en paquetes de 50 unidades<\/strong>, para que pueda gestionar sus existencias con mayor tranquilidad. Estar\u00e1 mejor organizado, ser\u00e1 m\u00e1s eficiente y le resultar\u00e1 m\u00e1s c\u00f3modo trabajar con \u00e9l cada d\u00eda. En resumen, esta caja es una opci\u00f3n fiable, vers\u00e1til y f\u00e1cil de usar para todas sus comidas para llevar.  <\/p>\n<p data-start=\"1592\" data-end=\"1886\">\n<\/div>\n<\/div>\n<\/div>\n<p><!--more--><\/p>\n<p><strong>Ventajas :<\/strong><\/p>\n<ul>\n<li data-start=\"1915\" data-end=\"1958\"><strong>2 compartimentos<\/strong> para separar los alimentos.<\/li>\n<li data-start=\"1961\" data-end=\"1991\">Gran capacidad de<strong> 1300 ml<\/strong>.<\/li>\n<li data-start=\"1994\" data-end=\"2030\">Adecuado para platos fr\u00edos y calientes.<\/li>\n<li data-start=\"2033\" data-end=\"2061\">Cierre r\u00e1pido y fiable.<\/li>\n<li data-start=\"2064\" data-end=\"2105\">Estilo de<strong>bolso para perros<\/strong>moderno y de alta calidad.<\/li>\n<li data-start=\"2108\" data-end=\"2144\"><strong>Paquete de 50<\/strong>: econ\u00f3mico y pr\u00e1ctico.<\/li>\n<\/ul>\n<p>&nbsp;<\/p>\n<p><!--more--><\/p>\n<h4>Informaci\u00f3n adicional :<\/h4>\n<ul>\n<li><strong>Envase<\/strong>: Paquete de 50<\/li>\n<li><strong>Dimensiones<\/strong>: 135 x 170 x 65 mm<\/li>\n<li><strong>Volumen<\/strong>: 1300 ml<\/li>\n<li><span style=\"font-weight: bold;\">Color <\/span>: Marr\u00f3n<\/li>\n<li><span style=\"font-weight: bold;\">Material <\/span>: Cart\u00f3n<\/li>\n<\/ul>\n<p>&nbsp;<\/p>\n<\/div>\n<\/div>\n<\/div>\n<p><!--more--><\/p>\n<p>Esta fiambrera para perros est\u00e1 disponible en distintos tama\u00f1os: <span style=\"color: #d12727;\"><a style=\"color: #d12727;\" href=\"https:\/\/www.csj-emballages.com\/es\/produit\/450-fiambreras-kraft-doggy-bag-de-780-ml\/\">780 ml<\/a><\/span> \/ <span style=\"color: #d12727;\"><a style=\"color: #d12727;\" href=\"https:\/\/www.csj-emballages.com\/es\/produit\/200-fiambreras-kraft-1500-ml-doggy-bag\/\">1500 ml<\/a><\/span> \/ <span style=\"color: #d12727;\"><a style=\"color: #d12727;\" href=\"https:\/\/www.csj-emballages.com\/es\/produit\/200-cajas-de-comida-kraft-doggy-bag-2000-ml\/\">2000 ml<\/a><\/span> \/ <span style=\"color: #d12727;\"><a style=\"color: #d12727;\" href=\"https:\/\/www.csj-emballages.com\/es\/produit\/40-cajas-de-comida-americana-kraft-doggy-bag-2800-ml\/\">2800 ml<\/a><\/span><\/p>\n<div style=\"font-family: Roboto, sans-serif;\">\n<div style=\"font-family: Roboto, sans-serif;\">\n<div style=\"font-family: Roboto, sans-serif;\">\n<p>&nbsp;<\/p>\n<p><!--more--><\/p>\n<p><a href=\"https:\/\/www.csj-emballages.com\/es\/categorie-produit\/envasado-de-alimentos\/catering-es\/cajas-bandejas-bolsas-conos\/bandejas-cajas-de-carton\/cajas-americanas-para-llevar\/\">Ver el resto de nuestra gama de cajas de cart\u00f3n americanas<\/a><\/p>\n<\/div>\n<\/div>\n<\/div>\n","protected":false},"excerpt":{"rendered":"<p>Caja de comida Descripci\u00f3n de nuestra caja de comida americana \u00abDoggy Bag\u00bb 1300 ml por 450<\/p>\n","protected":false},"featured_media":255270,"template":"","meta":{"_acf_changed":false},"product_brand":[],"product_cat":[1150,1179,2043],"product_tag":[],"class_list":{"0":"post-19275","1":"product","2":"type-product","3":"status-publish","4":"has-post-thumbnail","6":"product_cat-envasado-de-alimentos","7":"product_cat-catering-es","8":"product_cat-cajas-americanas-para-llevar","10":"first","11":"instock","12":"taxable","13":"shipping-taxable","14":"purchasable","15":"product-type-simple"},"acf":[],"yoast_head":"<!-- This site is optimized with the Yoast SEO Premium plugin v26.6 (Yoast SEO v26.6) - https:\/\/yoast.com\/wordpress\/plugins\/seo\/ -->\n<title>Fiambrera americana &quot;Doggy Bag&quot; de 2 compartimentos 1300 ml<\/title>\n<meta name=\"description\" content=\"Fiambrera americana kraft de 780 ml. Ideal para la venta para llevar, s\u00f3lida, pr\u00e1ctica y econ\u00f3mica. Paquete de 450 para restaurantes.\" \/>\n<meta name=\"robots\" content=\"index, follow, max-snippet:-1, max-image-preview:large, max-video-preview:-1\" \/>\n<link rel=\"canonical\" href=\"https:\/\/www.csj-emballages.com\/es\/produit\/50-cajas-de-comida-americana-doggy-bag-kraft-de-2-compartimentos-1300-ml\/\" \/>\n<meta property=\"og:locale\" content=\"es_ES\" \/>\n<meta property=\"og:type\" content=\"article\" \/>\n<meta property=\"og:title\" content=\"Fiambrera americana &quot;Doggy Bag&quot; de 2 compartimentos 1300 ml, paquete de 50\" \/>\n<meta property=\"og:description\" content=\"Fiambrera americana kraft de 780 ml. Ideal para la venta para llevar, s\u00f3lida, pr\u00e1ctica y econ\u00f3mica. Paquete de 450 para restaurantes.\" \/>\n<meta property=\"og:url\" content=\"https:\/\/www.csj-emballages.com\/es\/produit\/50-cajas-de-comida-americana-doggy-bag-kraft-de-2-compartimentos-1300-ml\/\" \/>\n<meta property=\"og:site_name\" content=\"CSJ Emballages\" \/>\n<meta property=\"article:publisher\" content=\"https:\/\/www.facebook.com\/csjemballages\" \/>\n<meta property=\"article:modified_time\" content=\"2026-04-14T00:12:09+00:00\" \/>\n<meta property=\"og:image\" content=\"https:\/\/www.csj-emballages.com\/wp-content\/uploads\/2024\/03\/BAG1302GE.webp\" \/>\n\t<meta property=\"og:image:width\" content=\"800\" \/>\n\t<meta property=\"og:image:height\" content=\"800\" \/>\n\t<meta property=\"og:image:type\" content=\"image\/webp\" \/>\n<meta name=\"twitter:card\" content=\"summary_large_image\" \/>\n<meta name=\"twitter:label1\" content=\"Tiempo de lectura\" \/>\n\t<meta name=\"twitter:data1\" content=\"2 minutos\" \/>\n<script type=\"application\/ld+json\" class=\"yoast-schema-graph\">{\"@context\":\"https:\/\/schema.org\",\"@graph\":[{\"@type\":\"WebPage\",\"@id\":\"https:\/\/www.csj-emballages.com\/es\/produit\/50-cajas-de-comida-americana-doggy-bag-kraft-de-2-compartimentos-1300-ml\/\",\"url\":\"https:\/\/www.csj-emballages.com\/es\/produit\/50-cajas-de-comida-americana-doggy-bag-kraft-de-2-compartimentos-1300-ml\/\",\"name\":\"Fiambrera americana \\\"Doggy Bag\\\" de 2 compartimentos 1300 ml\",\"isPartOf\":{\"@id\":\"https:\/\/www.csj-emballages.com\/es\/#website\"},\"primaryImageOfPage\":{\"@id\":\"https:\/\/www.csj-emballages.com\/es\/produit\/50-cajas-de-comida-americana-doggy-bag-kraft-de-2-compartimentos-1300-ml\/#primaryimage\"},\"image\":{\"@id\":\"https:\/\/www.csj-emballages.com\/es\/produit\/50-cajas-de-comida-americana-doggy-bag-kraft-de-2-compartimentos-1300-ml\/#primaryimage\"},\"thumbnailUrl\":\"https:\/\/www.csj-emballages.com\/wp-content\/uploads\/2024\/03\/BAG1302GE.webp\",\"datePublished\":\"2024-03-01T15:57:23+00:00\",\"dateModified\":\"2026-04-14T00:12:09+00:00\",\"description\":\"Fiambrera americana kraft de 780 ml. Ideal para la venta para llevar, s\u00f3lida, pr\u00e1ctica y econ\u00f3mica. Paquete de 450 para restaurantes.\",\"breadcrumb\":{\"@id\":\"https:\/\/www.csj-emballages.com\/es\/produit\/50-cajas-de-comida-americana-doggy-bag-kraft-de-2-compartimentos-1300-ml\/#breadcrumb\"},\"inLanguage\":\"es\",\"potentialAction\":[{\"@type\":\"ReadAction\",\"target\":[\"https:\/\/www.csj-emballages.com\/es\/produit\/50-cajas-de-comida-americana-doggy-bag-kraft-de-2-compartimentos-1300-ml\/\"]}]},{\"@type\":\"ImageObject\",\"inLanguage\":\"es\",\"@id\":\"https:\/\/www.csj-emballages.com\/es\/produit\/50-cajas-de-comida-americana-doggy-bag-kraft-de-2-compartimentos-1300-ml\/#primaryimage\",\"url\":\"https:\/\/www.csj-emballages.com\/wp-content\/uploads\/2024\/03\/BAG1302GE.webp\",\"contentUrl\":\"https:\/\/www.csj-emballages.com\/wp-content\/uploads\/2024\/03\/BAG1302GE.webp\",\"width\":800,\"height\":800,\"caption\":\"Boite repas\"},{\"@type\":\"BreadcrumbList\",\"@id\":\"https:\/\/www.csj-emballages.com\/es\/produit\/50-cajas-de-comida-americana-doggy-bag-kraft-de-2-compartimentos-1300-ml\/#breadcrumb\",\"itemListElement\":[{\"@type\":\"ListItem\",\"position\":1,\"name\":\"Accueil\",\"item\":\"https:\/\/www.csj-emballages.com\/es\/universo-del-envasado-alimentario\/\"},{\"@type\":\"ListItem\",\"position\":2,\"name\":\"Tienda\",\"item\":\"https:\/\/www.csj-emballages.com\/tienda\/\"},{\"@type\":\"ListItem\",\"position\":3,\"name\":\"Fiambrera americana \u00ab\u00a0Doggy Bag\u00a0\u00bb de 2 compartimentos 1300 ml, paquete de 50\"}]},{\"@type\":\"WebSite\",\"@id\":\"https:\/\/www.csj-emballages.com\/es\/#website\",\"url\":\"https:\/\/www.csj-emballages.com\/es\/\",\"name\":\"CSJ Emballages\",\"description\":\"\",\"publisher\":{\"@id\":\"https:\/\/www.csj-emballages.com\/es\/#organization\"},\"potentialAction\":[{\"@type\":\"SearchAction\",\"target\":{\"@type\":\"EntryPoint\",\"urlTemplate\":\"https:\/\/www.csj-emballages.com\/es\/?s={search_term_string}\"},\"query-input\":{\"@type\":\"PropertyValueSpecification\",\"valueRequired\":true,\"valueName\":\"search_term_string\"}}],\"inLanguage\":\"es\"},{\"@type\":\"Organization\",\"@id\":\"https:\/\/www.csj-emballages.com\/es\/#Organization\/\",\"name\":\"CSJ Emballages\",\"url\":\"https:\/\/www.csj-emballages.com\/es\/\",\"logo\":{\"@type\":\"ImageObject\",\"inLanguage\":\"es\",\"@id\":\"https:\/\/www.csj-emballages.com\/es\/#\/schema\/logo\/image\/\",\"url\":\"https:\/\/www.csj-emballages.com\/wp-content\/uploads\/2023\/10\/logo_csj.webp\",\"contentUrl\":\"https:\/\/www.csj-emballages.com\/wp-content\/uploads\/2023\/10\/logo_csj.webp\",\"width\":250,\"height\":95,\"caption\":\"CSJ Emballages\"},\"image\":{\"@id\":\"https:\/\/www.csj-emballages.com\/es\/#\/schema\/logo\/image\/\"},\"sameAs\":[\"https:\/\/www.facebook.com\/csjemballages\"],\"address\":{\"@type\":\"PostalAddress\",\"streetAddress\":\"ZI La Lechere\",\"addressLocality\":\"Patornay\",\"postalCode\":\"39130\",\"addressCountry\":\"FR\"},\"contactPoint\":[{\"@type\":\"ContactPoint\",\"contactType\":\"Service client\",\"telephone\":\"0384254272\",\"email\":\"contact@csj-emballages.com\"}]}]}<\/script>\n<!-- \/ Yoast SEO Premium plugin. -->","yoast_head_json":{"title":"Fiambrera americana \"Doggy Bag\" de 2 compartimentos 1300 ml","description":"Fiambrera americana kraft de 780 ml. Ideal para la venta para llevar, s\u00f3lida, pr\u00e1ctica y econ\u00f3mica. Paquete de 450 para restaurantes.","robots":{"index":"index","follow":"follow","max-snippet":"max-snippet:-1","max-image-preview":"max-image-preview:large","max-video-preview":"max-video-preview:-1"},"canonical":"https:\/\/www.csj-emballages.com\/es\/produit\/50-cajas-de-comida-americana-doggy-bag-kraft-de-2-compartimentos-1300-ml\/","og_locale":"es_ES","og_type":"article","og_title":"Fiambrera americana \"Doggy Bag\" de 2 compartimentos 1300 ml, paquete de 50","og_description":"Fiambrera americana kraft de 780 ml. Ideal para la venta para llevar, s\u00f3lida, pr\u00e1ctica y econ\u00f3mica. Paquete de 450 para restaurantes.","og_url":"https:\/\/www.csj-emballages.com\/es\/produit\/50-cajas-de-comida-americana-doggy-bag-kraft-de-2-compartimentos-1300-ml\/","og_site_name":"CSJ Emballages","article_publisher":"https:\/\/www.facebook.com\/csjemballages","article_modified_time":"2026-04-14T00:12:09+00:00","og_image":[{"width":800,"height":800,"url":"https:\/\/www.csj-emballages.com\/wp-content\/uploads\/2024\/03\/BAG1302GE.webp","type":"image\/webp"}],"twitter_card":"summary_large_image","twitter_misc":{"Tiempo de lectura":"2 minutos"},"schema":{"@context":"https:\/\/schema.org","@graph":[{"@type":"WebPage","@id":"https:\/\/www.csj-emballages.com\/es\/produit\/50-cajas-de-comida-americana-doggy-bag-kraft-de-2-compartimentos-1300-ml\/","url":"https:\/\/www.csj-emballages.com\/es\/produit\/50-cajas-de-comida-americana-doggy-bag-kraft-de-2-compartimentos-1300-ml\/","name":"Fiambrera americana \"Doggy Bag\" de 2 compartimentos 1300 ml","isPartOf":{"@id":"https:\/\/www.csj-emballages.com\/es\/#website"},"primaryImageOfPage":{"@id":"https:\/\/www.csj-emballages.com\/es\/produit\/50-cajas-de-comida-americana-doggy-bag-kraft-de-2-compartimentos-1300-ml\/#primaryimage"},"image":{"@id":"https:\/\/www.csj-emballages.com\/es\/produit\/50-cajas-de-comida-americana-doggy-bag-kraft-de-2-compartimentos-1300-ml\/#primaryimage"},"thumbnailUrl":"https:\/\/www.csj-emballages.com\/wp-content\/uploads\/2024\/03\/BAG1302GE.webp","datePublished":"2024-03-01T15:57:23+00:00","dateModified":"2026-04-14T00:12:09+00:00","description":"Fiambrera americana kraft de 780 ml. Ideal para la venta para llevar, s\u00f3lida, pr\u00e1ctica y econ\u00f3mica. Paquete de 450 para restaurantes.","breadcrumb":{"@id":"https:\/\/www.csj-emballages.com\/es\/produit\/50-cajas-de-comida-americana-doggy-bag-kraft-de-2-compartimentos-1300-ml\/#breadcrumb"},"inLanguage":"es","potentialAction":[{"@type":"ReadAction","target":["https:\/\/www.csj-emballages.com\/es\/produit\/50-cajas-de-comida-americana-doggy-bag-kraft-de-2-compartimentos-1300-ml\/"]}]},{"@type":"ImageObject","inLanguage":"es","@id":"https:\/\/www.csj-emballages.com\/es\/produit\/50-cajas-de-comida-americana-doggy-bag-kraft-de-2-compartimentos-1300-ml\/#primaryimage","url":"https:\/\/www.csj-emballages.com\/wp-content\/uploads\/2024\/03\/BAG1302GE.webp","contentUrl":"https:\/\/www.csj-emballages.com\/wp-content\/uploads\/2024\/03\/BAG1302GE.webp","width":800,"height":800,"caption":"Boite repas"},{"@type":"BreadcrumbList","@id":"https:\/\/www.csj-emballages.com\/es\/produit\/50-cajas-de-comida-americana-doggy-bag-kraft-de-2-compartimentos-1300-ml\/#breadcrumb","itemListElement":[{"@type":"ListItem","position":1,"name":"Accueil","item":"https:\/\/www.csj-emballages.com\/es\/universo-del-envasado-alimentario\/"},{"@type":"ListItem","position":2,"name":"Tienda","item":"https:\/\/www.csj-emballages.com\/tienda\/"},{"@type":"ListItem","position":3,"name":"Fiambrera americana \u00ab\u00a0Doggy Bag\u00a0\u00bb de 2 compartimentos 1300 ml, paquete de 50"}]},{"@type":"WebSite","@id":"https:\/\/www.csj-emballages.com\/es\/#website","url":"https:\/\/www.csj-emballages.com\/es\/","name":"CSJ Emballages","description":"","publisher":{"@id":"https:\/\/www.csj-emballages.com\/es\/#organization"},"potentialAction":[{"@type":"SearchAction","target":{"@type":"EntryPoint","urlTemplate":"https:\/\/www.csj-emballages.com\/es\/?s={search_term_string}"},"query-input":{"@type":"PropertyValueSpecification","valueRequired":true,"valueName":"search_term_string"}}],"inLanguage":"es"},{"@type":"Organization","@id":"https:\/\/www.csj-emballages.com\/es\/#Organization\/","name":"CSJ Emballages","url":"https:\/\/www.csj-emballages.com\/es\/","logo":{"@type":"ImageObject","inLanguage":"es","@id":"https:\/\/www.csj-emballages.com\/es\/#\/schema\/logo\/image\/","url":"https:\/\/www.csj-emballages.com\/wp-content\/uploads\/2023\/10\/logo_csj.webp","contentUrl":"https:\/\/www.csj-emballages.com\/wp-content\/uploads\/2023\/10\/logo_csj.webp","width":250,"height":95,"caption":"CSJ Emballages"},"image":{"@id":"https:\/\/www.csj-emballages.com\/es\/#\/schema\/logo\/image\/"},"sameAs":["https:\/\/www.facebook.com\/csjemballages"],"address":{"@type":"PostalAddress","streetAddress":"ZI La Lechere","addressLocality":"Patornay","postalCode":"39130","addressCountry":"FR"},"contactPoint":[{"@type":"ContactPoint","contactType":"Service client","telephone":"0384254272","email":"contact@csj-emballages.com"}]}]}},"df_price":19.25,"df_sale_price":"","df_regular_price":19.25,"df_image_link":"https:\/\/www.csj-emballages.com\/wp-content\/uploads\/2024\/03\/BAG1302GE-300x300.webp","tiered_pricing_type":"fixed","tiered_pricing_fixed_rules":[],"tiered_pricing_percentage_rules":[],"tiered_pricing_minimum":1,"tiered_pricing_roles_data":[],"_links":{"self":[{"href":"https:\/\/www.csj-emballages.com\/es\/wp-json\/wp\/v2\/product\/19275","targetHints":{"allow":["GET"]}}],"collection":[{"href":"https:\/\/www.csj-emballages.com\/es\/wp-json\/wp\/v2\/product"}],"about":[{"href":"https:\/\/www.csj-emballages.com\/es\/wp-json\/wp\/v2\/types\/product"}],"wp:featuredmedia":[{"embeddable":true,"href":"https:\/\/www.csj-emballages.com\/es\/wp-json\/wp\/v2\/media\/255270"}],"wp:attachment":[{"href":"https:\/\/www.csj-emballages.com\/es\/wp-json\/wp\/v2\/media?parent=19275"}],"wp:term":[{"taxonomy":"product_brand","embeddable":true,"href":"https:\/\/www.csj-emballages.com\/es\/wp-json\/wp\/v2\/product_brand?post=19275"},{"taxonomy":"product_cat","embeddable":true,"href":"https:\/\/www.csj-emballages.com\/es\/wp-json\/wp\/v2\/product_cat?post=19275"},{"taxonomy":"product_tag","embeddable":true,"href":"https:\/\/www.csj-emballages.com\/es\/wp-json\/wp\/v2\/product_tag?post=19275"}],"curies":[{"name":"wp","href":"https:\/\/api.w.org\/{rel}","templated":true}]}}