{"id":19259,"date":"2024-03-01T16:57:24","date_gmt":"2024-03-01T15:57:24","guid":{"rendered":"https:\/\/u15jnbdpoq.preview.infomaniak.website\/produit\/40-cajas-de-comida-americana-kraft-doggy-bag-2800-ml\/"},"modified":"2026-03-20T02:10:49","modified_gmt":"2026-03-20T01:10:49","slug":"40-cajas-de-comida-americana-kraft-doggy-bag-2800-ml","status":"publish","type":"product","link":"https:\/\/www.csj-emballages.com\/es\/produit\/40-cajas-de-comida-americana-kraft-doggy-bag-2800-ml\/","title":{"rendered":"Doggy Bag\u00bb caja de comida americana 2800 ml por 40"},"content":{"rendered":"<div style=\"font-family: Roboto, sans-serif;\">\n<div style=\"font-family: Roboto, sans-serif;\">\n<div style=\"font-family: Roboto, sans-serif;\">\n<h4>Caja de comida<\/h4>\n<hr>\n<h3>Descripci\u00f3n de nuestra caja de comida americana \u00abDoggy Bag\u00bb 2800 ml por 40<\/h3>\n<p><!--more--><\/p>\n<div class=\"flex-shrink-0 flex flex-col relative items-end\">\n<div class=\"pt-0.5 juice:pt-0\">\n<div class=\"gizmo-bot-avatar flex h-6 w-6 items-center justify-center overflow-hidden rounded-full juice:h-8 juice:w-8\">\n<p data-start=\"214\" data-end=\"702\">Si busca un envase pr\u00e1ctico, generoso y realmente adaptado a sus necesidades diarias, la <strong data-start=\"311\" data-end=\"357\">fiambrera americana \u00abDoggy Bag\u00bb de 2800<\/strong> ml se convertir\u00e1 r\u00e1pidamente en un activo para su organizaci\u00f3n. Nada m\u00e1s cogerla, notar\u00e1 inmediatamente su robustez y su tama\u00f1o ideal para porciones copiosas. Con sus <strong>2.800 ml de<\/strong> capacidad, podr\u00e1 servir platos completos, ensaladas bien surtidas o preparaciones generosas sin quedarse sin espacio. Esta <strong data-start=\"311\" data-end=\"357\">fiambrera<\/strong> tambi\u00e9n es f\u00e1cil de usar. La pliegas, la cierras y en unos segundos tu comida est\u00e1 lista para llevar o entregar. Gracias a su estructura r\u00edgida, es muy resistente tanto a los platos calientes como a los fr\u00edos, lo que garantiza un transporte seguro y una presentaci\u00f3n limpia a la llegada.     <\/p>\n<p data-start=\"1060\" data-end=\"1408\">En segundo lugar, su aspecto de aut\u00e9ntica<strong>bolsa<\/strong> <strong>americana para<\/strong> perros a\u00f1ade un verdadero plus a su imagen. Sus clientes apreciar\u00e1n tanto su estilo como su practicidad. Demuestra que elige soluciones de envasado modernas, sencillas y eficaces. De este modo, refuerza la confianza de sus clientes al tiempo que les ofrece una experiencia coherente y agradable.   <\/p>\n<p data-start=\"1410\" data-end=\"1763\">Adem\u00e1s, este modelo se vende <strong data-start=\"1444\" data-end=\"1462\">en paquetes de 40 unidades<\/strong>, por lo que dispondr\u00e1 de existencias suficientes para mantener el ritmo de su negocio. Tanto si es propietario de un restaurante, un servicio de catering o un servicio de aperitivos, este formato de gran cantidad le ahorrar\u00e1 tiempo, garantizar\u00e1 la continuidad de sus servicios y le ayudar\u00e1 a anticiparse mejor a sus necesidades. <\/p>\n<p data-start=\"1765\" data-end=\"1959\">En resumen, esta <strong data-start=\"311\" data-end=\"357\">fiambrera<\/strong> <strong>de 2800 ml<\/strong> es una opci\u00f3n fiable, pr\u00e1ctica e ideal para todas sus comidas para llevar. Combina volumen, sencillez y robustez para un uso diario. <\/p>\n<p data-start=\"1765\" data-end=\"1959\">\n<\/div>\n<\/div>\n<\/div>\n<p><!--more--><\/p>\n<h4><strong>Ventajas :<\/strong><\/h4>\n<ul>\n<li data-start=\"1988\" data-end=\"2016\">Gran capacidad de <strong>2800 ml<\/strong>.<\/li>\n<li data-start=\"2019\" data-end=\"2065\">Ideal para platos generosos y men\u00fas completos.<\/li>\n<li data-start=\"2068\" data-end=\"2107\">Resistente a platos fr\u00edos y calientes.<\/li>\n<li data-start=\"2110\" data-end=\"2149\">Cierre sencillo, r\u00e1pido y seguro.<\/li>\n<li data-start=\"2152\" data-end=\"2191\">El aspecto \u00ab<strong>Doggy Bag<\/strong>\u00bb es muy popular entre los clientes.<\/li>\n<li data-start=\"2194\" data-end=\"2238\"><strong>Paquete de 40<\/strong>: perfecto para grandes necesidades.<\/li>\n<\/ul>\n<p>&nbsp;<\/p>\n<p><!--more--><\/p>\n<h4>Informaci\u00f3n adicional :<\/h4>\n<ul>\n<li><strong>Envase<\/strong>: Paquete de 40<\/li>\n<li><strong>Dimensiones<\/strong>: 215 x 160 x 90 mm<\/li>\n<li><strong>Volumen<\/strong>: 2800 ml<\/li>\n<li><span style=\"font-weight: bold;\">Color <\/span>: Marr\u00f3n<\/li>\n<li><span style=\"font-weight: bold;\">Material <\/span>: Cart\u00f3n<\/li>\n<\/ul>\n<p>&nbsp;<\/p>\n<\/div>\n<\/div>\n<\/div>\n<p><!--more--><\/p>\n<p>Esta fiambrera para perros est\u00e1 disponible en diferentes tama\u00f1os: <span style=\"color: #d12727;\"><a style=\"color: #d12727;\" href=\"https:\/\/www.csj-emballages.com\/es\/produit\/450-fiambreras-kraft-doggy-bag-de-780-ml\/\">780 ml<\/a><\/span> \/ <span style=\"color: #d12727;\"><a style=\"color: #d12727;\" href=\"https:\/\/www.csj-emballages.com\/es\/produit\/50-cajas-de-comida-americana-doggy-bag-kraft-de-2-compartimentos-1300-ml\/\">1300 ml<\/a><\/span> \/ <span style=\"color: #d12727;\"><a style=\"color: #d12727;\" href=\"https:\/\/www.csj-emballages.com\/es\/produit\/200-fiambreras-kraft-1500-ml-doggy-bag\/\">1500 ml<\/a><\/span> \/ <span style=\"color: #d12727;\"><a style=\"color: #d12727;\" href=\"https:\/\/www.csj-emballages.com\/es\/produit\/200-cajas-de-comida-kraft-doggy-bag-2000-ml\/\">2000 ml<\/a><\/span><\/p>\n<div style=\"font-family: Roboto, sans-serif;\">\n<div style=\"font-family: Roboto, sans-serif;\">\n<div style=\"font-family: Roboto, sans-serif;\">\n<p>&nbsp;<\/p>\n<p><!--more--><\/p>\n<p><a href=\"https:\/\/www.csj-emballages.com\/es\/categorie-produit\/envasado-de-alimentos\/catering-es\/cajas-bandejas-bolsas-conos\/bandejas-cajas-de-carton\/cajas-americanas-para-llevar\/\">Ver el resto de nuestra gama de cajas de cart\u00f3n americanas<\/a><\/p>\n<\/div>\n<\/div>\n<\/div>\n","protected":false},"excerpt":{"rendered":"<p>Caja de comida Descripci\u00f3n de nuestra caja de comida americana \u00abDoggy Bag\u00bb 2800 ml por 40<\/p>\n","protected":false},"featured_media":255288,"template":"","meta":{"_acf_changed":false},"product_brand":[],"product_cat":[1150,1179,2043,1270],"product_tag":[],"class_list":{"0":"post-19259","1":"product","2":"type-product","3":"status-publish","4":"has-post-thumbnail","6":"product_cat-envasado-de-alimentos","7":"product_cat-catering-es","8":"product_cat-cajas-americanas-para-llevar","9":"product_cat-descuentos","11":"first","12":"instock","13":"sale","14":"taxable","15":"shipping-taxable","16":"purchasable","17":"product-type-simple"},"acf":[],"yoast_head":"<!-- This site is optimized with the Yoast SEO Premium plugin v26.6 (Yoast SEO v26.6) - https:\/\/yoast.com\/wordpress\/plugins\/seo\/ -->\n<title>Doggy Bag&quot; American Meal Pack 2800 ml, 40 envases<\/title>\n<meta name=\"description\" content=\"Fiambrera americana &quot;Doggy Bag&quot; de 2800 ml - paquete de 200 Resistente, pr\u00e1ctica e ideal para comidas generosas para llevar.\" \/>\n<meta name=\"robots\" content=\"index, follow, max-snippet:-1, max-image-preview:large, max-video-preview:-1\" \/>\n<link rel=\"canonical\" href=\"https:\/\/www.csj-emballages.com\/es\/produit\/40-cajas-de-comida-americana-kraft-doggy-bag-2800-ml\/\" \/>\n<meta property=\"og:locale\" content=\"es_ES\" \/>\n<meta property=\"og:type\" content=\"article\" \/>\n<meta property=\"og:title\" content=\"Doggy Bag&quot; caja de comida americana 2800 ml por 40\" \/>\n<meta property=\"og:description\" content=\"Fiambrera americana &quot;Doggy Bag&quot; de 2800 ml - paquete de 200 Resistente, pr\u00e1ctica e ideal para comidas generosas para llevar.\" \/>\n<meta property=\"og:url\" content=\"https:\/\/www.csj-emballages.com\/es\/produit\/40-cajas-de-comida-americana-kraft-doggy-bag-2800-ml\/\" \/>\n<meta property=\"og:site_name\" content=\"CSJ Emballages\" \/>\n<meta property=\"article:publisher\" content=\"https:\/\/www.facebook.com\/csjemballages\" \/>\n<meta property=\"article:modified_time\" content=\"2026-03-20T01:10:49+00:00\" \/>\n<meta property=\"og:image\" content=\"https:\/\/www.csj-emballages.com\/wp-content\/uploads\/2024\/03\/BAG2800GE.webp\" \/>\n\t<meta property=\"og:image:width\" content=\"800\" \/>\n\t<meta property=\"og:image:height\" content=\"799\" \/>\n\t<meta property=\"og:image:type\" content=\"image\/webp\" \/>\n<meta name=\"twitter:card\" content=\"summary_large_image\" \/>\n<meta name=\"twitter:label1\" content=\"Tiempo de lectura\" \/>\n\t<meta name=\"twitter:data1\" content=\"2 minutos\" \/>\n<script type=\"application\/ld+json\" class=\"yoast-schema-graph\">{\"@context\":\"https:\/\/schema.org\",\"@graph\":[{\"@type\":\"WebPage\",\"@id\":\"https:\/\/www.csj-emballages.com\/es\/produit\/40-cajas-de-comida-americana-kraft-doggy-bag-2800-ml\/\",\"url\":\"https:\/\/www.csj-emballages.com\/es\/produit\/40-cajas-de-comida-americana-kraft-doggy-bag-2800-ml\/\",\"name\":\"Doggy Bag\\\" American Meal Pack 2800 ml, 40 envases\",\"isPartOf\":{\"@id\":\"https:\/\/www.csj-emballages.com\/es\/#website\"},\"primaryImageOfPage\":{\"@id\":\"https:\/\/www.csj-emballages.com\/es\/produit\/40-cajas-de-comida-americana-kraft-doggy-bag-2800-ml\/#primaryimage\"},\"image\":{\"@id\":\"https:\/\/www.csj-emballages.com\/es\/produit\/40-cajas-de-comida-americana-kraft-doggy-bag-2800-ml\/#primaryimage\"},\"thumbnailUrl\":\"https:\/\/www.csj-emballages.com\/wp-content\/uploads\/2024\/03\/BAG2800GE.webp\",\"datePublished\":\"2024-03-01T15:57:24+00:00\",\"dateModified\":\"2026-03-20T01:10:49+00:00\",\"description\":\"Fiambrera americana \\\"Doggy Bag\\\" de 2800 ml - paquete de 200 Resistente, pr\u00e1ctica e ideal para comidas generosas para llevar.\",\"breadcrumb\":{\"@id\":\"https:\/\/www.csj-emballages.com\/es\/produit\/40-cajas-de-comida-americana-kraft-doggy-bag-2800-ml\/#breadcrumb\"},\"inLanguage\":\"es\",\"potentialAction\":[{\"@type\":\"ReadAction\",\"target\":[\"https:\/\/www.csj-emballages.com\/es\/produit\/40-cajas-de-comida-americana-kraft-doggy-bag-2800-ml\/\"]}]},{\"@type\":\"ImageObject\",\"inLanguage\":\"es\",\"@id\":\"https:\/\/www.csj-emballages.com\/es\/produit\/40-cajas-de-comida-americana-kraft-doggy-bag-2800-ml\/#primaryimage\",\"url\":\"https:\/\/www.csj-emballages.com\/wp-content\/uploads\/2024\/03\/BAG2800GE.webp\",\"contentUrl\":\"https:\/\/www.csj-emballages.com\/wp-content\/uploads\/2024\/03\/BAG2800GE.webp\",\"width\":800,\"height\":799,\"caption\":\"Boite repas\"},{\"@type\":\"BreadcrumbList\",\"@id\":\"https:\/\/www.csj-emballages.com\/es\/produit\/40-cajas-de-comida-americana-kraft-doggy-bag-2800-ml\/#breadcrumb\",\"itemListElement\":[{\"@type\":\"ListItem\",\"position\":1,\"name\":\"Accueil\",\"item\":\"https:\/\/www.csj-emballages.com\/es\/universo-del-envasado-alimentario\/\"},{\"@type\":\"ListItem\",\"position\":2,\"name\":\"Tienda\",\"item\":\"https:\/\/www.csj-emballages.com\/tienda\/\"},{\"@type\":\"ListItem\",\"position\":3,\"name\":\"Doggy Bag\u00a0\u00bb caja de comida americana 2800 ml por 40\"}]},{\"@type\":\"WebSite\",\"@id\":\"https:\/\/www.csj-emballages.com\/es\/#website\",\"url\":\"https:\/\/www.csj-emballages.com\/es\/\",\"name\":\"CSJ Emballages\",\"description\":\"\",\"publisher\":{\"@id\":\"https:\/\/www.csj-emballages.com\/es\/#organization\"},\"potentialAction\":[{\"@type\":\"SearchAction\",\"target\":{\"@type\":\"EntryPoint\",\"urlTemplate\":\"https:\/\/www.csj-emballages.com\/es\/?s={search_term_string}\"},\"query-input\":{\"@type\":\"PropertyValueSpecification\",\"valueRequired\":true,\"valueName\":\"search_term_string\"}}],\"inLanguage\":\"es\"},{\"@type\":\"Organization\",\"@id\":\"https:\/\/www.csj-emballages.com\/es\/#Organization\/\",\"name\":\"CSJ Emballages\",\"url\":\"https:\/\/www.csj-emballages.com\/es\/\",\"logo\":{\"@type\":\"ImageObject\",\"inLanguage\":\"es\",\"@id\":\"https:\/\/www.csj-emballages.com\/es\/#\/schema\/logo\/image\/\",\"url\":\"https:\/\/www.csj-emballages.com\/wp-content\/uploads\/2023\/10\/logo_csj.webp\",\"contentUrl\":\"https:\/\/www.csj-emballages.com\/wp-content\/uploads\/2023\/10\/logo_csj.webp\",\"width\":250,\"height\":95,\"caption\":\"CSJ Emballages\"},\"image\":{\"@id\":\"https:\/\/www.csj-emballages.com\/es\/#\/schema\/logo\/image\/\"},\"sameAs\":[\"https:\/\/www.facebook.com\/csjemballages\"],\"address\":{\"@type\":\"PostalAddress\",\"streetAddress\":\"ZI La Lechere\",\"addressLocality\":\"Patornay\",\"postalCode\":\"39130\",\"addressCountry\":\"FR\"},\"contactPoint\":[{\"@type\":\"ContactPoint\",\"contactType\":\"Service client\",\"telephone\":\"0384254272\",\"email\":\"contact@csj-emballages.com\"}]}]}<\/script>\n<!-- \/ Yoast SEO Premium plugin. -->","yoast_head_json":{"title":"Doggy Bag\" American Meal Pack 2800 ml, 40 envases","description":"Fiambrera americana \"Doggy Bag\" de 2800 ml - paquete de 200 Resistente, pr\u00e1ctica e ideal para comidas generosas para llevar.","robots":{"index":"index","follow":"follow","max-snippet":"max-snippet:-1","max-image-preview":"max-image-preview:large","max-video-preview":"max-video-preview:-1"},"canonical":"https:\/\/www.csj-emballages.com\/es\/produit\/40-cajas-de-comida-americana-kraft-doggy-bag-2800-ml\/","og_locale":"es_ES","og_type":"article","og_title":"Doggy Bag\" caja de comida americana 2800 ml por 40","og_description":"Fiambrera americana \"Doggy Bag\" de 2800 ml - paquete de 200 Resistente, pr\u00e1ctica e ideal para comidas generosas para llevar.","og_url":"https:\/\/www.csj-emballages.com\/es\/produit\/40-cajas-de-comida-americana-kraft-doggy-bag-2800-ml\/","og_site_name":"CSJ Emballages","article_publisher":"https:\/\/www.facebook.com\/csjemballages","article_modified_time":"2026-03-20T01:10:49+00:00","og_image":[{"width":800,"height":799,"url":"https:\/\/www.csj-emballages.com\/wp-content\/uploads\/2024\/03\/BAG2800GE.webp","type":"image\/webp"}],"twitter_card":"summary_large_image","twitter_misc":{"Tiempo de lectura":"2 minutos"},"schema":{"@context":"https:\/\/schema.org","@graph":[{"@type":"WebPage","@id":"https:\/\/www.csj-emballages.com\/es\/produit\/40-cajas-de-comida-americana-kraft-doggy-bag-2800-ml\/","url":"https:\/\/www.csj-emballages.com\/es\/produit\/40-cajas-de-comida-americana-kraft-doggy-bag-2800-ml\/","name":"Doggy Bag\" American Meal Pack 2800 ml, 40 envases","isPartOf":{"@id":"https:\/\/www.csj-emballages.com\/es\/#website"},"primaryImageOfPage":{"@id":"https:\/\/www.csj-emballages.com\/es\/produit\/40-cajas-de-comida-americana-kraft-doggy-bag-2800-ml\/#primaryimage"},"image":{"@id":"https:\/\/www.csj-emballages.com\/es\/produit\/40-cajas-de-comida-americana-kraft-doggy-bag-2800-ml\/#primaryimage"},"thumbnailUrl":"https:\/\/www.csj-emballages.com\/wp-content\/uploads\/2024\/03\/BAG2800GE.webp","datePublished":"2024-03-01T15:57:24+00:00","dateModified":"2026-03-20T01:10:49+00:00","description":"Fiambrera americana \"Doggy Bag\" de 2800 ml - paquete de 200 Resistente, pr\u00e1ctica e ideal para comidas generosas para llevar.","breadcrumb":{"@id":"https:\/\/www.csj-emballages.com\/es\/produit\/40-cajas-de-comida-americana-kraft-doggy-bag-2800-ml\/#breadcrumb"},"inLanguage":"es","potentialAction":[{"@type":"ReadAction","target":["https:\/\/www.csj-emballages.com\/es\/produit\/40-cajas-de-comida-americana-kraft-doggy-bag-2800-ml\/"]}]},{"@type":"ImageObject","inLanguage":"es","@id":"https:\/\/www.csj-emballages.com\/es\/produit\/40-cajas-de-comida-americana-kraft-doggy-bag-2800-ml\/#primaryimage","url":"https:\/\/www.csj-emballages.com\/wp-content\/uploads\/2024\/03\/BAG2800GE.webp","contentUrl":"https:\/\/www.csj-emballages.com\/wp-content\/uploads\/2024\/03\/BAG2800GE.webp","width":800,"height":799,"caption":"Boite repas"},{"@type":"BreadcrumbList","@id":"https:\/\/www.csj-emballages.com\/es\/produit\/40-cajas-de-comida-americana-kraft-doggy-bag-2800-ml\/#breadcrumb","itemListElement":[{"@type":"ListItem","position":1,"name":"Accueil","item":"https:\/\/www.csj-emballages.com\/es\/universo-del-envasado-alimentario\/"},{"@type":"ListItem","position":2,"name":"Tienda","item":"https:\/\/www.csj-emballages.com\/tienda\/"},{"@type":"ListItem","position":3,"name":"Doggy Bag\u00a0\u00bb caja de comida americana 2800 ml por 40"}]},{"@type":"WebSite","@id":"https:\/\/www.csj-emballages.com\/es\/#website","url":"https:\/\/www.csj-emballages.com\/es\/","name":"CSJ Emballages","description":"","publisher":{"@id":"https:\/\/www.csj-emballages.com\/es\/#organization"},"potentialAction":[{"@type":"SearchAction","target":{"@type":"EntryPoint","urlTemplate":"https:\/\/www.csj-emballages.com\/es\/?s={search_term_string}"},"query-input":{"@type":"PropertyValueSpecification","valueRequired":true,"valueName":"search_term_string"}}],"inLanguage":"es"},{"@type":"Organization","@id":"https:\/\/www.csj-emballages.com\/es\/#Organization\/","name":"CSJ Emballages","url":"https:\/\/www.csj-emballages.com\/es\/","logo":{"@type":"ImageObject","inLanguage":"es","@id":"https:\/\/www.csj-emballages.com\/es\/#\/schema\/logo\/image\/","url":"https:\/\/www.csj-emballages.com\/wp-content\/uploads\/2023\/10\/logo_csj.webp","contentUrl":"https:\/\/www.csj-emballages.com\/wp-content\/uploads\/2023\/10\/logo_csj.webp","width":250,"height":95,"caption":"CSJ Emballages"},"image":{"@id":"https:\/\/www.csj-emballages.com\/es\/#\/schema\/logo\/image\/"},"sameAs":["https:\/\/www.facebook.com\/csjemballages"],"address":{"@type":"PostalAddress","streetAddress":"ZI La Lechere","addressLocality":"Patornay","postalCode":"39130","addressCountry":"FR"},"contactPoint":[{"@type":"ContactPoint","contactType":"Service client","telephone":"0384254272","email":"contact@csj-emballages.com"}]}]}},"df_price":11.99,"df_sale_price":11.99,"df_regular_price":17.14,"df_image_link":"https:\/\/www.csj-emballages.com\/wp-content\/uploads\/2024\/03\/BAG2800GE-300x300.webp","tiered_pricing_type":"fixed","tiered_pricing_fixed_rules":[],"tiered_pricing_percentage_rules":[],"tiered_pricing_minimum":1,"tiered_pricing_roles_data":[],"_links":{"self":[{"href":"https:\/\/www.csj-emballages.com\/es\/wp-json\/wp\/v2\/product\/19259","targetHints":{"allow":["GET"]}}],"collection":[{"href":"https:\/\/www.csj-emballages.com\/es\/wp-json\/wp\/v2\/product"}],"about":[{"href":"https:\/\/www.csj-emballages.com\/es\/wp-json\/wp\/v2\/types\/product"}],"wp:featuredmedia":[{"embeddable":true,"href":"https:\/\/www.csj-emballages.com\/es\/wp-json\/wp\/v2\/media\/255288"}],"wp:attachment":[{"href":"https:\/\/www.csj-emballages.com\/es\/wp-json\/wp\/v2\/media?parent=19259"}],"wp:term":[{"taxonomy":"product_brand","embeddable":true,"href":"https:\/\/www.csj-emballages.com\/es\/wp-json\/wp\/v2\/product_brand?post=19259"},{"taxonomy":"product_cat","embeddable":true,"href":"https:\/\/www.csj-emballages.com\/es\/wp-json\/wp\/v2\/product_cat?post=19259"},{"taxonomy":"product_tag","embeddable":true,"href":"https:\/\/www.csj-emballages.com\/es\/wp-json\/wp\/v2\/product_tag?post=19259"}],"curies":[{"name":"wp","href":"https:\/\/api.w.org\/{rel}","templated":true}]}}