{"id":19223,"date":"2024-03-01T16:57:27","date_gmt":"2024-03-01T15:57:27","guid":{"rendered":"https:\/\/u15jnbdpoq.preview.infomaniak.website\/produit\/100-platos-desechables-redondos-de-papel-blanco-23-cm\/"},"modified":"2026-05-03T15:00:32","modified_gmt":"2026-05-03T13:00:32","slug":"100-platos-desechables-redondos-de-papel-blanco-23-cm","status":"publish","type":"product","link":"https:\/\/www.csj-emballages.com\/es\/produit\/100-platos-desechables-redondos-de-papel-blanco-23-cm\/","title":{"rendered":"Plato de papel redondo blanco de 23 cm por 100"},"content":{"rendered":"<h2>Placa blanca<\/h2>\n<hr>\n<h3>Descubra nuestro plato de papel redondo blanco de 23 cm por 100<\/h3>\n<p><!--more--><\/p>\n<p data-start=\"194\" data-end=\"688\">Si busca una forma sencilla, limpia y elegante de servir la comida, estos <strong>platos redondos blancos<\/strong> <strong>de 23 cm<\/strong> son justo lo que necesita. Su <g id=\"gid_2\">elegante<\/g> dise\u00f1o permite utilizarlos en cualquier lugar: en un buf\u00e9, en un evento de empresa, en una fiesta familiar, en un snack bar o en una comida para llevar&#8230; Se integran en cualquier decoraci\u00f3n sin robar protagonismo a la comida. Su <strong>color blanco<\/strong> resalta de forma natural lo que est\u00e9 sirviendo, ya sea un pastel, un entrante, una tarta o una peque\u00f1a porci\u00f3n caliente.  <\/p>\n<p data-start=\"690\" data-end=\"1029\">Gracias a su <strong>cart\u00f3n r\u00edgido<\/strong>, pueden manejar f\u00e1cilmente los platos cotidianos. No se hunden en cuanto se a\u00f1ade una raci\u00f3n generosa, lo que las hace muy pr\u00e1cticas en situaciones de ritmo r\u00e1pido. Se pueden apilar, distribuir r\u00e1pidamente y utilizar sin miedo a que se deshagan en mitad del servicio.  <\/p>\n<p data-start=\"1031\" data-end=\"1315\">Como se venden <strong data-start=\"1056\" data-end=\"1067\">en paquetes de 100<\/strong> unidades, dispondr\u00e1 de un c\u00f3modo stock para d\u00edas ajetreados o eventos en los que tenga que servir a mucha gente. Este formato evita que se agoten las existencias y te permite mantenerte organizado sin tener que estar yendo y viniendo para reponerlas. <\/p>\n<p data-start=\"1317\" data-end=\"1671\">Tambi\u00e9n ofrecen una ventaja importante: su sencillez. No tienes que perder tiempo clasificando, limpiando o emparejando la vajilla. Basta con cogerla, servirla y tirarla. Es limpio, r\u00e1pido y eficaz. Para los profesionales, es un verdadero soplo de aire fresco; para los particulares, es la soluci\u00f3n ideal para evitar la tarea de fregar los platos despu\u00e9s de una fiesta.    <\/p>\n<p data-start=\"1673\" data-end=\"1890\">En resumen, estos <strong>platos de papel blancos<\/strong> combinan <strong data-start=\"1727\" data-end=\"1765\">discreci\u00f3n, practicidad y fiabilidad<\/strong>. Cumplen perfectamente su funci\u00f3n sin exagerar, y eso es exactamente lo que quieres de un buen plato desechable. <\/p>\n<p data-start=\"1673\" data-end=\"1890\"><!--more--><\/p>\n<h4>Ventajas :<\/h4>\n<ul>\n<li data-start=\"1918\" data-end=\"1969\"><strong>Elegante<\/strong> estilo <strong>blanco<\/strong> que resalta lo mejor de los alimentos.<\/li>\n<li data-start=\"1972\" data-end=\"2009\"><strong>Cart\u00f3n r\u00edgido<\/strong>, buen agarre.<\/li>\n<li data-start=\"2012\" data-end=\"2069\">Ideal para buffets, eventos, picnics y aperitivos.<\/li>\n<li data-start=\"2072\" data-end=\"2101\">Pr\u00e1ctico paquete de <strong>100<\/strong>.<\/li>\n<li data-start=\"2104\" data-end=\"2149\">R\u00e1pido de usar y sin necesidad de lavar.<\/li>\n<\/ul>\n<p>&nbsp;<\/p>\n<p><!--more--><\/p>\n<h4>Informaci\u00f3n adicional :<\/h4>\n<ul>\n<li><strong>Embalaje<\/strong>: Paquete de 100<\/li>\n<li><strong>Dimensiones<\/strong>: 23 x 2,3 (\u00d8 x A en cm)<\/li>\n<li><strong>Material<\/strong>: Cart\u00f3n<\/li>\n<li><strong>Color<\/strong>: blanco<\/li>\n<\/ul>\n<p>&nbsp;<\/p>\n<p><!--more--><\/p>\n<p>Este plato de papel de \u00d823 cm tambi\u00e9n est\u00e1 disponible en \u00d818 cm : <span style=\"color: #d12727;\"><a style=\"color: #d12727;\" href=\"https:\/\/www.csj-emballages.com\/es\/produit\/100-platos-de-postre-desechables-redondos-planos-de-carton-blanco-18-cm\/\">AS18CART<\/a><\/span><\/p>\n<p>&nbsp;<\/p>\n<p><!--more--><\/p>\n<p><a href=\"https:\/\/www.csj-emballages.com\/es\/categorie-produit\/envasado-de-alimentos\/catering-es\/platos-cubiertos-desechables-pajitas\/platos-de-papel-redondos-desechables\/\">Ver el resto de nuestra gama de platos de papel blanco  <\/a><\/p>\n","protected":false},"excerpt":{"rendered":"<p>Placa blanca Descubra nuestro plato de papel redondo blanco de 23 cm por 100<\/p>\n","protected":false},"featured_media":165723,"template":"","meta":{"_acf_changed":false},"product_brand":[],"product_cat":[2019],"product_tag":[],"class_list":{"0":"post-19223","1":"product","2":"type-product","3":"status-publish","4":"has-post-thumbnail","6":"product_cat-platos-de-papel-redondos-desechables","8":"first","9":"instock","10":"taxable","11":"shipping-taxable","12":"purchasable","13":"product-type-simple"},"acf":[],"yoast_head":"<!-- This site is optimized with the Yoast SEO Premium plugin v26.6 (Yoast SEO v26.6) - https:\/\/yoast.com\/wordpress\/plugins\/seo\/ -->\n<title>Plato redondo de cart\u00f3n blanco - 23 cm<\/title>\n<meta name=\"description\" content=\"Descubra nuestro plato de papel blanco redondo de 23 cm. Le ofrecemos un Pack de 100 platos de papel a un Precio de Descuento\" \/>\n<meta name=\"robots\" content=\"index, follow, max-snippet:-1, max-image-preview:large, max-video-preview:-1\" \/>\n<link rel=\"canonical\" href=\"https:\/\/www.csj-emballages.com\/es\/produit\/100-platos-desechables-redondos-de-papel-blanco-23-cm\/\" \/>\n<meta property=\"og:locale\" content=\"es_ES\" \/>\n<meta property=\"og:type\" content=\"article\" \/>\n<meta property=\"og:title\" content=\"Plato de papel redondo blanco de 23 cm por 100\" \/>\n<meta property=\"og:description\" content=\"Descubra nuestro plato de papel blanco redondo de 23 cm. Le ofrecemos un Pack de 100 platos de papel a un Precio de Descuento\" \/>\n<meta property=\"og:url\" content=\"https:\/\/www.csj-emballages.com\/es\/produit\/100-platos-desechables-redondos-de-papel-blanco-23-cm\/\" \/>\n<meta property=\"og:site_name\" content=\"CSJ Emballages\" \/>\n<meta property=\"article:publisher\" content=\"https:\/\/www.facebook.com\/csjemballages\" \/>\n<meta property=\"article:modified_time\" content=\"2026-05-03T13:00:32+00:00\" \/>\n<meta property=\"og:image\" content=\"https:\/\/www.csj-emballages.com\/wp-content\/uploads\/2024\/03\/50-assiettes-en-carton-rondes-blanches-18cm-p-image-221704-grande-jpg-e1731485037601.webp\" \/>\n\t<meta property=\"og:image:width\" content=\"1000\" \/>\n\t<meta property=\"og:image:height\" content=\"1000\" \/>\n\t<meta property=\"og:image:type\" content=\"image\/jpeg\" \/>\n<meta name=\"twitter:card\" content=\"summary_large_image\" \/>\n<meta name=\"twitter:label1\" content=\"Tiempo de lectura\" \/>\n\t<meta name=\"twitter:data1\" content=\"2 minutos\" \/>\n<script type=\"application\/ld+json\" class=\"yoast-schema-graph\">{\"@context\":\"https:\/\/schema.org\",\"@graph\":[{\"@type\":\"WebPage\",\"@id\":\"https:\/\/www.csj-emballages.com\/es\/produit\/100-platos-desechables-redondos-de-papel-blanco-23-cm\/\",\"url\":\"https:\/\/www.csj-emballages.com\/es\/produit\/100-platos-desechables-redondos-de-papel-blanco-23-cm\/\",\"name\":\"Plato redondo de cart\u00f3n blanco - 23 cm\",\"isPartOf\":{\"@id\":\"https:\/\/www.csj-emballages.com\/es\/#website\"},\"primaryImageOfPage\":{\"@id\":\"https:\/\/www.csj-emballages.com\/es\/produit\/100-platos-desechables-redondos-de-papel-blanco-23-cm\/#primaryimage\"},\"image\":{\"@id\":\"https:\/\/www.csj-emballages.com\/es\/produit\/100-platos-desechables-redondos-de-papel-blanco-23-cm\/#primaryimage\"},\"thumbnailUrl\":\"https:\/\/www.csj-emballages.com\/wp-content\/uploads\/2024\/03\/50-assiettes-en-carton-rondes-blanches-18cm-p-image-221704-grande-jpg-e1731485037601.webp\",\"datePublished\":\"2024-03-01T15:57:27+00:00\",\"dateModified\":\"2026-05-03T13:00:32+00:00\",\"description\":\"Descubra nuestro plato de papel blanco redondo de 23 cm. Le ofrecemos un Pack de 100 platos de papel a un Precio de Descuento\",\"breadcrumb\":{\"@id\":\"https:\/\/www.csj-emballages.com\/es\/produit\/100-platos-desechables-redondos-de-papel-blanco-23-cm\/#breadcrumb\"},\"inLanguage\":\"es\",\"potentialAction\":[{\"@type\":\"ReadAction\",\"target\":[\"https:\/\/www.csj-emballages.com\/es\/produit\/100-platos-desechables-redondos-de-papel-blanco-23-cm\/\"]}]},{\"@type\":\"ImageObject\",\"inLanguage\":\"es\",\"@id\":\"https:\/\/www.csj-emballages.com\/es\/produit\/100-platos-desechables-redondos-de-papel-blanco-23-cm\/#primaryimage\",\"url\":\"https:\/\/www.csj-emballages.com\/wp-content\/uploads\/2024\/03\/50-assiettes-en-carton-rondes-blanches-18cm-p-image-221704-grande-jpg-e1731485037601.webp\",\"contentUrl\":\"https:\/\/www.csj-emballages.com\/wp-content\/uploads\/2024\/03\/50-assiettes-en-carton-rondes-blanches-18cm-p-image-221704-grande-jpg-e1731485037601.webp\",\"width\":1000,\"height\":1000,\"caption\":\"assiette blanche\"},{\"@type\":\"BreadcrumbList\",\"@id\":\"https:\/\/www.csj-emballages.com\/es\/produit\/100-platos-desechables-redondos-de-papel-blanco-23-cm\/#breadcrumb\",\"itemListElement\":[{\"@type\":\"ListItem\",\"position\":1,\"name\":\"Accueil\",\"item\":\"https:\/\/www.csj-emballages.com\/es\/universo-del-envasado-alimentario\/\"},{\"@type\":\"ListItem\",\"position\":2,\"name\":\"Tienda\",\"item\":\"https:\/\/www.csj-emballages.com\/tienda\/\"},{\"@type\":\"ListItem\",\"position\":3,\"name\":\"Plato de papel redondo blanco de 23 cm por 100\"}]},{\"@type\":\"WebSite\",\"@id\":\"https:\/\/www.csj-emballages.com\/es\/#website\",\"url\":\"https:\/\/www.csj-emballages.com\/es\/\",\"name\":\"CSJ Emballages\",\"description\":\"\",\"publisher\":{\"@id\":\"https:\/\/www.csj-emballages.com\/es\/#organization\"},\"potentialAction\":[{\"@type\":\"SearchAction\",\"target\":{\"@type\":\"EntryPoint\",\"urlTemplate\":\"https:\/\/www.csj-emballages.com\/es\/?s={search_term_string}\"},\"query-input\":{\"@type\":\"PropertyValueSpecification\",\"valueRequired\":true,\"valueName\":\"search_term_string\"}}],\"inLanguage\":\"es\"},{\"@type\":\"Organization\",\"@id\":\"https:\/\/www.csj-emballages.com\/es\/#Organization\/\",\"name\":\"CSJ Emballages\",\"url\":\"https:\/\/www.csj-emballages.com\/es\/\",\"logo\":{\"@type\":\"ImageObject\",\"inLanguage\":\"es\",\"@id\":\"https:\/\/www.csj-emballages.com\/es\/#\/schema\/logo\/image\/\",\"url\":\"https:\/\/www.csj-emballages.com\/wp-content\/uploads\/2023\/10\/logo_csj.webp\",\"contentUrl\":\"https:\/\/www.csj-emballages.com\/wp-content\/uploads\/2023\/10\/logo_csj.webp\",\"width\":250,\"height\":95,\"caption\":\"CSJ Emballages\"},\"image\":{\"@id\":\"https:\/\/www.csj-emballages.com\/es\/#\/schema\/logo\/image\/\"},\"sameAs\":[\"https:\/\/www.facebook.com\/csjemballages\"],\"address\":{\"@type\":\"PostalAddress\",\"streetAddress\":\"ZI La Lechere\",\"addressLocality\":\"Patornay\",\"postalCode\":\"39130\",\"addressCountry\":\"FR\"},\"contactPoint\":[{\"@type\":\"ContactPoint\",\"contactType\":\"Service client\",\"telephone\":\"0384254272\",\"email\":\"contact@csj-emballages.com\"}]}]}<\/script>\n<!-- \/ Yoast SEO Premium plugin. -->","yoast_head_json":{"title":"Plato redondo de cart\u00f3n blanco - 23 cm","description":"Descubra nuestro plato de papel blanco redondo de 23 cm. Le ofrecemos un Pack de 100 platos de papel a un Precio de Descuento","robots":{"index":"index","follow":"follow","max-snippet":"max-snippet:-1","max-image-preview":"max-image-preview:large","max-video-preview":"max-video-preview:-1"},"canonical":"https:\/\/www.csj-emballages.com\/es\/produit\/100-platos-desechables-redondos-de-papel-blanco-23-cm\/","og_locale":"es_ES","og_type":"article","og_title":"Plato de papel redondo blanco de 23 cm por 100","og_description":"Descubra nuestro plato de papel blanco redondo de 23 cm. Le ofrecemos un Pack de 100 platos de papel a un Precio de Descuento","og_url":"https:\/\/www.csj-emballages.com\/es\/produit\/100-platos-desechables-redondos-de-papel-blanco-23-cm\/","og_site_name":"CSJ Emballages","article_publisher":"https:\/\/www.facebook.com\/csjemballages","article_modified_time":"2026-05-03T13:00:32+00:00","og_image":[{"width":1000,"height":1000,"url":"https:\/\/www.csj-emballages.com\/wp-content\/uploads\/2024\/03\/50-assiettes-en-carton-rondes-blanches-18cm-p-image-221704-grande-jpg-e1731485037601.webp","type":"image\/jpeg"}],"twitter_card":"summary_large_image","twitter_misc":{"Tiempo de lectura":"2 minutos"},"schema":{"@context":"https:\/\/schema.org","@graph":[{"@type":"WebPage","@id":"https:\/\/www.csj-emballages.com\/es\/produit\/100-platos-desechables-redondos-de-papel-blanco-23-cm\/","url":"https:\/\/www.csj-emballages.com\/es\/produit\/100-platos-desechables-redondos-de-papel-blanco-23-cm\/","name":"Plato redondo de cart\u00f3n blanco - 23 cm","isPartOf":{"@id":"https:\/\/www.csj-emballages.com\/es\/#website"},"primaryImageOfPage":{"@id":"https:\/\/www.csj-emballages.com\/es\/produit\/100-platos-desechables-redondos-de-papel-blanco-23-cm\/#primaryimage"},"image":{"@id":"https:\/\/www.csj-emballages.com\/es\/produit\/100-platos-desechables-redondos-de-papel-blanco-23-cm\/#primaryimage"},"thumbnailUrl":"https:\/\/www.csj-emballages.com\/wp-content\/uploads\/2024\/03\/50-assiettes-en-carton-rondes-blanches-18cm-p-image-221704-grande-jpg-e1731485037601.webp","datePublished":"2024-03-01T15:57:27+00:00","dateModified":"2026-05-03T13:00:32+00:00","description":"Descubra nuestro plato de papel blanco redondo de 23 cm. Le ofrecemos un Pack de 100 platos de papel a un Precio de Descuento","breadcrumb":{"@id":"https:\/\/www.csj-emballages.com\/es\/produit\/100-platos-desechables-redondos-de-papel-blanco-23-cm\/#breadcrumb"},"inLanguage":"es","potentialAction":[{"@type":"ReadAction","target":["https:\/\/www.csj-emballages.com\/es\/produit\/100-platos-desechables-redondos-de-papel-blanco-23-cm\/"]}]},{"@type":"ImageObject","inLanguage":"es","@id":"https:\/\/www.csj-emballages.com\/es\/produit\/100-platos-desechables-redondos-de-papel-blanco-23-cm\/#primaryimage","url":"https:\/\/www.csj-emballages.com\/wp-content\/uploads\/2024\/03\/50-assiettes-en-carton-rondes-blanches-18cm-p-image-221704-grande-jpg-e1731485037601.webp","contentUrl":"https:\/\/www.csj-emballages.com\/wp-content\/uploads\/2024\/03\/50-assiettes-en-carton-rondes-blanches-18cm-p-image-221704-grande-jpg-e1731485037601.webp","width":1000,"height":1000,"caption":"assiette blanche"},{"@type":"BreadcrumbList","@id":"https:\/\/www.csj-emballages.com\/es\/produit\/100-platos-desechables-redondos-de-papel-blanco-23-cm\/#breadcrumb","itemListElement":[{"@type":"ListItem","position":1,"name":"Accueil","item":"https:\/\/www.csj-emballages.com\/es\/universo-del-envasado-alimentario\/"},{"@type":"ListItem","position":2,"name":"Tienda","item":"https:\/\/www.csj-emballages.com\/tienda\/"},{"@type":"ListItem","position":3,"name":"Plato de papel redondo blanco de 23 cm por 100"}]},{"@type":"WebSite","@id":"https:\/\/www.csj-emballages.com\/es\/#website","url":"https:\/\/www.csj-emballages.com\/es\/","name":"CSJ Emballages","description":"","publisher":{"@id":"https:\/\/www.csj-emballages.com\/es\/#organization"},"potentialAction":[{"@type":"SearchAction","target":{"@type":"EntryPoint","urlTemplate":"https:\/\/www.csj-emballages.com\/es\/?s={search_term_string}"},"query-input":{"@type":"PropertyValueSpecification","valueRequired":true,"valueName":"search_term_string"}}],"inLanguage":"es"},{"@type":"Organization","@id":"https:\/\/www.csj-emballages.com\/es\/#Organization\/","name":"CSJ Emballages","url":"https:\/\/www.csj-emballages.com\/es\/","logo":{"@type":"ImageObject","inLanguage":"es","@id":"https:\/\/www.csj-emballages.com\/es\/#\/schema\/logo\/image\/","url":"https:\/\/www.csj-emballages.com\/wp-content\/uploads\/2023\/10\/logo_csj.webp","contentUrl":"https:\/\/www.csj-emballages.com\/wp-content\/uploads\/2023\/10\/logo_csj.webp","width":250,"height":95,"caption":"CSJ Emballages"},"image":{"@id":"https:\/\/www.csj-emballages.com\/es\/#\/schema\/logo\/image\/"},"sameAs":["https:\/\/www.facebook.com\/csjemballages"],"address":{"@type":"PostalAddress","streetAddress":"ZI La Lechere","addressLocality":"Patornay","postalCode":"39130","addressCountry":"FR"},"contactPoint":[{"@type":"ContactPoint","contactType":"Service client","telephone":"0384254272","email":"contact@csj-emballages.com"}]}]}},"df_price":5.11,"df_sale_price":"","df_regular_price":5.11,"df_image_link":"https:\/\/www.csj-emballages.com\/wp-content\/uploads\/2024\/03\/50-assiettes-en-carton-rondes-blanches-18cm-p-image-221704-grande-300x300.webp","tiered_pricing_type":"fixed","tiered_pricing_fixed_rules":[],"tiered_pricing_percentage_rules":[],"tiered_pricing_minimum":1,"tiered_pricing_roles_data":[],"_links":{"self":[{"href":"https:\/\/www.csj-emballages.com\/es\/wp-json\/wp\/v2\/product\/19223","targetHints":{"allow":["GET"]}}],"collection":[{"href":"https:\/\/www.csj-emballages.com\/es\/wp-json\/wp\/v2\/product"}],"about":[{"href":"https:\/\/www.csj-emballages.com\/es\/wp-json\/wp\/v2\/types\/product"}],"wp:featuredmedia":[{"embeddable":true,"href":"https:\/\/www.csj-emballages.com\/es\/wp-json\/wp\/v2\/media\/165723"}],"wp:attachment":[{"href":"https:\/\/www.csj-emballages.com\/es\/wp-json\/wp\/v2\/media?parent=19223"}],"wp:term":[{"taxonomy":"product_brand","embeddable":true,"href":"https:\/\/www.csj-emballages.com\/es\/wp-json\/wp\/v2\/product_brand?post=19223"},{"taxonomy":"product_cat","embeddable":true,"href":"https:\/\/www.csj-emballages.com\/es\/wp-json\/wp\/v2\/product_cat?post=19223"},{"taxonomy":"product_tag","embeddable":true,"href":"https:\/\/www.csj-emballages.com\/es\/wp-json\/wp\/v2\/product_tag?post=19223"}],"curies":[{"name":"wp","href":"https:\/\/api.w.org\/{rel}","templated":true}]}}