{"id":19191,"date":"2024-03-01T16:57:28","date_gmt":"2024-03-01T15:57:28","guid":{"rendered":"https:\/\/u15jnbdpoq.preview.infomaniak.website\/produit\/50-platos-biodegradables-de-22-cm\/"},"modified":"2026-04-04T02:10:55","modified_gmt":"2026-04-04T00:10:55","slug":"50-platos-biodegradables-de-22-cm","status":"publish","type":"product","link":"https:\/\/www.csj-emballages.com\/es\/produit\/50-platos-biodegradables-de-22-cm\/","title":{"rendered":"Plato redondo biodegradable de 22 cm por 50"},"content":{"rendered":"<h2>Plato redondo<\/h2>\n<hr>\n<h3>Descripci\u00f3n de nuestro plato redondo biodegradable de 22 cm por 50<\/h3>\n<p><!--more--><\/p>\n<p data-start=\"211\" data-end=\"605\">\u00bfBusca una soluci\u00f3n pr\u00e1ctica, elegante y respetuosa con el medio ambiente para sus eventos o su negocio de catering? Este <strong data-start=\"357\" data-end=\"398\">plato redondo biodegradable de 22 cm<\/strong> es una apuesta segura. Fabricado con materiales naturales como <strong>el bagazo<\/strong><strong>(pulpa de ca\u00f1a de az\u00facar<\/strong>), ofrece una gran alternativa a los platos de pl\u00e1stico desechables, sin renunciar a la robustez. Sus <strong data-start=\"611\" data-end=\"632\">22 cm de di\u00e1metro<\/strong> lo convierten en un tama\u00f1o polivalente, perfecto para platos principales, abundantes ensaladas o incluso generosos postres. Ya sea para una boda, un buf\u00e9, una fiesta de empresa o un servicio de catering ecorresponsable, combina <strong data-start=\"867\" data-end=\"899\">est\u00e9tica y funcionalidad<\/strong>.    <\/p>\n<p data-start=\"902\" data-end=\"1204\">Resistente tanto a platos fr\u00edos como calientes, incluso se puede meter en el microondas o en el congelador sin que se deforme. \u00bfY una vez usado? \u00a1Al compost! Es <strong data-start=\"1066\" data-end=\"1087\">100% compostable<\/strong>, por lo que podr\u00e1 reducir considerablemente sus residuos manteniendo una imagen profesional y comprometida.   <\/p>\n<p data-start=\"1206\" data-end=\"1445\">Pr\u00e1ctico de transportar y apilable, se presenta en <strong data-start=\"1260\" data-end=\"1273\">paquetes de 50<\/strong> unidades, listo para ser utilizado en todas sus necesidades, ya sea el propietario de un restaurante preocupado por su impacto medioambiental, una autoridad local o un particular que organiza un evento.<\/p>\n<p data-start=\"1377\" data-end=\"1659\"><!--more--><\/p>\n<h4 data-start=\"1377\" data-end=\"1659\">Ventajas :<\/h4>\n<ul>\n<li>100% biodegradable y compostable.<\/li>\n<li>Fabricado a partir de fibras vegetales (bagazo).<\/li>\n<li>Resistente a los l\u00edquidos, la grasa y el calor.<\/li>\n<li>Compatible con microondas.<\/li>\n<li>Un look sobrio y natural para una bonita presentaci\u00f3n.<\/li>\n<li>Perfecto para empresas de catering, restaurantes y particulares.<\/li>\n<\/ul>\n<p>&nbsp;<\/p>\n<p><!--more--><\/p>\n<h4>Informaci\u00f3n adicional :<\/h4>\n<ul>\n<li><strong>Envase<\/strong>: Paquete de 50<\/li>\n<li><b>Di\u00e1metro exterior <\/b>: 230 mm<\/li>\n<li><b>Di\u00e1metro interior <\/b>: 160 mm<\/li>\n<li><strong>Altura<\/strong>: 15 mm<\/li>\n<li><strong>Material<\/strong>: Pulpa de ca\u00f1a de az\u00facar \/ bagazo<\/li>\n<li><strong>Color<\/strong>: Blanco<\/li>\n<li><strong>Temperatura de funcionamiento<\/strong>: -4\u00b0C \/ +100\u00b0C<\/li>\n<\/ul>\n<p>&nbsp;<\/p>\n<p><!--more--><\/p>\n<p>Encuentre aqu\u00ed todos nuestros platos redondos de bagazo disponibles en varios tama\u00f1os: <span style=\"color: #d12727;\"><a style=\"color: #d12727;\" href=\"https:\/\/www.csj-emballages.com\/produit\/50-assiettes-a-dessert-biodegradables-17cm\/\">17 cm<\/a><\/span> \/ <span style=\"color: #d12727;\"><a style=\"color: #d12727;\" href=\"https:\/\/www.csj-emballages.com\/produit\/50-assiettes-biodegradables-26-cm\/\">26 cm<\/a><\/span><\/p>\n<div style=\"text-align: center;\">\n<div style=\"text-align: center;\">\n<div style=\"text-align: center;\">\n<div style=\"text-align: center;\">\n<div style=\"text-align: center;\">\n<div style=\"text-align: center;\">\n<div style=\"text-align: center;\">\n<div style=\"text-align: center;\"><\/div>\n<\/div>\n<\/div>\n<\/div>\n<\/div>\n<\/div>\n<\/div>\n<\/div>\n<p><!--more--><\/p>\n<p><a href=\"https:\/\/www.csj-emballages.com\/es\/categorie-produit\/envasado-de-alimentos\/gama-ecologica\/platos-bandejas-cajas\/placas-ecologicas\/\">Ver el resto de nuestra gama de platos biodegradables<\/a><\/p>\n","protected":false},"excerpt":{"rendered":"<p>Plato redondo Descripci\u00f3n de nuestro plato redondo biodegradable de 22 cm por 50<\/p>\n","protected":false},"featured_media":239714,"template":"","meta":{"_acf_changed":false},"product_brand":[],"product_cat":[1163,2029],"product_tag":[],"class_list":{"0":"post-19191","1":"product","2":"type-product","3":"status-publish","4":"has-post-thumbnail","6":"product_cat-gama-ecologica","7":"product_cat-placas-ecologicas","9":"first","10":"instock","11":"taxable","12":"shipping-taxable","13":"purchasable","14":"product-type-simple"},"acf":[],"yoast_head":"<!-- This site is optimized with the Yoast SEO Premium plugin v26.6 (Yoast SEO v26.6) - https:\/\/yoast.com\/wordpress\/plugins\/seo\/ -->\n<title>Plato redondo biodegradable de 22 cm por 50<\/title>\n<meta name=\"description\" content=\"Plato biodegradable de 22 cm, s\u00f3lido y compostable, fabricado con bagazo de ca\u00f1a, ideal para todos sus eventos. Se vende en paquetes de 50 unidades. Pr\u00e1ctico, ecol\u00f3gico y elegante.\" \/>\n<meta name=\"robots\" content=\"index, follow, max-snippet:-1, max-image-preview:large, max-video-preview:-1\" \/>\n<link rel=\"canonical\" href=\"https:\/\/www.csj-emballages.com\/es\/produit\/50-platos-biodegradables-de-22-cm\/\" \/>\n<meta property=\"og:locale\" content=\"es_ES\" \/>\n<meta property=\"og:type\" content=\"article\" \/>\n<meta property=\"og:title\" content=\"Plato redondo biodegradable de 22 cm por 50\" \/>\n<meta property=\"og:description\" content=\"Plato biodegradable de 22 cm, s\u00f3lido y compostable, fabricado con bagazo de ca\u00f1a, ideal para todos sus eventos. Se vende en paquetes de 50 unidades. Pr\u00e1ctico, ecol\u00f3gico y elegante.\" \/>\n<meta property=\"og:url\" content=\"https:\/\/www.csj-emballages.com\/es\/produit\/50-platos-biodegradables-de-22-cm\/\" \/>\n<meta property=\"og:site_name\" content=\"CSJ Emballages\" \/>\n<meta property=\"article:publisher\" content=\"https:\/\/www.facebook.com\/csjemballages\" \/>\n<meta property=\"article:modified_time\" content=\"2026-04-04T00:10:55+00:00\" \/>\n<meta property=\"og:image\" content=\"https:\/\/www.csj-emballages.com\/wp-content\/uploads\/2024\/03\/AS23BIO.webp\" \/>\n\t<meta property=\"og:image:width\" content=\"800\" \/>\n\t<meta property=\"og:image:height\" content=\"800\" \/>\n\t<meta property=\"og:image:type\" content=\"image\/webp\" \/>\n<meta name=\"twitter:card\" content=\"summary_large_image\" \/>\n<meta name=\"twitter:label1\" content=\"Tiempo de lectura\" \/>\n\t<meta name=\"twitter:data1\" content=\"2 minutos\" \/>\n<script type=\"application\/ld+json\" class=\"yoast-schema-graph\">{\"@context\":\"https:\/\/schema.org\",\"@graph\":[{\"@type\":\"WebPage\",\"@id\":\"https:\/\/www.csj-emballages.com\/es\/produit\/50-platos-biodegradables-de-22-cm\/\",\"url\":\"https:\/\/www.csj-emballages.com\/es\/produit\/50-platos-biodegradables-de-22-cm\/\",\"name\":\"Plato redondo biodegradable de 22 cm por 50\",\"isPartOf\":{\"@id\":\"https:\/\/www.csj-emballages.com\/es\/#website\"},\"primaryImageOfPage\":{\"@id\":\"https:\/\/www.csj-emballages.com\/es\/produit\/50-platos-biodegradables-de-22-cm\/#primaryimage\"},\"image\":{\"@id\":\"https:\/\/www.csj-emballages.com\/es\/produit\/50-platos-biodegradables-de-22-cm\/#primaryimage\"},\"thumbnailUrl\":\"https:\/\/www.csj-emballages.com\/wp-content\/uploads\/2024\/03\/AS23BIO.webp\",\"datePublished\":\"2024-03-01T15:57:28+00:00\",\"dateModified\":\"2026-04-04T00:10:55+00:00\",\"description\":\"Plato biodegradable de 22 cm, s\u00f3lido y compostable, fabricado con bagazo de ca\u00f1a, ideal para todos sus eventos. Se vende en paquetes de 50 unidades. Pr\u00e1ctico, ecol\u00f3gico y elegante.\",\"breadcrumb\":{\"@id\":\"https:\/\/www.csj-emballages.com\/es\/produit\/50-platos-biodegradables-de-22-cm\/#breadcrumb\"},\"inLanguage\":\"es\",\"potentialAction\":[{\"@type\":\"ReadAction\",\"target\":[\"https:\/\/www.csj-emballages.com\/es\/produit\/50-platos-biodegradables-de-22-cm\/\"]}]},{\"@type\":\"ImageObject\",\"inLanguage\":\"es\",\"@id\":\"https:\/\/www.csj-emballages.com\/es\/produit\/50-platos-biodegradables-de-22-cm\/#primaryimage\",\"url\":\"https:\/\/www.csj-emballages.com\/wp-content\/uploads\/2024\/03\/AS23BIO.webp\",\"contentUrl\":\"https:\/\/www.csj-emballages.com\/wp-content\/uploads\/2024\/03\/AS23BIO.webp\",\"width\":800,\"height\":800,\"caption\":\"Assiette ronde\"},{\"@type\":\"BreadcrumbList\",\"@id\":\"https:\/\/www.csj-emballages.com\/es\/produit\/50-platos-biodegradables-de-22-cm\/#breadcrumb\",\"itemListElement\":[{\"@type\":\"ListItem\",\"position\":1,\"name\":\"Accueil\",\"item\":\"https:\/\/www.csj-emballages.com\/es\/universo-del-envasado-alimentario\/\"},{\"@type\":\"ListItem\",\"position\":2,\"name\":\"Tienda\",\"item\":\"https:\/\/www.csj-emballages.com\/tienda\/\"},{\"@type\":\"ListItem\",\"position\":3,\"name\":\"Plato redondo biodegradable de 22 cm por 50\"}]},{\"@type\":\"WebSite\",\"@id\":\"https:\/\/www.csj-emballages.com\/es\/#website\",\"url\":\"https:\/\/www.csj-emballages.com\/es\/\",\"name\":\"CSJ Emballages\",\"description\":\"\",\"publisher\":{\"@id\":\"https:\/\/www.csj-emballages.com\/es\/#organization\"},\"potentialAction\":[{\"@type\":\"SearchAction\",\"target\":{\"@type\":\"EntryPoint\",\"urlTemplate\":\"https:\/\/www.csj-emballages.com\/es\/?s={search_term_string}\"},\"query-input\":{\"@type\":\"PropertyValueSpecification\",\"valueRequired\":true,\"valueName\":\"search_term_string\"}}],\"inLanguage\":\"es\"},{\"@type\":\"Organization\",\"@id\":\"https:\/\/www.csj-emballages.com\/es\/#Organization\/\",\"name\":\"CSJ Emballages\",\"url\":\"https:\/\/www.csj-emballages.com\/es\/\",\"logo\":{\"@type\":\"ImageObject\",\"inLanguage\":\"es\",\"@id\":\"https:\/\/www.csj-emballages.com\/es\/#\/schema\/logo\/image\/\",\"url\":\"https:\/\/www.csj-emballages.com\/wp-content\/uploads\/2023\/10\/logo_csj.webp\",\"contentUrl\":\"https:\/\/www.csj-emballages.com\/wp-content\/uploads\/2023\/10\/logo_csj.webp\",\"width\":250,\"height\":95,\"caption\":\"CSJ Emballages\"},\"image\":{\"@id\":\"https:\/\/www.csj-emballages.com\/es\/#\/schema\/logo\/image\/\"},\"sameAs\":[\"https:\/\/www.facebook.com\/csjemballages\"],\"address\":{\"@type\":\"PostalAddress\",\"streetAddress\":\"ZI La Lechere\",\"addressLocality\":\"Patornay\",\"postalCode\":\"39130\",\"addressCountry\":\"FR\"},\"contactPoint\":[{\"@type\":\"ContactPoint\",\"contactType\":\"Service client\",\"telephone\":\"0384254272\",\"email\":\"contact@csj-emballages.com\"}]}]}<\/script>\n<!-- \/ Yoast SEO Premium plugin. -->","yoast_head_json":{"title":"Plato redondo biodegradable de 22 cm por 50","description":"Plato biodegradable de 22 cm, s\u00f3lido y compostable, fabricado con bagazo de ca\u00f1a, ideal para todos sus eventos. Se vende en paquetes de 50 unidades. Pr\u00e1ctico, ecol\u00f3gico y elegante.","robots":{"index":"index","follow":"follow","max-snippet":"max-snippet:-1","max-image-preview":"max-image-preview:large","max-video-preview":"max-video-preview:-1"},"canonical":"https:\/\/www.csj-emballages.com\/es\/produit\/50-platos-biodegradables-de-22-cm\/","og_locale":"es_ES","og_type":"article","og_title":"Plato redondo biodegradable de 22 cm por 50","og_description":"Plato biodegradable de 22 cm, s\u00f3lido y compostable, fabricado con bagazo de ca\u00f1a, ideal para todos sus eventos. Se vende en paquetes de 50 unidades. Pr\u00e1ctico, ecol\u00f3gico y elegante.","og_url":"https:\/\/www.csj-emballages.com\/es\/produit\/50-platos-biodegradables-de-22-cm\/","og_site_name":"CSJ Emballages","article_publisher":"https:\/\/www.facebook.com\/csjemballages","article_modified_time":"2026-04-04T00:10:55+00:00","og_image":[{"width":800,"height":800,"url":"https:\/\/www.csj-emballages.com\/wp-content\/uploads\/2024\/03\/AS23BIO.webp","type":"image\/webp"}],"twitter_card":"summary_large_image","twitter_misc":{"Tiempo de lectura":"2 minutos"},"schema":{"@context":"https:\/\/schema.org","@graph":[{"@type":"WebPage","@id":"https:\/\/www.csj-emballages.com\/es\/produit\/50-platos-biodegradables-de-22-cm\/","url":"https:\/\/www.csj-emballages.com\/es\/produit\/50-platos-biodegradables-de-22-cm\/","name":"Plato redondo biodegradable de 22 cm por 50","isPartOf":{"@id":"https:\/\/www.csj-emballages.com\/es\/#website"},"primaryImageOfPage":{"@id":"https:\/\/www.csj-emballages.com\/es\/produit\/50-platos-biodegradables-de-22-cm\/#primaryimage"},"image":{"@id":"https:\/\/www.csj-emballages.com\/es\/produit\/50-platos-biodegradables-de-22-cm\/#primaryimage"},"thumbnailUrl":"https:\/\/www.csj-emballages.com\/wp-content\/uploads\/2024\/03\/AS23BIO.webp","datePublished":"2024-03-01T15:57:28+00:00","dateModified":"2026-04-04T00:10:55+00:00","description":"Plato biodegradable de 22 cm, s\u00f3lido y compostable, fabricado con bagazo de ca\u00f1a, ideal para todos sus eventos. Se vende en paquetes de 50 unidades. Pr\u00e1ctico, ecol\u00f3gico y elegante.","breadcrumb":{"@id":"https:\/\/www.csj-emballages.com\/es\/produit\/50-platos-biodegradables-de-22-cm\/#breadcrumb"},"inLanguage":"es","potentialAction":[{"@type":"ReadAction","target":["https:\/\/www.csj-emballages.com\/es\/produit\/50-platos-biodegradables-de-22-cm\/"]}]},{"@type":"ImageObject","inLanguage":"es","@id":"https:\/\/www.csj-emballages.com\/es\/produit\/50-platos-biodegradables-de-22-cm\/#primaryimage","url":"https:\/\/www.csj-emballages.com\/wp-content\/uploads\/2024\/03\/AS23BIO.webp","contentUrl":"https:\/\/www.csj-emballages.com\/wp-content\/uploads\/2024\/03\/AS23BIO.webp","width":800,"height":800,"caption":"Assiette ronde"},{"@type":"BreadcrumbList","@id":"https:\/\/www.csj-emballages.com\/es\/produit\/50-platos-biodegradables-de-22-cm\/#breadcrumb","itemListElement":[{"@type":"ListItem","position":1,"name":"Accueil","item":"https:\/\/www.csj-emballages.com\/es\/universo-del-envasado-alimentario\/"},{"@type":"ListItem","position":2,"name":"Tienda","item":"https:\/\/www.csj-emballages.com\/tienda\/"},{"@type":"ListItem","position":3,"name":"Plato redondo biodegradable de 22 cm por 50"}]},{"@type":"WebSite","@id":"https:\/\/www.csj-emballages.com\/es\/#website","url":"https:\/\/www.csj-emballages.com\/es\/","name":"CSJ Emballages","description":"","publisher":{"@id":"https:\/\/www.csj-emballages.com\/es\/#organization"},"potentialAction":[{"@type":"SearchAction","target":{"@type":"EntryPoint","urlTemplate":"https:\/\/www.csj-emballages.com\/es\/?s={search_term_string}"},"query-input":{"@type":"PropertyValueSpecification","valueRequired":true,"valueName":"search_term_string"}}],"inLanguage":"es"},{"@type":"Organization","@id":"https:\/\/www.csj-emballages.com\/es\/#Organization\/","name":"CSJ Emballages","url":"https:\/\/www.csj-emballages.com\/es\/","logo":{"@type":"ImageObject","inLanguage":"es","@id":"https:\/\/www.csj-emballages.com\/es\/#\/schema\/logo\/image\/","url":"https:\/\/www.csj-emballages.com\/wp-content\/uploads\/2023\/10\/logo_csj.webp","contentUrl":"https:\/\/www.csj-emballages.com\/wp-content\/uploads\/2023\/10\/logo_csj.webp","width":250,"height":95,"caption":"CSJ Emballages"},"image":{"@id":"https:\/\/www.csj-emballages.com\/es\/#\/schema\/logo\/image\/"},"sameAs":["https:\/\/www.facebook.com\/csjemballages"],"address":{"@type":"PostalAddress","streetAddress":"ZI La Lechere","addressLocality":"Patornay","postalCode":"39130","addressCountry":"FR"},"contactPoint":[{"@type":"ContactPoint","contactType":"Service client","telephone":"0384254272","email":"contact@csj-emballages.com"}]}]}},"df_price":4.58,"df_sale_price":"","df_regular_price":4.58,"df_image_link":"https:\/\/www.csj-emballages.com\/wp-content\/uploads\/2024\/03\/AS23BIO-300x300.webp","tiered_pricing_type":"fixed","tiered_pricing_fixed_rules":[],"tiered_pricing_percentage_rules":[],"tiered_pricing_minimum":1,"tiered_pricing_roles_data":[],"_links":{"self":[{"href":"https:\/\/www.csj-emballages.com\/es\/wp-json\/wp\/v2\/product\/19191","targetHints":{"allow":["GET"]}}],"collection":[{"href":"https:\/\/www.csj-emballages.com\/es\/wp-json\/wp\/v2\/product"}],"about":[{"href":"https:\/\/www.csj-emballages.com\/es\/wp-json\/wp\/v2\/types\/product"}],"wp:featuredmedia":[{"embeddable":true,"href":"https:\/\/www.csj-emballages.com\/es\/wp-json\/wp\/v2\/media\/239714"}],"wp:attachment":[{"href":"https:\/\/www.csj-emballages.com\/es\/wp-json\/wp\/v2\/media?parent=19191"}],"wp:term":[{"taxonomy":"product_brand","embeddable":true,"href":"https:\/\/www.csj-emballages.com\/es\/wp-json\/wp\/v2\/product_brand?post=19191"},{"taxonomy":"product_cat","embeddable":true,"href":"https:\/\/www.csj-emballages.com\/es\/wp-json\/wp\/v2\/product_cat?post=19191"},{"taxonomy":"product_tag","embeddable":true,"href":"https:\/\/www.csj-emballages.com\/es\/wp-json\/wp\/v2\/product_tag?post=19191"}],"curies":[{"name":"wp","href":"https:\/\/api.w.org\/{rel}","templated":true}]}}