{"id":19147,"date":"2024-03-01T16:57:30","date_gmt":"2024-03-01T15:57:30","guid":{"rendered":"https:\/\/u15jnbdpoq.preview.infomaniak.website\/produit\/50-platos-hondos-biodegradables-de-bagazo-19-cm\/"},"modified":"2026-04-23T02:10:52","modified_gmt":"2026-04-23T00:10:52","slug":"50-platos-hondos-biodegradables-de-bagazo-19-cm","status":"publish","type":"product","link":"https:\/\/www.csj-emballages.com\/es\/produit\/50-platos-hondos-biodegradables-de-bagazo-19-cm\/","title":{"rendered":"Plato hondo biodegradable de bagazo de 19 cm por 50"},"content":{"rendered":"<h2>Plato hondo<\/h2>\n<hr>\n<h3>Descripci\u00f3n de nuestro plato hondo biodegradable de bagazo de 19 cm por 50<\/h3>\n<p><!--more--><\/p>\n<p data-start=\"248\" data-end=\"710\">Elija una soluci\u00f3n pr\u00e1ctica, atractiva y respetuosa con el medio ambiente con estos <strong data-start=\"354\" data-end=\"409\">platos hondos biodegradables de bagazo de 19 cm de di\u00e1metro<\/strong>. Fabricados con <g id=\"gid_1\">pulpa de ca\u00f1a de az\u00facar<\/g>, estos <g id=\"gid_2\">platos<\/g> hondos son una excelente alternativa a los pl\u00e1sticos tradicionales. Robustos y <strong>compostables<\/strong> de forma natural, son adecuados tanto para <strong data-start=\"617\" data-end=\"661\">platos fr\u00edos como calientes<\/strong>, y resisten la humedad y el calor. Con un di\u00e1metro de <strong>19 cm<\/strong>, son ideales para servir sopas, pasta, ensaladas mixtas o platos en salsa. Tanto si es usted <strong data-start=\"857\" data-end=\"910\">hostelero, restaurador, organizador de eventos<\/strong> o simplemente una persona concienciada con el medio ambiente, este <strong>paquete de 50 platos ecol\u00f3gicos<\/strong> le proporcionar\u00e1 la calidad profesional que necesita, con un impacto reducido sobre el planeta.    <\/p>\n<p data-start=\"1108\" data-end=\"1375\">F\u00e1ciles de apilar y transportar, tambi\u00e9n son ideales para comidas al aire libre, food trucks, buffets o comidas tem\u00e1ticas. Su <strong data-start=\"1261\" data-end=\"1286\">color blanco natural<\/strong> a\u00f1ade un toque elegante y moderno a su presentaci\u00f3n, a la vez que realza sus platos. <\/p>\n<p data-start=\"1377\" data-end=\"1659\">Al elegir <strong>el bagazo<\/strong>, est\u00e1 haciendo algo concreto para limitar los residuos pl\u00e1sticos y fomentar un consumo m\u00e1s responsable. En resumen, <strong>s\u00f3lidos, ecol\u00f3gicos y elegantes<\/strong>, estos <strong>platos<\/strong> <strong>biodegradables<\/strong> tienen todo lo que necesitas para simplificar tu vida respetando tus valores. <\/p>\n<p data-start=\"1377\" data-end=\"1659\">\n<p data-start=\"1377\" data-end=\"1659\"><!--more--><\/p>\n<h4 data-start=\"1377\" data-end=\"1659\">Ventajas :<\/h4>\n<ul>\n<li><strong>Fabricado a partir de bagazo<\/strong>: un material natural compostable.<\/li>\n<li>Resistente al calor, la humedad y los alimentos en salsa.<\/li>\n<li>Adecuado para uso profesional y privado.<\/li>\n<li>Dise\u00f1o sobrio y elegante para todas las presentaciones.<\/li>\n<li>Alternativa ecol\u00f3gica al pl\u00e1stico desechable.<\/li>\n<li><strong>Se venden en paquetes de 50 unidades<\/strong>: econ\u00f3micos y pr\u00e1cticos.<\/li>\n<\/ul>\n<p>&nbsp;<\/p>\n<p><!--more--><\/p>\n<h4>Informaci\u00f3n adicional :<\/h4>\n<ul>\n<li><strong>Envase<\/strong>: Paquete de 50<\/li>\n<li><strong>Di\u00e1metro exterior<\/strong>: 190 mm<\/li>\n<li><strong>Di\u00e1metro interior <\/strong>: 130 mm<\/li>\n<li><strong>Altura<\/strong>: 85 mm<\/li>\n<li><strong>Material<\/strong>: Pulpa de ca\u00f1a de az\u00facar \/ bagazo<\/li>\n<li><strong>Color<\/strong>: Blanco<\/li>\n<\/ul>\n<p>&nbsp;<\/p>\n<p><!--more--><\/p>\n<p>Descubra tambi\u00e9n nuestro plato de postre cuadrado biodegradable de 16 cm : <span style=\"color: #d12727;\"><a style=\"color: #d12727;\" href=\"https:\/\/www.csj-emballages.com\/produit\/50-assiettes-a-dessert-carree-biodegradables-16-cm\/\">ATC160BIO<\/a><\/span><\/p>\n<div style=\"text-align: center;\">\n<div style=\"text-align: center;\">\n<div style=\"text-align: center;\">\n<div style=\"text-align: center;\">\n<div style=\"text-align: center;\">\n<div style=\"text-align: center;\">\n<div style=\"text-align: center;\">\n<div style=\"text-align: center;\"><\/div>\n<\/div>\n<\/div>\n<\/div>\n<\/div>\n<\/div>\n<\/div>\n<\/div>\n<p><!--more--><\/p>\n<p><a href=\"https:\/\/www.csj-emballages.com\/es\/categorie-produit\/envasado-de-alimentos\/gama-ecologica\/platos-bandejas-cajas\/placas-ecologicas\/\">Ver el resto de nuestra gama de platos biodegradables<\/a><\/p>\n","protected":false},"excerpt":{"rendered":"<p>Plato hondo Descripci\u00f3n de nuestro plato hondo biodegradable de bagazo de 19 cm por 50<\/p>\n","protected":false},"featured_media":239675,"template":"","meta":{"_acf_changed":false},"product_brand":[],"product_cat":[1163,2029],"product_tag":[],"class_list":{"0":"post-19147","1":"product","2":"type-product","3":"status-publish","4":"has-post-thumbnail","6":"product_cat-gama-ecologica","7":"product_cat-placas-ecologicas","9":"first","10":"instock","11":"taxable","12":"shipping-taxable","13":"purchasable","14":"product-type-simple"},"acf":[],"yoast_head":"<!-- This site is optimized with the Yoast SEO Premium plugin v26.6 (Yoast SEO v26.6) - https:\/\/yoast.com\/wordpress\/plugins\/seo\/ -->\n<title>Plato hondo biodegradable de bagazo de 19 cm, paquete de 50<\/title>\n<meta name=\"description\" content=\"Platos hondos biodegradables de bagazo 19 cm - Paquete de 50 - Platos resistentes y ecol\u00f3gicos ideales para platos calientes, fr\u00edos o salsas.\" \/>\n<meta name=\"robots\" content=\"index, follow, max-snippet:-1, max-image-preview:large, max-video-preview:-1\" \/>\n<link rel=\"canonical\" href=\"https:\/\/www.csj-emballages.com\/es\/produit\/50-platos-hondos-biodegradables-de-bagazo-19-cm\/\" \/>\n<meta property=\"og:locale\" content=\"es_ES\" \/>\n<meta property=\"og:type\" content=\"article\" \/>\n<meta property=\"og:title\" content=\"Plato hondo biodegradable de bagazo de 19 cm por 50\" \/>\n<meta property=\"og:description\" content=\"Platos hondos biodegradables de bagazo 19 cm - Paquete de 50 - Platos resistentes y ecol\u00f3gicos ideales para platos calientes, fr\u00edos o salsas.\" \/>\n<meta property=\"og:url\" content=\"https:\/\/www.csj-emballages.com\/es\/produit\/50-platos-hondos-biodegradables-de-bagazo-19-cm\/\" \/>\n<meta property=\"og:site_name\" content=\"CSJ Emballages\" \/>\n<meta property=\"article:publisher\" content=\"https:\/\/www.facebook.com\/csjemballages\" \/>\n<meta property=\"article:modified_time\" content=\"2026-04-23T00:10:52+00:00\" \/>\n<meta property=\"og:image\" content=\"https:\/\/www.csj-emballages.com\/wp-content\/uploads\/2024\/03\/AS20CRBIO.webp\" \/>\n\t<meta property=\"og:image:width\" content=\"800\" \/>\n\t<meta property=\"og:image:height\" content=\"800\" \/>\n\t<meta property=\"og:image:type\" content=\"image\/webp\" \/>\n<meta name=\"twitter:card\" content=\"summary_large_image\" \/>\n<meta name=\"twitter:label1\" content=\"Tiempo de lectura\" \/>\n\t<meta name=\"twitter:data1\" content=\"2 minutos\" \/>\n<script type=\"application\/ld+json\" class=\"yoast-schema-graph\">{\"@context\":\"https:\/\/schema.org\",\"@graph\":[{\"@type\":\"WebPage\",\"@id\":\"https:\/\/www.csj-emballages.com\/es\/produit\/50-platos-hondos-biodegradables-de-bagazo-19-cm\/\",\"url\":\"https:\/\/www.csj-emballages.com\/es\/produit\/50-platos-hondos-biodegradables-de-bagazo-19-cm\/\",\"name\":\"Plato hondo biodegradable de bagazo de 19 cm, paquete de 50\",\"isPartOf\":{\"@id\":\"https:\/\/www.csj-emballages.com\/es\/#website\"},\"primaryImageOfPage\":{\"@id\":\"https:\/\/www.csj-emballages.com\/es\/produit\/50-platos-hondos-biodegradables-de-bagazo-19-cm\/#primaryimage\"},\"image\":{\"@id\":\"https:\/\/www.csj-emballages.com\/es\/produit\/50-platos-hondos-biodegradables-de-bagazo-19-cm\/#primaryimage\"},\"thumbnailUrl\":\"https:\/\/www.csj-emballages.com\/wp-content\/uploads\/2024\/03\/AS20CRBIO.webp\",\"datePublished\":\"2024-03-01T15:57:30+00:00\",\"dateModified\":\"2026-04-23T00:10:52+00:00\",\"description\":\"Platos hondos biodegradables de bagazo 19 cm - Paquete de 50 - Platos resistentes y ecol\u00f3gicos ideales para platos calientes, fr\u00edos o salsas.\",\"breadcrumb\":{\"@id\":\"https:\/\/www.csj-emballages.com\/es\/produit\/50-platos-hondos-biodegradables-de-bagazo-19-cm\/#breadcrumb\"},\"inLanguage\":\"es\",\"potentialAction\":[{\"@type\":\"ReadAction\",\"target\":[\"https:\/\/www.csj-emballages.com\/es\/produit\/50-platos-hondos-biodegradables-de-bagazo-19-cm\/\"]}]},{\"@type\":\"ImageObject\",\"inLanguage\":\"es\",\"@id\":\"https:\/\/www.csj-emballages.com\/es\/produit\/50-platos-hondos-biodegradables-de-bagazo-19-cm\/#primaryimage\",\"url\":\"https:\/\/www.csj-emballages.com\/wp-content\/uploads\/2024\/03\/AS20CRBIO.webp\",\"contentUrl\":\"https:\/\/www.csj-emballages.com\/wp-content\/uploads\/2024\/03\/AS20CRBIO.webp\",\"width\":800,\"height\":800,\"caption\":\"Assiette creuse\"},{\"@type\":\"BreadcrumbList\",\"@id\":\"https:\/\/www.csj-emballages.com\/es\/produit\/50-platos-hondos-biodegradables-de-bagazo-19-cm\/#breadcrumb\",\"itemListElement\":[{\"@type\":\"ListItem\",\"position\":1,\"name\":\"Accueil\",\"item\":\"https:\/\/www.csj-emballages.com\/es\/universo-del-envasado-alimentario\/\"},{\"@type\":\"ListItem\",\"position\":2,\"name\":\"Tienda\",\"item\":\"https:\/\/www.csj-emballages.com\/tienda\/\"},{\"@type\":\"ListItem\",\"position\":3,\"name\":\"Plato hondo biodegradable de bagazo de 19 cm por 50\"}]},{\"@type\":\"WebSite\",\"@id\":\"https:\/\/www.csj-emballages.com\/es\/#website\",\"url\":\"https:\/\/www.csj-emballages.com\/es\/\",\"name\":\"CSJ Emballages\",\"description\":\"\",\"publisher\":{\"@id\":\"https:\/\/www.csj-emballages.com\/es\/#organization\"},\"potentialAction\":[{\"@type\":\"SearchAction\",\"target\":{\"@type\":\"EntryPoint\",\"urlTemplate\":\"https:\/\/www.csj-emballages.com\/es\/?s={search_term_string}\"},\"query-input\":{\"@type\":\"PropertyValueSpecification\",\"valueRequired\":true,\"valueName\":\"search_term_string\"}}],\"inLanguage\":\"es\"},{\"@type\":\"Organization\",\"@id\":\"https:\/\/www.csj-emballages.com\/es\/#Organization\/\",\"name\":\"CSJ Emballages\",\"url\":\"https:\/\/www.csj-emballages.com\/es\/\",\"logo\":{\"@type\":\"ImageObject\",\"inLanguage\":\"es\",\"@id\":\"https:\/\/www.csj-emballages.com\/es\/#\/schema\/logo\/image\/\",\"url\":\"https:\/\/www.csj-emballages.com\/wp-content\/uploads\/2023\/10\/logo_csj.webp\",\"contentUrl\":\"https:\/\/www.csj-emballages.com\/wp-content\/uploads\/2023\/10\/logo_csj.webp\",\"width\":250,\"height\":95,\"caption\":\"CSJ Emballages\"},\"image\":{\"@id\":\"https:\/\/www.csj-emballages.com\/es\/#\/schema\/logo\/image\/\"},\"sameAs\":[\"https:\/\/www.facebook.com\/csjemballages\"],\"address\":{\"@type\":\"PostalAddress\",\"streetAddress\":\"ZI La Lechere\",\"addressLocality\":\"Patornay\",\"postalCode\":\"39130\",\"addressCountry\":\"FR\"},\"contactPoint\":[{\"@type\":\"ContactPoint\",\"contactType\":\"Service client\",\"telephone\":\"0384254272\",\"email\":\"contact@csj-emballages.com\"}]}]}<\/script>\n<!-- \/ Yoast SEO Premium plugin. -->","yoast_head_json":{"title":"Plato hondo biodegradable de bagazo de 19 cm, paquete de 50","description":"Platos hondos biodegradables de bagazo 19 cm - Paquete de 50 - Platos resistentes y ecol\u00f3gicos ideales para platos calientes, fr\u00edos o salsas.","robots":{"index":"index","follow":"follow","max-snippet":"max-snippet:-1","max-image-preview":"max-image-preview:large","max-video-preview":"max-video-preview:-1"},"canonical":"https:\/\/www.csj-emballages.com\/es\/produit\/50-platos-hondos-biodegradables-de-bagazo-19-cm\/","og_locale":"es_ES","og_type":"article","og_title":"Plato hondo biodegradable de bagazo de 19 cm por 50","og_description":"Platos hondos biodegradables de bagazo 19 cm - Paquete de 50 - Platos resistentes y ecol\u00f3gicos ideales para platos calientes, fr\u00edos o salsas.","og_url":"https:\/\/www.csj-emballages.com\/es\/produit\/50-platos-hondos-biodegradables-de-bagazo-19-cm\/","og_site_name":"CSJ Emballages","article_publisher":"https:\/\/www.facebook.com\/csjemballages","article_modified_time":"2026-04-23T00:10:52+00:00","og_image":[{"width":800,"height":800,"url":"https:\/\/www.csj-emballages.com\/wp-content\/uploads\/2024\/03\/AS20CRBIO.webp","type":"image\/webp"}],"twitter_card":"summary_large_image","twitter_misc":{"Tiempo de lectura":"2 minutos"},"schema":{"@context":"https:\/\/schema.org","@graph":[{"@type":"WebPage","@id":"https:\/\/www.csj-emballages.com\/es\/produit\/50-platos-hondos-biodegradables-de-bagazo-19-cm\/","url":"https:\/\/www.csj-emballages.com\/es\/produit\/50-platos-hondos-biodegradables-de-bagazo-19-cm\/","name":"Plato hondo biodegradable de bagazo de 19 cm, paquete de 50","isPartOf":{"@id":"https:\/\/www.csj-emballages.com\/es\/#website"},"primaryImageOfPage":{"@id":"https:\/\/www.csj-emballages.com\/es\/produit\/50-platos-hondos-biodegradables-de-bagazo-19-cm\/#primaryimage"},"image":{"@id":"https:\/\/www.csj-emballages.com\/es\/produit\/50-platos-hondos-biodegradables-de-bagazo-19-cm\/#primaryimage"},"thumbnailUrl":"https:\/\/www.csj-emballages.com\/wp-content\/uploads\/2024\/03\/AS20CRBIO.webp","datePublished":"2024-03-01T15:57:30+00:00","dateModified":"2026-04-23T00:10:52+00:00","description":"Platos hondos biodegradables de bagazo 19 cm - Paquete de 50 - Platos resistentes y ecol\u00f3gicos ideales para platos calientes, fr\u00edos o salsas.","breadcrumb":{"@id":"https:\/\/www.csj-emballages.com\/es\/produit\/50-platos-hondos-biodegradables-de-bagazo-19-cm\/#breadcrumb"},"inLanguage":"es","potentialAction":[{"@type":"ReadAction","target":["https:\/\/www.csj-emballages.com\/es\/produit\/50-platos-hondos-biodegradables-de-bagazo-19-cm\/"]}]},{"@type":"ImageObject","inLanguage":"es","@id":"https:\/\/www.csj-emballages.com\/es\/produit\/50-platos-hondos-biodegradables-de-bagazo-19-cm\/#primaryimage","url":"https:\/\/www.csj-emballages.com\/wp-content\/uploads\/2024\/03\/AS20CRBIO.webp","contentUrl":"https:\/\/www.csj-emballages.com\/wp-content\/uploads\/2024\/03\/AS20CRBIO.webp","width":800,"height":800,"caption":"Assiette creuse"},{"@type":"BreadcrumbList","@id":"https:\/\/www.csj-emballages.com\/es\/produit\/50-platos-hondos-biodegradables-de-bagazo-19-cm\/#breadcrumb","itemListElement":[{"@type":"ListItem","position":1,"name":"Accueil","item":"https:\/\/www.csj-emballages.com\/es\/universo-del-envasado-alimentario\/"},{"@type":"ListItem","position":2,"name":"Tienda","item":"https:\/\/www.csj-emballages.com\/tienda\/"},{"@type":"ListItem","position":3,"name":"Plato hondo biodegradable de bagazo de 19 cm por 50"}]},{"@type":"WebSite","@id":"https:\/\/www.csj-emballages.com\/es\/#website","url":"https:\/\/www.csj-emballages.com\/es\/","name":"CSJ Emballages","description":"","publisher":{"@id":"https:\/\/www.csj-emballages.com\/es\/#organization"},"potentialAction":[{"@type":"SearchAction","target":{"@type":"EntryPoint","urlTemplate":"https:\/\/www.csj-emballages.com\/es\/?s={search_term_string}"},"query-input":{"@type":"PropertyValueSpecification","valueRequired":true,"valueName":"search_term_string"}}],"inLanguage":"es"},{"@type":"Organization","@id":"https:\/\/www.csj-emballages.com\/es\/#Organization\/","name":"CSJ Emballages","url":"https:\/\/www.csj-emballages.com\/es\/","logo":{"@type":"ImageObject","inLanguage":"es","@id":"https:\/\/www.csj-emballages.com\/es\/#\/schema\/logo\/image\/","url":"https:\/\/www.csj-emballages.com\/wp-content\/uploads\/2023\/10\/logo_csj.webp","contentUrl":"https:\/\/www.csj-emballages.com\/wp-content\/uploads\/2023\/10\/logo_csj.webp","width":250,"height":95,"caption":"CSJ Emballages"},"image":{"@id":"https:\/\/www.csj-emballages.com\/es\/#\/schema\/logo\/image\/"},"sameAs":["https:\/\/www.facebook.com\/csjemballages"],"address":{"@type":"PostalAddress","streetAddress":"ZI La Lechere","addressLocality":"Patornay","postalCode":"39130","addressCountry":"FR"},"contactPoint":[{"@type":"ContactPoint","contactType":"Service client","telephone":"0384254272","email":"contact@csj-emballages.com"}]}]}},"df_price":6.95,"df_sale_price":"","df_regular_price":6.95,"df_image_link":"https:\/\/www.csj-emballages.com\/wp-content\/uploads\/2024\/03\/AS20CRBIO-300x300.webp","tiered_pricing_type":"fixed","tiered_pricing_fixed_rules":[],"tiered_pricing_percentage_rules":[],"tiered_pricing_minimum":1,"tiered_pricing_roles_data":[],"_links":{"self":[{"href":"https:\/\/www.csj-emballages.com\/es\/wp-json\/wp\/v2\/product\/19147","targetHints":{"allow":["GET"]}}],"collection":[{"href":"https:\/\/www.csj-emballages.com\/es\/wp-json\/wp\/v2\/product"}],"about":[{"href":"https:\/\/www.csj-emballages.com\/es\/wp-json\/wp\/v2\/types\/product"}],"wp:featuredmedia":[{"embeddable":true,"href":"https:\/\/www.csj-emballages.com\/es\/wp-json\/wp\/v2\/media\/239675"}],"wp:attachment":[{"href":"https:\/\/www.csj-emballages.com\/es\/wp-json\/wp\/v2\/media?parent=19147"}],"wp:term":[{"taxonomy":"product_brand","embeddable":true,"href":"https:\/\/www.csj-emballages.com\/es\/wp-json\/wp\/v2\/product_brand?post=19147"},{"taxonomy":"product_cat","embeddable":true,"href":"https:\/\/www.csj-emballages.com\/es\/wp-json\/wp\/v2\/product_cat?post=19147"},{"taxonomy":"product_tag","embeddable":true,"href":"https:\/\/www.csj-emballages.com\/es\/wp-json\/wp\/v2\/product_tag?post=19147"}],"curies":[{"name":"wp","href":"https:\/\/api.w.org\/{rel}","templated":true}]}}