{"id":19098,"date":"2024-03-01T16:57:35","date_gmt":"2024-03-01T15:57:35","guid":{"rendered":"https:\/\/u15jnbdpoq.preview.infomaniak.website\/produit\/rollo-de-papel-de-aluminio-44-cm-x-200-m-en-caja-dispensadora\/"},"modified":"2026-04-29T02:11:25","modified_gmt":"2026-04-29T00:11:25","slug":"rollo-de-papel-de-aluminio-44-cm-x-200-m-en-caja-dispensadora","status":"publish","type":"product","link":"https:\/\/www.csj-emballages.com\/es\/produit\/rollo-de-papel-de-aluminio-44-cm-x-200-m-en-caja-dispensadora\/","title":{"rendered":"Rollo de aluminio de 44 cm x 200 m en caja"},"content":{"rendered":"<h2 class=\"p1\">Rodillo de aluminio<\/h2>\n<hr>\n<h3>Descripci\u00f3n de nuestro rollo de aluminio de 44 cm x 200 m en caja<span class=\"Apple-converted-space\"> <\/span><\/h3>\n<p><!--more--><\/p>\n<p data-start=\"275\" data-end=\"736\">\u00bfBusca un <strong>rollo de aluminio<\/strong> que le siga el ritmo en la cocina? Este <strong data-start=\"376\" data-end=\"428\">rollo de aluminio profesional de 44 cm x 200 m<\/strong>, embalado en una resistente <strong>caja dispensadora<\/strong>, se convertir\u00e1 r\u00e1pidamente en un elemento indispensable en su cocina. Gracias a su <g id=\"gid_3\">generosa anchura de 44 cm<\/g>, cubre f\u00e1cilmente grandes platos, bandejas y preparaciones voluminosas. As\u00ed podr\u00e1 ahorrar tiempo y trabajar m\u00e1s c\u00f3modamente.   <\/p>\n<p data-start=\"738\" data-end=\"1155\">Su longitud <strong data-start=\"762\" data-end=\"776\">de 200 metros<\/strong> tambi\u00e9n garantiza una excelente autonom\u00eda. Ya no tendr\u00e1 que cambiar de rollo cada dos horas, lo que no s\u00f3lo mejora su eficacia, sino tambi\u00e9n su organizaci\u00f3n durante los turnos m\u00e1s ajetreados. Su <strong>grueso aluminio<\/strong> es altamente resistente al calor, por lo que podr\u00e1 cocinar, proteger, envolver o almacenar sus alimentos con total seguridad.  <\/p>\n<p data-start=\"1157\" data-end=\"1610\">La <strong data-start=\"1174\" data-end=\"1197\">caja dispensadora<\/strong> tambi\u00e9n facilita mucho el desenrollado de la pel\u00edcula. Corta de forma limpia y r\u00e1pida, evitando desperdicios y roturas innecesarias. Con \u00e9l, podr\u00e1 trabajar limpiamente, sin perder tiempo desenredando el film ni buscando el final. Tanto si trabaja en una cocina profesional, un laboratorio alimentario, una pasteler\u00eda o un food truck, este rollo de aluminio le ayudar\u00e1 en todas sus preparaciones.   <\/p>\n<p data-start=\"1612\" data-end=\"1865\">Por \u00faltimo, su versatilidad lo convierte en un aliado indispensable: cocinar al horno, envasar carne, mantener caliente, mantener fr\u00eda, proteger la comida para llevar&#8230; Se puede utilizar en todas las situaciones, lo que lo hace a\u00fan m\u00e1s rentable.<\/p>\n<p><!--more--><\/p>\n<h4>Ventajas :<\/h4>\n<ul>\n<li data-start=\"1893\" data-end=\"1947\"><strong>44 cm de ancho<\/strong>: perfecto para platos grandes.<\/li>\n<li data-start=\"1950\" data-end=\"1987\"><strong>Longitud 200 m<\/strong>: autonom\u00eda \u00f3ptima.<\/li>\n<li data-start=\"1990\" data-end=\"2033\">Aluminio grueso y resistente al calor.<\/li>\n<li data-start=\"2036\" data-end=\"2085\"><strong>Caja dispensadora<\/strong> robusta y f\u00e1cil de recortar.<\/li>\n<li data-start=\"2088\" data-end=\"2135\">Ideal para cocinar, almacenar y transportar.<\/li>\n<li data-start=\"2138\" data-end=\"2190\">Perfecto para profesionales de la restauraci\u00f3n.<\/li>\n<\/ul>\n<p>&nbsp;<\/p>\n<p><!--more--><\/p>\n<h4>Informaci\u00f3n adicional :<\/h4>\n<ul>\n<li><strong>Embalaje<\/strong>: Por unidad<\/li>\n<li><strong>Dimensiones<\/strong>: 44 cm x 200 m<\/li>\n<li><strong>Grosor<\/strong>: 11 micras<\/li>\n<li><strong>Material<\/strong>: Aluminio<\/li>\n<\/ul>\n<p>&nbsp;<\/p>\n<p><!--more--><\/p>\n<p>Este producto est\u00e1 disponible en varios tama\u00f1os: <span style=\"color: #d12727;\"><a style=\"color: #d12727;\" href=\"https:\/\/www.csj-emballages.com\/produit\/rouleau-papier-aluminium-alimentaire-30-x-200-m-en-boite-distributrice\/\">AL30B<\/a><\/span> \/ <span style=\"color: #d12727;\"><a style=\"color: #d12727;\" href=\"https:\/\/www.csj-emballages.com\/es\/produit\/33-x-200-m-rollo-de-papel-de-aluminio-muy-grueso-de-19%c2%b5-en-caja\/\">AL3320019<\/a><\/span><\/p>\n<p>&nbsp;<\/p>\n<p><!--more--><\/p>\n<p><a href=\"https:\/\/www.csj-emballages.com\/es\/categorie-produit\/envasado-de-alimentos\/carniceria-y-charcuteria\/peliculas-alimentarias\/papel-de-aluminio\/\">Ver el resto de nuestra gama de papel de aluminio<\/a><\/p>\n","protected":false},"excerpt":{"rendered":"<p>Rodillo de aluminio Descripci\u00f3n de nuestro rollo de aluminio de 44 cm x 200 m en caja<\/p>\n","protected":false},"featured_media":255689,"template":"","meta":{"_acf_changed":false},"product_brand":[],"product_cat":[1150,1143,2023,2026],"product_tag":[],"class_list":{"0":"post-19098","1":"product","2":"type-product","3":"status-publish","4":"has-post-thumbnail","6":"product_cat-envasado-de-alimentos","7":"product_cat-carniceria-y-charcuteria","8":"product_cat-peliculas-alimentarias","9":"product_cat-papel-de-aluminio","11":"first","12":"instock","13":"taxable","14":"shipping-taxable","15":"purchasable","16":"product-type-simple"},"acf":[],"yoast_head":"<!-- This site is optimized with the Yoast SEO Premium plugin v26.6 (Yoast SEO v26.6) - https:\/\/yoast.com\/wordpress\/plugins\/seo\/ -->\n<title>44 cm x 200 m Rollo de aluminio en caja<\/title>\n<meta name=\"description\" content=\"Descubra nuestro rollo de aluminio para alimentos de 44 x 200 m en caja dispensadora. Ideal para conservar, cocinar y proteger los alimentos.\" \/>\n<meta name=\"robots\" content=\"index, follow, max-snippet:-1, max-image-preview:large, max-video-preview:-1\" \/>\n<link rel=\"canonical\" href=\"https:\/\/www.csj-emballages.com\/es\/produit\/rollo-de-papel-de-aluminio-44-cm-x-200-m-en-caja-dispensadora\/\" \/>\n<meta property=\"og:locale\" content=\"es_ES\" \/>\n<meta property=\"og:type\" content=\"article\" \/>\n<meta property=\"og:title\" content=\"Rollo de aluminio de 44 cm x 200 m en caja\" \/>\n<meta property=\"og:description\" content=\"Descubra nuestro rollo de aluminio para alimentos de 44 x 200 m en caja dispensadora. Ideal para conservar, cocinar y proteger los alimentos.\" \/>\n<meta property=\"og:url\" content=\"https:\/\/www.csj-emballages.com\/es\/produit\/rollo-de-papel-de-aluminio-44-cm-x-200-m-en-caja-dispensadora\/\" \/>\n<meta property=\"og:site_name\" content=\"CSJ Emballages\" \/>\n<meta property=\"article:publisher\" content=\"https:\/\/www.facebook.com\/csjemballages\" \/>\n<meta property=\"article:modified_time\" content=\"2026-04-29T00:11:25+00:00\" \/>\n<meta property=\"og:image\" content=\"https:\/\/www.csj-emballages.com\/wp-content\/uploads\/2024\/03\/AL45B.webp\" \/>\n\t<meta property=\"og:image:width\" content=\"801\" \/>\n\t<meta property=\"og:image:height\" content=\"800\" \/>\n\t<meta property=\"og:image:type\" content=\"image\/webp\" \/>\n<meta name=\"twitter:card\" content=\"summary_large_image\" \/>\n<meta name=\"twitter:label1\" content=\"Tiempo de lectura\" \/>\n\t<meta name=\"twitter:data1\" content=\"2 minutos\" \/>\n<script type=\"application\/ld+json\" class=\"yoast-schema-graph\">{\"@context\":\"https:\/\/schema.org\",\"@graph\":[{\"@type\":\"WebPage\",\"@id\":\"https:\/\/www.csj-emballages.com\/es\/produit\/rollo-de-papel-de-aluminio-44-cm-x-200-m-en-caja-dispensadora\/\",\"url\":\"https:\/\/www.csj-emballages.com\/es\/produit\/rollo-de-papel-de-aluminio-44-cm-x-200-m-en-caja-dispensadora\/\",\"name\":\"44 cm x 200 m Rollo de aluminio en caja\",\"isPartOf\":{\"@id\":\"https:\/\/www.csj-emballages.com\/es\/#website\"},\"primaryImageOfPage\":{\"@id\":\"https:\/\/www.csj-emballages.com\/es\/produit\/rollo-de-papel-de-aluminio-44-cm-x-200-m-en-caja-dispensadora\/#primaryimage\"},\"image\":{\"@id\":\"https:\/\/www.csj-emballages.com\/es\/produit\/rollo-de-papel-de-aluminio-44-cm-x-200-m-en-caja-dispensadora\/#primaryimage\"},\"thumbnailUrl\":\"https:\/\/www.csj-emballages.com\/wp-content\/uploads\/2024\/03\/AL45B.webp\",\"datePublished\":\"2024-03-01T15:57:35+00:00\",\"dateModified\":\"2026-04-29T00:11:25+00:00\",\"description\":\"Descubra nuestro rollo de aluminio para alimentos de 44 x 200 m en caja dispensadora. Ideal para conservar, cocinar y proteger los alimentos.\",\"breadcrumb\":{\"@id\":\"https:\/\/www.csj-emballages.com\/es\/produit\/rollo-de-papel-de-aluminio-44-cm-x-200-m-en-caja-dispensadora\/#breadcrumb\"},\"inLanguage\":\"es\",\"potentialAction\":[{\"@type\":\"ReadAction\",\"target\":[\"https:\/\/www.csj-emballages.com\/es\/produit\/rollo-de-papel-de-aluminio-44-cm-x-200-m-en-caja-dispensadora\/\"]}]},{\"@type\":\"ImageObject\",\"inLanguage\":\"es\",\"@id\":\"https:\/\/www.csj-emballages.com\/es\/produit\/rollo-de-papel-de-aluminio-44-cm-x-200-m-en-caja-dispensadora\/#primaryimage\",\"url\":\"https:\/\/www.csj-emballages.com\/wp-content\/uploads\/2024\/03\/AL45B.webp\",\"contentUrl\":\"https:\/\/www.csj-emballages.com\/wp-content\/uploads\/2024\/03\/AL45B.webp\",\"width\":801,\"height\":800,\"caption\":\"Rouleau aluminium\"},{\"@type\":\"BreadcrumbList\",\"@id\":\"https:\/\/www.csj-emballages.com\/es\/produit\/rollo-de-papel-de-aluminio-44-cm-x-200-m-en-caja-dispensadora\/#breadcrumb\",\"itemListElement\":[{\"@type\":\"ListItem\",\"position\":1,\"name\":\"Accueil\",\"item\":\"https:\/\/www.csj-emballages.com\/es\/universo-del-envasado-alimentario\/\"},{\"@type\":\"ListItem\",\"position\":2,\"name\":\"Tienda\",\"item\":\"https:\/\/www.csj-emballages.com\/tienda\/\"},{\"@type\":\"ListItem\",\"position\":3,\"name\":\"Rollo de aluminio de 44 cm x 200 m en caja\"}]},{\"@type\":\"WebSite\",\"@id\":\"https:\/\/www.csj-emballages.com\/es\/#website\",\"url\":\"https:\/\/www.csj-emballages.com\/es\/\",\"name\":\"CSJ Emballages\",\"description\":\"\",\"publisher\":{\"@id\":\"https:\/\/www.csj-emballages.com\/es\/#organization\"},\"potentialAction\":[{\"@type\":\"SearchAction\",\"target\":{\"@type\":\"EntryPoint\",\"urlTemplate\":\"https:\/\/www.csj-emballages.com\/es\/?s={search_term_string}\"},\"query-input\":{\"@type\":\"PropertyValueSpecification\",\"valueRequired\":true,\"valueName\":\"search_term_string\"}}],\"inLanguage\":\"es\"},{\"@type\":\"Organization\",\"@id\":\"https:\/\/www.csj-emballages.com\/es\/#Organization\/\",\"name\":\"CSJ Emballages\",\"url\":\"https:\/\/www.csj-emballages.com\/es\/\",\"logo\":{\"@type\":\"ImageObject\",\"inLanguage\":\"es\",\"@id\":\"https:\/\/www.csj-emballages.com\/es\/#\/schema\/logo\/image\/\",\"url\":\"https:\/\/www.csj-emballages.com\/wp-content\/uploads\/2023\/10\/logo_csj.webp\",\"contentUrl\":\"https:\/\/www.csj-emballages.com\/wp-content\/uploads\/2023\/10\/logo_csj.webp\",\"width\":250,\"height\":95,\"caption\":\"CSJ Emballages\"},\"image\":{\"@id\":\"https:\/\/www.csj-emballages.com\/es\/#\/schema\/logo\/image\/\"},\"sameAs\":[\"https:\/\/www.facebook.com\/csjemballages\"],\"address\":{\"@type\":\"PostalAddress\",\"streetAddress\":\"ZI La Lechere\",\"addressLocality\":\"Patornay\",\"postalCode\":\"39130\",\"addressCountry\":\"FR\"},\"contactPoint\":[{\"@type\":\"ContactPoint\",\"contactType\":\"Service client\",\"telephone\":\"0384254272\",\"email\":\"contact@csj-emballages.com\"}]}]}<\/script>\n<!-- \/ Yoast SEO Premium plugin. -->","yoast_head_json":{"title":"44 cm x 200 m Rollo de aluminio en caja","description":"Descubra nuestro rollo de aluminio para alimentos de 44 x 200 m en caja dispensadora. Ideal para conservar, cocinar y proteger los alimentos.","robots":{"index":"index","follow":"follow","max-snippet":"max-snippet:-1","max-image-preview":"max-image-preview:large","max-video-preview":"max-video-preview:-1"},"canonical":"https:\/\/www.csj-emballages.com\/es\/produit\/rollo-de-papel-de-aluminio-44-cm-x-200-m-en-caja-dispensadora\/","og_locale":"es_ES","og_type":"article","og_title":"Rollo de aluminio de 44 cm x 200 m en caja","og_description":"Descubra nuestro rollo de aluminio para alimentos de 44 x 200 m en caja dispensadora. Ideal para conservar, cocinar y proteger los alimentos.","og_url":"https:\/\/www.csj-emballages.com\/es\/produit\/rollo-de-papel-de-aluminio-44-cm-x-200-m-en-caja-dispensadora\/","og_site_name":"CSJ Emballages","article_publisher":"https:\/\/www.facebook.com\/csjemballages","article_modified_time":"2026-04-29T00:11:25+00:00","og_image":[{"width":801,"height":800,"url":"https:\/\/www.csj-emballages.com\/wp-content\/uploads\/2024\/03\/AL45B.webp","type":"image\/webp"}],"twitter_card":"summary_large_image","twitter_misc":{"Tiempo de lectura":"2 minutos"},"schema":{"@context":"https:\/\/schema.org","@graph":[{"@type":"WebPage","@id":"https:\/\/www.csj-emballages.com\/es\/produit\/rollo-de-papel-de-aluminio-44-cm-x-200-m-en-caja-dispensadora\/","url":"https:\/\/www.csj-emballages.com\/es\/produit\/rollo-de-papel-de-aluminio-44-cm-x-200-m-en-caja-dispensadora\/","name":"44 cm x 200 m Rollo de aluminio en caja","isPartOf":{"@id":"https:\/\/www.csj-emballages.com\/es\/#website"},"primaryImageOfPage":{"@id":"https:\/\/www.csj-emballages.com\/es\/produit\/rollo-de-papel-de-aluminio-44-cm-x-200-m-en-caja-dispensadora\/#primaryimage"},"image":{"@id":"https:\/\/www.csj-emballages.com\/es\/produit\/rollo-de-papel-de-aluminio-44-cm-x-200-m-en-caja-dispensadora\/#primaryimage"},"thumbnailUrl":"https:\/\/www.csj-emballages.com\/wp-content\/uploads\/2024\/03\/AL45B.webp","datePublished":"2024-03-01T15:57:35+00:00","dateModified":"2026-04-29T00:11:25+00:00","description":"Descubra nuestro rollo de aluminio para alimentos de 44 x 200 m en caja dispensadora. Ideal para conservar, cocinar y proteger los alimentos.","breadcrumb":{"@id":"https:\/\/www.csj-emballages.com\/es\/produit\/rollo-de-papel-de-aluminio-44-cm-x-200-m-en-caja-dispensadora\/#breadcrumb"},"inLanguage":"es","potentialAction":[{"@type":"ReadAction","target":["https:\/\/www.csj-emballages.com\/es\/produit\/rollo-de-papel-de-aluminio-44-cm-x-200-m-en-caja-dispensadora\/"]}]},{"@type":"ImageObject","inLanguage":"es","@id":"https:\/\/www.csj-emballages.com\/es\/produit\/rollo-de-papel-de-aluminio-44-cm-x-200-m-en-caja-dispensadora\/#primaryimage","url":"https:\/\/www.csj-emballages.com\/wp-content\/uploads\/2024\/03\/AL45B.webp","contentUrl":"https:\/\/www.csj-emballages.com\/wp-content\/uploads\/2024\/03\/AL45B.webp","width":801,"height":800,"caption":"Rouleau aluminium"},{"@type":"BreadcrumbList","@id":"https:\/\/www.csj-emballages.com\/es\/produit\/rollo-de-papel-de-aluminio-44-cm-x-200-m-en-caja-dispensadora\/#breadcrumb","itemListElement":[{"@type":"ListItem","position":1,"name":"Accueil","item":"https:\/\/www.csj-emballages.com\/es\/universo-del-envasado-alimentario\/"},{"@type":"ListItem","position":2,"name":"Tienda","item":"https:\/\/www.csj-emballages.com\/tienda\/"},{"@type":"ListItem","position":3,"name":"Rollo de aluminio de 44 cm x 200 m en caja"}]},{"@type":"WebSite","@id":"https:\/\/www.csj-emballages.com\/es\/#website","url":"https:\/\/www.csj-emballages.com\/es\/","name":"CSJ Emballages","description":"","publisher":{"@id":"https:\/\/www.csj-emballages.com\/es\/#organization"},"potentialAction":[{"@type":"SearchAction","target":{"@type":"EntryPoint","urlTemplate":"https:\/\/www.csj-emballages.com\/es\/?s={search_term_string}"},"query-input":{"@type":"PropertyValueSpecification","valueRequired":true,"valueName":"search_term_string"}}],"inLanguage":"es"},{"@type":"Organization","@id":"https:\/\/www.csj-emballages.com\/es\/#Organization\/","name":"CSJ Emballages","url":"https:\/\/www.csj-emballages.com\/es\/","logo":{"@type":"ImageObject","inLanguage":"es","@id":"https:\/\/www.csj-emballages.com\/es\/#\/schema\/logo\/image\/","url":"https:\/\/www.csj-emballages.com\/wp-content\/uploads\/2023\/10\/logo_csj.webp","contentUrl":"https:\/\/www.csj-emballages.com\/wp-content\/uploads\/2023\/10\/logo_csj.webp","width":250,"height":95,"caption":"CSJ Emballages"},"image":{"@id":"https:\/\/www.csj-emballages.com\/es\/#\/schema\/logo\/image\/"},"sameAs":["https:\/\/www.facebook.com\/csjemballages"],"address":{"@type":"PostalAddress","streetAddress":"ZI La Lechere","addressLocality":"Patornay","postalCode":"39130","addressCountry":"FR"},"contactPoint":[{"@type":"ContactPoint","contactType":"Service client","telephone":"0384254272","email":"contact@csj-emballages.com"}]}]}},"df_price":23.52,"df_sale_price":"","df_regular_price":23.52,"df_image_link":"https:\/\/www.csj-emballages.com\/wp-content\/uploads\/2024\/03\/AL45B-300x300.webp","tiered_pricing_type":"fixed","tiered_pricing_fixed_rules":[],"tiered_pricing_percentage_rules":[],"tiered_pricing_minimum":1,"tiered_pricing_roles_data":[],"_links":{"self":[{"href":"https:\/\/www.csj-emballages.com\/es\/wp-json\/wp\/v2\/product\/19098","targetHints":{"allow":["GET"]}}],"collection":[{"href":"https:\/\/www.csj-emballages.com\/es\/wp-json\/wp\/v2\/product"}],"about":[{"href":"https:\/\/www.csj-emballages.com\/es\/wp-json\/wp\/v2\/types\/product"}],"wp:featuredmedia":[{"embeddable":true,"href":"https:\/\/www.csj-emballages.com\/es\/wp-json\/wp\/v2\/media\/255689"}],"wp:attachment":[{"href":"https:\/\/www.csj-emballages.com\/es\/wp-json\/wp\/v2\/media?parent=19098"}],"wp:term":[{"taxonomy":"product_brand","embeddable":true,"href":"https:\/\/www.csj-emballages.com\/es\/wp-json\/wp\/v2\/product_brand?post=19098"},{"taxonomy":"product_cat","embeddable":true,"href":"https:\/\/www.csj-emballages.com\/es\/wp-json\/wp\/v2\/product_cat?post=19098"},{"taxonomy":"product_tag","embeddable":true,"href":"https:\/\/www.csj-emballages.com\/es\/wp-json\/wp\/v2\/product_tag?post=19098"}],"curies":[{"name":"wp","href":"https:\/\/api.w.org\/{rel}","templated":true}]}}