{"id":19075,"date":"2024-03-01T16:57:35","date_gmt":"2024-03-01T15:57:35","guid":{"rendered":"https:\/\/u15jnbdpoq.preview.infomaniak.website\/produit\/100-cubrecolchones-no-tejidos-blancos-plp-para-2-personas-140-x-190-cm\/"},"modified":"2026-04-01T02:11:39","modified_gmt":"2026-04-01T00:11:39","slug":"100-cubrecolchones-no-tejidos-blancos-plp-para-2-personas-140-x-190-cm","status":"publish","type":"product","link":"https:\/\/www.csj-emballages.com\/es\/produit\/100-cubrecolchones-no-tejidos-blancos-plp-para-2-personas-140-x-190-cm\/","title":{"rendered":"Protector de colch\u00f3n desechable para cama doble PLP de tela no tejida blanco, 140 x 190 cm, paquete de 100"},"content":{"rendered":"<h2>Protector de colch\u00f3n desechable<\/h2>\n<hr>\n<h3>Descripci\u00f3n de nuestro protector de colch\u00f3n desechable para cama doble PLP de tela no tejida blanco, 140 x 190 cm, paquete de 100<\/h3>\n<p><!--more--><\/p>\n<div class=\"flex max-w-full flex-col flex-grow\">\n<div class=\"min-h-8 text-message flex w-full flex-col items-end gap-2 whitespace-normal break-words text-start [.text-message+&amp;]:mt-5\" dir=\"auto\" data-message-author-role=\"assistant\" data-message-id=\"266ca6f3-5e07-4948-bd20-80ac5e6da4a5\" data-message-model-slug=\"gpt-4o\">\n<div class=\"flex w-full flex-col gap-1 empty:hidden first:pt-[3px]\">\n<div class=\"markdown prose w-full break-words dark:prose-invert dark\">\n<p>Este <strong>protector de colch\u00f3n<\/strong> de <strong>polipropileno (PLP) no tejido<\/strong> de alta calidad est\u00e1 dise\u00f1ado para ofrecer una <strong>protecci\u00f3n \u00f3ptima de los colchones<\/strong>, garantizando al mismo tiempo la comodidad del usuario. Con un gramaje de <strong>25 g\/m\u00b2<\/strong>, es ligero y resistente a la vez, perfecto para un uso <strong>higi\u00e9nico y pr\u00e1ctico<\/strong>. Ofrezca a sus colchones una <strong>protecci\u00f3n fiable y econ\u00f3mica<\/strong>, garantizando al mismo tiempo una comodidad \u00f3ptima para sus clientes o allegados. Este <strong>protector de colch\u00f3n desechable<\/strong> es la opci\u00f3n pr\u00e1ctica para un entorno limpio e higi\u00e9nico.   <\/p>\n<div class=\"flex max-w-full flex-col flex-grow\">\n<div class=\"min-h-8 text-message flex w-full flex-col items-end gap-2 whitespace-normal break-words text-start [.text-message+&amp;]:mt-5\" dir=\"auto\" data-message-author-role=\"assistant\" data-message-id=\"6dcc6bf7-e5a6-4656-94f2-9dc863bc1bbe\" data-message-model-slug=\"gpt-4o\">\n<div class=\"flex w-full flex-col gap-1 empty:hidden first:pt-[3px]\">\n<div class=\"markdown prose w-full break-words dark:prose-invert dark\">\n<p>Se utiliza principalmente en establecimientos <strong>hoteleros<\/strong>, <strong>hospitales<\/strong> o <strong>centros de atenci\u00f3n<\/strong>. Tambi\u00e9n es ideal para su uso <strong>dom\u00e9stico<\/strong>, especialmente en caso de necesidades espec\u00edficas de protecci\u00f3n temporal o permanente. <\/p>\n<\/div>\n<\/div>\n<\/div>\n<\/div>\n<\/div>\n<\/div>\n<\/div>\n<\/div>\n<p>&nbsp;<\/p>\n<p><!--more--><\/p>\n<h4>Ventajas :<\/h4>\n<ul>\n<li>Ideal para una persona, se ajusta perfectamente a las camas individuales.<\/li>\n<li>Suave, transpirable y no irritante para la piel.<\/li>\n<li>Sujeci\u00f3n perfecta sobre el colch\u00f3n, incluso en caso de movimientos.<\/li>\n<li>Protege eficazmente el colch\u00f3n contra las manchas y la suciedad.<\/li>\n<\/ul>\n<p>&nbsp;<\/p>\n<p><!--more--><\/p>\n<h4>Informaci\u00f3n adicional :<\/h4>\n<ul>\n<li><strong>Embalaje<\/strong>: Paquete de 100<\/li>\n<li><strong>Subenvasado<\/strong>: Bolsita individual<\/li>\n<li><strong>Dimensiones<\/strong>: 140 x 190 cm<\/li>\n<li><strong>Material<\/strong>: polipropileno (PLP) no tejido<\/li>\n<li><strong>Color<\/strong>: blanco<\/li>\n<li><b>Capacidad : <\/b>2 personas<\/li>\n<li><strong>Espesor<\/strong>: 25 gr\/m\u00b2.<\/li>\n<\/ul>\n<p>&nbsp;<\/p>\n<p><!--more--><\/p>\n<p>Este protector de colch\u00f3n tambi\u00e9n est\u00e1 disponible para 1 persona: <span style=\"color: #d12727;\"><a style=\"color: #d12727;\" href=\"https:\/\/www.csj-emballages.com\/es\/produit\/100-cubrecolchones-blancos-no-tejidos-plp-para-1-persona-de-90-x-190-cm\/\">AP1<\/a><\/span><\/p>\n<p>&nbsp;<\/p>\n<p><!--more--><\/p>\n<p><a href=\"https:\/\/www.csj-emballages.com\/es\/categorie-produit\/higiene-y-mantenimiento\/ropa-de-cama-desechable\/\">Ver el resto de nuestra gama de ropa de cama desechable<\/a><\/p>\n","protected":false},"excerpt":{"rendered":"<p>Protector de colch\u00f3n desechable Descripci\u00f3n de nuestro protector de colch\u00f3n desechable para cama doble PLP de tela no tejida blanco, 140 x 190 cm, paquete de 100<\/p>\n","protected":false},"featured_media":221094,"template":"","meta":{"_acf_changed":false},"product_brand":[],"product_cat":[1226,1440],"product_tag":[],"class_list":{"0":"post-19075","1":"product","2":"type-product","3":"status-publish","4":"has-post-thumbnail","6":"product_cat-higiene-y-mantenimiento","7":"product_cat-ropa-de-cama-desechable","9":"first","10":"instock","11":"taxable","12":"shipping-taxable","13":"purchasable","14":"product-type-simple"},"acf":[],"yoast_head":"<!-- This site is optimized with the Yoast SEO Premium plugin v26.6 (Yoast SEO v26.6) - https:\/\/yoast.com\/wordpress\/plugins\/seo\/ -->\n<title>Protector de colch\u00f3n desechable para cama doble PLP de tela no tejida blanco, 140 x 190 cm<\/title>\n<meta name=\"description\" content=\"Proteja sus colchones con el protector de colch\u00f3n desechable para cama doble. Resistente, suave e higi\u00e9nico, se ajusta perfectamente gracias a sus el\u00e1sticos en la cabeza y los pies.\" \/>\n<meta name=\"robots\" content=\"index, follow, max-snippet:-1, max-image-preview:large, max-video-preview:-1\" \/>\n<link rel=\"canonical\" href=\"https:\/\/www.csj-emballages.com\/es\/produit\/100-cubrecolchones-no-tejidos-blancos-plp-para-2-personas-140-x-190-cm\/\" \/>\n<meta property=\"og:locale\" content=\"es_ES\" \/>\n<meta property=\"og:type\" content=\"article\" \/>\n<meta property=\"og:title\" content=\"Protector de colch\u00f3n desechable para cama doble PLP de tela no tejida blanco, 140 x 190 cm, paquete de 100\" \/>\n<meta property=\"og:description\" content=\"Proteja sus colchones con el protector de colch\u00f3n desechable para cama doble. Resistente, suave e higi\u00e9nico, se ajusta perfectamente gracias a sus el\u00e1sticos en la cabeza y los pies.\" \/>\n<meta property=\"og:url\" content=\"https:\/\/www.csj-emballages.com\/es\/produit\/100-cubrecolchones-no-tejidos-blancos-plp-para-2-personas-140-x-190-cm\/\" \/>\n<meta property=\"og:site_name\" content=\"CSJ Emballages\" \/>\n<meta property=\"article:publisher\" content=\"https:\/\/www.facebook.com\/csjemballages\" \/>\n<meta property=\"article:modified_time\" content=\"2026-04-01T00:11:39+00:00\" \/>\n<meta property=\"og:image\" content=\"https:\/\/www.csj-emballages.com\/wp-content\/uploads\/2024\/03\/Alese-1-pers-1.webp\" \/>\n\t<meta property=\"og:image:width\" content=\"800\" \/>\n\t<meta property=\"og:image:height\" content=\"800\" \/>\n\t<meta property=\"og:image:type\" content=\"image\/webp\" \/>\n<meta name=\"twitter:card\" content=\"summary_large_image\" \/>\n<meta name=\"twitter:label1\" content=\"Tiempo de lectura\" \/>\n\t<meta name=\"twitter:data1\" content=\"1 minuto\" \/>\n<script type=\"application\/ld+json\" class=\"yoast-schema-graph\">{\"@context\":\"https:\/\/schema.org\",\"@graph\":[{\"@type\":\"WebPage\",\"@id\":\"https:\/\/www.csj-emballages.com\/es\/produit\/100-cubrecolchones-no-tejidos-blancos-plp-para-2-personas-140-x-190-cm\/\",\"url\":\"https:\/\/www.csj-emballages.com\/es\/produit\/100-cubrecolchones-no-tejidos-blancos-plp-para-2-personas-140-x-190-cm\/\",\"name\":\"Protector de colch\u00f3n desechable para cama doble PLP de tela no tejida blanco, 140 x 190 cm\",\"isPartOf\":{\"@id\":\"https:\/\/www.csj-emballages.com\/es\/#website\"},\"primaryImageOfPage\":{\"@id\":\"https:\/\/www.csj-emballages.com\/es\/produit\/100-cubrecolchones-no-tejidos-blancos-plp-para-2-personas-140-x-190-cm\/#primaryimage\"},\"image\":{\"@id\":\"https:\/\/www.csj-emballages.com\/es\/produit\/100-cubrecolchones-no-tejidos-blancos-plp-para-2-personas-140-x-190-cm\/#primaryimage\"},\"thumbnailUrl\":\"https:\/\/www.csj-emballages.com\/wp-content\/uploads\/2024\/03\/Alese-1-pers-1.webp\",\"datePublished\":\"2024-03-01T15:57:35+00:00\",\"dateModified\":\"2026-04-01T00:11:39+00:00\",\"description\":\"Proteja sus colchones con el protector de colch\u00f3n desechable para cama doble. Resistente, suave e higi\u00e9nico, se ajusta perfectamente gracias a sus el\u00e1sticos en la cabeza y los pies.\",\"breadcrumb\":{\"@id\":\"https:\/\/www.csj-emballages.com\/es\/produit\/100-cubrecolchones-no-tejidos-blancos-plp-para-2-personas-140-x-190-cm\/#breadcrumb\"},\"inLanguage\":\"es\",\"potentialAction\":[{\"@type\":\"ReadAction\",\"target\":[\"https:\/\/www.csj-emballages.com\/es\/produit\/100-cubrecolchones-no-tejidos-blancos-plp-para-2-personas-140-x-190-cm\/\"]}]},{\"@type\":\"ImageObject\",\"inLanguage\":\"es\",\"@id\":\"https:\/\/www.csj-emballages.com\/es\/produit\/100-cubrecolchones-no-tejidos-blancos-plp-para-2-personas-140-x-190-cm\/#primaryimage\",\"url\":\"https:\/\/www.csj-emballages.com\/wp-content\/uploads\/2024\/03\/Alese-1-pers-1.webp\",\"contentUrl\":\"https:\/\/www.csj-emballages.com\/wp-content\/uploads\/2024\/03\/Alese-1-pers-1.webp\",\"width\":800,\"height\":800,\"caption\":\"Al\u00e8se jetable\"},{\"@type\":\"BreadcrumbList\",\"@id\":\"https:\/\/www.csj-emballages.com\/es\/produit\/100-cubrecolchones-no-tejidos-blancos-plp-para-2-personas-140-x-190-cm\/#breadcrumb\",\"itemListElement\":[{\"@type\":\"ListItem\",\"position\":1,\"name\":\"Accueil\",\"item\":\"https:\/\/www.csj-emballages.com\/es\/universo-del-envasado-alimentario\/\"},{\"@type\":\"ListItem\",\"position\":2,\"name\":\"Tienda\",\"item\":\"https:\/\/www.csj-emballages.com\/tienda\/\"},{\"@type\":\"ListItem\",\"position\":3,\"name\":\"Protector de colch\u00f3n desechable para cama doble PLP de tela no tejida blanco, 140 x 190 cm, paquete de 100\"}]},{\"@type\":\"WebSite\",\"@id\":\"https:\/\/www.csj-emballages.com\/es\/#website\",\"url\":\"https:\/\/www.csj-emballages.com\/es\/\",\"name\":\"CSJ Emballages\",\"description\":\"\",\"publisher\":{\"@id\":\"https:\/\/www.csj-emballages.com\/es\/#organization\"},\"potentialAction\":[{\"@type\":\"SearchAction\",\"target\":{\"@type\":\"EntryPoint\",\"urlTemplate\":\"https:\/\/www.csj-emballages.com\/es\/?s={search_term_string}\"},\"query-input\":{\"@type\":\"PropertyValueSpecification\",\"valueRequired\":true,\"valueName\":\"search_term_string\"}}],\"inLanguage\":\"es\"},{\"@type\":\"Organization\",\"@id\":\"https:\/\/www.csj-emballages.com\/es\/#Organization\/\",\"name\":\"CSJ Emballages\",\"url\":\"https:\/\/www.csj-emballages.com\/es\/\",\"logo\":{\"@type\":\"ImageObject\",\"inLanguage\":\"es\",\"@id\":\"https:\/\/www.csj-emballages.com\/es\/#\/schema\/logo\/image\/\",\"url\":\"https:\/\/www.csj-emballages.com\/wp-content\/uploads\/2023\/10\/logo_csj.webp\",\"contentUrl\":\"https:\/\/www.csj-emballages.com\/wp-content\/uploads\/2023\/10\/logo_csj.webp\",\"width\":250,\"height\":95,\"caption\":\"CSJ Emballages\"},\"image\":{\"@id\":\"https:\/\/www.csj-emballages.com\/es\/#\/schema\/logo\/image\/\"},\"sameAs\":[\"https:\/\/www.facebook.com\/csjemballages\"],\"address\":{\"@type\":\"PostalAddress\",\"streetAddress\":\"ZI La Lechere\",\"addressLocality\":\"Patornay\",\"postalCode\":\"39130\",\"addressCountry\":\"FR\"},\"contactPoint\":[{\"@type\":\"ContactPoint\",\"contactType\":\"Service client\",\"telephone\":\"0384254272\",\"email\":\"contact@csj-emballages.com\"}]}]}<\/script>\n<!-- \/ Yoast SEO Premium plugin. -->","yoast_head_json":{"title":"Protector de colch\u00f3n desechable para cama doble PLP de tela no tejida blanco, 140 x 190 cm","description":"Proteja sus colchones con el protector de colch\u00f3n desechable para cama doble. Resistente, suave e higi\u00e9nico, se ajusta perfectamente gracias a sus el\u00e1sticos en la cabeza y los pies.","robots":{"index":"index","follow":"follow","max-snippet":"max-snippet:-1","max-image-preview":"max-image-preview:large","max-video-preview":"max-video-preview:-1"},"canonical":"https:\/\/www.csj-emballages.com\/es\/produit\/100-cubrecolchones-no-tejidos-blancos-plp-para-2-personas-140-x-190-cm\/","og_locale":"es_ES","og_type":"article","og_title":"Protector de colch\u00f3n desechable para cama doble PLP de tela no tejida blanco, 140 x 190 cm, paquete de 100","og_description":"Proteja sus colchones con el protector de colch\u00f3n desechable para cama doble. Resistente, suave e higi\u00e9nico, se ajusta perfectamente gracias a sus el\u00e1sticos en la cabeza y los pies.","og_url":"https:\/\/www.csj-emballages.com\/es\/produit\/100-cubrecolchones-no-tejidos-blancos-plp-para-2-personas-140-x-190-cm\/","og_site_name":"CSJ Emballages","article_publisher":"https:\/\/www.facebook.com\/csjemballages","article_modified_time":"2026-04-01T00:11:39+00:00","og_image":[{"width":800,"height":800,"url":"https:\/\/www.csj-emballages.com\/wp-content\/uploads\/2024\/03\/Alese-1-pers-1.webp","type":"image\/webp"}],"twitter_card":"summary_large_image","twitter_misc":{"Tiempo de lectura":"1 minuto"},"schema":{"@context":"https:\/\/schema.org","@graph":[{"@type":"WebPage","@id":"https:\/\/www.csj-emballages.com\/es\/produit\/100-cubrecolchones-no-tejidos-blancos-plp-para-2-personas-140-x-190-cm\/","url":"https:\/\/www.csj-emballages.com\/es\/produit\/100-cubrecolchones-no-tejidos-blancos-plp-para-2-personas-140-x-190-cm\/","name":"Protector de colch\u00f3n desechable para cama doble PLP de tela no tejida blanco, 140 x 190 cm","isPartOf":{"@id":"https:\/\/www.csj-emballages.com\/es\/#website"},"primaryImageOfPage":{"@id":"https:\/\/www.csj-emballages.com\/es\/produit\/100-cubrecolchones-no-tejidos-blancos-plp-para-2-personas-140-x-190-cm\/#primaryimage"},"image":{"@id":"https:\/\/www.csj-emballages.com\/es\/produit\/100-cubrecolchones-no-tejidos-blancos-plp-para-2-personas-140-x-190-cm\/#primaryimage"},"thumbnailUrl":"https:\/\/www.csj-emballages.com\/wp-content\/uploads\/2024\/03\/Alese-1-pers-1.webp","datePublished":"2024-03-01T15:57:35+00:00","dateModified":"2026-04-01T00:11:39+00:00","description":"Proteja sus colchones con el protector de colch\u00f3n desechable para cama doble. Resistente, suave e higi\u00e9nico, se ajusta perfectamente gracias a sus el\u00e1sticos en la cabeza y los pies.","breadcrumb":{"@id":"https:\/\/www.csj-emballages.com\/es\/produit\/100-cubrecolchones-no-tejidos-blancos-plp-para-2-personas-140-x-190-cm\/#breadcrumb"},"inLanguage":"es","potentialAction":[{"@type":"ReadAction","target":["https:\/\/www.csj-emballages.com\/es\/produit\/100-cubrecolchones-no-tejidos-blancos-plp-para-2-personas-140-x-190-cm\/"]}]},{"@type":"ImageObject","inLanguage":"es","@id":"https:\/\/www.csj-emballages.com\/es\/produit\/100-cubrecolchones-no-tejidos-blancos-plp-para-2-personas-140-x-190-cm\/#primaryimage","url":"https:\/\/www.csj-emballages.com\/wp-content\/uploads\/2024\/03\/Alese-1-pers-1.webp","contentUrl":"https:\/\/www.csj-emballages.com\/wp-content\/uploads\/2024\/03\/Alese-1-pers-1.webp","width":800,"height":800,"caption":"Al\u00e8se jetable"},{"@type":"BreadcrumbList","@id":"https:\/\/www.csj-emballages.com\/es\/produit\/100-cubrecolchones-no-tejidos-blancos-plp-para-2-personas-140-x-190-cm\/#breadcrumb","itemListElement":[{"@type":"ListItem","position":1,"name":"Accueil","item":"https:\/\/www.csj-emballages.com\/es\/universo-del-envasado-alimentario\/"},{"@type":"ListItem","position":2,"name":"Tienda","item":"https:\/\/www.csj-emballages.com\/tienda\/"},{"@type":"ListItem","position":3,"name":"Protector de colch\u00f3n desechable para cama doble PLP de tela no tejida blanco, 140 x 190 cm, paquete de 100"}]},{"@type":"WebSite","@id":"https:\/\/www.csj-emballages.com\/es\/#website","url":"https:\/\/www.csj-emballages.com\/es\/","name":"CSJ Emballages","description":"","publisher":{"@id":"https:\/\/www.csj-emballages.com\/es\/#organization"},"potentialAction":[{"@type":"SearchAction","target":{"@type":"EntryPoint","urlTemplate":"https:\/\/www.csj-emballages.com\/es\/?s={search_term_string}"},"query-input":{"@type":"PropertyValueSpecification","valueRequired":true,"valueName":"search_term_string"}}],"inLanguage":"es"},{"@type":"Organization","@id":"https:\/\/www.csj-emballages.com\/es\/#Organization\/","name":"CSJ Emballages","url":"https:\/\/www.csj-emballages.com\/es\/","logo":{"@type":"ImageObject","inLanguage":"es","@id":"https:\/\/www.csj-emballages.com\/es\/#\/schema\/logo\/image\/","url":"https:\/\/www.csj-emballages.com\/wp-content\/uploads\/2023\/10\/logo_csj.webp","contentUrl":"https:\/\/www.csj-emballages.com\/wp-content\/uploads\/2023\/10\/logo_csj.webp","width":250,"height":95,"caption":"CSJ Emballages"},"image":{"@id":"https:\/\/www.csj-emballages.com\/es\/#\/schema\/logo\/image\/"},"sameAs":["https:\/\/www.facebook.com\/csjemballages"],"address":{"@type":"PostalAddress","streetAddress":"ZI La Lechere","addressLocality":"Patornay","postalCode":"39130","addressCountry":"FR"},"contactPoint":[{"@type":"ContactPoint","contactType":"Service client","telephone":"0384254272","email":"contact@csj-emballages.com"}]}]}},"df_price":69.85,"df_sale_price":"","df_regular_price":69.85,"df_image_link":"https:\/\/www.csj-emballages.com\/wp-content\/uploads\/2024\/03\/Alese-1-pers-1-300x300.webp","tiered_pricing_type":"fixed","tiered_pricing_fixed_rules":[],"tiered_pricing_percentage_rules":[],"tiered_pricing_minimum":1,"tiered_pricing_roles_data":[],"_links":{"self":[{"href":"https:\/\/www.csj-emballages.com\/es\/wp-json\/wp\/v2\/product\/19075","targetHints":{"allow":["GET"]}}],"collection":[{"href":"https:\/\/www.csj-emballages.com\/es\/wp-json\/wp\/v2\/product"}],"about":[{"href":"https:\/\/www.csj-emballages.com\/es\/wp-json\/wp\/v2\/types\/product"}],"wp:featuredmedia":[{"embeddable":true,"href":"https:\/\/www.csj-emballages.com\/es\/wp-json\/wp\/v2\/media\/221094"}],"wp:attachment":[{"href":"https:\/\/www.csj-emballages.com\/es\/wp-json\/wp\/v2\/media?parent=19075"}],"wp:term":[{"taxonomy":"product_brand","embeddable":true,"href":"https:\/\/www.csj-emballages.com\/es\/wp-json\/wp\/v2\/product_brand?post=19075"},{"taxonomy":"product_cat","embeddable":true,"href":"https:\/\/www.csj-emballages.com\/es\/wp-json\/wp\/v2\/product_cat?post=19075"},{"taxonomy":"product_tag","embeddable":true,"href":"https:\/\/www.csj-emballages.com\/es\/wp-json\/wp\/v2\/product_tag?post=19075"}],"curies":[{"name":"wp","href":"https:\/\/api.w.org\/{rel}","templated":true}]}}